{"id":2960,"date":"2019-12-03T12:58:23","date_gmt":"2019-12-03T12:58:23","guid":{"rendered":"https:\/\/shop.bazarcia.com\/?page_id=2960"},"modified":"2021-09-13T09:44:28","modified_gmt":"2021-09-13T12:44:28","slug":"politica-de-trocas","status":"publish","type":"page","link":"https:\/\/shop.bazarcia.com\/en\/politica-de-trocas\/","title":{"rendered":"Politica de Trocas"},"content":{"rendered":"<div data-elementor-type=\"wp-page\" data-elementor-id=\"2960\" class=\"elementor elementor-2960\">\n\t\t\t\t\t\t<section class=\"elementor-section elementor-top-section elementor-element elementor-element-2626cbe elementor-section-stretched elementor-section-boxed elementor-section-height-default elementor-section-height-default\" data-id=\"2626cbe\" data-element_type=\"section\" data-settings=\"{&quot;stretch_section&quot;:&quot;section-stretched&quot;,&quot;background_background&quot;:&quot;classic&quot;}\">\n\t\t\t\t\t\t<div class=\"elementor-container elementor-column-gap-default\">\n\t\t\t\t\t<div class=\"elementor-column elementor-col-100 elementor-top-column elementor-element elementor-element-db55a0f\" data-id=\"db55a0f\" data-element_type=\"column\">\n\t\t\t<div class=\"elementor-widget-wrap elementor-element-populated\">\n\t\t\t\t\t\t<div class=\"elementor-element elementor-element-3d8d678 elementor-widget elementor-widget-heading\" data-id=\"3d8d678\" data-element_type=\"widget\" data-widget_type=\"heading.default\">\n\t\t\t\t<div class=\"elementor-widget-container\">\n\t\t\t\t\t<h3 class=\"elementor-heading-title elementor-size-default\">POL\u00cdTICA DE TROCAS E DEVOLU\u00c7\u00d5ES<\/h3>\t\t\t\t<\/div>\n\t\t\t\t<\/div>\n\t\t\t\t\t<\/div>\n\t\t<\/div>\n\t\t\t\t\t<\/div>\n\t\t<\/section>\n\t\t\t\t<section class=\"elementor-section elementor-top-section elementor-element elementor-element-71657be elementor-section-boxed elementor-section-height-default elementor-section-height-default\" data-id=\"71657be\" data-element_type=\"section\">\n\t\t\t\t\t\t<div class=\"elementor-container elementor-column-gap-default\">\n\t\t\t\t\t<div class=\"elementor-column elementor-col-100 elementor-top-column elementor-element elementor-element-41434fec\" data-id=\"41434fec\" data-element_type=\"column\">\n\t\t\t<div class=\"elementor-widget-wrap elementor-element-populated\">\n\t\t\t\t\t\t<div class=\"elementor-element elementor-element-169a617b color-scheme-inherit text-left elementor-widget elementor-widget-text-editor\" data-id=\"169a617b\" data-element_type=\"widget\" data-widget_type=\"text-editor.default\">\n\t\t\t\t<div class=\"elementor-widget-container\">\n\t\t\t\t\t\t\t\t\t<p><b>POL\u00cdTICAS DE TROCAS E DEVOLU\u00c7\u00d5ES<\/b><\/p><p><span style=\"font-weight: 400;\">Este site, cujo endere\u00e7o \u00e9 <\/span><a href=\"http:\/\/www.bazardobordado.com\"><span style=\"font-weight: 400;\">www.bazardobordado.com<\/span><\/a><span style=\"font-weight: 400;\"> (\u201cBAZAR DO BORDADO\u201d ou \u201cplataforma\u201d) \u00e9 de propriedade, mantido e controlado por BAZAR DO BORDADO COSTURA E COM\u00c9RCIO LTDA., inscrita no CNPJ sob o n. 35.204.265\/0001-96, com sede em Rua das Am\u00e9ricas, S\/N, Qd. 69, Lt.13, Parque Jo\u00e3o Braz, Cidade Industrial, Goi\u00e2nia &#8211; GO, CEP 74483-030.<\/span><\/p><p><span style=\"font-weight: 400;\">Este documento visa prestar informa\u00e7\u00f5es sobre as pol\u00edticas de devolu\u00e7\u00f5es da plataforma, como dever\u00e3o ser exercidos direitos relacionados a troca de produtos e suas condi\u00e7\u00f5es. Alertamos que todo o texto deve ser lido com aten\u00e7\u00e3o e, caso voc\u00ea, como Usu\u00e1rio Comprador, n\u00e3o concorde com o conte\u00fado aqui disposto, n\u00e3o realize compras no site citado.\u00a0<\/span><\/p><p><span style=\"font-weight: 400;\">Ainda, \u00e9 condi\u00e7\u00e3o essencial para uso do site, pelo Usu\u00e1rio Vendedor, o respeito \u00e0s regras de troca aqui institu\u00eddas, assim como \u00e0 legisla\u00e7\u00e3o consumerista vigente.<\/span><\/p><ol><li><b>1.1 DATA DE DISPONIBILIZA\u00c7\u00c3O DO TEXTO<\/b><\/li><\/ol><p><span style=\"font-weight: 400;\">O presente documento foi redigido e disponibilizado em <\/span><span style=\"font-weight: 400;\">19\/08\/2020.<\/span><\/p><ol start=\"2\"><li><b>2. EXPLICA\u00c7\u00c3O DOS TERMOS T\u00c9CNICOS<\/b><\/li><\/ol><p><span style=\"font-weight: 400;\">Usu\u00e1rio: Denomina\u00e7\u00e3o em conjunto dos Usu\u00e1rios Vendedores e Usu\u00e1rios Compradores.<\/span><\/p><p><span style=\"font-weight: 400;\">Usu\u00e1rio Comprador: Pessoa f\u00edsica ou jur\u00eddica cadastrada no <\/span><b>BAZAR DO BORDADO<\/b><span style=\"font-weight: 400;\"> que est\u00e1 interessada ou realiza compras de produtos e\/ou servi\u00e7os disponibilizados pelos Usu\u00e1rios Vendedores.<\/span><\/p><p><span style=\"font-weight: 400;\">Usu\u00e1rio Vendedor: Pessoa f\u00edsica ou jur\u00eddica cadastrada no <\/span><b>BAZAR DO BORDADO<\/b><span style=\"font-weight: 400;\"> que divulga seus produtos e\/ou servi\u00e7os no site.\u00a0<\/span><\/p><p><span style=\"font-weight: 400;\">Vale compras: O vale compras proveniente de troca de produtos, em qualquer situa\u00e7\u00e3o, d\u00e1 ao Usu\u00e1rio Comprador o direito de fazer novas aquisi\u00e7\u00f5es apenas dentro da loja na qual foi realizado o pedido trocado. O vale-compras correspondente a troca de produtos n\u00e3o d\u00e1 direito a novas compras dentro de outras lojas parceiras do <\/span><b>BAZAR DO BORDADO<\/b><span style=\"font-weight: 400;\">.<\/span><\/p><ol start=\"3\"><li><b>3. TROCAS E DEVOLU\u00c7\u00d5ES<\/b><\/li><\/ol><p><span style=\"font-weight: 400;\">3.1.\u00a0 Todos os produtos\/servi\u00e7os oferecidos por meio da Plataforma, bem como informa\u00e7\u00f5es detalhadas, pre\u00e7os, descontos e estoque s\u00e3o de inteira responsabilidade do Usu\u00e1rio Vendedor\u00a0 que as ofertou. Sendo assim, situa\u00e7\u00f5es como troca e devolu\u00e7\u00e3o de produtos devem ser resolvidas pelo Usu\u00e1rio Comprador diretamente e exclusivamente com o Usu\u00e1rio Vendedor que comercializou o produto.\u00a0<\/span><\/p><p><span style=\"font-weight: 400;\">3.2. <\/span><b>Trocas por defeitos ou v\u00edcios no produto:<\/b><span style=\"font-weight: 400;\"> Em caso de produto com defeito, o Usu\u00e1rio tem at\u00e9 30 (trinta) dias corridos, no caso de bens n\u00e3o dur\u00e1veis, e 90 (noventa) dias corridos, no caso de bens dur\u00e1veis, para contatar o Usu\u00e1rio Vendedor que realizou a transa\u00e7\u00e3o e requerer a devolu\u00e7\u00e3o do objeto seguindo as normas exigidas.\u00a0<\/span><\/p><p><span style=\"font-weight: 400;\">3.2.1. O Usu\u00e1rio Vendedor analisar\u00e1 o produto defeituoso, que n\u00e3o deve apresentar marcas de uso e, identificado o defeito, o Usu\u00e1rio Comprador poder\u00e1 troc\u00e1-lo por um item similar, desde que a loja o tenha em estoque, caso contr\u00e1rio, o Usu\u00e1rio ir\u00e1 receber o reembolso dos valores pagos, ou, se for essa sua prefer\u00eancia, um vale-compras na loja do mesmo Usu\u00e1rio Vendedor, correspondente ao valor total da compra realizada na Plataforma.<\/span><\/p><p><span style=\"font-weight: 400;\">3.3. <\/span><b>Direito de Arrependimento do Usu\u00e1rio Comprador<\/b><b>:<\/b><span style=\"font-weight: 400;\"> De acordo com o C\u00f3digo de Defesa do Consumidor, compras online d\u00e3o o direito ao Usu\u00e1rio Comprador de desistir da compra em at\u00e9 7 (sete) dias. Portanto, caso o Usu\u00e1rio Comprador solicite o reembolso dentro desse prazo, o valor integral da compra, incluindo demais despesas, como o frete, ser\u00e1 devolvido. Ainda poder\u00e1 ser oferecido, caso seja a prefer\u00eancia do Usu\u00e1rio Comprador, um vale compras para que o valor seja usado na mesma loja parceira onde realizou a compra arrependida.<\/span><\/p><p><span style=\"font-weight: 400;\">3.4. <\/span><b>Recusa da entrega:<\/b><span style=\"font-weight: 400;\"> O Usu\u00e1rio Comprador poder\u00e1 recusar o produto no ato de sua entrega, anotando sua motiva\u00e7\u00e3o no verso da Nota Fiscal (Danfe), quando:<\/span><\/p><p><span style=\"font-weight: 400;\">3.4.1. A embalagem estiver visivelmente aberta ou avariada, por exemplo, muito amassada ou molhada;<\/span><\/p><p><span style=\"font-weight: 400;\">3.4.2. O produto estiver visivelmente quebrado, amassado, riscado ou danificado, ou lhe faltarem pe\u00e7as;<\/span><\/p><p><span style=\"font-weight: 400;\">3.4.3. O produto for visivelmente diferente do que voc\u00ea comprou.\u00a0<\/span><\/p><ol start=\"4\"><li><b>4. CONTATO<\/b><\/li><\/ol><p><span style=\"font-weight: 400;\">4.1. Como j\u00e1 explicado, em casos de trocas ou devolu\u00e7\u00f5es o Usu\u00e1rio Comprador dever\u00e1 contatar diretamente o Usu\u00e1rio Vendedor que realizou a transa\u00e7\u00e3o. Este Usu\u00e1rio Vendedor ir\u00e1 informar todos os procedimentos para que a devolu\u00e7\u00e3o seja realizada e ter\u00e1 a responsabilidade de avaliar o produto nos casos de trocas por defeitos. Confira como entrar em contato com o Usu\u00e1rio Vendedor neste <\/span><a href=\"https:\/\/youtu.be\/b5A03PwL60I\"><span style=\"font-weight: 400;\">v\u00eddeo<\/span><\/a><span style=\"font-weight: 400;\">.<\/span><\/p><p><span style=\"font-weight: 400;\">4.2. Ainda, o <\/span><b>BAZAR DO BORDADO <\/b><span style=\"font-weight: 400;\">disponibiliza o seguinte canaL para receber todas as comunica\u00e7\u00f5es que os Usu\u00e1rios desejarem fazer, e-mail: contato@bazardobordado.com\u00a0<\/span><\/p>\t\t\t\t\t\t\t\t<\/div>\n\t\t\t\t<\/div>\n\t\t\t\t\t<\/div>\n\t\t<\/div>\n\t\t\t\t\t<\/div>\n\t\t<\/section>\n\t\t\t\t<\/div>","protected":false},"excerpt":{"rendered":"<p>POL\u00cdTICA DE TROCAS E DEVOLU\u00c7\u00d5ES POL\u00cdTICAS DE TROCAS E DEVOLU\u00c7\u00d5ES Este site, cujo endere\u00e7o \u00e9 www.bazardobordado.com (\u201cBAZAR DO BORDADO\u201d ou<\/p>","protected":false},"author":22,"featured_media":0,"parent":0,"menu_order":0,"comment_status":"closed","ping_status":"closed","template":"page-text.php","meta":{"_acf_changed":false,"_joinchat":[],"footnotes":""},"class_list":["post-2960","page","type-page","status-publish","hentry"],"acf":[],"yoast_head":"<!-- This site is optimized with the Yoast SEO plugin v27.2 - https:\/\/yoast.com\/product\/yoast-seo-wordpress\/ -->\n<title>Politica de Trocas - \ud835\udc1b\ud835\udc1a\ud835\udc33\ud835\udc1a\ud835\udc2b &amp; \ud835\udc1c\ud835\udc22\ud835\udc1a<\/title>\n<meta name=\"robots\" content=\"index, follow, max-snippet:-1, max-image-preview:large, max-video-preview:-1\" \/>\n<link rel=\"canonical\" href=\"https:\/\/shop.bazarcia.com\/en\/politica-de-trocas\/\" \/>\n<meta property=\"og:locale\" content=\"en_US\" \/>\n<meta property=\"og:type\" content=\"article\" \/>\n<meta property=\"og:title\" content=\"Politica de Trocas - \ud835\udc1b\ud835\udc1a\ud835\udc33\ud835\udc1a\ud835\udc2b &amp; \ud835\udc1c\ud835\udc22\ud835\udc1a\" \/>\n<meta property=\"og:description\" content=\"POL\u00cdTICA DE TROCAS E DEVOLU\u00c7\u00d5ES POL\u00cdTICAS DE TROCAS E DEVOLU\u00c7\u00d5ES Este site, cujo endere\u00e7o \u00e9 www.bazardobordado.com (\u201cBAZAR DO BORDADO\u201d ou\" \/>\n<meta property=\"og:url\" content=\"https:\/\/shop.bazarcia.com\/en\/politica-de-trocas\/\" \/>\n<meta property=\"og:site_name\" content=\"\ud835\udc1b\ud835\udc1a\ud835\udc33\ud835\udc1a\ud835\udc2b &amp; \ud835\udc1c\ud835\udc22\ud835\udc1a\" \/>\n<meta property=\"article:publisher\" content=\"https:\/\/www.facebook.com\/shopbazarcia\" \/>\n<meta property=\"article:modified_time\" content=\"2021-09-13T12:44:28+00:00\" \/>\n<meta property=\"og:image\" content=\"https:\/\/shop.bazarcia.com\/wp-content\/uploads\/2024\/02\/cropped-logo_bazarcia.png\" \/>\n\t<meta property=\"og:image:width\" content=\"150\" \/>\n\t<meta property=\"og:image:height\" content=\"150\" \/>\n\t<meta property=\"og:image:type\" content=\"image\/png\" \/>\n<meta name=\"twitter:card\" content=\"summary_large_image\" \/>\n<meta name=\"twitter:label1\" content=\"Est. reading time\" \/>\n\t<meta name=\"twitter:data1\" content=\"4 minutes\" \/>\n<script type=\"application\/ld+json\" class=\"yoast-schema-graph\">{\"@context\":\"https:\/\/schema.org\",\"@graph\":[{\"@type\":\"WebPage\",\"@id\":\"https:\/\/shop.bazarcia.com\/politica-de-trocas\/\",\"url\":\"https:\/\/shop.bazarcia.com\/politica-de-trocas\/\",\"name\":\"Politica de Trocas - \ud835\udc1b\ud835\udc1a\ud835\udc33\ud835\udc1a\ud835\udc2b &amp; \ud835\udc1c\ud835\udc22\ud835\udc1a\",\"isPartOf\":{\"@id\":\"https:\/\/shop.bazarcia.com\/#website\"},\"datePublished\":\"2019-12-03T12:58:23+00:00\",\"dateModified\":\"2021-09-13T12:44:28+00:00\",\"breadcrumb\":{\"@id\":\"https:\/\/shop.bazarcia.com\/politica-de-trocas\/#breadcrumb\"},\"inLanguage\":\"en-US\",\"potentialAction\":[{\"@type\":\"ReadAction\",\"target\":[\"https:\/\/shop.bazarcia.com\/politica-de-trocas\/\"]}]},{\"@type\":\"BreadcrumbList\",\"@id\":\"https:\/\/shop.bazarcia.com\/politica-de-trocas\/#breadcrumb\",\"itemListElement\":[{\"@type\":\"ListItem\",\"position\":1,\"name\":\"In\u00edcio\",\"item\":\"https:\/\/shop.bazarcia.com\/\"},{\"@type\":\"ListItem\",\"position\":2,\"name\":\"Politica de Trocas\"}]},{\"@type\":\"WebSite\",\"@id\":\"https:\/\/shop.bazarcia.com\/#website\",\"url\":\"https:\/\/shop.bazarcia.com\/\",\"name\":\"Bazar & Cia\",\"description\":\"criatividade ponto a ponto\",\"publisher\":{\"@id\":\"https:\/\/shop.bazarcia.com\/#organization\"},\"potentialAction\":[{\"@type\":\"SearchAction\",\"target\":{\"@type\":\"EntryPoint\",\"urlTemplate\":\"https:\/\/shop.bazarcia.com\/?s={search_term_string}\"},\"query-input\":{\"@type\":\"PropertyValueSpecification\",\"valueRequired\":true,\"valueName\":\"search_term_string\"}}],\"inLanguage\":\"en-US\"},{\"@type\":\"Organization\",\"@id\":\"https:\/\/shop.bazarcia.com\/#organization\",\"name\":\"Bazar & Cia\",\"url\":\"https:\/\/shop.bazarcia.com\/\",\"logo\":{\"@type\":\"ImageObject\",\"inLanguage\":\"en-US\",\"@id\":\"https:\/\/shop.bazarcia.com\/#\/schema\/logo\/image\/\",\"url\":\"https:\/\/shop.bazarcia.com\/wp-content\/uploads\/2024\/02\/cropped-logo_bazarcia.png\",\"contentUrl\":\"https:\/\/shop.bazarcia.com\/wp-content\/uploads\/2024\/02\/cropped-logo_bazarcia.png\",\"width\":150,\"height\":150,\"caption\":\"Bazar & Cia\"},\"image\":{\"@id\":\"https:\/\/shop.bazarcia.com\/#\/schema\/logo\/image\/\"},\"sameAs\":[\"https:\/\/www.facebook.com\/shopbazarcia\",\"https:\/\/www.instagram.com\/shopbazarcia\",\"https:\/\/br.pinterest.com\/suzane_eloise\/\",\"https:\/\/www.youtube.com\/c\/BazardoBordadoMatrizeseProjetos\"]}]}<\/script>\n<!-- \/ Yoast SEO plugin. -->","yoast_head_json":{"title":"Politica de Trocas - \ud835\udc1b\ud835\udc1a\ud835\udc33\ud835\udc1a\ud835\udc2b &amp; \ud835\udc1c\ud835\udc22\ud835\udc1a","robots":{"index":"index","follow":"follow","max-snippet":"max-snippet:-1","max-image-preview":"max-image-preview:large","max-video-preview":"max-video-preview:-1"},"canonical":"https:\/\/shop.bazarcia.com\/en\/politica-de-trocas\/","og_locale":"en_US","og_type":"article","og_title":"Politica de Trocas - \ud835\udc1b\ud835\udc1a\ud835\udc33\ud835\udc1a\ud835\udc2b &amp; \ud835\udc1c\ud835\udc22\ud835\udc1a","og_description":"POL\u00cdTICA DE TROCAS E DEVOLU\u00c7\u00d5ES POL\u00cdTICAS DE TROCAS E DEVOLU\u00c7\u00d5ES Este site, cujo endere\u00e7o \u00e9 www.bazardobordado.com (\u201cBAZAR DO BORDADO\u201d ou","og_url":"https:\/\/shop.bazarcia.com\/en\/politica-de-trocas\/","og_site_name":"\ud835\udc1b\ud835\udc1a\ud835\udc33\ud835\udc1a\ud835\udc2b &amp; \ud835\udc1c\ud835\udc22\ud835\udc1a","article_publisher":"https:\/\/www.facebook.com\/shopbazarcia","article_modified_time":"2021-09-13T12:44:28+00:00","og_image":[{"width":150,"height":150,"url":"https:\/\/shop.bazarcia.com\/wp-content\/uploads\/2024\/02\/cropped-logo_bazarcia.png","type":"image\/png"}],"twitter_card":"summary_large_image","twitter_misc":{"Est. reading time":"4 minutes"},"schema":{"@context":"https:\/\/schema.org","@graph":[{"@type":"WebPage","@id":"https:\/\/shop.bazarcia.com\/politica-de-trocas\/","url":"https:\/\/shop.bazarcia.com\/politica-de-trocas\/","name":"Politica de Trocas - \ud835\udc1b\ud835\udc1a\ud835\udc33\ud835\udc1a\ud835\udc2b &amp; \ud835\udc1c\ud835\udc22\ud835\udc1a","isPartOf":{"@id":"https:\/\/shop.bazarcia.com\/#website"},"datePublished":"2019-12-03T12:58:23+00:00","dateModified":"2021-09-13T12:44:28+00:00","breadcrumb":{"@id":"https:\/\/shop.bazarcia.com\/politica-de-trocas\/#breadcrumb"},"inLanguage":"en-US","potentialAction":[{"@type":"ReadAction","target":["https:\/\/shop.bazarcia.com\/politica-de-trocas\/"]}]},{"@type":"BreadcrumbList","@id":"https:\/\/shop.bazarcia.com\/politica-de-trocas\/#breadcrumb","itemListElement":[{"@type":"ListItem","position":1,"name":"In\u00edcio","item":"https:\/\/shop.bazarcia.com\/"},{"@type":"ListItem","position":2,"name":"Politica de Trocas"}]},{"@type":"WebSite","@id":"https:\/\/shop.bazarcia.com\/#website","url":"https:\/\/shop.bazarcia.com\/","name":"Bazar & Cia","description":"criatividade ponto a ponto","publisher":{"@id":"https:\/\/shop.bazarcia.com\/#organization"},"potentialAction":[{"@type":"SearchAction","target":{"@type":"EntryPoint","urlTemplate":"https:\/\/shop.bazarcia.com\/?s={search_term_string}"},"query-input":{"@type":"PropertyValueSpecification","valueRequired":true,"valueName":"search_term_string"}}],"inLanguage":"en-US"},{"@type":"Organization","@id":"https:\/\/shop.bazarcia.com\/#organization","name":"Bazar & Cia","url":"https:\/\/shop.bazarcia.com\/","logo":{"@type":"ImageObject","inLanguage":"en-US","@id":"https:\/\/shop.bazarcia.com\/#\/schema\/logo\/image\/","url":"https:\/\/shop.bazarcia.com\/wp-content\/uploads\/2024\/02\/cropped-logo_bazarcia.png","contentUrl":"https:\/\/shop.bazarcia.com\/wp-content\/uploads\/2024\/02\/cropped-logo_bazarcia.png","width":150,"height":150,"caption":"Bazar & Cia"},"image":{"@id":"https:\/\/shop.bazarcia.com\/#\/schema\/logo\/image\/"},"sameAs":["https:\/\/www.facebook.com\/shopbazarcia","https:\/\/www.instagram.com\/shopbazarcia","https:\/\/br.pinterest.com\/suzane_eloise\/","https:\/\/www.youtube.com\/c\/BazardoBordadoMatrizeseProjetos"]}]}},"_links":{"self":[{"href":"https:\/\/shop.bazarcia.com\/en\/wp-json\/wp\/v2\/pages\/2960","targetHints":{"allow":["GET"]}}],"collection":[{"href":"https:\/\/shop.bazarcia.com\/en\/wp-json\/wp\/v2\/pages"}],"about":[{"href":"https:\/\/shop.bazarcia.com\/en\/wp-json\/wp\/v2\/types\/page"}],"author":[{"embeddable":true,"href":"https:\/\/shop.bazarcia.com\/en\/wp-json\/wp\/v2\/users\/22"}],"replies":[{"embeddable":true,"href":"https:\/\/shop.bazarcia.com\/en\/wp-json\/wp\/v2\/comments?post=2960"}],"version-history":[{"count":0,"href":"https:\/\/shop.bazarcia.com\/en\/wp-json\/wp\/v2\/pages\/2960\/revisions"}],"wp:attachment":[{"href":"https:\/\/shop.bazarcia.com\/en\/wp-json\/wp\/v2\/media?parent=2960"}],"curies":[{"name":"wp","href":"https:\/\/api.w.org\/{rel}","templated":true}]}}