{"id":101962,"date":"2021-06-07T22:15:24","date_gmt":"2021-06-08T01:15:24","guid":{"rendered":"https:\/\/shop.bazarcia.com\/?post_type=product&#038;p=101962"},"modified":"2023-11-21T01:37:55","modified_gmt":"2023-11-21T04:37:55","slug":"matrizes-de-bordado-colecao-boho","status":"publish","type":"product","link":"https:\/\/shop.bazarcia.com\/en\/product\/matrizes-de-bordado-colecao-boho\/","title":{"rendered":"Matrizes de Bordado &#8211; Cole\u00e7\u00e3o Boho"},"content":{"rendered":"<p>Tamanhos:<\/p>\n<p>Arco \u00cdris Boho Pendurado (8,5 e 10 cm)<\/p>\n<p>Arco \u00cdris Pontos Leves Boho (5 e 10 cm)<\/p>\n<p>Bandeirola Boho (10 e 13 cm)<\/p>\n<p>Cesto Beb\u00ea Boho (10 e 13 cm)<\/p>\n<p>Coelhinha Boho (6 e 10 cm)<\/p>\n<p>Cubos Boho (4 cm)<\/p>\n<p>Elefante Boho (7 e 10 cm)<\/p>\n<p>Folhagem Boho (5 cm)<\/p>\n<p>Folhagem Boho 2 (4 cm)<\/p>\n<p>Le\u00e3o Boho (6 e 10 cm)<\/p>\n<p>Le\u00e3o Enfeite Boho (10 cm)<\/p>\n<p>Lua Boho (8 cm)<\/p>\n<p>Macac\u00e3o Boho (8 e 10 cm)<\/p>\n<p>Macac\u00e3o Menina Boho (8 e 10 cm)<\/p>\n<p>Mini Estrela Boho (4 cm)<\/p>\n<p>Mordedor Ursinho (3 e 5 cm)<\/p>\n<p>Pendurador Boho (10 e 13 cm)<\/p>\n<p>Pendurador Enfeite Boho (10 cm)<\/p>\n<p>Prateleira Boho (7 e 10 cm)<\/p>\n<p>Quadro Lua Boho (5 cm)<\/p>\n<p>Quadro Sol Boho (5 cm)<\/p>\n<p>Sapatinho Boho (3,5 cm)<\/p>","protected":false},"excerpt":{"rendered":"<p>Os arquivos encontram-se em pasta compactada(ZIP), sendo necess\u00e1rio descompactar.<\/p>\n<p>Os mesmos s\u00e3o compat\u00edveis com v\u00e1rios tipos e modelos de m\u00e1quinas, com os seguintes formatos .<\/p>\n<p>PES \u2013 HUS &#8211; VP3 &#8211; XXX &#8211; JEF \u2013 EXP \u2013 DST .<\/p>","protected":false},"featured_media":102274,"comment_status":"open","ping_status":"closed","template":"","meta":{"_acf_changed":false,"_joinchat":[]},"product_brand":[],"product_cat":[1066,1646],"product_tag":[],"class_list":{"0":"post-101962","1":"product","2":"type-product","3":"status-publish","4":"has-post-thumbnail","6":"product_cat-colecoes-matrizes-de-bordado","7":"product_cat-estilo-boho","9":"first","10":"instock","11":"downloadable","12":"virtual","13":"purchasable","14":"product-type-simple"},"acf":[],"yoast_head":"<!-- This site is optimized with the Yoast SEO plugin v27.2 - https:\/\/yoast.com\/product\/yoast-seo-wordpress\/ -->\n<title>Matrizes de Bordado Boho Baby | 23 desenhos para bordar<\/title>\n<meta name=\"description\" content=\"Lindas matrizes de bordado boho, s\u00e3o 23 arquivos para download imediato ap\u00f3s a confirma\u00e7\u00e3o do pagamento! Acesse nosso site e confira! Matrizes em v\u00e1rios formatos!\" \/>\n<meta name=\"robots\" content=\"index, follow, max-snippet:-1, max-image-preview:large, max-video-preview:-1\" \/>\n<link rel=\"canonical\" href=\"https:\/\/shop.bazarcia.com\/en\/product\/matrizes-de-bordado-colecao-boho\/\" \/>\n<meta property=\"og:locale\" content=\"en_US\" \/>\n<meta property=\"og:type\" content=\"article\" \/>\n<meta property=\"og:title\" content=\"Matrizes de Bordado Boho Baby | 23 desenhos para bordar\" \/>\n<meta property=\"og:description\" content=\"Lindas matrizes de bordado boho, s\u00e3o 23 arquivos para download imediato ap\u00f3s a confirma\u00e7\u00e3o do pagamento! Acesse nosso site e confira! Matrizes em v\u00e1rios formatos!\" \/>\n<meta property=\"og:url\" content=\"https:\/\/shop.bazarcia.com\/en\/product\/matrizes-de-bordado-colecao-boho\/\" \/>\n<meta property=\"og:site_name\" content=\"\ud835\udc1b\ud835\udc1a\ud835\udc33\ud835\udc1a\ud835\udc2b &amp; \ud835\udc1c\ud835\udc22\ud835\udc1a\" \/>\n<meta property=\"article:publisher\" content=\"https:\/\/www.facebook.com\/shopbazarcia\" \/>\n<meta property=\"article:modified_time\" content=\"2023-11-21T04:37:55+00:00\" \/>\n<meta property=\"og:image\" content=\"https:\/\/shop.bazarcia.com\/wp-content\/uploads\/2021\/06\/matriz-de-bordado-boho-baby.png\" \/>\n\t<meta property=\"og:image:width\" content=\"1080\" \/>\n\t<meta property=\"og:image:height\" content=\"1080\" \/>\n\t<meta property=\"og:image:type\" content=\"image\/png\" \/>\n<meta name=\"twitter:card\" content=\"summary_large_image\" \/>\n<meta name=\"twitter:label1\" content=\"Est. reading time\" \/>\n\t<meta name=\"twitter:data1\" content=\"1 minute\" \/>\n<script type=\"application\/ld+json\" class=\"yoast-schema-graph\">{\"@context\":\"https:\/\/schema.org\",\"@graph\":[{\"@type\":\"WebPage\",\"@id\":\"https:\/\/shop.bazarcia.com\/en\/product\/matrizes-de-bordado-colecao-boho\/\",\"url\":\"https:\/\/shop.bazarcia.com\/en\/product\/matrizes-de-bordado-colecao-boho\/\",\"name\":\"Matrizes de Bordado Boho Baby | 23 desenhos para bordar\",\"isPartOf\":{\"@id\":\"https:\/\/shop.bazarcia.com\/#website\"},\"primaryImageOfPage\":{\"@id\":\"https:\/\/shop.bazarcia.com\/en\/product\/matrizes-de-bordado-colecao-boho\/#primaryimage\"},\"image\":{\"@id\":\"https:\/\/shop.bazarcia.com\/en\/product\/matrizes-de-bordado-colecao-boho\/#primaryimage\"},\"thumbnailUrl\":\"https:\/\/shop.bazarcia.com\/wp-content\/uploads\/2021\/06\/matriz-de-bordado-boho-baby.png\",\"datePublished\":\"2021-06-08T01:15:24+00:00\",\"dateModified\":\"2023-11-21T04:37:55+00:00\",\"description\":\"Lindas matrizes de bordado boho, s\u00e3o 23 arquivos para download imediato ap\u00f3s a confirma\u00e7\u00e3o do pagamento! Acesse nosso site e confira! Matrizes em v\u00e1rios formatos!\",\"breadcrumb\":{\"@id\":\"https:\/\/shop.bazarcia.com\/en\/product\/matrizes-de-bordado-colecao-boho\/#breadcrumb\"},\"inLanguage\":\"en-US\",\"potentialAction\":[{\"@type\":\"ReadAction\",\"target\":[\"https:\/\/shop.bazarcia.com\/en\/product\/matrizes-de-bordado-colecao-boho\/\"]}]},{\"@type\":\"ImageObject\",\"inLanguage\":\"en-US\",\"@id\":\"https:\/\/shop.bazarcia.com\/en\/product\/matrizes-de-bordado-colecao-boho\/#primaryimage\",\"url\":\"https:\/\/shop.bazarcia.com\/wp-content\/uploads\/2021\/06\/matriz-de-bordado-boho-baby.png\",\"contentUrl\":\"https:\/\/shop.bazarcia.com\/wp-content\/uploads\/2021\/06\/matriz-de-bordado-boho-baby.png\",\"width\":1080,\"height\":1080,\"caption\":\"Matrizes de Bordado\"},{\"@type\":\"BreadcrumbList\",\"@id\":\"https:\/\/shop.bazarcia.com\/en\/product\/matrizes-de-bordado-colecao-boho\/#breadcrumb\",\"itemListElement\":[{\"@type\":\"ListItem\",\"position\":1,\"name\":\"In\u00edcio\",\"item\":\"https:\/\/shop.bazarcia.com\/\"},{\"@type\":\"ListItem\",\"position\":2,\"name\":\"Loja\",\"item\":\"https:\/\/shop.bazarcia.com\/loja\/\"},{\"@type\":\"ListItem\",\"position\":3,\"name\":\"Matrizes de Bordado &#8211; Cole\u00e7\u00e3o Boho\"}]},{\"@type\":\"WebSite\",\"@id\":\"https:\/\/shop.bazarcia.com\/#website\",\"url\":\"https:\/\/shop.bazarcia.com\/\",\"name\":\"Bazar & Cia\",\"description\":\"criatividade ponto a ponto\",\"publisher\":{\"@id\":\"https:\/\/shop.bazarcia.com\/#organization\"},\"potentialAction\":[{\"@type\":\"SearchAction\",\"target\":{\"@type\":\"EntryPoint\",\"urlTemplate\":\"https:\/\/shop.bazarcia.com\/?s={search_term_string}\"},\"query-input\":{\"@type\":\"PropertyValueSpecification\",\"valueRequired\":true,\"valueName\":\"search_term_string\"}}],\"inLanguage\":\"en-US\"},{\"@type\":\"Organization\",\"@id\":\"https:\/\/shop.bazarcia.com\/#organization\",\"name\":\"Bazar & Cia\",\"url\":\"https:\/\/shop.bazarcia.com\/\",\"logo\":{\"@type\":\"ImageObject\",\"inLanguage\":\"en-US\",\"@id\":\"https:\/\/shop.bazarcia.com\/#\/schema\/logo\/image\/\",\"url\":\"https:\/\/shop.bazarcia.com\/wp-content\/uploads\/2024\/02\/cropped-logo_bazarcia.png\",\"contentUrl\":\"https:\/\/shop.bazarcia.com\/wp-content\/uploads\/2024\/02\/cropped-logo_bazarcia.png\",\"width\":150,\"height\":150,\"caption\":\"Bazar & Cia\"},\"image\":{\"@id\":\"https:\/\/shop.bazarcia.com\/#\/schema\/logo\/image\/\"},\"sameAs\":[\"https:\/\/www.facebook.com\/shopbazarcia\",\"https:\/\/www.instagram.com\/shopbazarcia\",\"https:\/\/br.pinterest.com\/suzane_eloise\/\",\"https:\/\/www.youtube.com\/c\/BazardoBordadoMatrizeseProjetos\"]}]}<\/script>\n<!-- \/ Yoast SEO plugin. -->","yoast_head_json":{"title":"Matrizes de Bordado Boho Baby | 23 desenhos para bordar","description":"Lindas matrizes de bordado boho, s\u00e3o 23 arquivos para download imediato ap\u00f3s a confirma\u00e7\u00e3o do pagamento! Acesse nosso site e confira! Matrizes em v\u00e1rios formatos!","robots":{"index":"index","follow":"follow","max-snippet":"max-snippet:-1","max-image-preview":"max-image-preview:large","max-video-preview":"max-video-preview:-1"},"canonical":"https:\/\/shop.bazarcia.com\/en\/product\/matrizes-de-bordado-colecao-boho\/","og_locale":"en_US","og_type":"article","og_title":"Matrizes de Bordado Boho Baby | 23 desenhos para bordar","og_description":"Lindas matrizes de bordado boho, s\u00e3o 23 arquivos para download imediato ap\u00f3s a confirma\u00e7\u00e3o do pagamento! Acesse nosso site e confira! Matrizes em v\u00e1rios formatos!","og_url":"https:\/\/shop.bazarcia.com\/en\/product\/matrizes-de-bordado-colecao-boho\/","og_site_name":"\ud835\udc1b\ud835\udc1a\ud835\udc33\ud835\udc1a\ud835\udc2b &amp; \ud835\udc1c\ud835\udc22\ud835\udc1a","article_publisher":"https:\/\/www.facebook.com\/shopbazarcia","article_modified_time":"2023-11-21T04:37:55+00:00","og_image":[{"width":1080,"height":1080,"url":"https:\/\/shop.bazarcia.com\/wp-content\/uploads\/2021\/06\/matriz-de-bordado-boho-baby.png","type":"image\/png"}],"twitter_card":"summary_large_image","twitter_misc":{"Est. reading time":"1 minute"},"schema":{"@context":"https:\/\/schema.org","@graph":[{"@type":"WebPage","@id":"https:\/\/shop.bazarcia.com\/en\/product\/matrizes-de-bordado-colecao-boho\/","url":"https:\/\/shop.bazarcia.com\/en\/product\/matrizes-de-bordado-colecao-boho\/","name":"Matrizes de Bordado Boho Baby | 23 desenhos para bordar","isPartOf":{"@id":"https:\/\/shop.bazarcia.com\/#website"},"primaryImageOfPage":{"@id":"https:\/\/shop.bazarcia.com\/en\/product\/matrizes-de-bordado-colecao-boho\/#primaryimage"},"image":{"@id":"https:\/\/shop.bazarcia.com\/en\/product\/matrizes-de-bordado-colecao-boho\/#primaryimage"},"thumbnailUrl":"https:\/\/shop.bazarcia.com\/wp-content\/uploads\/2021\/06\/matriz-de-bordado-boho-baby.png","datePublished":"2021-06-08T01:15:24+00:00","dateModified":"2023-11-21T04:37:55+00:00","description":"Lindas matrizes de bordado boho, s\u00e3o 23 arquivos para download imediato ap\u00f3s a confirma\u00e7\u00e3o do pagamento! Acesse nosso site e confira! Matrizes em v\u00e1rios formatos!","breadcrumb":{"@id":"https:\/\/shop.bazarcia.com\/en\/product\/matrizes-de-bordado-colecao-boho\/#breadcrumb"},"inLanguage":"en-US","potentialAction":[{"@type":"ReadAction","target":["https:\/\/shop.bazarcia.com\/en\/product\/matrizes-de-bordado-colecao-boho\/"]}]},{"@type":"ImageObject","inLanguage":"en-US","@id":"https:\/\/shop.bazarcia.com\/en\/product\/matrizes-de-bordado-colecao-boho\/#primaryimage","url":"https:\/\/shop.bazarcia.com\/wp-content\/uploads\/2021\/06\/matriz-de-bordado-boho-baby.png","contentUrl":"https:\/\/shop.bazarcia.com\/wp-content\/uploads\/2021\/06\/matriz-de-bordado-boho-baby.png","width":1080,"height":1080,"caption":"Matrizes de Bordado"},{"@type":"BreadcrumbList","@id":"https:\/\/shop.bazarcia.com\/en\/product\/matrizes-de-bordado-colecao-boho\/#breadcrumb","itemListElement":[{"@type":"ListItem","position":1,"name":"In\u00edcio","item":"https:\/\/shop.bazarcia.com\/"},{"@type":"ListItem","position":2,"name":"Loja","item":"https:\/\/shop.bazarcia.com\/loja\/"},{"@type":"ListItem","position":3,"name":"Matrizes de Bordado &#8211; Cole\u00e7\u00e3o Boho"}]},{"@type":"WebSite","@id":"https:\/\/shop.bazarcia.com\/#website","url":"https:\/\/shop.bazarcia.com\/","name":"Bazar & Cia","description":"criatividade ponto a ponto","publisher":{"@id":"https:\/\/shop.bazarcia.com\/#organization"},"potentialAction":[{"@type":"SearchAction","target":{"@type":"EntryPoint","urlTemplate":"https:\/\/shop.bazarcia.com\/?s={search_term_string}"},"query-input":{"@type":"PropertyValueSpecification","valueRequired":true,"valueName":"search_term_string"}}],"inLanguage":"en-US"},{"@type":"Organization","@id":"https:\/\/shop.bazarcia.com\/#organization","name":"Bazar & Cia","url":"https:\/\/shop.bazarcia.com\/","logo":{"@type":"ImageObject","inLanguage":"en-US","@id":"https:\/\/shop.bazarcia.com\/#\/schema\/logo\/image\/","url":"https:\/\/shop.bazarcia.com\/wp-content\/uploads\/2024\/02\/cropped-logo_bazarcia.png","contentUrl":"https:\/\/shop.bazarcia.com\/wp-content\/uploads\/2024\/02\/cropped-logo_bazarcia.png","width":150,"height":150,"caption":"Bazar & Cia"},"image":{"@id":"https:\/\/shop.bazarcia.com\/#\/schema\/logo\/image\/"},"sameAs":["https:\/\/www.facebook.com\/shopbazarcia","https:\/\/www.instagram.com\/shopbazarcia","https:\/\/br.pinterest.com\/suzane_eloise\/","https:\/\/www.youtube.com\/c\/BazardoBordadoMatrizeseProjetos"]}]}},"_links":{"self":[{"href":"https:\/\/shop.bazarcia.com\/en\/wp-json\/wp\/v2\/product\/101962","targetHints":{"allow":["GET"]}}],"collection":[{"href":"https:\/\/shop.bazarcia.com\/en\/wp-json\/wp\/v2\/product"}],"about":[{"href":"https:\/\/shop.bazarcia.com\/en\/wp-json\/wp\/v2\/types\/product"}],"replies":[{"embeddable":true,"href":"https:\/\/shop.bazarcia.com\/en\/wp-json\/wp\/v2\/comments?post=101962"}],"version-history":[{"count":0,"href":"https:\/\/shop.bazarcia.com\/en\/wp-json\/wp\/v2\/product\/101962\/revisions"}],"wp:featuredmedia":[{"embeddable":true,"href":"https:\/\/shop.bazarcia.com\/en\/wp-json\/wp\/v2\/media\/102274"}],"wp:attachment":[{"href":"https:\/\/shop.bazarcia.com\/en\/wp-json\/wp\/v2\/media?parent=101962"}],"wp:term":[{"taxonomy":"product_brand","embeddable":true,"href":"https:\/\/shop.bazarcia.com\/en\/wp-json\/wp\/v2\/product_brand?post=101962"},{"taxonomy":"product_cat","embeddable":true,"href":"https:\/\/shop.bazarcia.com\/en\/wp-json\/wp\/v2\/product_cat?post=101962"},{"taxonomy":"product_tag","embeddable":true,"href":"https:\/\/shop.bazarcia.com\/en\/wp-json\/wp\/v2\/product_tag?post=101962"}],"curies":[{"name":"wp","href":"https:\/\/api.w.org\/{rel}","templated":true}]}}