{"id":102814,"date":"2021-06-12T14:03:58","date_gmt":"2021-06-12T17:03:58","guid":{"rendered":"https:\/\/shop.bazarcia.com\/produto\/porta-alcool-na-bordadeira-ith-projeto-feito-na-bordadeira-leao-macaco-e-tigre\/"},"modified":"2021-06-21T00:00:03","modified_gmt":"2021-06-21T03:00:03","slug":"porta-alcool-na-bordadeira-ith-projeto-feito-na-bordadeira-leao-macaco-e-tigre","status":"publish","type":"product","link":"https:\/\/shop.bazarcia.com\/en\/product\/porta-alcool-na-bordadeira-ith-projeto-feito-na-bordadeira-leao-macaco-e-tigre\/","title":{"rendered":"Porta \u00e1lcool na Bordadeira [ITH] \u2013 PROJETO FEITO NA BORDADEIRA (Le\u00e3o, Macaco e Tigre)"},"content":{"rendered":"<p>Porta \u00e1lcool na Bordadeira [ITH] \u2013 Le\u00e3o, Macaco e Tigre<\/p>\n<p>Produto vendido de forma digital e n\u00e3o f\u00edsica!<\/p>\n<p>3 Matrizes<\/p>\n<p>Tamanho 18 cm<\/p>\n<p>Ap\u00f3s a compra voc\u00ea pode baixar automaticamente aqui mesmo em sua conta.<\/p>\n<p>N\u00e3o enviamos por email!!<\/p>\n<p>Os arquivos est\u00e3o em pasta compactada (zip), sendo necess\u00e1rio descompact\u00e1 \u2013 las.<\/p>\n<p>Os mesmos s\u00e3o compat\u00edveis com v\u00e1rios tipos e modelos de m\u00e1quinas, com os seguintes formatos: PES \u2013 DST \u2013 JEF \u2013 XXX<\/p>\n<ul>\n<li><strong>Adquirindo nossas matrizes e projetos voc\u00ea se declara de acordo com nossos TERMOS E CONDI\u00c7\u00d5ES.<\/strong><\/li>\n<\/ul>\n","protected":false},"excerpt":{"rendered":"<p>Porta \u00e1lcool na Bordadeira [ITH] \u2013 Le\u00e3o, Macaco e Tigre<\/p>\n<p>Produto vendido de forma digital e n\u00e3o f\u00edsica!<\/p>\n<p>3 Matrizes<\/p>\n<p>Tamanho 18 cm<\/p>\n","protected":false},"featured_media":102813,"comment_status":"open","ping_status":"closed","template":"","meta":{"_acf_changed":false,"_joinchat":[]},"product_brand":[],"product_cat":[84,122,237,238,239,98,1302],"product_tag":[1431,1090],"class_list":{"0":"post-102814","1":"product","2":"type-product","3":"status-publish","4":"has-post-thumbnail","6":"product_cat-matrizes-de-bordado","7":"product_cat-matrizes-de-bordado-animais","8":"product_cat-leaozinho","9":"product_cat-macaquinhos","10":"product_cat-tigre","11":"product_cat-projetos-na-bordadeira-in-the-hoop-embroidery","12":"product_cat-projeto-porta-alcool-gel-na-bordadeira","13":"product_tag-bordado-computadorizado","14":"product_tag-maquina-de-bordar","16":"first","17":"instock","18":"downloadable","19":"virtual","20":"purchasable","21":"product-type-simple"},"acf":[],"yoast_head":"<!-- This site is optimized with the Yoast SEO plugin v27.2 - https:\/\/yoast.com\/product\/yoast-seo-wordpress\/ -->\n<title>Porta \u00e1lcool na Bordadeira [ITH] \u2013 PROJETO FEITO NA BORDADEIRA (Le\u00e3o, Macaco e Tigre) - \ud835\udc1b\ud835\udc1a\ud835\udc33\ud835\udc1a\ud835\udc2b &amp; \ud835\udc1c\ud835\udc22\ud835\udc1a<\/title>\n<meta name=\"robots\" content=\"index, follow, max-snippet:-1, max-image-preview:large, max-video-preview:-1\" \/>\n<link rel=\"canonical\" href=\"https:\/\/shop.bazarcia.com\/en\/product\/porta-alcool-na-bordadeira-ith-projeto-feito-na-bordadeira-leao-macaco-e-tigre\/\" \/>\n<meta property=\"og:locale\" content=\"en_US\" \/>\n<meta property=\"og:type\" content=\"article\" \/>\n<meta property=\"og:title\" content=\"Porta \u00e1lcool na Bordadeira [ITH] \u2013 PROJETO FEITO NA BORDADEIRA (Le\u00e3o, Macaco e Tigre) - \ud835\udc1b\ud835\udc1a\ud835\udc33\ud835\udc1a\ud835\udc2b &amp; \ud835\udc1c\ud835\udc22\ud835\udc1a\" \/>\n<meta property=\"og:description\" content=\"Porta \u00e1lcool na Bordadeira [ITH] \u2013 Le\u00e3o, Macaco e Tigre  Produto vendido de forma digital e n\u00e3o f\u00edsica!  3 Matrizes  Tamanho 18 cm\" \/>\n<meta property=\"og:url\" content=\"https:\/\/shop.bazarcia.com\/en\/product\/porta-alcool-na-bordadeira-ith-projeto-feito-na-bordadeira-leao-macaco-e-tigre\/\" \/>\n<meta property=\"og:site_name\" content=\"\ud835\udc1b\ud835\udc1a\ud835\udc33\ud835\udc1a\ud835\udc2b &amp; \ud835\udc1c\ud835\udc22\ud835\udc1a\" \/>\n<meta property=\"article:publisher\" content=\"https:\/\/www.facebook.com\/shopbazarcia\" \/>\n<meta property=\"article:modified_time\" content=\"2021-06-21T03:00:03+00:00\" \/>\n<meta property=\"og:image\" content=\"https:\/\/shop.bazarcia.com\/wp-content\/uploads\/2021\/06\/Projeto-Porta-Alcool.png\" \/>\n\t<meta property=\"og:image:width\" content=\"1080\" \/>\n\t<meta property=\"og:image:height\" content=\"1080\" \/>\n\t<meta property=\"og:image:type\" content=\"image\/png\" \/>\n<meta name=\"twitter:card\" content=\"summary_large_image\" \/>\n<script type=\"application\/ld+json\" class=\"yoast-schema-graph\">{\"@context\":\"https:\/\/schema.org\",\"@graph\":[{\"@type\":\"WebPage\",\"@id\":\"https:\/\/shop.bazarcia.com\/produto\/porta-alcool-na-bordadeira-ith-projeto-feito-na-bordadeira-leao-macaco-e-tigre\/\",\"url\":\"https:\/\/shop.bazarcia.com\/produto\/porta-alcool-na-bordadeira-ith-projeto-feito-na-bordadeira-leao-macaco-e-tigre\/\",\"name\":\"Porta \u00e1lcool na Bordadeira [ITH] \u2013 PROJETO FEITO NA BORDADEIRA (Le\u00e3o, Macaco e Tigre) - \ud835\udc1b\ud835\udc1a\ud835\udc33\ud835\udc1a\ud835\udc2b &amp; \ud835\udc1c\ud835\udc22\ud835\udc1a\",\"isPartOf\":{\"@id\":\"https:\/\/shop.bazarcia.com\/#website\"},\"primaryImageOfPage\":{\"@id\":\"https:\/\/shop.bazarcia.com\/produto\/porta-alcool-na-bordadeira-ith-projeto-feito-na-bordadeira-leao-macaco-e-tigre\/#primaryimage\"},\"image\":{\"@id\":\"https:\/\/shop.bazarcia.com\/produto\/porta-alcool-na-bordadeira-ith-projeto-feito-na-bordadeira-leao-macaco-e-tigre\/#primaryimage\"},\"thumbnailUrl\":\"https:\/\/shop.bazarcia.com\/wp-content\/uploads\/2021\/06\/Projeto-Porta-Alcool.png\",\"datePublished\":\"2021-06-12T17:03:58+00:00\",\"dateModified\":\"2021-06-21T03:00:03+00:00\",\"breadcrumb\":{\"@id\":\"https:\/\/shop.bazarcia.com\/produto\/porta-alcool-na-bordadeira-ith-projeto-feito-na-bordadeira-leao-macaco-e-tigre\/#breadcrumb\"},\"inLanguage\":\"en-US\",\"potentialAction\":[{\"@type\":\"ReadAction\",\"target\":[\"https:\/\/shop.bazarcia.com\/produto\/porta-alcool-na-bordadeira-ith-projeto-feito-na-bordadeira-leao-macaco-e-tigre\/\"]}]},{\"@type\":\"ImageObject\",\"inLanguage\":\"en-US\",\"@id\":\"https:\/\/shop.bazarcia.com\/produto\/porta-alcool-na-bordadeira-ith-projeto-feito-na-bordadeira-leao-macaco-e-tigre\/#primaryimage\",\"url\":\"https:\/\/shop.bazarcia.com\/wp-content\/uploads\/2021\/06\/Projeto-Porta-Alcool.png\",\"contentUrl\":\"https:\/\/shop.bazarcia.com\/wp-content\/uploads\/2021\/06\/Projeto-Porta-Alcool.png\",\"width\":1080,\"height\":1080},{\"@type\":\"BreadcrumbList\",\"@id\":\"https:\/\/shop.bazarcia.com\/produto\/porta-alcool-na-bordadeira-ith-projeto-feito-na-bordadeira-leao-macaco-e-tigre\/#breadcrumb\",\"itemListElement\":[{\"@type\":\"ListItem\",\"position\":1,\"name\":\"In\u00edcio\",\"item\":\"https:\/\/shop.bazarcia.com\/\"},{\"@type\":\"ListItem\",\"position\":2,\"name\":\"Loja\",\"item\":\"https:\/\/shop.bazarcia.com\/loja\/\"},{\"@type\":\"ListItem\",\"position\":3,\"name\":\"Porta \u00e1lcool na Bordadeira [ITH] \u2013 PROJETO FEITO NA BORDADEIRA (Le\u00e3o, Macaco e Tigre)\"}]},{\"@type\":\"WebSite\",\"@id\":\"https:\/\/shop.bazarcia.com\/#website\",\"url\":\"https:\/\/shop.bazarcia.com\/\",\"name\":\"Bazar & Cia\",\"description\":\"criatividade ponto a ponto\",\"publisher\":{\"@id\":\"https:\/\/shop.bazarcia.com\/#organization\"},\"potentialAction\":[{\"@type\":\"SearchAction\",\"target\":{\"@type\":\"EntryPoint\",\"urlTemplate\":\"https:\/\/shop.bazarcia.com\/?s={search_term_string}\"},\"query-input\":{\"@type\":\"PropertyValueSpecification\",\"valueRequired\":true,\"valueName\":\"search_term_string\"}}],\"inLanguage\":\"en-US\"},{\"@type\":\"Organization\",\"@id\":\"https:\/\/shop.bazarcia.com\/#organization\",\"name\":\"Bazar & Cia\",\"url\":\"https:\/\/shop.bazarcia.com\/\",\"logo\":{\"@type\":\"ImageObject\",\"inLanguage\":\"en-US\",\"@id\":\"https:\/\/shop.bazarcia.com\/#\/schema\/logo\/image\/\",\"url\":\"https:\/\/shop.bazarcia.com\/wp-content\/uploads\/2024\/02\/cropped-logo_bazarcia.png\",\"contentUrl\":\"https:\/\/shop.bazarcia.com\/wp-content\/uploads\/2024\/02\/cropped-logo_bazarcia.png\",\"width\":150,\"height\":150,\"caption\":\"Bazar & Cia\"},\"image\":{\"@id\":\"https:\/\/shop.bazarcia.com\/#\/schema\/logo\/image\/\"},\"sameAs\":[\"https:\/\/www.facebook.com\/shopbazarcia\",\"https:\/\/www.instagram.com\/shopbazarcia\",\"https:\/\/br.pinterest.com\/suzane_eloise\/\",\"https:\/\/www.youtube.com\/c\/BazardoBordadoMatrizeseProjetos\"]}]}<\/script>\n<!-- \/ Yoast SEO plugin. -->","yoast_head_json":{"title":"Porta \u00e1lcool na Bordadeira [ITH] \u2013 PROJETO FEITO NA BORDADEIRA (Le\u00e3o, Macaco e Tigre) - \ud835\udc1b\ud835\udc1a\ud835\udc33\ud835\udc1a\ud835\udc2b &amp; \ud835\udc1c\ud835\udc22\ud835\udc1a","robots":{"index":"index","follow":"follow","max-snippet":"max-snippet:-1","max-image-preview":"max-image-preview:large","max-video-preview":"max-video-preview:-1"},"canonical":"https:\/\/shop.bazarcia.com\/en\/product\/porta-alcool-na-bordadeira-ith-projeto-feito-na-bordadeira-leao-macaco-e-tigre\/","og_locale":"en_US","og_type":"article","og_title":"Porta \u00e1lcool na Bordadeira [ITH] \u2013 PROJETO FEITO NA BORDADEIRA (Le\u00e3o, Macaco e Tigre) - \ud835\udc1b\ud835\udc1a\ud835\udc33\ud835\udc1a\ud835\udc2b &amp; \ud835\udc1c\ud835\udc22\ud835\udc1a","og_description":"Porta \u00e1lcool na Bordadeira [ITH] \u2013 Le\u00e3o, Macaco e Tigre  Produto vendido de forma digital e n\u00e3o f\u00edsica!  3 Matrizes  Tamanho 18 cm","og_url":"https:\/\/shop.bazarcia.com\/en\/product\/porta-alcool-na-bordadeira-ith-projeto-feito-na-bordadeira-leao-macaco-e-tigre\/","og_site_name":"\ud835\udc1b\ud835\udc1a\ud835\udc33\ud835\udc1a\ud835\udc2b &amp; \ud835\udc1c\ud835\udc22\ud835\udc1a","article_publisher":"https:\/\/www.facebook.com\/shopbazarcia","article_modified_time":"2021-06-21T03:00:03+00:00","og_image":[{"width":1080,"height":1080,"url":"https:\/\/shop.bazarcia.com\/wp-content\/uploads\/2021\/06\/Projeto-Porta-Alcool.png","type":"image\/png"}],"twitter_card":"summary_large_image","schema":{"@context":"https:\/\/schema.org","@graph":[{"@type":"WebPage","@id":"https:\/\/shop.bazarcia.com\/produto\/porta-alcool-na-bordadeira-ith-projeto-feito-na-bordadeira-leao-macaco-e-tigre\/","url":"https:\/\/shop.bazarcia.com\/produto\/porta-alcool-na-bordadeira-ith-projeto-feito-na-bordadeira-leao-macaco-e-tigre\/","name":"Porta \u00e1lcool na Bordadeira [ITH] \u2013 PROJETO FEITO NA BORDADEIRA (Le\u00e3o, Macaco e Tigre) - \ud835\udc1b\ud835\udc1a\ud835\udc33\ud835\udc1a\ud835\udc2b &amp; \ud835\udc1c\ud835\udc22\ud835\udc1a","isPartOf":{"@id":"https:\/\/shop.bazarcia.com\/#website"},"primaryImageOfPage":{"@id":"https:\/\/shop.bazarcia.com\/produto\/porta-alcool-na-bordadeira-ith-projeto-feito-na-bordadeira-leao-macaco-e-tigre\/#primaryimage"},"image":{"@id":"https:\/\/shop.bazarcia.com\/produto\/porta-alcool-na-bordadeira-ith-projeto-feito-na-bordadeira-leao-macaco-e-tigre\/#primaryimage"},"thumbnailUrl":"https:\/\/shop.bazarcia.com\/wp-content\/uploads\/2021\/06\/Projeto-Porta-Alcool.png","datePublished":"2021-06-12T17:03:58+00:00","dateModified":"2021-06-21T03:00:03+00:00","breadcrumb":{"@id":"https:\/\/shop.bazarcia.com\/produto\/porta-alcool-na-bordadeira-ith-projeto-feito-na-bordadeira-leao-macaco-e-tigre\/#breadcrumb"},"inLanguage":"en-US","potentialAction":[{"@type":"ReadAction","target":["https:\/\/shop.bazarcia.com\/produto\/porta-alcool-na-bordadeira-ith-projeto-feito-na-bordadeira-leao-macaco-e-tigre\/"]}]},{"@type":"ImageObject","inLanguage":"en-US","@id":"https:\/\/shop.bazarcia.com\/produto\/porta-alcool-na-bordadeira-ith-projeto-feito-na-bordadeira-leao-macaco-e-tigre\/#primaryimage","url":"https:\/\/shop.bazarcia.com\/wp-content\/uploads\/2021\/06\/Projeto-Porta-Alcool.png","contentUrl":"https:\/\/shop.bazarcia.com\/wp-content\/uploads\/2021\/06\/Projeto-Porta-Alcool.png","width":1080,"height":1080},{"@type":"BreadcrumbList","@id":"https:\/\/shop.bazarcia.com\/produto\/porta-alcool-na-bordadeira-ith-projeto-feito-na-bordadeira-leao-macaco-e-tigre\/#breadcrumb","itemListElement":[{"@type":"ListItem","position":1,"name":"In\u00edcio","item":"https:\/\/shop.bazarcia.com\/"},{"@type":"ListItem","position":2,"name":"Loja","item":"https:\/\/shop.bazarcia.com\/loja\/"},{"@type":"ListItem","position":3,"name":"Porta \u00e1lcool na Bordadeira [ITH] \u2013 PROJETO FEITO NA BORDADEIRA (Le\u00e3o, Macaco e Tigre)"}]},{"@type":"WebSite","@id":"https:\/\/shop.bazarcia.com\/#website","url":"https:\/\/shop.bazarcia.com\/","name":"Bazar & Cia","description":"criatividade ponto a ponto","publisher":{"@id":"https:\/\/shop.bazarcia.com\/#organization"},"potentialAction":[{"@type":"SearchAction","target":{"@type":"EntryPoint","urlTemplate":"https:\/\/shop.bazarcia.com\/?s={search_term_string}"},"query-input":{"@type":"PropertyValueSpecification","valueRequired":true,"valueName":"search_term_string"}}],"inLanguage":"en-US"},{"@type":"Organization","@id":"https:\/\/shop.bazarcia.com\/#organization","name":"Bazar & Cia","url":"https:\/\/shop.bazarcia.com\/","logo":{"@type":"ImageObject","inLanguage":"en-US","@id":"https:\/\/shop.bazarcia.com\/#\/schema\/logo\/image\/","url":"https:\/\/shop.bazarcia.com\/wp-content\/uploads\/2024\/02\/cropped-logo_bazarcia.png","contentUrl":"https:\/\/shop.bazarcia.com\/wp-content\/uploads\/2024\/02\/cropped-logo_bazarcia.png","width":150,"height":150,"caption":"Bazar & Cia"},"image":{"@id":"https:\/\/shop.bazarcia.com\/#\/schema\/logo\/image\/"},"sameAs":["https:\/\/www.facebook.com\/shopbazarcia","https:\/\/www.instagram.com\/shopbazarcia","https:\/\/br.pinterest.com\/suzane_eloise\/","https:\/\/www.youtube.com\/c\/BazardoBordadoMatrizeseProjetos"]}]}},"_links":{"self":[{"href":"https:\/\/shop.bazarcia.com\/en\/wp-json\/wp\/v2\/product\/102814","targetHints":{"allow":["GET"]}}],"collection":[{"href":"https:\/\/shop.bazarcia.com\/en\/wp-json\/wp\/v2\/product"}],"about":[{"href":"https:\/\/shop.bazarcia.com\/en\/wp-json\/wp\/v2\/types\/product"}],"replies":[{"embeddable":true,"href":"https:\/\/shop.bazarcia.com\/en\/wp-json\/wp\/v2\/comments?post=102814"}],"version-history":[{"count":0,"href":"https:\/\/shop.bazarcia.com\/en\/wp-json\/wp\/v2\/product\/102814\/revisions"}],"wp:featuredmedia":[{"embeddable":true,"href":"https:\/\/shop.bazarcia.com\/en\/wp-json\/wp\/v2\/media\/102813"}],"wp:attachment":[{"href":"https:\/\/shop.bazarcia.com\/en\/wp-json\/wp\/v2\/media?parent=102814"}],"wp:term":[{"taxonomy":"product_brand","embeddable":true,"href":"https:\/\/shop.bazarcia.com\/en\/wp-json\/wp\/v2\/product_brand?post=102814"},{"taxonomy":"product_cat","embeddable":true,"href":"https:\/\/shop.bazarcia.com\/en\/wp-json\/wp\/v2\/product_cat?post=102814"},{"taxonomy":"product_tag","embeddable":true,"href":"https:\/\/shop.bazarcia.com\/en\/wp-json\/wp\/v2\/product_tag?post=102814"}],"curies":[{"name":"wp","href":"https:\/\/api.w.org\/{rel}","templated":true}]}}