{"id":106272,"date":"2021-06-29T12:40:20","date_gmt":"2021-06-29T15:40:20","guid":{"rendered":"https:\/\/shop.bazarcia.com\/produto\/projetos-na-bordadeira-combos-minis-bosque-e-safari-ith\/"},"modified":"2021-06-29T12:47:07","modified_gmt":"2021-06-29T15:47:07","slug":"projetos-na-bordadeira-combos-minis-bosque-e-safari-ith","status":"publish","type":"product","link":"https:\/\/shop.bazarcia.com\/en\/product\/projetos-na-bordadeira-combos-minis-bosque-e-safari-ith\/","title":{"rendered":"Projetos na Bordadeira Combos Minis Bosque e Safari [ITH]"},"content":{"rendered":"<p style=\"margin-top: 0px;margin-bottom: 1rem;color: #6c737b;font-family: roboto, sans-serif\"><span style=\"font-weight: bolder\"><span style=\"font-weight: bolder\"><span style=\"font-weight: bolder\"><i style=\"vertical-align: middle\">Projetos na Bordadeira Combos Minis Bosque e Safari ITH<i style=\"vertical-align: middle\"><\/i><\/i><i style=\"vertical-align: middle\"><i style=\"vertical-align: middle\"><\/i><\/i><\/span><\/span><\/span><\/p>\n<p style=\"margin-top: 0px;margin-bottom: 1rem;color: #6c737b;font-family: roboto, sans-serif\"><span style=\"font-weight: bolder\"><span style=\"font-weight: bolder\"><span style=\"font-weight: bolder\"><em>Descri\u00e7\u00e3o das Matrizes:<\/em><\/span><\/span><\/span><\/p>\n<p><span style=\"color: #212529;font-family: roboto, sans-serif\">Matrizes para bastidores 10&#215;10.<\/span><br style=\"color: #212529;font-family: roboto, sans-serif\" \/><span style=\"color: #212529;font-family: roboto, sans-serif\">Acompanha as matrizes dos 13 casais de bichinhos: Coelhinhos, Esquilinhos, Guaxinins, Passarinhos, Raposinhas, Ursinhos, Elefantinhos, Girafinhas, Hipop\u00f3tamos, Le\u00f5ezinhos, Macaquinhos, Tigres e Zebrinhas &#8211; para confec\u00e7\u00e3o de mini naninhas, bichinhos e chocalhos. Al\u00e9m de outras pe\u00e7as que poder ser confeccionadas utilizando estas mesmas matrizes.<\/span><br style=\"color: #212529;font-family: roboto, sans-serif\" \/><span style=\"color: #212529;font-family: roboto, sans-serif\">Os tutoriais est\u00e3o dispon\u00edveis em nosso canal do\u00a0<\/span><u style=\"color: #212529;font-family: roboto, sans-serif\"><a style=\"color: #95663c;background-color: transparent\" href=\"https:\/\/www.youtube.com\/channel\/UCUrDv-pgX8XPiatggyUIeQA\" target=\"_blank\" rel=\"nofollow noopener\">YouTube<\/a><\/u><span style=\"color: #212529;font-family: roboto, sans-serif\">.<\/span><br style=\"color: #212529;font-family: roboto, sans-serif\" \/><br style=\"color: #212529;font-family: roboto, sans-serif\" \/><\/p>\n<p style=\"margin-top: 0px;margin-bottom: 1rem;color: #6c737b;font-family: roboto, sans-serif\">Este \u00e9 um produto DIGITAL e os arquivos estar\u00e3o dispon\u00edveis para download aqui mesmo na sua conta ap\u00f3s confirma\u00e7\u00e3o do pagamento.<\/p>\n<p style=\"margin-top: 0px;margin-bottom: 1rem;color: #6c737b;font-family: roboto, sans-serif\">Os arquivos est\u00e3o em pasta compactada (ZIP), sendo necess\u00e1rio descompact\u00e1-la.<\/p>\n<p style=\"margin-top: 0px;margin-bottom: 1rem;color: #6c737b;font-family: roboto, sans-serif\">Os mesmos s\u00e3o compat\u00edveis com v\u00e1rios tipos e modelos de m\u00e1quinas, com os seguintes formatos:<br \/>\nDST &#8211; EXP &#8211; HUS &#8211; JEF &#8211; PES &#8211; XXX<\/p>\n<p style=\"margin-top: 0px;margin-bottom: 1rem;color: #6c737b;font-family: roboto, sans-serif\">Adquirindo nossas matrizes e projetos voc\u00ea se declara de acordo com nossos\u00a0<a style=\"color: #95663c;background-color: transparent\" href=\"https:\/\/ateliemamaecoruja.com.br\/termos-de-uso\" target=\"_blank\" rel=\"nofollow noopener\">TERMOS E CONDI\u00c7\u00d5ES<\/a>.<\/p>\n<p style=\"margin-top: 0px;margin-bottom: 1rem;color: #6c737b;font-family: roboto, sans-serif\">Os materiais utilizados para fazer essas fofurinhas voc\u00ea encontra nos destaques l\u00e1 no nosso\u00a0<u><a style=\"color: #95663c;background-color: transparent\" href=\"https:\/\/www.instagram.com\/mamaecoruja.itamonte\/\" target=\"_blank\" rel=\"nofollow noopener\">INSTAGRAM<\/a><\/u>.<\/p>\n<p style=\"margin-top: 0px;margin-bottom: 1rem;color: #6c737b;font-family: roboto, sans-serif\">Designer:<br \/>\n* Coelhinhos, Esquilinhos, Guaxinins, Raposinhas, Ursinhos,\u00a0 Elefantinhos, Hipop\u00f3tamos, Le\u00f5ezinhos, Macaquinhos, Tigres e Zebrinhas &#8211; Carol (Est\u00fadio 812) &#8211; Adapta\u00e7\u00e3o: Val\u00e9ria Ribeiro (Ateli\u00ea Mam\u00e3e Coruja).<\/p>\n<p style=\"margin-top: 0px;margin-bottom: 1rem;color: #6c737b;font-family: roboto, sans-serif\">*Girafinhas e Passarinho &#8211; Val\u00e9ria Ribeiro (Ateli\u00ea Mam\u00e3e Coruja).<\/p>","protected":false},"excerpt":{"rendered":"<p>Projetos na Bordadeira Combos Minis Bosque e Safari ITH<br \/>\nEste \u00e9 um produto digital<\/p>\n<p>Eita que para quem estava esperando, finalmente montamos o combo das mini naninhas da Turminha do Bosque com os Amiguinhos do Safari.<br \/>\nS\u00e3o 13 casais de bichinhos, isso mesmo! 13!<br \/>\nPara fazer muitas pe\u00e7as lindas como naninhas, bonecos, chocalhos e ainda poder adaptar estas mesmas matrizes para criar pe\u00e7as como segura chupetas, mordedores, segura cortina, enfim&#8230; uma infinidade de op\u00e7\u00f5es para enxovais lindos e encantar seus clientes!<\/p>\n<p>Os tutoriais est\u00e3o dispon\u00edveis em nosso canal do <a href=\"https:\/\/www.youtube.com\/c\/Mam\u00e3eCorujaItamonte\">YouTube<\/a>, al\u00e9m de v\u00eddeos extras com novas ideais para fazer um enxoval ainda mais completo com essas mesmas matrizes . Aproveita para j\u00e1 se inscrever e ativar o sininho para ser notificado sempre que tivermos novidades!<\/p>\n<p>Confira abaixo todos os detalhes deste projeto, lembrando que qualquer d\u00favida estamos a disposi\u00e7\u00e3o!<\/p>","protected":false},"featured_media":106269,"comment_status":"open","ping_status":"closed","template":"","meta":{"_acf_changed":false,"_joinchat":[]},"product_brand":[],"product_cat":[122,170,1730,208,187,1198,1197,236,237,238,84,213,1548,201,98,244,239,123,240],"product_tag":[],"class_list":{"0":"post-106272","1":"product","2":"type-product","3":"status-publish","4":"has-post-thumbnail","6":"product_cat-matrizes-de-bordado-animais","7":"product_cat-projeto-bonecas-na-bordadeira","8":"product_cat-chocalho-na-bordadeira","9":"product_cat-coelhinhos","10":"product_cat-elefantinhos","11":"product_cat-esquilo","12":"product_cat-guaxinim","13":"product_cat-hipopotamos","14":"product_cat-leaozinho","15":"product_cat-macaquinhos","16":"product_cat-matrizes-de-bordado","17":"product_cat-projeto-naninhas-na-bordadeira","18":"product_cat-naninhas-na-bordadeira-modelo-enchimento-ith","19":"product_cat-passarinhos","20":"product_cat-projetos-na-bordadeira-in-the-hoop-embroidery","21":"product_cat-raposinhas","22":"product_cat-tigre","23":"product_cat-ursinhos","24":"product_cat-zebrinha","26":"first","27":"instock","28":"sale","29":"downloadable","30":"virtual","31":"sold-individually","32":"purchasable","33":"product-type-simple"},"acf":[],"yoast_head":"<!-- This site is optimized with the Yoast SEO plugin v27.2 - https:\/\/yoast.com\/product\/yoast-seo-wordpress\/ -->\n<title>Projetos na Bordadeira Combos Minis Bosque e Safari [ITH] - \ud835\udc1b\ud835\udc1a\ud835\udc33\ud835\udc1a\ud835\udc2b &amp; \ud835\udc1c\ud835\udc22\ud835\udc1a<\/title>\n<meta name=\"robots\" content=\"index, follow, max-snippet:-1, max-image-preview:large, max-video-preview:-1\" \/>\n<link rel=\"canonical\" href=\"https:\/\/shop.bazarcia.com\/en\/product\/projetos-na-bordadeira-combos-minis-bosque-e-safari-ith\/\" \/>\n<meta property=\"og:locale\" content=\"en_US\" \/>\n<meta property=\"og:type\" content=\"article\" \/>\n<meta property=\"og:title\" content=\"Projetos na Bordadeira Combos Minis Bosque e Safari [ITH] - \ud835\udc1b\ud835\udc1a\ud835\udc33\ud835\udc1a\ud835\udc2b &amp; \ud835\udc1c\ud835\udc22\ud835\udc1a\" \/>\n<meta property=\"og:description\" content=\"Projetos na Bordadeira Combos Minis Bosque e Safari ITH Este \u00e9 um produto digital  Eita que para quem estava esperando, finalmente montamos o combo das mini naninhas da Turminha do Bosque com os Amiguinhos do Safari. S\u00e3o 13 casais de bichinhos, isso mesmo! 13! Para fazer muitas pe\u00e7as lindas como naninhas, bonecos, chocalhos e ainda poder adaptar estas mesmas matrizes para criar pe\u00e7as como segura chupetas, mordedores, segura cortina, enfim... uma infinidade de op\u00e7\u00f5es para enxovais lindos e encantar seus clientes!  Os tutoriais est\u00e3o dispon\u00edveis em nosso canal do YouTube, al\u00e9m de v\u00eddeos extras com novas ideais para fazer um enxoval ainda mais completo com essas mesmas matrizes . Aproveita para j\u00e1 se inscrever e ativar o sininho para ser notificado sempre que tivermos novidades!  Confira abaixo todos os detalhes deste projeto, lembrando que qualquer d\u00favida estamos a disposi\u00e7\u00e3o!\" \/>\n<meta property=\"og:url\" content=\"https:\/\/shop.bazarcia.com\/en\/product\/projetos-na-bordadeira-combos-minis-bosque-e-safari-ith\/\" \/>\n<meta property=\"og:site_name\" content=\"\ud835\udc1b\ud835\udc1a\ud835\udc33\ud835\udc1a\ud835\udc2b &amp; \ud835\udc1c\ud835\udc22\ud835\udc1a\" \/>\n<meta property=\"article:publisher\" content=\"https:\/\/www.facebook.com\/shopbazarcia\" \/>\n<meta property=\"article:modified_time\" content=\"2021-06-29T15:47:07+00:00\" \/>\n<meta property=\"og:image\" content=\"https:\/\/shop.bazarcia.com\/wp-content\/uploads\/2021\/06\/Projetos-Ursinhos-Aviadores-6-768x768.png\" \/>\n\t<meta property=\"og:image:width\" content=\"768\" \/>\n\t<meta property=\"og:image:height\" content=\"768\" \/>\n\t<meta property=\"og:image:type\" content=\"image\/png\" \/>\n<meta name=\"twitter:card\" content=\"summary_large_image\" \/>\n<meta name=\"twitter:label1\" content=\"Est. reading time\" \/>\n\t<meta name=\"twitter:data1\" content=\"1 minute\" \/>\n<script type=\"application\/ld+json\" class=\"yoast-schema-graph\">{\"@context\":\"https:\/\/schema.org\",\"@graph\":[{\"@type\":\"WebPage\",\"@id\":\"https:\/\/shop.bazarcia.com\/produto\/projetos-na-bordadeira-combos-minis-bosque-e-safari-ith\/\",\"url\":\"https:\/\/shop.bazarcia.com\/produto\/projetos-na-bordadeira-combos-minis-bosque-e-safari-ith\/\",\"name\":\"Projetos na Bordadeira Combos Minis Bosque e Safari [ITH] - \ud835\udc1b\ud835\udc1a\ud835\udc33\ud835\udc1a\ud835\udc2b &amp; \ud835\udc1c\ud835\udc22\ud835\udc1a\",\"isPartOf\":{\"@id\":\"https:\/\/shop.bazarcia.com\/#website\"},\"primaryImageOfPage\":{\"@id\":\"https:\/\/shop.bazarcia.com\/produto\/projetos-na-bordadeira-combos-minis-bosque-e-safari-ith\/#primaryimage\"},\"image\":{\"@id\":\"https:\/\/shop.bazarcia.com\/produto\/projetos-na-bordadeira-combos-minis-bosque-e-safari-ith\/#primaryimage\"},\"thumbnailUrl\":\"https:\/\/shop.bazarcia.com\/wp-content\/uploads\/2021\/06\/Projetos-Ursinhos-Aviadores-6.png\",\"datePublished\":\"2021-06-29T15:40:20+00:00\",\"dateModified\":\"2021-06-29T15:47:07+00:00\",\"breadcrumb\":{\"@id\":\"https:\/\/shop.bazarcia.com\/produto\/projetos-na-bordadeira-combos-minis-bosque-e-safari-ith\/#breadcrumb\"},\"inLanguage\":\"en-US\",\"potentialAction\":[{\"@type\":\"ReadAction\",\"target\":[\"https:\/\/shop.bazarcia.com\/produto\/projetos-na-bordadeira-combos-minis-bosque-e-safari-ith\/\"]}]},{\"@type\":\"ImageObject\",\"inLanguage\":\"en-US\",\"@id\":\"https:\/\/shop.bazarcia.com\/produto\/projetos-na-bordadeira-combos-minis-bosque-e-safari-ith\/#primaryimage\",\"url\":\"https:\/\/shop.bazarcia.com\/wp-content\/uploads\/2021\/06\/Projetos-Ursinhos-Aviadores-6.png\",\"contentUrl\":\"https:\/\/shop.bazarcia.com\/wp-content\/uploads\/2021\/06\/Projetos-Ursinhos-Aviadores-6.png\",\"width\":2160,\"height\":2160},{\"@type\":\"BreadcrumbList\",\"@id\":\"https:\/\/shop.bazarcia.com\/produto\/projetos-na-bordadeira-combos-minis-bosque-e-safari-ith\/#breadcrumb\",\"itemListElement\":[{\"@type\":\"ListItem\",\"position\":1,\"name\":\"In\u00edcio\",\"item\":\"https:\/\/shop.bazarcia.com\/\"},{\"@type\":\"ListItem\",\"position\":2,\"name\":\"Loja\",\"item\":\"https:\/\/shop.bazarcia.com\/loja\/\"},{\"@type\":\"ListItem\",\"position\":3,\"name\":\"Projetos na Bordadeira Combos Minis Bosque e Safari [ITH]\"}]},{\"@type\":\"WebSite\",\"@id\":\"https:\/\/shop.bazarcia.com\/#website\",\"url\":\"https:\/\/shop.bazarcia.com\/\",\"name\":\"Bazar & Cia\",\"description\":\"criatividade ponto a ponto\",\"publisher\":{\"@id\":\"https:\/\/shop.bazarcia.com\/#organization\"},\"potentialAction\":[{\"@type\":\"SearchAction\",\"target\":{\"@type\":\"EntryPoint\",\"urlTemplate\":\"https:\/\/shop.bazarcia.com\/?s={search_term_string}\"},\"query-input\":{\"@type\":\"PropertyValueSpecification\",\"valueRequired\":true,\"valueName\":\"search_term_string\"}}],\"inLanguage\":\"en-US\"},{\"@type\":\"Organization\",\"@id\":\"https:\/\/shop.bazarcia.com\/#organization\",\"name\":\"Bazar & Cia\",\"url\":\"https:\/\/shop.bazarcia.com\/\",\"logo\":{\"@type\":\"ImageObject\",\"inLanguage\":\"en-US\",\"@id\":\"https:\/\/shop.bazarcia.com\/#\/schema\/logo\/image\/\",\"url\":\"https:\/\/shop.bazarcia.com\/wp-content\/uploads\/2024\/02\/cropped-logo_bazarcia.png\",\"contentUrl\":\"https:\/\/shop.bazarcia.com\/wp-content\/uploads\/2024\/02\/cropped-logo_bazarcia.png\",\"width\":150,\"height\":150,\"caption\":\"Bazar & Cia\"},\"image\":{\"@id\":\"https:\/\/shop.bazarcia.com\/#\/schema\/logo\/image\/\"},\"sameAs\":[\"https:\/\/www.facebook.com\/shopbazarcia\",\"https:\/\/www.instagram.com\/shopbazarcia\",\"https:\/\/br.pinterest.com\/suzane_eloise\/\",\"https:\/\/www.youtube.com\/c\/BazardoBordadoMatrizeseProjetos\"]}]}<\/script>\n<!-- \/ Yoast SEO plugin. -->","yoast_head_json":{"title":"Projetos na Bordadeira Combos Minis Bosque e Safari [ITH] - \ud835\udc1b\ud835\udc1a\ud835\udc33\ud835\udc1a\ud835\udc2b &amp; \ud835\udc1c\ud835\udc22\ud835\udc1a","robots":{"index":"index","follow":"follow","max-snippet":"max-snippet:-1","max-image-preview":"max-image-preview:large","max-video-preview":"max-video-preview:-1"},"canonical":"https:\/\/shop.bazarcia.com\/en\/product\/projetos-na-bordadeira-combos-minis-bosque-e-safari-ith\/","og_locale":"en_US","og_type":"article","og_title":"Projetos na Bordadeira Combos Minis Bosque e Safari [ITH] - \ud835\udc1b\ud835\udc1a\ud835\udc33\ud835\udc1a\ud835\udc2b &amp; \ud835\udc1c\ud835\udc22\ud835\udc1a","og_description":"Projetos na Bordadeira Combos Minis Bosque e Safari ITH Este \u00e9 um produto digital  Eita que para quem estava esperando, finalmente montamos o combo das mini naninhas da Turminha do Bosque com os Amiguinhos do Safari. S\u00e3o 13 casais de bichinhos, isso mesmo! 13! Para fazer muitas pe\u00e7as lindas como naninhas, bonecos, chocalhos e ainda poder adaptar estas mesmas matrizes para criar pe\u00e7as como segura chupetas, mordedores, segura cortina, enfim... uma infinidade de op\u00e7\u00f5es para enxovais lindos e encantar seus clientes!  Os tutoriais est\u00e3o dispon\u00edveis em nosso canal do YouTube, al\u00e9m de v\u00eddeos extras com novas ideais para fazer um enxoval ainda mais completo com essas mesmas matrizes . Aproveita para j\u00e1 se inscrever e ativar o sininho para ser notificado sempre que tivermos novidades!  Confira abaixo todos os detalhes deste projeto, lembrando que qualquer d\u00favida estamos a disposi\u00e7\u00e3o!","og_url":"https:\/\/shop.bazarcia.com\/en\/product\/projetos-na-bordadeira-combos-minis-bosque-e-safari-ith\/","og_site_name":"\ud835\udc1b\ud835\udc1a\ud835\udc33\ud835\udc1a\ud835\udc2b &amp; \ud835\udc1c\ud835\udc22\ud835\udc1a","article_publisher":"https:\/\/www.facebook.com\/shopbazarcia","article_modified_time":"2021-06-29T15:47:07+00:00","og_image":[{"width":768,"height":768,"url":"https:\/\/shop.bazarcia.com\/wp-content\/uploads\/2021\/06\/Projetos-Ursinhos-Aviadores-6-768x768.png","type":"image\/png"}],"twitter_card":"summary_large_image","twitter_misc":{"Est. reading time":"1 minute"},"schema":{"@context":"https:\/\/schema.org","@graph":[{"@type":"WebPage","@id":"https:\/\/shop.bazarcia.com\/produto\/projetos-na-bordadeira-combos-minis-bosque-e-safari-ith\/","url":"https:\/\/shop.bazarcia.com\/produto\/projetos-na-bordadeira-combos-minis-bosque-e-safari-ith\/","name":"Projetos na Bordadeira Combos Minis Bosque e Safari [ITH] - \ud835\udc1b\ud835\udc1a\ud835\udc33\ud835\udc1a\ud835\udc2b &amp; \ud835\udc1c\ud835\udc22\ud835\udc1a","isPartOf":{"@id":"https:\/\/shop.bazarcia.com\/#website"},"primaryImageOfPage":{"@id":"https:\/\/shop.bazarcia.com\/produto\/projetos-na-bordadeira-combos-minis-bosque-e-safari-ith\/#primaryimage"},"image":{"@id":"https:\/\/shop.bazarcia.com\/produto\/projetos-na-bordadeira-combos-minis-bosque-e-safari-ith\/#primaryimage"},"thumbnailUrl":"https:\/\/shop.bazarcia.com\/wp-content\/uploads\/2021\/06\/Projetos-Ursinhos-Aviadores-6.png","datePublished":"2021-06-29T15:40:20+00:00","dateModified":"2021-06-29T15:47:07+00:00","breadcrumb":{"@id":"https:\/\/shop.bazarcia.com\/produto\/projetos-na-bordadeira-combos-minis-bosque-e-safari-ith\/#breadcrumb"},"inLanguage":"en-US","potentialAction":[{"@type":"ReadAction","target":["https:\/\/shop.bazarcia.com\/produto\/projetos-na-bordadeira-combos-minis-bosque-e-safari-ith\/"]}]},{"@type":"ImageObject","inLanguage":"en-US","@id":"https:\/\/shop.bazarcia.com\/produto\/projetos-na-bordadeira-combos-minis-bosque-e-safari-ith\/#primaryimage","url":"https:\/\/shop.bazarcia.com\/wp-content\/uploads\/2021\/06\/Projetos-Ursinhos-Aviadores-6.png","contentUrl":"https:\/\/shop.bazarcia.com\/wp-content\/uploads\/2021\/06\/Projetos-Ursinhos-Aviadores-6.png","width":2160,"height":2160},{"@type":"BreadcrumbList","@id":"https:\/\/shop.bazarcia.com\/produto\/projetos-na-bordadeira-combos-minis-bosque-e-safari-ith\/#breadcrumb","itemListElement":[{"@type":"ListItem","position":1,"name":"In\u00edcio","item":"https:\/\/shop.bazarcia.com\/"},{"@type":"ListItem","position":2,"name":"Loja","item":"https:\/\/shop.bazarcia.com\/loja\/"},{"@type":"ListItem","position":3,"name":"Projetos na Bordadeira Combos Minis Bosque e Safari [ITH]"}]},{"@type":"WebSite","@id":"https:\/\/shop.bazarcia.com\/#website","url":"https:\/\/shop.bazarcia.com\/","name":"Bazar & Cia","description":"criatividade ponto a ponto","publisher":{"@id":"https:\/\/shop.bazarcia.com\/#organization"},"potentialAction":[{"@type":"SearchAction","target":{"@type":"EntryPoint","urlTemplate":"https:\/\/shop.bazarcia.com\/?s={search_term_string}"},"query-input":{"@type":"PropertyValueSpecification","valueRequired":true,"valueName":"search_term_string"}}],"inLanguage":"en-US"},{"@type":"Organization","@id":"https:\/\/shop.bazarcia.com\/#organization","name":"Bazar & Cia","url":"https:\/\/shop.bazarcia.com\/","logo":{"@type":"ImageObject","inLanguage":"en-US","@id":"https:\/\/shop.bazarcia.com\/#\/schema\/logo\/image\/","url":"https:\/\/shop.bazarcia.com\/wp-content\/uploads\/2024\/02\/cropped-logo_bazarcia.png","contentUrl":"https:\/\/shop.bazarcia.com\/wp-content\/uploads\/2024\/02\/cropped-logo_bazarcia.png","width":150,"height":150,"caption":"Bazar & Cia"},"image":{"@id":"https:\/\/shop.bazarcia.com\/#\/schema\/logo\/image\/"},"sameAs":["https:\/\/www.facebook.com\/shopbazarcia","https:\/\/www.instagram.com\/shopbazarcia","https:\/\/br.pinterest.com\/suzane_eloise\/","https:\/\/www.youtube.com\/c\/BazardoBordadoMatrizeseProjetos"]}]}},"_links":{"self":[{"href":"https:\/\/shop.bazarcia.com\/en\/wp-json\/wp\/v2\/product\/106272","targetHints":{"allow":["GET"]}}],"collection":[{"href":"https:\/\/shop.bazarcia.com\/en\/wp-json\/wp\/v2\/product"}],"about":[{"href":"https:\/\/shop.bazarcia.com\/en\/wp-json\/wp\/v2\/types\/product"}],"replies":[{"embeddable":true,"href":"https:\/\/shop.bazarcia.com\/en\/wp-json\/wp\/v2\/comments?post=106272"}],"version-history":[{"count":0,"href":"https:\/\/shop.bazarcia.com\/en\/wp-json\/wp\/v2\/product\/106272\/revisions"}],"wp:featuredmedia":[{"embeddable":true,"href":"https:\/\/shop.bazarcia.com\/en\/wp-json\/wp\/v2\/media\/106269"}],"wp:attachment":[{"href":"https:\/\/shop.bazarcia.com\/en\/wp-json\/wp\/v2\/media?parent=106272"}],"wp:term":[{"taxonomy":"product_brand","embeddable":true,"href":"https:\/\/shop.bazarcia.com\/en\/wp-json\/wp\/v2\/product_brand?post=106272"},{"taxonomy":"product_cat","embeddable":true,"href":"https:\/\/shop.bazarcia.com\/en\/wp-json\/wp\/v2\/product_cat?post=106272"},{"taxonomy":"product_tag","embeddable":true,"href":"https:\/\/shop.bazarcia.com\/en\/wp-json\/wp\/v2\/product_tag?post=106272"}],"curies":[{"name":"wp","href":"https:\/\/api.w.org\/{rel}","templated":true}]}}