{"id":113092,"date":"2021-08-08T19:20:33","date_gmt":"2021-08-08T22:20:33","guid":{"rendered":"https:\/\/shop.bazarcia.com\/produto\/projetos-na-bordadeira-miniminis-2-ith\/"},"modified":"2023-04-03T07:42:18","modified_gmt":"2023-04-03T10:42:18","slug":"projetos-na-bordadeira-miniminis-2-ith","status":"publish","type":"product","link":"https:\/\/shop.bazarcia.com\/en\/product\/projetos-na-bordadeira-miniminis-2-ith\/","title":{"rendered":"Projetos na Bordadeira Miniminis 2 ITH"},"content":{"rendered":"<p style=\"margin-top: 0px;margin-bottom: 1rem;color: #6c737b;font-family: roboto, sans-serif\"><span style=\"font-weight: bolder\"><span style=\"font-weight: bolder\">Projetos na Bordadeira Miniminis 2 ITH<\/span><\/span><\/p>\n<p style=\"margin-top: 0px;margin-bottom: 1rem;color: #6c737b;font-family: roboto, sans-serif\"><span style=\"font-weight: bolder\"><span style=\"font-weight: bolder\"><span style=\"font-weight: bolder\"><span style=\"font-weight: bolder\"><span style=\"font-weight: bolder\"><span style=\"font-weight: bolder\"><span style=\"font-weight: bolder\"><span style=\"font-weight: bolder\"><span style=\"font-weight: bolder\"><i style=\"vertical-align: middle\"><em><span style=\"font-weight: bolder\">Descri\u00e7\u00e3o das Matrizes:<\/span><\/em><\/i><\/span><i style=\"vertical-align: middle\"><\/i><\/span><i style=\"vertical-align: middle\"><em><span style=\"font-weight: bolder\"><br \/>\n<\/span><\/em><\/i><\/span><\/span><\/span><\/span><\/span>Projeto para bastidores de 10&#215;10 cm<br \/>\nObs.:\u00a0<i style=\"vertical-align: middle\"><\/i><\/span><i style=\"vertical-align: middle\"><\/i><i style=\"vertical-align: middle\"><\/i><\/span>mesmo sendo pe\u00e7as muito pequenas, cabe somente uma por vez no bastidor 10&#215;10. Adicionamos os bastidores 13&#215;18 apenas para que facilitasse a confec\u00e7\u00e3o de quem possui bastidor deste tamanho, possibilitando o bordado do par ao mesmo tempo, por\u00e9m o resultado final ter\u00e1 o mesmo tamanho. Se voc\u00ea possuir bastidores maiores, como o 20&#215;30, pode colocar v\u00e1rios pares para bordar de uma vez o que auxilia muito na produ\u00e7\u00e3o em quest\u00e3o de tempo.<\/p>\n<p style=\"margin-top: 0px;margin-bottom: 1rem;color: #6c737b\">fec\u00e7\u00e3o de quem possui bastidor deste tamanho, possibilitando o bordado do par ao mesmo tempo, por\u00e9m o resultado final ter\u00e1 o mesmo tamanho. Se voc\u00ea possuir bastidores maiores, como o 20&#215;30, pode colocar v\u00e1rios pares para bordar de uma vez o que auxilia muito na produ\u00e7\u00e3o em quest\u00e3o de tempo.<\/p>\n<p style=\"margin-top: 0px;margin-bottom: 1rem;color: #6c737b;font-family: roboto, sans-serif\">Este \u00e9 um produto DIGITAL gratuito e para fazer o download \u00e9 s\u00f3 clicar\u00a0<a href=\"\/wp-content\/uploads\/woocommerce_uploads\/2021\/08\/Projetos-Miniminis-2-MC-zowlg8.zip\"><strong>AQUI<\/strong><\/a>.<\/p>\n<p>Os arquivos est\u00e3o em pasta compactada (ZIP), sendo necess\u00e1rio descompact\u00e1-la.<\/p>\n<p style=\"margin-top: 0px;margin-bottom: 1rem;color: #6c737b;font-family: roboto, sans-serif\">Os mesmos s\u00e3o compat\u00edveis com v\u00e1rios tipos e modelos de m\u00e1quinas, com os seguintes formatos:<br \/>\nDST &#8211; EXP &#8211; HUS &#8211; JEF &#8211; PES &#8211; XXX<\/p>\n<p style=\"margin-top: 0px;margin-bottom: 1rem;color: #6c737b;font-family: roboto, sans-serif\">Lembrando que mesmo sendo uma matriz brinde, \u00e9 um projeto desenvolvido com todo carinho por n\u00f3s e por isso tamb\u00e9m segue os c\u00f3digos de nossos<span style=\"font-weight: bolder\"><span style=\"font-weight: bolder\">\u00a0<span style=\"font-weight: bolder\"><a style=\"color: #95663c;background-color: transparent\" href=\"https:\/\/shop.bazarcia.com\/en\/store\/atelie-mamae-coruja\/toc\/\" target=\"_blank\" rel=\"nofollow noopener\">TERMOS E CONDI\u00c7\u00d5ES<\/a><\/span>.<\/span><\/span><\/p>\n<p>&nbsp;<\/p>\n<p style=\"margin-top: 0px;margin-bottom: 1rem;color: #6c737b;font-family: roboto, sans-serif\">Designer: Val\u00e9ria Ribeiro<br \/>\nPrograma\u00e7\u00e3o: Cristiane Babuska<\/p>","protected":false},"excerpt":{"rendered":"<p>Este \u00e9 um Produto Digital<br \/>\nSim!<br \/>\nMais um presentinho porque n\u00f3s amamos mimar voc\u00eas!<br \/>\nAgora trouxemos mais 4, pequeninos mas cheios de carinho!<br \/>\nMais 4 casais de bichinhos miniminis: cavalinhos, coelhinhos, ratinhos e zebrinhas para aplica\u00e7\u00e3o em meinhas, sapatinhos, roupinhas, segura chupetas, touquinhas&#8230; enfim, como sempre, deixamos um leque de possibilidades para voc\u00eas usarem e abusarem conforme sua criatividade.<\/p>\n<p><span style=\"color: #6c737b;font-family: roboto, sans-serif\">Este \u00e9 um produto DIGITAL gratuito e para fazer o download \u00e9 s\u00f3 clicar\u00a0<\/span><a style=\"font-family: roboto, sans-serif\" href=\"\/wp-content\/uploads\/woocommerce_uploads\/2021\/08\/Projetos-Miniminis-2-MC-zowlg8.zip\"><strong>AQUI<\/strong><\/a><span style=\"color: #6c737b;font-family: roboto, sans-serif\">.<\/span><\/p>\n<p>Quer\u00edamos mimar voc\u00eas muito mais, mas a programa\u00e7\u00e3o de um projeto n\u00e3o \u00e9 simples quanto a programa\u00e7\u00e3o de uma matriz comum, pois exigem testes, revis\u00f5es, mais testes, grava\u00e7\u00e3o e edi\u00e7\u00e3o de v\u00eddeos ou fotografia de todo passo a passo para criar tutoriais&#8230; enfim&#8230; sei que voc\u00eas estendem que demanda mais tempo.<br \/>\nE n\u00e3o \u00e9 porque \u00e9 um brinde que tem que ser feito de qualquer jeito n\u00e3o \u00e9 mesmo? Tem que ser algo lindo, que seja vend\u00e1vel para que voc\u00eas tenham retorno com eles tamb\u00e9m!<br \/>\nEmbora o tempo seja curto, sempre que podemos, reservamos um tempinho para trazer esses mimos para voc\u00eas.<br \/>\nTorcendo para que tenham muito sucesso, pois o sucesso de voc\u00eas \u00e9 o nosso tamb\u00e9m!<\/p>","protected":false},"featured_media":113091,"comment_status":"open","ping_status":"closed","template":"","meta":{"_acf_changed":false,"_joinchat":[]},"product_brand":[],"product_cat":[84,122,247,208,240,98,1071],"product_tag":[],"class_list":{"0":"post-113092","1":"product","2":"type-product","3":"status-publish","4":"has-post-thumbnail","6":"product_cat-matrizes-de-bordado","7":"product_cat-matrizes-de-bordado-animais","8":"product_cat-cavalinhos","9":"product_cat-coelhinhos","10":"product_cat-zebrinha","11":"product_cat-projetos-na-bordadeira-in-the-hoop-embroidery","12":"product_cat-projetos-gratis-free","14":"first","15":"instock","16":"downloadable","17":"virtual","18":"sold-individually","19":"product-type-simple"},"acf":[],"yoast_head":"<!-- This site is optimized with the Yoast SEO plugin v27.2 - https:\/\/yoast.com\/product\/yoast-seo-wordpress\/ -->\n<title>Projetos na Bordadeira Miniminis 2 ITH - \ud835\udc1b\ud835\udc1a\ud835\udc33\ud835\udc1a\ud835\udc2b &amp; \ud835\udc1c\ud835\udc22\ud835\udc1a<\/title>\n<meta name=\"robots\" content=\"index, follow, max-snippet:-1, max-image-preview:large, max-video-preview:-1\" \/>\n<link rel=\"canonical\" href=\"https:\/\/shop.bazarcia.com\/en\/product\/projetos-na-bordadeira-miniminis-2-ith\/\" \/>\n<meta property=\"og:locale\" content=\"en_US\" \/>\n<meta property=\"og:type\" content=\"article\" \/>\n<meta property=\"og:title\" content=\"Projetos na Bordadeira Miniminis 2 ITH - \ud835\udc1b\ud835\udc1a\ud835\udc33\ud835\udc1a\ud835\udc2b &amp; \ud835\udc1c\ud835\udc22\ud835\udc1a\" \/>\n<meta property=\"og:description\" content=\"Este \u00e9 um Produto Digital Sim! Mais um presentinho porque n\u00f3s amamos mimar voc\u00eas! Agora trouxemos mais 4, pequeninos mas cheios de carinho! Mais 4 casais de bichinhos miniminis: cavalinhos, coelhinhos, ratinhos e zebrinhas para aplica\u00e7\u00e3o em meinhas, sapatinhos, roupinhas, segura chupetas, touquinhas... enfim, como sempre, deixamos um leque de possibilidades para voc\u00eas usarem e abusarem conforme sua criatividade.  Este \u00e9 um produto DIGITAL gratuito e para fazer o download \u00e9 s\u00f3 clicar\u00a0AQUI.  Quer\u00edamos mimar voc\u00eas muito mais, mas a programa\u00e7\u00e3o de um projeto n\u00e3o \u00e9 simples quanto a programa\u00e7\u00e3o de uma matriz comum, pois exigem testes, revis\u00f5es, mais testes, grava\u00e7\u00e3o e edi\u00e7\u00e3o de v\u00eddeos ou fotografia de todo passo a passo para criar tutoriais... enfim... sei que voc\u00eas estendem que demanda mais tempo. E n\u00e3o \u00e9 porque \u00e9 um brinde que tem que ser feito de qualquer jeito n\u00e3o \u00e9 mesmo? Tem que ser algo lindo, que seja vend\u00e1vel para que voc\u00eas tenham retorno com eles tamb\u00e9m! Embora o tempo seja curto, sempre que podemos, reservamos um tempinho para trazer esses mimos para voc\u00eas. Torcendo para que tenham muito sucesso, pois o sucesso de voc\u00eas \u00e9 o nosso tamb\u00e9m!\" \/>\n<meta property=\"og:url\" content=\"https:\/\/shop.bazarcia.com\/en\/product\/projetos-na-bordadeira-miniminis-2-ith\/\" \/>\n<meta property=\"og:site_name\" content=\"\ud835\udc1b\ud835\udc1a\ud835\udc33\ud835\udc1a\ud835\udc2b &amp; \ud835\udc1c\ud835\udc22\ud835\udc1a\" \/>\n<meta property=\"article:publisher\" content=\"https:\/\/www.facebook.com\/shopbazarcia\" \/>\n<meta property=\"article:modified_time\" content=\"2023-04-03T10:42:18+00:00\" \/>\n<meta property=\"og:image\" content=\"https:\/\/shop.bazarcia.com\/wp-content\/uploads\/2021\/08\/Psiu-Esta-frio-ai-ainda.png\" \/>\n\t<meta property=\"og:image:width\" content=\"1080\" \/>\n\t<meta property=\"og:image:height\" content=\"1080\" \/>\n\t<meta property=\"og:image:type\" content=\"image\/png\" \/>\n<meta name=\"twitter:card\" content=\"summary_large_image\" \/>\n<meta name=\"twitter:label1\" content=\"Est. reading time\" \/>\n\t<meta name=\"twitter:data1\" content=\"1 minute\" \/>\n<script type=\"application\/ld+json\" class=\"yoast-schema-graph\">{\"@context\":\"https:\/\/schema.org\",\"@graph\":[{\"@type\":\"WebPage\",\"@id\":\"https:\/\/shop.bazarcia.com\/produto\/projetos-na-bordadeira-miniminis-2-ith\/\",\"url\":\"https:\/\/shop.bazarcia.com\/produto\/projetos-na-bordadeira-miniminis-2-ith\/\",\"name\":\"Projetos na Bordadeira Miniminis 2 ITH - \ud835\udc1b\ud835\udc1a\ud835\udc33\ud835\udc1a\ud835\udc2b &amp; \ud835\udc1c\ud835\udc22\ud835\udc1a\",\"isPartOf\":{\"@id\":\"https:\/\/shop.bazarcia.com\/#website\"},\"primaryImageOfPage\":{\"@id\":\"https:\/\/shop.bazarcia.com\/produto\/projetos-na-bordadeira-miniminis-2-ith\/#primaryimage\"},\"image\":{\"@id\":\"https:\/\/shop.bazarcia.com\/produto\/projetos-na-bordadeira-miniminis-2-ith\/#primaryimage\"},\"thumbnailUrl\":\"https:\/\/shop.bazarcia.com\/wp-content\/uploads\/2021\/08\/Psiu-Esta-frio-ai-ainda.png\",\"datePublished\":\"2021-08-08T22:20:33+00:00\",\"dateModified\":\"2023-04-03T10:42:18+00:00\",\"breadcrumb\":{\"@id\":\"https:\/\/shop.bazarcia.com\/produto\/projetos-na-bordadeira-miniminis-2-ith\/#breadcrumb\"},\"inLanguage\":\"en-US\",\"potentialAction\":[{\"@type\":\"ReadAction\",\"target\":[\"https:\/\/shop.bazarcia.com\/produto\/projetos-na-bordadeira-miniminis-2-ith\/\"]}]},{\"@type\":\"ImageObject\",\"inLanguage\":\"en-US\",\"@id\":\"https:\/\/shop.bazarcia.com\/produto\/projetos-na-bordadeira-miniminis-2-ith\/#primaryimage\",\"url\":\"https:\/\/shop.bazarcia.com\/wp-content\/uploads\/2021\/08\/Psiu-Esta-frio-ai-ainda.png\",\"contentUrl\":\"https:\/\/shop.bazarcia.com\/wp-content\/uploads\/2021\/08\/Psiu-Esta-frio-ai-ainda.png\",\"width\":1080,\"height\":1080},{\"@type\":\"BreadcrumbList\",\"@id\":\"https:\/\/shop.bazarcia.com\/produto\/projetos-na-bordadeira-miniminis-2-ith\/#breadcrumb\",\"itemListElement\":[{\"@type\":\"ListItem\",\"position\":1,\"name\":\"In\u00edcio\",\"item\":\"https:\/\/shop.bazarcia.com\/\"},{\"@type\":\"ListItem\",\"position\":2,\"name\":\"Loja\",\"item\":\"https:\/\/shop.bazarcia.com\/loja\/\"},{\"@type\":\"ListItem\",\"position\":3,\"name\":\"Projetos na Bordadeira Miniminis 2 ITH\"}]},{\"@type\":\"WebSite\",\"@id\":\"https:\/\/shop.bazarcia.com\/#website\",\"url\":\"https:\/\/shop.bazarcia.com\/\",\"name\":\"Bazar & Cia\",\"description\":\"criatividade ponto a ponto\",\"publisher\":{\"@id\":\"https:\/\/shop.bazarcia.com\/#organization\"},\"potentialAction\":[{\"@type\":\"SearchAction\",\"target\":{\"@type\":\"EntryPoint\",\"urlTemplate\":\"https:\/\/shop.bazarcia.com\/?s={search_term_string}\"},\"query-input\":{\"@type\":\"PropertyValueSpecification\",\"valueRequired\":true,\"valueName\":\"search_term_string\"}}],\"inLanguage\":\"en-US\"},{\"@type\":\"Organization\",\"@id\":\"https:\/\/shop.bazarcia.com\/#organization\",\"name\":\"Bazar & Cia\",\"url\":\"https:\/\/shop.bazarcia.com\/\",\"logo\":{\"@type\":\"ImageObject\",\"inLanguage\":\"en-US\",\"@id\":\"https:\/\/shop.bazarcia.com\/#\/schema\/logo\/image\/\",\"url\":\"https:\/\/shop.bazarcia.com\/wp-content\/uploads\/2024\/02\/cropped-logo_bazarcia.png\",\"contentUrl\":\"https:\/\/shop.bazarcia.com\/wp-content\/uploads\/2024\/02\/cropped-logo_bazarcia.png\",\"width\":150,\"height\":150,\"caption\":\"Bazar & Cia\"},\"image\":{\"@id\":\"https:\/\/shop.bazarcia.com\/#\/schema\/logo\/image\/\"},\"sameAs\":[\"https:\/\/www.facebook.com\/shopbazarcia\",\"https:\/\/www.instagram.com\/shopbazarcia\",\"https:\/\/br.pinterest.com\/suzane_eloise\/\",\"https:\/\/www.youtube.com\/c\/BazardoBordadoMatrizeseProjetos\"]}]}<\/script>\n<!-- \/ Yoast SEO plugin. -->","yoast_head_json":{"title":"Projetos na Bordadeira Miniminis 2 ITH - \ud835\udc1b\ud835\udc1a\ud835\udc33\ud835\udc1a\ud835\udc2b &amp; \ud835\udc1c\ud835\udc22\ud835\udc1a","robots":{"index":"index","follow":"follow","max-snippet":"max-snippet:-1","max-image-preview":"max-image-preview:large","max-video-preview":"max-video-preview:-1"},"canonical":"https:\/\/shop.bazarcia.com\/en\/product\/projetos-na-bordadeira-miniminis-2-ith\/","og_locale":"en_US","og_type":"article","og_title":"Projetos na Bordadeira Miniminis 2 ITH - \ud835\udc1b\ud835\udc1a\ud835\udc33\ud835\udc1a\ud835\udc2b &amp; \ud835\udc1c\ud835\udc22\ud835\udc1a","og_description":"Este \u00e9 um Produto Digital Sim! Mais um presentinho porque n\u00f3s amamos mimar voc\u00eas! Agora trouxemos mais 4, pequeninos mas cheios de carinho! Mais 4 casais de bichinhos miniminis: cavalinhos, coelhinhos, ratinhos e zebrinhas para aplica\u00e7\u00e3o em meinhas, sapatinhos, roupinhas, segura chupetas, touquinhas... enfim, como sempre, deixamos um leque de possibilidades para voc\u00eas usarem e abusarem conforme sua criatividade.  Este \u00e9 um produto DIGITAL gratuito e para fazer o download \u00e9 s\u00f3 clicar\u00a0AQUI.  Quer\u00edamos mimar voc\u00eas muito mais, mas a programa\u00e7\u00e3o de um projeto n\u00e3o \u00e9 simples quanto a programa\u00e7\u00e3o de uma matriz comum, pois exigem testes, revis\u00f5es, mais testes, grava\u00e7\u00e3o e edi\u00e7\u00e3o de v\u00eddeos ou fotografia de todo passo a passo para criar tutoriais... enfim... sei que voc\u00eas estendem que demanda mais tempo. E n\u00e3o \u00e9 porque \u00e9 um brinde que tem que ser feito de qualquer jeito n\u00e3o \u00e9 mesmo? Tem que ser algo lindo, que seja vend\u00e1vel para que voc\u00eas tenham retorno com eles tamb\u00e9m! Embora o tempo seja curto, sempre que podemos, reservamos um tempinho para trazer esses mimos para voc\u00eas. Torcendo para que tenham muito sucesso, pois o sucesso de voc\u00eas \u00e9 o nosso tamb\u00e9m!","og_url":"https:\/\/shop.bazarcia.com\/en\/product\/projetos-na-bordadeira-miniminis-2-ith\/","og_site_name":"\ud835\udc1b\ud835\udc1a\ud835\udc33\ud835\udc1a\ud835\udc2b &amp; \ud835\udc1c\ud835\udc22\ud835\udc1a","article_publisher":"https:\/\/www.facebook.com\/shopbazarcia","article_modified_time":"2023-04-03T10:42:18+00:00","og_image":[{"width":1080,"height":1080,"url":"https:\/\/shop.bazarcia.com\/wp-content\/uploads\/2021\/08\/Psiu-Esta-frio-ai-ainda.png","type":"image\/png"}],"twitter_card":"summary_large_image","twitter_misc":{"Est. reading time":"1 minute"},"schema":{"@context":"https:\/\/schema.org","@graph":[{"@type":"WebPage","@id":"https:\/\/shop.bazarcia.com\/produto\/projetos-na-bordadeira-miniminis-2-ith\/","url":"https:\/\/shop.bazarcia.com\/produto\/projetos-na-bordadeira-miniminis-2-ith\/","name":"Projetos na Bordadeira Miniminis 2 ITH - \ud835\udc1b\ud835\udc1a\ud835\udc33\ud835\udc1a\ud835\udc2b &amp; \ud835\udc1c\ud835\udc22\ud835\udc1a","isPartOf":{"@id":"https:\/\/shop.bazarcia.com\/#website"},"primaryImageOfPage":{"@id":"https:\/\/shop.bazarcia.com\/produto\/projetos-na-bordadeira-miniminis-2-ith\/#primaryimage"},"image":{"@id":"https:\/\/shop.bazarcia.com\/produto\/projetos-na-bordadeira-miniminis-2-ith\/#primaryimage"},"thumbnailUrl":"https:\/\/shop.bazarcia.com\/wp-content\/uploads\/2021\/08\/Psiu-Esta-frio-ai-ainda.png","datePublished":"2021-08-08T22:20:33+00:00","dateModified":"2023-04-03T10:42:18+00:00","breadcrumb":{"@id":"https:\/\/shop.bazarcia.com\/produto\/projetos-na-bordadeira-miniminis-2-ith\/#breadcrumb"},"inLanguage":"en-US","potentialAction":[{"@type":"ReadAction","target":["https:\/\/shop.bazarcia.com\/produto\/projetos-na-bordadeira-miniminis-2-ith\/"]}]},{"@type":"ImageObject","inLanguage":"en-US","@id":"https:\/\/shop.bazarcia.com\/produto\/projetos-na-bordadeira-miniminis-2-ith\/#primaryimage","url":"https:\/\/shop.bazarcia.com\/wp-content\/uploads\/2021\/08\/Psiu-Esta-frio-ai-ainda.png","contentUrl":"https:\/\/shop.bazarcia.com\/wp-content\/uploads\/2021\/08\/Psiu-Esta-frio-ai-ainda.png","width":1080,"height":1080},{"@type":"BreadcrumbList","@id":"https:\/\/shop.bazarcia.com\/produto\/projetos-na-bordadeira-miniminis-2-ith\/#breadcrumb","itemListElement":[{"@type":"ListItem","position":1,"name":"In\u00edcio","item":"https:\/\/shop.bazarcia.com\/"},{"@type":"ListItem","position":2,"name":"Loja","item":"https:\/\/shop.bazarcia.com\/loja\/"},{"@type":"ListItem","position":3,"name":"Projetos na Bordadeira Miniminis 2 ITH"}]},{"@type":"WebSite","@id":"https:\/\/shop.bazarcia.com\/#website","url":"https:\/\/shop.bazarcia.com\/","name":"Bazar & Cia","description":"criatividade ponto a ponto","publisher":{"@id":"https:\/\/shop.bazarcia.com\/#organization"},"potentialAction":[{"@type":"SearchAction","target":{"@type":"EntryPoint","urlTemplate":"https:\/\/shop.bazarcia.com\/?s={search_term_string}"},"query-input":{"@type":"PropertyValueSpecification","valueRequired":true,"valueName":"search_term_string"}}],"inLanguage":"en-US"},{"@type":"Organization","@id":"https:\/\/shop.bazarcia.com\/#organization","name":"Bazar & Cia","url":"https:\/\/shop.bazarcia.com\/","logo":{"@type":"ImageObject","inLanguage":"en-US","@id":"https:\/\/shop.bazarcia.com\/#\/schema\/logo\/image\/","url":"https:\/\/shop.bazarcia.com\/wp-content\/uploads\/2024\/02\/cropped-logo_bazarcia.png","contentUrl":"https:\/\/shop.bazarcia.com\/wp-content\/uploads\/2024\/02\/cropped-logo_bazarcia.png","width":150,"height":150,"caption":"Bazar & Cia"},"image":{"@id":"https:\/\/shop.bazarcia.com\/#\/schema\/logo\/image\/"},"sameAs":["https:\/\/www.facebook.com\/shopbazarcia","https:\/\/www.instagram.com\/shopbazarcia","https:\/\/br.pinterest.com\/suzane_eloise\/","https:\/\/www.youtube.com\/c\/BazardoBordadoMatrizeseProjetos"]}]}},"_links":{"self":[{"href":"https:\/\/shop.bazarcia.com\/en\/wp-json\/wp\/v2\/product\/113092","targetHints":{"allow":["GET"]}}],"collection":[{"href":"https:\/\/shop.bazarcia.com\/en\/wp-json\/wp\/v2\/product"}],"about":[{"href":"https:\/\/shop.bazarcia.com\/en\/wp-json\/wp\/v2\/types\/product"}],"replies":[{"embeddable":true,"href":"https:\/\/shop.bazarcia.com\/en\/wp-json\/wp\/v2\/comments?post=113092"}],"version-history":[{"count":0,"href":"https:\/\/shop.bazarcia.com\/en\/wp-json\/wp\/v2\/product\/113092\/revisions"}],"wp:featuredmedia":[{"embeddable":true,"href":"https:\/\/shop.bazarcia.com\/en\/wp-json\/wp\/v2\/media\/113091"}],"wp:attachment":[{"href":"https:\/\/shop.bazarcia.com\/en\/wp-json\/wp\/v2\/media?parent=113092"}],"wp:term":[{"taxonomy":"product_brand","embeddable":true,"href":"https:\/\/shop.bazarcia.com\/en\/wp-json\/wp\/v2\/product_brand?post=113092"},{"taxonomy":"product_cat","embeddable":true,"href":"https:\/\/shop.bazarcia.com\/en\/wp-json\/wp\/v2\/product_cat?post=113092"},{"taxonomy":"product_tag","embeddable":true,"href":"https:\/\/shop.bazarcia.com\/en\/wp-json\/wp\/v2\/product_tag?post=113092"}],"curies":[{"name":"wp","href":"https:\/\/api.w.org\/{rel}","templated":true}]}}