{"id":117313,"date":"2021-08-30T17:15:57","date_gmt":"2021-08-30T20:15:57","guid":{"rendered":"https:\/\/shop.bazarcia.com\/produto\/matriz-de-bordado-mini-colecao-princesas\/"},"modified":"2025-08-06T13:58:56","modified_gmt":"2025-08-06T16:58:56","slug":"matriz-de-bordado-mini-colecao-princesas","status":"publish","type":"product","link":"https:\/\/shop.bazarcia.com\/en\/product\/matriz-de-bordado-mini-colecao-princesas\/","title":{"rendered":"Matriz de Bordado &#8211; Mini Cole\u00e7\u00e3o Princesas"},"content":{"rendered":"<p style=\"padding: 0px;border: 0px;vertical-align: baseline;line-height: inherit;font-family: Lato, Arial, Helvetica, sans-serif;font-size: 14px;color: #777777\">Mini cole\u00e7\u00e3o princesas: s\u00e3o 5 matrizes de bordado lindinhas. Ideais para toalhinhas, fraldinhas e o que sua imagina\u00e7\u00e3o permitir.<\/p>\n<p style=\"padding: 0px;border: 0px;vertical-align: baseline;line-height: inherit;font-family: Lato, Arial, Helvetica, sans-serif;font-size: 14px;color: #777777\">S\u00e3o compat\u00edveis com v\u00e1rios tipos e modelos de m\u00e1quinas, com os seguintes formatos : PES-JEF-DST-EXP-XXX-HUS. Vem em tr\u00eas tamanhos: 10cm &#8211; 12cm &#8211; 15cm. (referente a altura, com largura proporcionais)<\/p>\n<p>&nbsp;<\/p>\n<p style=\"padding: 0px;border: 0px;vertical-align: baseline;line-height: inherit;font-family: Lato, Arial, Helvetica, sans-serif;font-size: 14px;color: #777777\">Este \u00e9 um produto digital que \u00e9 disponibilizado para DOWNLOAD logo ap\u00f3s a confirma\u00e7\u00e3o do pagamento.<\/p>\n<p style=\"padding: 0px;border: 0px;vertical-align: baseline;line-height: inherit;font-family: Lato, Arial, Helvetica, sans-serif;font-size: 14px;color: #777777\">Os arquivos est\u00e3o em pasta compactada(ZIP), sendo necess\u00e1rio descompactar.<\/p>\n<p style=\"padding: 0px;border: 0px;vertical-align: baseline;line-height: inherit;font-family: Lato, Arial, Helvetica, sans-serif;font-size: 14px;color: #777777\">Ao efetuar a compra de alguma matriz ou projeto de nossa loja, voc\u00ea adquire a LICEN\u00c7A DE USO do produto. Isso significa que o arquivo pertence \u00fanica e exclusivamente ao Pequena Margarida Ateli\u00ea e voc\u00ea obt\u00e9m, a partir da compra, o direito de us\u00e1-lo sob determinadas condi\u00e7\u00f5es, sendo elas:<\/p>\n<p style=\"padding: 0px;border: 0px;vertical-align: baseline;line-height: inherit;font-family: Lato, Arial, Helvetica, sans-serif;font-size: 14px;color: #777777\">\u2013 Uso Pessoal: uso dos arquivos para produ\u00e7\u00e3o de itens para uso pessoal e sem fins lucrativos.<\/p>\n<p style=\"padding: 0px;border: 0px;vertical-align: baseline;line-height: inherit;font-family: Lato, Arial, Helvetica, sans-serif;font-size: 14px;color: #777777\">\u2013 Uso Comercial: Uso dos arquivos para produ\u00e7\u00e3o de pe\u00e7as para comercializa\u00e7\u00e3o. As licen\u00e7as de Uso N\u00c3O te d\u00e3o direito, em hip\u00f3tese alguma de sub-licenciar, distribuir, doar, repassar, comercializar, revender ou compartilhar nosso arquivos. Isso tamb\u00e9m se aplica aos nossos arquivos gratuitos (Brindes). Pirataria \u00e9 CRIME!<\/p>","protected":false},"excerpt":{"rendered":"<p>Matrizes para Bordado \u2013 Mini Cole\u00e7\u00e3o Princesas<br \/>\nCont\u00e9m 5 princesas em tr\u00eas tamanhos: 10cm &#8211; 12cm -15cm<br \/>\nNos formatos PES-JEF-DST-EXP-XXX-HUS<\/p>","protected":false},"featured_media":117324,"comment_status":"open","ping_status":"closed","template":"","meta":{"_acf_changed":false,"_joinchat":[]},"product_brand":[],"product_cat":[84,312,306,309],"product_tag":[1170,1431,1433,1430,1432],"class_list":{"0":"post-117313","1":"product","2":"type-product","3":"status-publish","4":"has-post-thumbnail","6":"product_cat-matrizes-de-bordado","7":"product_cat-matrizes-pontos-leves","8":"product_cat-pacotinhos-de-matrizes","9":"product_cat-princesas","10":"product_tag-bordado","11":"product_tag-bordado-computadorizado","12":"product_tag-bordado-eletronico","13":"product_tag-matriz-de-bordado","14":"product_tag-matrizes-de-bordado","16":"first","17":"instock","18":"downloadable","19":"virtual","20":"purchasable","21":"product-type-simple"},"acf":[],"yoast_head":"<!-- This site is optimized with the Yoast SEO plugin v27.2 - https:\/\/yoast.com\/product\/yoast-seo-wordpress\/ -->\n<title>Matriz de Bordado - Mini Cole\u00e7\u00e3o Princesas - \ud835\udc1b\ud835\udc1a\ud835\udc33\ud835\udc1a\ud835\udc2b &amp; \ud835\udc1c\ud835\udc22\ud835\udc1a<\/title>\n<meta name=\"robots\" content=\"index, follow, max-snippet:-1, max-image-preview:large, max-video-preview:-1\" \/>\n<link rel=\"canonical\" href=\"https:\/\/shop.bazarcia.com\/en\/product\/matriz-de-bordado-mini-colecao-princesas\/\" \/>\n<meta property=\"og:locale\" content=\"en_US\" \/>\n<meta property=\"og:type\" content=\"article\" \/>\n<meta property=\"og:title\" content=\"Matriz de Bordado - Mini Cole\u00e7\u00e3o Princesas - \ud835\udc1b\ud835\udc1a\ud835\udc33\ud835\udc1a\ud835\udc2b &amp; \ud835\udc1c\ud835\udc22\ud835\udc1a\" \/>\n<meta property=\"og:description\" content=\"Matrizes para Bordado \u2013 Mini Cole\u00e7\u00e3o Princesas Cont\u00e9m 5 princesas em tr\u00eas tamanhos: 10cm - 12cm -15cm Nos formatos PES-JEF-DST-EXP-XXX-HUS\" \/>\n<meta property=\"og:url\" content=\"https:\/\/shop.bazarcia.com\/en\/product\/matriz-de-bordado-mini-colecao-princesas\/\" \/>\n<meta property=\"og:site_name\" content=\"\ud835\udc1b\ud835\udc1a\ud835\udc33\ud835\udc1a\ud835\udc2b &amp; \ud835\udc1c\ud835\udc22\ud835\udc1a\" \/>\n<meta property=\"article:publisher\" content=\"https:\/\/www.facebook.com\/shopbazarcia\" \/>\n<meta property=\"article:modified_time\" content=\"2025-08-06T16:58:56+00:00\" \/>\n<meta property=\"og:image\" content=\"https:\/\/shop.bazarcia.com\/wp-content\/uploads\/2021\/08\/PM-Princesas-1.png\" \/>\n\t<meta property=\"og:image:width\" content=\"1080\" \/>\n\t<meta property=\"og:image:height\" content=\"1080\" \/>\n\t<meta property=\"og:image:type\" content=\"image\/png\" \/>\n<meta name=\"twitter:card\" content=\"summary_large_image\" \/>\n<meta name=\"twitter:label1\" content=\"Est. reading time\" \/>\n\t<meta name=\"twitter:data1\" content=\"2 minutes\" \/>\n<script type=\"application\/ld+json\" class=\"yoast-schema-graph\">{\"@context\":\"https:\/\/schema.org\",\"@graph\":[{\"@type\":\"WebPage\",\"@id\":\"https:\/\/shop.bazarcia.com\/en\/product\/matriz-de-bordado-mini-colecao-princesas\/\",\"url\":\"https:\/\/shop.bazarcia.com\/en\/product\/matriz-de-bordado-mini-colecao-princesas\/\",\"name\":\"Matriz de Bordado - Mini Cole\u00e7\u00e3o Princesas - \ud835\udc1b\ud835\udc1a\ud835\udc33\ud835\udc1a\ud835\udc2b &amp; \ud835\udc1c\ud835\udc22\ud835\udc1a\",\"isPartOf\":{\"@id\":\"https:\/\/shop.bazarcia.com\/#website\"},\"primaryImageOfPage\":{\"@id\":\"https:\/\/shop.bazarcia.com\/en\/product\/matriz-de-bordado-mini-colecao-princesas\/#primaryimage\"},\"image\":{\"@id\":\"https:\/\/shop.bazarcia.com\/en\/product\/matriz-de-bordado-mini-colecao-princesas\/#primaryimage\"},\"thumbnailUrl\":\"https:\/\/shop.bazarcia.com\/wp-content\/uploads\/2021\/08\/PM-Princesas-1.png\",\"datePublished\":\"2021-08-30T20:15:57+00:00\",\"dateModified\":\"2025-08-06T16:58:56+00:00\",\"breadcrumb\":{\"@id\":\"https:\/\/shop.bazarcia.com\/en\/product\/matriz-de-bordado-mini-colecao-princesas\/#breadcrumb\"},\"inLanguage\":\"en-US\",\"potentialAction\":[{\"@type\":\"ReadAction\",\"target\":[\"https:\/\/shop.bazarcia.com\/en\/product\/matriz-de-bordado-mini-colecao-princesas\/\"]}]},{\"@type\":\"ImageObject\",\"inLanguage\":\"en-US\",\"@id\":\"https:\/\/shop.bazarcia.com\/en\/product\/matriz-de-bordado-mini-colecao-princesas\/#primaryimage\",\"url\":\"https:\/\/shop.bazarcia.com\/wp-content\/uploads\/2021\/08\/PM-Princesas-1.png\",\"contentUrl\":\"https:\/\/shop.bazarcia.com\/wp-content\/uploads\/2021\/08\/PM-Princesas-1.png\",\"width\":1080,\"height\":1080},{\"@type\":\"BreadcrumbList\",\"@id\":\"https:\/\/shop.bazarcia.com\/en\/product\/matriz-de-bordado-mini-colecao-princesas\/#breadcrumb\",\"itemListElement\":[{\"@type\":\"ListItem\",\"position\":1,\"name\":\"In\u00edcio\",\"item\":\"https:\/\/shop.bazarcia.com\/\"},{\"@type\":\"ListItem\",\"position\":2,\"name\":\"Loja\",\"item\":\"https:\/\/shop.bazarcia.com\/loja\/\"},{\"@type\":\"ListItem\",\"position\":3,\"name\":\"Matriz de Bordado &#8211; Mini Cole\u00e7\u00e3o Princesas\"}]},{\"@type\":\"WebSite\",\"@id\":\"https:\/\/shop.bazarcia.com\/#website\",\"url\":\"https:\/\/shop.bazarcia.com\/\",\"name\":\"Bazar & Cia\",\"description\":\"criatividade ponto a ponto\",\"publisher\":{\"@id\":\"https:\/\/shop.bazarcia.com\/#organization\"},\"potentialAction\":[{\"@type\":\"SearchAction\",\"target\":{\"@type\":\"EntryPoint\",\"urlTemplate\":\"https:\/\/shop.bazarcia.com\/?s={search_term_string}\"},\"query-input\":{\"@type\":\"PropertyValueSpecification\",\"valueRequired\":true,\"valueName\":\"search_term_string\"}}],\"inLanguage\":\"en-US\"},{\"@type\":\"Organization\",\"@id\":\"https:\/\/shop.bazarcia.com\/#organization\",\"name\":\"Bazar & Cia\",\"url\":\"https:\/\/shop.bazarcia.com\/\",\"logo\":{\"@type\":\"ImageObject\",\"inLanguage\":\"en-US\",\"@id\":\"https:\/\/shop.bazarcia.com\/#\/schema\/logo\/image\/\",\"url\":\"https:\/\/shop.bazarcia.com\/wp-content\/uploads\/2024\/02\/cropped-logo_bazarcia.png\",\"contentUrl\":\"https:\/\/shop.bazarcia.com\/wp-content\/uploads\/2024\/02\/cropped-logo_bazarcia.png\",\"width\":150,\"height\":150,\"caption\":\"Bazar & Cia\"},\"image\":{\"@id\":\"https:\/\/shop.bazarcia.com\/#\/schema\/logo\/image\/\"},\"sameAs\":[\"https:\/\/www.facebook.com\/shopbazarcia\",\"https:\/\/www.instagram.com\/shopbazarcia\",\"https:\/\/br.pinterest.com\/suzane_eloise\/\",\"https:\/\/www.youtube.com\/c\/BazardoBordadoMatrizeseProjetos\"]}]}<\/script>\n<!-- \/ Yoast SEO plugin. -->","yoast_head_json":{"title":"Matriz de Bordado - Mini Cole\u00e7\u00e3o Princesas - \ud835\udc1b\ud835\udc1a\ud835\udc33\ud835\udc1a\ud835\udc2b &amp; \ud835\udc1c\ud835\udc22\ud835\udc1a","robots":{"index":"index","follow":"follow","max-snippet":"max-snippet:-1","max-image-preview":"max-image-preview:large","max-video-preview":"max-video-preview:-1"},"canonical":"https:\/\/shop.bazarcia.com\/en\/product\/matriz-de-bordado-mini-colecao-princesas\/","og_locale":"en_US","og_type":"article","og_title":"Matriz de Bordado - Mini Cole\u00e7\u00e3o Princesas - \ud835\udc1b\ud835\udc1a\ud835\udc33\ud835\udc1a\ud835\udc2b &amp; \ud835\udc1c\ud835\udc22\ud835\udc1a","og_description":"Matrizes para Bordado \u2013 Mini Cole\u00e7\u00e3o Princesas Cont\u00e9m 5 princesas em tr\u00eas tamanhos: 10cm - 12cm -15cm Nos formatos PES-JEF-DST-EXP-XXX-HUS","og_url":"https:\/\/shop.bazarcia.com\/en\/product\/matriz-de-bordado-mini-colecao-princesas\/","og_site_name":"\ud835\udc1b\ud835\udc1a\ud835\udc33\ud835\udc1a\ud835\udc2b &amp; \ud835\udc1c\ud835\udc22\ud835\udc1a","article_publisher":"https:\/\/www.facebook.com\/shopbazarcia","article_modified_time":"2025-08-06T16:58:56+00:00","og_image":[{"width":1080,"height":1080,"url":"https:\/\/shop.bazarcia.com\/wp-content\/uploads\/2021\/08\/PM-Princesas-1.png","type":"image\/png"}],"twitter_card":"summary_large_image","twitter_misc":{"Est. reading time":"2 minutes"},"schema":{"@context":"https:\/\/schema.org","@graph":[{"@type":"WebPage","@id":"https:\/\/shop.bazarcia.com\/en\/product\/matriz-de-bordado-mini-colecao-princesas\/","url":"https:\/\/shop.bazarcia.com\/en\/product\/matriz-de-bordado-mini-colecao-princesas\/","name":"Matriz de Bordado - Mini Cole\u00e7\u00e3o Princesas - \ud835\udc1b\ud835\udc1a\ud835\udc33\ud835\udc1a\ud835\udc2b &amp; \ud835\udc1c\ud835\udc22\ud835\udc1a","isPartOf":{"@id":"https:\/\/shop.bazarcia.com\/#website"},"primaryImageOfPage":{"@id":"https:\/\/shop.bazarcia.com\/en\/product\/matriz-de-bordado-mini-colecao-princesas\/#primaryimage"},"image":{"@id":"https:\/\/shop.bazarcia.com\/en\/product\/matriz-de-bordado-mini-colecao-princesas\/#primaryimage"},"thumbnailUrl":"https:\/\/shop.bazarcia.com\/wp-content\/uploads\/2021\/08\/PM-Princesas-1.png","datePublished":"2021-08-30T20:15:57+00:00","dateModified":"2025-08-06T16:58:56+00:00","breadcrumb":{"@id":"https:\/\/shop.bazarcia.com\/en\/product\/matriz-de-bordado-mini-colecao-princesas\/#breadcrumb"},"inLanguage":"en-US","potentialAction":[{"@type":"ReadAction","target":["https:\/\/shop.bazarcia.com\/en\/product\/matriz-de-bordado-mini-colecao-princesas\/"]}]},{"@type":"ImageObject","inLanguage":"en-US","@id":"https:\/\/shop.bazarcia.com\/en\/product\/matriz-de-bordado-mini-colecao-princesas\/#primaryimage","url":"https:\/\/shop.bazarcia.com\/wp-content\/uploads\/2021\/08\/PM-Princesas-1.png","contentUrl":"https:\/\/shop.bazarcia.com\/wp-content\/uploads\/2021\/08\/PM-Princesas-1.png","width":1080,"height":1080},{"@type":"BreadcrumbList","@id":"https:\/\/shop.bazarcia.com\/en\/product\/matriz-de-bordado-mini-colecao-princesas\/#breadcrumb","itemListElement":[{"@type":"ListItem","position":1,"name":"In\u00edcio","item":"https:\/\/shop.bazarcia.com\/"},{"@type":"ListItem","position":2,"name":"Loja","item":"https:\/\/shop.bazarcia.com\/loja\/"},{"@type":"ListItem","position":3,"name":"Matriz de Bordado &#8211; Mini Cole\u00e7\u00e3o Princesas"}]},{"@type":"WebSite","@id":"https:\/\/shop.bazarcia.com\/#website","url":"https:\/\/shop.bazarcia.com\/","name":"Bazar & Cia","description":"criatividade ponto a ponto","publisher":{"@id":"https:\/\/shop.bazarcia.com\/#organization"},"potentialAction":[{"@type":"SearchAction","target":{"@type":"EntryPoint","urlTemplate":"https:\/\/shop.bazarcia.com\/?s={search_term_string}"},"query-input":{"@type":"PropertyValueSpecification","valueRequired":true,"valueName":"search_term_string"}}],"inLanguage":"en-US"},{"@type":"Organization","@id":"https:\/\/shop.bazarcia.com\/#organization","name":"Bazar & Cia","url":"https:\/\/shop.bazarcia.com\/","logo":{"@type":"ImageObject","inLanguage":"en-US","@id":"https:\/\/shop.bazarcia.com\/#\/schema\/logo\/image\/","url":"https:\/\/shop.bazarcia.com\/wp-content\/uploads\/2024\/02\/cropped-logo_bazarcia.png","contentUrl":"https:\/\/shop.bazarcia.com\/wp-content\/uploads\/2024\/02\/cropped-logo_bazarcia.png","width":150,"height":150,"caption":"Bazar & Cia"},"image":{"@id":"https:\/\/shop.bazarcia.com\/#\/schema\/logo\/image\/"},"sameAs":["https:\/\/www.facebook.com\/shopbazarcia","https:\/\/www.instagram.com\/shopbazarcia","https:\/\/br.pinterest.com\/suzane_eloise\/","https:\/\/www.youtube.com\/c\/BazardoBordadoMatrizeseProjetos"]}]}},"_links":{"self":[{"href":"https:\/\/shop.bazarcia.com\/en\/wp-json\/wp\/v2\/product\/117313","targetHints":{"allow":["GET"]}}],"collection":[{"href":"https:\/\/shop.bazarcia.com\/en\/wp-json\/wp\/v2\/product"}],"about":[{"href":"https:\/\/shop.bazarcia.com\/en\/wp-json\/wp\/v2\/types\/product"}],"replies":[{"embeddable":true,"href":"https:\/\/shop.bazarcia.com\/en\/wp-json\/wp\/v2\/comments?post=117313"}],"version-history":[{"count":3,"href":"https:\/\/shop.bazarcia.com\/en\/wp-json\/wp\/v2\/product\/117313\/revisions"}],"predecessor-version":[{"id":337697,"href":"https:\/\/shop.bazarcia.com\/en\/wp-json\/wp\/v2\/product\/117313\/revisions\/337697"}],"wp:featuredmedia":[{"embeddable":true,"href":"https:\/\/shop.bazarcia.com\/en\/wp-json\/wp\/v2\/media\/117324"}],"wp:attachment":[{"href":"https:\/\/shop.bazarcia.com\/en\/wp-json\/wp\/v2\/media?parent=117313"}],"wp:term":[{"taxonomy":"product_brand","embeddable":true,"href":"https:\/\/shop.bazarcia.com\/en\/wp-json\/wp\/v2\/product_brand?post=117313"},{"taxonomy":"product_cat","embeddable":true,"href":"https:\/\/shop.bazarcia.com\/en\/wp-json\/wp\/v2\/product_cat?post=117313"},{"taxonomy":"product_tag","embeddable":true,"href":"https:\/\/shop.bazarcia.com\/en\/wp-json\/wp\/v2\/product_tag?post=117313"}],"curies":[{"name":"wp","href":"https:\/\/api.w.org\/{rel}","templated":true}]}}