{"id":118573,"date":"2021-09-06T12:34:27","date_gmt":"2021-09-06T15:34:27","guid":{"rendered":"https:\/\/shop.bazarcia.com\/produto\/curso-bordado-sombra\/"},"modified":"2021-09-06T12:39:40","modified_gmt":"2021-09-06T15:39:40","slug":"curso-bordado-sombra","status":"publish","type":"product","link":"https:\/\/shop.bazarcia.com\/en\/product\/curso-bordado-sombra\/","title":{"rendered":"Curso Bordado Sombra"},"content":{"rendered":"<p><span style=\"font-family: Poppins, sans-serif\">Conte\u00fado do curso:<\/span><br style=\"font-family: Poppins, sans-serif\" \/><span style=\"font-family: Poppins, sans-serif\">* Introdu\u00e7\u00e3o<\/span><br style=\"font-family: Poppins, sans-serif\" \/><span style=\"font-family: Poppins, sans-serif\">* Lista de material<\/span><br style=\"font-family: Poppins, sans-serif\" \/><span style=\"font-family: Poppins, sans-serif\">* Aula modelo b\u00e1sico (bordadeira)<\/span><br style=\"font-family: Poppins, sans-serif\" \/><span style=\"font-family: Poppins, sans-serif\">* Aula modelo moldura (bordadeira)<\/span><br style=\"font-family: Poppins, sans-serif\" \/><span style=\"font-family: Poppins, sans-serif\">* Aula b\u00f4nus 1\u00a0&#8211; como montar a fralda de barrado sombra (costura)<\/span><br style=\"font-family: Poppins, sans-serif\" \/><span style=\"font-family: Poppins, sans-serif\">* Aula b\u00f4nus 2\u00a0&#8211; como montar fralda modelo com moldura (costura)<\/span><br style=\"font-family: Poppins, sans-serif\" \/><strong style=\"font-family: Poppins, sans-serif\">Libera\u00e7\u00e3o das aulas em at\u00e9 2 dias \u00fateis ap\u00f3s confirma\u00e7\u00e3o do pagamento, basta entrar em contato.<\/strong><br style=\"font-family: Poppins, sans-serif\" \/><span style=\"font-family: Poppins, sans-serif\">Requisitos m\u00ednimos:<\/span><br style=\"font-family: Poppins, sans-serif\" \/><span style=\"font-family: Poppins, sans-serif\">*Saber operar suas m\u00e1quinas.<\/span><br style=\"font-family: Poppins, sans-serif\" \/><span style=\"font-family: Poppins, sans-serif\">*No\u00e7\u00f5es b\u00e1sicas de corte e costura.<\/span><br style=\"font-family: Poppins, sans-serif\" \/><span style=\"font-family: Poppins, sans-serif\">M\u00e1quinas usadas no curso: BP2150 &#8211; Brother (bordado) mas pode ser feita em qualquer outra marca e modelo, reta e overlock industrial (mas pode ser usada qualquer m\u00e1quina de costura dom\u00e9stica e dispensar o uso do overlock)<\/span><br style=\"font-family: Poppins, sans-serif\" \/><span style=\"font-family: Poppins, sans-serif\">Medida dos arquivos : de 7 \u00e0 12cm.<\/span><br style=\"font-family: Poppins, sans-serif\" \/><span style=\"font-family: Poppins, sans-serif\">Os arquivos ser\u00e3o disponibilizados junto com a aula.<\/span><br style=\"font-family: Poppins, sans-serif\" \/><span style=\"font-family: Poppins, sans-serif\">As aulas ficar\u00e3o dispon\u00edveis por 2 anos contados \u00e0 partir da data da compra.<\/span><\/p>","protected":false},"excerpt":{"rendered":"<p>Aula on-line<br \/>\nBordado sombra na bordadeira eletr\u00f4nica.<br \/>\nAula on line em nossa plataforma de cursos.<br \/>\nAprenda a fazer esta t\u00e9cnica de bordado em sua m\u00e1quina.<\/p>","protected":false},"featured_media":118558,"comment_status":"open","ping_status":"closed","template":"","meta":{"_acf_changed":false,"_joinchat":[]},"product_brand":[],"product_cat":[1066,1047,1048,1094,84],"product_tag":[1170,1431,1433,1091,1092,1090,1430],"class_list":{"0":"post-118573","1":"product","2":"type-product","3":"status-publish","4":"has-post-thumbnail","6":"product_cat-colecoes-matrizes-de-bordado","7":"product_cat-cursos","8":"product_cat-cursos-de-bordado","9":"product_cat-cursos-de-bordado-costura","10":"product_cat-matrizes-de-bordado","11":"product_tag-bordado","12":"product_tag-bordado-computadorizado","13":"product_tag-bordado-eletronico","14":"product_tag-brother","15":"product_tag-maquina-de-bordado-brother-bp2150ldv","16":"product_tag-maquina-de-bordar","17":"product_tag-matriz-de-bordado","19":"first","20":"instock","21":"virtual","22":"purchasable","23":"product-type-simple"},"acf":[],"yoast_head":"<!-- This site is optimized with the Yoast SEO plugin v27.2 - https:\/\/yoast.com\/product\/yoast-seo-wordpress\/ -->\n<title>Curso Bordado Sombra - \ud835\udc1b\ud835\udc1a\ud835\udc33\ud835\udc1a\ud835\udc2b &amp; \ud835\udc1c\ud835\udc22\ud835\udc1a<\/title>\n<meta name=\"description\" content=\"Aula on-line bordado sombra computadorizado.\" \/>\n<meta name=\"robots\" content=\"index, follow, max-snippet:-1, max-image-preview:large, max-video-preview:-1\" \/>\n<link rel=\"canonical\" href=\"https:\/\/shop.bazarcia.com\/en\/product\/curso-bordado-sombra\/\" \/>\n<meta property=\"og:locale\" content=\"en_US\" \/>\n<meta property=\"og:type\" content=\"article\" \/>\n<meta property=\"og:title\" content=\"Curso Bordado Sombra - \ud835\udc1b\ud835\udc1a\ud835\udc33\ud835\udc1a\ud835\udc2b &amp; \ud835\udc1c\ud835\udc22\ud835\udc1a\" \/>\n<meta property=\"og:description\" content=\"Aula on-line bordado sombra computadorizado.\" \/>\n<meta property=\"og:url\" content=\"https:\/\/shop.bazarcia.com\/en\/product\/curso-bordado-sombra\/\" \/>\n<meta property=\"og:site_name\" content=\"\ud835\udc1b\ud835\udc1a\ud835\udc33\ud835\udc1a\ud835\udc2b &amp; \ud835\udc1c\ud835\udc22\ud835\udc1a\" \/>\n<meta property=\"article:publisher\" content=\"https:\/\/www.facebook.com\/shopbazarcia\" \/>\n<meta property=\"article:modified_time\" content=\"2021-09-06T15:39:40+00:00\" \/>\n<meta property=\"og:image\" content=\"https:\/\/shop.bazarcia.com\/wp-content\/uploads\/2021\/09\/3-1.jpg\" \/>\n\t<meta property=\"og:image:width\" content=\"850\" \/>\n\t<meta property=\"og:image:height\" content=\"850\" \/>\n\t<meta property=\"og:image:type\" content=\"image\/jpeg\" \/>\n<meta name=\"twitter:card\" content=\"summary_large_image\" \/>\n<meta name=\"twitter:label1\" content=\"Est. reading time\" \/>\n\t<meta name=\"twitter:data1\" content=\"1 minute\" \/>\n<script type=\"application\/ld+json\" class=\"yoast-schema-graph\">{\"@context\":\"https:\/\/schema.org\",\"@graph\":[{\"@type\":\"WebPage\",\"@id\":\"https:\/\/shop.bazarcia.com\/produto\/curso-bordado-sombra\/\",\"url\":\"https:\/\/shop.bazarcia.com\/produto\/curso-bordado-sombra\/\",\"name\":\"Curso Bordado Sombra - \ud835\udc1b\ud835\udc1a\ud835\udc33\ud835\udc1a\ud835\udc2b &amp; \ud835\udc1c\ud835\udc22\ud835\udc1a\",\"isPartOf\":{\"@id\":\"https:\/\/shop.bazarcia.com\/#website\"},\"primaryImageOfPage\":{\"@id\":\"https:\/\/shop.bazarcia.com\/produto\/curso-bordado-sombra\/#primaryimage\"},\"image\":{\"@id\":\"https:\/\/shop.bazarcia.com\/produto\/curso-bordado-sombra\/#primaryimage\"},\"thumbnailUrl\":\"https:\/\/shop.bazarcia.com\/wp-content\/uploads\/2021\/09\/3-1.jpg\",\"datePublished\":\"2021-09-06T15:34:27+00:00\",\"dateModified\":\"2021-09-06T15:39:40+00:00\",\"description\":\"Aula on-line bordado sombra computadorizado.\",\"breadcrumb\":{\"@id\":\"https:\/\/shop.bazarcia.com\/produto\/curso-bordado-sombra\/#breadcrumb\"},\"inLanguage\":\"en-US\",\"potentialAction\":[{\"@type\":\"ReadAction\",\"target\":[\"https:\/\/shop.bazarcia.com\/produto\/curso-bordado-sombra\/\"]}]},{\"@type\":\"ImageObject\",\"inLanguage\":\"en-US\",\"@id\":\"https:\/\/shop.bazarcia.com\/produto\/curso-bordado-sombra\/#primaryimage\",\"url\":\"https:\/\/shop.bazarcia.com\/wp-content\/uploads\/2021\/09\/3-1.jpg\",\"contentUrl\":\"https:\/\/shop.bazarcia.com\/wp-content\/uploads\/2021\/09\/3-1.jpg\",\"width\":850,\"height\":850},{\"@type\":\"BreadcrumbList\",\"@id\":\"https:\/\/shop.bazarcia.com\/produto\/curso-bordado-sombra\/#breadcrumb\",\"itemListElement\":[{\"@type\":\"ListItem\",\"position\":1,\"name\":\"In\u00edcio\",\"item\":\"https:\/\/shop.bazarcia.com\/\"},{\"@type\":\"ListItem\",\"position\":2,\"name\":\"Loja\",\"item\":\"https:\/\/shop.bazarcia.com\/loja\/\"},{\"@type\":\"ListItem\",\"position\":3,\"name\":\"Curso Bordado Sombra\"}]},{\"@type\":\"WebSite\",\"@id\":\"https:\/\/shop.bazarcia.com\/#website\",\"url\":\"https:\/\/shop.bazarcia.com\/\",\"name\":\"Bazar & Cia\",\"description\":\"criatividade ponto a ponto\",\"publisher\":{\"@id\":\"https:\/\/shop.bazarcia.com\/#organization\"},\"potentialAction\":[{\"@type\":\"SearchAction\",\"target\":{\"@type\":\"EntryPoint\",\"urlTemplate\":\"https:\/\/shop.bazarcia.com\/?s={search_term_string}\"},\"query-input\":{\"@type\":\"PropertyValueSpecification\",\"valueRequired\":true,\"valueName\":\"search_term_string\"}}],\"inLanguage\":\"en-US\"},{\"@type\":\"Organization\",\"@id\":\"https:\/\/shop.bazarcia.com\/#organization\",\"name\":\"Bazar & Cia\",\"url\":\"https:\/\/shop.bazarcia.com\/\",\"logo\":{\"@type\":\"ImageObject\",\"inLanguage\":\"en-US\",\"@id\":\"https:\/\/shop.bazarcia.com\/#\/schema\/logo\/image\/\",\"url\":\"https:\/\/shop.bazarcia.com\/wp-content\/uploads\/2024\/02\/cropped-logo_bazarcia.png\",\"contentUrl\":\"https:\/\/shop.bazarcia.com\/wp-content\/uploads\/2024\/02\/cropped-logo_bazarcia.png\",\"width\":150,\"height\":150,\"caption\":\"Bazar & Cia\"},\"image\":{\"@id\":\"https:\/\/shop.bazarcia.com\/#\/schema\/logo\/image\/\"},\"sameAs\":[\"https:\/\/www.facebook.com\/shopbazarcia\",\"https:\/\/www.instagram.com\/shopbazarcia\",\"https:\/\/br.pinterest.com\/suzane_eloise\/\",\"https:\/\/www.youtube.com\/c\/BazardoBordadoMatrizeseProjetos\"]}]}<\/script>\n<!-- \/ Yoast SEO plugin. -->","yoast_head_json":{"title":"Curso Bordado Sombra - \ud835\udc1b\ud835\udc1a\ud835\udc33\ud835\udc1a\ud835\udc2b &amp; \ud835\udc1c\ud835\udc22\ud835\udc1a","description":"Aula on-line bordado sombra computadorizado.","robots":{"index":"index","follow":"follow","max-snippet":"max-snippet:-1","max-image-preview":"max-image-preview:large","max-video-preview":"max-video-preview:-1"},"canonical":"https:\/\/shop.bazarcia.com\/en\/product\/curso-bordado-sombra\/","og_locale":"en_US","og_type":"article","og_title":"Curso Bordado Sombra - \ud835\udc1b\ud835\udc1a\ud835\udc33\ud835\udc1a\ud835\udc2b &amp; \ud835\udc1c\ud835\udc22\ud835\udc1a","og_description":"Aula on-line bordado sombra computadorizado.","og_url":"https:\/\/shop.bazarcia.com\/en\/product\/curso-bordado-sombra\/","og_site_name":"\ud835\udc1b\ud835\udc1a\ud835\udc33\ud835\udc1a\ud835\udc2b &amp; \ud835\udc1c\ud835\udc22\ud835\udc1a","article_publisher":"https:\/\/www.facebook.com\/shopbazarcia","article_modified_time":"2021-09-06T15:39:40+00:00","og_image":[{"width":850,"height":850,"url":"https:\/\/shop.bazarcia.com\/wp-content\/uploads\/2021\/09\/3-1.jpg","type":"image\/jpeg"}],"twitter_card":"summary_large_image","twitter_misc":{"Est. reading time":"1 minute"},"schema":{"@context":"https:\/\/schema.org","@graph":[{"@type":"WebPage","@id":"https:\/\/shop.bazarcia.com\/produto\/curso-bordado-sombra\/","url":"https:\/\/shop.bazarcia.com\/produto\/curso-bordado-sombra\/","name":"Curso Bordado Sombra - \ud835\udc1b\ud835\udc1a\ud835\udc33\ud835\udc1a\ud835\udc2b &amp; \ud835\udc1c\ud835\udc22\ud835\udc1a","isPartOf":{"@id":"https:\/\/shop.bazarcia.com\/#website"},"primaryImageOfPage":{"@id":"https:\/\/shop.bazarcia.com\/produto\/curso-bordado-sombra\/#primaryimage"},"image":{"@id":"https:\/\/shop.bazarcia.com\/produto\/curso-bordado-sombra\/#primaryimage"},"thumbnailUrl":"https:\/\/shop.bazarcia.com\/wp-content\/uploads\/2021\/09\/3-1.jpg","datePublished":"2021-09-06T15:34:27+00:00","dateModified":"2021-09-06T15:39:40+00:00","description":"Aula on-line bordado sombra computadorizado.","breadcrumb":{"@id":"https:\/\/shop.bazarcia.com\/produto\/curso-bordado-sombra\/#breadcrumb"},"inLanguage":"en-US","potentialAction":[{"@type":"ReadAction","target":["https:\/\/shop.bazarcia.com\/produto\/curso-bordado-sombra\/"]}]},{"@type":"ImageObject","inLanguage":"en-US","@id":"https:\/\/shop.bazarcia.com\/produto\/curso-bordado-sombra\/#primaryimage","url":"https:\/\/shop.bazarcia.com\/wp-content\/uploads\/2021\/09\/3-1.jpg","contentUrl":"https:\/\/shop.bazarcia.com\/wp-content\/uploads\/2021\/09\/3-1.jpg","width":850,"height":850},{"@type":"BreadcrumbList","@id":"https:\/\/shop.bazarcia.com\/produto\/curso-bordado-sombra\/#breadcrumb","itemListElement":[{"@type":"ListItem","position":1,"name":"In\u00edcio","item":"https:\/\/shop.bazarcia.com\/"},{"@type":"ListItem","position":2,"name":"Loja","item":"https:\/\/shop.bazarcia.com\/loja\/"},{"@type":"ListItem","position":3,"name":"Curso Bordado Sombra"}]},{"@type":"WebSite","@id":"https:\/\/shop.bazarcia.com\/#website","url":"https:\/\/shop.bazarcia.com\/","name":"Bazar & Cia","description":"criatividade ponto a ponto","publisher":{"@id":"https:\/\/shop.bazarcia.com\/#organization"},"potentialAction":[{"@type":"SearchAction","target":{"@type":"EntryPoint","urlTemplate":"https:\/\/shop.bazarcia.com\/?s={search_term_string}"},"query-input":{"@type":"PropertyValueSpecification","valueRequired":true,"valueName":"search_term_string"}}],"inLanguage":"en-US"},{"@type":"Organization","@id":"https:\/\/shop.bazarcia.com\/#organization","name":"Bazar & Cia","url":"https:\/\/shop.bazarcia.com\/","logo":{"@type":"ImageObject","inLanguage":"en-US","@id":"https:\/\/shop.bazarcia.com\/#\/schema\/logo\/image\/","url":"https:\/\/shop.bazarcia.com\/wp-content\/uploads\/2024\/02\/cropped-logo_bazarcia.png","contentUrl":"https:\/\/shop.bazarcia.com\/wp-content\/uploads\/2024\/02\/cropped-logo_bazarcia.png","width":150,"height":150,"caption":"Bazar & Cia"},"image":{"@id":"https:\/\/shop.bazarcia.com\/#\/schema\/logo\/image\/"},"sameAs":["https:\/\/www.facebook.com\/shopbazarcia","https:\/\/www.instagram.com\/shopbazarcia","https:\/\/br.pinterest.com\/suzane_eloise\/","https:\/\/www.youtube.com\/c\/BazardoBordadoMatrizeseProjetos"]}]}},"_links":{"self":[{"href":"https:\/\/shop.bazarcia.com\/en\/wp-json\/wp\/v2\/product\/118573","targetHints":{"allow":["GET"]}}],"collection":[{"href":"https:\/\/shop.bazarcia.com\/en\/wp-json\/wp\/v2\/product"}],"about":[{"href":"https:\/\/shop.bazarcia.com\/en\/wp-json\/wp\/v2\/types\/product"}],"replies":[{"embeddable":true,"href":"https:\/\/shop.bazarcia.com\/en\/wp-json\/wp\/v2\/comments?post=118573"}],"version-history":[{"count":0,"href":"https:\/\/shop.bazarcia.com\/en\/wp-json\/wp\/v2\/product\/118573\/revisions"}],"wp:featuredmedia":[{"embeddable":true,"href":"https:\/\/shop.bazarcia.com\/en\/wp-json\/wp\/v2\/media\/118558"}],"wp:attachment":[{"href":"https:\/\/shop.bazarcia.com\/en\/wp-json\/wp\/v2\/media?parent=118573"}],"wp:term":[{"taxonomy":"product_brand","embeddable":true,"href":"https:\/\/shop.bazarcia.com\/en\/wp-json\/wp\/v2\/product_brand?post=118573"},{"taxonomy":"product_cat","embeddable":true,"href":"https:\/\/shop.bazarcia.com\/en\/wp-json\/wp\/v2\/product_cat?post=118573"},{"taxonomy":"product_tag","embeddable":true,"href":"https:\/\/shop.bazarcia.com\/en\/wp-json\/wp\/v2\/product_tag?post=118573"}],"curies":[{"name":"wp","href":"https:\/\/api.w.org\/{rel}","templated":true}]}}