{"id":119059,"date":"2021-09-08T18:53:46","date_gmt":"2021-09-08T21:53:46","guid":{"rendered":"https:\/\/shop.bazarcia.com\/produto\/matriz-pacote-8-naninhas-em-rippled\/"},"modified":"2022-06-07T17:16:33","modified_gmt":"2022-06-07T20:16:33","slug":"matriz-pacote-8-naninhas-em-rippled","status":"publish","type":"product","link":"https:\/\/shop.bazarcia.com\/en\/product\/matriz-pacote-8-naninhas-em-rippled\/","title":{"rendered":"MATRIZ PACOTE 8 NANINHAS EM RIPPLED"},"content":{"rendered":"<p>N\u00c3O S\u00c3O PROJETOS!!! S\u00c3O MATRIZES NORMAIS<\/p>\n<p><span style=\"color: #7d7873;font-family: museo_sans, sans-serif;font-size: 14px\">PACOTE COM 8 NANINHAS EM RIPPLED<\/span><br style=\"color: #7d7873;font-family: museo_sans, sans-serif;font-size: 14px\" \/><span style=\"color: #7d7873;font-family: museo_sans, sans-serif;font-size: 14px\">Tamanho 10cm 13cm 15cm<\/span><br style=\"color: #7d7873;font-family: museo_sans, sans-serif;font-size: 14px\" \/><span style=\"color: #7d7873;font-family: museo_sans, sans-serif;font-size: 14px\">FORMATOS: PES &#8211; JEF, &#8211; DST &#8211; XXX.<\/span><br style=\"color: #7d7873;font-family: museo_sans, sans-serif;font-size: 14px\" \/><br style=\"color: #7d7873;font-family: museo_sans, sans-serif;font-size: 14px\" \/><span style=\"color: #7d7873;font-family: museo_sans, sans-serif;font-size: 14px\">Qualquer d\u00favida s\u00f3 entrar em contato.<\/span><\/p>","protected":false},"excerpt":{"rendered":"<p>N\u00c3O S\u00c3O PROJETOS!!! S\u00c3O MATRIZES NORMAIS<\/p>\n<p>8 NANINHAS EM RIPPLED<\/p>\n<p>EM 3 TAMANHOS 10CM 13CM E 15CM<\/p>","protected":false},"featured_media":119058,"comment_status":"open","ping_status":"closed","template":"","meta":{"_acf_changed":false,"_joinchat":[]},"product_brand":[],"product_cat":[84,1059,312,306,98,213],"product_tag":[1170,1280,1090,1430,1432],"class_list":{"0":"post-119059","1":"product","2":"type-product","3":"status-publish","4":"has-post-thumbnail","6":"product_cat-matrizes-de-bordado","7":"product_cat-criancas","8":"product_cat-matrizes-pontos-leves","9":"product_cat-pacotinhos-de-matrizes","10":"product_cat-projetos-na-bordadeira-in-the-hoop-embroidery","11":"product_cat-projeto-naninhas-na-bordadeira","12":"product_tag-bordado","13":"product_tag-bordar","14":"product_tag-maquina-de-bordar","15":"product_tag-matriz-de-bordado","16":"product_tag-matrizes-de-bordado","18":"first","19":"instock","20":"downloadable","21":"virtual","22":"purchasable","23":"product-type-simple"},"acf":[],"yoast_head":"<!-- This site is optimized with the Yoast SEO plugin v27.2 - https:\/\/yoast.com\/product\/yoast-seo-wordpress\/ -->\n<title>MATRIZ PACOTE 8 NANINHAS EM RIPPLED - \ud835\udc1b\ud835\udc1a\ud835\udc33\ud835\udc1a\ud835\udc2b &amp; \ud835\udc1c\ud835\udc22\ud835\udc1a<\/title>\n<meta name=\"robots\" content=\"index, follow, max-snippet:-1, max-image-preview:large, max-video-preview:-1\" \/>\n<link rel=\"canonical\" href=\"https:\/\/shop.bazarcia.com\/en\/product\/matriz-pacote-8-naninhas-em-rippled\/\" \/>\n<meta property=\"og:locale\" content=\"en_US\" \/>\n<meta property=\"og:type\" content=\"article\" \/>\n<meta property=\"og:title\" content=\"MATRIZ PACOTE 8 NANINHAS EM RIPPLED - \ud835\udc1b\ud835\udc1a\ud835\udc33\ud835\udc1a\ud835\udc2b &amp; \ud835\udc1c\ud835\udc22\ud835\udc1a\" \/>\n<meta property=\"og:description\" content=\"N\u00c3O S\u00c3O PROJETOS!!! S\u00c3O MATRIZES NORMAIS  8 NANINHAS EM RIPPLED  EM 3 TAMANHOS 10CM 13CM E 15CM\" \/>\n<meta property=\"og:url\" content=\"https:\/\/shop.bazarcia.com\/en\/product\/matriz-pacote-8-naninhas-em-rippled\/\" \/>\n<meta property=\"og:site_name\" content=\"\ud835\udc1b\ud835\udc1a\ud835\udc33\ud835\udc1a\ud835\udc2b &amp; \ud835\udc1c\ud835\udc22\ud835\udc1a\" \/>\n<meta property=\"article:publisher\" content=\"https:\/\/www.facebook.com\/shopbazarcia\" \/>\n<meta property=\"article:modified_time\" content=\"2022-06-07T20:16:33+00:00\" \/>\n<meta property=\"og:image\" content=\"https:\/\/shop.bazarcia.com\/wp-content\/uploads\/2021\/09\/NANINHAS-1.png\" \/>\n\t<meta property=\"og:image:width\" content=\"1466\" \/>\n\t<meta property=\"og:image:height\" content=\"796\" \/>\n\t<meta property=\"og:image:type\" content=\"image\/png\" \/>\n<meta name=\"twitter:card\" content=\"summary_large_image\" \/>\n<script type=\"application\/ld+json\" class=\"yoast-schema-graph\">{\"@context\":\"https:\/\/schema.org\",\"@graph\":[{\"@type\":\"WebPage\",\"@id\":\"https:\/\/shop.bazarcia.com\/produto\/matriz-pacote-8-naninhas-em-rippled\/\",\"url\":\"https:\/\/shop.bazarcia.com\/produto\/matriz-pacote-8-naninhas-em-rippled\/\",\"name\":\"MATRIZ PACOTE 8 NANINHAS EM RIPPLED - \ud835\udc1b\ud835\udc1a\ud835\udc33\ud835\udc1a\ud835\udc2b &amp; \ud835\udc1c\ud835\udc22\ud835\udc1a\",\"isPartOf\":{\"@id\":\"https:\/\/shop.bazarcia.com\/#website\"},\"primaryImageOfPage\":{\"@id\":\"https:\/\/shop.bazarcia.com\/produto\/matriz-pacote-8-naninhas-em-rippled\/#primaryimage\"},\"image\":{\"@id\":\"https:\/\/shop.bazarcia.com\/produto\/matriz-pacote-8-naninhas-em-rippled\/#primaryimage\"},\"thumbnailUrl\":\"https:\/\/shop.bazarcia.com\/wp-content\/uploads\/2021\/09\/NANINHAS-1.png\",\"datePublished\":\"2021-09-08T21:53:46+00:00\",\"dateModified\":\"2022-06-07T20:16:33+00:00\",\"breadcrumb\":{\"@id\":\"https:\/\/shop.bazarcia.com\/produto\/matriz-pacote-8-naninhas-em-rippled\/#breadcrumb\"},\"inLanguage\":\"en-US\",\"potentialAction\":[{\"@type\":\"ReadAction\",\"target\":[\"https:\/\/shop.bazarcia.com\/produto\/matriz-pacote-8-naninhas-em-rippled\/\"]}]},{\"@type\":\"ImageObject\",\"inLanguage\":\"en-US\",\"@id\":\"https:\/\/shop.bazarcia.com\/produto\/matriz-pacote-8-naninhas-em-rippled\/#primaryimage\",\"url\":\"https:\/\/shop.bazarcia.com\/wp-content\/uploads\/2021\/09\/NANINHAS-1.png\",\"contentUrl\":\"https:\/\/shop.bazarcia.com\/wp-content\/uploads\/2021\/09\/NANINHAS-1.png\",\"width\":1466,\"height\":796},{\"@type\":\"BreadcrumbList\",\"@id\":\"https:\/\/shop.bazarcia.com\/produto\/matriz-pacote-8-naninhas-em-rippled\/#breadcrumb\",\"itemListElement\":[{\"@type\":\"ListItem\",\"position\":1,\"name\":\"In\u00edcio\",\"item\":\"https:\/\/shop.bazarcia.com\/\"},{\"@type\":\"ListItem\",\"position\":2,\"name\":\"Loja\",\"item\":\"https:\/\/shop.bazarcia.com\/loja\/\"},{\"@type\":\"ListItem\",\"position\":3,\"name\":\"MATRIZ PACOTE 8 NANINHAS EM RIPPLED\"}]},{\"@type\":\"WebSite\",\"@id\":\"https:\/\/shop.bazarcia.com\/#website\",\"url\":\"https:\/\/shop.bazarcia.com\/\",\"name\":\"Bazar & Cia\",\"description\":\"criatividade ponto a ponto\",\"publisher\":{\"@id\":\"https:\/\/shop.bazarcia.com\/#organization\"},\"potentialAction\":[{\"@type\":\"SearchAction\",\"target\":{\"@type\":\"EntryPoint\",\"urlTemplate\":\"https:\/\/shop.bazarcia.com\/?s={search_term_string}\"},\"query-input\":{\"@type\":\"PropertyValueSpecification\",\"valueRequired\":true,\"valueName\":\"search_term_string\"}}],\"inLanguage\":\"en-US\"},{\"@type\":\"Organization\",\"@id\":\"https:\/\/shop.bazarcia.com\/#organization\",\"name\":\"Bazar & Cia\",\"url\":\"https:\/\/shop.bazarcia.com\/\",\"logo\":{\"@type\":\"ImageObject\",\"inLanguage\":\"en-US\",\"@id\":\"https:\/\/shop.bazarcia.com\/#\/schema\/logo\/image\/\",\"url\":\"https:\/\/shop.bazarcia.com\/wp-content\/uploads\/2024\/02\/cropped-logo_bazarcia.png\",\"contentUrl\":\"https:\/\/shop.bazarcia.com\/wp-content\/uploads\/2024\/02\/cropped-logo_bazarcia.png\",\"width\":150,\"height\":150,\"caption\":\"Bazar & Cia\"},\"image\":{\"@id\":\"https:\/\/shop.bazarcia.com\/#\/schema\/logo\/image\/\"},\"sameAs\":[\"https:\/\/www.facebook.com\/shopbazarcia\",\"https:\/\/www.instagram.com\/shopbazarcia\",\"https:\/\/br.pinterest.com\/suzane_eloise\/\",\"https:\/\/www.youtube.com\/c\/BazardoBordadoMatrizeseProjetos\"]}]}<\/script>\n<!-- \/ Yoast SEO plugin. -->","yoast_head_json":{"title":"MATRIZ PACOTE 8 NANINHAS EM RIPPLED - \ud835\udc1b\ud835\udc1a\ud835\udc33\ud835\udc1a\ud835\udc2b &amp; \ud835\udc1c\ud835\udc22\ud835\udc1a","robots":{"index":"index","follow":"follow","max-snippet":"max-snippet:-1","max-image-preview":"max-image-preview:large","max-video-preview":"max-video-preview:-1"},"canonical":"https:\/\/shop.bazarcia.com\/en\/product\/matriz-pacote-8-naninhas-em-rippled\/","og_locale":"en_US","og_type":"article","og_title":"MATRIZ PACOTE 8 NANINHAS EM RIPPLED - \ud835\udc1b\ud835\udc1a\ud835\udc33\ud835\udc1a\ud835\udc2b &amp; \ud835\udc1c\ud835\udc22\ud835\udc1a","og_description":"N\u00c3O S\u00c3O PROJETOS!!! S\u00c3O MATRIZES NORMAIS  8 NANINHAS EM RIPPLED  EM 3 TAMANHOS 10CM 13CM E 15CM","og_url":"https:\/\/shop.bazarcia.com\/en\/product\/matriz-pacote-8-naninhas-em-rippled\/","og_site_name":"\ud835\udc1b\ud835\udc1a\ud835\udc33\ud835\udc1a\ud835\udc2b &amp; \ud835\udc1c\ud835\udc22\ud835\udc1a","article_publisher":"https:\/\/www.facebook.com\/shopbazarcia","article_modified_time":"2022-06-07T20:16:33+00:00","og_image":[{"width":1466,"height":796,"url":"https:\/\/shop.bazarcia.com\/wp-content\/uploads\/2021\/09\/NANINHAS-1.png","type":"image\/png"}],"twitter_card":"summary_large_image","schema":{"@context":"https:\/\/schema.org","@graph":[{"@type":"WebPage","@id":"https:\/\/shop.bazarcia.com\/produto\/matriz-pacote-8-naninhas-em-rippled\/","url":"https:\/\/shop.bazarcia.com\/produto\/matriz-pacote-8-naninhas-em-rippled\/","name":"MATRIZ PACOTE 8 NANINHAS EM RIPPLED - \ud835\udc1b\ud835\udc1a\ud835\udc33\ud835\udc1a\ud835\udc2b &amp; \ud835\udc1c\ud835\udc22\ud835\udc1a","isPartOf":{"@id":"https:\/\/shop.bazarcia.com\/#website"},"primaryImageOfPage":{"@id":"https:\/\/shop.bazarcia.com\/produto\/matriz-pacote-8-naninhas-em-rippled\/#primaryimage"},"image":{"@id":"https:\/\/shop.bazarcia.com\/produto\/matriz-pacote-8-naninhas-em-rippled\/#primaryimage"},"thumbnailUrl":"https:\/\/shop.bazarcia.com\/wp-content\/uploads\/2021\/09\/NANINHAS-1.png","datePublished":"2021-09-08T21:53:46+00:00","dateModified":"2022-06-07T20:16:33+00:00","breadcrumb":{"@id":"https:\/\/shop.bazarcia.com\/produto\/matriz-pacote-8-naninhas-em-rippled\/#breadcrumb"},"inLanguage":"en-US","potentialAction":[{"@type":"ReadAction","target":["https:\/\/shop.bazarcia.com\/produto\/matriz-pacote-8-naninhas-em-rippled\/"]}]},{"@type":"ImageObject","inLanguage":"en-US","@id":"https:\/\/shop.bazarcia.com\/produto\/matriz-pacote-8-naninhas-em-rippled\/#primaryimage","url":"https:\/\/shop.bazarcia.com\/wp-content\/uploads\/2021\/09\/NANINHAS-1.png","contentUrl":"https:\/\/shop.bazarcia.com\/wp-content\/uploads\/2021\/09\/NANINHAS-1.png","width":1466,"height":796},{"@type":"BreadcrumbList","@id":"https:\/\/shop.bazarcia.com\/produto\/matriz-pacote-8-naninhas-em-rippled\/#breadcrumb","itemListElement":[{"@type":"ListItem","position":1,"name":"In\u00edcio","item":"https:\/\/shop.bazarcia.com\/"},{"@type":"ListItem","position":2,"name":"Loja","item":"https:\/\/shop.bazarcia.com\/loja\/"},{"@type":"ListItem","position":3,"name":"MATRIZ PACOTE 8 NANINHAS EM RIPPLED"}]},{"@type":"WebSite","@id":"https:\/\/shop.bazarcia.com\/#website","url":"https:\/\/shop.bazarcia.com\/","name":"Bazar & Cia","description":"criatividade ponto a ponto","publisher":{"@id":"https:\/\/shop.bazarcia.com\/#organization"},"potentialAction":[{"@type":"SearchAction","target":{"@type":"EntryPoint","urlTemplate":"https:\/\/shop.bazarcia.com\/?s={search_term_string}"},"query-input":{"@type":"PropertyValueSpecification","valueRequired":true,"valueName":"search_term_string"}}],"inLanguage":"en-US"},{"@type":"Organization","@id":"https:\/\/shop.bazarcia.com\/#organization","name":"Bazar & Cia","url":"https:\/\/shop.bazarcia.com\/","logo":{"@type":"ImageObject","inLanguage":"en-US","@id":"https:\/\/shop.bazarcia.com\/#\/schema\/logo\/image\/","url":"https:\/\/shop.bazarcia.com\/wp-content\/uploads\/2024\/02\/cropped-logo_bazarcia.png","contentUrl":"https:\/\/shop.bazarcia.com\/wp-content\/uploads\/2024\/02\/cropped-logo_bazarcia.png","width":150,"height":150,"caption":"Bazar & Cia"},"image":{"@id":"https:\/\/shop.bazarcia.com\/#\/schema\/logo\/image\/"},"sameAs":["https:\/\/www.facebook.com\/shopbazarcia","https:\/\/www.instagram.com\/shopbazarcia","https:\/\/br.pinterest.com\/suzane_eloise\/","https:\/\/www.youtube.com\/c\/BazardoBordadoMatrizeseProjetos"]}]}},"_links":{"self":[{"href":"https:\/\/shop.bazarcia.com\/en\/wp-json\/wp\/v2\/product\/119059","targetHints":{"allow":["GET"]}}],"collection":[{"href":"https:\/\/shop.bazarcia.com\/en\/wp-json\/wp\/v2\/product"}],"about":[{"href":"https:\/\/shop.bazarcia.com\/en\/wp-json\/wp\/v2\/types\/product"}],"replies":[{"embeddable":true,"href":"https:\/\/shop.bazarcia.com\/en\/wp-json\/wp\/v2\/comments?post=119059"}],"version-history":[{"count":0,"href":"https:\/\/shop.bazarcia.com\/en\/wp-json\/wp\/v2\/product\/119059\/revisions"}],"wp:featuredmedia":[{"embeddable":true,"href":"https:\/\/shop.bazarcia.com\/en\/wp-json\/wp\/v2\/media\/119058"}],"wp:attachment":[{"href":"https:\/\/shop.bazarcia.com\/en\/wp-json\/wp\/v2\/media?parent=119059"}],"wp:term":[{"taxonomy":"product_brand","embeddable":true,"href":"https:\/\/shop.bazarcia.com\/en\/wp-json\/wp\/v2\/product_brand?post=119059"},{"taxonomy":"product_cat","embeddable":true,"href":"https:\/\/shop.bazarcia.com\/en\/wp-json\/wp\/v2\/product_cat?post=119059"},{"taxonomy":"product_tag","embeddable":true,"href":"https:\/\/shop.bazarcia.com\/en\/wp-json\/wp\/v2\/product_tag?post=119059"}],"curies":[{"name":"wp","href":"https:\/\/api.w.org\/{rel}","templated":true}]}}