{"id":120555,"date":"2021-09-16T15:48:27","date_gmt":"2021-09-16T18:48:27","guid":{"rendered":"https:\/\/shop.bazarcia.com\/produto\/agenda-de-pedidos-modelo-1\/"},"modified":"2023-01-17T22:00:31","modified_gmt":"2023-01-18T01:00:31","slug":"agenda-de-pedidos-modelo-1","status":"publish","type":"product","link":"https:\/\/shop.bazarcia.com\/en\/product\/agenda-de-pedidos-modelo-1\/","title":{"rendered":"Agenda de Pedidos &#8211; Produ\u00e7\u00e3o Organizada"},"content":{"rendered":"<p><span style=\"font-weight: bolder;color: #a6ded8;font-family: roboto, sans-serif\"><span style=\"font-weight: bolder\">Agenda de pedidos<\/span><br \/>\nModelo a escolha ( Entraremos em contato pelo whatsapp ap\u00f3s o pedido para solicitar modelo escolhido )<br \/>\nSe atente ao telefone cadastrado.<br \/>\nAgenda impressa em folha 90 gramas.<br \/>\nFrente da folha:<span style=\"font-weight: bolder\">\u00a0Pedidos<\/span>\u00a0e verso :\u00a0<span style=\"font-weight: bolder\">Anota\u00e7\u00f5es<\/span><i style=\"vertical-align: middle\"><\/i>, para que voc\u00ea possa detalhar todo seu pedido.( Coloque n\u00famero das linhas utilizada, detalhes solicitados pelo comprador, matriz utilizada, tecido utilizado entre outros detalhes ! Assim se um dia te pedirem igual, voc\u00ea saber\u00e1 exatamente as cores e detalhes utilizados nesta encomenda ! ) ( caso prefira frente e verso a folha de pedidos, nos comunique pelo whatsapp ) 11951199923<br \/>\nCapa dura. Tamanho A5<br \/>\nLamina\u00e7\u00e3o Hologr\u00e1fica<br \/>\n100 folhas \/ espiral wire-o.<br \/>\nAcompanha Bolsinho artesanal, folha adesiva, Chaveiro e reguinha marca p\u00e1ginas !<br \/>\nFechamento com el\u00e1stico e passante .<\/span><\/p>\n<p><span style=\"font-weight: bolder\"><span style=\"font-weight: bolder\">Prazo de envio :<\/span><br \/>\nDevido ao grande fluxo que temos, conferimos pedido por pedido com calma, para que nada seja enviado incorretamente !<br \/>\nQueremos que voc\u00ea tenha a melhor experi\u00eancia poss\u00edvel !<br \/>\nDevido a isso pedimos um prazo de at\u00e9 8 dias \u00fateis para o envio dos produtos!<br \/>\nContamos com sua compreens\u00e3o , e concluindo este pedido, entendemos que voc\u00ea est\u00e1 concordando com os termos para aquisi\u00e7\u00e3o citados acima !<br \/>\nQualquer d\u00favida, estaremos a disposi\u00e7\u00e3o !<\/span><\/p>","protected":false},"excerpt":{"rendered":"<p>Leia Toda a descri\u00e7\u00e3o do produto .<\/p>","protected":false},"featured_media":120589,"comment_status":"open","ping_status":"closed","template":"","meta":{"_acf_changed":false,"_joinchat":[]},"product_brand":[],"product_cat":[1115],"product_tag":[1170],"class_list":{"0":"post-120555","1":"product","2":"type-product","3":"status-publish","4":"has-post-thumbnail","6":"product_cat-sem-categoria","7":"product_tag-bordado","9":"first","10":"instock","11":"shipping-taxable","12":"purchasable","13":"product-type-simple"},"acf":[],"yoast_head":"<!-- This site is optimized with the Yoast SEO plugin v27.2 - https:\/\/yoast.com\/product\/yoast-seo-wordpress\/ -->\n<title>Agenda de Pedidos - Produ\u00e7\u00e3o Organizada - \ud835\udc1b\ud835\udc1a\ud835\udc33\ud835\udc1a\ud835\udc2b &amp; \ud835\udc1c\ud835\udc22\ud835\udc1a<\/title>\n<meta name=\"robots\" content=\"index, follow, max-snippet:-1, max-image-preview:large, max-video-preview:-1\" \/>\n<link rel=\"canonical\" href=\"https:\/\/shop.bazarcia.com\/en\/product\/agenda-de-pedidos-modelo-1\/\" \/>\n<meta property=\"og:locale\" content=\"en_US\" \/>\n<meta property=\"og:type\" content=\"article\" \/>\n<meta property=\"og:title\" content=\"Agenda de Pedidos - Produ\u00e7\u00e3o Organizada - \ud835\udc1b\ud835\udc1a\ud835\udc33\ud835\udc1a\ud835\udc2b &amp; \ud835\udc1c\ud835\udc22\ud835\udc1a\" \/>\n<meta property=\"og:description\" content=\"Leia Toda a descri\u00e7\u00e3o do produto .\" \/>\n<meta property=\"og:url\" content=\"https:\/\/shop.bazarcia.com\/en\/product\/agenda-de-pedidos-modelo-1\/\" \/>\n<meta property=\"og:site_name\" content=\"\ud835\udc1b\ud835\udc1a\ud835\udc33\ud835\udc1a\ud835\udc2b &amp; \ud835\udc1c\ud835\udc22\ud835\udc1a\" \/>\n<meta property=\"article:publisher\" content=\"https:\/\/www.facebook.com\/shopbazarcia\" \/>\n<meta property=\"article:modified_time\" content=\"2023-01-18T01:00:31+00:00\" \/>\n<meta property=\"og:image\" content=\"https:\/\/shop.bazarcia.com\/wp-content\/uploads\/2021\/09\/20210802_171451-scaled.jpg\" \/>\n\t<meta property=\"og:image:width\" content=\"2560\" \/>\n\t<meta property=\"og:image:height\" content=\"2560\" \/>\n\t<meta property=\"og:image:type\" content=\"image\/jpeg\" \/>\n<meta name=\"twitter:card\" content=\"summary_large_image\" \/>\n<meta name=\"twitter:label1\" content=\"Est. reading time\" \/>\n\t<meta name=\"twitter:data1\" content=\"1 minute\" \/>\n<script type=\"application\/ld+json\" class=\"yoast-schema-graph\">{\"@context\":\"https:\/\/schema.org\",\"@graph\":[{\"@type\":\"WebPage\",\"@id\":\"https:\/\/shop.bazarcia.com\/produto\/agenda-de-pedidos-modelo-1\/\",\"url\":\"https:\/\/shop.bazarcia.com\/produto\/agenda-de-pedidos-modelo-1\/\",\"name\":\"Agenda de Pedidos - Produ\u00e7\u00e3o Organizada - \ud835\udc1b\ud835\udc1a\ud835\udc33\ud835\udc1a\ud835\udc2b &amp; \ud835\udc1c\ud835\udc22\ud835\udc1a\",\"isPartOf\":{\"@id\":\"https:\/\/shop.bazarcia.com\/#website\"},\"primaryImageOfPage\":{\"@id\":\"https:\/\/shop.bazarcia.com\/produto\/agenda-de-pedidos-modelo-1\/#primaryimage\"},\"image\":{\"@id\":\"https:\/\/shop.bazarcia.com\/produto\/agenda-de-pedidos-modelo-1\/#primaryimage\"},\"thumbnailUrl\":\"https:\/\/shop.bazarcia.com\/wp-content\/uploads\/2021\/09\/20210802_171451-scaled.jpg\",\"datePublished\":\"2021-09-16T18:48:27+00:00\",\"dateModified\":\"2023-01-18T01:00:31+00:00\",\"breadcrumb\":{\"@id\":\"https:\/\/shop.bazarcia.com\/produto\/agenda-de-pedidos-modelo-1\/#breadcrumb\"},\"inLanguage\":\"en-US\",\"potentialAction\":[{\"@type\":\"ReadAction\",\"target\":[\"https:\/\/shop.bazarcia.com\/produto\/agenda-de-pedidos-modelo-1\/\"]}]},{\"@type\":\"ImageObject\",\"inLanguage\":\"en-US\",\"@id\":\"https:\/\/shop.bazarcia.com\/produto\/agenda-de-pedidos-modelo-1\/#primaryimage\",\"url\":\"https:\/\/shop.bazarcia.com\/wp-content\/uploads\/2021\/09\/20210802_171451-scaled.jpg\",\"contentUrl\":\"https:\/\/shop.bazarcia.com\/wp-content\/uploads\/2021\/09\/20210802_171451-scaled.jpg\",\"width\":2560,\"height\":2560},{\"@type\":\"BreadcrumbList\",\"@id\":\"https:\/\/shop.bazarcia.com\/produto\/agenda-de-pedidos-modelo-1\/#breadcrumb\",\"itemListElement\":[{\"@type\":\"ListItem\",\"position\":1,\"name\":\"In\u00edcio\",\"item\":\"https:\/\/shop.bazarcia.com\/\"},{\"@type\":\"ListItem\",\"position\":2,\"name\":\"Loja\",\"item\":\"https:\/\/shop.bazarcia.com\/loja\/\"},{\"@type\":\"ListItem\",\"position\":3,\"name\":\"Agenda de Pedidos &#8211; Produ\u00e7\u00e3o Organizada\"}]},{\"@type\":\"WebSite\",\"@id\":\"https:\/\/shop.bazarcia.com\/#website\",\"url\":\"https:\/\/shop.bazarcia.com\/\",\"name\":\"Bazar & Cia\",\"description\":\"criatividade ponto a ponto\",\"publisher\":{\"@id\":\"https:\/\/shop.bazarcia.com\/#organization\"},\"potentialAction\":[{\"@type\":\"SearchAction\",\"target\":{\"@type\":\"EntryPoint\",\"urlTemplate\":\"https:\/\/shop.bazarcia.com\/?s={search_term_string}\"},\"query-input\":{\"@type\":\"PropertyValueSpecification\",\"valueRequired\":true,\"valueName\":\"search_term_string\"}}],\"inLanguage\":\"en-US\"},{\"@type\":\"Organization\",\"@id\":\"https:\/\/shop.bazarcia.com\/#organization\",\"name\":\"Bazar & Cia\",\"url\":\"https:\/\/shop.bazarcia.com\/\",\"logo\":{\"@type\":\"ImageObject\",\"inLanguage\":\"en-US\",\"@id\":\"https:\/\/shop.bazarcia.com\/#\/schema\/logo\/image\/\",\"url\":\"https:\/\/shop.bazarcia.com\/wp-content\/uploads\/2024\/02\/cropped-logo_bazarcia.png\",\"contentUrl\":\"https:\/\/shop.bazarcia.com\/wp-content\/uploads\/2024\/02\/cropped-logo_bazarcia.png\",\"width\":150,\"height\":150,\"caption\":\"Bazar & Cia\"},\"image\":{\"@id\":\"https:\/\/shop.bazarcia.com\/#\/schema\/logo\/image\/\"},\"sameAs\":[\"https:\/\/www.facebook.com\/shopbazarcia\",\"https:\/\/www.instagram.com\/shopbazarcia\",\"https:\/\/br.pinterest.com\/suzane_eloise\/\",\"https:\/\/www.youtube.com\/c\/BazardoBordadoMatrizeseProjetos\"]}]}<\/script>\n<!-- \/ Yoast SEO plugin. -->","yoast_head_json":{"title":"Agenda de Pedidos - Produ\u00e7\u00e3o Organizada - \ud835\udc1b\ud835\udc1a\ud835\udc33\ud835\udc1a\ud835\udc2b &amp; \ud835\udc1c\ud835\udc22\ud835\udc1a","robots":{"index":"index","follow":"follow","max-snippet":"max-snippet:-1","max-image-preview":"max-image-preview:large","max-video-preview":"max-video-preview:-1"},"canonical":"https:\/\/shop.bazarcia.com\/en\/product\/agenda-de-pedidos-modelo-1\/","og_locale":"en_US","og_type":"article","og_title":"Agenda de Pedidos - Produ\u00e7\u00e3o Organizada - \ud835\udc1b\ud835\udc1a\ud835\udc33\ud835\udc1a\ud835\udc2b &amp; \ud835\udc1c\ud835\udc22\ud835\udc1a","og_description":"Leia Toda a descri\u00e7\u00e3o do produto .","og_url":"https:\/\/shop.bazarcia.com\/en\/product\/agenda-de-pedidos-modelo-1\/","og_site_name":"\ud835\udc1b\ud835\udc1a\ud835\udc33\ud835\udc1a\ud835\udc2b &amp; \ud835\udc1c\ud835\udc22\ud835\udc1a","article_publisher":"https:\/\/www.facebook.com\/shopbazarcia","article_modified_time":"2023-01-18T01:00:31+00:00","og_image":[{"width":2560,"height":2560,"url":"https:\/\/shop.bazarcia.com\/wp-content\/uploads\/2021\/09\/20210802_171451-scaled.jpg","type":"image\/jpeg"}],"twitter_card":"summary_large_image","twitter_misc":{"Est. reading time":"1 minute"},"schema":{"@context":"https:\/\/schema.org","@graph":[{"@type":"WebPage","@id":"https:\/\/shop.bazarcia.com\/produto\/agenda-de-pedidos-modelo-1\/","url":"https:\/\/shop.bazarcia.com\/produto\/agenda-de-pedidos-modelo-1\/","name":"Agenda de Pedidos - Produ\u00e7\u00e3o Organizada - \ud835\udc1b\ud835\udc1a\ud835\udc33\ud835\udc1a\ud835\udc2b &amp; \ud835\udc1c\ud835\udc22\ud835\udc1a","isPartOf":{"@id":"https:\/\/shop.bazarcia.com\/#website"},"primaryImageOfPage":{"@id":"https:\/\/shop.bazarcia.com\/produto\/agenda-de-pedidos-modelo-1\/#primaryimage"},"image":{"@id":"https:\/\/shop.bazarcia.com\/produto\/agenda-de-pedidos-modelo-1\/#primaryimage"},"thumbnailUrl":"https:\/\/shop.bazarcia.com\/wp-content\/uploads\/2021\/09\/20210802_171451-scaled.jpg","datePublished":"2021-09-16T18:48:27+00:00","dateModified":"2023-01-18T01:00:31+00:00","breadcrumb":{"@id":"https:\/\/shop.bazarcia.com\/produto\/agenda-de-pedidos-modelo-1\/#breadcrumb"},"inLanguage":"en-US","potentialAction":[{"@type":"ReadAction","target":["https:\/\/shop.bazarcia.com\/produto\/agenda-de-pedidos-modelo-1\/"]}]},{"@type":"ImageObject","inLanguage":"en-US","@id":"https:\/\/shop.bazarcia.com\/produto\/agenda-de-pedidos-modelo-1\/#primaryimage","url":"https:\/\/shop.bazarcia.com\/wp-content\/uploads\/2021\/09\/20210802_171451-scaled.jpg","contentUrl":"https:\/\/shop.bazarcia.com\/wp-content\/uploads\/2021\/09\/20210802_171451-scaled.jpg","width":2560,"height":2560},{"@type":"BreadcrumbList","@id":"https:\/\/shop.bazarcia.com\/produto\/agenda-de-pedidos-modelo-1\/#breadcrumb","itemListElement":[{"@type":"ListItem","position":1,"name":"In\u00edcio","item":"https:\/\/shop.bazarcia.com\/"},{"@type":"ListItem","position":2,"name":"Loja","item":"https:\/\/shop.bazarcia.com\/loja\/"},{"@type":"ListItem","position":3,"name":"Agenda de Pedidos &#8211; Produ\u00e7\u00e3o Organizada"}]},{"@type":"WebSite","@id":"https:\/\/shop.bazarcia.com\/#website","url":"https:\/\/shop.bazarcia.com\/","name":"Bazar & Cia","description":"criatividade ponto a ponto","publisher":{"@id":"https:\/\/shop.bazarcia.com\/#organization"},"potentialAction":[{"@type":"SearchAction","target":{"@type":"EntryPoint","urlTemplate":"https:\/\/shop.bazarcia.com\/?s={search_term_string}"},"query-input":{"@type":"PropertyValueSpecification","valueRequired":true,"valueName":"search_term_string"}}],"inLanguage":"en-US"},{"@type":"Organization","@id":"https:\/\/shop.bazarcia.com\/#organization","name":"Bazar & Cia","url":"https:\/\/shop.bazarcia.com\/","logo":{"@type":"ImageObject","inLanguage":"en-US","@id":"https:\/\/shop.bazarcia.com\/#\/schema\/logo\/image\/","url":"https:\/\/shop.bazarcia.com\/wp-content\/uploads\/2024\/02\/cropped-logo_bazarcia.png","contentUrl":"https:\/\/shop.bazarcia.com\/wp-content\/uploads\/2024\/02\/cropped-logo_bazarcia.png","width":150,"height":150,"caption":"Bazar & Cia"},"image":{"@id":"https:\/\/shop.bazarcia.com\/#\/schema\/logo\/image\/"},"sameAs":["https:\/\/www.facebook.com\/shopbazarcia","https:\/\/www.instagram.com\/shopbazarcia","https:\/\/br.pinterest.com\/suzane_eloise\/","https:\/\/www.youtube.com\/c\/BazardoBordadoMatrizeseProjetos"]}]}},"_links":{"self":[{"href":"https:\/\/shop.bazarcia.com\/en\/wp-json\/wp\/v2\/product\/120555","targetHints":{"allow":["GET"]}}],"collection":[{"href":"https:\/\/shop.bazarcia.com\/en\/wp-json\/wp\/v2\/product"}],"about":[{"href":"https:\/\/shop.bazarcia.com\/en\/wp-json\/wp\/v2\/types\/product"}],"replies":[{"embeddable":true,"href":"https:\/\/shop.bazarcia.com\/en\/wp-json\/wp\/v2\/comments?post=120555"}],"version-history":[{"count":0,"href":"https:\/\/shop.bazarcia.com\/en\/wp-json\/wp\/v2\/product\/120555\/revisions"}],"wp:featuredmedia":[{"embeddable":true,"href":"https:\/\/shop.bazarcia.com\/en\/wp-json\/wp\/v2\/media\/120589"}],"wp:attachment":[{"href":"https:\/\/shop.bazarcia.com\/en\/wp-json\/wp\/v2\/media?parent=120555"}],"wp:term":[{"taxonomy":"product_brand","embeddable":true,"href":"https:\/\/shop.bazarcia.com\/en\/wp-json\/wp\/v2\/product_brand?post=120555"},{"taxonomy":"product_cat","embeddable":true,"href":"https:\/\/shop.bazarcia.com\/en\/wp-json\/wp\/v2\/product_cat?post=120555"},{"taxonomy":"product_tag","embeddable":true,"href":"https:\/\/shop.bazarcia.com\/en\/wp-json\/wp\/v2\/product_tag?post=120555"}],"curies":[{"name":"wp","href":"https:\/\/api.w.org\/{rel}","templated":true}]}}