{"id":121583,"date":"2021-09-22T14:26:03","date_gmt":"2021-09-22T17:26:03","guid":{"rendered":"https:\/\/shop.bazarcia.com\/produto\/projeto-na-bordadeira-plaquinhas-de-porta-abencoe\/"},"modified":"2021-10-04T21:53:57","modified_gmt":"2021-10-05T00:53:57","slug":"projeto-na-bordadeira-plaquinhas-de-porta-abencoe","status":"publish","type":"product","link":"https:\/\/shop.bazarcia.com\/en\/product\/projeto-na-bordadeira-plaquinhas-de-porta-abencoe\/","title":{"rendered":"Projeto na Bordadeira &#8211; Plaquinhas de Porta Aben\u00e7oe"},"content":{"rendered":"<p>Projeto feito todo na bordadeira contendo 4 matrizes para montagem do seu produto. Matrizes em pontos leves com acabamentos em ponto cheio, sendo a plaquinha uma tag . ( precisa ter no\u00e7\u00f5es b\u00e1sicas de bordado)<\/p>\n<p>&nbsp;<\/p>\n<p>N\u00edvel de dificuldade: F\u00e1cil<\/p>\n<p>Dispon\u00edvel para download ap\u00f3s a compra, com arquivos nos formatos:<\/p>\n<p>DST<\/p>\n<p>EXP<\/p>\n<p>HUS<\/p>\n<p>JEF<\/p>\n<p>PES<\/p>\n<p>XXX<\/p>\n<table class=\"MsoTableGrid\" style=\"border-collapse: collapse;border: none\" border=\"1\" cellspacing=\"0\" cellpadding=\"0\">\n<tbody>\n<tr>\n<td style=\"width: 106.15pt;border: solid windowtext 1.0pt;padding: 0cm 5.4pt 0cm 5.4pt\" valign=\"top\" width=\"142\">\n<p class=\"MsoNormal\" style=\"margin-bottom: .0001pt;text-align: center;line-height: normal\" align=\"center\"><b><span style=\"font-size: 12.0pt\">DESCRI\u00c7\u00c3O<\/span><\/b><\/p>\n<\/td>\n<td style=\"width: 106.15pt;border: solid windowtext 1.0pt;border-left: none;padding: 0cm 5.4pt 0cm 5.4pt\" valign=\"top\" width=\"142\">\n<p class=\"MsoNormal\" style=\"margin-bottom: .0001pt;text-align: center;line-height: normal\" align=\"center\"><b><span style=\"font-size: 12.0pt\">TAMANHO (mm)<\/span><\/b><\/p>\n<\/td>\n<td style=\"width: 106.2pt;border: solid windowtext 1.0pt;border-left: none;padding: 0cm 5.4pt 0cm 5.4pt\" valign=\"top\" width=\"142\">\n<p class=\"MsoNormal\" style=\"margin-bottom: .0001pt;text-align: center;line-height: normal\" align=\"center\"><b><span style=\"font-size: 12.0pt\">PONTOS<\/span><\/b><\/p>\n<\/td>\n<td style=\"width: 106.2pt;border: solid windowtext 1.0pt;border-left: none;padding: 0cm 5.4pt 0cm 5.4pt\" valign=\"top\" width=\"142\">\n<p class=\"MsoNormal\" style=\"margin-bottom: .0001pt;text-align: center;line-height: normal\" align=\"center\"><b><span style=\"font-size: 12.0pt\">COR\/TROCA LINHA<\/span><\/b><\/p>\n<\/td>\n<\/tr>\n<tr>\n<td style=\"width: 106.15pt;border: solid windowtext 1.0pt;border-top: none;padding: 0cm 5.4pt 0cm 5.4pt\" valign=\"top\" width=\"142\">\n<p class=\"MsoNormal\" style=\"margin-bottom: .0001pt;line-height: normal\">Plaquinha ao entrar<\/p>\n<\/td>\n<td style=\"width: 106.15pt;border-top: none;border-left: none;border-bottom: solid windowtext 1.0pt;border-right: solid windowtext 1.0pt;padding: 0cm 5.4pt 0cm 5.4pt\" valign=\"top\" width=\"142\">\n<p class=\"MsoNormal\" style=\"margin-bottom: .0001pt;line-height: normal\">129&#215;165<\/p>\n<\/td>\n<td style=\"width: 106.2pt;border-top: none;border-left: none;border-bottom: solid windowtext 1.0pt;border-right: solid windowtext 1.0pt;padding: 0cm 5.4pt 0cm 5.4pt\" valign=\"top\" width=\"142\">\n<p class=\"MsoNormal\" style=\"margin-bottom: .0001pt;line-height: normal\">21333<\/p>\n<\/td>\n<td style=\"width: 106.2pt;border-top: none;border-left: none;border-bottom: solid windowtext 1.0pt;border-right: solid windowtext 1.0pt;padding: 0cm 5.4pt 0cm 5.4pt\" valign=\"top\" width=\"142\">\n<p class=\"MsoNormal\" style=\"margin-bottom: .0001pt;line-height: normal\">14\/16<\/p>\n<\/td>\n<\/tr>\n<tr>\n<td style=\"width: 106.15pt;border: solid windowtext 1.0pt;border-top: none;padding: 0cm 5.4pt 0cm 5.4pt\" valign=\"top\" width=\"142\">\n<p class=\"MsoNormal\" style=\"margin-bottom: .0001pt;line-height: normal\">Plaquinha casinha<\/p>\n<\/td>\n<td style=\"width: 106.15pt;border-top: none;border-left: none;border-bottom: solid windowtext 1.0pt;border-right: solid windowtext 1.0pt;padding: 0cm 5.4pt 0cm 5.4pt\" valign=\"top\" width=\"142\">\n<p class=\"MsoNormal\" style=\"margin-bottom: .0001pt;line-height: normal\">129&#215;165<\/p>\n<\/td>\n<td style=\"width: 106.2pt;border-top: none;border-left: none;border-bottom: solid windowtext 1.0pt;border-right: solid windowtext 1.0pt;padding: 0cm 5.4pt 0cm 5.4pt\" valign=\"top\" width=\"142\">\n<p class=\"MsoNormal\" style=\"margin-bottom: .0001pt;line-height: normal\">23590<\/p>\n<\/td>\n<td style=\"width: 106.2pt;border-top: none;border-left: none;border-bottom: solid windowtext 1.0pt;border-right: solid windowtext 1.0pt;padding: 0cm 5.4pt 0cm 5.4pt\" valign=\"top\" width=\"142\">\n<p class=\"MsoNormal\" style=\"margin-bottom: .0001pt;line-height: normal\">13\/16<\/p>\n<\/td>\n<\/tr>\n<tr>\n<td style=\"width: 106.15pt;border: solid windowtext 1.0pt;border-top: none;padding: 0cm 5.4pt 0cm 5.4pt\" valign=\"top\" width=\"142\">\n<p class=\"MsoNormal\" style=\"margin-bottom: .0001pt;line-height: normal\">Plaquinha ao sair<\/p>\n<\/td>\n<td style=\"width: 106.15pt;border-top: none;border-left: none;border-bottom: solid windowtext 1.0pt;border-right: solid windowtext 1.0pt;padding: 0cm 5.4pt 0cm 5.4pt\" valign=\"top\" width=\"142\">\n<p class=\"MsoNormal\" style=\"margin-bottom: .0001pt;line-height: normal\">129&#215;165<\/p>\n<\/td>\n<td style=\"width: 106.2pt;border-top: none;border-left: none;border-bottom: solid windowtext 1.0pt;border-right: solid windowtext 1.0pt;padding: 0cm 5.4pt 0cm 5.4pt\" valign=\"top\" width=\"142\">\n<p class=\"MsoNormal\" style=\"margin-bottom: .0001pt;line-height: normal\">22835<\/p>\n<\/td>\n<td style=\"width: 106.2pt;border-top: none;border-left: none;border-bottom: solid windowtext 1.0pt;border-right: solid windowtext 1.0pt;padding: 0cm 5.4pt 0cm 5.4pt\" valign=\"top\" width=\"142\">\n<p class=\"MsoNormal\" style=\"margin-bottom: .0001pt;line-height: normal\">13\/16<\/p>\n<\/td>\n<\/tr>\n<tr>\n<td style=\"width: 106.15pt;border: solid windowtext 1.0pt;border-top: none;padding: 0cm 5.4pt 0cm 5.4pt\" valign=\"top\" width=\"142\">\n<p class=\"MsoNormal\" style=\"margin-bottom: .0001pt;line-height: normal\">Lar doce lar<\/p>\n<\/td>\n<td style=\"width: 106.15pt;border-top: none;border-left: none;border-bottom: solid windowtext 1.0pt;border-right: solid windowtext 1.0pt;padding: 0cm 5.4pt 0cm 5.4pt\" valign=\"top\" width=\"142\">\n<p class=\"MsoNormal\" style=\"margin-bottom: .0001pt;line-height: normal\">154&#215;96<\/p>\n<\/td>\n<td style=\"width: 106.2pt;border-top: none;border-left: none;border-bottom: solid windowtext 1.0pt;border-right: solid windowtext 1.0pt;padding: 0cm 5.4pt 0cm 5.4pt\" valign=\"top\" width=\"142\">\n<p class=\"MsoNormal\" style=\"margin-bottom: .0001pt;line-height: normal\">14489<\/p>\n<\/td>\n<td style=\"width: 106.2pt;border-top: none;border-left: none;border-bottom: solid windowtext 1.0pt;border-right: solid windowtext 1.0pt;padding: 0cm 5.4pt 0cm 5.4pt\" valign=\"top\" width=\"142\">\n<p class=\"MsoNormal\" style=\"margin-bottom: .0001pt;line-height: normal\">8\/10<\/p>\n<\/td>\n<\/tr>\n<\/tbody>\n<\/table>\n<p>Atribui\u00e7\u00e3o ao Designer : freepik.com<\/p>\n<p>Bastidor sugerido: 13&#215;18 14&#215;20 20&#215;20 ou maior<\/p>\n<p style=\"margin: 0px 0px 20px;padding: 0px;border: 0px;vertical-align: baseline;line-height: inherit;font-family: Lato, Arial, Helvetica, sans-serif;font-size: 14px;color: #777777\">REF: MDL070880<\/p>\n<p style=\"margin: 0px 0px 20px;padding: 0px;border: 0px;vertical-align: baseline;line-height: inherit;font-family: Lato, Arial, Helvetica, sans-serif;font-size: 14px;color: #777777\">As matrizes s\u00e3o disponibilizadas em pasta ZIP, voc\u00ea precisar\u00e1 descompact\u00e1-la ap\u00f3s o download.<\/p>\n<p style=\"margin: 0px 0px 1rem;padding: 0px;border: 0px;vertical-align: baseline;line-height: inherit;font-family: Raleway;font-size: 14px;color: #7a7a7a\">Esse download poder\u00e1 ser feito por at\u00e9 99 (noventa e nove) vezes diretamente no site do Bazar do Bordado, em um per\u00edodo m\u00e1ximo de 365 (trezentos e sessenta e cinco dias) a ser contado da data da disponibiliza\u00e7\u00e3o do material. Ap\u00f3s este per\u00edodo, o link ser\u00e1 expirado.<\/p>\n<p style=\"margin: 0px 0px 1rem;padding: 0px;border: 0px;vertical-align: baseline;line-height: inherit;font-family: Raleway;font-size: 14px;color: #7a7a7a\">Por isso, \u00e9 importante que\u00a0 fa\u00e7a o download do conte\u00fado o quanto antes, armazenando no seu compartimento de interesse.<\/p>\n<p style=\"margin: 0px 0px 1rem;padding: 0px;border: 0px;vertical-align: baseline;line-height: inherit;font-family: Raleway;font-size: 14px;color: #7a7a7a\">Compras realizadas atrav\u00e9s de boleto banc\u00e1rio poder\u00e1 levar at\u00e9 dois dias \u00fateis para libera\u00e7\u00e3o das matrizes.<\/p>\n<p style=\"margin-top: 0px;margin-bottom: 1rem;padding: 0px;border: 0px;vertical-align: baseline;line-height: inherit;font-family: Lato, Arial, Helvetica, sans-serif;font-size: 14px;color: #777777\"><span style=\"margin: 0px;padding: 0px;border: 0px;vertical-align: baseline;font-style: inherit;font-variant: inherit;font-weight: inherit;line-height: inherit;font-family: lato, Arial, Helvetica, sans-serif\">Voc\u00ea pode conhecer nosso canal no youtube Mimos de Lili Ateli\u00ea Alice Paz de Hora\u00a0<\/span><span style=\"margin: 0px;padding: 0px;border: 0px;vertical-align: baseline;font-style: inherit;font-variant: inherit;font-weight: inherit;line-height: inherit;font-family: lato, Arial, Helvetica, sans-serif\">ou acessando nosso link:\u00a0<a style=\"color: #0056b3;background-color: transparent;margin: 0px;padding: 0px;border: 0px;vertical-align: baseline;font-style: inherit;font-variant: inherit;font-weight: inherit;line-height: inherit;font-family: inherit\" href=\"https:\/\/www.youtube.com\/channel\/UCoGsFX_hesf1oGUWVPYSv8g\">https:\/\/www.youtube.com\/channel\/UCoGsFX_hesf1oGUWVPYSv8g<\/a><\/span><\/p>\n<p style=\"margin-top: 0px;margin-bottom: 1rem;color: #666666;font-family: Montserrat, sans-serif;font-size: 18px\"><span style=\"color: #777777;font-family: lato, Arial, Helvetica, sans-serif;font-size: 14px\">Lembre-se de dar o seu j\u00f3inha e se inscrever em nosso canal e de seguir nossa lojinha aqui no Bazar assim voc\u00ea ficar\u00e1 por dentro das novidades!!!<\/span><\/p>","protected":false},"excerpt":{"rendered":"<p>Projeto feito todo na bordadeira contendo 4 matrizes para montagem do seu produto. Matrizes em pontos leves com acabamentos em ponto cheio, sendo a plaquinha uma tag . ( precisa ter no\u00e7\u00f5es b\u00e1sicas de bordado)<\/p>\n<p>N\u00edvel de dificuldade: F\u00e1cil<br \/>\nDispon\u00edvel para download ap\u00f3s a compra, com arquivos nos formatos:<br \/>\nDST<br \/>\nEXP<br \/>\nHUS<br \/>\nJEF<br \/>\nPES<br \/>\nXXX<\/p>","protected":false},"featured_media":121577,"comment_status":"open","ping_status":"closed","template":"","meta":{"_acf_changed":false,"_joinchat":[]},"product_brand":[],"product_cat":[297,98],"product_tag":[],"class_list":{"0":"post-121583","1":"product","2":"type-product","3":"status-publish","4":"has-post-thumbnail","6":"product_cat-frases-palavras","7":"product_cat-projetos-na-bordadeira-in-the-hoop-embroidery","9":"first","10":"instock","11":"downloadable","12":"virtual","13":"purchasable","14":"product-type-simple"},"acf":[],"yoast_head":"<!-- This site is optimized with the Yoast SEO plugin v27.2 - https:\/\/yoast.com\/product\/yoast-seo-wordpress\/ -->\n<title>Projeto na Bordadeira - Plaquinhas de Porta Aben\u00e7oe - \ud835\udc1b\ud835\udc1a\ud835\udc33\ud835\udc1a\ud835\udc2b &amp; \ud835\udc1c\ud835\udc22\ud835\udc1a<\/title>\n<meta name=\"robots\" content=\"index, follow, max-snippet:-1, max-image-preview:large, max-video-preview:-1\" \/>\n<link rel=\"canonical\" href=\"https:\/\/shop.bazarcia.com\/en\/product\/projeto-na-bordadeira-plaquinhas-de-porta-abencoe\/\" \/>\n<meta property=\"og:locale\" content=\"en_US\" \/>\n<meta property=\"og:type\" content=\"article\" \/>\n<meta property=\"og:title\" content=\"Projeto na Bordadeira - Plaquinhas de Porta Aben\u00e7oe - \ud835\udc1b\ud835\udc1a\ud835\udc33\ud835\udc1a\ud835\udc2b &amp; \ud835\udc1c\ud835\udc22\ud835\udc1a\" \/>\n<meta property=\"og:description\" content=\"Projeto feito todo na bordadeira contendo 4 matrizes para montagem do seu produto. Matrizes em pontos leves com acabamentos em ponto cheio, sendo a plaquinha uma tag . ( precisa ter no\u00e7\u00f5es b\u00e1sicas de bordado)  N\u00edvel de dificuldade: F\u00e1cil Dispon\u00edvel para download ap\u00f3s a compra, com arquivos nos formatos: DST EXP HUS JEF PES XXX\" \/>\n<meta property=\"og:url\" content=\"https:\/\/shop.bazarcia.com\/en\/product\/projeto-na-bordadeira-plaquinhas-de-porta-abencoe\/\" \/>\n<meta property=\"og:site_name\" content=\"\ud835\udc1b\ud835\udc1a\ud835\udc33\ud835\udc1a\ud835\udc2b &amp; \ud835\udc1c\ud835\udc22\ud835\udc1a\" \/>\n<meta property=\"article:publisher\" content=\"https:\/\/www.facebook.com\/shopbazarcia\" \/>\n<meta property=\"article:modified_time\" content=\"2021-10-05T00:53:57+00:00\" \/>\n<meta property=\"og:image\" content=\"https:\/\/shop.bazarcia.com\/wp-content\/uploads\/2021\/09\/Design-sem-nome-9-1.png\" \/>\n\t<meta property=\"og:image:width\" content=\"800\" \/>\n\t<meta property=\"og:image:height\" content=\"800\" \/>\n\t<meta property=\"og:image:type\" content=\"image\/png\" \/>\n<meta name=\"twitter:card\" content=\"summary_large_image\" \/>\n<meta name=\"twitter:label1\" content=\"Est. reading time\" \/>\n\t<meta name=\"twitter:data1\" content=\"1 minute\" \/>\n<script type=\"application\/ld+json\" class=\"yoast-schema-graph\">{\"@context\":\"https:\/\/schema.org\",\"@graph\":[{\"@type\":\"WebPage\",\"@id\":\"https:\/\/shop.bazarcia.com\/produto\/projeto-na-bordadeira-plaquinhas-de-porta-abencoe\/\",\"url\":\"https:\/\/shop.bazarcia.com\/produto\/projeto-na-bordadeira-plaquinhas-de-porta-abencoe\/\",\"name\":\"Projeto na Bordadeira - Plaquinhas de Porta Aben\u00e7oe - \ud835\udc1b\ud835\udc1a\ud835\udc33\ud835\udc1a\ud835\udc2b &amp; \ud835\udc1c\ud835\udc22\ud835\udc1a\",\"isPartOf\":{\"@id\":\"https:\/\/shop.bazarcia.com\/#website\"},\"primaryImageOfPage\":{\"@id\":\"https:\/\/shop.bazarcia.com\/produto\/projeto-na-bordadeira-plaquinhas-de-porta-abencoe\/#primaryimage\"},\"image\":{\"@id\":\"https:\/\/shop.bazarcia.com\/produto\/projeto-na-bordadeira-plaquinhas-de-porta-abencoe\/#primaryimage\"},\"thumbnailUrl\":\"https:\/\/shop.bazarcia.com\/wp-content\/uploads\/2021\/09\/Design-sem-nome-9-1.png\",\"datePublished\":\"2021-09-22T17:26:03+00:00\",\"dateModified\":\"2021-10-05T00:53:57+00:00\",\"breadcrumb\":{\"@id\":\"https:\/\/shop.bazarcia.com\/produto\/projeto-na-bordadeira-plaquinhas-de-porta-abencoe\/#breadcrumb\"},\"inLanguage\":\"en-US\",\"potentialAction\":[{\"@type\":\"ReadAction\",\"target\":[\"https:\/\/shop.bazarcia.com\/produto\/projeto-na-bordadeira-plaquinhas-de-porta-abencoe\/\"]}]},{\"@type\":\"ImageObject\",\"inLanguage\":\"en-US\",\"@id\":\"https:\/\/shop.bazarcia.com\/produto\/projeto-na-bordadeira-plaquinhas-de-porta-abencoe\/#primaryimage\",\"url\":\"https:\/\/shop.bazarcia.com\/wp-content\/uploads\/2021\/09\/Design-sem-nome-9-1.png\",\"contentUrl\":\"https:\/\/shop.bazarcia.com\/wp-content\/uploads\/2021\/09\/Design-sem-nome-9-1.png\",\"width\":800,\"height\":800},{\"@type\":\"BreadcrumbList\",\"@id\":\"https:\/\/shop.bazarcia.com\/produto\/projeto-na-bordadeira-plaquinhas-de-porta-abencoe\/#breadcrumb\",\"itemListElement\":[{\"@type\":\"ListItem\",\"position\":1,\"name\":\"In\u00edcio\",\"item\":\"https:\/\/shop.bazarcia.com\/\"},{\"@type\":\"ListItem\",\"position\":2,\"name\":\"Loja\",\"item\":\"https:\/\/shop.bazarcia.com\/loja\/\"},{\"@type\":\"ListItem\",\"position\":3,\"name\":\"Projeto na Bordadeira &#8211; Plaquinhas de Porta Aben\u00e7oe\"}]},{\"@type\":\"WebSite\",\"@id\":\"https:\/\/shop.bazarcia.com\/#website\",\"url\":\"https:\/\/shop.bazarcia.com\/\",\"name\":\"Bazar & Cia\",\"description\":\"criatividade ponto a ponto\",\"publisher\":{\"@id\":\"https:\/\/shop.bazarcia.com\/#organization\"},\"potentialAction\":[{\"@type\":\"SearchAction\",\"target\":{\"@type\":\"EntryPoint\",\"urlTemplate\":\"https:\/\/shop.bazarcia.com\/?s={search_term_string}\"},\"query-input\":{\"@type\":\"PropertyValueSpecification\",\"valueRequired\":true,\"valueName\":\"search_term_string\"}}],\"inLanguage\":\"en-US\"},{\"@type\":\"Organization\",\"@id\":\"https:\/\/shop.bazarcia.com\/#organization\",\"name\":\"Bazar & Cia\",\"url\":\"https:\/\/shop.bazarcia.com\/\",\"logo\":{\"@type\":\"ImageObject\",\"inLanguage\":\"en-US\",\"@id\":\"https:\/\/shop.bazarcia.com\/#\/schema\/logo\/image\/\",\"url\":\"https:\/\/shop.bazarcia.com\/wp-content\/uploads\/2024\/02\/cropped-logo_bazarcia.png\",\"contentUrl\":\"https:\/\/shop.bazarcia.com\/wp-content\/uploads\/2024\/02\/cropped-logo_bazarcia.png\",\"width\":150,\"height\":150,\"caption\":\"Bazar & Cia\"},\"image\":{\"@id\":\"https:\/\/shop.bazarcia.com\/#\/schema\/logo\/image\/\"},\"sameAs\":[\"https:\/\/www.facebook.com\/shopbazarcia\",\"https:\/\/www.instagram.com\/shopbazarcia\",\"https:\/\/br.pinterest.com\/suzane_eloise\/\",\"https:\/\/www.youtube.com\/c\/BazardoBordadoMatrizeseProjetos\"]}]}<\/script>\n<!-- \/ Yoast SEO plugin. -->","yoast_head_json":{"title":"Projeto na Bordadeira - Plaquinhas de Porta Aben\u00e7oe - \ud835\udc1b\ud835\udc1a\ud835\udc33\ud835\udc1a\ud835\udc2b &amp; \ud835\udc1c\ud835\udc22\ud835\udc1a","robots":{"index":"index","follow":"follow","max-snippet":"max-snippet:-1","max-image-preview":"max-image-preview:large","max-video-preview":"max-video-preview:-1"},"canonical":"https:\/\/shop.bazarcia.com\/en\/product\/projeto-na-bordadeira-plaquinhas-de-porta-abencoe\/","og_locale":"en_US","og_type":"article","og_title":"Projeto na Bordadeira - Plaquinhas de Porta Aben\u00e7oe - \ud835\udc1b\ud835\udc1a\ud835\udc33\ud835\udc1a\ud835\udc2b &amp; \ud835\udc1c\ud835\udc22\ud835\udc1a","og_description":"Projeto feito todo na bordadeira contendo 4 matrizes para montagem do seu produto. Matrizes em pontos leves com acabamentos em ponto cheio, sendo a plaquinha uma tag . ( precisa ter no\u00e7\u00f5es b\u00e1sicas de bordado)  N\u00edvel de dificuldade: F\u00e1cil Dispon\u00edvel para download ap\u00f3s a compra, com arquivos nos formatos: DST EXP HUS JEF PES XXX","og_url":"https:\/\/shop.bazarcia.com\/en\/product\/projeto-na-bordadeira-plaquinhas-de-porta-abencoe\/","og_site_name":"\ud835\udc1b\ud835\udc1a\ud835\udc33\ud835\udc1a\ud835\udc2b &amp; \ud835\udc1c\ud835\udc22\ud835\udc1a","article_publisher":"https:\/\/www.facebook.com\/shopbazarcia","article_modified_time":"2021-10-05T00:53:57+00:00","og_image":[{"width":800,"height":800,"url":"https:\/\/shop.bazarcia.com\/wp-content\/uploads\/2021\/09\/Design-sem-nome-9-1.png","type":"image\/png"}],"twitter_card":"summary_large_image","twitter_misc":{"Est. reading time":"1 minute"},"schema":{"@context":"https:\/\/schema.org","@graph":[{"@type":"WebPage","@id":"https:\/\/shop.bazarcia.com\/produto\/projeto-na-bordadeira-plaquinhas-de-porta-abencoe\/","url":"https:\/\/shop.bazarcia.com\/produto\/projeto-na-bordadeira-plaquinhas-de-porta-abencoe\/","name":"Projeto na Bordadeira - Plaquinhas de Porta Aben\u00e7oe - \ud835\udc1b\ud835\udc1a\ud835\udc33\ud835\udc1a\ud835\udc2b &amp; \ud835\udc1c\ud835\udc22\ud835\udc1a","isPartOf":{"@id":"https:\/\/shop.bazarcia.com\/#website"},"primaryImageOfPage":{"@id":"https:\/\/shop.bazarcia.com\/produto\/projeto-na-bordadeira-plaquinhas-de-porta-abencoe\/#primaryimage"},"image":{"@id":"https:\/\/shop.bazarcia.com\/produto\/projeto-na-bordadeira-plaquinhas-de-porta-abencoe\/#primaryimage"},"thumbnailUrl":"https:\/\/shop.bazarcia.com\/wp-content\/uploads\/2021\/09\/Design-sem-nome-9-1.png","datePublished":"2021-09-22T17:26:03+00:00","dateModified":"2021-10-05T00:53:57+00:00","breadcrumb":{"@id":"https:\/\/shop.bazarcia.com\/produto\/projeto-na-bordadeira-plaquinhas-de-porta-abencoe\/#breadcrumb"},"inLanguage":"en-US","potentialAction":[{"@type":"ReadAction","target":["https:\/\/shop.bazarcia.com\/produto\/projeto-na-bordadeira-plaquinhas-de-porta-abencoe\/"]}]},{"@type":"ImageObject","inLanguage":"en-US","@id":"https:\/\/shop.bazarcia.com\/produto\/projeto-na-bordadeira-plaquinhas-de-porta-abencoe\/#primaryimage","url":"https:\/\/shop.bazarcia.com\/wp-content\/uploads\/2021\/09\/Design-sem-nome-9-1.png","contentUrl":"https:\/\/shop.bazarcia.com\/wp-content\/uploads\/2021\/09\/Design-sem-nome-9-1.png","width":800,"height":800},{"@type":"BreadcrumbList","@id":"https:\/\/shop.bazarcia.com\/produto\/projeto-na-bordadeira-plaquinhas-de-porta-abencoe\/#breadcrumb","itemListElement":[{"@type":"ListItem","position":1,"name":"In\u00edcio","item":"https:\/\/shop.bazarcia.com\/"},{"@type":"ListItem","position":2,"name":"Loja","item":"https:\/\/shop.bazarcia.com\/loja\/"},{"@type":"ListItem","position":3,"name":"Projeto na Bordadeira &#8211; Plaquinhas de Porta Aben\u00e7oe"}]},{"@type":"WebSite","@id":"https:\/\/shop.bazarcia.com\/#website","url":"https:\/\/shop.bazarcia.com\/","name":"Bazar & Cia","description":"criatividade ponto a ponto","publisher":{"@id":"https:\/\/shop.bazarcia.com\/#organization"},"potentialAction":[{"@type":"SearchAction","target":{"@type":"EntryPoint","urlTemplate":"https:\/\/shop.bazarcia.com\/?s={search_term_string}"},"query-input":{"@type":"PropertyValueSpecification","valueRequired":true,"valueName":"search_term_string"}}],"inLanguage":"en-US"},{"@type":"Organization","@id":"https:\/\/shop.bazarcia.com\/#organization","name":"Bazar & Cia","url":"https:\/\/shop.bazarcia.com\/","logo":{"@type":"ImageObject","inLanguage":"en-US","@id":"https:\/\/shop.bazarcia.com\/#\/schema\/logo\/image\/","url":"https:\/\/shop.bazarcia.com\/wp-content\/uploads\/2024\/02\/cropped-logo_bazarcia.png","contentUrl":"https:\/\/shop.bazarcia.com\/wp-content\/uploads\/2024\/02\/cropped-logo_bazarcia.png","width":150,"height":150,"caption":"Bazar & Cia"},"image":{"@id":"https:\/\/shop.bazarcia.com\/#\/schema\/logo\/image\/"},"sameAs":["https:\/\/www.facebook.com\/shopbazarcia","https:\/\/www.instagram.com\/shopbazarcia","https:\/\/br.pinterest.com\/suzane_eloise\/","https:\/\/www.youtube.com\/c\/BazardoBordadoMatrizeseProjetos"]}]}},"_links":{"self":[{"href":"https:\/\/shop.bazarcia.com\/en\/wp-json\/wp\/v2\/product\/121583","targetHints":{"allow":["GET"]}}],"collection":[{"href":"https:\/\/shop.bazarcia.com\/en\/wp-json\/wp\/v2\/product"}],"about":[{"href":"https:\/\/shop.bazarcia.com\/en\/wp-json\/wp\/v2\/types\/product"}],"replies":[{"embeddable":true,"href":"https:\/\/shop.bazarcia.com\/en\/wp-json\/wp\/v2\/comments?post=121583"}],"version-history":[{"count":0,"href":"https:\/\/shop.bazarcia.com\/en\/wp-json\/wp\/v2\/product\/121583\/revisions"}],"wp:featuredmedia":[{"embeddable":true,"href":"https:\/\/shop.bazarcia.com\/en\/wp-json\/wp\/v2\/media\/121577"}],"wp:attachment":[{"href":"https:\/\/shop.bazarcia.com\/en\/wp-json\/wp\/v2\/media?parent=121583"}],"wp:term":[{"taxonomy":"product_brand","embeddable":true,"href":"https:\/\/shop.bazarcia.com\/en\/wp-json\/wp\/v2\/product_brand?post=121583"},{"taxonomy":"product_cat","embeddable":true,"href":"https:\/\/shop.bazarcia.com\/en\/wp-json\/wp\/v2\/product_cat?post=121583"},{"taxonomy":"product_tag","embeddable":true,"href":"https:\/\/shop.bazarcia.com\/en\/wp-json\/wp\/v2\/product_tag?post=121583"}],"curies":[{"name":"wp","href":"https:\/\/api.w.org\/{rel}","templated":true}]}}