{"id":124817,"date":"2021-10-10T20:54:27","date_gmt":"2021-10-10T23:54:27","guid":{"rendered":"https:\/\/shop.bazarcia.com\/produto\/matriz-de-bordado-porta-moedas-bolsinha\/"},"modified":"2024-03-02T09:17:40","modified_gmt":"2024-03-02T12:17:40","slug":"matriz-de-bordado-porta-moedas-bolsinha","status":"publish","type":"product","link":"https:\/\/shop.bazarcia.com\/en\/product\/matriz-de-bordado-porta-moedas-bolsinha\/","title":{"rendered":"Projeto &#8211; Porta Moedas Bolsinha"},"content":{"rendered":"<p>Este porta moedas \u00e9 um projeto desenvolvido para m\u00e1quina de costura com moldes em PDF. Na pasta ir\u00e1 conter um v\u00eddeo com o passo a passo e, 2 moldes em PDF do porta moeda, e 2 lindas matrizes. Basta s\u00f3 baixar e extrair.<br \/>\nO Projeto \u00e9 leve e f\u00e1cil de compreender, compat\u00edvel com v\u00e1rios modelos de m\u00e1quina, voc\u00ea n\u00e3o vai gostar de fazer esse projeto, vai amar!<br \/>\n\u00c9 ideal para ser usado como lembrancinhas para anivers\u00e1rio ou outras datas especiais.<br \/>\nA libera\u00e7\u00e3o do projeto ocorre automaticamente ap\u00f3s a confirma\u00e7\u00e3o do pagamento, basta acessar a \u00e1rea do cliente aqui no site e ir na aba de downloads.<br \/>\nTamanhos 11&#215;5,5 cm . Os arquivos s\u00e3o compat\u00edveis com os seguintes formatos: PES &#8211; JEF &#8211; EXP &#8211; XXX &#8211; DST &#8211; HUS.\u00a0 Os mesmos s\u00e3o disponibilizados em pasta compactada (ZIP) sendo necess\u00e1rio descompactar.<\/p>","protected":false},"excerpt":{"rendered":"<p>Um lindo Porta Moedas estilo bolsinha feito na m\u00e1quina de costura, de f\u00e1cil execu\u00e7\u00e3o e cont\u00e9m dois PDF com duas medidas. A libera\u00e7\u00e3o das matrizes, s\u00e3o feitas automaticamente ap\u00f3s a confirma\u00e7\u00e3o do pagamento. Tamanhos 11&#215;5,5 cm<\/p>","protected":false},"featured_media":124811,"comment_status":"open","ping_status":"closed","template":"","meta":{"_acf_changed":false,"_joinchat":[]},"product_brand":[],"product_cat":[1047,84,1193,98,1330],"product_tag":[1260,1430],"class_list":{"0":"post-124817","1":"product","2":"type-product","3":"status-publish","4":"has-post-thumbnail","6":"product_cat-cursos","7":"product_cat-matrizes-de-bordado","8":"product_cat-projetos-de-costura","9":"product_cat-projetos-na-bordadeira-in-the-hoop-embroidery","10":"product_cat-projetos-para-datas-especiais","11":"product_tag-costura","12":"product_tag-matriz-de-bordado","14":"first","15":"instock","16":"downloadable","17":"virtual","18":"purchasable","19":"product-type-simple"},"acf":[],"yoast_head":"<!-- This site is optimized with the Yoast SEO plugin v27.2 - https:\/\/yoast.com\/product\/yoast-seo-wordpress\/ -->\n<title>Projeto - Porta Moedas Bolsinha - \ud835\udc1b\ud835\udc1a\ud835\udc33\ud835\udc1a\ud835\udc2b &amp; \ud835\udc1c\ud835\udc22\ud835\udc1a<\/title>\n<meta name=\"robots\" content=\"index, follow, max-snippet:-1, max-image-preview:large, max-video-preview:-1\" \/>\n<link rel=\"canonical\" href=\"https:\/\/shop.bazarcia.com\/en\/product\/matriz-de-bordado-porta-moedas-bolsinha\/\" \/>\n<meta property=\"og:locale\" content=\"en_US\" \/>\n<meta property=\"og:type\" content=\"article\" \/>\n<meta property=\"og:title\" content=\"Projeto - Porta Moedas Bolsinha - \ud835\udc1b\ud835\udc1a\ud835\udc33\ud835\udc1a\ud835\udc2b &amp; \ud835\udc1c\ud835\udc22\ud835\udc1a\" \/>\n<meta property=\"og:description\" content=\"Um lindo Porta Moedas estilo bolsinha feito na m\u00e1quina de costura, de f\u00e1cil execu\u00e7\u00e3o e cont\u00e9m dois PDF com duas medidas. A libera\u00e7\u00e3o das matrizes, s\u00e3o feitas automaticamente ap\u00f3s a confirma\u00e7\u00e3o do pagamento. Tamanhos 11x5,5 cm\" \/>\n<meta property=\"og:url\" content=\"https:\/\/shop.bazarcia.com\/en\/product\/matriz-de-bordado-porta-moedas-bolsinha\/\" \/>\n<meta property=\"og:site_name\" content=\"\ud835\udc1b\ud835\udc1a\ud835\udc33\ud835\udc1a\ud835\udc2b &amp; \ud835\udc1c\ud835\udc22\ud835\udc1a\" \/>\n<meta property=\"article:publisher\" content=\"https:\/\/www.facebook.com\/shopbazarcia\" \/>\n<meta property=\"article:modified_time\" content=\"2024-03-02T12:17:40+00:00\" \/>\n<meta property=\"og:image\" content=\"https:\/\/shop.bazarcia.com\/wp-content\/uploads\/2021\/10\/057ed817-a0ae-4927-9592-25e253f5af35.jpg\" \/>\n\t<meta property=\"og:image:width\" content=\"1600\" \/>\n\t<meta property=\"og:image:height\" content=\"1156\" \/>\n\t<meta property=\"og:image:type\" content=\"image\/jpeg\" \/>\n<meta name=\"twitter:card\" content=\"summary_large_image\" \/>\n<meta name=\"twitter:label1\" content=\"Est. reading time\" \/>\n\t<meta name=\"twitter:data1\" content=\"1 minute\" \/>\n<script type=\"application\/ld+json\" class=\"yoast-schema-graph\">{\"@context\":\"https:\/\/schema.org\",\"@graph\":[{\"@type\":\"WebPage\",\"@id\":\"https:\/\/shop.bazarcia.com\/produto\/matriz-de-bordado-porta-moedas-bolsinha\/\",\"url\":\"https:\/\/shop.bazarcia.com\/produto\/matriz-de-bordado-porta-moedas-bolsinha\/\",\"name\":\"Projeto - Porta Moedas Bolsinha - \ud835\udc1b\ud835\udc1a\ud835\udc33\ud835\udc1a\ud835\udc2b &amp; \ud835\udc1c\ud835\udc22\ud835\udc1a\",\"isPartOf\":{\"@id\":\"https:\/\/shop.bazarcia.com\/#website\"},\"primaryImageOfPage\":{\"@id\":\"https:\/\/shop.bazarcia.com\/produto\/matriz-de-bordado-porta-moedas-bolsinha\/#primaryimage\"},\"image\":{\"@id\":\"https:\/\/shop.bazarcia.com\/produto\/matriz-de-bordado-porta-moedas-bolsinha\/#primaryimage\"},\"thumbnailUrl\":\"https:\/\/shop.bazarcia.com\/wp-content\/uploads\/2021\/10\/057ed817-a0ae-4927-9592-25e253f5af35.jpg\",\"datePublished\":\"2021-10-10T23:54:27+00:00\",\"dateModified\":\"2024-03-02T12:17:40+00:00\",\"breadcrumb\":{\"@id\":\"https:\/\/shop.bazarcia.com\/produto\/matriz-de-bordado-porta-moedas-bolsinha\/#breadcrumb\"},\"inLanguage\":\"en-US\",\"potentialAction\":[{\"@type\":\"ReadAction\",\"target\":[\"https:\/\/shop.bazarcia.com\/produto\/matriz-de-bordado-porta-moedas-bolsinha\/\"]}]},{\"@type\":\"ImageObject\",\"inLanguage\":\"en-US\",\"@id\":\"https:\/\/shop.bazarcia.com\/produto\/matriz-de-bordado-porta-moedas-bolsinha\/#primaryimage\",\"url\":\"https:\/\/shop.bazarcia.com\/wp-content\/uploads\/2021\/10\/057ed817-a0ae-4927-9592-25e253f5af35.jpg\",\"contentUrl\":\"https:\/\/shop.bazarcia.com\/wp-content\/uploads\/2021\/10\/057ed817-a0ae-4927-9592-25e253f5af35.jpg\",\"width\":1600,\"height\":1156},{\"@type\":\"BreadcrumbList\",\"@id\":\"https:\/\/shop.bazarcia.com\/produto\/matriz-de-bordado-porta-moedas-bolsinha\/#breadcrumb\",\"itemListElement\":[{\"@type\":\"ListItem\",\"position\":1,\"name\":\"In\u00edcio\",\"item\":\"https:\/\/shop.bazarcia.com\/\"},{\"@type\":\"ListItem\",\"position\":2,\"name\":\"Loja\",\"item\":\"https:\/\/shop.bazarcia.com\/loja\/\"},{\"@type\":\"ListItem\",\"position\":3,\"name\":\"Projeto &#8211; Porta Moedas Bolsinha\"}]},{\"@type\":\"WebSite\",\"@id\":\"https:\/\/shop.bazarcia.com\/#website\",\"url\":\"https:\/\/shop.bazarcia.com\/\",\"name\":\"Bazar & Cia\",\"description\":\"criatividade ponto a ponto\",\"publisher\":{\"@id\":\"https:\/\/shop.bazarcia.com\/#organization\"},\"potentialAction\":[{\"@type\":\"SearchAction\",\"target\":{\"@type\":\"EntryPoint\",\"urlTemplate\":\"https:\/\/shop.bazarcia.com\/?s={search_term_string}\"},\"query-input\":{\"@type\":\"PropertyValueSpecification\",\"valueRequired\":true,\"valueName\":\"search_term_string\"}}],\"inLanguage\":\"en-US\"},{\"@type\":\"Organization\",\"@id\":\"https:\/\/shop.bazarcia.com\/#organization\",\"name\":\"Bazar & Cia\",\"url\":\"https:\/\/shop.bazarcia.com\/\",\"logo\":{\"@type\":\"ImageObject\",\"inLanguage\":\"en-US\",\"@id\":\"https:\/\/shop.bazarcia.com\/#\/schema\/logo\/image\/\",\"url\":\"https:\/\/shop.bazarcia.com\/wp-content\/uploads\/2024\/02\/cropped-logo_bazarcia.png\",\"contentUrl\":\"https:\/\/shop.bazarcia.com\/wp-content\/uploads\/2024\/02\/cropped-logo_bazarcia.png\",\"width\":150,\"height\":150,\"caption\":\"Bazar & Cia\"},\"image\":{\"@id\":\"https:\/\/shop.bazarcia.com\/#\/schema\/logo\/image\/\"},\"sameAs\":[\"https:\/\/www.facebook.com\/shopbazarcia\",\"https:\/\/www.instagram.com\/shopbazarcia\",\"https:\/\/br.pinterest.com\/suzane_eloise\/\",\"https:\/\/www.youtube.com\/c\/BazardoBordadoMatrizeseProjetos\"]}]}<\/script>\n<!-- \/ Yoast SEO plugin. -->","yoast_head_json":{"title":"Projeto - Porta Moedas Bolsinha - \ud835\udc1b\ud835\udc1a\ud835\udc33\ud835\udc1a\ud835\udc2b &amp; \ud835\udc1c\ud835\udc22\ud835\udc1a","robots":{"index":"index","follow":"follow","max-snippet":"max-snippet:-1","max-image-preview":"max-image-preview:large","max-video-preview":"max-video-preview:-1"},"canonical":"https:\/\/shop.bazarcia.com\/en\/product\/matriz-de-bordado-porta-moedas-bolsinha\/","og_locale":"en_US","og_type":"article","og_title":"Projeto - Porta Moedas Bolsinha - \ud835\udc1b\ud835\udc1a\ud835\udc33\ud835\udc1a\ud835\udc2b &amp; \ud835\udc1c\ud835\udc22\ud835\udc1a","og_description":"Um lindo Porta Moedas estilo bolsinha feito na m\u00e1quina de costura, de f\u00e1cil execu\u00e7\u00e3o e cont\u00e9m dois PDF com duas medidas. A libera\u00e7\u00e3o das matrizes, s\u00e3o feitas automaticamente ap\u00f3s a confirma\u00e7\u00e3o do pagamento. Tamanhos 11x5,5 cm","og_url":"https:\/\/shop.bazarcia.com\/en\/product\/matriz-de-bordado-porta-moedas-bolsinha\/","og_site_name":"\ud835\udc1b\ud835\udc1a\ud835\udc33\ud835\udc1a\ud835\udc2b &amp; \ud835\udc1c\ud835\udc22\ud835\udc1a","article_publisher":"https:\/\/www.facebook.com\/shopbazarcia","article_modified_time":"2024-03-02T12:17:40+00:00","og_image":[{"width":1600,"height":1156,"url":"https:\/\/shop.bazarcia.com\/wp-content\/uploads\/2021\/10\/057ed817-a0ae-4927-9592-25e253f5af35.jpg","type":"image\/jpeg"}],"twitter_card":"summary_large_image","twitter_misc":{"Est. reading time":"1 minute"},"schema":{"@context":"https:\/\/schema.org","@graph":[{"@type":"WebPage","@id":"https:\/\/shop.bazarcia.com\/produto\/matriz-de-bordado-porta-moedas-bolsinha\/","url":"https:\/\/shop.bazarcia.com\/produto\/matriz-de-bordado-porta-moedas-bolsinha\/","name":"Projeto - Porta Moedas Bolsinha - \ud835\udc1b\ud835\udc1a\ud835\udc33\ud835\udc1a\ud835\udc2b &amp; \ud835\udc1c\ud835\udc22\ud835\udc1a","isPartOf":{"@id":"https:\/\/shop.bazarcia.com\/#website"},"primaryImageOfPage":{"@id":"https:\/\/shop.bazarcia.com\/produto\/matriz-de-bordado-porta-moedas-bolsinha\/#primaryimage"},"image":{"@id":"https:\/\/shop.bazarcia.com\/produto\/matriz-de-bordado-porta-moedas-bolsinha\/#primaryimage"},"thumbnailUrl":"https:\/\/shop.bazarcia.com\/wp-content\/uploads\/2021\/10\/057ed817-a0ae-4927-9592-25e253f5af35.jpg","datePublished":"2021-10-10T23:54:27+00:00","dateModified":"2024-03-02T12:17:40+00:00","breadcrumb":{"@id":"https:\/\/shop.bazarcia.com\/produto\/matriz-de-bordado-porta-moedas-bolsinha\/#breadcrumb"},"inLanguage":"en-US","potentialAction":[{"@type":"ReadAction","target":["https:\/\/shop.bazarcia.com\/produto\/matriz-de-bordado-porta-moedas-bolsinha\/"]}]},{"@type":"ImageObject","inLanguage":"en-US","@id":"https:\/\/shop.bazarcia.com\/produto\/matriz-de-bordado-porta-moedas-bolsinha\/#primaryimage","url":"https:\/\/shop.bazarcia.com\/wp-content\/uploads\/2021\/10\/057ed817-a0ae-4927-9592-25e253f5af35.jpg","contentUrl":"https:\/\/shop.bazarcia.com\/wp-content\/uploads\/2021\/10\/057ed817-a0ae-4927-9592-25e253f5af35.jpg","width":1600,"height":1156},{"@type":"BreadcrumbList","@id":"https:\/\/shop.bazarcia.com\/produto\/matriz-de-bordado-porta-moedas-bolsinha\/#breadcrumb","itemListElement":[{"@type":"ListItem","position":1,"name":"In\u00edcio","item":"https:\/\/shop.bazarcia.com\/"},{"@type":"ListItem","position":2,"name":"Loja","item":"https:\/\/shop.bazarcia.com\/loja\/"},{"@type":"ListItem","position":3,"name":"Projeto &#8211; Porta Moedas Bolsinha"}]},{"@type":"WebSite","@id":"https:\/\/shop.bazarcia.com\/#website","url":"https:\/\/shop.bazarcia.com\/","name":"Bazar & Cia","description":"criatividade ponto a ponto","publisher":{"@id":"https:\/\/shop.bazarcia.com\/#organization"},"potentialAction":[{"@type":"SearchAction","target":{"@type":"EntryPoint","urlTemplate":"https:\/\/shop.bazarcia.com\/?s={search_term_string}"},"query-input":{"@type":"PropertyValueSpecification","valueRequired":true,"valueName":"search_term_string"}}],"inLanguage":"en-US"},{"@type":"Organization","@id":"https:\/\/shop.bazarcia.com\/#organization","name":"Bazar & Cia","url":"https:\/\/shop.bazarcia.com\/","logo":{"@type":"ImageObject","inLanguage":"en-US","@id":"https:\/\/shop.bazarcia.com\/#\/schema\/logo\/image\/","url":"https:\/\/shop.bazarcia.com\/wp-content\/uploads\/2024\/02\/cropped-logo_bazarcia.png","contentUrl":"https:\/\/shop.bazarcia.com\/wp-content\/uploads\/2024\/02\/cropped-logo_bazarcia.png","width":150,"height":150,"caption":"Bazar & Cia"},"image":{"@id":"https:\/\/shop.bazarcia.com\/#\/schema\/logo\/image\/"},"sameAs":["https:\/\/www.facebook.com\/shopbazarcia","https:\/\/www.instagram.com\/shopbazarcia","https:\/\/br.pinterest.com\/suzane_eloise\/","https:\/\/www.youtube.com\/c\/BazardoBordadoMatrizeseProjetos"]}]}},"_links":{"self":[{"href":"https:\/\/shop.bazarcia.com\/en\/wp-json\/wp\/v2\/product\/124817","targetHints":{"allow":["GET"]}}],"collection":[{"href":"https:\/\/shop.bazarcia.com\/en\/wp-json\/wp\/v2\/product"}],"about":[{"href":"https:\/\/shop.bazarcia.com\/en\/wp-json\/wp\/v2\/types\/product"}],"replies":[{"embeddable":true,"href":"https:\/\/shop.bazarcia.com\/en\/wp-json\/wp\/v2\/comments?post=124817"}],"version-history":[{"count":1,"href":"https:\/\/shop.bazarcia.com\/en\/wp-json\/wp\/v2\/product\/124817\/revisions"}],"predecessor-version":[{"id":264796,"href":"https:\/\/shop.bazarcia.com\/en\/wp-json\/wp\/v2\/product\/124817\/revisions\/264796"}],"wp:featuredmedia":[{"embeddable":true,"href":"https:\/\/shop.bazarcia.com\/en\/wp-json\/wp\/v2\/media\/124811"}],"wp:attachment":[{"href":"https:\/\/shop.bazarcia.com\/en\/wp-json\/wp\/v2\/media?parent=124817"}],"wp:term":[{"taxonomy":"product_brand","embeddable":true,"href":"https:\/\/shop.bazarcia.com\/en\/wp-json\/wp\/v2\/product_brand?post=124817"},{"taxonomy":"product_cat","embeddable":true,"href":"https:\/\/shop.bazarcia.com\/en\/wp-json\/wp\/v2\/product_cat?post=124817"},{"taxonomy":"product_tag","embeddable":true,"href":"https:\/\/shop.bazarcia.com\/en\/wp-json\/wp\/v2\/product_tag?post=124817"}],"curies":[{"name":"wp","href":"https:\/\/api.w.org\/{rel}","templated":true}]}}