{"id":125290,"date":"2021-10-13T11:02:18","date_gmt":"2021-10-13T14:02:18","guid":{"rendered":"https:\/\/shop.bazarcia.com\/produto\/presentinho-matriz-de-bordado-raposinha\/"},"modified":"2022-01-09T12:35:51","modified_gmt":"2022-01-09T15:35:51","slug":"presentinho-matriz-de-bordado-raposinha","status":"publish","type":"product","link":"https:\/\/shop.bazarcia.com\/en\/product\/presentinho-matriz-de-bordado-raposinha\/","title":{"rendered":"Presentinho &#8211; Matriz de Bordado Raposinha"},"content":{"rendered":"<p>Raposinha: matriz de bordado lindinha. Matrizes ideais para necessaires, toalhinhas, fraldinhas e o que sua imagina\u00e7\u00e3o permitir.<\/p>\n<p>&nbsp;<\/p>\n<p>S\u00e3o compat\u00edveis com v\u00e1rios tipos e modelos de m\u00e1quinas, com os seguintes formatos : PES-JEF-DST-EXP-XXX-HUS. Vem em tr\u00eas tamanhos: 9cm, 11cm e 13cm.<\/p>\n<p>&nbsp;<\/p>\n<p>Este \u00e9 um produto digital que \u00e9 disponibilizado para DOWNLOAD.<\/p>\n<p>&nbsp;<\/p>\n<p>Os arquivos est\u00e3o em pasta compactada(ZIP), sendo necess\u00e1rio descompactar.<\/p>\n<p>&nbsp;<\/p>\n<p>Ao efetuar a compra de alguma matriz ou projeto de nossa loja, voc\u00ea adquire a LICEN\u00c7A DE USO do produto. Isso significa que o arquivo pertence \u00fanica e exclusivamente ao Pequena Margarida Ateli\u00ea e voc\u00ea obt\u00e9m, a partir da compra, o direito de us\u00e1-lo sob determinadas condi\u00e7\u00f5es, sendo elas:<\/p>\n<p>&nbsp;<\/p>\n<p>\u2013 Uso Pessoal: uso dos arquivos para produ\u00e7\u00e3o de itens para uso pessoal e sem fins lucrativos.<\/p>\n<p>&nbsp;<\/p>\n<p>\u2013 Uso Comercial: Uso dos arquivos para produ\u00e7\u00e3o de pe\u00e7as para comercializa\u00e7\u00e3o. As licen\u00e7as de Uso N\u00c3O te d\u00e3o direito, em hip\u00f3tese alguma de sub-licenciar, distribuir, doar, repassar, comercializar, revender ou compartilhar nosso arquivos. Isso tamb\u00e9m se aplica aos nossos arquivos gratuitos (Brindes). Pirataria \u00e9 CRIME!<\/p>","protected":false},"excerpt":{"rendered":"<p>Matriz de bordado Raposinha em pontos leves pra ser bordado em fraldas, toalhinhas e o sua imagina\u00e7\u00e3o permitir.<\/p>\n<p>Em 3 tamanhos diferentes 9, 11 e 13 cm.<\/p>\n<p>Os arquivos s\u00e3o brindes gratuitos de forma digital e n\u00e3o f\u00edsica !!<\/p>\n<p><a href=\"https:\/\/shop.bazarcia.com\/wp-content\/uploads\/woocommerce_uploads\/2021\/10\/PM-Raposinha-ofomvs.zip\">CLIQUE AQUI E BAIXE SEU BRINDE!<\/a><\/p>","protected":false},"featured_media":125289,"comment_status":"open","ping_status":"closed","template":"","meta":{"_acf_changed":false,"_joinchat":[]},"product_brand":[],"product_cat":[84,122,244,97,312],"product_tag":[1430,1432,1434],"class_list":{"0":"post-125290","1":"product","2":"type-product","3":"status-publish","4":"has-post-thumbnail","6":"product_cat-matrizes-de-bordado","7":"product_cat-matrizes-de-bordado-animais","8":"product_cat-raposinhas","9":"product_cat-matrizes-de-bordado-gratis","10":"product_cat-matrizes-pontos-leves","11":"product_tag-matriz-de-bordado","12":"product_tag-matrizes-de-bordado","13":"product_tag-matrizes-gratis","15":"first","16":"instock","17":"downloadable","18":"virtual","19":"product-type-simple"},"acf":[],"yoast_head":"<!-- This site is optimized with the Yoast SEO plugin v27.2 - https:\/\/yoast.com\/product\/yoast-seo-wordpress\/ -->\n<title>Presentinho - Matriz de Bordado Raposinha - \ud835\udc1b\ud835\udc1a\ud835\udc33\ud835\udc1a\ud835\udc2b &amp; \ud835\udc1c\ud835\udc22\ud835\udc1a<\/title>\n<meta name=\"robots\" content=\"index, follow, max-snippet:-1, max-image-preview:large, max-video-preview:-1\" \/>\n<link rel=\"canonical\" href=\"https:\/\/shop.bazarcia.com\/en\/product\/presentinho-matriz-de-bordado-raposinha\/\" \/>\n<meta property=\"og:locale\" content=\"en_US\" \/>\n<meta property=\"og:type\" content=\"article\" \/>\n<meta property=\"og:title\" content=\"Presentinho - Matriz de Bordado Raposinha - \ud835\udc1b\ud835\udc1a\ud835\udc33\ud835\udc1a\ud835\udc2b &amp; \ud835\udc1c\ud835\udc22\ud835\udc1a\" \/>\n<meta property=\"og:description\" content=\"Matriz de bordado Raposinha em pontos leves pra ser bordado em fraldas, toalhinhas e o sua imagina\u00e7\u00e3o permitir.  Em 3 tamanhos diferentes 9, 11 e 13 cm.  Os arquivos s\u00e3o brindes gratuitos de forma digital e n\u00e3o f\u00edsica !!  CLIQUE AQUI E BAIXE SEU BRINDE!\" \/>\n<meta property=\"og:url\" content=\"https:\/\/shop.bazarcia.com\/en\/product\/presentinho-matriz-de-bordado-raposinha\/\" \/>\n<meta property=\"og:site_name\" content=\"\ud835\udc1b\ud835\udc1a\ud835\udc33\ud835\udc1a\ud835\udc2b &amp; \ud835\udc1c\ud835\udc22\ud835\udc1a\" \/>\n<meta property=\"article:publisher\" content=\"https:\/\/www.facebook.com\/shopbazarcia\" \/>\n<meta property=\"article:modified_time\" content=\"2022-01-09T15:35:51+00:00\" \/>\n<meta property=\"og:image\" content=\"https:\/\/shop.bazarcia.com\/wp-content\/uploads\/2021\/10\/PM-Raposinha.png\" \/>\n\t<meta property=\"og:image:width\" content=\"1080\" \/>\n\t<meta property=\"og:image:height\" content=\"1080\" \/>\n\t<meta property=\"og:image:type\" content=\"image\/png\" \/>\n<meta name=\"twitter:card\" content=\"summary_large_image\" \/>\n<meta name=\"twitter:label1\" content=\"Est. reading time\" \/>\n\t<meta name=\"twitter:data1\" content=\"1 minute\" \/>\n<script type=\"application\/ld+json\" class=\"yoast-schema-graph\">{\"@context\":\"https:\/\/schema.org\",\"@graph\":[{\"@type\":\"WebPage\",\"@id\":\"https:\/\/shop.bazarcia.com\/en\/product\/presentinho-matriz-de-bordado-raposinha\/\",\"url\":\"https:\/\/shop.bazarcia.com\/en\/product\/presentinho-matriz-de-bordado-raposinha\/\",\"name\":\"Presentinho - Matriz de Bordado Raposinha - \ud835\udc1b\ud835\udc1a\ud835\udc33\ud835\udc1a\ud835\udc2b &amp; \ud835\udc1c\ud835\udc22\ud835\udc1a\",\"isPartOf\":{\"@id\":\"https:\/\/shop.bazarcia.com\/#website\"},\"primaryImageOfPage\":{\"@id\":\"https:\/\/shop.bazarcia.com\/en\/product\/presentinho-matriz-de-bordado-raposinha\/#primaryimage\"},\"image\":{\"@id\":\"https:\/\/shop.bazarcia.com\/en\/product\/presentinho-matriz-de-bordado-raposinha\/#primaryimage\"},\"thumbnailUrl\":\"https:\/\/shop.bazarcia.com\/wp-content\/uploads\/2021\/10\/PM-Raposinha.png\",\"datePublished\":\"2021-10-13T14:02:18+00:00\",\"dateModified\":\"2022-01-09T15:35:51+00:00\",\"breadcrumb\":{\"@id\":\"https:\/\/shop.bazarcia.com\/en\/product\/presentinho-matriz-de-bordado-raposinha\/#breadcrumb\"},\"inLanguage\":\"en-US\",\"potentialAction\":[{\"@type\":\"ReadAction\",\"target\":[\"https:\/\/shop.bazarcia.com\/en\/product\/presentinho-matriz-de-bordado-raposinha\/\"]}]},{\"@type\":\"ImageObject\",\"inLanguage\":\"en-US\",\"@id\":\"https:\/\/shop.bazarcia.com\/en\/product\/presentinho-matriz-de-bordado-raposinha\/#primaryimage\",\"url\":\"https:\/\/shop.bazarcia.com\/wp-content\/uploads\/2021\/10\/PM-Raposinha.png\",\"contentUrl\":\"https:\/\/shop.bazarcia.com\/wp-content\/uploads\/2021\/10\/PM-Raposinha.png\",\"width\":1080,\"height\":1080},{\"@type\":\"BreadcrumbList\",\"@id\":\"https:\/\/shop.bazarcia.com\/en\/product\/presentinho-matriz-de-bordado-raposinha\/#breadcrumb\",\"itemListElement\":[{\"@type\":\"ListItem\",\"position\":1,\"name\":\"In\u00edcio\",\"item\":\"https:\/\/shop.bazarcia.com\/\"},{\"@type\":\"ListItem\",\"position\":2,\"name\":\"Loja\",\"item\":\"https:\/\/shop.bazarcia.com\/loja\/\"},{\"@type\":\"ListItem\",\"position\":3,\"name\":\"Presentinho &#8211; Matriz de Bordado Raposinha\"}]},{\"@type\":\"WebSite\",\"@id\":\"https:\/\/shop.bazarcia.com\/#website\",\"url\":\"https:\/\/shop.bazarcia.com\/\",\"name\":\"Bazar & Cia\",\"description\":\"criatividade ponto a ponto\",\"publisher\":{\"@id\":\"https:\/\/shop.bazarcia.com\/#organization\"},\"potentialAction\":[{\"@type\":\"SearchAction\",\"target\":{\"@type\":\"EntryPoint\",\"urlTemplate\":\"https:\/\/shop.bazarcia.com\/?s={search_term_string}\"},\"query-input\":{\"@type\":\"PropertyValueSpecification\",\"valueRequired\":true,\"valueName\":\"search_term_string\"}}],\"inLanguage\":\"en-US\"},{\"@type\":\"Organization\",\"@id\":\"https:\/\/shop.bazarcia.com\/#organization\",\"name\":\"Bazar & Cia\",\"url\":\"https:\/\/shop.bazarcia.com\/\",\"logo\":{\"@type\":\"ImageObject\",\"inLanguage\":\"en-US\",\"@id\":\"https:\/\/shop.bazarcia.com\/#\/schema\/logo\/image\/\",\"url\":\"https:\/\/shop.bazarcia.com\/wp-content\/uploads\/2024\/02\/cropped-logo_bazarcia.png\",\"contentUrl\":\"https:\/\/shop.bazarcia.com\/wp-content\/uploads\/2024\/02\/cropped-logo_bazarcia.png\",\"width\":150,\"height\":150,\"caption\":\"Bazar & Cia\"},\"image\":{\"@id\":\"https:\/\/shop.bazarcia.com\/#\/schema\/logo\/image\/\"},\"sameAs\":[\"https:\/\/www.facebook.com\/shopbazarcia\",\"https:\/\/www.instagram.com\/shopbazarcia\",\"https:\/\/br.pinterest.com\/suzane_eloise\/\",\"https:\/\/www.youtube.com\/c\/BazardoBordadoMatrizeseProjetos\"]}]}<\/script>\n<!-- \/ Yoast SEO plugin. -->","yoast_head_json":{"title":"Presentinho - Matriz de Bordado Raposinha - \ud835\udc1b\ud835\udc1a\ud835\udc33\ud835\udc1a\ud835\udc2b &amp; \ud835\udc1c\ud835\udc22\ud835\udc1a","robots":{"index":"index","follow":"follow","max-snippet":"max-snippet:-1","max-image-preview":"max-image-preview:large","max-video-preview":"max-video-preview:-1"},"canonical":"https:\/\/shop.bazarcia.com\/en\/product\/presentinho-matriz-de-bordado-raposinha\/","og_locale":"en_US","og_type":"article","og_title":"Presentinho - Matriz de Bordado Raposinha - \ud835\udc1b\ud835\udc1a\ud835\udc33\ud835\udc1a\ud835\udc2b &amp; \ud835\udc1c\ud835\udc22\ud835\udc1a","og_description":"Matriz de bordado Raposinha em pontos leves pra ser bordado em fraldas, toalhinhas e o sua imagina\u00e7\u00e3o permitir.  Em 3 tamanhos diferentes 9, 11 e 13 cm.  Os arquivos s\u00e3o brindes gratuitos de forma digital e n\u00e3o f\u00edsica !!  CLIQUE AQUI E BAIXE SEU BRINDE!","og_url":"https:\/\/shop.bazarcia.com\/en\/product\/presentinho-matriz-de-bordado-raposinha\/","og_site_name":"\ud835\udc1b\ud835\udc1a\ud835\udc33\ud835\udc1a\ud835\udc2b &amp; \ud835\udc1c\ud835\udc22\ud835\udc1a","article_publisher":"https:\/\/www.facebook.com\/shopbazarcia","article_modified_time":"2022-01-09T15:35:51+00:00","og_image":[{"width":1080,"height":1080,"url":"https:\/\/shop.bazarcia.com\/wp-content\/uploads\/2021\/10\/PM-Raposinha.png","type":"image\/png"}],"twitter_card":"summary_large_image","twitter_misc":{"Est. reading time":"1 minute"},"schema":{"@context":"https:\/\/schema.org","@graph":[{"@type":"WebPage","@id":"https:\/\/shop.bazarcia.com\/en\/product\/presentinho-matriz-de-bordado-raposinha\/","url":"https:\/\/shop.bazarcia.com\/en\/product\/presentinho-matriz-de-bordado-raposinha\/","name":"Presentinho - Matriz de Bordado Raposinha - \ud835\udc1b\ud835\udc1a\ud835\udc33\ud835\udc1a\ud835\udc2b &amp; \ud835\udc1c\ud835\udc22\ud835\udc1a","isPartOf":{"@id":"https:\/\/shop.bazarcia.com\/#website"},"primaryImageOfPage":{"@id":"https:\/\/shop.bazarcia.com\/en\/product\/presentinho-matriz-de-bordado-raposinha\/#primaryimage"},"image":{"@id":"https:\/\/shop.bazarcia.com\/en\/product\/presentinho-matriz-de-bordado-raposinha\/#primaryimage"},"thumbnailUrl":"https:\/\/shop.bazarcia.com\/wp-content\/uploads\/2021\/10\/PM-Raposinha.png","datePublished":"2021-10-13T14:02:18+00:00","dateModified":"2022-01-09T15:35:51+00:00","breadcrumb":{"@id":"https:\/\/shop.bazarcia.com\/en\/product\/presentinho-matriz-de-bordado-raposinha\/#breadcrumb"},"inLanguage":"en-US","potentialAction":[{"@type":"ReadAction","target":["https:\/\/shop.bazarcia.com\/en\/product\/presentinho-matriz-de-bordado-raposinha\/"]}]},{"@type":"ImageObject","inLanguage":"en-US","@id":"https:\/\/shop.bazarcia.com\/en\/product\/presentinho-matriz-de-bordado-raposinha\/#primaryimage","url":"https:\/\/shop.bazarcia.com\/wp-content\/uploads\/2021\/10\/PM-Raposinha.png","contentUrl":"https:\/\/shop.bazarcia.com\/wp-content\/uploads\/2021\/10\/PM-Raposinha.png","width":1080,"height":1080},{"@type":"BreadcrumbList","@id":"https:\/\/shop.bazarcia.com\/en\/product\/presentinho-matriz-de-bordado-raposinha\/#breadcrumb","itemListElement":[{"@type":"ListItem","position":1,"name":"In\u00edcio","item":"https:\/\/shop.bazarcia.com\/"},{"@type":"ListItem","position":2,"name":"Loja","item":"https:\/\/shop.bazarcia.com\/loja\/"},{"@type":"ListItem","position":3,"name":"Presentinho &#8211; Matriz de Bordado Raposinha"}]},{"@type":"WebSite","@id":"https:\/\/shop.bazarcia.com\/#website","url":"https:\/\/shop.bazarcia.com\/","name":"Bazar & Cia","description":"criatividade ponto a ponto","publisher":{"@id":"https:\/\/shop.bazarcia.com\/#organization"},"potentialAction":[{"@type":"SearchAction","target":{"@type":"EntryPoint","urlTemplate":"https:\/\/shop.bazarcia.com\/?s={search_term_string}"},"query-input":{"@type":"PropertyValueSpecification","valueRequired":true,"valueName":"search_term_string"}}],"inLanguage":"en-US"},{"@type":"Organization","@id":"https:\/\/shop.bazarcia.com\/#organization","name":"Bazar & Cia","url":"https:\/\/shop.bazarcia.com\/","logo":{"@type":"ImageObject","inLanguage":"en-US","@id":"https:\/\/shop.bazarcia.com\/#\/schema\/logo\/image\/","url":"https:\/\/shop.bazarcia.com\/wp-content\/uploads\/2024\/02\/cropped-logo_bazarcia.png","contentUrl":"https:\/\/shop.bazarcia.com\/wp-content\/uploads\/2024\/02\/cropped-logo_bazarcia.png","width":150,"height":150,"caption":"Bazar & Cia"},"image":{"@id":"https:\/\/shop.bazarcia.com\/#\/schema\/logo\/image\/"},"sameAs":["https:\/\/www.facebook.com\/shopbazarcia","https:\/\/www.instagram.com\/shopbazarcia","https:\/\/br.pinterest.com\/suzane_eloise\/","https:\/\/www.youtube.com\/c\/BazardoBordadoMatrizeseProjetos"]}]}},"_links":{"self":[{"href":"https:\/\/shop.bazarcia.com\/en\/wp-json\/wp\/v2\/product\/125290","targetHints":{"allow":["GET"]}}],"collection":[{"href":"https:\/\/shop.bazarcia.com\/en\/wp-json\/wp\/v2\/product"}],"about":[{"href":"https:\/\/shop.bazarcia.com\/en\/wp-json\/wp\/v2\/types\/product"}],"replies":[{"embeddable":true,"href":"https:\/\/shop.bazarcia.com\/en\/wp-json\/wp\/v2\/comments?post=125290"}],"version-history":[{"count":0,"href":"https:\/\/shop.bazarcia.com\/en\/wp-json\/wp\/v2\/product\/125290\/revisions"}],"wp:featuredmedia":[{"embeddable":true,"href":"https:\/\/shop.bazarcia.com\/en\/wp-json\/wp\/v2\/media\/125289"}],"wp:attachment":[{"href":"https:\/\/shop.bazarcia.com\/en\/wp-json\/wp\/v2\/media?parent=125290"}],"wp:term":[{"taxonomy":"product_brand","embeddable":true,"href":"https:\/\/shop.bazarcia.com\/en\/wp-json\/wp\/v2\/product_brand?post=125290"},{"taxonomy":"product_cat","embeddable":true,"href":"https:\/\/shop.bazarcia.com\/en\/wp-json\/wp\/v2\/product_cat?post=125290"},{"taxonomy":"product_tag","embeddable":true,"href":"https:\/\/shop.bazarcia.com\/en\/wp-json\/wp\/v2\/product_tag?post=125290"}],"curies":[{"name":"wp","href":"https:\/\/api.w.org\/{rel}","templated":true}]}}