{"id":131181,"date":"2021-10-29T13:46:12","date_gmt":"2021-10-29T16:46:12","guid":{"rendered":"https:\/\/shop.bazarcia.com\/produto\/projeto-na-bordadeira-ornamentos-de-natal-ith\/"},"modified":"2023-11-24T17:45:14","modified_gmt":"2023-11-24T20:45:14","slug":"projeto-na-bordadeira-ornamentos-de-natal-ith","status":"publish","type":"product","link":"https:\/\/shop.bazarcia.com\/en\/product\/projeto-na-bordadeira-ornamentos-de-natal-ith\/","title":{"rendered":"Projeto na Bordadeira Ornamentos de Natal ITH"},"content":{"rendered":"<p style=\"margin-top: 0px;margin-bottom: 1rem;color: #6c737b;font-family: roboto, sans-serif\"><span style=\"font-weight: bolder\">ESTE PRODUTO EST\u00c1 NA PR\u00c9-VENDA E SER\u00c1 LIBERADO EM 07\/11\/2021<\/span><\/p>\n<p style=\"margin-top: 0px;margin-bottom: 1rem;color: #6c737b;font-family: roboto, sans-serif\"><span style=\"font-weight: bolder\"><span style=\"font-weight: bolder\"><span style=\"font-weight: bolder\">Projeto na Bordadeira Ornamentos de Natal ITH<\/span><\/span><\/span><\/p>\n<p><span style=\"font-weight: bolder\"><span style=\"font-weight: bolder\"><span style=\"font-weight: bolder\"><span style=\"font-weight: bolder\"><span style=\"font-weight: bolder\"><span style=\"font-weight: bolder\"><span style=\"font-weight: bolder\"><span style=\"font-weight: bolder\"><span style=\"font-weight: bolder\"><span style=\"font-weight: bolder\"><span style=\"font-weight: bolder\"><span style=\"font-weight: bolder\"><span style=\"font-weight: bolder\"><span style=\"font-weight: bolder\"><span style=\"font-weight: bolder\"><i style=\"vertical-align: middle\"><em><span style=\"font-weight: bolder\">Descri\u00e7\u00e3o das Matrizes:<\/span><\/em><\/i><\/span><\/span><\/span><\/span><\/span><\/span><\/span><\/span><\/span><\/span><\/span><\/span><\/span><\/span><\/span><br \/>\n&#8211; 10 Matrizes para ornamentos de \u00e1rvores para bastidores<br \/>\n&#8211; Bordado em Pontos Leves<br \/>\n&#8211; Para bastidores 10&#215;10 (podendo ser bordada v\u00e1rias juntas em bastidores maiores otimizando a produ\u00e7\u00e3o)<br \/>\n&#8211; Tamanho final da pe\u00e7a de aproximadamente 7 x 8 cm<\/p>\n<p style=\"margin-top: 0px;margin-bottom: 1rem;color: #6c737b;font-family: roboto, sans-serif\"><span style=\"font-weight: bolder\"><br \/>\nEste \u00e9 um produto DIGITAL e os arquivos estar\u00e3o dispon\u00edveis para download aqui mesmo na sua conta ap\u00f3s confirma\u00e7\u00e3o do pagamento, a partir da data de entrega que \u00e9 dia 7 de novembro.<\/span><\/p>\n<p style=\"margin-top: 0px;margin-bottom: 1rem;color: #6c737b;font-family: roboto, sans-serif\">Os arquivos est\u00e3o em pasta compactada (ZIP), sendo necess\u00e1rio descompact\u00e1-la.<br \/>\nOs mesmos s\u00e3o compat\u00edveis com v\u00e1rios tipos e modelos de m\u00e1quinas, com os seguintes formatos :<br \/>\nPES \u2013 JEF \u2013 EXP \u2013 HUS \u2013 XXX &#8211; DST.<\/p>\n<p style=\"margin-top: 0px;margin-bottom: 1rem;color: #6c737b;font-family: roboto, sans-serif\">Adquirindo nossas matrizes e projetos voc\u00ea se declara de acordo com nossos\u00a0<a style=\"color: #95663c;background-color: transparent\" href=\"https:\/\/shop.bazarcia.com\/en\/store\/atelie-mamae-coruja\/toc\/\" target=\"_blank\" rel=\"nofollow noopener\">TERMOS E CONDI\u00c7\u00d5ES<\/a><\/p>","protected":false},"excerpt":{"rendered":"<p>Este \u00e9 um PRODUTO DIGITAL destinado a artes\u00e3s e artes\u00e3os &lt;3<\/p>\n<p>O Natal est\u00e1 chegando e como sabem&#8230; amamos essa \u00e9poca!<br \/>\nA nossa cole\u00e7\u00e3o de natal do ano passado ficou linda, e a desse ano n\u00e3o ser\u00e1 diferente!<br \/>\nE para come\u00e7ar trouxemos esses ornamentos lindos para decora\u00e7\u00e3o de \u00e1rvores de natal. S\u00e3o 10 personagens em pontos leves em bolinhas para pendurar, todos para bastidores 10&#215;10, \u00f3timos para aproveitar aqueles retalhinhos de manta e tecido que fomos juntando ao longo do ano!<\/p>\n<p>Apesar de ser uma pe\u00e7a de f\u00e1cil execu\u00e7\u00e3o, fizemos o tutorial de uma dessas fofuras e ele estar\u00e1 dispon\u00edvel aqui mesmo em sua conta ap\u00f3s a compra e libera\u00e7\u00e3o das matrizes.<\/p>\n<p>S\u00e3o 10 fofurinhas, sendo elas: biscoito de gengibre, boneco de neve, corujinha, elfo, papai noel, pinguim, raposinha, rena, soldadinho de chumbo e urso polar.<\/p>\n<p>Mais informa\u00e7\u00f5es abaixo!<\/p>","protected":false},"featured_media":131170,"comment_status":"open","ping_status":"closed","template":"","meta":{"_acf_changed":false,"_joinchat":[]},"product_brand":[],"product_cat":[84,122,189,333,244,1579,123,138,98,1429],"product_tag":[],"class_list":{"0":"post-131181","1":"product","2":"type-product","3":"status-publish","4":"has-post-thumbnail","6":"product_cat-matrizes-de-bordado","7":"product_cat-matrizes-de-bordado-animais","8":"product_cat-corujinhas","9":"product_cat-pinguins","10":"product_cat-raposinhas","11":"product_cat-renas","12":"product_cat-ursinhos","13":"product_cat-natal","14":"product_cat-projetos-na-bordadeira-in-the-hoop-embroidery","15":"product_cat-enfeite-porta-na-bordadeira-ith","17":"first","18":"instock","19":"downloadable","20":"virtual","21":"sold-individually","22":"purchasable","23":"product-type-simple"},"acf":[],"yoast_head":"<!-- This site is optimized with the Yoast SEO plugin v27.2 - https:\/\/yoast.com\/product\/yoast-seo-wordpress\/ -->\n<title>Projeto na Bordadeira Ornamentos de Natal ITH - \ud835\udc1b\ud835\udc1a\ud835\udc33\ud835\udc1a\ud835\udc2b &amp; \ud835\udc1c\ud835\udc22\ud835\udc1a<\/title>\n<meta name=\"robots\" content=\"index, follow, max-snippet:-1, max-image-preview:large, max-video-preview:-1\" \/>\n<link rel=\"canonical\" href=\"https:\/\/shop.bazarcia.com\/en\/product\/projeto-na-bordadeira-ornamentos-de-natal-ith\/\" \/>\n<meta property=\"og:locale\" content=\"en_US\" \/>\n<meta property=\"og:type\" content=\"article\" \/>\n<meta property=\"og:title\" content=\"Projeto na Bordadeira Ornamentos de Natal ITH - \ud835\udc1b\ud835\udc1a\ud835\udc33\ud835\udc1a\ud835\udc2b &amp; \ud835\udc1c\ud835\udc22\ud835\udc1a\" \/>\n<meta property=\"og:description\" content=\"Este \u00e9 um PRODUTO DIGITAL destinado a artes\u00e3s e artes\u00e3os &lt;3  O Natal est\u00e1 chegando e como sabem... amamos essa \u00e9poca! A nossa cole\u00e7\u00e3o de natal do ano passado ficou linda, e a desse ano n\u00e3o ser\u00e1 diferente! E para come\u00e7ar trouxemos esses ornamentos lindos para decora\u00e7\u00e3o de \u00e1rvores de natal. S\u00e3o 10 personagens em pontos leves em bolinhas para pendurar, todos para bastidores 10x10, \u00f3timos para aproveitar aqueles retalhinhos de manta e tecido que fomos juntando ao longo do ano!  Apesar de ser uma pe\u00e7a de f\u00e1cil execu\u00e7\u00e3o, fizemos o tutorial de uma dessas fofuras e ele estar\u00e1 dispon\u00edvel aqui mesmo em sua conta ap\u00f3s a compra e libera\u00e7\u00e3o das matrizes.  S\u00e3o 10 fofurinhas, sendo elas: biscoito de gengibre, boneco de neve, corujinha, elfo, papai noel, pinguim, raposinha, rena, soldadinho de chumbo e urso polar.  Mais informa\u00e7\u00f5es abaixo!\" \/>\n<meta property=\"og:url\" content=\"https:\/\/shop.bazarcia.com\/en\/product\/projeto-na-bordadeira-ornamentos-de-natal-ith\/\" \/>\n<meta property=\"og:site_name\" content=\"\ud835\udc1b\ud835\udc1a\ud835\udc33\ud835\udc1a\ud835\udc2b &amp; \ud835\udc1c\ud835\udc22\ud835\udc1a\" \/>\n<meta property=\"article:publisher\" content=\"https:\/\/www.facebook.com\/shopbazarcia\" \/>\n<meta property=\"article:modified_time\" content=\"2023-11-24T20:45:14+00:00\" \/>\n<meta property=\"og:image\" content=\"https:\/\/shop.bazarcia.com\/wp-content\/uploads\/2021\/10\/Projeto-na-Bordadeira-Ornamentos-de-Natal-1.png\" \/>\n\t<meta property=\"og:image:width\" content=\"1080\" \/>\n\t<meta property=\"og:image:height\" content=\"1080\" \/>\n\t<meta property=\"og:image:type\" content=\"image\/png\" \/>\n<meta name=\"twitter:card\" content=\"summary_large_image\" \/>\n<meta name=\"twitter:label1\" content=\"Est. reading time\" \/>\n\t<meta name=\"twitter:data1\" content=\"1 minute\" \/>\n<script type=\"application\/ld+json\" class=\"yoast-schema-graph\">{\"@context\":\"https:\/\/schema.org\",\"@graph\":[{\"@type\":\"WebPage\",\"@id\":\"https:\/\/shop.bazarcia.com\/produto\/projeto-na-bordadeira-ornamentos-de-natal-ith\/\",\"url\":\"https:\/\/shop.bazarcia.com\/produto\/projeto-na-bordadeira-ornamentos-de-natal-ith\/\",\"name\":\"Projeto na Bordadeira Ornamentos de Natal ITH - \ud835\udc1b\ud835\udc1a\ud835\udc33\ud835\udc1a\ud835\udc2b &amp; \ud835\udc1c\ud835\udc22\ud835\udc1a\",\"isPartOf\":{\"@id\":\"https:\/\/shop.bazarcia.com\/#website\"},\"primaryImageOfPage\":{\"@id\":\"https:\/\/shop.bazarcia.com\/produto\/projeto-na-bordadeira-ornamentos-de-natal-ith\/#primaryimage\"},\"image\":{\"@id\":\"https:\/\/shop.bazarcia.com\/produto\/projeto-na-bordadeira-ornamentos-de-natal-ith\/#primaryimage\"},\"thumbnailUrl\":\"https:\/\/shop.bazarcia.com\/wp-content\/uploads\/2021\/10\/Projeto-na-Bordadeira-Ornamentos-de-Natal-1.png\",\"datePublished\":\"2021-10-29T16:46:12+00:00\",\"dateModified\":\"2023-11-24T20:45:14+00:00\",\"breadcrumb\":{\"@id\":\"https:\/\/shop.bazarcia.com\/produto\/projeto-na-bordadeira-ornamentos-de-natal-ith\/#breadcrumb\"},\"inLanguage\":\"en-US\",\"potentialAction\":[{\"@type\":\"ReadAction\",\"target\":[\"https:\/\/shop.bazarcia.com\/produto\/projeto-na-bordadeira-ornamentos-de-natal-ith\/\"]}]},{\"@type\":\"ImageObject\",\"inLanguage\":\"en-US\",\"@id\":\"https:\/\/shop.bazarcia.com\/produto\/projeto-na-bordadeira-ornamentos-de-natal-ith\/#primaryimage\",\"url\":\"https:\/\/shop.bazarcia.com\/wp-content\/uploads\/2021\/10\/Projeto-na-Bordadeira-Ornamentos-de-Natal-1.png\",\"contentUrl\":\"https:\/\/shop.bazarcia.com\/wp-content\/uploads\/2021\/10\/Projeto-na-Bordadeira-Ornamentos-de-Natal-1.png\",\"width\":1080,\"height\":1080},{\"@type\":\"BreadcrumbList\",\"@id\":\"https:\/\/shop.bazarcia.com\/produto\/projeto-na-bordadeira-ornamentos-de-natal-ith\/#breadcrumb\",\"itemListElement\":[{\"@type\":\"ListItem\",\"position\":1,\"name\":\"In\u00edcio\",\"item\":\"https:\/\/shop.bazarcia.com\/\"},{\"@type\":\"ListItem\",\"position\":2,\"name\":\"Loja\",\"item\":\"https:\/\/shop.bazarcia.com\/loja\/\"},{\"@type\":\"ListItem\",\"position\":3,\"name\":\"Projeto na Bordadeira Ornamentos de Natal ITH\"}]},{\"@type\":\"WebSite\",\"@id\":\"https:\/\/shop.bazarcia.com\/#website\",\"url\":\"https:\/\/shop.bazarcia.com\/\",\"name\":\"Bazar & Cia\",\"description\":\"criatividade ponto a ponto\",\"publisher\":{\"@id\":\"https:\/\/shop.bazarcia.com\/#organization\"},\"potentialAction\":[{\"@type\":\"SearchAction\",\"target\":{\"@type\":\"EntryPoint\",\"urlTemplate\":\"https:\/\/shop.bazarcia.com\/?s={search_term_string}\"},\"query-input\":{\"@type\":\"PropertyValueSpecification\",\"valueRequired\":true,\"valueName\":\"search_term_string\"}}],\"inLanguage\":\"en-US\"},{\"@type\":\"Organization\",\"@id\":\"https:\/\/shop.bazarcia.com\/#organization\",\"name\":\"Bazar & Cia\",\"url\":\"https:\/\/shop.bazarcia.com\/\",\"logo\":{\"@type\":\"ImageObject\",\"inLanguage\":\"en-US\",\"@id\":\"https:\/\/shop.bazarcia.com\/#\/schema\/logo\/image\/\",\"url\":\"https:\/\/shop.bazarcia.com\/wp-content\/uploads\/2024\/02\/cropped-logo_bazarcia.png\",\"contentUrl\":\"https:\/\/shop.bazarcia.com\/wp-content\/uploads\/2024\/02\/cropped-logo_bazarcia.png\",\"width\":150,\"height\":150,\"caption\":\"Bazar & Cia\"},\"image\":{\"@id\":\"https:\/\/shop.bazarcia.com\/#\/schema\/logo\/image\/\"},\"sameAs\":[\"https:\/\/www.facebook.com\/shopbazarcia\",\"https:\/\/www.instagram.com\/shopbazarcia\",\"https:\/\/br.pinterest.com\/suzane_eloise\/\",\"https:\/\/www.youtube.com\/c\/BazardoBordadoMatrizeseProjetos\"]}]}<\/script>\n<!-- \/ Yoast SEO plugin. -->","yoast_head_json":{"title":"Projeto na Bordadeira Ornamentos de Natal ITH - \ud835\udc1b\ud835\udc1a\ud835\udc33\ud835\udc1a\ud835\udc2b &amp; \ud835\udc1c\ud835\udc22\ud835\udc1a","robots":{"index":"index","follow":"follow","max-snippet":"max-snippet:-1","max-image-preview":"max-image-preview:large","max-video-preview":"max-video-preview:-1"},"canonical":"https:\/\/shop.bazarcia.com\/en\/product\/projeto-na-bordadeira-ornamentos-de-natal-ith\/","og_locale":"en_US","og_type":"article","og_title":"Projeto na Bordadeira Ornamentos de Natal ITH - \ud835\udc1b\ud835\udc1a\ud835\udc33\ud835\udc1a\ud835\udc2b &amp; \ud835\udc1c\ud835\udc22\ud835\udc1a","og_description":"Este \u00e9 um PRODUTO DIGITAL destinado a artes\u00e3s e artes\u00e3os &lt;3  O Natal est\u00e1 chegando e como sabem... amamos essa \u00e9poca! A nossa cole\u00e7\u00e3o de natal do ano passado ficou linda, e a desse ano n\u00e3o ser\u00e1 diferente! E para come\u00e7ar trouxemos esses ornamentos lindos para decora\u00e7\u00e3o de \u00e1rvores de natal. S\u00e3o 10 personagens em pontos leves em bolinhas para pendurar, todos para bastidores 10x10, \u00f3timos para aproveitar aqueles retalhinhos de manta e tecido que fomos juntando ao longo do ano!  Apesar de ser uma pe\u00e7a de f\u00e1cil execu\u00e7\u00e3o, fizemos o tutorial de uma dessas fofuras e ele estar\u00e1 dispon\u00edvel aqui mesmo em sua conta ap\u00f3s a compra e libera\u00e7\u00e3o das matrizes.  S\u00e3o 10 fofurinhas, sendo elas: biscoito de gengibre, boneco de neve, corujinha, elfo, papai noel, pinguim, raposinha, rena, soldadinho de chumbo e urso polar.  Mais informa\u00e7\u00f5es abaixo!","og_url":"https:\/\/shop.bazarcia.com\/en\/product\/projeto-na-bordadeira-ornamentos-de-natal-ith\/","og_site_name":"\ud835\udc1b\ud835\udc1a\ud835\udc33\ud835\udc1a\ud835\udc2b &amp; \ud835\udc1c\ud835\udc22\ud835\udc1a","article_publisher":"https:\/\/www.facebook.com\/shopbazarcia","article_modified_time":"2023-11-24T20:45:14+00:00","og_image":[{"width":1080,"height":1080,"url":"https:\/\/shop.bazarcia.com\/wp-content\/uploads\/2021\/10\/Projeto-na-Bordadeira-Ornamentos-de-Natal-1.png","type":"image\/png"}],"twitter_card":"summary_large_image","twitter_misc":{"Est. reading time":"1 minute"},"schema":{"@context":"https:\/\/schema.org","@graph":[{"@type":"WebPage","@id":"https:\/\/shop.bazarcia.com\/produto\/projeto-na-bordadeira-ornamentos-de-natal-ith\/","url":"https:\/\/shop.bazarcia.com\/produto\/projeto-na-bordadeira-ornamentos-de-natal-ith\/","name":"Projeto na Bordadeira Ornamentos de Natal ITH - \ud835\udc1b\ud835\udc1a\ud835\udc33\ud835\udc1a\ud835\udc2b &amp; \ud835\udc1c\ud835\udc22\ud835\udc1a","isPartOf":{"@id":"https:\/\/shop.bazarcia.com\/#website"},"primaryImageOfPage":{"@id":"https:\/\/shop.bazarcia.com\/produto\/projeto-na-bordadeira-ornamentos-de-natal-ith\/#primaryimage"},"image":{"@id":"https:\/\/shop.bazarcia.com\/produto\/projeto-na-bordadeira-ornamentos-de-natal-ith\/#primaryimage"},"thumbnailUrl":"https:\/\/shop.bazarcia.com\/wp-content\/uploads\/2021\/10\/Projeto-na-Bordadeira-Ornamentos-de-Natal-1.png","datePublished":"2021-10-29T16:46:12+00:00","dateModified":"2023-11-24T20:45:14+00:00","breadcrumb":{"@id":"https:\/\/shop.bazarcia.com\/produto\/projeto-na-bordadeira-ornamentos-de-natal-ith\/#breadcrumb"},"inLanguage":"en-US","potentialAction":[{"@type":"ReadAction","target":["https:\/\/shop.bazarcia.com\/produto\/projeto-na-bordadeira-ornamentos-de-natal-ith\/"]}]},{"@type":"ImageObject","inLanguage":"en-US","@id":"https:\/\/shop.bazarcia.com\/produto\/projeto-na-bordadeira-ornamentos-de-natal-ith\/#primaryimage","url":"https:\/\/shop.bazarcia.com\/wp-content\/uploads\/2021\/10\/Projeto-na-Bordadeira-Ornamentos-de-Natal-1.png","contentUrl":"https:\/\/shop.bazarcia.com\/wp-content\/uploads\/2021\/10\/Projeto-na-Bordadeira-Ornamentos-de-Natal-1.png","width":1080,"height":1080},{"@type":"BreadcrumbList","@id":"https:\/\/shop.bazarcia.com\/produto\/projeto-na-bordadeira-ornamentos-de-natal-ith\/#breadcrumb","itemListElement":[{"@type":"ListItem","position":1,"name":"In\u00edcio","item":"https:\/\/shop.bazarcia.com\/"},{"@type":"ListItem","position":2,"name":"Loja","item":"https:\/\/shop.bazarcia.com\/loja\/"},{"@type":"ListItem","position":3,"name":"Projeto na Bordadeira Ornamentos de Natal ITH"}]},{"@type":"WebSite","@id":"https:\/\/shop.bazarcia.com\/#website","url":"https:\/\/shop.bazarcia.com\/","name":"Bazar & Cia","description":"criatividade ponto a ponto","publisher":{"@id":"https:\/\/shop.bazarcia.com\/#organization"},"potentialAction":[{"@type":"SearchAction","target":{"@type":"EntryPoint","urlTemplate":"https:\/\/shop.bazarcia.com\/?s={search_term_string}"},"query-input":{"@type":"PropertyValueSpecification","valueRequired":true,"valueName":"search_term_string"}}],"inLanguage":"en-US"},{"@type":"Organization","@id":"https:\/\/shop.bazarcia.com\/#organization","name":"Bazar & Cia","url":"https:\/\/shop.bazarcia.com\/","logo":{"@type":"ImageObject","inLanguage":"en-US","@id":"https:\/\/shop.bazarcia.com\/#\/schema\/logo\/image\/","url":"https:\/\/shop.bazarcia.com\/wp-content\/uploads\/2024\/02\/cropped-logo_bazarcia.png","contentUrl":"https:\/\/shop.bazarcia.com\/wp-content\/uploads\/2024\/02\/cropped-logo_bazarcia.png","width":150,"height":150,"caption":"Bazar & Cia"},"image":{"@id":"https:\/\/shop.bazarcia.com\/#\/schema\/logo\/image\/"},"sameAs":["https:\/\/www.facebook.com\/shopbazarcia","https:\/\/www.instagram.com\/shopbazarcia","https:\/\/br.pinterest.com\/suzane_eloise\/","https:\/\/www.youtube.com\/c\/BazardoBordadoMatrizeseProjetos"]}]}},"_links":{"self":[{"href":"https:\/\/shop.bazarcia.com\/en\/wp-json\/wp\/v2\/product\/131181","targetHints":{"allow":["GET"]}}],"collection":[{"href":"https:\/\/shop.bazarcia.com\/en\/wp-json\/wp\/v2\/product"}],"about":[{"href":"https:\/\/shop.bazarcia.com\/en\/wp-json\/wp\/v2\/types\/product"}],"replies":[{"embeddable":true,"href":"https:\/\/shop.bazarcia.com\/en\/wp-json\/wp\/v2\/comments?post=131181"}],"version-history":[{"count":1,"href":"https:\/\/shop.bazarcia.com\/en\/wp-json\/wp\/v2\/product\/131181\/revisions"}],"predecessor-version":[{"id":254356,"href":"https:\/\/shop.bazarcia.com\/en\/wp-json\/wp\/v2\/product\/131181\/revisions\/254356"}],"wp:featuredmedia":[{"embeddable":true,"href":"https:\/\/shop.bazarcia.com\/en\/wp-json\/wp\/v2\/media\/131170"}],"wp:attachment":[{"href":"https:\/\/shop.bazarcia.com\/en\/wp-json\/wp\/v2\/media?parent=131181"}],"wp:term":[{"taxonomy":"product_brand","embeddable":true,"href":"https:\/\/shop.bazarcia.com\/en\/wp-json\/wp\/v2\/product_brand?post=131181"},{"taxonomy":"product_cat","embeddable":true,"href":"https:\/\/shop.bazarcia.com\/en\/wp-json\/wp\/v2\/product_cat?post=131181"},{"taxonomy":"product_tag","embeddable":true,"href":"https:\/\/shop.bazarcia.com\/en\/wp-json\/wp\/v2\/product_tag?post=131181"}],"curies":[{"name":"wp","href":"https:\/\/api.w.org\/{rel}","templated":true}]}}