{"id":131271,"date":"2021-10-29T23:14:15","date_gmt":"2021-10-30T02:14:15","guid":{"rendered":"https:\/\/shop.bazarcia.com\/produto\/pre-venda-de-matrizes-de-bordado-de-natal\/"},"modified":"2024-09-20T13:02:27","modified_gmt":"2024-09-20T16:02:27","slug":"pre-venda-de-matrizes-de-bordado-de-natal","status":"publish","type":"product","link":"https:\/\/shop.bazarcia.com\/en\/product\/pre-venda-de-matrizes-de-bordado-de-natal\/","title":{"rendered":"Matrizes de Bordado de Natal"},"content":{"rendered":"","protected":false},"excerpt":{"rendered":"<p>Cole\u00e7\u00e3o Mista Sonhos de Natal;<br \/>\nS\u00e3o 15 Matrizes mistas em aplique, ponto rippled e ponto cheio.<\/p>\n<p>Formato: JEF &amp; PES<\/p>\n<p>Tamanho: para os bastidores 13&#215;18 e 16&#215;26<\/p>\n<p>Lembre-se: N\u00e3o \u00e9 permitido a venda, doa\u00e7\u00e3o ou publica\u00e7\u00e3o dessas matrizes em grupos p\u00fablicos;<\/p>\n<p>Agradecemos a compreens\u00e3o;<\/p>","protected":false},"featured_media":131266,"comment_status":"open","ping_status":"closed","template":"","meta":{"_acf_changed":false,"_joinchat":[]},"product_brand":[],"product_cat":[122,338,137,87,84,1393,312,138,86,1372,98,1330,1579,123],"product_tag":[],"class_list":{"0":"post-131271","1":"product","2":"type-product","3":"status-publish","4":"has-post-thumbnail","6":"product_cat-matrizes-de-bordado-animais","7":"product_cat-arvores","8":"product_cat-datas-especiais","9":"product_cat-maquinas-de-bordar","10":"product_cat-matrizes-de-bordado","11":"product_cat-matrizes-de-bordado-para-bodys","12":"product_cat-matrizes-pontos-leves","13":"product_cat-natal","14":"product_cat-materiais-para-bordado-computadorizado","15":"product_cat-natal-projetos-para-datas-especiais","16":"product_cat-projetos-na-bordadeira-in-the-hoop-embroidery","17":"product_cat-projetos-para-datas-especiais","18":"product_cat-renas","19":"product_cat-ursinhos","21":"first","22":"instock","23":"downloadable","24":"virtual","25":"purchasable","26":"product-type-simple"},"acf":[],"yoast_head":"<!-- This site is optimized with the Yoast SEO plugin v27.2 - https:\/\/yoast.com\/product\/yoast-seo-wordpress\/ -->\n<title>Matrizes de Bordado de Natal - \ud835\udc1b\ud835\udc1a\ud835\udc33\ud835\udc1a\ud835\udc2b &amp; \ud835\udc1c\ud835\udc22\ud835\udc1a<\/title>\n<meta name=\"robots\" content=\"index, follow, max-snippet:-1, max-image-preview:large, max-video-preview:-1\" \/>\n<link rel=\"canonical\" href=\"https:\/\/shop.bazarcia.com\/en\/product\/pre-venda-de-matrizes-de-bordado-de-natal\/\" \/>\n<meta property=\"og:locale\" content=\"en_US\" \/>\n<meta property=\"og:type\" content=\"article\" \/>\n<meta property=\"og:title\" content=\"Matrizes de Bordado de Natal - \ud835\udc1b\ud835\udc1a\ud835\udc33\ud835\udc1a\ud835\udc2b &amp; \ud835\udc1c\ud835\udc22\ud835\udc1a\" \/>\n<meta property=\"og:description\" content=\"Cole\u00e7\u00e3o Mista Sonhos de Natal; S\u00e3o 15 Matrizes mistas em aplique, ponto rippled e ponto cheio.  Formato: JEF &amp; PES  Tamanho: para os bastidores 13x18 e 16x26  Lembre-se: N\u00e3o \u00e9 permitido a venda, doa\u00e7\u00e3o ou publica\u00e7\u00e3o dessas matrizes em grupos p\u00fablicos;  Agradecemos a compreens\u00e3o;\" \/>\n<meta property=\"og:url\" content=\"https:\/\/shop.bazarcia.com\/en\/product\/pre-venda-de-matrizes-de-bordado-de-natal\/\" \/>\n<meta property=\"og:site_name\" content=\"\ud835\udc1b\ud835\udc1a\ud835\udc33\ud835\udc1a\ud835\udc2b &amp; \ud835\udc1c\ud835\udc22\ud835\udc1a\" \/>\n<meta property=\"article:publisher\" content=\"https:\/\/www.facebook.com\/shopbazarcia\" \/>\n<meta property=\"article:modified_time\" content=\"2024-09-20T16:02:27+00:00\" \/>\n<meta property=\"og:image\" content=\"https:\/\/shop.bazarcia.com\/wp-content\/uploads\/2021\/10\/WhatsApp-Image-2021-10-28-at-15.16.36.jpeg\" \/>\n\t<meta property=\"og:image:width\" content=\"768\" \/>\n\t<meta property=\"og:image:height\" content=\"1024\" \/>\n\t<meta property=\"og:image:type\" content=\"image\/jpeg\" \/>\n<meta name=\"twitter:card\" content=\"summary_large_image\" \/>\n<script type=\"application\/ld+json\" class=\"yoast-schema-graph\">{\"@context\":\"https:\/\/schema.org\",\"@graph\":[{\"@type\":\"WebPage\",\"@id\":\"https:\/\/shop.bazarcia.com\/produto\/pre-venda-de-matrizes-de-bordado-de-natal\/\",\"url\":\"https:\/\/shop.bazarcia.com\/produto\/pre-venda-de-matrizes-de-bordado-de-natal\/\",\"name\":\"Matrizes de Bordado de Natal - \ud835\udc1b\ud835\udc1a\ud835\udc33\ud835\udc1a\ud835\udc2b &amp; \ud835\udc1c\ud835\udc22\ud835\udc1a\",\"isPartOf\":{\"@id\":\"https:\/\/shop.bazarcia.com\/#website\"},\"primaryImageOfPage\":{\"@id\":\"https:\/\/shop.bazarcia.com\/produto\/pre-venda-de-matrizes-de-bordado-de-natal\/#primaryimage\"},\"image\":{\"@id\":\"https:\/\/shop.bazarcia.com\/produto\/pre-venda-de-matrizes-de-bordado-de-natal\/#primaryimage\"},\"thumbnailUrl\":\"https:\/\/shop.bazarcia.com\/wp-content\/uploads\/2021\/10\/WhatsApp-Image-2021-10-28-at-15.16.36.jpeg\",\"datePublished\":\"2021-10-30T02:14:15+00:00\",\"dateModified\":\"2024-09-20T16:02:27+00:00\",\"breadcrumb\":{\"@id\":\"https:\/\/shop.bazarcia.com\/produto\/pre-venda-de-matrizes-de-bordado-de-natal\/#breadcrumb\"},\"inLanguage\":\"en-US\",\"potentialAction\":[{\"@type\":\"ReadAction\",\"target\":[\"https:\/\/shop.bazarcia.com\/produto\/pre-venda-de-matrizes-de-bordado-de-natal\/\"]}]},{\"@type\":\"ImageObject\",\"inLanguage\":\"en-US\",\"@id\":\"https:\/\/shop.bazarcia.com\/produto\/pre-venda-de-matrizes-de-bordado-de-natal\/#primaryimage\",\"url\":\"https:\/\/shop.bazarcia.com\/wp-content\/uploads\/2021\/10\/WhatsApp-Image-2021-10-28-at-15.16.36.jpeg\",\"contentUrl\":\"https:\/\/shop.bazarcia.com\/wp-content\/uploads\/2021\/10\/WhatsApp-Image-2021-10-28-at-15.16.36.jpeg\",\"width\":768,\"height\":1024},{\"@type\":\"BreadcrumbList\",\"@id\":\"https:\/\/shop.bazarcia.com\/produto\/pre-venda-de-matrizes-de-bordado-de-natal\/#breadcrumb\",\"itemListElement\":[{\"@type\":\"ListItem\",\"position\":1,\"name\":\"In\u00edcio\",\"item\":\"https:\/\/shop.bazarcia.com\/\"},{\"@type\":\"ListItem\",\"position\":2,\"name\":\"Loja\",\"item\":\"https:\/\/shop.bazarcia.com\/loja\/\"},{\"@type\":\"ListItem\",\"position\":3,\"name\":\"Matrizes de Bordado de Natal\"}]},{\"@type\":\"WebSite\",\"@id\":\"https:\/\/shop.bazarcia.com\/#website\",\"url\":\"https:\/\/shop.bazarcia.com\/\",\"name\":\"Bazar & Cia\",\"description\":\"criatividade ponto a ponto\",\"publisher\":{\"@id\":\"https:\/\/shop.bazarcia.com\/#organization\"},\"potentialAction\":[{\"@type\":\"SearchAction\",\"target\":{\"@type\":\"EntryPoint\",\"urlTemplate\":\"https:\/\/shop.bazarcia.com\/?s={search_term_string}\"},\"query-input\":{\"@type\":\"PropertyValueSpecification\",\"valueRequired\":true,\"valueName\":\"search_term_string\"}}],\"inLanguage\":\"en-US\"},{\"@type\":\"Organization\",\"@id\":\"https:\/\/shop.bazarcia.com\/#organization\",\"name\":\"Bazar & Cia\",\"url\":\"https:\/\/shop.bazarcia.com\/\",\"logo\":{\"@type\":\"ImageObject\",\"inLanguage\":\"en-US\",\"@id\":\"https:\/\/shop.bazarcia.com\/#\/schema\/logo\/image\/\",\"url\":\"https:\/\/shop.bazarcia.com\/wp-content\/uploads\/2024\/02\/cropped-logo_bazarcia.png\",\"contentUrl\":\"https:\/\/shop.bazarcia.com\/wp-content\/uploads\/2024\/02\/cropped-logo_bazarcia.png\",\"width\":150,\"height\":150,\"caption\":\"Bazar & Cia\"},\"image\":{\"@id\":\"https:\/\/shop.bazarcia.com\/#\/schema\/logo\/image\/\"},\"sameAs\":[\"https:\/\/www.facebook.com\/shopbazarcia\",\"https:\/\/www.instagram.com\/shopbazarcia\",\"https:\/\/br.pinterest.com\/suzane_eloise\/\",\"https:\/\/www.youtube.com\/c\/BazardoBordadoMatrizeseProjetos\"]}]}<\/script>\n<!-- \/ Yoast SEO plugin. -->","yoast_head_json":{"title":"Matrizes de Bordado de Natal - \ud835\udc1b\ud835\udc1a\ud835\udc33\ud835\udc1a\ud835\udc2b &amp; \ud835\udc1c\ud835\udc22\ud835\udc1a","robots":{"index":"index","follow":"follow","max-snippet":"max-snippet:-1","max-image-preview":"max-image-preview:large","max-video-preview":"max-video-preview:-1"},"canonical":"https:\/\/shop.bazarcia.com\/en\/product\/pre-venda-de-matrizes-de-bordado-de-natal\/","og_locale":"en_US","og_type":"article","og_title":"Matrizes de Bordado de Natal - \ud835\udc1b\ud835\udc1a\ud835\udc33\ud835\udc1a\ud835\udc2b &amp; \ud835\udc1c\ud835\udc22\ud835\udc1a","og_description":"Cole\u00e7\u00e3o Mista Sonhos de Natal; S\u00e3o 15 Matrizes mistas em aplique, ponto rippled e ponto cheio.  Formato: JEF &amp; PES  Tamanho: para os bastidores 13x18 e 16x26  Lembre-se: N\u00e3o \u00e9 permitido a venda, doa\u00e7\u00e3o ou publica\u00e7\u00e3o dessas matrizes em grupos p\u00fablicos;  Agradecemos a compreens\u00e3o;","og_url":"https:\/\/shop.bazarcia.com\/en\/product\/pre-venda-de-matrizes-de-bordado-de-natal\/","og_site_name":"\ud835\udc1b\ud835\udc1a\ud835\udc33\ud835\udc1a\ud835\udc2b &amp; \ud835\udc1c\ud835\udc22\ud835\udc1a","article_publisher":"https:\/\/www.facebook.com\/shopbazarcia","article_modified_time":"2024-09-20T16:02:27+00:00","og_image":[{"width":768,"height":1024,"url":"https:\/\/shop.bazarcia.com\/wp-content\/uploads\/2021\/10\/WhatsApp-Image-2021-10-28-at-15.16.36.jpeg","type":"image\/jpeg"}],"twitter_card":"summary_large_image","schema":{"@context":"https:\/\/schema.org","@graph":[{"@type":"WebPage","@id":"https:\/\/shop.bazarcia.com\/produto\/pre-venda-de-matrizes-de-bordado-de-natal\/","url":"https:\/\/shop.bazarcia.com\/produto\/pre-venda-de-matrizes-de-bordado-de-natal\/","name":"Matrizes de Bordado de Natal - \ud835\udc1b\ud835\udc1a\ud835\udc33\ud835\udc1a\ud835\udc2b &amp; \ud835\udc1c\ud835\udc22\ud835\udc1a","isPartOf":{"@id":"https:\/\/shop.bazarcia.com\/#website"},"primaryImageOfPage":{"@id":"https:\/\/shop.bazarcia.com\/produto\/pre-venda-de-matrizes-de-bordado-de-natal\/#primaryimage"},"image":{"@id":"https:\/\/shop.bazarcia.com\/produto\/pre-venda-de-matrizes-de-bordado-de-natal\/#primaryimage"},"thumbnailUrl":"https:\/\/shop.bazarcia.com\/wp-content\/uploads\/2021\/10\/WhatsApp-Image-2021-10-28-at-15.16.36.jpeg","datePublished":"2021-10-30T02:14:15+00:00","dateModified":"2024-09-20T16:02:27+00:00","breadcrumb":{"@id":"https:\/\/shop.bazarcia.com\/produto\/pre-venda-de-matrizes-de-bordado-de-natal\/#breadcrumb"},"inLanguage":"en-US","potentialAction":[{"@type":"ReadAction","target":["https:\/\/shop.bazarcia.com\/produto\/pre-venda-de-matrizes-de-bordado-de-natal\/"]}]},{"@type":"ImageObject","inLanguage":"en-US","@id":"https:\/\/shop.bazarcia.com\/produto\/pre-venda-de-matrizes-de-bordado-de-natal\/#primaryimage","url":"https:\/\/shop.bazarcia.com\/wp-content\/uploads\/2021\/10\/WhatsApp-Image-2021-10-28-at-15.16.36.jpeg","contentUrl":"https:\/\/shop.bazarcia.com\/wp-content\/uploads\/2021\/10\/WhatsApp-Image-2021-10-28-at-15.16.36.jpeg","width":768,"height":1024},{"@type":"BreadcrumbList","@id":"https:\/\/shop.bazarcia.com\/produto\/pre-venda-de-matrizes-de-bordado-de-natal\/#breadcrumb","itemListElement":[{"@type":"ListItem","position":1,"name":"In\u00edcio","item":"https:\/\/shop.bazarcia.com\/"},{"@type":"ListItem","position":2,"name":"Loja","item":"https:\/\/shop.bazarcia.com\/loja\/"},{"@type":"ListItem","position":3,"name":"Matrizes de Bordado de Natal"}]},{"@type":"WebSite","@id":"https:\/\/shop.bazarcia.com\/#website","url":"https:\/\/shop.bazarcia.com\/","name":"Bazar & Cia","description":"criatividade ponto a ponto","publisher":{"@id":"https:\/\/shop.bazarcia.com\/#organization"},"potentialAction":[{"@type":"SearchAction","target":{"@type":"EntryPoint","urlTemplate":"https:\/\/shop.bazarcia.com\/?s={search_term_string}"},"query-input":{"@type":"PropertyValueSpecification","valueRequired":true,"valueName":"search_term_string"}}],"inLanguage":"en-US"},{"@type":"Organization","@id":"https:\/\/shop.bazarcia.com\/#organization","name":"Bazar & Cia","url":"https:\/\/shop.bazarcia.com\/","logo":{"@type":"ImageObject","inLanguage":"en-US","@id":"https:\/\/shop.bazarcia.com\/#\/schema\/logo\/image\/","url":"https:\/\/shop.bazarcia.com\/wp-content\/uploads\/2024\/02\/cropped-logo_bazarcia.png","contentUrl":"https:\/\/shop.bazarcia.com\/wp-content\/uploads\/2024\/02\/cropped-logo_bazarcia.png","width":150,"height":150,"caption":"Bazar & Cia"},"image":{"@id":"https:\/\/shop.bazarcia.com\/#\/schema\/logo\/image\/"},"sameAs":["https:\/\/www.facebook.com\/shopbazarcia","https:\/\/www.instagram.com\/shopbazarcia","https:\/\/br.pinterest.com\/suzane_eloise\/","https:\/\/www.youtube.com\/c\/BazardoBordadoMatrizeseProjetos"]}]}},"_links":{"self":[{"href":"https:\/\/shop.bazarcia.com\/en\/wp-json\/wp\/v2\/product\/131271","targetHints":{"allow":["GET"]}}],"collection":[{"href":"https:\/\/shop.bazarcia.com\/en\/wp-json\/wp\/v2\/product"}],"about":[{"href":"https:\/\/shop.bazarcia.com\/en\/wp-json\/wp\/v2\/types\/product"}],"replies":[{"embeddable":true,"href":"https:\/\/shop.bazarcia.com\/en\/wp-json\/wp\/v2\/comments?post=131271"}],"version-history":[{"count":1,"href":"https:\/\/shop.bazarcia.com\/en\/wp-json\/wp\/v2\/product\/131271\/revisions"}],"predecessor-version":[{"id":241081,"href":"https:\/\/shop.bazarcia.com\/en\/wp-json\/wp\/v2\/product\/131271\/revisions\/241081"}],"wp:featuredmedia":[{"embeddable":true,"href":"https:\/\/shop.bazarcia.com\/en\/wp-json\/wp\/v2\/media\/131266"}],"wp:attachment":[{"href":"https:\/\/shop.bazarcia.com\/en\/wp-json\/wp\/v2\/media?parent=131271"}],"wp:term":[{"taxonomy":"product_brand","embeddable":true,"href":"https:\/\/shop.bazarcia.com\/en\/wp-json\/wp\/v2\/product_brand?post=131271"},{"taxonomy":"product_cat","embeddable":true,"href":"https:\/\/shop.bazarcia.com\/en\/wp-json\/wp\/v2\/product_cat?post=131271"},{"taxonomy":"product_tag","embeddable":true,"href":"https:\/\/shop.bazarcia.com\/en\/wp-json\/wp\/v2\/product_tag?post=131271"}],"curies":[{"name":"wp","href":"https:\/\/api.w.org\/{rel}","templated":true}]}}