{"id":131433,"date":"2021-10-30T19:21:11","date_gmt":"2021-10-30T22:21:11","guid":{"rendered":"https:\/\/shop.bazarcia.com\/produto\/licenca-comercial-producao-de-tecido-ate-1000-metros\/"},"modified":"2021-10-30T19:27:44","modified_gmt":"2021-10-30T22:27:44","slug":"licenca-comercial-producao-de-tecido-ate-1000-metros","status":"publish","type":"product","link":"https:\/\/shop.bazarcia.com\/en\/product\/licenca-comercial-producao-de-tecido-ate-1000-metros\/","title":{"rendered":"Licen\u00e7a Comercial Produ\u00e7\u00e3o de Tecido at\u00e9 1000 metros"},"content":{"rendered":"<p style=\"margin-top: 0px;margin-bottom: 1rem;color: #6c737b;font-family: roboto, sans-serif\"><span style=\"font-weight: bolder\"><span style=\"font-weight: bolder\">TERMOS DE USO<br \/>\n<\/span>ATEN\u00c7\u00c3O: A licen\u00e7a comercial n\u00e3o inclui o kit digital. Voc\u00ea deve fazer a compra do kit escolhido e mais a compra da licen\u00e7a comercial para ele.<\/span><\/p>\n<p>\u25ba\u00a0 Esta Licen\u00e7a Comercial concede o direito de usar as imagens do kit adquirido para produ\u00e7\u00e3o de tecido, estamparia ou tecidos digitais, at\u00e9 1000 unidades por estampa por ano.<\/p>\n<p>\u25ba Esta \u00e9 uma licen\u00e7a n\u00e3o exclusiva, intransfer\u00edvel, para uso das ilustra\u00e7\u00f5es do kit adquirido. Todos os direitos sobre as imagens continuam sendo \u00fanica e exclusivamente do Ateli\u00ea Mam\u00e3e Coruja.<\/p>\n<p>\u25ba Cada licen\u00e7a comercial se aplica a um \u00fanico kit digital. Caso queira usar mais de um de nossos kits \u00e9 necess\u00e1rio adquirir uma Licen\u00e7a Comercial para cada.<\/p>\n<p>\u25ba Qualquer um de nossos arquivos n\u00e3o podem ser compartilhados, sublicenciados, doados, distribu\u00eddos, comercializados, revendidos ou repassados.<\/p>\n<div style=\"color: #212529;font-family: roboto, sans-serif\">\n<p style=\"margin-top: 0px;margin-bottom: 1rem;color: #6c737b\"><span style=\"font-weight: bolder\">Atente-se \u00e0s demais condi\u00e7\u00f5es citadas na p\u00e1gina dos kits.<\/span><\/p>\n<p>Todos os direitos reservados \u00a9 Ateli\u00ea Mam\u00e3e Coruja<\/p>\n<p><span style=\"color: #6c737b;font-family: Georgia, 'Times New Roman', 'Bitstream Charter', Times, serif\">Qualquer d\u00favida estamos a disposi\u00e7\u00e3o. Clique\u00a0<\/span><u style=\"color: #6c737b;font-family: Georgia, 'Times New Roman', 'Bitstream Charter', Times, serif\"><a style=\"color: #95663c;text-decoration: none !important;background-color: transparent\" href=\"https:\/\/tawk.to\/chat\/5e5ed328c32b5c19173963d7\/default\" target=\"_blank\" rel=\"nofollow noopener\">AQUI<\/a><\/u><span style=\"color: #6c737b;font-family: Georgia, 'Times New Roman', 'Bitstream Charter', Times, serif\"> para nos contatar pelo Chat.<\/span><\/p>\n<\/div>","protected":false},"excerpt":{"rendered":"<p>Este \u00e9 um PRODUTO DIGITAL!<\/p>\n<p>Ap\u00f3s a compra, envie um email para contato@ateliemamaecoruja.com.br com as seguintes informa\u00e7\u00f5es:<br \/>\nNome completo;<br \/>\nCPF se for pessoa f\u00edsica\/CNPJ e nome da empresa se for pessoa jur\u00eddica;<br \/>\nEndere\u00e7o completo;<br \/>\nPara qual kit adquiriu a licen\u00e7a e;<br \/>\nN\u00famero do seu pedido.<\/p>\n<p>Em no m\u00e1ximo 5 dias \u00fateis responderemos ao seu email com a licen\u00e7a oficial assinada.<\/p>\n<p>ATEN\u00c7\u00c3O: A licen\u00e7a comercial n\u00e3o inclui o kit digital. Voc\u00ea deve fazer a compra do kit escolhido e mais a compra da licen\u00e7a comercial para ele.<br \/>\nCaso sua produ\u00e7\u00e3o seja menor que 100 metros de tecido, clica <a href=\"https:\/\/shop.bazarcia.com\/en\/product\/licenca-comercial-producao-de-tecido-ate-100-metros\/\">AQUI<\/a> para adquirir a licen\u00e7a correta para voc\u00ea.<\/p>\n<p>Por favor, leia os nossos termos de uso logo abaixo!<\/p>","protected":false},"featured_media":131428,"comment_status":"open","ping_status":"closed","template":"","meta":{"_acf_changed":false,"_joinchat":[]},"product_brand":[],"product_cat":[1656],"product_tag":[],"class_list":{"0":"post-131433","1":"product","2":"type-product","3":"status-publish","4":"has-post-thumbnail","6":"product_cat-kits-digitais","8":"first","9":"instock","10":"downloadable","11":"virtual","12":"purchasable","13":"product-type-simple"},"acf":[],"yoast_head":"<!-- This site is optimized with the Yoast SEO plugin v27.2 - https:\/\/yoast.com\/product\/yoast-seo-wordpress\/ -->\n<title>Licen\u00e7a Comercial Produ\u00e7\u00e3o de Tecido at\u00e9 1000 metros - \ud835\udc1b\ud835\udc1a\ud835\udc33\ud835\udc1a\ud835\udc2b &amp; \ud835\udc1c\ud835\udc22\ud835\udc1a<\/title>\n<meta name=\"robots\" content=\"index, follow, max-snippet:-1, max-image-preview:large, max-video-preview:-1\" \/>\n<link rel=\"canonical\" href=\"https:\/\/shop.bazarcia.com\/en\/product\/licenca-comercial-producao-de-tecido-ate-1000-metros\/\" \/>\n<meta property=\"og:locale\" content=\"en_US\" \/>\n<meta property=\"og:type\" content=\"article\" \/>\n<meta property=\"og:title\" content=\"Licen\u00e7a Comercial Produ\u00e7\u00e3o de Tecido at\u00e9 1000 metros - \ud835\udc1b\ud835\udc1a\ud835\udc33\ud835\udc1a\ud835\udc2b &amp; \ud835\udc1c\ud835\udc22\ud835\udc1a\" \/>\n<meta property=\"og:description\" content=\"Este \u00e9 um PRODUTO DIGITAL!  Ap\u00f3s a compra, envie um email para contato@ateliemamaecoruja.com.br com as seguintes informa\u00e7\u00f5es: Nome completo; CPF se for pessoa f\u00edsica\/CNPJ e nome da empresa se for pessoa jur\u00eddica; Endere\u00e7o completo; Para qual kit adquiriu a licen\u00e7a e; N\u00famero do seu pedido.  Em no m\u00e1ximo 5 dias \u00fateis responderemos ao seu email com a licen\u00e7a oficial assinada.  ATEN\u00c7\u00c3O: A licen\u00e7a comercial n\u00e3o inclui o kit digital. Voc\u00ea deve fazer a compra do kit escolhido e mais a compra da licen\u00e7a comercial para ele. Caso sua produ\u00e7\u00e3o seja menor que 100 metros de tecido, clica AQUI para adquirir a licen\u00e7a correta para voc\u00ea.  Por favor, leia os nossos termos de uso logo abaixo!\" \/>\n<meta property=\"og:url\" content=\"https:\/\/shop.bazarcia.com\/en\/product\/licenca-comercial-producao-de-tecido-ate-1000-metros\/\" \/>\n<meta property=\"og:site_name\" content=\"\ud835\udc1b\ud835\udc1a\ud835\udc33\ud835\udc1a\ud835\udc2b &amp; \ud835\udc1c\ud835\udc22\ud835\udc1a\" \/>\n<meta property=\"article:publisher\" content=\"https:\/\/www.facebook.com\/shopbazarcia\" \/>\n<meta property=\"article:modified_time\" content=\"2021-10-30T22:27:44+00:00\" \/>\n<meta property=\"og:image\" content=\"https:\/\/shop.bazarcia.com\/wp-content\/uploads\/2021\/10\/3-10-768x768.png\" \/>\n\t<meta property=\"og:image:width\" content=\"768\" \/>\n\t<meta property=\"og:image:height\" content=\"768\" \/>\n\t<meta property=\"og:image:type\" content=\"image\/png\" \/>\n<meta name=\"twitter:card\" content=\"summary_large_image\" \/>\n<meta name=\"twitter:label1\" content=\"Est. reading time\" \/>\n\t<meta name=\"twitter:data1\" content=\"1 minute\" \/>\n<script type=\"application\/ld+json\" class=\"yoast-schema-graph\">{\"@context\":\"https:\/\/schema.org\",\"@graph\":[{\"@type\":\"WebPage\",\"@id\":\"https:\/\/shop.bazarcia.com\/produto\/licenca-comercial-producao-de-tecido-ate-1000-metros\/\",\"url\":\"https:\/\/shop.bazarcia.com\/produto\/licenca-comercial-producao-de-tecido-ate-1000-metros\/\",\"name\":\"Licen\u00e7a Comercial Produ\u00e7\u00e3o de Tecido at\u00e9 1000 metros - \ud835\udc1b\ud835\udc1a\ud835\udc33\ud835\udc1a\ud835\udc2b &amp; \ud835\udc1c\ud835\udc22\ud835\udc1a\",\"isPartOf\":{\"@id\":\"https:\/\/shop.bazarcia.com\/#website\"},\"primaryImageOfPage\":{\"@id\":\"https:\/\/shop.bazarcia.com\/produto\/licenca-comercial-producao-de-tecido-ate-1000-metros\/#primaryimage\"},\"image\":{\"@id\":\"https:\/\/shop.bazarcia.com\/produto\/licenca-comercial-producao-de-tecido-ate-1000-metros\/#primaryimage\"},\"thumbnailUrl\":\"https:\/\/shop.bazarcia.com\/wp-content\/uploads\/2021\/10\/3-10.png\",\"datePublished\":\"2021-10-30T22:21:11+00:00\",\"dateModified\":\"2021-10-30T22:27:44+00:00\",\"breadcrumb\":{\"@id\":\"https:\/\/shop.bazarcia.com\/produto\/licenca-comercial-producao-de-tecido-ate-1000-metros\/#breadcrumb\"},\"inLanguage\":\"en-US\",\"potentialAction\":[{\"@type\":\"ReadAction\",\"target\":[\"https:\/\/shop.bazarcia.com\/produto\/licenca-comercial-producao-de-tecido-ate-1000-metros\/\"]}]},{\"@type\":\"ImageObject\",\"inLanguage\":\"en-US\",\"@id\":\"https:\/\/shop.bazarcia.com\/produto\/licenca-comercial-producao-de-tecido-ate-1000-metros\/#primaryimage\",\"url\":\"https:\/\/shop.bazarcia.com\/wp-content\/uploads\/2021\/10\/3-10.png\",\"contentUrl\":\"https:\/\/shop.bazarcia.com\/wp-content\/uploads\/2021\/10\/3-10.png\",\"width\":2000,\"height\":2000},{\"@type\":\"BreadcrumbList\",\"@id\":\"https:\/\/shop.bazarcia.com\/produto\/licenca-comercial-producao-de-tecido-ate-1000-metros\/#breadcrumb\",\"itemListElement\":[{\"@type\":\"ListItem\",\"position\":1,\"name\":\"In\u00edcio\",\"item\":\"https:\/\/shop.bazarcia.com\/\"},{\"@type\":\"ListItem\",\"position\":2,\"name\":\"Loja\",\"item\":\"https:\/\/shop.bazarcia.com\/loja\/\"},{\"@type\":\"ListItem\",\"position\":3,\"name\":\"Licen\u00e7a Comercial Produ\u00e7\u00e3o de Tecido at\u00e9 1000 metros\"}]},{\"@type\":\"WebSite\",\"@id\":\"https:\/\/shop.bazarcia.com\/#website\",\"url\":\"https:\/\/shop.bazarcia.com\/\",\"name\":\"Bazar & Cia\",\"description\":\"criatividade ponto a ponto\",\"publisher\":{\"@id\":\"https:\/\/shop.bazarcia.com\/#organization\"},\"potentialAction\":[{\"@type\":\"SearchAction\",\"target\":{\"@type\":\"EntryPoint\",\"urlTemplate\":\"https:\/\/shop.bazarcia.com\/?s={search_term_string}\"},\"query-input\":{\"@type\":\"PropertyValueSpecification\",\"valueRequired\":true,\"valueName\":\"search_term_string\"}}],\"inLanguage\":\"en-US\"},{\"@type\":\"Organization\",\"@id\":\"https:\/\/shop.bazarcia.com\/#organization\",\"name\":\"Bazar & Cia\",\"url\":\"https:\/\/shop.bazarcia.com\/\",\"logo\":{\"@type\":\"ImageObject\",\"inLanguage\":\"en-US\",\"@id\":\"https:\/\/shop.bazarcia.com\/#\/schema\/logo\/image\/\",\"url\":\"https:\/\/shop.bazarcia.com\/wp-content\/uploads\/2024\/02\/cropped-logo_bazarcia.png\",\"contentUrl\":\"https:\/\/shop.bazarcia.com\/wp-content\/uploads\/2024\/02\/cropped-logo_bazarcia.png\",\"width\":150,\"height\":150,\"caption\":\"Bazar & Cia\"},\"image\":{\"@id\":\"https:\/\/shop.bazarcia.com\/#\/schema\/logo\/image\/\"},\"sameAs\":[\"https:\/\/www.facebook.com\/shopbazarcia\",\"https:\/\/www.instagram.com\/shopbazarcia\",\"https:\/\/br.pinterest.com\/suzane_eloise\/\",\"https:\/\/www.youtube.com\/c\/BazardoBordadoMatrizeseProjetos\"]}]}<\/script>\n<!-- \/ Yoast SEO plugin. -->","yoast_head_json":{"title":"Licen\u00e7a Comercial Produ\u00e7\u00e3o de Tecido at\u00e9 1000 metros - \ud835\udc1b\ud835\udc1a\ud835\udc33\ud835\udc1a\ud835\udc2b &amp; \ud835\udc1c\ud835\udc22\ud835\udc1a","robots":{"index":"index","follow":"follow","max-snippet":"max-snippet:-1","max-image-preview":"max-image-preview:large","max-video-preview":"max-video-preview:-1"},"canonical":"https:\/\/shop.bazarcia.com\/en\/product\/licenca-comercial-producao-de-tecido-ate-1000-metros\/","og_locale":"en_US","og_type":"article","og_title":"Licen\u00e7a Comercial Produ\u00e7\u00e3o de Tecido at\u00e9 1000 metros - \ud835\udc1b\ud835\udc1a\ud835\udc33\ud835\udc1a\ud835\udc2b &amp; \ud835\udc1c\ud835\udc22\ud835\udc1a","og_description":"Este \u00e9 um PRODUTO DIGITAL!  Ap\u00f3s a compra, envie um email para contato@ateliemamaecoruja.com.br com as seguintes informa\u00e7\u00f5es: Nome completo; CPF se for pessoa f\u00edsica\/CNPJ e nome da empresa se for pessoa jur\u00eddica; Endere\u00e7o completo; Para qual kit adquiriu a licen\u00e7a e; N\u00famero do seu pedido.  Em no m\u00e1ximo 5 dias \u00fateis responderemos ao seu email com a licen\u00e7a oficial assinada.  ATEN\u00c7\u00c3O: A licen\u00e7a comercial n\u00e3o inclui o kit digital. Voc\u00ea deve fazer a compra do kit escolhido e mais a compra da licen\u00e7a comercial para ele. Caso sua produ\u00e7\u00e3o seja menor que 100 metros de tecido, clica AQUI para adquirir a licen\u00e7a correta para voc\u00ea.  Por favor, leia os nossos termos de uso logo abaixo!","og_url":"https:\/\/shop.bazarcia.com\/en\/product\/licenca-comercial-producao-de-tecido-ate-1000-metros\/","og_site_name":"\ud835\udc1b\ud835\udc1a\ud835\udc33\ud835\udc1a\ud835\udc2b &amp; \ud835\udc1c\ud835\udc22\ud835\udc1a","article_publisher":"https:\/\/www.facebook.com\/shopbazarcia","article_modified_time":"2021-10-30T22:27:44+00:00","og_image":[{"width":768,"height":768,"url":"https:\/\/shop.bazarcia.com\/wp-content\/uploads\/2021\/10\/3-10-768x768.png","type":"image\/png"}],"twitter_card":"summary_large_image","twitter_misc":{"Est. reading time":"1 minute"},"schema":{"@context":"https:\/\/schema.org","@graph":[{"@type":"WebPage","@id":"https:\/\/shop.bazarcia.com\/produto\/licenca-comercial-producao-de-tecido-ate-1000-metros\/","url":"https:\/\/shop.bazarcia.com\/produto\/licenca-comercial-producao-de-tecido-ate-1000-metros\/","name":"Licen\u00e7a Comercial Produ\u00e7\u00e3o de Tecido at\u00e9 1000 metros - \ud835\udc1b\ud835\udc1a\ud835\udc33\ud835\udc1a\ud835\udc2b &amp; \ud835\udc1c\ud835\udc22\ud835\udc1a","isPartOf":{"@id":"https:\/\/shop.bazarcia.com\/#website"},"primaryImageOfPage":{"@id":"https:\/\/shop.bazarcia.com\/produto\/licenca-comercial-producao-de-tecido-ate-1000-metros\/#primaryimage"},"image":{"@id":"https:\/\/shop.bazarcia.com\/produto\/licenca-comercial-producao-de-tecido-ate-1000-metros\/#primaryimage"},"thumbnailUrl":"https:\/\/shop.bazarcia.com\/wp-content\/uploads\/2021\/10\/3-10.png","datePublished":"2021-10-30T22:21:11+00:00","dateModified":"2021-10-30T22:27:44+00:00","breadcrumb":{"@id":"https:\/\/shop.bazarcia.com\/produto\/licenca-comercial-producao-de-tecido-ate-1000-metros\/#breadcrumb"},"inLanguage":"en-US","potentialAction":[{"@type":"ReadAction","target":["https:\/\/shop.bazarcia.com\/produto\/licenca-comercial-producao-de-tecido-ate-1000-metros\/"]}]},{"@type":"ImageObject","inLanguage":"en-US","@id":"https:\/\/shop.bazarcia.com\/produto\/licenca-comercial-producao-de-tecido-ate-1000-metros\/#primaryimage","url":"https:\/\/shop.bazarcia.com\/wp-content\/uploads\/2021\/10\/3-10.png","contentUrl":"https:\/\/shop.bazarcia.com\/wp-content\/uploads\/2021\/10\/3-10.png","width":2000,"height":2000},{"@type":"BreadcrumbList","@id":"https:\/\/shop.bazarcia.com\/produto\/licenca-comercial-producao-de-tecido-ate-1000-metros\/#breadcrumb","itemListElement":[{"@type":"ListItem","position":1,"name":"In\u00edcio","item":"https:\/\/shop.bazarcia.com\/"},{"@type":"ListItem","position":2,"name":"Loja","item":"https:\/\/shop.bazarcia.com\/loja\/"},{"@type":"ListItem","position":3,"name":"Licen\u00e7a Comercial Produ\u00e7\u00e3o de Tecido at\u00e9 1000 metros"}]},{"@type":"WebSite","@id":"https:\/\/shop.bazarcia.com\/#website","url":"https:\/\/shop.bazarcia.com\/","name":"Bazar & Cia","description":"criatividade ponto a ponto","publisher":{"@id":"https:\/\/shop.bazarcia.com\/#organization"},"potentialAction":[{"@type":"SearchAction","target":{"@type":"EntryPoint","urlTemplate":"https:\/\/shop.bazarcia.com\/?s={search_term_string}"},"query-input":{"@type":"PropertyValueSpecification","valueRequired":true,"valueName":"search_term_string"}}],"inLanguage":"en-US"},{"@type":"Organization","@id":"https:\/\/shop.bazarcia.com\/#organization","name":"Bazar & Cia","url":"https:\/\/shop.bazarcia.com\/","logo":{"@type":"ImageObject","inLanguage":"en-US","@id":"https:\/\/shop.bazarcia.com\/#\/schema\/logo\/image\/","url":"https:\/\/shop.bazarcia.com\/wp-content\/uploads\/2024\/02\/cropped-logo_bazarcia.png","contentUrl":"https:\/\/shop.bazarcia.com\/wp-content\/uploads\/2024\/02\/cropped-logo_bazarcia.png","width":150,"height":150,"caption":"Bazar & Cia"},"image":{"@id":"https:\/\/shop.bazarcia.com\/#\/schema\/logo\/image\/"},"sameAs":["https:\/\/www.facebook.com\/shopbazarcia","https:\/\/www.instagram.com\/shopbazarcia","https:\/\/br.pinterest.com\/suzane_eloise\/","https:\/\/www.youtube.com\/c\/BazardoBordadoMatrizeseProjetos"]}]}},"_links":{"self":[{"href":"https:\/\/shop.bazarcia.com\/en\/wp-json\/wp\/v2\/product\/131433","targetHints":{"allow":["GET"]}}],"collection":[{"href":"https:\/\/shop.bazarcia.com\/en\/wp-json\/wp\/v2\/product"}],"about":[{"href":"https:\/\/shop.bazarcia.com\/en\/wp-json\/wp\/v2\/types\/product"}],"replies":[{"embeddable":true,"href":"https:\/\/shop.bazarcia.com\/en\/wp-json\/wp\/v2\/comments?post=131433"}],"version-history":[{"count":0,"href":"https:\/\/shop.bazarcia.com\/en\/wp-json\/wp\/v2\/product\/131433\/revisions"}],"wp:featuredmedia":[{"embeddable":true,"href":"https:\/\/shop.bazarcia.com\/en\/wp-json\/wp\/v2\/media\/131428"}],"wp:attachment":[{"href":"https:\/\/shop.bazarcia.com\/en\/wp-json\/wp\/v2\/media?parent=131433"}],"wp:term":[{"taxonomy":"product_brand","embeddable":true,"href":"https:\/\/shop.bazarcia.com\/en\/wp-json\/wp\/v2\/product_brand?post=131433"},{"taxonomy":"product_cat","embeddable":true,"href":"https:\/\/shop.bazarcia.com\/en\/wp-json\/wp\/v2\/product_cat?post=131433"},{"taxonomy":"product_tag","embeddable":true,"href":"https:\/\/shop.bazarcia.com\/en\/wp-json\/wp\/v2\/product_tag?post=131433"}],"curies":[{"name":"wp","href":"https:\/\/api.w.org\/{rel}","templated":true}]}}