{"id":132769,"date":"2021-11-05T13:03:13","date_gmt":"2021-11-05T16:03:13","guid":{"rendered":"https:\/\/shop.bazarcia.com\/produto\/meus-documentos-projeto-100-feito-na-bordadeira\/"},"modified":"2023-01-10T13:06:46","modified_gmt":"2023-01-10T16:06:46","slug":"meus-documentos-projeto-100-feito-na-bordadeira","status":"publish","type":"product","link":"https:\/\/shop.bazarcia.com\/en\/product\/meus-documentos-projeto-100-feito-na-bordadeira\/","title":{"rendered":"Meus Documentos (Projeto 100% Feito na Bordadeira)"},"content":{"rendered":"<p>Os arquivos s\u00e3o compat\u00edveis com v\u00e1rios tipos de m\u00e1quina, com os seguintes formatos:<\/p>\n<p>PES-JEF-XXX-DST-EXP,os mesmos s\u00e3o disponibilizados em pasta compactada[ZIP].sendo necess\u00e1rio descompactar.<\/p>\n","protected":false},"excerpt":{"rendered":"<p>Projeto Meus Documentos 100% Feito na Bordadeira:<br \/>\nAcompanha Pap. Ap\u00f3s a compra voc\u00ea confere aqui mesmo no Bazar os v\u00eddeos para fazer os trabalhos (necess\u00e1rio bastidor acima de 15&#215;26)!<br \/>\nPara acessar a aula, basta estar logado em sua conta no site, acessar a aba &gt; Pedidos &gt; Material Auxiliar.<a href=\"https:\/\/youtu.be\/s0sRJXY1y94\" target=\"_blank\" rel=\"noopener\">Em caso de d\u00favidas clique aqui!<\/a><\/p>\n<p>Moldes em PDF<br \/>\nApostila<br \/>\nOs arquivos ser\u00e3o disponibilizados para DOWNLOAD em sua conta no site.(N\u00c3O SER\u00c3O ENVIADOS NO EMAIL).<br \/>\nMatrizes de Bordados compat\u00edvel no bastidor a partir de 15&#215;26<br \/>\n-Incluso As Matrizes<\/p>\n<p>Ap\u00f3s a confirma\u00e7\u00e3o do pagamento o Bazar do Bordado envia um email com as informa\u00e7\u00f5es sobre o pedido.<\/p>","protected":false},"featured_media":132747,"comment_status":"open","ping_status":"closed","template":"","meta":{"_acf_changed":false,"_joinchat":[]},"product_brand":[],"product_cat":[98],"product_tag":[],"class_list":{"0":"post-132769","1":"product","2":"type-product","3":"status-publish","4":"has-post-thumbnail","6":"product_cat-projetos-na-bordadeira-in-the-hoop-embroidery","8":"first","9":"instock","10":"downloadable","11":"virtual","12":"purchasable","13":"product-type-simple"},"acf":[],"yoast_head":"<!-- This site is optimized with the Yoast SEO plugin v27.2 - https:\/\/yoast.com\/product\/yoast-seo-wordpress\/ -->\n<title>Meus Documentos (Projeto 100% Feito na Bordadeira) - \ud835\udc1b\ud835\udc1a\ud835\udc33\ud835\udc1a\ud835\udc2b &amp; \ud835\udc1c\ud835\udc22\ud835\udc1a<\/title>\n<meta name=\"robots\" content=\"index, follow, max-snippet:-1, max-image-preview:large, max-video-preview:-1\" \/>\n<link rel=\"canonical\" href=\"https:\/\/shop.bazarcia.com\/en\/product\/meus-documentos-projeto-100-feito-na-bordadeira\/\" \/>\n<meta property=\"og:locale\" content=\"en_US\" \/>\n<meta property=\"og:type\" content=\"article\" \/>\n<meta property=\"og:title\" content=\"Meus Documentos (Projeto 100% Feito na Bordadeira) - \ud835\udc1b\ud835\udc1a\ud835\udc33\ud835\udc1a\ud835\udc2b &amp; \ud835\udc1c\ud835\udc22\ud835\udc1a\" \/>\n<meta property=\"og:description\" content=\"Projeto Meus Documentos 100% Feito na Bordadeira: Acompanha Pap. Ap\u00f3s a compra voc\u00ea confere aqui mesmo no Bazar os v\u00eddeos para fazer os trabalhos (necess\u00e1rio bastidor acima de 15x26)! Para acessar a aula, basta estar logado em sua conta no site, acessar a aba &gt; Pedidos &gt; Material Auxiliar.Em caso de d\u00favidas clique aqui!  Moldes em PDF Apostila Os arquivos ser\u00e3o disponibilizados para DOWNLOAD em sua conta no site.(N\u00c3O SER\u00c3O ENVIADOS NO EMAIL). Matrizes de Bordados compat\u00edvel no bastidor a partir de 15x26 -Incluso As Matrizes  Ap\u00f3s a confirma\u00e7\u00e3o do pagamento o Bazar do Bordado envia um email com as informa\u00e7\u00f5es sobre o pedido.\" \/>\n<meta property=\"og:url\" content=\"https:\/\/shop.bazarcia.com\/en\/product\/meus-documentos-projeto-100-feito-na-bordadeira\/\" \/>\n<meta property=\"og:site_name\" content=\"\ud835\udc1b\ud835\udc1a\ud835\udc33\ud835\udc1a\ud835\udc2b &amp; \ud835\udc1c\ud835\udc22\ud835\udc1a\" \/>\n<meta property=\"article:publisher\" content=\"https:\/\/www.facebook.com\/shopbazarcia\" \/>\n<meta property=\"article:modified_time\" content=\"2023-01-10T16:06:46+00:00\" \/>\n<meta property=\"og:image\" content=\"https:\/\/shop.bazarcia.com\/wp-content\/uploads\/2021\/11\/WhatsApp-Image-2021-11-05-at-10.15.18-2.jpeg\" \/>\n\t<meta property=\"og:image:width\" content=\"960\" \/>\n\t<meta property=\"og:image:height\" content=\"960\" \/>\n\t<meta property=\"og:image:type\" content=\"image\/jpeg\" \/>\n<meta name=\"twitter:card\" content=\"summary_large_image\" \/>\n<script type=\"application\/ld+json\" class=\"yoast-schema-graph\">{\"@context\":\"https:\/\/schema.org\",\"@graph\":[{\"@type\":\"WebPage\",\"@id\":\"https:\/\/shop.bazarcia.com\/produto\/meus-documentos-projeto-100-feito-na-bordadeira\/\",\"url\":\"https:\/\/shop.bazarcia.com\/produto\/meus-documentos-projeto-100-feito-na-bordadeira\/\",\"name\":\"Meus Documentos (Projeto 100% Feito na Bordadeira) - \ud835\udc1b\ud835\udc1a\ud835\udc33\ud835\udc1a\ud835\udc2b &amp; \ud835\udc1c\ud835\udc22\ud835\udc1a\",\"isPartOf\":{\"@id\":\"https:\/\/shop.bazarcia.com\/#website\"},\"primaryImageOfPage\":{\"@id\":\"https:\/\/shop.bazarcia.com\/produto\/meus-documentos-projeto-100-feito-na-bordadeira\/#primaryimage\"},\"image\":{\"@id\":\"https:\/\/shop.bazarcia.com\/produto\/meus-documentos-projeto-100-feito-na-bordadeira\/#primaryimage\"},\"thumbnailUrl\":\"https:\/\/shop.bazarcia.com\/wp-content\/uploads\/2021\/11\/WhatsApp-Image-2021-11-05-at-10.15.18-2.jpeg\",\"datePublished\":\"2021-11-05T16:03:13+00:00\",\"dateModified\":\"2023-01-10T16:06:46+00:00\",\"breadcrumb\":{\"@id\":\"https:\/\/shop.bazarcia.com\/produto\/meus-documentos-projeto-100-feito-na-bordadeira\/#breadcrumb\"},\"inLanguage\":\"en-US\",\"potentialAction\":[{\"@type\":\"ReadAction\",\"target\":[\"https:\/\/shop.bazarcia.com\/produto\/meus-documentos-projeto-100-feito-na-bordadeira\/\"]}]},{\"@type\":\"ImageObject\",\"inLanguage\":\"en-US\",\"@id\":\"https:\/\/shop.bazarcia.com\/produto\/meus-documentos-projeto-100-feito-na-bordadeira\/#primaryimage\",\"url\":\"https:\/\/shop.bazarcia.com\/wp-content\/uploads\/2021\/11\/WhatsApp-Image-2021-11-05-at-10.15.18-2.jpeg\",\"contentUrl\":\"https:\/\/shop.bazarcia.com\/wp-content\/uploads\/2021\/11\/WhatsApp-Image-2021-11-05-at-10.15.18-2.jpeg\",\"width\":960,\"height\":960},{\"@type\":\"BreadcrumbList\",\"@id\":\"https:\/\/shop.bazarcia.com\/produto\/meus-documentos-projeto-100-feito-na-bordadeira\/#breadcrumb\",\"itemListElement\":[{\"@type\":\"ListItem\",\"position\":1,\"name\":\"In\u00edcio\",\"item\":\"https:\/\/shop.bazarcia.com\/\"},{\"@type\":\"ListItem\",\"position\":2,\"name\":\"Loja\",\"item\":\"https:\/\/shop.bazarcia.com\/loja\/\"},{\"@type\":\"ListItem\",\"position\":3,\"name\":\"Meus Documentos (Projeto 100% Feito na Bordadeira)\"}]},{\"@type\":\"WebSite\",\"@id\":\"https:\/\/shop.bazarcia.com\/#website\",\"url\":\"https:\/\/shop.bazarcia.com\/\",\"name\":\"Bazar & Cia\",\"description\":\"criatividade ponto a ponto\",\"publisher\":{\"@id\":\"https:\/\/shop.bazarcia.com\/#organization\"},\"potentialAction\":[{\"@type\":\"SearchAction\",\"target\":{\"@type\":\"EntryPoint\",\"urlTemplate\":\"https:\/\/shop.bazarcia.com\/?s={search_term_string}\"},\"query-input\":{\"@type\":\"PropertyValueSpecification\",\"valueRequired\":true,\"valueName\":\"search_term_string\"}}],\"inLanguage\":\"en-US\"},{\"@type\":\"Organization\",\"@id\":\"https:\/\/shop.bazarcia.com\/#organization\",\"name\":\"Bazar & Cia\",\"url\":\"https:\/\/shop.bazarcia.com\/\",\"logo\":{\"@type\":\"ImageObject\",\"inLanguage\":\"en-US\",\"@id\":\"https:\/\/shop.bazarcia.com\/#\/schema\/logo\/image\/\",\"url\":\"https:\/\/shop.bazarcia.com\/wp-content\/uploads\/2024\/02\/cropped-logo_bazarcia.png\",\"contentUrl\":\"https:\/\/shop.bazarcia.com\/wp-content\/uploads\/2024\/02\/cropped-logo_bazarcia.png\",\"width\":150,\"height\":150,\"caption\":\"Bazar & Cia\"},\"image\":{\"@id\":\"https:\/\/shop.bazarcia.com\/#\/schema\/logo\/image\/\"},\"sameAs\":[\"https:\/\/www.facebook.com\/shopbazarcia\",\"https:\/\/www.instagram.com\/shopbazarcia\",\"https:\/\/br.pinterest.com\/suzane_eloise\/\",\"https:\/\/www.youtube.com\/c\/BazardoBordadoMatrizeseProjetos\"]}]}<\/script>\n<!-- \/ Yoast SEO plugin. -->","yoast_head_json":{"title":"Meus Documentos (Projeto 100% Feito na Bordadeira) - \ud835\udc1b\ud835\udc1a\ud835\udc33\ud835\udc1a\ud835\udc2b &amp; \ud835\udc1c\ud835\udc22\ud835\udc1a","robots":{"index":"index","follow":"follow","max-snippet":"max-snippet:-1","max-image-preview":"max-image-preview:large","max-video-preview":"max-video-preview:-1"},"canonical":"https:\/\/shop.bazarcia.com\/en\/product\/meus-documentos-projeto-100-feito-na-bordadeira\/","og_locale":"en_US","og_type":"article","og_title":"Meus Documentos (Projeto 100% Feito na Bordadeira) - \ud835\udc1b\ud835\udc1a\ud835\udc33\ud835\udc1a\ud835\udc2b &amp; \ud835\udc1c\ud835\udc22\ud835\udc1a","og_description":"Projeto Meus Documentos 100% Feito na Bordadeira: Acompanha Pap. Ap\u00f3s a compra voc\u00ea confere aqui mesmo no Bazar os v\u00eddeos para fazer os trabalhos (necess\u00e1rio bastidor acima de 15x26)! Para acessar a aula, basta estar logado em sua conta no site, acessar a aba &gt; Pedidos &gt; Material Auxiliar.Em caso de d\u00favidas clique aqui!  Moldes em PDF Apostila Os arquivos ser\u00e3o disponibilizados para DOWNLOAD em sua conta no site.(N\u00c3O SER\u00c3O ENVIADOS NO EMAIL). Matrizes de Bordados compat\u00edvel no bastidor a partir de 15x26 -Incluso As Matrizes  Ap\u00f3s a confirma\u00e7\u00e3o do pagamento o Bazar do Bordado envia um email com as informa\u00e7\u00f5es sobre o pedido.","og_url":"https:\/\/shop.bazarcia.com\/en\/product\/meus-documentos-projeto-100-feito-na-bordadeira\/","og_site_name":"\ud835\udc1b\ud835\udc1a\ud835\udc33\ud835\udc1a\ud835\udc2b &amp; \ud835\udc1c\ud835\udc22\ud835\udc1a","article_publisher":"https:\/\/www.facebook.com\/shopbazarcia","article_modified_time":"2023-01-10T16:06:46+00:00","og_image":[{"width":960,"height":960,"url":"https:\/\/shop.bazarcia.com\/wp-content\/uploads\/2021\/11\/WhatsApp-Image-2021-11-05-at-10.15.18-2.jpeg","type":"image\/jpeg"}],"twitter_card":"summary_large_image","schema":{"@context":"https:\/\/schema.org","@graph":[{"@type":"WebPage","@id":"https:\/\/shop.bazarcia.com\/produto\/meus-documentos-projeto-100-feito-na-bordadeira\/","url":"https:\/\/shop.bazarcia.com\/produto\/meus-documentos-projeto-100-feito-na-bordadeira\/","name":"Meus Documentos (Projeto 100% Feito na Bordadeira) - \ud835\udc1b\ud835\udc1a\ud835\udc33\ud835\udc1a\ud835\udc2b &amp; \ud835\udc1c\ud835\udc22\ud835\udc1a","isPartOf":{"@id":"https:\/\/shop.bazarcia.com\/#website"},"primaryImageOfPage":{"@id":"https:\/\/shop.bazarcia.com\/produto\/meus-documentos-projeto-100-feito-na-bordadeira\/#primaryimage"},"image":{"@id":"https:\/\/shop.bazarcia.com\/produto\/meus-documentos-projeto-100-feito-na-bordadeira\/#primaryimage"},"thumbnailUrl":"https:\/\/shop.bazarcia.com\/wp-content\/uploads\/2021\/11\/WhatsApp-Image-2021-11-05-at-10.15.18-2.jpeg","datePublished":"2021-11-05T16:03:13+00:00","dateModified":"2023-01-10T16:06:46+00:00","breadcrumb":{"@id":"https:\/\/shop.bazarcia.com\/produto\/meus-documentos-projeto-100-feito-na-bordadeira\/#breadcrumb"},"inLanguage":"en-US","potentialAction":[{"@type":"ReadAction","target":["https:\/\/shop.bazarcia.com\/produto\/meus-documentos-projeto-100-feito-na-bordadeira\/"]}]},{"@type":"ImageObject","inLanguage":"en-US","@id":"https:\/\/shop.bazarcia.com\/produto\/meus-documentos-projeto-100-feito-na-bordadeira\/#primaryimage","url":"https:\/\/shop.bazarcia.com\/wp-content\/uploads\/2021\/11\/WhatsApp-Image-2021-11-05-at-10.15.18-2.jpeg","contentUrl":"https:\/\/shop.bazarcia.com\/wp-content\/uploads\/2021\/11\/WhatsApp-Image-2021-11-05-at-10.15.18-2.jpeg","width":960,"height":960},{"@type":"BreadcrumbList","@id":"https:\/\/shop.bazarcia.com\/produto\/meus-documentos-projeto-100-feito-na-bordadeira\/#breadcrumb","itemListElement":[{"@type":"ListItem","position":1,"name":"In\u00edcio","item":"https:\/\/shop.bazarcia.com\/"},{"@type":"ListItem","position":2,"name":"Loja","item":"https:\/\/shop.bazarcia.com\/loja\/"},{"@type":"ListItem","position":3,"name":"Meus Documentos (Projeto 100% Feito na Bordadeira)"}]},{"@type":"WebSite","@id":"https:\/\/shop.bazarcia.com\/#website","url":"https:\/\/shop.bazarcia.com\/","name":"Bazar & Cia","description":"criatividade ponto a ponto","publisher":{"@id":"https:\/\/shop.bazarcia.com\/#organization"},"potentialAction":[{"@type":"SearchAction","target":{"@type":"EntryPoint","urlTemplate":"https:\/\/shop.bazarcia.com\/?s={search_term_string}"},"query-input":{"@type":"PropertyValueSpecification","valueRequired":true,"valueName":"search_term_string"}}],"inLanguage":"en-US"},{"@type":"Organization","@id":"https:\/\/shop.bazarcia.com\/#organization","name":"Bazar & Cia","url":"https:\/\/shop.bazarcia.com\/","logo":{"@type":"ImageObject","inLanguage":"en-US","@id":"https:\/\/shop.bazarcia.com\/#\/schema\/logo\/image\/","url":"https:\/\/shop.bazarcia.com\/wp-content\/uploads\/2024\/02\/cropped-logo_bazarcia.png","contentUrl":"https:\/\/shop.bazarcia.com\/wp-content\/uploads\/2024\/02\/cropped-logo_bazarcia.png","width":150,"height":150,"caption":"Bazar & Cia"},"image":{"@id":"https:\/\/shop.bazarcia.com\/#\/schema\/logo\/image\/"},"sameAs":["https:\/\/www.facebook.com\/shopbazarcia","https:\/\/www.instagram.com\/shopbazarcia","https:\/\/br.pinterest.com\/suzane_eloise\/","https:\/\/www.youtube.com\/c\/BazardoBordadoMatrizeseProjetos"]}]}},"_links":{"self":[{"href":"https:\/\/shop.bazarcia.com\/en\/wp-json\/wp\/v2\/product\/132769","targetHints":{"allow":["GET"]}}],"collection":[{"href":"https:\/\/shop.bazarcia.com\/en\/wp-json\/wp\/v2\/product"}],"about":[{"href":"https:\/\/shop.bazarcia.com\/en\/wp-json\/wp\/v2\/types\/product"}],"replies":[{"embeddable":true,"href":"https:\/\/shop.bazarcia.com\/en\/wp-json\/wp\/v2\/comments?post=132769"}],"version-history":[{"count":0,"href":"https:\/\/shop.bazarcia.com\/en\/wp-json\/wp\/v2\/product\/132769\/revisions"}],"wp:featuredmedia":[{"embeddable":true,"href":"https:\/\/shop.bazarcia.com\/en\/wp-json\/wp\/v2\/media\/132747"}],"wp:attachment":[{"href":"https:\/\/shop.bazarcia.com\/en\/wp-json\/wp\/v2\/media?parent=132769"}],"wp:term":[{"taxonomy":"product_brand","embeddable":true,"href":"https:\/\/shop.bazarcia.com\/en\/wp-json\/wp\/v2\/product_brand?post=132769"},{"taxonomy":"product_cat","embeddable":true,"href":"https:\/\/shop.bazarcia.com\/en\/wp-json\/wp\/v2\/product_cat?post=132769"},{"taxonomy":"product_tag","embeddable":true,"href":"https:\/\/shop.bazarcia.com\/en\/wp-json\/wp\/v2\/product_tag?post=132769"}],"curies":[{"name":"wp","href":"https:\/\/api.w.org\/{rel}","templated":true}]}}