{"id":137161,"date":"2021-11-24T10:45:36","date_gmt":"2021-11-24T13:45:36","guid":{"rendered":"https:\/\/shop.bazarcia.com\/produto\/projeto-sitio-encantado-emilia\/"},"modified":"2023-11-08T10:44:52","modified_gmt":"2023-11-08T13:44:52","slug":"projeto-sitio-encantado-emilia","status":"publish","type":"product","link":"https:\/\/shop.bazarcia.com\/en\/product\/projeto-sitio-encantado-emilia\/","title":{"rendered":"Projeto S\u00cdtio Encantado Em\u00cdlia"},"content":{"rendered":"<p>Este pacote de matrizes \u00e9 um produto virtual, trata-se de projeto 100% na Bordadeira, cont\u00e9m\u00a0 matrizes para Bonecas, Apliques e Tags. Cont\u00e9m 3 tamanhos diferentes de Bonecas\u00a0 totalmente confeccionadas na bordadeira, elas ficam com aproximadamente 25, 30 e 35cm. Cont\u00e9m 3 tamanhos de apliques sendo p e m, que ficam com aproximadamente 18 e 21 cm. Cont\u00e9m um aplique grande confeccionado em partes, com o tamanho final aproximadamente de 25 cm. O projeto conta ainda com 4 tamanhos de tags, todos compat\u00edveis com diversos os modelos de m\u00e1quinas.\u00a0 Produto de f\u00e1cil confec\u00e7\u00e3o , e muito lindo. Cont\u00e9m arquivo em pdf com o passo a passo e fotos para\u00a0 facilitar a\u00a0 confec\u00e7\u00e3o. Produto vers\u00e1til, e pode compor diversos kits para maternidade, super vend\u00e1vel, suas clientes ir\u00e3o amar.<\/p>\n<p>Projeto com op\u00e7\u00f5es para bastidores a partir do 13&#215;18.<\/p>\n<p>Dispon\u00edvel nos seguintes formatos: PES,JEF,DST, e XXX, os mesmos s\u00e3o disponibilizados em pasta compactada (Zip) sendo necess\u00e1rio descompactar.<\/p>","protected":false},"excerpt":{"rendered":"<p>Projeto de bordado, com matrizes para confec\u00e7\u00e3o de bonecas e apliques, sendo a boneca em 3 tamanhos, as tags em aplique dispon\u00edvel em 4 tamanhos, os apliques da boneca nas op\u00e7\u00f5es de tamanhos p e m, e um aplique grande feito em partes. Dispon\u00edvel para bastidores a partir do 13&#215;18, com muitas variedades para a aplica\u00e7\u00e3o do produto, podendo compor kits personalizados infantis e outros. Libera\u00e7\u00e3o imediata ap\u00f3s pagamento.<\/p>","protected":false},"featured_media":165976,"comment_status":"open","ping_status":"closed","template":"","meta":{"_acf_changed":false,"_joinchat":[]},"product_brand":[],"product_cat":[170,98,1385,1392,1386,1442],"product_tag":[1435],"class_list":{"0":"post-137161","1":"product","2":"type-product","3":"status-publish","4":"has-post-thumbnail","6":"product_cat-projeto-bonecas-na-bordadeira","7":"product_cat-projetos-na-bordadeira-in-the-hoop-embroidery","8":"product_cat-projetos-para-bastidor-13x18","9":"product_cat-projetos-para-bastidor-14x20","10":"product_cat-projetos-para-bastidor-15x26-ou-16x26","11":"product_cat-projetos-para-bastidores-20x30-ith","12":"product_tag-projeto-na-bordadeira-ith","14":"first","15":"instock","16":"downloadable","17":"virtual","18":"purchasable","19":"product-type-simple"},"acf":[],"yoast_head":"<!-- This site is optimized with the Yoast SEO plugin v27.2 - https:\/\/yoast.com\/product\/yoast-seo-wordpress\/ -->\n<title>Projeto S\u00cdtio Encantado Em\u00cdlia Ateli\u00ea Karinhos e Sonhos- \ud835\udc1b\ud835\udc1a\ud835\udc33\ud835\udc1a\ud835\udc2b &amp; \ud835\udc1c\ud835\udc22\ud835\udc1a<\/title>\n<meta name=\"description\" content=\"Projeto Sitio Encantado Emilia, \u00e9 um projeto feito 100% na bordadeira, com matrizes para confec\u00e7\u00e3o de Bonecas, Apliques e Tags, em diversos tamanhos, para bastidores a partir do 13x18, para compor kits infantis e outros, um produto de f\u00e1cil execu\u00e7\u00e3o e vers\u00e1til.\" \/>\n<meta name=\"robots\" content=\"index, follow, max-snippet:-1, max-image-preview:large, max-video-preview:-1\" \/>\n<link rel=\"canonical\" href=\"https:\/\/shop.bazarcia.com\/en\/product\/projeto-sitio-encantado-emilia\/\" \/>\n<meta property=\"og:locale\" content=\"en_US\" \/>\n<meta property=\"og:type\" content=\"article\" \/>\n<meta property=\"og:title\" content=\"Projeto S\u00cdtio Encantado Em\u00cdlia Ateli\u00ea Karinhos e Sonhos- \ud835\udc1b\ud835\udc1a\ud835\udc33\ud835\udc1a\ud835\udc2b &amp; \ud835\udc1c\ud835\udc22\ud835\udc1a\" \/>\n<meta property=\"og:description\" content=\"Projeto Sitio Encantado Emilia, \u00e9 um projeto feito 100% na bordadeira, com matrizes para confec\u00e7\u00e3o de Bonecas, Apliques e Tags, em diversos tamanhos, para bastidores a partir do 13x18, para compor kits infantis e outros, um produto de f\u00e1cil execu\u00e7\u00e3o e vers\u00e1til.\" \/>\n<meta property=\"og:url\" content=\"https:\/\/shop.bazarcia.com\/en\/product\/projeto-sitio-encantado-emilia\/\" \/>\n<meta property=\"og:site_name\" content=\"\ud835\udc1b\ud835\udc1a\ud835\udc33\ud835\udc1a\ud835\udc2b &amp; \ud835\udc1c\ud835\udc22\ud835\udc1a\" \/>\n<meta property=\"article:publisher\" content=\"https:\/\/www.facebook.com\/shopbazarcia\" \/>\n<meta property=\"article:modified_time\" content=\"2023-11-08T13:44:52+00:00\" \/>\n<meta property=\"og:image\" content=\"https:\/\/shop.bazarcia.com\/wp-content\/uploads\/2022\/05\/1-3-scaled.jpg\" \/>\n\t<meta property=\"og:image:width\" content=\"2560\" \/>\n\t<meta property=\"og:image:height\" content=\"2560\" \/>\n\t<meta property=\"og:image:type\" content=\"image\/jpeg\" \/>\n<meta name=\"twitter:card\" content=\"summary_large_image\" \/>\n<meta name=\"twitter:label1\" content=\"Est. reading time\" \/>\n\t<meta name=\"twitter:data1\" content=\"1 minute\" \/>\n<script type=\"application\/ld+json\" class=\"yoast-schema-graph\">{\"@context\":\"https:\/\/schema.org\",\"@graph\":[{\"@type\":\"WebPage\",\"@id\":\"https:\/\/shop.bazarcia.com\/produto\/projeto-sitio-encantado-emilia\/\",\"url\":\"https:\/\/shop.bazarcia.com\/produto\/projeto-sitio-encantado-emilia\/\",\"name\":\"Projeto S\u00cdtio Encantado Em\u00cdlia Ateli\u00ea Karinhos e Sonhos- \ud835\udc1b\ud835\udc1a\ud835\udc33\ud835\udc1a\ud835\udc2b &amp; \ud835\udc1c\ud835\udc22\ud835\udc1a\",\"isPartOf\":{\"@id\":\"https:\/\/shop.bazarcia.com\/#website\"},\"primaryImageOfPage\":{\"@id\":\"https:\/\/shop.bazarcia.com\/produto\/projeto-sitio-encantado-emilia\/#primaryimage\"},\"image\":{\"@id\":\"https:\/\/shop.bazarcia.com\/produto\/projeto-sitio-encantado-emilia\/#primaryimage\"},\"thumbnailUrl\":\"https:\/\/shop.bazarcia.com\/wp-content\/uploads\/2022\/05\/1-3-scaled.jpg\",\"datePublished\":\"2021-11-24T13:45:36+00:00\",\"dateModified\":\"2023-11-08T13:44:52+00:00\",\"description\":\"Projeto Sitio Encantado Emilia, \u00e9 um projeto feito 100% na bordadeira, com matrizes para confec\u00e7\u00e3o de Bonecas, Apliques e Tags, em diversos tamanhos, para bastidores a partir do 13x18, para compor kits infantis e outros, um produto de f\u00e1cil execu\u00e7\u00e3o e vers\u00e1til.\",\"breadcrumb\":{\"@id\":\"https:\/\/shop.bazarcia.com\/produto\/projeto-sitio-encantado-emilia\/#breadcrumb\"},\"inLanguage\":\"en-US\",\"potentialAction\":[{\"@type\":\"ReadAction\",\"target\":[\"https:\/\/shop.bazarcia.com\/produto\/projeto-sitio-encantado-emilia\/\"]}]},{\"@type\":\"ImageObject\",\"inLanguage\":\"en-US\",\"@id\":\"https:\/\/shop.bazarcia.com\/produto\/projeto-sitio-encantado-emilia\/#primaryimage\",\"url\":\"https:\/\/shop.bazarcia.com\/wp-content\/uploads\/2022\/05\/1-3-scaled.jpg\",\"contentUrl\":\"https:\/\/shop.bazarcia.com\/wp-content\/uploads\/2022\/05\/1-3-scaled.jpg\",\"width\":2560,\"height\":2560},{\"@type\":\"BreadcrumbList\",\"@id\":\"https:\/\/shop.bazarcia.com\/produto\/projeto-sitio-encantado-emilia\/#breadcrumb\",\"itemListElement\":[{\"@type\":\"ListItem\",\"position\":1,\"name\":\"In\u00edcio\",\"item\":\"https:\/\/shop.bazarcia.com\/\"},{\"@type\":\"ListItem\",\"position\":2,\"name\":\"Loja\",\"item\":\"https:\/\/shop.bazarcia.com\/loja\/\"},{\"@type\":\"ListItem\",\"position\":3,\"name\":\"Projeto S\u00cdtio Encantado Em\u00cdlia\"}]},{\"@type\":\"WebSite\",\"@id\":\"https:\/\/shop.bazarcia.com\/#website\",\"url\":\"https:\/\/shop.bazarcia.com\/\",\"name\":\"Bazar & Cia\",\"description\":\"criatividade ponto a ponto\",\"publisher\":{\"@id\":\"https:\/\/shop.bazarcia.com\/#organization\"},\"potentialAction\":[{\"@type\":\"SearchAction\",\"target\":{\"@type\":\"EntryPoint\",\"urlTemplate\":\"https:\/\/shop.bazarcia.com\/?s={search_term_string}\"},\"query-input\":{\"@type\":\"PropertyValueSpecification\",\"valueRequired\":true,\"valueName\":\"search_term_string\"}}],\"inLanguage\":\"en-US\"},{\"@type\":\"Organization\",\"@id\":\"https:\/\/shop.bazarcia.com\/#organization\",\"name\":\"Bazar & Cia\",\"url\":\"https:\/\/shop.bazarcia.com\/\",\"logo\":{\"@type\":\"ImageObject\",\"inLanguage\":\"en-US\",\"@id\":\"https:\/\/shop.bazarcia.com\/#\/schema\/logo\/image\/\",\"url\":\"https:\/\/shop.bazarcia.com\/wp-content\/uploads\/2024\/02\/cropped-logo_bazarcia.png\",\"contentUrl\":\"https:\/\/shop.bazarcia.com\/wp-content\/uploads\/2024\/02\/cropped-logo_bazarcia.png\",\"width\":150,\"height\":150,\"caption\":\"Bazar & Cia\"},\"image\":{\"@id\":\"https:\/\/shop.bazarcia.com\/#\/schema\/logo\/image\/\"},\"sameAs\":[\"https:\/\/www.facebook.com\/shopbazarcia\",\"https:\/\/www.instagram.com\/shopbazarcia\",\"https:\/\/br.pinterest.com\/suzane_eloise\/\",\"https:\/\/www.youtube.com\/c\/BazardoBordadoMatrizeseProjetos\"]}]}<\/script>\n<!-- \/ Yoast SEO plugin. -->","yoast_head_json":{"title":"Projeto S\u00cdtio Encantado Em\u00cdlia Ateli\u00ea Karinhos e Sonhos- \ud835\udc1b\ud835\udc1a\ud835\udc33\ud835\udc1a\ud835\udc2b &amp; \ud835\udc1c\ud835\udc22\ud835\udc1a","description":"Projeto Sitio Encantado Emilia, \u00e9 um projeto feito 100% na bordadeira, com matrizes para confec\u00e7\u00e3o de Bonecas, Apliques e Tags, em diversos tamanhos, para bastidores a partir do 13x18, para compor kits infantis e outros, um produto de f\u00e1cil execu\u00e7\u00e3o e vers\u00e1til.","robots":{"index":"index","follow":"follow","max-snippet":"max-snippet:-1","max-image-preview":"max-image-preview:large","max-video-preview":"max-video-preview:-1"},"canonical":"https:\/\/shop.bazarcia.com\/en\/product\/projeto-sitio-encantado-emilia\/","og_locale":"en_US","og_type":"article","og_title":"Projeto S\u00cdtio Encantado Em\u00cdlia Ateli\u00ea Karinhos e Sonhos- \ud835\udc1b\ud835\udc1a\ud835\udc33\ud835\udc1a\ud835\udc2b &amp; \ud835\udc1c\ud835\udc22\ud835\udc1a","og_description":"Projeto Sitio Encantado Emilia, \u00e9 um projeto feito 100% na bordadeira, com matrizes para confec\u00e7\u00e3o de Bonecas, Apliques e Tags, em diversos tamanhos, para bastidores a partir do 13x18, para compor kits infantis e outros, um produto de f\u00e1cil execu\u00e7\u00e3o e vers\u00e1til.","og_url":"https:\/\/shop.bazarcia.com\/en\/product\/projeto-sitio-encantado-emilia\/","og_site_name":"\ud835\udc1b\ud835\udc1a\ud835\udc33\ud835\udc1a\ud835\udc2b &amp; \ud835\udc1c\ud835\udc22\ud835\udc1a","article_publisher":"https:\/\/www.facebook.com\/shopbazarcia","article_modified_time":"2023-11-08T13:44:52+00:00","og_image":[{"width":2560,"height":2560,"url":"https:\/\/shop.bazarcia.com\/wp-content\/uploads\/2022\/05\/1-3-scaled.jpg","type":"image\/jpeg"}],"twitter_card":"summary_large_image","twitter_misc":{"Est. reading time":"1 minute"},"schema":{"@context":"https:\/\/schema.org","@graph":[{"@type":"WebPage","@id":"https:\/\/shop.bazarcia.com\/produto\/projeto-sitio-encantado-emilia\/","url":"https:\/\/shop.bazarcia.com\/produto\/projeto-sitio-encantado-emilia\/","name":"Projeto S\u00cdtio Encantado Em\u00cdlia Ateli\u00ea Karinhos e Sonhos- \ud835\udc1b\ud835\udc1a\ud835\udc33\ud835\udc1a\ud835\udc2b &amp; \ud835\udc1c\ud835\udc22\ud835\udc1a","isPartOf":{"@id":"https:\/\/shop.bazarcia.com\/#website"},"primaryImageOfPage":{"@id":"https:\/\/shop.bazarcia.com\/produto\/projeto-sitio-encantado-emilia\/#primaryimage"},"image":{"@id":"https:\/\/shop.bazarcia.com\/produto\/projeto-sitio-encantado-emilia\/#primaryimage"},"thumbnailUrl":"https:\/\/shop.bazarcia.com\/wp-content\/uploads\/2022\/05\/1-3-scaled.jpg","datePublished":"2021-11-24T13:45:36+00:00","dateModified":"2023-11-08T13:44:52+00:00","description":"Projeto Sitio Encantado Emilia, \u00e9 um projeto feito 100% na bordadeira, com matrizes para confec\u00e7\u00e3o de Bonecas, Apliques e Tags, em diversos tamanhos, para bastidores a partir do 13x18, para compor kits infantis e outros, um produto de f\u00e1cil execu\u00e7\u00e3o e vers\u00e1til.","breadcrumb":{"@id":"https:\/\/shop.bazarcia.com\/produto\/projeto-sitio-encantado-emilia\/#breadcrumb"},"inLanguage":"en-US","potentialAction":[{"@type":"ReadAction","target":["https:\/\/shop.bazarcia.com\/produto\/projeto-sitio-encantado-emilia\/"]}]},{"@type":"ImageObject","inLanguage":"en-US","@id":"https:\/\/shop.bazarcia.com\/produto\/projeto-sitio-encantado-emilia\/#primaryimage","url":"https:\/\/shop.bazarcia.com\/wp-content\/uploads\/2022\/05\/1-3-scaled.jpg","contentUrl":"https:\/\/shop.bazarcia.com\/wp-content\/uploads\/2022\/05\/1-3-scaled.jpg","width":2560,"height":2560},{"@type":"BreadcrumbList","@id":"https:\/\/shop.bazarcia.com\/produto\/projeto-sitio-encantado-emilia\/#breadcrumb","itemListElement":[{"@type":"ListItem","position":1,"name":"In\u00edcio","item":"https:\/\/shop.bazarcia.com\/"},{"@type":"ListItem","position":2,"name":"Loja","item":"https:\/\/shop.bazarcia.com\/loja\/"},{"@type":"ListItem","position":3,"name":"Projeto S\u00cdtio Encantado Em\u00cdlia"}]},{"@type":"WebSite","@id":"https:\/\/shop.bazarcia.com\/#website","url":"https:\/\/shop.bazarcia.com\/","name":"Bazar & Cia","description":"criatividade ponto a ponto","publisher":{"@id":"https:\/\/shop.bazarcia.com\/#organization"},"potentialAction":[{"@type":"SearchAction","target":{"@type":"EntryPoint","urlTemplate":"https:\/\/shop.bazarcia.com\/?s={search_term_string}"},"query-input":{"@type":"PropertyValueSpecification","valueRequired":true,"valueName":"search_term_string"}}],"inLanguage":"en-US"},{"@type":"Organization","@id":"https:\/\/shop.bazarcia.com\/#organization","name":"Bazar & Cia","url":"https:\/\/shop.bazarcia.com\/","logo":{"@type":"ImageObject","inLanguage":"en-US","@id":"https:\/\/shop.bazarcia.com\/#\/schema\/logo\/image\/","url":"https:\/\/shop.bazarcia.com\/wp-content\/uploads\/2024\/02\/cropped-logo_bazarcia.png","contentUrl":"https:\/\/shop.bazarcia.com\/wp-content\/uploads\/2024\/02\/cropped-logo_bazarcia.png","width":150,"height":150,"caption":"Bazar & Cia"},"image":{"@id":"https:\/\/shop.bazarcia.com\/#\/schema\/logo\/image\/"},"sameAs":["https:\/\/www.facebook.com\/shopbazarcia","https:\/\/www.instagram.com\/shopbazarcia","https:\/\/br.pinterest.com\/suzane_eloise\/","https:\/\/www.youtube.com\/c\/BazardoBordadoMatrizeseProjetos"]}]}},"_links":{"self":[{"href":"https:\/\/shop.bazarcia.com\/en\/wp-json\/wp\/v2\/product\/137161","targetHints":{"allow":["GET"]}}],"collection":[{"href":"https:\/\/shop.bazarcia.com\/en\/wp-json\/wp\/v2\/product"}],"about":[{"href":"https:\/\/shop.bazarcia.com\/en\/wp-json\/wp\/v2\/types\/product"}],"replies":[{"embeddable":true,"href":"https:\/\/shop.bazarcia.com\/en\/wp-json\/wp\/v2\/comments?post=137161"}],"version-history":[{"count":1,"href":"https:\/\/shop.bazarcia.com\/en\/wp-json\/wp\/v2\/product\/137161\/revisions"}],"predecessor-version":[{"id":252224,"href":"https:\/\/shop.bazarcia.com\/en\/wp-json\/wp\/v2\/product\/137161\/revisions\/252224"}],"wp:featuredmedia":[{"embeddable":true,"href":"https:\/\/shop.bazarcia.com\/en\/wp-json\/wp\/v2\/media\/165976"}],"wp:attachment":[{"href":"https:\/\/shop.bazarcia.com\/en\/wp-json\/wp\/v2\/media?parent=137161"}],"wp:term":[{"taxonomy":"product_brand","embeddable":true,"href":"https:\/\/shop.bazarcia.com\/en\/wp-json\/wp\/v2\/product_brand?post=137161"},{"taxonomy":"product_cat","embeddable":true,"href":"https:\/\/shop.bazarcia.com\/en\/wp-json\/wp\/v2\/product_cat?post=137161"},{"taxonomy":"product_tag","embeddable":true,"href":"https:\/\/shop.bazarcia.com\/en\/wp-json\/wp\/v2\/product_tag?post=137161"}],"curies":[{"name":"wp","href":"https:\/\/api.w.org\/{rel}","templated":true}]}}