{"id":140061,"date":"2021-12-11T09:01:29","date_gmt":"2021-12-11T12:01:29","guid":{"rendered":"https:\/\/shop.bazarcia.com\/produto\/projetos-na-bordadeira-anjinhos-minis-ith\/"},"modified":"2021-12-29T00:00:07","modified_gmt":"2021-12-29T03:00:07","slug":"projetos-na-bordadeira-anjinhos-minis-ith","status":"publish","type":"product","link":"https:\/\/shop.bazarcia.com\/en\/product\/projetos-na-bordadeira-anjinhos-minis-ith\/","title":{"rendered":"Projetos na Bordadeira Anjinhos Minis ITH"},"content":{"rendered":"<p style=\"margin-top: 0px;margin-bottom: 1rem;color: #6c737b;font-family: roboto, sans-serif\"><span style=\"font-weight: bolder\">ESTE PRODUTO EST\u00c1 NA PR\u00c9-VENDA E SER\u00c1 LIBERADO EM 27\/12\/2021<\/span><\/p>\n<p style=\"margin-top: 0px;margin-bottom: 1rem;color: #6c737b;font-family: roboto, sans-serif\"><span style=\"font-weight: bolder\"><span style=\"font-weight: bolder\"><span style=\"font-weight: bolder\"><span style=\"font-weight: bolder\"><span style=\"font-weight: bolder\"><span style=\"font-weight: bolder\"><span style=\"font-weight: bolder\">Projetos na Bordadeira Anjinhos Minis ITH<br \/>\n<\/span><span style=\"font-weight: bolder\"><span style=\"font-weight: bolder\"><span style=\"font-weight: bolder\"><span style=\"font-weight: bolder\"><span style=\"font-weight: bolder\"><span style=\"font-weight: bolder\"><span style=\"font-weight: bolder\"><span style=\"font-weight: bolder\"><i style=\"vertical-align: middle\"><em><span style=\"font-weight: bolder\"><br \/>\nDescri\u00e7\u00e3o das Matrizes:<br \/>\n<\/span><\/em><\/i><\/span><\/span><\/span><\/span><\/span><\/span><\/span><\/span><\/span><\/span><\/span><\/span><\/span>Projetos para bastidores: 10&#215;10\u00a0<i style=\"vertical-align: middle\">(com exce\u00e7\u00e3o dos chocalhos que s\u00e3o para bastidores 13&#215;18)<\/i><span style=\"font-weight: bolder\"><br \/>\n<\/span><br \/>\n<span style=\"font-weight: bolder\">\u2661<\/span>\u00a0Os tutoriais estar\u00e3o dispon\u00edveis aqui mesmo em seu pedido at\u00e9 o dia da entrega, dia 27 de dezembro de 2021.<br \/>\n<\/span><\/p>\n<p style=\"margin-top: 0px;margin-bottom: 1rem;color: #6c737b;font-family: roboto, sans-serif\"><span style=\"font-weight: bolder\">\u2661<\/span>\u00a0Este \u00e9 um produto DIGITAL e os arquivos estar\u00e3o dispon\u00edveis para download aqui mesmo em sua conta ap\u00f3s confirma\u00e7\u00e3o do pagamento e a partir da data de entrega por ser um projeto em pr\u00e9-venda.<\/p>\n<p style=\"margin-top: 0px;margin-bottom: 1rem;color: #6c737b;font-family: roboto, sans-serif\"><span style=\"font-weight: bolder\">\u2661\u00a0<\/span>Os arquivos est\u00e3o em pasta compactada (ZIP), sendo necess\u00e1rio descompact\u00e1-la.<\/p>\n<p><span style=\"font-weight: bolder\">\u2661<\/span>\u00a0Os mesmos s\u00e3o compat\u00edveis com v\u00e1rios tipos e modelos de m\u00e1quinas, com os seguintes formatos :<br \/>\nPES \u2013 JEF \u2013 EXP \u2013 HUS \u2013 XXX &#8211; DST.<\/p>\n<p style=\"margin-top: 0px;margin-bottom: 1rem;color: #6c737b;font-family: roboto, sans-serif\"><span style=\"font-weight: bolder\">\u2661\u00a0<\/span>Adquirindo nossas matrizes e projetos voc\u00ea se declara de acordo com nossos\u00a0<a style=\"color: #95663c;background-color: transparent\" href=\"https:\/\/shop.bazarcia.com\/en\/store\/atelie-mamae-coruja\/toc\/\" target=\"_blank\" rel=\"nofollow noopener\">TERMOS E CONDI\u00c7\u00d5ES<\/a><\/p>\n<p style=\"margin-top: 0px;margin-bottom: 1rem;color: #6c737b;font-family: roboto, sans-serif\"><span style=\"font-weight: bolder\">Designer: Val\u00e9ria Ribeiro<br \/>\n<\/span><span style=\"font-weight: bolder\">Inspira\u00e7\u00e3o em um design da Anita do Ni Est\u00fadio Criativo<\/span><\/p>","protected":false},"excerpt":{"rendered":"<p>Este \u00e9 um PRODUTO DIGITAL destinado a artes\u00e3s e artes\u00e3os \u2665<\/p>\n<p>\u2661 No final de 2020, lan\u00e7amos as naninhas de anjinhos normais e, o sucesso foi tanto entre as m\u00e3ezinhas, para batizado, que muitas artes\u00e3s nos pediram para traz\u00ea-las tamb\u00e9m na vers\u00e3o mini.<\/p>\n<p>\u2661 Mas&#8230; n\u00e3o trouxemos apenas as 2 vers\u00f5es do ano passado, e sim 4 vers\u00f5es. 2 para meninos e 2 para meninas.<br \/>\nE n\u00e3o para por a\u00ed! Essas 4 vers\u00f5es podem virar muitas, apenas trocando as cores dos tecidinhos do rostinho e do cabelinho. Isso tamb\u00e9m permite confeccionar uma pe\u00e7a com as caracter\u00edsticas mais pr\u00f3ximas com as do beb\u00ea.<\/p>\n<p>\u2661 Ainda assim, vimos que poder\u00edamos trazer outras op\u00e7\u00f5es de projetos, para aumentar ainda mais as possibilidades de atender estas mam\u00e3es. Pensando nisso, trouxemos junto \u00e0s naninhas, os queridinhos chocalhos (agora numa pegada diferente), os bonequinhos e mais algumas ideias de pe\u00e7as que podem ser confeccionadas com estas mesmas matrizes, como: chaveirinhos, sach\u00eas perfumados, segura-chupetas e enfeites.<br \/>\nFora essas op\u00e7\u00f5es, voc\u00ea ainda pode utiliz\u00e1-las para decora\u00e7\u00e3o de caixinhas porta-ter\u00e7o, decora\u00e7\u00e3o de nichos, em enfeites de porta, abajures e onde mais sua imagina\u00e7\u00e3o permitir.<\/p>\n<p>\u2661 Projeto criado com muito carinho para te ajudar a vender o ano inteiro!<\/p>\n<p>Mais informa\u00e7\u00f5es abaixo!<\/p>","protected":false},"featured_media":140055,"comment_status":"open","ping_status":"closed","template":"","meta":{"_acf_changed":false,"_joinchat":[]},"product_brand":[],"product_cat":[366,222,170,1730,213,1548,1755,98,1641,311],"product_tag":[1090],"class_list":{"0":"post-140061","1":"product","2":"type-product","3":"status-publish","4":"has-post-thumbnail","6":"product_cat-anjinhos","7":"product_cat-batizado","8":"product_cat-projeto-bonecas-na-bordadeira","9":"product_cat-chocalho-na-bordadeira","10":"product_cat-projeto-naninhas-na-bordadeira","11":"product_cat-naninhas-na-bordadeira-modelo-enchimento-ith","12":"product_cat-porta-chupeta","13":"product_cat-projetos-na-bordadeira-in-the-hoop-embroidery","14":"product_cat-projetos-para-batizado-ith","15":"product_cat-religiosos","16":"product_tag-maquina-de-bordar","18":"first","19":"instock","20":"downloadable","21":"virtual","22":"purchasable","23":"product-type-simple"},"acf":[],"yoast_head":"<!-- This site is optimized with the Yoast SEO plugin v27.2 - https:\/\/yoast.com\/product\/yoast-seo-wordpress\/ -->\n<title>Projetos na Bordadeira Anjinhos Minis ITH - \ud835\udc1b\ud835\udc1a\ud835\udc33\ud835\udc1a\ud835\udc2b &amp; \ud835\udc1c\ud835\udc22\ud835\udc1a<\/title>\n<meta name=\"robots\" content=\"index, follow, max-snippet:-1, max-image-preview:large, max-video-preview:-1\" \/>\n<link rel=\"canonical\" href=\"https:\/\/shop.bazarcia.com\/en\/product\/projetos-na-bordadeira-anjinhos-minis-ith\/\" \/>\n<meta property=\"og:locale\" content=\"en_US\" \/>\n<meta property=\"og:type\" content=\"article\" \/>\n<meta property=\"og:title\" content=\"Projetos na Bordadeira Anjinhos Minis ITH - \ud835\udc1b\ud835\udc1a\ud835\udc33\ud835\udc1a\ud835\udc2b &amp; \ud835\udc1c\ud835\udc22\ud835\udc1a\" \/>\n<meta property=\"og:description\" content=\"Este \u00e9 um PRODUTO DIGITAL destinado a artes\u00e3s e artes\u00e3os \u2665  \u2661 No final de 2020, lan\u00e7amos as naninhas de anjinhos normais e, o sucesso foi tanto entre as m\u00e3ezinhas, para batizado, que muitas artes\u00e3s nos pediram para traz\u00ea-las tamb\u00e9m na vers\u00e3o mini.  \u2661 Mas... n\u00e3o trouxemos apenas as 2 vers\u00f5es do ano passado, e sim 4 vers\u00f5es. 2 para meninos e 2 para meninas. E n\u00e3o para por a\u00ed! Essas 4 vers\u00f5es podem virar muitas, apenas trocando as cores dos tecidinhos do rostinho e do cabelinho. Isso tamb\u00e9m permite confeccionar uma pe\u00e7a com as caracter\u00edsticas mais pr\u00f3ximas com as do beb\u00ea.  \u2661 Ainda assim, vimos que poder\u00edamos trazer outras op\u00e7\u00f5es de projetos, para aumentar ainda mais as possibilidades de atender estas mam\u00e3es. Pensando nisso, trouxemos junto \u00e0s naninhas, os queridinhos chocalhos (agora numa pegada diferente), os bonequinhos e mais algumas ideias de pe\u00e7as que podem ser confeccionadas com estas mesmas matrizes, como: chaveirinhos, sach\u00eas perfumados, segura-chupetas e enfeites. Fora essas op\u00e7\u00f5es, voc\u00ea ainda pode utiliz\u00e1-las para decora\u00e7\u00e3o de caixinhas porta-ter\u00e7o, decora\u00e7\u00e3o de nichos, em enfeites de porta, abajures e onde mais sua imagina\u00e7\u00e3o permitir.  \u2661 Projeto criado com muito carinho para te ajudar a vender o ano inteiro!  Mais informa\u00e7\u00f5es abaixo!\" \/>\n<meta property=\"og:url\" content=\"https:\/\/shop.bazarcia.com\/en\/product\/projetos-na-bordadeira-anjinhos-minis-ith\/\" \/>\n<meta property=\"og:site_name\" content=\"\ud835\udc1b\ud835\udc1a\ud835\udc33\ud835\udc1a\ud835\udc2b &amp; \ud835\udc1c\ud835\udc22\ud835\udc1a\" \/>\n<meta property=\"article:publisher\" content=\"https:\/\/www.facebook.com\/shopbazarcia\" \/>\n<meta property=\"article:modified_time\" content=\"2021-12-29T03:00:07+00:00\" \/>\n<meta property=\"og:image\" content=\"https:\/\/shop.bazarcia.com\/wp-content\/uploads\/2021\/12\/Projetos-na-Bordadeira-Naninhas-Chocalhos-Chaveiro-Segura-Chupeta-Anjinhos-Minis-1.png\" \/>\n\t<meta property=\"og:image:width\" content=\"1080\" \/>\n\t<meta property=\"og:image:height\" content=\"1080\" \/>\n\t<meta property=\"og:image:type\" content=\"image\/png\" \/>\n<meta name=\"twitter:card\" content=\"summary_large_image\" \/>\n<meta name=\"twitter:label1\" content=\"Est. reading time\" \/>\n\t<meta name=\"twitter:data1\" content=\"1 minute\" \/>\n<script type=\"application\/ld+json\" class=\"yoast-schema-graph\">{\"@context\":\"https:\/\/schema.org\",\"@graph\":[{\"@type\":\"WebPage\",\"@id\":\"https:\/\/shop.bazarcia.com\/produto\/projetos-na-bordadeira-anjinhos-minis-ith\/\",\"url\":\"https:\/\/shop.bazarcia.com\/produto\/projetos-na-bordadeira-anjinhos-minis-ith\/\",\"name\":\"Projetos na Bordadeira Anjinhos Minis ITH - \ud835\udc1b\ud835\udc1a\ud835\udc33\ud835\udc1a\ud835\udc2b &amp; \ud835\udc1c\ud835\udc22\ud835\udc1a\",\"isPartOf\":{\"@id\":\"https:\/\/shop.bazarcia.com\/#website\"},\"primaryImageOfPage\":{\"@id\":\"https:\/\/shop.bazarcia.com\/produto\/projetos-na-bordadeira-anjinhos-minis-ith\/#primaryimage\"},\"image\":{\"@id\":\"https:\/\/shop.bazarcia.com\/produto\/projetos-na-bordadeira-anjinhos-minis-ith\/#primaryimage\"},\"thumbnailUrl\":\"https:\/\/shop.bazarcia.com\/wp-content\/uploads\/2021\/12\/Projetos-na-Bordadeira-Naninhas-Chocalhos-Chaveiro-Segura-Chupeta-Anjinhos-Minis-1.png\",\"datePublished\":\"2021-12-11T12:01:29+00:00\",\"dateModified\":\"2021-12-29T03:00:07+00:00\",\"breadcrumb\":{\"@id\":\"https:\/\/shop.bazarcia.com\/produto\/projetos-na-bordadeira-anjinhos-minis-ith\/#breadcrumb\"},\"inLanguage\":\"en-US\",\"potentialAction\":[{\"@type\":\"ReadAction\",\"target\":[\"https:\/\/shop.bazarcia.com\/produto\/projetos-na-bordadeira-anjinhos-minis-ith\/\"]}]},{\"@type\":\"ImageObject\",\"inLanguage\":\"en-US\",\"@id\":\"https:\/\/shop.bazarcia.com\/produto\/projetos-na-bordadeira-anjinhos-minis-ith\/#primaryimage\",\"url\":\"https:\/\/shop.bazarcia.com\/wp-content\/uploads\/2021\/12\/Projetos-na-Bordadeira-Naninhas-Chocalhos-Chaveiro-Segura-Chupeta-Anjinhos-Minis-1.png\",\"contentUrl\":\"https:\/\/shop.bazarcia.com\/wp-content\/uploads\/2021\/12\/Projetos-na-Bordadeira-Naninhas-Chocalhos-Chaveiro-Segura-Chupeta-Anjinhos-Minis-1.png\",\"width\":1080,\"height\":1080},{\"@type\":\"BreadcrumbList\",\"@id\":\"https:\/\/shop.bazarcia.com\/produto\/projetos-na-bordadeira-anjinhos-minis-ith\/#breadcrumb\",\"itemListElement\":[{\"@type\":\"ListItem\",\"position\":1,\"name\":\"In\u00edcio\",\"item\":\"https:\/\/shop.bazarcia.com\/\"},{\"@type\":\"ListItem\",\"position\":2,\"name\":\"Loja\",\"item\":\"https:\/\/shop.bazarcia.com\/loja\/\"},{\"@type\":\"ListItem\",\"position\":3,\"name\":\"Projetos na Bordadeira Anjinhos Minis ITH\"}]},{\"@type\":\"WebSite\",\"@id\":\"https:\/\/shop.bazarcia.com\/#website\",\"url\":\"https:\/\/shop.bazarcia.com\/\",\"name\":\"Bazar & Cia\",\"description\":\"criatividade ponto a ponto\",\"publisher\":{\"@id\":\"https:\/\/shop.bazarcia.com\/#organization\"},\"potentialAction\":[{\"@type\":\"SearchAction\",\"target\":{\"@type\":\"EntryPoint\",\"urlTemplate\":\"https:\/\/shop.bazarcia.com\/?s={search_term_string}\"},\"query-input\":{\"@type\":\"PropertyValueSpecification\",\"valueRequired\":true,\"valueName\":\"search_term_string\"}}],\"inLanguage\":\"en-US\"},{\"@type\":\"Organization\",\"@id\":\"https:\/\/shop.bazarcia.com\/#organization\",\"name\":\"Bazar & Cia\",\"url\":\"https:\/\/shop.bazarcia.com\/\",\"logo\":{\"@type\":\"ImageObject\",\"inLanguage\":\"en-US\",\"@id\":\"https:\/\/shop.bazarcia.com\/#\/schema\/logo\/image\/\",\"url\":\"https:\/\/shop.bazarcia.com\/wp-content\/uploads\/2024\/02\/cropped-logo_bazarcia.png\",\"contentUrl\":\"https:\/\/shop.bazarcia.com\/wp-content\/uploads\/2024\/02\/cropped-logo_bazarcia.png\",\"width\":150,\"height\":150,\"caption\":\"Bazar & Cia\"},\"image\":{\"@id\":\"https:\/\/shop.bazarcia.com\/#\/schema\/logo\/image\/\"},\"sameAs\":[\"https:\/\/www.facebook.com\/shopbazarcia\",\"https:\/\/www.instagram.com\/shopbazarcia\",\"https:\/\/br.pinterest.com\/suzane_eloise\/\",\"https:\/\/www.youtube.com\/c\/BazardoBordadoMatrizeseProjetos\"]}]}<\/script>\n<!-- \/ Yoast SEO plugin. -->","yoast_head_json":{"title":"Projetos na Bordadeira Anjinhos Minis ITH - \ud835\udc1b\ud835\udc1a\ud835\udc33\ud835\udc1a\ud835\udc2b &amp; \ud835\udc1c\ud835\udc22\ud835\udc1a","robots":{"index":"index","follow":"follow","max-snippet":"max-snippet:-1","max-image-preview":"max-image-preview:large","max-video-preview":"max-video-preview:-1"},"canonical":"https:\/\/shop.bazarcia.com\/en\/product\/projetos-na-bordadeira-anjinhos-minis-ith\/","og_locale":"en_US","og_type":"article","og_title":"Projetos na Bordadeira Anjinhos Minis ITH - \ud835\udc1b\ud835\udc1a\ud835\udc33\ud835\udc1a\ud835\udc2b &amp; \ud835\udc1c\ud835\udc22\ud835\udc1a","og_description":"Este \u00e9 um PRODUTO DIGITAL destinado a artes\u00e3s e artes\u00e3os \u2665  \u2661 No final de 2020, lan\u00e7amos as naninhas de anjinhos normais e, o sucesso foi tanto entre as m\u00e3ezinhas, para batizado, que muitas artes\u00e3s nos pediram para traz\u00ea-las tamb\u00e9m na vers\u00e3o mini.  \u2661 Mas... n\u00e3o trouxemos apenas as 2 vers\u00f5es do ano passado, e sim 4 vers\u00f5es. 2 para meninos e 2 para meninas. E n\u00e3o para por a\u00ed! Essas 4 vers\u00f5es podem virar muitas, apenas trocando as cores dos tecidinhos do rostinho e do cabelinho. Isso tamb\u00e9m permite confeccionar uma pe\u00e7a com as caracter\u00edsticas mais pr\u00f3ximas com as do beb\u00ea.  \u2661 Ainda assim, vimos que poder\u00edamos trazer outras op\u00e7\u00f5es de projetos, para aumentar ainda mais as possibilidades de atender estas mam\u00e3es. Pensando nisso, trouxemos junto \u00e0s naninhas, os queridinhos chocalhos (agora numa pegada diferente), os bonequinhos e mais algumas ideias de pe\u00e7as que podem ser confeccionadas com estas mesmas matrizes, como: chaveirinhos, sach\u00eas perfumados, segura-chupetas e enfeites. Fora essas op\u00e7\u00f5es, voc\u00ea ainda pode utiliz\u00e1-las para decora\u00e7\u00e3o de caixinhas porta-ter\u00e7o, decora\u00e7\u00e3o de nichos, em enfeites de porta, abajures e onde mais sua imagina\u00e7\u00e3o permitir.  \u2661 Projeto criado com muito carinho para te ajudar a vender o ano inteiro!  Mais informa\u00e7\u00f5es abaixo!","og_url":"https:\/\/shop.bazarcia.com\/en\/product\/projetos-na-bordadeira-anjinhos-minis-ith\/","og_site_name":"\ud835\udc1b\ud835\udc1a\ud835\udc33\ud835\udc1a\ud835\udc2b &amp; \ud835\udc1c\ud835\udc22\ud835\udc1a","article_publisher":"https:\/\/www.facebook.com\/shopbazarcia","article_modified_time":"2021-12-29T03:00:07+00:00","og_image":[{"width":1080,"height":1080,"url":"https:\/\/shop.bazarcia.com\/wp-content\/uploads\/2021\/12\/Projetos-na-Bordadeira-Naninhas-Chocalhos-Chaveiro-Segura-Chupeta-Anjinhos-Minis-1.png","type":"image\/png"}],"twitter_card":"summary_large_image","twitter_misc":{"Est. reading time":"1 minute"},"schema":{"@context":"https:\/\/schema.org","@graph":[{"@type":"WebPage","@id":"https:\/\/shop.bazarcia.com\/produto\/projetos-na-bordadeira-anjinhos-minis-ith\/","url":"https:\/\/shop.bazarcia.com\/produto\/projetos-na-bordadeira-anjinhos-minis-ith\/","name":"Projetos na Bordadeira Anjinhos Minis ITH - \ud835\udc1b\ud835\udc1a\ud835\udc33\ud835\udc1a\ud835\udc2b &amp; \ud835\udc1c\ud835\udc22\ud835\udc1a","isPartOf":{"@id":"https:\/\/shop.bazarcia.com\/#website"},"primaryImageOfPage":{"@id":"https:\/\/shop.bazarcia.com\/produto\/projetos-na-bordadeira-anjinhos-minis-ith\/#primaryimage"},"image":{"@id":"https:\/\/shop.bazarcia.com\/produto\/projetos-na-bordadeira-anjinhos-minis-ith\/#primaryimage"},"thumbnailUrl":"https:\/\/shop.bazarcia.com\/wp-content\/uploads\/2021\/12\/Projetos-na-Bordadeira-Naninhas-Chocalhos-Chaveiro-Segura-Chupeta-Anjinhos-Minis-1.png","datePublished":"2021-12-11T12:01:29+00:00","dateModified":"2021-12-29T03:00:07+00:00","breadcrumb":{"@id":"https:\/\/shop.bazarcia.com\/produto\/projetos-na-bordadeira-anjinhos-minis-ith\/#breadcrumb"},"inLanguage":"en-US","potentialAction":[{"@type":"ReadAction","target":["https:\/\/shop.bazarcia.com\/produto\/projetos-na-bordadeira-anjinhos-minis-ith\/"]}]},{"@type":"ImageObject","inLanguage":"en-US","@id":"https:\/\/shop.bazarcia.com\/produto\/projetos-na-bordadeira-anjinhos-minis-ith\/#primaryimage","url":"https:\/\/shop.bazarcia.com\/wp-content\/uploads\/2021\/12\/Projetos-na-Bordadeira-Naninhas-Chocalhos-Chaveiro-Segura-Chupeta-Anjinhos-Minis-1.png","contentUrl":"https:\/\/shop.bazarcia.com\/wp-content\/uploads\/2021\/12\/Projetos-na-Bordadeira-Naninhas-Chocalhos-Chaveiro-Segura-Chupeta-Anjinhos-Minis-1.png","width":1080,"height":1080},{"@type":"BreadcrumbList","@id":"https:\/\/shop.bazarcia.com\/produto\/projetos-na-bordadeira-anjinhos-minis-ith\/#breadcrumb","itemListElement":[{"@type":"ListItem","position":1,"name":"In\u00edcio","item":"https:\/\/shop.bazarcia.com\/"},{"@type":"ListItem","position":2,"name":"Loja","item":"https:\/\/shop.bazarcia.com\/loja\/"},{"@type":"ListItem","position":3,"name":"Projetos na Bordadeira Anjinhos Minis ITH"}]},{"@type":"WebSite","@id":"https:\/\/shop.bazarcia.com\/#website","url":"https:\/\/shop.bazarcia.com\/","name":"Bazar & Cia","description":"criatividade ponto a ponto","publisher":{"@id":"https:\/\/shop.bazarcia.com\/#organization"},"potentialAction":[{"@type":"SearchAction","target":{"@type":"EntryPoint","urlTemplate":"https:\/\/shop.bazarcia.com\/?s={search_term_string}"},"query-input":{"@type":"PropertyValueSpecification","valueRequired":true,"valueName":"search_term_string"}}],"inLanguage":"en-US"},{"@type":"Organization","@id":"https:\/\/shop.bazarcia.com\/#organization","name":"Bazar & Cia","url":"https:\/\/shop.bazarcia.com\/","logo":{"@type":"ImageObject","inLanguage":"en-US","@id":"https:\/\/shop.bazarcia.com\/#\/schema\/logo\/image\/","url":"https:\/\/shop.bazarcia.com\/wp-content\/uploads\/2024\/02\/cropped-logo_bazarcia.png","contentUrl":"https:\/\/shop.bazarcia.com\/wp-content\/uploads\/2024\/02\/cropped-logo_bazarcia.png","width":150,"height":150,"caption":"Bazar & Cia"},"image":{"@id":"https:\/\/shop.bazarcia.com\/#\/schema\/logo\/image\/"},"sameAs":["https:\/\/www.facebook.com\/shopbazarcia","https:\/\/www.instagram.com\/shopbazarcia","https:\/\/br.pinterest.com\/suzane_eloise\/","https:\/\/www.youtube.com\/c\/BazardoBordadoMatrizeseProjetos"]}]}},"_links":{"self":[{"href":"https:\/\/shop.bazarcia.com\/en\/wp-json\/wp\/v2\/product\/140061","targetHints":{"allow":["GET"]}}],"collection":[{"href":"https:\/\/shop.bazarcia.com\/en\/wp-json\/wp\/v2\/product"}],"about":[{"href":"https:\/\/shop.bazarcia.com\/en\/wp-json\/wp\/v2\/types\/product"}],"replies":[{"embeddable":true,"href":"https:\/\/shop.bazarcia.com\/en\/wp-json\/wp\/v2\/comments?post=140061"}],"version-history":[{"count":0,"href":"https:\/\/shop.bazarcia.com\/en\/wp-json\/wp\/v2\/product\/140061\/revisions"}],"wp:featuredmedia":[{"embeddable":true,"href":"https:\/\/shop.bazarcia.com\/en\/wp-json\/wp\/v2\/media\/140055"}],"wp:attachment":[{"href":"https:\/\/shop.bazarcia.com\/en\/wp-json\/wp\/v2\/media?parent=140061"}],"wp:term":[{"taxonomy":"product_brand","embeddable":true,"href":"https:\/\/shop.bazarcia.com\/en\/wp-json\/wp\/v2\/product_brand?post=140061"},{"taxonomy":"product_cat","embeddable":true,"href":"https:\/\/shop.bazarcia.com\/en\/wp-json\/wp\/v2\/product_cat?post=140061"},{"taxonomy":"product_tag","embeddable":true,"href":"https:\/\/shop.bazarcia.com\/en\/wp-json\/wp\/v2\/product_tag?post=140061"}],"curies":[{"name":"wp","href":"https:\/\/api.w.org\/{rel}","templated":true}]}}