{"id":141110,"date":"2021-12-18T11:14:48","date_gmt":"2021-12-18T14:14:48","guid":{"rendered":"https:\/\/shop.bazarcia.com\/?post_type=product&#038;p=141110"},"modified":"2025-05-15T14:36:11","modified_gmt":"2025-05-15T17:36:11","slug":"curso-canva-sem-segredos","status":"publish","type":"product","link":"https:\/\/shop.bazarcia.com\/en\/product\/curso-canva-sem-segredos\/","title":{"rendered":"Curso Canva sem Segredos"},"content":{"rendered":"<p tabindex=\"1\">Transforme totalmente seu neg\u00f3cio utilizando o Canva! Uma ferramenta simples e perfeita para deixar suas cria\u00e7\u00f5es mais incr\u00edveis.<\/p>\n<p tabindex=\"1\">Voc\u00ea n\u00e3o precisa fazer \u201cmais do mesmo\u201d.<\/p>\n<p tabindex=\"1\">Aprenda como se destacar da concorr\u00eancia com cria\u00e7\u00f5es mais profissionais, atraentes e relevantes que transmitem credibilidade para o seu p\u00fablico, mesmo que voc\u00ea n\u00e3o tenha nenhuma experi\u00eancia com Design.<\/p>\n<p tabindex=\"1\">&#8212;&#8212;&#8212;&#8212;&#8212;&#8212;&#8212;&#8212;&#8212;&#8212;&#8212;&#8212;&#8212;&#8212;&#8212;&#8211;<\/p>\n<p tabindex=\"1\">O Canva Sem Segredos \u00e9 para TODOS:<\/p>\n<p tabindex=\"1\">EMPREENDEDORES<\/p>\n<p tabindex=\"1\">Para quem tem um neg\u00f3cio f\u00edsico ou para profissionais liberais que desejam se destacar com uma marca e comunica\u00e7\u00e3o mais profissional.<\/p>\n<p tabindex=\"1\">CRIADORES DE CONTE\u00daDO\u200b<\/p>\n<p tabindex=\"1\">Para quem quer elevar o n\u00edvel do seu conte\u00fado aliando um visual mais atrativo para o seu neg\u00f3cio para gerar mais conectividade e engajamento com a sua audi\u00eancia.<\/p>\n<p tabindex=\"1\">AMANTES DO DESIGN<\/p>\n<p tabindex=\"1\">Para quem quer aprender na pr\u00e1tica com o aplicativo de design mais f\u00e1cil da Internet e transformar o seu trabalho em uma renda extra ou quem sabe at\u00e9, na sua renda principal.<\/p>\n<p tabindex=\"1\">&#8212;&#8212;&#8212;&#8212;&#8212;&#8212;&#8212;&#8212;&#8212;&#8212;&#8212;&#8212;&#8212;&#8212;&#8212;&#8211;<\/p>\n<p tabindex=\"1\">Muitos BENEF\u00cdCIOS para voc\u00ea se Destacar:<\/p>\n<p tabindex=\"1\">&#8211;&gt; Conte\u00fados incr\u00edveis para suas Redes Sociais: feed organizado, stories animados e v\u00eddeos nuggets.<\/p>\n<p tabindex=\"1\">&#8211;&gt; Tenha uma Marca Profissional para o seu neg\u00f3cio utilizando o Design a seu favor.<\/p>\n<p tabindex=\"1\">&#8211;&gt; Pre\u00e7o Acess\u00edvel: o valor do curso \u00e9 o mesmo que voc\u00ea pagaria se contratasse um designer para fazer 1 ou 2 posts para suas Redes Sociais.<\/p>\n<p tabindex=\"1\">&#8211;&gt; Venda Mais com o Cart\u00e3o Virtual da sua Empresa totalmente voltado para convers\u00e3o.<\/p>\n<p tabindex=\"1\">&#8211;&gt; Publica\u00e7\u00f5es mais atraentes em poucos segundos. E voc\u00ea pode fazer tudo pelo celular tamb\u00e9m.<\/p>\n<p tabindex=\"1\">&#8212;&#8212;&#8212;&#8212;&#8212;&#8212;&#8212;&#8212;&#8212;&#8212;&#8212;&#8212;&#8212;&#8212;&#8212;&#8211;<\/p>\n<p tabindex=\"1\">Est\u00e1 pronto para BOMBAR suas Redes Sociais, Seu Neg\u00f3cio?<\/p>\n<p tabindex=\"1\">\u2705 Mais de 100 Aulas divididas em 11 M\u00f3dulos<\/p>\n<p tabindex=\"1\">\u2705 Mais de R$ 1.000,00 em B\u00f4nus<\/p>\n<p tabindex=\"1\">\u2705 Atualiza\u00e7\u00f5es Gratuitas<\/p>\n<p tabindex=\"1\">\u2705 Acesso Curso por 4 Anos<\/p>\n<p tabindex=\"1\">\u2705 Suporte Completo para Alunos<\/p>\n<p tabindex=\"1\">\u2705 Metodologia Simples<\/p>\n<p tabindex=\"1\">\u2705 Grupo Exclusivo de Alunos no Telegram<\/p>\n<p tabindex=\"1\">? APROVEITE ESSE PRE\u00c7O IMPERD\u00cdVEL ?<\/p>\n<p tabindex=\"1\">Curso completo + B\u00f4nus + Atualiza\u00e7\u00f5es<\/p>","protected":false},"excerpt":{"rendered":"<p tabindex=\"1\">Aprenda algo que vai transformar o seu neg\u00f3cio de vez!<\/p>\n<p tabindex=\"1\">Traga mais profissionalismo em suas postagens. Aprenda como se destacar da concorr\u00eancia com cria\u00e7\u00f5es mais profissionais, atraentes e relevantes que transmitem credibilidade para o seu p\u00fablico, mesmo que voc\u00ea n\u00e3o tenha nenhuma experi\u00eancia com Design.<\/p>\n<p tabindex=\"1\">Muitos BENEF\u00cdCIOS para voc\u00ea se Destacar:<\/p>\n<p tabindex=\"1\">&#8211;&gt; Conte\u00fados incr\u00edveis para suas Redes Sociais: feed organizado, stories animados e v\u00eddeos nuggets.<\/p>\n<p tabindex=\"1\">&#8211;&gt; Tenha uma Marca Profissional para o seu neg\u00f3cio utilizando o Design a seu favor.<\/p>\n<p tabindex=\"1\">&#8211;&gt; Pre\u00e7o Acess\u00edvel: o valor do curso \u00e9 o mesmo que voc\u00ea pagaria se contratasse um designer para fazer 1 ou 2 posts para suas Redes Sociais.<\/p>\n<p tabindex=\"1\">&#8211;&gt; Venda Mais com o Cart\u00e3o Virtual da sua Empresa totalmente voltado para convers\u00e3o.<\/p>\n<p tabindex=\"1\">&#8211;&gt; Publica\u00e7\u00f5es mais atraentes em poucos segundos. E voc\u00ea pode fazer tudo pelo celular tamb\u00e9m.<\/p>","protected":false},"featured_media":141111,"comment_status":"open","ping_status":"closed","template":"","meta":{"_acf_changed":false,"_joinchat":[]},"product_brand":[],"product_cat":[1047,1656],"product_tag":[],"class_list":{"0":"post-141110","1":"product","2":"type-product","3":"status-publish","4":"has-post-thumbnail","6":"product_cat-cursos","7":"product_cat-kits-digitais","9":"first","10":"instock","11":"shipping-taxable","12":"product-type-external"},"acf":[],"yoast_head":"<!-- This site is optimized with the Yoast SEO plugin v27.2 - https:\/\/yoast.com\/product\/yoast-seo-wordpress\/ -->\n<title>Curso Canva sem Segredos - \ud835\udc1b\ud835\udc1a\ud835\udc33\ud835\udc1a\ud835\udc2b &amp; \ud835\udc1c\ud835\udc22\ud835\udc1a<\/title>\n<meta name=\"description\" content=\"Aprenda como se destacar da concorr\u00eancia com cria\u00e7\u00f5es mais profissionais e atraentes que transmitem credibilidade para o seu p\u00fablico\" \/>\n<meta name=\"robots\" content=\"index, follow, max-snippet:-1, max-image-preview:large, max-video-preview:-1\" \/>\n<link rel=\"canonical\" href=\"https:\/\/shop.bazarcia.com\/en\/product\/curso-canva-sem-segredos\/\" \/>\n<meta property=\"og:locale\" content=\"en_US\" \/>\n<meta property=\"og:type\" content=\"article\" \/>\n<meta property=\"og:title\" content=\"Curso Canva sem Segredos - \ud835\udc1b\ud835\udc1a\ud835\udc33\ud835\udc1a\ud835\udc2b &amp; \ud835\udc1c\ud835\udc22\ud835\udc1a\" \/>\n<meta property=\"og:description\" content=\"Aprenda como se destacar da concorr\u00eancia com cria\u00e7\u00f5es mais profissionais e atraentes que transmitem credibilidade para o seu p\u00fablico\" \/>\n<meta property=\"og:url\" content=\"https:\/\/shop.bazarcia.com\/en\/product\/curso-canva-sem-segredos\/\" \/>\n<meta property=\"og:site_name\" content=\"\ud835\udc1b\ud835\udc1a\ud835\udc33\ud835\udc1a\ud835\udc2b &amp; \ud835\udc1c\ud835\udc22\ud835\udc1a\" \/>\n<meta property=\"article:publisher\" content=\"https:\/\/www.facebook.com\/shopbazarcia\" \/>\n<meta property=\"article:modified_time\" content=\"2025-05-15T17:36:11+00:00\" \/>\n<meta property=\"og:image\" content=\"https:\/\/shop.bazarcia.com\/wp-content\/uploads\/2021\/12\/canva-sem-segredos-1200x1200-1.jpg\" \/>\n\t<meta property=\"og:image:width\" content=\"1200\" \/>\n\t<meta property=\"og:image:height\" content=\"1200\" \/>\n\t<meta property=\"og:image:type\" content=\"image\/jpeg\" \/>\n<meta name=\"twitter:card\" content=\"summary_large_image\" \/>\n<meta name=\"twitter:label1\" content=\"Est. reading time\" \/>\n\t<meta name=\"twitter:data1\" content=\"2 minutes\" \/>\n<script type=\"application\/ld+json\" class=\"yoast-schema-graph\">{\"@context\":\"https:\/\/schema.org\",\"@graph\":[{\"@type\":\"WebPage\",\"@id\":\"https:\/\/shop.bazarcia.com\/produto\/curso-canva-sem-segredos\/\",\"url\":\"https:\/\/shop.bazarcia.com\/produto\/curso-canva-sem-segredos\/\",\"name\":\"Curso Canva sem Segredos - \ud835\udc1b\ud835\udc1a\ud835\udc33\ud835\udc1a\ud835\udc2b &amp; \ud835\udc1c\ud835\udc22\ud835\udc1a\",\"isPartOf\":{\"@id\":\"https:\/\/shop.bazarcia.com\/#website\"},\"primaryImageOfPage\":{\"@id\":\"https:\/\/shop.bazarcia.com\/produto\/curso-canva-sem-segredos\/#primaryimage\"},\"image\":{\"@id\":\"https:\/\/shop.bazarcia.com\/produto\/curso-canva-sem-segredos\/#primaryimage\"},\"thumbnailUrl\":\"https:\/\/shop.bazarcia.com\/wp-content\/uploads\/2021\/12\/canva-sem-segredos-1200x1200-1.jpg\",\"datePublished\":\"2021-12-18T14:14:48+00:00\",\"dateModified\":\"2025-05-15T17:36:11+00:00\",\"description\":\"Aprenda como se destacar da concorr\u00eancia com cria\u00e7\u00f5es mais profissionais e atraentes que transmitem credibilidade para o seu p\u00fablico\",\"breadcrumb\":{\"@id\":\"https:\/\/shop.bazarcia.com\/produto\/curso-canva-sem-segredos\/#breadcrumb\"},\"inLanguage\":\"en-US\",\"potentialAction\":[{\"@type\":\"ReadAction\",\"target\":[\"https:\/\/shop.bazarcia.com\/produto\/curso-canva-sem-segredos\/\"]}]},{\"@type\":\"ImageObject\",\"inLanguage\":\"en-US\",\"@id\":\"https:\/\/shop.bazarcia.com\/produto\/curso-canva-sem-segredos\/#primaryimage\",\"url\":\"https:\/\/shop.bazarcia.com\/wp-content\/uploads\/2021\/12\/canva-sem-segredos-1200x1200-1.jpg\",\"contentUrl\":\"https:\/\/shop.bazarcia.com\/wp-content\/uploads\/2021\/12\/canva-sem-segredos-1200x1200-1.jpg\",\"width\":1200,\"height\":1200},{\"@type\":\"BreadcrumbList\",\"@id\":\"https:\/\/shop.bazarcia.com\/produto\/curso-canva-sem-segredos\/#breadcrumb\",\"itemListElement\":[{\"@type\":\"ListItem\",\"position\":1,\"name\":\"In\u00edcio\",\"item\":\"https:\/\/shop.bazarcia.com\/\"},{\"@type\":\"ListItem\",\"position\":2,\"name\":\"Loja\",\"item\":\"https:\/\/shop.bazarcia.com\/loja\/\"},{\"@type\":\"ListItem\",\"position\":3,\"name\":\"Curso Canva sem Segredos\"}]},{\"@type\":\"WebSite\",\"@id\":\"https:\/\/shop.bazarcia.com\/#website\",\"url\":\"https:\/\/shop.bazarcia.com\/\",\"name\":\"Bazar & Cia\",\"description\":\"criatividade ponto a ponto\",\"publisher\":{\"@id\":\"https:\/\/shop.bazarcia.com\/#organization\"},\"potentialAction\":[{\"@type\":\"SearchAction\",\"target\":{\"@type\":\"EntryPoint\",\"urlTemplate\":\"https:\/\/shop.bazarcia.com\/?s={search_term_string}\"},\"query-input\":{\"@type\":\"PropertyValueSpecification\",\"valueRequired\":true,\"valueName\":\"search_term_string\"}}],\"inLanguage\":\"en-US\"},{\"@type\":\"Organization\",\"@id\":\"https:\/\/shop.bazarcia.com\/#organization\",\"name\":\"Bazar & Cia\",\"url\":\"https:\/\/shop.bazarcia.com\/\",\"logo\":{\"@type\":\"ImageObject\",\"inLanguage\":\"en-US\",\"@id\":\"https:\/\/shop.bazarcia.com\/#\/schema\/logo\/image\/\",\"url\":\"https:\/\/shop.bazarcia.com\/wp-content\/uploads\/2024\/02\/cropped-logo_bazarcia.png\",\"contentUrl\":\"https:\/\/shop.bazarcia.com\/wp-content\/uploads\/2024\/02\/cropped-logo_bazarcia.png\",\"width\":150,\"height\":150,\"caption\":\"Bazar & Cia\"},\"image\":{\"@id\":\"https:\/\/shop.bazarcia.com\/#\/schema\/logo\/image\/\"},\"sameAs\":[\"https:\/\/www.facebook.com\/shopbazarcia\",\"https:\/\/www.instagram.com\/shopbazarcia\",\"https:\/\/br.pinterest.com\/suzane_eloise\/\",\"https:\/\/www.youtube.com\/c\/BazardoBordadoMatrizeseProjetos\"]}]}<\/script>\n<!-- \/ Yoast SEO plugin. -->","yoast_head_json":{"title":"Curso Canva sem Segredos - \ud835\udc1b\ud835\udc1a\ud835\udc33\ud835\udc1a\ud835\udc2b &amp; \ud835\udc1c\ud835\udc22\ud835\udc1a","description":"Aprenda como se destacar da concorr\u00eancia com cria\u00e7\u00f5es mais profissionais e atraentes que transmitem credibilidade para o seu p\u00fablico","robots":{"index":"index","follow":"follow","max-snippet":"max-snippet:-1","max-image-preview":"max-image-preview:large","max-video-preview":"max-video-preview:-1"},"canonical":"https:\/\/shop.bazarcia.com\/en\/product\/curso-canva-sem-segredos\/","og_locale":"en_US","og_type":"article","og_title":"Curso Canva sem Segredos - \ud835\udc1b\ud835\udc1a\ud835\udc33\ud835\udc1a\ud835\udc2b &amp; \ud835\udc1c\ud835\udc22\ud835\udc1a","og_description":"Aprenda como se destacar da concorr\u00eancia com cria\u00e7\u00f5es mais profissionais e atraentes que transmitem credibilidade para o seu p\u00fablico","og_url":"https:\/\/shop.bazarcia.com\/en\/product\/curso-canva-sem-segredos\/","og_site_name":"\ud835\udc1b\ud835\udc1a\ud835\udc33\ud835\udc1a\ud835\udc2b &amp; \ud835\udc1c\ud835\udc22\ud835\udc1a","article_publisher":"https:\/\/www.facebook.com\/shopbazarcia","article_modified_time":"2025-05-15T17:36:11+00:00","og_image":[{"width":1200,"height":1200,"url":"https:\/\/shop.bazarcia.com\/wp-content\/uploads\/2021\/12\/canva-sem-segredos-1200x1200-1.jpg","type":"image\/jpeg"}],"twitter_card":"summary_large_image","twitter_misc":{"Est. reading time":"2 minutes"},"schema":{"@context":"https:\/\/schema.org","@graph":[{"@type":"WebPage","@id":"https:\/\/shop.bazarcia.com\/produto\/curso-canva-sem-segredos\/","url":"https:\/\/shop.bazarcia.com\/produto\/curso-canva-sem-segredos\/","name":"Curso Canva sem Segredos - \ud835\udc1b\ud835\udc1a\ud835\udc33\ud835\udc1a\ud835\udc2b &amp; \ud835\udc1c\ud835\udc22\ud835\udc1a","isPartOf":{"@id":"https:\/\/shop.bazarcia.com\/#website"},"primaryImageOfPage":{"@id":"https:\/\/shop.bazarcia.com\/produto\/curso-canva-sem-segredos\/#primaryimage"},"image":{"@id":"https:\/\/shop.bazarcia.com\/produto\/curso-canva-sem-segredos\/#primaryimage"},"thumbnailUrl":"https:\/\/shop.bazarcia.com\/wp-content\/uploads\/2021\/12\/canva-sem-segredos-1200x1200-1.jpg","datePublished":"2021-12-18T14:14:48+00:00","dateModified":"2025-05-15T17:36:11+00:00","description":"Aprenda como se destacar da concorr\u00eancia com cria\u00e7\u00f5es mais profissionais e atraentes que transmitem credibilidade para o seu p\u00fablico","breadcrumb":{"@id":"https:\/\/shop.bazarcia.com\/produto\/curso-canva-sem-segredos\/#breadcrumb"},"inLanguage":"en-US","potentialAction":[{"@type":"ReadAction","target":["https:\/\/shop.bazarcia.com\/produto\/curso-canva-sem-segredos\/"]}]},{"@type":"ImageObject","inLanguage":"en-US","@id":"https:\/\/shop.bazarcia.com\/produto\/curso-canva-sem-segredos\/#primaryimage","url":"https:\/\/shop.bazarcia.com\/wp-content\/uploads\/2021\/12\/canva-sem-segredos-1200x1200-1.jpg","contentUrl":"https:\/\/shop.bazarcia.com\/wp-content\/uploads\/2021\/12\/canva-sem-segredos-1200x1200-1.jpg","width":1200,"height":1200},{"@type":"BreadcrumbList","@id":"https:\/\/shop.bazarcia.com\/produto\/curso-canva-sem-segredos\/#breadcrumb","itemListElement":[{"@type":"ListItem","position":1,"name":"In\u00edcio","item":"https:\/\/shop.bazarcia.com\/"},{"@type":"ListItem","position":2,"name":"Loja","item":"https:\/\/shop.bazarcia.com\/loja\/"},{"@type":"ListItem","position":3,"name":"Curso Canva sem Segredos"}]},{"@type":"WebSite","@id":"https:\/\/shop.bazarcia.com\/#website","url":"https:\/\/shop.bazarcia.com\/","name":"Bazar & Cia","description":"criatividade ponto a ponto","publisher":{"@id":"https:\/\/shop.bazarcia.com\/#organization"},"potentialAction":[{"@type":"SearchAction","target":{"@type":"EntryPoint","urlTemplate":"https:\/\/shop.bazarcia.com\/?s={search_term_string}"},"query-input":{"@type":"PropertyValueSpecification","valueRequired":true,"valueName":"search_term_string"}}],"inLanguage":"en-US"},{"@type":"Organization","@id":"https:\/\/shop.bazarcia.com\/#organization","name":"Bazar & Cia","url":"https:\/\/shop.bazarcia.com\/","logo":{"@type":"ImageObject","inLanguage":"en-US","@id":"https:\/\/shop.bazarcia.com\/#\/schema\/logo\/image\/","url":"https:\/\/shop.bazarcia.com\/wp-content\/uploads\/2024\/02\/cropped-logo_bazarcia.png","contentUrl":"https:\/\/shop.bazarcia.com\/wp-content\/uploads\/2024\/02\/cropped-logo_bazarcia.png","width":150,"height":150,"caption":"Bazar & Cia"},"image":{"@id":"https:\/\/shop.bazarcia.com\/#\/schema\/logo\/image\/"},"sameAs":["https:\/\/www.facebook.com\/shopbazarcia","https:\/\/www.instagram.com\/shopbazarcia","https:\/\/br.pinterest.com\/suzane_eloise\/","https:\/\/www.youtube.com\/c\/BazardoBordadoMatrizeseProjetos"]}]}},"_links":{"self":[{"href":"https:\/\/shop.bazarcia.com\/en\/wp-json\/wp\/v2\/product\/141110","targetHints":{"allow":["GET"]}}],"collection":[{"href":"https:\/\/shop.bazarcia.com\/en\/wp-json\/wp\/v2\/product"}],"about":[{"href":"https:\/\/shop.bazarcia.com\/en\/wp-json\/wp\/v2\/types\/product"}],"replies":[{"embeddable":true,"href":"https:\/\/shop.bazarcia.com\/en\/wp-json\/wp\/v2\/comments?post=141110"}],"version-history":[{"count":1,"href":"https:\/\/shop.bazarcia.com\/en\/wp-json\/wp\/v2\/product\/141110\/revisions"}],"predecessor-version":[{"id":325614,"href":"https:\/\/shop.bazarcia.com\/en\/wp-json\/wp\/v2\/product\/141110\/revisions\/325614"}],"wp:featuredmedia":[{"embeddable":true,"href":"https:\/\/shop.bazarcia.com\/en\/wp-json\/wp\/v2\/media\/141111"}],"wp:attachment":[{"href":"https:\/\/shop.bazarcia.com\/en\/wp-json\/wp\/v2\/media?parent=141110"}],"wp:term":[{"taxonomy":"product_brand","embeddable":true,"href":"https:\/\/shop.bazarcia.com\/en\/wp-json\/wp\/v2\/product_brand?post=141110"},{"taxonomy":"product_cat","embeddable":true,"href":"https:\/\/shop.bazarcia.com\/en\/wp-json\/wp\/v2\/product_cat?post=141110"},{"taxonomy":"product_tag","embeddable":true,"href":"https:\/\/shop.bazarcia.com\/en\/wp-json\/wp\/v2\/product_tag?post=141110"}],"curies":[{"name":"wp","href":"https:\/\/api.w.org\/{rel}","templated":true}]}}