{"id":141116,"date":"2021-12-18T11:33:54","date_gmt":"2021-12-18T14:33:54","guid":{"rendered":"https:\/\/shop.bazarcia.com\/?post_type=product&#038;p=141116"},"modified":"2025-05-15T14:26:22","modified_gmt":"2025-05-15T17:26:22","slug":"pack-canva-artesanato-posts-editaveis","status":"publish","type":"product","link":"https:\/\/shop.bazarcia.com\/en\/product\/pack-canva-artesanato-posts-editaveis\/","title":{"rendered":"Pack Canva Artesanato &#8211; Posts edit\u00e1veis"},"content":{"rendered":"<p tabindex=\"1\">Tenha um feed atraente e profissional que sempre sonhou!<\/p>\n<p tabindex=\"1\">Sabemos o quanto \u00e9 cansativo criar posts do zero ainda mais quando n\u00e3o temos muito conhecimento em design.<\/p>\n<p tabindex=\"1\">Por isso voc\u00ea precisa conhecer o Pack de Posts Prontos para Artesanato! Com ele voc\u00ea s\u00f3 precisa escolher o template que vai usar, editar cores, texto e pronto!<\/p>\n<p tabindex=\"1\">Seu post fica pronto em menos de 5 min!<\/p>\n<p tabindex=\"1\">\u2800\u2800\u2800\u2800\u2800\u2800\u2800\u2800<\/p>\n<p tabindex=\"1\">Comprando o Pack voc\u00ea leva:<\/p>\n<p tabindex=\"1\">\u2800\u2800\u2800\u2800\u2800\u2800\u2800\u2800<\/p>\n<p tabindex=\"1\">\u2b50240 posts para o feed (sendo 120 em cada paleta de cores);<\/p>\n<p tabindex=\"1\">\u2b50100 posts para stories (sendo 50 em cada paletas de cores);<\/p>\n<p tabindex=\"1\">\u2b50Ideias de posts para o m\u00eas todo;<\/p>\n<p tabindex=\"1\">\u2b50Tutorias de como usar;<\/p>\n<p tabindex=\"1\">\u2b5020 posts frases maternas;<\/p>\n<p tabindex=\"1\">\u2b5012 posts venda Natal;<\/p>\n<p tabindex=\"1\">\u2b50 30 posts Black Friday;<\/p>\n<p tabindex=\"1\">\u2b50 Suporte grupo do Telegram;<\/p>\n<p tabindex=\"1\">\u2b50 Acesso vital\u00edcio;<\/p>\n<p tabindex=\"1\">B\u00f4nus: (Ser\u00e3o liberados APENAS no 8\u00ba dia da compra);<\/p>\n<p tabindex=\"1\">\u2b50 01 Cat\u00e1logo de produtos edit\u00e1vel e tutorial de como usar;<\/p>\n<p tabindex=\"1\">\u2b50 150 capas de destaque (75 em cada paleta de cor);<\/p>\n<p tabindex=\"1\">\u2b50 30 posts a\u00e7\u00f5es de venda;<\/p>\n<p tabindex=\"1\">\u2b50 05 Posts Carrossel<\/p>\n<p tabindex=\"1\">\u2b50 Tabela de cores para laceiras;<\/p>\n<p tabindex=\"1\">\u2b50 Posts memes;<\/p>\n<p tabindex=\"1\">\u2b50 Scripts de venda WhatsApp;<\/p>\n<p tabindex=\"1\">\u2b50 30 sugest\u00f5es de paleta de cores;<\/p>\n<p tabindex=\"1\">\u2b50 Backgrounds (fundo para posts) e como usar eles;<\/p>\n<p tabindex=\"1\">\u2b50 100 ideias de conte\u00fado (ideias do que postar);<\/p>\n<p tabindex=\"1\">\u2b50 Capas para reels;<\/p>\n<p tabindex=\"1\">\u2b50 Cart\u00e3o de agradecimento edit\u00e1vel;<\/p>\n<p tabindex=\"1\">\u2b50 Cart\u00e3o digital;<\/p>\n<p tabindex=\"1\">\u2b50 30 stories criativos para aumentar o seu engajamento;<\/p>\n<p tabindex=\"1\">\u2b50 Atualiza\u00e7\u00f5es sem custo;<\/p>","protected":false},"excerpt":{"rendered":"<p tabindex=\"1\">Tenha um feed atraente e profissional que sempre sonhou!<\/p>\n<p tabindex=\"1\">Sabemos o quanto \u00e9 cansativo criar posts do zero ainda mais quando n\u00e3o temos muito conhecimento em design.<\/p>\n<p tabindex=\"1\">Por isso voc\u00ea precisa conhecer o Pack de Posts Prontos para Artesanato! Com ele voc\u00ea s\u00f3 precisa escolher o template que vai usar, editar cores, texto e pronto!<\/p>\n<p tabindex=\"1\">Seu post fica pronto em menos de 5 min!<\/p>\n<p tabindex=\"1\">Veja na descri\u00e7\u00e3o abaixo tudo que vem no PACK.<\/p>","protected":false},"featured_media":141117,"comment_status":"open","ping_status":"closed","template":"","meta":{"_acf_changed":false,"_joinchat":[]},"product_brand":[],"product_cat":[1047],"product_tag":[],"class_list":{"0":"post-141116","1":"product","2":"type-product","3":"status-publish","4":"has-post-thumbnail","6":"product_cat-cursos","8":"first","9":"instock","10":"shipping-taxable","11":"product-type-external"},"acf":[],"yoast_head":"<!-- This site is optimized with the Yoast SEO plugin v27.2 - https:\/\/yoast.com\/product\/yoast-seo-wordpress\/ -->\n<title>Pack Canva Artesanato - Posts edit\u00e1veis - \ud835\udc1b\ud835\udc1a\ud835\udc33\ud835\udc1a\ud835\udc2b &amp; \ud835\udc1c\ud835\udc22\ud835\udc1a<\/title>\n<meta name=\"description\" content=\"Tenha um feed atraente e profissional que sempre sonhou! Seu post fica pronto em menos de 5 minutos com esse super PACK!\" \/>\n<meta name=\"robots\" content=\"index, follow, max-snippet:-1, max-image-preview:large, max-video-preview:-1\" \/>\n<link rel=\"canonical\" href=\"https:\/\/shop.bazarcia.com\/en\/product\/pack-canva-artesanato-posts-editaveis\/\" \/>\n<meta property=\"og:locale\" content=\"en_US\" \/>\n<meta property=\"og:type\" content=\"article\" \/>\n<meta property=\"og:title\" content=\"Pack Canva Artesanato - Posts edit\u00e1veis - \ud835\udc1b\ud835\udc1a\ud835\udc33\ud835\udc1a\ud835\udc2b &amp; \ud835\udc1c\ud835\udc22\ud835\udc1a\" \/>\n<meta property=\"og:description\" content=\"Tenha um feed atraente e profissional que sempre sonhou! Seu post fica pronto em menos de 5 minutos com esse super PACK!\" \/>\n<meta property=\"og:url\" content=\"https:\/\/shop.bazarcia.com\/en\/product\/pack-canva-artesanato-posts-editaveis\/\" \/>\n<meta property=\"og:site_name\" content=\"\ud835\udc1b\ud835\udc1a\ud835\udc33\ud835\udc1a\ud835\udc2b &amp; \ud835\udc1c\ud835\udc22\ud835\udc1a\" \/>\n<meta property=\"article:publisher\" content=\"https:\/\/www.facebook.com\/shopbazarcia\" \/>\n<meta property=\"article:modified_time\" content=\"2025-05-15T17:26:22+00:00\" \/>\n<meta property=\"og:image\" content=\"https:\/\/shop.bazarcia.com\/wp-content\/uploads\/2021\/12\/artesanato.png\" \/>\n\t<meta property=\"og:image:width\" content=\"1024\" \/>\n\t<meta property=\"og:image:height\" content=\"1024\" \/>\n\t<meta property=\"og:image:type\" content=\"image\/png\" \/>\n<meta name=\"twitter:card\" content=\"summary_large_image\" \/>\n<meta name=\"twitter:label1\" content=\"Est. reading time\" \/>\n\t<meta name=\"twitter:data1\" content=\"2 minutes\" \/>\n<script type=\"application\/ld+json\" class=\"yoast-schema-graph\">{\"@context\":\"https:\/\/schema.org\",\"@graph\":[{\"@type\":\"WebPage\",\"@id\":\"https:\/\/shop.bazarcia.com\/produto\/pack-canva-artesanato-posts-editaveis\/\",\"url\":\"https:\/\/shop.bazarcia.com\/produto\/pack-canva-artesanato-posts-editaveis\/\",\"name\":\"Pack Canva Artesanato - Posts edit\u00e1veis - \ud835\udc1b\ud835\udc1a\ud835\udc33\ud835\udc1a\ud835\udc2b &amp; \ud835\udc1c\ud835\udc22\ud835\udc1a\",\"isPartOf\":{\"@id\":\"https:\/\/shop.bazarcia.com\/#website\"},\"primaryImageOfPage\":{\"@id\":\"https:\/\/shop.bazarcia.com\/produto\/pack-canva-artesanato-posts-editaveis\/#primaryimage\"},\"image\":{\"@id\":\"https:\/\/shop.bazarcia.com\/produto\/pack-canva-artesanato-posts-editaveis\/#primaryimage\"},\"thumbnailUrl\":\"https:\/\/shop.bazarcia.com\/wp-content\/uploads\/2021\/12\/artesanato.png\",\"datePublished\":\"2021-12-18T14:33:54+00:00\",\"dateModified\":\"2025-05-15T17:26:22+00:00\",\"description\":\"Tenha um feed atraente e profissional que sempre sonhou! Seu post fica pronto em menos de 5 minutos com esse super PACK!\",\"breadcrumb\":{\"@id\":\"https:\/\/shop.bazarcia.com\/produto\/pack-canva-artesanato-posts-editaveis\/#breadcrumb\"},\"inLanguage\":\"en-US\",\"potentialAction\":[{\"@type\":\"ReadAction\",\"target\":[\"https:\/\/shop.bazarcia.com\/produto\/pack-canva-artesanato-posts-editaveis\/\"]}]},{\"@type\":\"ImageObject\",\"inLanguage\":\"en-US\",\"@id\":\"https:\/\/shop.bazarcia.com\/produto\/pack-canva-artesanato-posts-editaveis\/#primaryimage\",\"url\":\"https:\/\/shop.bazarcia.com\/wp-content\/uploads\/2021\/12\/artesanato.png\",\"contentUrl\":\"https:\/\/shop.bazarcia.com\/wp-content\/uploads\/2021\/12\/artesanato.png\",\"width\":1024,\"height\":1024},{\"@type\":\"BreadcrumbList\",\"@id\":\"https:\/\/shop.bazarcia.com\/produto\/pack-canva-artesanato-posts-editaveis\/#breadcrumb\",\"itemListElement\":[{\"@type\":\"ListItem\",\"position\":1,\"name\":\"In\u00edcio\",\"item\":\"https:\/\/shop.bazarcia.com\/\"},{\"@type\":\"ListItem\",\"position\":2,\"name\":\"Loja\",\"item\":\"https:\/\/shop.bazarcia.com\/loja\/\"},{\"@type\":\"ListItem\",\"position\":3,\"name\":\"Pack Canva Artesanato &#8211; Posts edit\u00e1veis\"}]},{\"@type\":\"WebSite\",\"@id\":\"https:\/\/shop.bazarcia.com\/#website\",\"url\":\"https:\/\/shop.bazarcia.com\/\",\"name\":\"Bazar & Cia\",\"description\":\"criatividade ponto a ponto\",\"publisher\":{\"@id\":\"https:\/\/shop.bazarcia.com\/#organization\"},\"potentialAction\":[{\"@type\":\"SearchAction\",\"target\":{\"@type\":\"EntryPoint\",\"urlTemplate\":\"https:\/\/shop.bazarcia.com\/?s={search_term_string}\"},\"query-input\":{\"@type\":\"PropertyValueSpecification\",\"valueRequired\":true,\"valueName\":\"search_term_string\"}}],\"inLanguage\":\"en-US\"},{\"@type\":\"Organization\",\"@id\":\"https:\/\/shop.bazarcia.com\/#organization\",\"name\":\"Bazar & Cia\",\"url\":\"https:\/\/shop.bazarcia.com\/\",\"logo\":{\"@type\":\"ImageObject\",\"inLanguage\":\"en-US\",\"@id\":\"https:\/\/shop.bazarcia.com\/#\/schema\/logo\/image\/\",\"url\":\"https:\/\/shop.bazarcia.com\/wp-content\/uploads\/2024\/02\/cropped-logo_bazarcia.png\",\"contentUrl\":\"https:\/\/shop.bazarcia.com\/wp-content\/uploads\/2024\/02\/cropped-logo_bazarcia.png\",\"width\":150,\"height\":150,\"caption\":\"Bazar & Cia\"},\"image\":{\"@id\":\"https:\/\/shop.bazarcia.com\/#\/schema\/logo\/image\/\"},\"sameAs\":[\"https:\/\/www.facebook.com\/shopbazarcia\",\"https:\/\/www.instagram.com\/shopbazarcia\",\"https:\/\/br.pinterest.com\/suzane_eloise\/\",\"https:\/\/www.youtube.com\/c\/BazardoBordadoMatrizeseProjetos\"]}]}<\/script>\n<!-- \/ Yoast SEO plugin. -->","yoast_head_json":{"title":"Pack Canva Artesanato - Posts edit\u00e1veis - \ud835\udc1b\ud835\udc1a\ud835\udc33\ud835\udc1a\ud835\udc2b &amp; \ud835\udc1c\ud835\udc22\ud835\udc1a","description":"Tenha um feed atraente e profissional que sempre sonhou! Seu post fica pronto em menos de 5 minutos com esse super PACK!","robots":{"index":"index","follow":"follow","max-snippet":"max-snippet:-1","max-image-preview":"max-image-preview:large","max-video-preview":"max-video-preview:-1"},"canonical":"https:\/\/shop.bazarcia.com\/en\/product\/pack-canva-artesanato-posts-editaveis\/","og_locale":"en_US","og_type":"article","og_title":"Pack Canva Artesanato - Posts edit\u00e1veis - \ud835\udc1b\ud835\udc1a\ud835\udc33\ud835\udc1a\ud835\udc2b &amp; \ud835\udc1c\ud835\udc22\ud835\udc1a","og_description":"Tenha um feed atraente e profissional que sempre sonhou! Seu post fica pronto em menos de 5 minutos com esse super PACK!","og_url":"https:\/\/shop.bazarcia.com\/en\/product\/pack-canva-artesanato-posts-editaveis\/","og_site_name":"\ud835\udc1b\ud835\udc1a\ud835\udc33\ud835\udc1a\ud835\udc2b &amp; \ud835\udc1c\ud835\udc22\ud835\udc1a","article_publisher":"https:\/\/www.facebook.com\/shopbazarcia","article_modified_time":"2025-05-15T17:26:22+00:00","og_image":[{"width":1024,"height":1024,"url":"https:\/\/shop.bazarcia.com\/wp-content\/uploads\/2021\/12\/artesanato.png","type":"image\/png"}],"twitter_card":"summary_large_image","twitter_misc":{"Est. reading time":"2 minutes"},"schema":{"@context":"https:\/\/schema.org","@graph":[{"@type":"WebPage","@id":"https:\/\/shop.bazarcia.com\/produto\/pack-canva-artesanato-posts-editaveis\/","url":"https:\/\/shop.bazarcia.com\/produto\/pack-canva-artesanato-posts-editaveis\/","name":"Pack Canva Artesanato - Posts edit\u00e1veis - \ud835\udc1b\ud835\udc1a\ud835\udc33\ud835\udc1a\ud835\udc2b &amp; \ud835\udc1c\ud835\udc22\ud835\udc1a","isPartOf":{"@id":"https:\/\/shop.bazarcia.com\/#website"},"primaryImageOfPage":{"@id":"https:\/\/shop.bazarcia.com\/produto\/pack-canva-artesanato-posts-editaveis\/#primaryimage"},"image":{"@id":"https:\/\/shop.bazarcia.com\/produto\/pack-canva-artesanato-posts-editaveis\/#primaryimage"},"thumbnailUrl":"https:\/\/shop.bazarcia.com\/wp-content\/uploads\/2021\/12\/artesanato.png","datePublished":"2021-12-18T14:33:54+00:00","dateModified":"2025-05-15T17:26:22+00:00","description":"Tenha um feed atraente e profissional que sempre sonhou! Seu post fica pronto em menos de 5 minutos com esse super PACK!","breadcrumb":{"@id":"https:\/\/shop.bazarcia.com\/produto\/pack-canva-artesanato-posts-editaveis\/#breadcrumb"},"inLanguage":"en-US","potentialAction":[{"@type":"ReadAction","target":["https:\/\/shop.bazarcia.com\/produto\/pack-canva-artesanato-posts-editaveis\/"]}]},{"@type":"ImageObject","inLanguage":"en-US","@id":"https:\/\/shop.bazarcia.com\/produto\/pack-canva-artesanato-posts-editaveis\/#primaryimage","url":"https:\/\/shop.bazarcia.com\/wp-content\/uploads\/2021\/12\/artesanato.png","contentUrl":"https:\/\/shop.bazarcia.com\/wp-content\/uploads\/2021\/12\/artesanato.png","width":1024,"height":1024},{"@type":"BreadcrumbList","@id":"https:\/\/shop.bazarcia.com\/produto\/pack-canva-artesanato-posts-editaveis\/#breadcrumb","itemListElement":[{"@type":"ListItem","position":1,"name":"In\u00edcio","item":"https:\/\/shop.bazarcia.com\/"},{"@type":"ListItem","position":2,"name":"Loja","item":"https:\/\/shop.bazarcia.com\/loja\/"},{"@type":"ListItem","position":3,"name":"Pack Canva Artesanato &#8211; Posts edit\u00e1veis"}]},{"@type":"WebSite","@id":"https:\/\/shop.bazarcia.com\/#website","url":"https:\/\/shop.bazarcia.com\/","name":"Bazar & Cia","description":"criatividade ponto a ponto","publisher":{"@id":"https:\/\/shop.bazarcia.com\/#organization"},"potentialAction":[{"@type":"SearchAction","target":{"@type":"EntryPoint","urlTemplate":"https:\/\/shop.bazarcia.com\/?s={search_term_string}"},"query-input":{"@type":"PropertyValueSpecification","valueRequired":true,"valueName":"search_term_string"}}],"inLanguage":"en-US"},{"@type":"Organization","@id":"https:\/\/shop.bazarcia.com\/#organization","name":"Bazar & Cia","url":"https:\/\/shop.bazarcia.com\/","logo":{"@type":"ImageObject","inLanguage":"en-US","@id":"https:\/\/shop.bazarcia.com\/#\/schema\/logo\/image\/","url":"https:\/\/shop.bazarcia.com\/wp-content\/uploads\/2024\/02\/cropped-logo_bazarcia.png","contentUrl":"https:\/\/shop.bazarcia.com\/wp-content\/uploads\/2024\/02\/cropped-logo_bazarcia.png","width":150,"height":150,"caption":"Bazar & Cia"},"image":{"@id":"https:\/\/shop.bazarcia.com\/#\/schema\/logo\/image\/"},"sameAs":["https:\/\/www.facebook.com\/shopbazarcia","https:\/\/www.instagram.com\/shopbazarcia","https:\/\/br.pinterest.com\/suzane_eloise\/","https:\/\/www.youtube.com\/c\/BazardoBordadoMatrizeseProjetos"]}]}},"_links":{"self":[{"href":"https:\/\/shop.bazarcia.com\/en\/wp-json\/wp\/v2\/product\/141116","targetHints":{"allow":["GET"]}}],"collection":[{"href":"https:\/\/shop.bazarcia.com\/en\/wp-json\/wp\/v2\/product"}],"about":[{"href":"https:\/\/shop.bazarcia.com\/en\/wp-json\/wp\/v2\/types\/product"}],"replies":[{"embeddable":true,"href":"https:\/\/shop.bazarcia.com\/en\/wp-json\/wp\/v2\/comments?post=141116"}],"version-history":[{"count":1,"href":"https:\/\/shop.bazarcia.com\/en\/wp-json\/wp\/v2\/product\/141116\/revisions"}],"predecessor-version":[{"id":325609,"href":"https:\/\/shop.bazarcia.com\/en\/wp-json\/wp\/v2\/product\/141116\/revisions\/325609"}],"wp:featuredmedia":[{"embeddable":true,"href":"https:\/\/shop.bazarcia.com\/en\/wp-json\/wp\/v2\/media\/141117"}],"wp:attachment":[{"href":"https:\/\/shop.bazarcia.com\/en\/wp-json\/wp\/v2\/media?parent=141116"}],"wp:term":[{"taxonomy":"product_brand","embeddable":true,"href":"https:\/\/shop.bazarcia.com\/en\/wp-json\/wp\/v2\/product_brand?post=141116"},{"taxonomy":"product_cat","embeddable":true,"href":"https:\/\/shop.bazarcia.com\/en\/wp-json\/wp\/v2\/product_cat?post=141116"},{"taxonomy":"product_tag","embeddable":true,"href":"https:\/\/shop.bazarcia.com\/en\/wp-json\/wp\/v2\/product_tag?post=141116"}],"curies":[{"name":"wp","href":"https:\/\/api.w.org\/{rel}","templated":true}]}}