{"id":144278,"date":"2022-01-14T17:55:17","date_gmt":"2022-01-14T20:55:17","guid":{"rendered":"https:\/\/shop.bazarcia.com\/produto\/kit-3-babadores-felpudo-e-plastificado-papi-estampado-25cm-x-19cm\/"},"modified":"2022-01-14T21:51:37","modified_gmt":"2022-01-15T00:51:37","slug":"kit-3-babadores-felpudo-e-plastificado-papi-estampado-25cm-x-19cm","status":"publish","type":"product","link":"https:\/\/shop.bazarcia.com\/en\/product\/kit-3-babadores-felpudo-e-plastificado-papi-estampado-25cm-x-19cm\/","title":{"rendered":"kit 3 Babadores Felpudo E Plastificado Papi Estampado 25Cm X 19Cm"},"content":{"rendered":"<p><span style=\"font-family: Roboto, 'Helvetica Neue', Helvetica, Arial, \u6587\u6cc9\u9a5b\u6b63\u9ed1, 'WenQuanYi Zen Hei', 'Hiragino Sans GB', '\u5137\u9ed1 Pro', 'LiHei Pro', 'Heiti TC', \u5fae\u8edf\u6b63\u9ed1\u9ad4, 'Microsoft JhengHei UI', 'Microsoft JhengHei', sans-serif;font-size: 14px\">O babador papi felpudo \u00e9 um item essencial para o enxoval do seu beb\u00ea. <\/span><\/p>\n<p><span style=\"font-family: Roboto, 'Helvetica Neue', Helvetica, Arial, \u6587\u6cc9\u9a5b\u6b63\u9ed1, 'WenQuanYi Zen Hei', 'Hiragino Sans GB', '\u5137\u9ed1 Pro', 'LiHei Pro', 'Heiti TC', \u5fae\u8edf\u6b63\u9ed1\u9ad4, 'Microsoft JhengHei UI', 'Microsoft JhengHei', sans-serif;font-size: 14px\">Ele \u00e9 feito de tecido felpudo 100% algod\u00e3o e possui acabamento em vi\u00e9s. <\/span><\/p>\n<p><span style=\"font-family: Roboto, 'Helvetica Neue', Helvetica, Arial, \u6587\u6cc9\u9a5b\u6b63\u9ed1, 'WenQuanYi Zen Hei', 'Hiragino Sans GB', '\u5137\u9ed1 Pro', 'LiHei Pro', 'Heiti TC', \u5fae\u8edf\u6b63\u9ed1\u9ad4, 'Microsoft JhengHei UI', 'Microsoft JhengHei', sans-serif;font-size: 14px\">Possui o tamanho de 25x19cm, proporcionando grande \u00e1rea de prote\u00e7\u00e3o.<\/span><\/p>\n<p><span style=\"font-family: Roboto, 'Helvetica Neue', Helvetica, Arial, \u6587\u6cc9\u9a5b\u6b63\u9ed1, 'WenQuanYi Zen Hei', 'Hiragino Sans GB', '\u5137\u9ed1 Pro', 'LiHei Pro', 'Heiti TC', \u5fae\u8edf\u6b63\u9ed1\u9ad4, 'Microsoft JhengHei UI', 'Microsoft JhengHei', sans-serif;font-size: 14px\"> O babador pode ser usado tanto no come\u00e7o da vida do beb\u00ea, quando come\u00e7a a babar e descobrir as m\u00e3ozinhas, quanto na fase da papinha. <\/span><\/p>\n<p><span style=\"font-family: Roboto, 'Helvetica Neue', Helvetica, Arial, \u6587\u6cc9\u9a5b\u6b63\u9ed1, 'WenQuanYi Zen Hei', 'Hiragino Sans GB', '\u5137\u9ed1 Pro', 'LiHei Pro', 'Heiti TC', \u5fae\u8edf\u6b63\u9ed1\u9ad4, 'Microsoft JhengHei UI', 'Microsoft JhengHei', sans-serif;font-size: 14px\">Nos dois casos sua fun\u00e7\u00e3o \u00e9 proteger as roupinhas delicadas, minimizando a sujeira e umidade, facilitando a vida da mam\u00e3e. <\/span><\/p>\n<p><span style=\"font-family: Roboto, 'Helvetica Neue', Helvetica, Arial, \u6587\u6cc9\u9a5b\u6b63\u9ed1, 'WenQuanYi Zen Hei', 'Hiragino Sans GB', '\u5137\u9ed1 Pro', 'LiHei Pro', 'Heiti TC', \u5fae\u8edf\u6b63\u9ed1\u9ad4, 'Microsoft JhengHei UI', 'Microsoft JhengHei', sans-serif;font-size: 14px\">Esse modelo possui lindas estampas variadas e vem em 3 unidades na embalagem.<\/span><\/p>\n<p><span style=\"font-family: Roboto, 'Helvetica Neue', Helvetica, Arial, \u6587\u6cc9\u9a5b\u6b63\u9ed1, 'WenQuanYi Zen Hei', 'Hiragino Sans GB', '\u5137\u9ed1 Pro', 'LiHei Pro', 'Heiti TC', \u5fae\u8edf\u6b63\u9ed1\u9ad4, 'Microsoft JhengHei UI', 'Microsoft JhengHei', sans-serif;font-size: 14px\"> INFORMA\u00c7\u00d5ES DO PRODUTO <\/span><\/p>\n<p><span style=\"font-family: Roboto, 'Helvetica Neue', Helvetica, Arial, \u6587\u6cc9\u9a5b\u6b63\u9ed1, 'WenQuanYi Zen Hei', 'Hiragino Sans GB', '\u5137\u9ed1 Pro', 'LiHei Pro', 'Heiti TC', \u5fae\u8edf\u6b63\u9ed1\u9ad4, 'Microsoft JhengHei UI', 'Microsoft JhengHei', sans-serif;font-size: 14px\">\u2022 Possui acabamento em vi\u00e9s. <\/span><\/p>\n<p><span style=\"font-family: Roboto, 'Helvetica Neue', Helvetica, Arial, \u6587\u6cc9\u9a5b\u6b63\u9ed1, 'WenQuanYi Zen Hei', 'Hiragino Sans GB', '\u5137\u9ed1 Pro', 'LiHei Pro', 'Heiti TC', \u5fae\u8edf\u6b63\u9ed1\u9ad4, 'Microsoft JhengHei UI', 'Microsoft JhengHei', sans-serif;font-size: 14px\">\u2022 Tecido felpudo 100% algod\u00e3o. <\/span><\/p>\n<p><span style=\"font-family: Roboto, 'Helvetica Neue', Helvetica, Arial, \u6587\u6cc9\u9a5b\u6b63\u9ed1, 'WenQuanYi Zen Hei', 'Hiragino Sans GB', '\u5137\u9ed1 Pro', 'LiHei Pro', 'Heiti TC', \u5fae\u8edf\u6b63\u9ed1\u9ad4, 'Microsoft JhengHei UI', 'Microsoft JhengHei', sans-serif;font-size: 14px\">\u2022 Vem com 3 unidades no pacote. <\/span><\/p>\n<p><span style=\"font-family: Roboto, 'Helvetica Neue', Helvetica, Arial, \u6587\u6cc9\u9a5b\u6b63\u9ed1, 'WenQuanYi Zen Hei', 'Hiragino Sans GB', '\u5137\u9ed1 Pro', 'LiHei Pro', 'Heiti TC', \u5fae\u8edf\u6b63\u9ed1\u9ad4, 'Microsoft JhengHei UI', 'Microsoft JhengHei', sans-serif;font-size: 14px\">\u2022 Medida: 25cm x 19cm. <\/span><\/p>\n<p><span style=\"font-family: Roboto, 'Helvetica Neue', Helvetica, Arial, \u6587\u6cc9\u9a5b\u6b63\u9ed1, 'WenQuanYi Zen Hei', 'Hiragino Sans GB', '\u5137\u9ed1 Pro', 'LiHei Pro', 'Heiti TC', \u5fae\u8edf\u6b63\u9ed1\u9ad4, 'Microsoft JhengHei UI', 'Microsoft JhengHei', sans-serif;font-size: 14px\">Dispon\u00edvel nos tons de azul para meninos, tons de rosa para meninas e tons neutros. <\/span><\/p>\n<p><span style=\"font-family: Roboto, 'Helvetica Neue', Helvetica, Arial, \u6587\u6cc9\u9a5b\u6b63\u9ed1, 'WenQuanYi Zen Hei', 'Hiragino Sans GB', '\u5137\u9ed1 Pro', 'LiHei Pro', 'Heiti TC', \u5fae\u8edf\u6b63\u9ed1\u9ad4, 'Microsoft JhengHei UI', 'Microsoft JhengHei', sans-serif;font-size: 14px\">Muita fofura!<\/span><\/p>","protected":false},"excerpt":{"rendered":"<p>O babador papi felpudo \u00e9 um item essencial para o enxoval do seu beb\u00ea.<\/p>\n<p>Ele \u00e9 feito de tecido felpudo 100% algod\u00e3o e possui acabamento em vi\u00e9s.<\/p>\n<p>Possui o tamanho de 25x19cm, proporcionando grande \u00e1rea de prote\u00e7\u00e3o.<\/p>\n<p>Vem 3 unidade.<\/p>","protected":false},"featured_media":144274,"comment_status":"open","ping_status":"closed","template":"","meta":{"_acf_changed":false,"_joinchat":[]},"product_brand":[],"product_cat":[1115],"product_tag":[],"class_list":{"0":"post-144278","1":"product","2":"type-product","3":"status-publish","4":"has-post-thumbnail","6":"product_cat-sem-categoria","7":"pa_cor-azul-bb","8":"pa_cor-neutro","9":"pa_cor-rosa-bb","11":"first","12":"instock","13":"shipping-taxable","14":"purchasable","15":"product-type-variable"},"acf":[],"yoast_head":"<!-- This site is optimized with the Yoast SEO plugin v27.2 - https:\/\/yoast.com\/product\/yoast-seo-wordpress\/ -->\n<title>kit 3 Babadores Felpudo E Plastificado Papi Estampado 25Cm X 19Cm - \ud835\udc1b\ud835\udc1a\ud835\udc33\ud835\udc1a\ud835\udc2b &amp; \ud835\udc1c\ud835\udc22\ud835\udc1a<\/title>\n<meta name=\"robots\" content=\"index, follow, max-snippet:-1, max-image-preview:large, max-video-preview:-1\" \/>\n<link rel=\"canonical\" href=\"https:\/\/shop.bazarcia.com\/en\/product\/kit-3-babadores-felpudo-e-plastificado-papi-estampado-25cm-x-19cm\/\" \/>\n<meta property=\"og:locale\" content=\"en_US\" \/>\n<meta property=\"og:type\" content=\"article\" \/>\n<meta property=\"og:title\" content=\"kit 3 Babadores Felpudo E Plastificado Papi Estampado 25Cm X 19Cm - \ud835\udc1b\ud835\udc1a\ud835\udc33\ud835\udc1a\ud835\udc2b &amp; \ud835\udc1c\ud835\udc22\ud835\udc1a\" \/>\n<meta property=\"og:description\" content=\"O babador papi felpudo \u00e9 um item essencial para o enxoval do seu beb\u00ea.  Ele \u00e9 feito de tecido felpudo 100% algod\u00e3o e possui acabamento em vi\u00e9s.  Possui o tamanho de 25x19cm, proporcionando grande \u00e1rea de prote\u00e7\u00e3o.  Vem 3 unidade.\" \/>\n<meta property=\"og:url\" content=\"https:\/\/shop.bazarcia.com\/en\/product\/kit-3-babadores-felpudo-e-plastificado-papi-estampado-25cm-x-19cm\/\" \/>\n<meta property=\"og:site_name\" content=\"\ud835\udc1b\ud835\udc1a\ud835\udc33\ud835\udc1a\ud835\udc2b &amp; \ud835\udc1c\ud835\udc22\ud835\udc1a\" \/>\n<meta property=\"article:publisher\" content=\"https:\/\/www.facebook.com\/shopbazarcia\" \/>\n<meta property=\"article:modified_time\" content=\"2022-01-15T00:51:37+00:00\" \/>\n<meta property=\"og:image\" content=\"https:\/\/shop.bazarcia.com\/wp-content\/uploads\/2022\/01\/f3f38a9d9aabf168a13bfb7af4efebca.jpg\" \/>\n\t<meta property=\"og:image:width\" content=\"800\" \/>\n\t<meta property=\"og:image:height\" content=\"800\" \/>\n\t<meta property=\"og:image:type\" content=\"image\/jpeg\" \/>\n<meta name=\"twitter:card\" content=\"summary_large_image\" \/>\n<meta name=\"twitter:label1\" content=\"Est. reading time\" \/>\n\t<meta name=\"twitter:data1\" content=\"1 minute\" \/>\n<script type=\"application\/ld+json\" class=\"yoast-schema-graph\">{\"@context\":\"https:\/\/schema.org\",\"@graph\":[{\"@type\":\"WebPage\",\"@id\":\"https:\/\/shop.bazarcia.com\/produto\/kit-3-babadores-felpudo-e-plastificado-papi-estampado-25cm-x-19cm\/\",\"url\":\"https:\/\/shop.bazarcia.com\/produto\/kit-3-babadores-felpudo-e-plastificado-papi-estampado-25cm-x-19cm\/\",\"name\":\"kit 3 Babadores Felpudo E Plastificado Papi Estampado 25Cm X 19Cm - \ud835\udc1b\ud835\udc1a\ud835\udc33\ud835\udc1a\ud835\udc2b &amp; \ud835\udc1c\ud835\udc22\ud835\udc1a\",\"isPartOf\":{\"@id\":\"https:\/\/shop.bazarcia.com\/#website\"},\"primaryImageOfPage\":{\"@id\":\"https:\/\/shop.bazarcia.com\/produto\/kit-3-babadores-felpudo-e-plastificado-papi-estampado-25cm-x-19cm\/#primaryimage\"},\"image\":{\"@id\":\"https:\/\/shop.bazarcia.com\/produto\/kit-3-babadores-felpudo-e-plastificado-papi-estampado-25cm-x-19cm\/#primaryimage\"},\"thumbnailUrl\":\"https:\/\/shop.bazarcia.com\/wp-content\/uploads\/2022\/01\/f3f38a9d9aabf168a13bfb7af4efebca.jpg\",\"datePublished\":\"2022-01-14T20:55:17+00:00\",\"dateModified\":\"2022-01-15T00:51:37+00:00\",\"breadcrumb\":{\"@id\":\"https:\/\/shop.bazarcia.com\/produto\/kit-3-babadores-felpudo-e-plastificado-papi-estampado-25cm-x-19cm\/#breadcrumb\"},\"inLanguage\":\"en-US\",\"potentialAction\":[{\"@type\":\"ReadAction\",\"target\":[\"https:\/\/shop.bazarcia.com\/produto\/kit-3-babadores-felpudo-e-plastificado-papi-estampado-25cm-x-19cm\/\"]}]},{\"@type\":\"ImageObject\",\"inLanguage\":\"en-US\",\"@id\":\"https:\/\/shop.bazarcia.com\/produto\/kit-3-babadores-felpudo-e-plastificado-papi-estampado-25cm-x-19cm\/#primaryimage\",\"url\":\"https:\/\/shop.bazarcia.com\/wp-content\/uploads\/2022\/01\/f3f38a9d9aabf168a13bfb7af4efebca.jpg\",\"contentUrl\":\"https:\/\/shop.bazarcia.com\/wp-content\/uploads\/2022\/01\/f3f38a9d9aabf168a13bfb7af4efebca.jpg\",\"width\":800,\"height\":800},{\"@type\":\"BreadcrumbList\",\"@id\":\"https:\/\/shop.bazarcia.com\/produto\/kit-3-babadores-felpudo-e-plastificado-papi-estampado-25cm-x-19cm\/#breadcrumb\",\"itemListElement\":[{\"@type\":\"ListItem\",\"position\":1,\"name\":\"In\u00edcio\",\"item\":\"https:\/\/shop.bazarcia.com\/\"},{\"@type\":\"ListItem\",\"position\":2,\"name\":\"Loja\",\"item\":\"https:\/\/shop.bazarcia.com\/loja\/\"},{\"@type\":\"ListItem\",\"position\":3,\"name\":\"kit 3 Babadores Felpudo E Plastificado Papi Estampado 25Cm X 19Cm\"}]},{\"@type\":\"WebSite\",\"@id\":\"https:\/\/shop.bazarcia.com\/#website\",\"url\":\"https:\/\/shop.bazarcia.com\/\",\"name\":\"Bazar & Cia\",\"description\":\"criatividade ponto a ponto\",\"publisher\":{\"@id\":\"https:\/\/shop.bazarcia.com\/#organization\"},\"potentialAction\":[{\"@type\":\"SearchAction\",\"target\":{\"@type\":\"EntryPoint\",\"urlTemplate\":\"https:\/\/shop.bazarcia.com\/?s={search_term_string}\"},\"query-input\":{\"@type\":\"PropertyValueSpecification\",\"valueRequired\":true,\"valueName\":\"search_term_string\"}}],\"inLanguage\":\"en-US\"},{\"@type\":\"Organization\",\"@id\":\"https:\/\/shop.bazarcia.com\/#organization\",\"name\":\"Bazar & Cia\",\"url\":\"https:\/\/shop.bazarcia.com\/\",\"logo\":{\"@type\":\"ImageObject\",\"inLanguage\":\"en-US\",\"@id\":\"https:\/\/shop.bazarcia.com\/#\/schema\/logo\/image\/\",\"url\":\"https:\/\/shop.bazarcia.com\/wp-content\/uploads\/2024\/02\/cropped-logo_bazarcia.png\",\"contentUrl\":\"https:\/\/shop.bazarcia.com\/wp-content\/uploads\/2024\/02\/cropped-logo_bazarcia.png\",\"width\":150,\"height\":150,\"caption\":\"Bazar & Cia\"},\"image\":{\"@id\":\"https:\/\/shop.bazarcia.com\/#\/schema\/logo\/image\/\"},\"sameAs\":[\"https:\/\/www.facebook.com\/shopbazarcia\",\"https:\/\/www.instagram.com\/shopbazarcia\",\"https:\/\/br.pinterest.com\/suzane_eloise\/\",\"https:\/\/www.youtube.com\/c\/BazardoBordadoMatrizeseProjetos\"]}]}<\/script>\n<!-- \/ Yoast SEO plugin. -->","yoast_head_json":{"title":"kit 3 Babadores Felpudo E Plastificado Papi Estampado 25Cm X 19Cm - \ud835\udc1b\ud835\udc1a\ud835\udc33\ud835\udc1a\ud835\udc2b &amp; \ud835\udc1c\ud835\udc22\ud835\udc1a","robots":{"index":"index","follow":"follow","max-snippet":"max-snippet:-1","max-image-preview":"max-image-preview:large","max-video-preview":"max-video-preview:-1"},"canonical":"https:\/\/shop.bazarcia.com\/en\/product\/kit-3-babadores-felpudo-e-plastificado-papi-estampado-25cm-x-19cm\/","og_locale":"en_US","og_type":"article","og_title":"kit 3 Babadores Felpudo E Plastificado Papi Estampado 25Cm X 19Cm - \ud835\udc1b\ud835\udc1a\ud835\udc33\ud835\udc1a\ud835\udc2b &amp; \ud835\udc1c\ud835\udc22\ud835\udc1a","og_description":"O babador papi felpudo \u00e9 um item essencial para o enxoval do seu beb\u00ea.  Ele \u00e9 feito de tecido felpudo 100% algod\u00e3o e possui acabamento em vi\u00e9s.  Possui o tamanho de 25x19cm, proporcionando grande \u00e1rea de prote\u00e7\u00e3o.  Vem 3 unidade.","og_url":"https:\/\/shop.bazarcia.com\/en\/product\/kit-3-babadores-felpudo-e-plastificado-papi-estampado-25cm-x-19cm\/","og_site_name":"\ud835\udc1b\ud835\udc1a\ud835\udc33\ud835\udc1a\ud835\udc2b &amp; \ud835\udc1c\ud835\udc22\ud835\udc1a","article_publisher":"https:\/\/www.facebook.com\/shopbazarcia","article_modified_time":"2022-01-15T00:51:37+00:00","og_image":[{"width":800,"height":800,"url":"https:\/\/shop.bazarcia.com\/wp-content\/uploads\/2022\/01\/f3f38a9d9aabf168a13bfb7af4efebca.jpg","type":"image\/jpeg"}],"twitter_card":"summary_large_image","twitter_misc":{"Est. reading time":"1 minute"},"schema":{"@context":"https:\/\/schema.org","@graph":[{"@type":"WebPage","@id":"https:\/\/shop.bazarcia.com\/produto\/kit-3-babadores-felpudo-e-plastificado-papi-estampado-25cm-x-19cm\/","url":"https:\/\/shop.bazarcia.com\/produto\/kit-3-babadores-felpudo-e-plastificado-papi-estampado-25cm-x-19cm\/","name":"kit 3 Babadores Felpudo E Plastificado Papi Estampado 25Cm X 19Cm - \ud835\udc1b\ud835\udc1a\ud835\udc33\ud835\udc1a\ud835\udc2b &amp; \ud835\udc1c\ud835\udc22\ud835\udc1a","isPartOf":{"@id":"https:\/\/shop.bazarcia.com\/#website"},"primaryImageOfPage":{"@id":"https:\/\/shop.bazarcia.com\/produto\/kit-3-babadores-felpudo-e-plastificado-papi-estampado-25cm-x-19cm\/#primaryimage"},"image":{"@id":"https:\/\/shop.bazarcia.com\/produto\/kit-3-babadores-felpudo-e-plastificado-papi-estampado-25cm-x-19cm\/#primaryimage"},"thumbnailUrl":"https:\/\/shop.bazarcia.com\/wp-content\/uploads\/2022\/01\/f3f38a9d9aabf168a13bfb7af4efebca.jpg","datePublished":"2022-01-14T20:55:17+00:00","dateModified":"2022-01-15T00:51:37+00:00","breadcrumb":{"@id":"https:\/\/shop.bazarcia.com\/produto\/kit-3-babadores-felpudo-e-plastificado-papi-estampado-25cm-x-19cm\/#breadcrumb"},"inLanguage":"en-US","potentialAction":[{"@type":"ReadAction","target":["https:\/\/shop.bazarcia.com\/produto\/kit-3-babadores-felpudo-e-plastificado-papi-estampado-25cm-x-19cm\/"]}]},{"@type":"ImageObject","inLanguage":"en-US","@id":"https:\/\/shop.bazarcia.com\/produto\/kit-3-babadores-felpudo-e-plastificado-papi-estampado-25cm-x-19cm\/#primaryimage","url":"https:\/\/shop.bazarcia.com\/wp-content\/uploads\/2022\/01\/f3f38a9d9aabf168a13bfb7af4efebca.jpg","contentUrl":"https:\/\/shop.bazarcia.com\/wp-content\/uploads\/2022\/01\/f3f38a9d9aabf168a13bfb7af4efebca.jpg","width":800,"height":800},{"@type":"BreadcrumbList","@id":"https:\/\/shop.bazarcia.com\/produto\/kit-3-babadores-felpudo-e-plastificado-papi-estampado-25cm-x-19cm\/#breadcrumb","itemListElement":[{"@type":"ListItem","position":1,"name":"In\u00edcio","item":"https:\/\/shop.bazarcia.com\/"},{"@type":"ListItem","position":2,"name":"Loja","item":"https:\/\/shop.bazarcia.com\/loja\/"},{"@type":"ListItem","position":3,"name":"kit 3 Babadores Felpudo E Plastificado Papi Estampado 25Cm X 19Cm"}]},{"@type":"WebSite","@id":"https:\/\/shop.bazarcia.com\/#website","url":"https:\/\/shop.bazarcia.com\/","name":"Bazar & Cia","description":"criatividade ponto a ponto","publisher":{"@id":"https:\/\/shop.bazarcia.com\/#organization"},"potentialAction":[{"@type":"SearchAction","target":{"@type":"EntryPoint","urlTemplate":"https:\/\/shop.bazarcia.com\/?s={search_term_string}"},"query-input":{"@type":"PropertyValueSpecification","valueRequired":true,"valueName":"search_term_string"}}],"inLanguage":"en-US"},{"@type":"Organization","@id":"https:\/\/shop.bazarcia.com\/#organization","name":"Bazar & Cia","url":"https:\/\/shop.bazarcia.com\/","logo":{"@type":"ImageObject","inLanguage":"en-US","@id":"https:\/\/shop.bazarcia.com\/#\/schema\/logo\/image\/","url":"https:\/\/shop.bazarcia.com\/wp-content\/uploads\/2024\/02\/cropped-logo_bazarcia.png","contentUrl":"https:\/\/shop.bazarcia.com\/wp-content\/uploads\/2024\/02\/cropped-logo_bazarcia.png","width":150,"height":150,"caption":"Bazar & Cia"},"image":{"@id":"https:\/\/shop.bazarcia.com\/#\/schema\/logo\/image\/"},"sameAs":["https:\/\/www.facebook.com\/shopbazarcia","https:\/\/www.instagram.com\/shopbazarcia","https:\/\/br.pinterest.com\/suzane_eloise\/","https:\/\/www.youtube.com\/c\/BazardoBordadoMatrizeseProjetos"]}]}},"_links":{"self":[{"href":"https:\/\/shop.bazarcia.com\/en\/wp-json\/wp\/v2\/product\/144278","targetHints":{"allow":["GET"]}}],"collection":[{"href":"https:\/\/shop.bazarcia.com\/en\/wp-json\/wp\/v2\/product"}],"about":[{"href":"https:\/\/shop.bazarcia.com\/en\/wp-json\/wp\/v2\/types\/product"}],"replies":[{"embeddable":true,"href":"https:\/\/shop.bazarcia.com\/en\/wp-json\/wp\/v2\/comments?post=144278"}],"version-history":[{"count":0,"href":"https:\/\/shop.bazarcia.com\/en\/wp-json\/wp\/v2\/product\/144278\/revisions"}],"wp:featuredmedia":[{"embeddable":true,"href":"https:\/\/shop.bazarcia.com\/en\/wp-json\/wp\/v2\/media\/144274"}],"wp:attachment":[{"href":"https:\/\/shop.bazarcia.com\/en\/wp-json\/wp\/v2\/media?parent=144278"}],"wp:term":[{"taxonomy":"product_brand","embeddable":true,"href":"https:\/\/shop.bazarcia.com\/en\/wp-json\/wp\/v2\/product_brand?post=144278"},{"taxonomy":"product_cat","embeddable":true,"href":"https:\/\/shop.bazarcia.com\/en\/wp-json\/wp\/v2\/product_cat?post=144278"},{"taxonomy":"product_tag","embeddable":true,"href":"https:\/\/shop.bazarcia.com\/en\/wp-json\/wp\/v2\/product_tag?post=144278"}],"curies":[{"name":"wp","href":"https:\/\/api.w.org\/{rel}","templated":true}]}}