{"id":144463,"date":"2022-01-15T11:46:23","date_gmt":"2022-01-15T14:46:23","guid":{"rendered":"https:\/\/shop.bazarcia.com\/produto\/projeto-misto-espelhos-para-estojos-e-necessaires-fazendinha\/"},"modified":"2022-01-28T22:22:05","modified_gmt":"2022-01-29T01:22:05","slug":"projeto-misto-espelhos-para-estojos-e-necessaires-fazendinha","status":"publish","type":"product","link":"https:\/\/shop.bazarcia.com\/en\/product\/projeto-misto-espelhos-para-estojos-e-necessaires-fazendinha\/","title":{"rendered":"Projeto Misto Espelhos para Estojos e Necessaires Fazendinha"},"content":{"rendered":"<p style=\"margin-top: 0px;margin-bottom: 1rem;color: #6c737b;font-family: roboto, sans-serif\"><span style=\"font-weight: bolder\">ESTE PRODUTO EST\u00c1 NA PR\u00c9-VENDA E SER\u00c1 LIBERADO EM 21\/01\/2022<\/span><\/p>\n<p style=\"margin-top: 0px;margin-bottom: 1rem;color: #6c737b;font-family: roboto, sans-serif\"><span style=\"font-weight: bolder\"><span style=\"font-weight: bolder\"><span style=\"font-weight: bolder\">Projeto Misto Espelhos para Estojos e Necessaires Fazendinha<\/span><br \/>\n<\/span><\/span><\/p>\n<p style=\"margin-top: 0px;margin-bottom: 1rem;color: #6c737b;font-family: roboto, sans-serif\"><span style=\"font-weight: bolder\"><span style=\"font-weight: bolder\"><span style=\"font-weight: bolder\"><span style=\"font-weight: bolder\"><span style=\"font-weight: bolder\"><span style=\"font-weight: bolder\"><span style=\"font-weight: bolder\"><span style=\"font-weight: bolder\"><span style=\"font-weight: bolder\"><span style=\"font-weight: bolder\"><em><span style=\"font-weight: bolder\">Descri\u00e7\u00e3o das Matrizes:<\/span><\/em><\/span><\/span><\/span><\/span><\/span><\/span><\/span><\/span><br \/>\n<\/span><\/span><\/p>\n<p><span style=\"color: #212529;font-family: roboto, sans-serif\">Matrizes para bastidores:<\/span><br style=\"color: #212529;font-family: roboto, sans-serif\" \/><span style=\"color: #212529;font-family: roboto, sans-serif\">&#8211; 13&#215;18 (o estojo fica com aproximadamente 10 cm de altura x 17 cm de largura usando calcador de 0,5 cm)<\/span><br style=\"color: #212529;font-family: roboto, sans-serif\" \/><span style=\"color: #212529;font-family: roboto, sans-serif\">&#8211; 15&#215;26 ou maiores (o estojo fica com aproximadamente 10 cm de altura x 20 cm de largura usando calcador de 0,5 cm)<\/span><\/p>\n<p style=\"margin-top: 0px;margin-bottom: 1rem;color: #6c737b;font-family: roboto, sans-serif\">Este \u00e9 um produto DIGITAL e os arquivos estar\u00e3o dispon\u00edveis para download aqui mesmo na sua conta ap\u00f3s confirma\u00e7\u00e3o do pagamento. Para produtos em pr\u00e9-venda, os arquivos estar\u00e3o dispon\u00edveis a partir da data de entrega.<\/p>\n<p>O tutorial estar\u00e1 dispon\u00edvel aqui mesmo em nosso site dentro do pr\u00f3prio pedido at\u00e9 a data de libera\u00e7\u00e3o.<\/p>\n<p style=\"margin-top: 0px;margin-bottom: 1rem;color: #6c737b;font-family: roboto, sans-serif\">Os arquivos est\u00e3o em pasta compactada (ZIP), sendo necess\u00e1rio descompact\u00e1-la.<\/p>\n<p style=\"margin-top: 0px;margin-bottom: 1rem;color: #6c737b;font-family: roboto, sans-serif\">Os mesmos s\u00e3o compat\u00edveis com v\u00e1rios tipos e modelos de m\u00e1quinas, com os seguintes formatos:<br \/>\nDST &#8211; EXP &#8211; HUS &#8211; JEF &#8211; PES &#8211; XXX<\/p>\n<p style=\"margin-top: 0px;margin-bottom: 1rem;color: #6c737b;font-family: roboto, sans-serif\">Adquirindo nossas matrizes e projetos voc\u00ea se declara de acordo com nossos\u00a0<span style=\"font-weight: bolder\"><a style=\"color: #95663c;background-color: transparent\" href=\"https:\/\/shop.bazarcia.com\/en\/store\/atelie-mamae-coruja\/toc\/\" target=\"_blank\" rel=\"nofollow noopener\">TERMOS E CONDI\u00c7\u00d5ES<\/a><\/span>\u00a0.<\/p>\n<p><span style=\"color: #212529;font-family: roboto, sans-serif\">Designers: Ateli\u00ea Mam\u00e3e Coruja<\/span><\/p>","protected":false},"excerpt":{"rendered":"<p>Este \u00e9 um PRODUTO DIGITAL destinado a artes\u00e3s e artes\u00e3os \u2665<\/p>\n<p>\u2665 A volta \u00e0s aulas se aproxima e pensando nisso trouxemos um projeto para te ajudar a alavancar as vendas nesse come\u00e7o de ano.<br \/>\nEste \u00e9 um projeto misto de bordado e costura para confec\u00e7\u00e3o de estojos\/bolsinhas escolares ou n\u00e9cessaires.<br \/>\nOs espelhos s\u00e3o feitos na bordadeira e o fole com a montagem na m\u00e1quina de costura.<\/p>\n<p>\u2665 S\u00e3o 10 espelhos de bichinhos (para meninos e meninas):<br \/>\n&#8211; Cachorrinhos, Cavalinhos, Galinho e Galinha, Gatinhos, Ovelhinhas, Patinhos, Porquinhos, Ratinhos, Sapinhos, Vaquinhas.<\/p>\n<p>\u2665 Clique <a href=\"https:\/\/shop.bazarcia.com\/en\/product\/projeto-misto-espelhos-para-estojos-e-necessaires-completo\/\"><span style=\"text-decoration: underline\"><em><strong>AQUI<\/strong><\/em><\/span><\/a> para adquirir a Cole\u00e7\u00e3o Completa com todos os temas (Bosque, Fazendinha, Safari e Variados)<\/p>\n<p>Mais informa\u00e7\u00f5es abaixo e qualquer d\u00favida estamos a disposi\u00e7\u00e3o!<\/p>","protected":false},"featured_media":144424,"comment_status":"open","ping_status":"closed","template":"","meta":{"_acf_changed":false,"_joinchat":[]},"product_brand":[],"product_cat":[1047,1195,84,122,1081,247,245,325,326,204,331,248,335,249],"product_tag":[],"class_list":{"0":"post-144463","1":"product","2":"type-product","3":"status-publish","4":"has-post-thumbnail","6":"product_cat-cursos","7":"product_cat-projetos-de-costura-bordado","8":"product_cat-matrizes-de-bordado","9":"product_cat-matrizes-de-bordado-animais","10":"product_cat-cachorrinhos","11":"product_cat-cavalinhos","12":"product_cat-fazendinha","13":"product_cat-galinhas","14":"product_cat-gatinhos","15":"product_cat-ovelhinhas","16":"product_cat-patinhos","17":"product_cat-porquinhos","18":"product_cat-sapinhos","19":"product_cat-vaquinhas","21":"first","22":"instock","23":"downloadable","24":"virtual","25":"purchasable","26":"product-type-simple"},"acf":[],"yoast_head":"<!-- This site is optimized with the Yoast SEO plugin v27.2 - https:\/\/yoast.com\/product\/yoast-seo-wordpress\/ -->\n<title>Projeto Misto Espelhos para Estojos e Necessaires Fazendinha - \ud835\udc1b\ud835\udc1a\ud835\udc33\ud835\udc1a\ud835\udc2b &amp; \ud835\udc1c\ud835\udc22\ud835\udc1a<\/title>\n<meta name=\"robots\" content=\"index, follow, max-snippet:-1, max-image-preview:large, max-video-preview:-1\" \/>\n<link rel=\"canonical\" href=\"https:\/\/shop.bazarcia.com\/en\/product\/projeto-misto-espelhos-para-estojos-e-necessaires-fazendinha\/\" \/>\n<meta property=\"og:locale\" content=\"en_US\" \/>\n<meta property=\"og:type\" content=\"article\" \/>\n<meta property=\"og:title\" content=\"Projeto Misto Espelhos para Estojos e Necessaires Fazendinha - \ud835\udc1b\ud835\udc1a\ud835\udc33\ud835\udc1a\ud835\udc2b &amp; \ud835\udc1c\ud835\udc22\ud835\udc1a\" \/>\n<meta property=\"og:description\" content=\"Este \u00e9 um PRODUTO DIGITAL destinado a artes\u00e3s e artes\u00e3os \u2665  \u2665 A volta \u00e0s aulas se aproxima e pensando nisso trouxemos um projeto para te ajudar a alavancar as vendas nesse come\u00e7o de ano. Este \u00e9 um projeto misto de bordado e costura para confec\u00e7\u00e3o de estojos\/bolsinhas escolares ou n\u00e9cessaires. Os espelhos s\u00e3o feitos na bordadeira e o fole com a montagem na m\u00e1quina de costura.  \u2665 S\u00e3o 10 espelhos de bichinhos (para meninos e meninas): - Cachorrinhos, Cavalinhos, Galinho e Galinha, Gatinhos, Ovelhinhas, Patinhos, Porquinhos, Ratinhos, Sapinhos, Vaquinhas.  \u2665 Clique AQUI para adquirir a Cole\u00e7\u00e3o Completa com todos os temas (Bosque, Fazendinha, Safari e Variados)  Mais informa\u00e7\u00f5es abaixo e qualquer d\u00favida estamos a disposi\u00e7\u00e3o!\" \/>\n<meta property=\"og:url\" content=\"https:\/\/shop.bazarcia.com\/en\/product\/projeto-misto-espelhos-para-estojos-e-necessaires-fazendinha\/\" \/>\n<meta property=\"og:site_name\" content=\"\ud835\udc1b\ud835\udc1a\ud835\udc33\ud835\udc1a\ud835\udc2b &amp; \ud835\udc1c\ud835\udc22\ud835\udc1a\" \/>\n<meta property=\"article:publisher\" content=\"https:\/\/www.facebook.com\/shopbazarcia\" \/>\n<meta property=\"article:modified_time\" content=\"2022-01-29T01:22:05+00:00\" \/>\n<meta property=\"og:image\" content=\"https:\/\/shop.bazarcia.com\/wp-content\/uploads\/2022\/01\/Fazendinha-Espelhos-para-Estojos-1.png\" \/>\n\t<meta property=\"og:image:width\" content=\"1080\" \/>\n\t<meta property=\"og:image:height\" content=\"1080\" \/>\n\t<meta property=\"og:image:type\" content=\"image\/png\" \/>\n<meta name=\"twitter:card\" content=\"summary_large_image\" \/>\n<meta name=\"twitter:label1\" content=\"Est. reading time\" \/>\n\t<meta name=\"twitter:data1\" content=\"1 minute\" \/>\n<script type=\"application\/ld+json\" class=\"yoast-schema-graph\">{\"@context\":\"https:\/\/schema.org\",\"@graph\":[{\"@type\":\"WebPage\",\"@id\":\"https:\/\/shop.bazarcia.com\/produto\/projeto-misto-espelhos-para-estojos-e-necessaires-fazendinha\/\",\"url\":\"https:\/\/shop.bazarcia.com\/produto\/projeto-misto-espelhos-para-estojos-e-necessaires-fazendinha\/\",\"name\":\"Projeto Misto Espelhos para Estojos e Necessaires Fazendinha - \ud835\udc1b\ud835\udc1a\ud835\udc33\ud835\udc1a\ud835\udc2b &amp; \ud835\udc1c\ud835\udc22\ud835\udc1a\",\"isPartOf\":{\"@id\":\"https:\/\/shop.bazarcia.com\/#website\"},\"primaryImageOfPage\":{\"@id\":\"https:\/\/shop.bazarcia.com\/produto\/projeto-misto-espelhos-para-estojos-e-necessaires-fazendinha\/#primaryimage\"},\"image\":{\"@id\":\"https:\/\/shop.bazarcia.com\/produto\/projeto-misto-espelhos-para-estojos-e-necessaires-fazendinha\/#primaryimage\"},\"thumbnailUrl\":\"https:\/\/shop.bazarcia.com\/wp-content\/uploads\/2022\/01\/Fazendinha-Espelhos-para-Estojos-1.png\",\"datePublished\":\"2022-01-15T14:46:23+00:00\",\"dateModified\":\"2022-01-29T01:22:05+00:00\",\"breadcrumb\":{\"@id\":\"https:\/\/shop.bazarcia.com\/produto\/projeto-misto-espelhos-para-estojos-e-necessaires-fazendinha\/#breadcrumb\"},\"inLanguage\":\"en-US\",\"potentialAction\":[{\"@type\":\"ReadAction\",\"target\":[\"https:\/\/shop.bazarcia.com\/produto\/projeto-misto-espelhos-para-estojos-e-necessaires-fazendinha\/\"]}]},{\"@type\":\"ImageObject\",\"inLanguage\":\"en-US\",\"@id\":\"https:\/\/shop.bazarcia.com\/produto\/projeto-misto-espelhos-para-estojos-e-necessaires-fazendinha\/#primaryimage\",\"url\":\"https:\/\/shop.bazarcia.com\/wp-content\/uploads\/2022\/01\/Fazendinha-Espelhos-para-Estojos-1.png\",\"contentUrl\":\"https:\/\/shop.bazarcia.com\/wp-content\/uploads\/2022\/01\/Fazendinha-Espelhos-para-Estojos-1.png\",\"width\":1080,\"height\":1080},{\"@type\":\"BreadcrumbList\",\"@id\":\"https:\/\/shop.bazarcia.com\/produto\/projeto-misto-espelhos-para-estojos-e-necessaires-fazendinha\/#breadcrumb\",\"itemListElement\":[{\"@type\":\"ListItem\",\"position\":1,\"name\":\"In\u00edcio\",\"item\":\"https:\/\/shop.bazarcia.com\/\"},{\"@type\":\"ListItem\",\"position\":2,\"name\":\"Loja\",\"item\":\"https:\/\/shop.bazarcia.com\/loja\/\"},{\"@type\":\"ListItem\",\"position\":3,\"name\":\"Projeto Misto Espelhos para Estojos e Necessaires Fazendinha\"}]},{\"@type\":\"WebSite\",\"@id\":\"https:\/\/shop.bazarcia.com\/#website\",\"url\":\"https:\/\/shop.bazarcia.com\/\",\"name\":\"Bazar & Cia\",\"description\":\"criatividade ponto a ponto\",\"publisher\":{\"@id\":\"https:\/\/shop.bazarcia.com\/#organization\"},\"potentialAction\":[{\"@type\":\"SearchAction\",\"target\":{\"@type\":\"EntryPoint\",\"urlTemplate\":\"https:\/\/shop.bazarcia.com\/?s={search_term_string}\"},\"query-input\":{\"@type\":\"PropertyValueSpecification\",\"valueRequired\":true,\"valueName\":\"search_term_string\"}}],\"inLanguage\":\"en-US\"},{\"@type\":\"Organization\",\"@id\":\"https:\/\/shop.bazarcia.com\/#organization\",\"name\":\"Bazar & Cia\",\"url\":\"https:\/\/shop.bazarcia.com\/\",\"logo\":{\"@type\":\"ImageObject\",\"inLanguage\":\"en-US\",\"@id\":\"https:\/\/shop.bazarcia.com\/#\/schema\/logo\/image\/\",\"url\":\"https:\/\/shop.bazarcia.com\/wp-content\/uploads\/2024\/02\/cropped-logo_bazarcia.png\",\"contentUrl\":\"https:\/\/shop.bazarcia.com\/wp-content\/uploads\/2024\/02\/cropped-logo_bazarcia.png\",\"width\":150,\"height\":150,\"caption\":\"Bazar & Cia\"},\"image\":{\"@id\":\"https:\/\/shop.bazarcia.com\/#\/schema\/logo\/image\/\"},\"sameAs\":[\"https:\/\/www.facebook.com\/shopbazarcia\",\"https:\/\/www.instagram.com\/shopbazarcia\",\"https:\/\/br.pinterest.com\/suzane_eloise\/\",\"https:\/\/www.youtube.com\/c\/BazardoBordadoMatrizeseProjetos\"]}]}<\/script>\n<!-- \/ Yoast SEO plugin. -->","yoast_head_json":{"title":"Projeto Misto Espelhos para Estojos e Necessaires Fazendinha - \ud835\udc1b\ud835\udc1a\ud835\udc33\ud835\udc1a\ud835\udc2b &amp; \ud835\udc1c\ud835\udc22\ud835\udc1a","robots":{"index":"index","follow":"follow","max-snippet":"max-snippet:-1","max-image-preview":"max-image-preview:large","max-video-preview":"max-video-preview:-1"},"canonical":"https:\/\/shop.bazarcia.com\/en\/product\/projeto-misto-espelhos-para-estojos-e-necessaires-fazendinha\/","og_locale":"en_US","og_type":"article","og_title":"Projeto Misto Espelhos para Estojos e Necessaires Fazendinha - \ud835\udc1b\ud835\udc1a\ud835\udc33\ud835\udc1a\ud835\udc2b &amp; \ud835\udc1c\ud835\udc22\ud835\udc1a","og_description":"Este \u00e9 um PRODUTO DIGITAL destinado a artes\u00e3s e artes\u00e3os \u2665  \u2665 A volta \u00e0s aulas se aproxima e pensando nisso trouxemos um projeto para te ajudar a alavancar as vendas nesse come\u00e7o de ano. Este \u00e9 um projeto misto de bordado e costura para confec\u00e7\u00e3o de estojos\/bolsinhas escolares ou n\u00e9cessaires. Os espelhos s\u00e3o feitos na bordadeira e o fole com a montagem na m\u00e1quina de costura.  \u2665 S\u00e3o 10 espelhos de bichinhos (para meninos e meninas): - Cachorrinhos, Cavalinhos, Galinho e Galinha, Gatinhos, Ovelhinhas, Patinhos, Porquinhos, Ratinhos, Sapinhos, Vaquinhas.  \u2665 Clique AQUI para adquirir a Cole\u00e7\u00e3o Completa com todos os temas (Bosque, Fazendinha, Safari e Variados)  Mais informa\u00e7\u00f5es abaixo e qualquer d\u00favida estamos a disposi\u00e7\u00e3o!","og_url":"https:\/\/shop.bazarcia.com\/en\/product\/projeto-misto-espelhos-para-estojos-e-necessaires-fazendinha\/","og_site_name":"\ud835\udc1b\ud835\udc1a\ud835\udc33\ud835\udc1a\ud835\udc2b &amp; \ud835\udc1c\ud835\udc22\ud835\udc1a","article_publisher":"https:\/\/www.facebook.com\/shopbazarcia","article_modified_time":"2022-01-29T01:22:05+00:00","og_image":[{"width":1080,"height":1080,"url":"https:\/\/shop.bazarcia.com\/wp-content\/uploads\/2022\/01\/Fazendinha-Espelhos-para-Estojos-1.png","type":"image\/png"}],"twitter_card":"summary_large_image","twitter_misc":{"Est. reading time":"1 minute"},"schema":{"@context":"https:\/\/schema.org","@graph":[{"@type":"WebPage","@id":"https:\/\/shop.bazarcia.com\/produto\/projeto-misto-espelhos-para-estojos-e-necessaires-fazendinha\/","url":"https:\/\/shop.bazarcia.com\/produto\/projeto-misto-espelhos-para-estojos-e-necessaires-fazendinha\/","name":"Projeto Misto Espelhos para Estojos e Necessaires Fazendinha - \ud835\udc1b\ud835\udc1a\ud835\udc33\ud835\udc1a\ud835\udc2b &amp; \ud835\udc1c\ud835\udc22\ud835\udc1a","isPartOf":{"@id":"https:\/\/shop.bazarcia.com\/#website"},"primaryImageOfPage":{"@id":"https:\/\/shop.bazarcia.com\/produto\/projeto-misto-espelhos-para-estojos-e-necessaires-fazendinha\/#primaryimage"},"image":{"@id":"https:\/\/shop.bazarcia.com\/produto\/projeto-misto-espelhos-para-estojos-e-necessaires-fazendinha\/#primaryimage"},"thumbnailUrl":"https:\/\/shop.bazarcia.com\/wp-content\/uploads\/2022\/01\/Fazendinha-Espelhos-para-Estojos-1.png","datePublished":"2022-01-15T14:46:23+00:00","dateModified":"2022-01-29T01:22:05+00:00","breadcrumb":{"@id":"https:\/\/shop.bazarcia.com\/produto\/projeto-misto-espelhos-para-estojos-e-necessaires-fazendinha\/#breadcrumb"},"inLanguage":"en-US","potentialAction":[{"@type":"ReadAction","target":["https:\/\/shop.bazarcia.com\/produto\/projeto-misto-espelhos-para-estojos-e-necessaires-fazendinha\/"]}]},{"@type":"ImageObject","inLanguage":"en-US","@id":"https:\/\/shop.bazarcia.com\/produto\/projeto-misto-espelhos-para-estojos-e-necessaires-fazendinha\/#primaryimage","url":"https:\/\/shop.bazarcia.com\/wp-content\/uploads\/2022\/01\/Fazendinha-Espelhos-para-Estojos-1.png","contentUrl":"https:\/\/shop.bazarcia.com\/wp-content\/uploads\/2022\/01\/Fazendinha-Espelhos-para-Estojos-1.png","width":1080,"height":1080},{"@type":"BreadcrumbList","@id":"https:\/\/shop.bazarcia.com\/produto\/projeto-misto-espelhos-para-estojos-e-necessaires-fazendinha\/#breadcrumb","itemListElement":[{"@type":"ListItem","position":1,"name":"In\u00edcio","item":"https:\/\/shop.bazarcia.com\/"},{"@type":"ListItem","position":2,"name":"Loja","item":"https:\/\/shop.bazarcia.com\/loja\/"},{"@type":"ListItem","position":3,"name":"Projeto Misto Espelhos para Estojos e Necessaires Fazendinha"}]},{"@type":"WebSite","@id":"https:\/\/shop.bazarcia.com\/#website","url":"https:\/\/shop.bazarcia.com\/","name":"Bazar & Cia","description":"criatividade ponto a ponto","publisher":{"@id":"https:\/\/shop.bazarcia.com\/#organization"},"potentialAction":[{"@type":"SearchAction","target":{"@type":"EntryPoint","urlTemplate":"https:\/\/shop.bazarcia.com\/?s={search_term_string}"},"query-input":{"@type":"PropertyValueSpecification","valueRequired":true,"valueName":"search_term_string"}}],"inLanguage":"en-US"},{"@type":"Organization","@id":"https:\/\/shop.bazarcia.com\/#organization","name":"Bazar & Cia","url":"https:\/\/shop.bazarcia.com\/","logo":{"@type":"ImageObject","inLanguage":"en-US","@id":"https:\/\/shop.bazarcia.com\/#\/schema\/logo\/image\/","url":"https:\/\/shop.bazarcia.com\/wp-content\/uploads\/2024\/02\/cropped-logo_bazarcia.png","contentUrl":"https:\/\/shop.bazarcia.com\/wp-content\/uploads\/2024\/02\/cropped-logo_bazarcia.png","width":150,"height":150,"caption":"Bazar & Cia"},"image":{"@id":"https:\/\/shop.bazarcia.com\/#\/schema\/logo\/image\/"},"sameAs":["https:\/\/www.facebook.com\/shopbazarcia","https:\/\/www.instagram.com\/shopbazarcia","https:\/\/br.pinterest.com\/suzane_eloise\/","https:\/\/www.youtube.com\/c\/BazardoBordadoMatrizeseProjetos"]}]}},"_links":{"self":[{"href":"https:\/\/shop.bazarcia.com\/en\/wp-json\/wp\/v2\/product\/144463","targetHints":{"allow":["GET"]}}],"collection":[{"href":"https:\/\/shop.bazarcia.com\/en\/wp-json\/wp\/v2\/product"}],"about":[{"href":"https:\/\/shop.bazarcia.com\/en\/wp-json\/wp\/v2\/types\/product"}],"replies":[{"embeddable":true,"href":"https:\/\/shop.bazarcia.com\/en\/wp-json\/wp\/v2\/comments?post=144463"}],"version-history":[{"count":0,"href":"https:\/\/shop.bazarcia.com\/en\/wp-json\/wp\/v2\/product\/144463\/revisions"}],"wp:featuredmedia":[{"embeddable":true,"href":"https:\/\/shop.bazarcia.com\/en\/wp-json\/wp\/v2\/media\/144424"}],"wp:attachment":[{"href":"https:\/\/shop.bazarcia.com\/en\/wp-json\/wp\/v2\/media?parent=144463"}],"wp:term":[{"taxonomy":"product_brand","embeddable":true,"href":"https:\/\/shop.bazarcia.com\/en\/wp-json\/wp\/v2\/product_brand?post=144463"},{"taxonomy":"product_cat","embeddable":true,"href":"https:\/\/shop.bazarcia.com\/en\/wp-json\/wp\/v2\/product_cat?post=144463"},{"taxonomy":"product_tag","embeddable":true,"href":"https:\/\/shop.bazarcia.com\/en\/wp-json\/wp\/v2\/product_tag?post=144463"}],"curies":[{"name":"wp","href":"https:\/\/api.w.org\/{rel}","templated":true}]}}