{"id":145038,"date":"2022-01-19T12:13:18","date_gmt":"2022-01-19T15:13:18","guid":{"rendered":"https:\/\/shop.bazarcia.com\/produto\/projeto-capa-de-cartao-pro-bastidor-13x18-projeto-100-feito-na-bordadeira-pre-venda\/"},"modified":"2026-02-02T11:26:24","modified_gmt":"2026-02-02T14:26:24","slug":"projeto-capa-de-cartao-pro-bastidor-13x18-projeto-100-feito-na-bordadeira-pre-venda","status":"publish","type":"product","link":"https:\/\/shop.bazarcia.com\/en\/product\/projeto-capa-de-cartao-pro-bastidor-13x18-projeto-100-feito-na-bordadeira-pre-venda\/","title":{"rendered":"Projeto Capa de cart\u00e3o &#8211; Bastidor 13&#215;18 (Projeto 100% Feito na Bordadeira)"},"content":{"rendered":"<p>Os arquivos s\u00e3o compat\u00edveis com v\u00e1rios tipos de m\u00e1quina, com os seguintes formatos:<\/p>\n<p>PES-JEF-XXX-DST-EXP,os mesmos s\u00e3o disponibilizados em pasta compactada[ZIP].sendo necess\u00e1rio descompactar.<\/p>\n","protected":false},"excerpt":{"rendered":"<p>&nbsp;<\/p>\n<p>Projeto feito no Bastidor 13&#215;18 100% Feito na Bordadeira:<\/p>\n<p>Acompanha PAP (Passo a passo em V\u00eddeo Capa de cart\u00e3o 13&#215;18).<\/p>\n<p>Ter\u00e1 Matriz pro bastidor 16&#215;26 pra op\u00e7\u00e3o de fazer Com Menos emendas.<\/p>\n<p>obs. N\u00e3o ter\u00e1 passo a passo pro tamanho 16&#215;26.<\/p>\n<p>Tamanho Final da Pe\u00e7a: 26&#215;36<\/p>\n<p>Ap\u00f3s a compra voc\u00ea confere aqui mesmo no Bazar os v\u00eddeos para fazer os trabalhos.<\/p>\n<p>Para acessar a aula, basta estar logado em sua conta no site, acessar a aba &gt; Pedidos &gt; Material Auxiliar.Em caso de d\u00favidas clique aqui!<\/p>\n<p>Moldes em PDF<br \/>\nApostila<br \/>\nOs arquivos ser\u00e3o disponibilizados para DOWNLOAD em sua conta no site.(N\u00c3O SER\u00c3O ENVIADOS NO EMAIL).<br \/>\nMatrizes de Bordados compat\u00edvel no bastidor\u00a0 13&#215;18 ou 14&#215;20<\/p>\n<p>-Incluso TODAS as Matrizes<\/p>\n<p>Ap\u00f3s a confirma\u00e7\u00e3o do pagamento o Bazar do Bordado envia um email com as informa\u00e7\u00f5es sobre o pedido.<\/p>","protected":false},"featured_media":148880,"comment_status":"open","ping_status":"closed","template":"","meta":{"_acf_changed":false,"_joinchat":[]},"product_brand":[],"product_cat":[1329,1422,106,98],"product_tag":[],"class_list":{"0":"post-145038","1":"product","2":"type-product","3":"status-publish","4":"has-post-thumbnail","6":"product_cat-projetos-abas-na-bordadeira","7":"product_cat-capa-de-caderneta-na-bordadeira-ith","8":"product_cat-projeto-chaveiros-e-tags-na-bordadeira","9":"product_cat-projetos-na-bordadeira-in-the-hoop-embroidery","11":"first","12":"instock","13":"sale","14":"downloadable","15":"virtual","16":"purchasable","17":"product-type-simple"},"acf":[],"yoast_head":"<!-- This site is optimized with the Yoast SEO plugin v27.2 - https:\/\/yoast.com\/product\/yoast-seo-wordpress\/ -->\n<title>Projeto Capa de Cart\u00e3o - Bastidor-13x18<\/title>\n<meta name=\"description\" content=\"Projeto Capa de Cart\u00e3o feito no Bastidor 13x18 100% Feito na Bordadeira. Acompanha Pap. Ap\u00f3s a compra voc\u00ea assiste o v\u00eddeo no Bazar!\" \/>\n<meta name=\"robots\" content=\"index, follow, max-snippet:-1, max-image-preview:large, max-video-preview:-1\" \/>\n<link rel=\"canonical\" href=\"https:\/\/shop.bazarcia.com\/en\/product\/projeto-capa-de-cartao-pro-bastidor-13x18-projeto-100-feito-na-bordadeira-pre-venda\/\" \/>\n<meta property=\"og:locale\" content=\"en_US\" \/>\n<meta property=\"og:type\" content=\"article\" \/>\n<meta property=\"og:title\" content=\"Projeto Capa de Cart\u00e3o - Bastidor-13x18\" \/>\n<meta property=\"og:description\" content=\"Projeto Capa de Cart\u00e3o feito no Bastidor 13x18 100% Feito na Bordadeira. Acompanha Pap. Ap\u00f3s a compra voc\u00ea assiste o v\u00eddeo no Bazar!\" \/>\n<meta property=\"og:url\" content=\"https:\/\/shop.bazarcia.com\/en\/product\/projeto-capa-de-cartao-pro-bastidor-13x18-projeto-100-feito-na-bordadeira-pre-venda\/\" \/>\n<meta property=\"og:site_name\" content=\"\ud835\udc1b\ud835\udc1a\ud835\udc33\ud835\udc1a\ud835\udc2b &amp; \ud835\udc1c\ud835\udc22\ud835\udc1a\" \/>\n<meta property=\"article:publisher\" content=\"https:\/\/www.facebook.com\/shopbazarcia\" \/>\n<meta property=\"article:modified_time\" content=\"2026-02-02T14:26:24+00:00\" \/>\n<meta property=\"og:image\" content=\"https:\/\/shop.bazarcia.com\/wp-content\/uploads\/2022\/02\/WhatsApp-Image-2022-02-04-at-08.48.09.jpeg\" \/>\n\t<meta property=\"og:image:width\" content=\"1599\" \/>\n\t<meta property=\"og:image:height\" content=\"1599\" \/>\n\t<meta property=\"og:image:type\" content=\"image\/jpeg\" \/>\n<meta name=\"twitter:card\" content=\"summary_large_image\" \/>\n<meta name=\"twitter:label1\" content=\"Est. reading time\" \/>\n\t<meta name=\"twitter:data1\" content=\"1 minute\" \/>\n<script type=\"application\/ld+json\" class=\"yoast-schema-graph\">{\"@context\":\"https:\/\/schema.org\",\"@graph\":[{\"@type\":\"WebPage\",\"@id\":\"https:\/\/shop.bazarcia.com\/produto\/projeto-capa-de-cartao-pro-bastidor-13x18-projeto-100-feito-na-bordadeira-pre-venda\/\",\"url\":\"https:\/\/shop.bazarcia.com\/produto\/projeto-capa-de-cartao-pro-bastidor-13x18-projeto-100-feito-na-bordadeira-pre-venda\/\",\"name\":\"Projeto Capa de Cart\u00e3o - Bastidor-13x18\",\"isPartOf\":{\"@id\":\"https:\/\/shop.bazarcia.com\/#website\"},\"primaryImageOfPage\":{\"@id\":\"https:\/\/shop.bazarcia.com\/produto\/projeto-capa-de-cartao-pro-bastidor-13x18-projeto-100-feito-na-bordadeira-pre-venda\/#primaryimage\"},\"image\":{\"@id\":\"https:\/\/shop.bazarcia.com\/produto\/projeto-capa-de-cartao-pro-bastidor-13x18-projeto-100-feito-na-bordadeira-pre-venda\/#primaryimage\"},\"thumbnailUrl\":\"https:\/\/shop.bazarcia.com\/wp-content\/uploads\/2022\/02\/WhatsApp-Image-2022-02-04-at-08.48.09.jpeg\",\"datePublished\":\"2022-01-19T15:13:18+00:00\",\"dateModified\":\"2026-02-02T14:26:24+00:00\",\"description\":\"Projeto Capa de Cart\u00e3o feito no Bastidor 13x18 100% Feito na Bordadeira. Acompanha Pap. Ap\u00f3s a compra voc\u00ea assiste o v\u00eddeo no Bazar!\",\"breadcrumb\":{\"@id\":\"https:\/\/shop.bazarcia.com\/produto\/projeto-capa-de-cartao-pro-bastidor-13x18-projeto-100-feito-na-bordadeira-pre-venda\/#breadcrumb\"},\"inLanguage\":\"en-US\",\"potentialAction\":[{\"@type\":\"ReadAction\",\"target\":[\"https:\/\/shop.bazarcia.com\/produto\/projeto-capa-de-cartao-pro-bastidor-13x18-projeto-100-feito-na-bordadeira-pre-venda\/\"]}]},{\"@type\":\"ImageObject\",\"inLanguage\":\"en-US\",\"@id\":\"https:\/\/shop.bazarcia.com\/produto\/projeto-capa-de-cartao-pro-bastidor-13x18-projeto-100-feito-na-bordadeira-pre-venda\/#primaryimage\",\"url\":\"https:\/\/shop.bazarcia.com\/wp-content\/uploads\/2022\/02\/WhatsApp-Image-2022-02-04-at-08.48.09.jpeg\",\"contentUrl\":\"https:\/\/shop.bazarcia.com\/wp-content\/uploads\/2022\/02\/WhatsApp-Image-2022-02-04-at-08.48.09.jpeg\",\"width\":1599,\"height\":1599},{\"@type\":\"BreadcrumbList\",\"@id\":\"https:\/\/shop.bazarcia.com\/produto\/projeto-capa-de-cartao-pro-bastidor-13x18-projeto-100-feito-na-bordadeira-pre-venda\/#breadcrumb\",\"itemListElement\":[{\"@type\":\"ListItem\",\"position\":1,\"name\":\"In\u00edcio\",\"item\":\"https:\/\/shop.bazarcia.com\/\"},{\"@type\":\"ListItem\",\"position\":2,\"name\":\"Loja\",\"item\":\"https:\/\/shop.bazarcia.com\/loja\/\"},{\"@type\":\"ListItem\",\"position\":3,\"name\":\"Projeto Capa de cart\u00e3o &#8211; Bastidor 13&#215;18 (Projeto 100% Feito na Bordadeira)\"}]},{\"@type\":\"WebSite\",\"@id\":\"https:\/\/shop.bazarcia.com\/#website\",\"url\":\"https:\/\/shop.bazarcia.com\/\",\"name\":\"Bazar & Cia\",\"description\":\"criatividade ponto a ponto\",\"publisher\":{\"@id\":\"https:\/\/shop.bazarcia.com\/#organization\"},\"potentialAction\":[{\"@type\":\"SearchAction\",\"target\":{\"@type\":\"EntryPoint\",\"urlTemplate\":\"https:\/\/shop.bazarcia.com\/?s={search_term_string}\"},\"query-input\":{\"@type\":\"PropertyValueSpecification\",\"valueRequired\":true,\"valueName\":\"search_term_string\"}}],\"inLanguage\":\"en-US\"},{\"@type\":\"Organization\",\"@id\":\"https:\/\/shop.bazarcia.com\/#organization\",\"name\":\"Bazar & Cia\",\"url\":\"https:\/\/shop.bazarcia.com\/\",\"logo\":{\"@type\":\"ImageObject\",\"inLanguage\":\"en-US\",\"@id\":\"https:\/\/shop.bazarcia.com\/#\/schema\/logo\/image\/\",\"url\":\"https:\/\/shop.bazarcia.com\/wp-content\/uploads\/2024\/02\/cropped-logo_bazarcia.png\",\"contentUrl\":\"https:\/\/shop.bazarcia.com\/wp-content\/uploads\/2024\/02\/cropped-logo_bazarcia.png\",\"width\":150,\"height\":150,\"caption\":\"Bazar & Cia\"},\"image\":{\"@id\":\"https:\/\/shop.bazarcia.com\/#\/schema\/logo\/image\/\"},\"sameAs\":[\"https:\/\/www.facebook.com\/shopbazarcia\",\"https:\/\/www.instagram.com\/shopbazarcia\",\"https:\/\/br.pinterest.com\/suzane_eloise\/\",\"https:\/\/www.youtube.com\/c\/BazardoBordadoMatrizeseProjetos\"]}]}<\/script>\n<!-- \/ Yoast SEO plugin. -->","yoast_head_json":{"title":"Projeto Capa de Cart\u00e3o - Bastidor-13x18","description":"Projeto Capa de Cart\u00e3o feito no Bastidor 13x18 100% Feito na Bordadeira. Acompanha Pap. Ap\u00f3s a compra voc\u00ea assiste o v\u00eddeo no Bazar!","robots":{"index":"index","follow":"follow","max-snippet":"max-snippet:-1","max-image-preview":"max-image-preview:large","max-video-preview":"max-video-preview:-1"},"canonical":"https:\/\/shop.bazarcia.com\/en\/product\/projeto-capa-de-cartao-pro-bastidor-13x18-projeto-100-feito-na-bordadeira-pre-venda\/","og_locale":"en_US","og_type":"article","og_title":"Projeto Capa de Cart\u00e3o - Bastidor-13x18","og_description":"Projeto Capa de Cart\u00e3o feito no Bastidor 13x18 100% Feito na Bordadeira. Acompanha Pap. Ap\u00f3s a compra voc\u00ea assiste o v\u00eddeo no Bazar!","og_url":"https:\/\/shop.bazarcia.com\/en\/product\/projeto-capa-de-cartao-pro-bastidor-13x18-projeto-100-feito-na-bordadeira-pre-venda\/","og_site_name":"\ud835\udc1b\ud835\udc1a\ud835\udc33\ud835\udc1a\ud835\udc2b &amp; \ud835\udc1c\ud835\udc22\ud835\udc1a","article_publisher":"https:\/\/www.facebook.com\/shopbazarcia","article_modified_time":"2026-02-02T14:26:24+00:00","og_image":[{"width":1599,"height":1599,"url":"https:\/\/shop.bazarcia.com\/wp-content\/uploads\/2022\/02\/WhatsApp-Image-2022-02-04-at-08.48.09.jpeg","type":"image\/jpeg"}],"twitter_card":"summary_large_image","twitter_misc":{"Est. reading time":"1 minute"},"schema":{"@context":"https:\/\/schema.org","@graph":[{"@type":"WebPage","@id":"https:\/\/shop.bazarcia.com\/produto\/projeto-capa-de-cartao-pro-bastidor-13x18-projeto-100-feito-na-bordadeira-pre-venda\/","url":"https:\/\/shop.bazarcia.com\/produto\/projeto-capa-de-cartao-pro-bastidor-13x18-projeto-100-feito-na-bordadeira-pre-venda\/","name":"Projeto Capa de Cart\u00e3o - Bastidor-13x18","isPartOf":{"@id":"https:\/\/shop.bazarcia.com\/#website"},"primaryImageOfPage":{"@id":"https:\/\/shop.bazarcia.com\/produto\/projeto-capa-de-cartao-pro-bastidor-13x18-projeto-100-feito-na-bordadeira-pre-venda\/#primaryimage"},"image":{"@id":"https:\/\/shop.bazarcia.com\/produto\/projeto-capa-de-cartao-pro-bastidor-13x18-projeto-100-feito-na-bordadeira-pre-venda\/#primaryimage"},"thumbnailUrl":"https:\/\/shop.bazarcia.com\/wp-content\/uploads\/2022\/02\/WhatsApp-Image-2022-02-04-at-08.48.09.jpeg","datePublished":"2022-01-19T15:13:18+00:00","dateModified":"2026-02-02T14:26:24+00:00","description":"Projeto Capa de Cart\u00e3o feito no Bastidor 13x18 100% Feito na Bordadeira. Acompanha Pap. Ap\u00f3s a compra voc\u00ea assiste o v\u00eddeo no Bazar!","breadcrumb":{"@id":"https:\/\/shop.bazarcia.com\/produto\/projeto-capa-de-cartao-pro-bastidor-13x18-projeto-100-feito-na-bordadeira-pre-venda\/#breadcrumb"},"inLanguage":"en-US","potentialAction":[{"@type":"ReadAction","target":["https:\/\/shop.bazarcia.com\/produto\/projeto-capa-de-cartao-pro-bastidor-13x18-projeto-100-feito-na-bordadeira-pre-venda\/"]}]},{"@type":"ImageObject","inLanguage":"en-US","@id":"https:\/\/shop.bazarcia.com\/produto\/projeto-capa-de-cartao-pro-bastidor-13x18-projeto-100-feito-na-bordadeira-pre-venda\/#primaryimage","url":"https:\/\/shop.bazarcia.com\/wp-content\/uploads\/2022\/02\/WhatsApp-Image-2022-02-04-at-08.48.09.jpeg","contentUrl":"https:\/\/shop.bazarcia.com\/wp-content\/uploads\/2022\/02\/WhatsApp-Image-2022-02-04-at-08.48.09.jpeg","width":1599,"height":1599},{"@type":"BreadcrumbList","@id":"https:\/\/shop.bazarcia.com\/produto\/projeto-capa-de-cartao-pro-bastidor-13x18-projeto-100-feito-na-bordadeira-pre-venda\/#breadcrumb","itemListElement":[{"@type":"ListItem","position":1,"name":"In\u00edcio","item":"https:\/\/shop.bazarcia.com\/"},{"@type":"ListItem","position":2,"name":"Loja","item":"https:\/\/shop.bazarcia.com\/loja\/"},{"@type":"ListItem","position":3,"name":"Projeto Capa de cart\u00e3o &#8211; Bastidor 13&#215;18 (Projeto 100% Feito na Bordadeira)"}]},{"@type":"WebSite","@id":"https:\/\/shop.bazarcia.com\/#website","url":"https:\/\/shop.bazarcia.com\/","name":"Bazar & Cia","description":"criatividade ponto a ponto","publisher":{"@id":"https:\/\/shop.bazarcia.com\/#organization"},"potentialAction":[{"@type":"SearchAction","target":{"@type":"EntryPoint","urlTemplate":"https:\/\/shop.bazarcia.com\/?s={search_term_string}"},"query-input":{"@type":"PropertyValueSpecification","valueRequired":true,"valueName":"search_term_string"}}],"inLanguage":"en-US"},{"@type":"Organization","@id":"https:\/\/shop.bazarcia.com\/#organization","name":"Bazar & Cia","url":"https:\/\/shop.bazarcia.com\/","logo":{"@type":"ImageObject","inLanguage":"en-US","@id":"https:\/\/shop.bazarcia.com\/#\/schema\/logo\/image\/","url":"https:\/\/shop.bazarcia.com\/wp-content\/uploads\/2024\/02\/cropped-logo_bazarcia.png","contentUrl":"https:\/\/shop.bazarcia.com\/wp-content\/uploads\/2024\/02\/cropped-logo_bazarcia.png","width":150,"height":150,"caption":"Bazar & Cia"},"image":{"@id":"https:\/\/shop.bazarcia.com\/#\/schema\/logo\/image\/"},"sameAs":["https:\/\/www.facebook.com\/shopbazarcia","https:\/\/www.instagram.com\/shopbazarcia","https:\/\/br.pinterest.com\/suzane_eloise\/","https:\/\/www.youtube.com\/c\/BazardoBordadoMatrizeseProjetos"]}]}},"_links":{"self":[{"href":"https:\/\/shop.bazarcia.com\/en\/wp-json\/wp\/v2\/product\/145038","targetHints":{"allow":["GET"]}}],"collection":[{"href":"https:\/\/shop.bazarcia.com\/en\/wp-json\/wp\/v2\/product"}],"about":[{"href":"https:\/\/shop.bazarcia.com\/en\/wp-json\/wp\/v2\/types\/product"}],"replies":[{"embeddable":true,"href":"https:\/\/shop.bazarcia.com\/en\/wp-json\/wp\/v2\/comments?post=145038"}],"version-history":[{"count":1,"href":"https:\/\/shop.bazarcia.com\/en\/wp-json\/wp\/v2\/product\/145038\/revisions"}],"predecessor-version":[{"id":230060,"href":"https:\/\/shop.bazarcia.com\/en\/wp-json\/wp\/v2\/product\/145038\/revisions\/230060"}],"wp:featuredmedia":[{"embeddable":true,"href":"https:\/\/shop.bazarcia.com\/en\/wp-json\/wp\/v2\/media\/148880"}],"wp:attachment":[{"href":"https:\/\/shop.bazarcia.com\/en\/wp-json\/wp\/v2\/media?parent=145038"}],"wp:term":[{"taxonomy":"product_brand","embeddable":true,"href":"https:\/\/shop.bazarcia.com\/en\/wp-json\/wp\/v2\/product_brand?post=145038"},{"taxonomy":"product_cat","embeddable":true,"href":"https:\/\/shop.bazarcia.com\/en\/wp-json\/wp\/v2\/product_cat?post=145038"},{"taxonomy":"product_tag","embeddable":true,"href":"https:\/\/shop.bazarcia.com\/en\/wp-json\/wp\/v2\/product_tag?post=145038"}],"curies":[{"name":"wp","href":"https:\/\/api.w.org\/{rel}","templated":true}]}}