{"id":150286,"date":"2022-02-09T23:37:21","date_gmt":"2022-02-10T02:37:21","guid":{"rendered":"https:\/\/shop.bazarcia.com\/produto\/matriz-de-bordado-pacote-religioso-16-matrizes\/"},"modified":"2025-05-18T01:47:40","modified_gmt":"2025-05-18T04:47:40","slug":"matriz-de-bordado-pacote-religioso-16-matrizes","status":"publish","type":"product","link":"https:\/\/shop.bazarcia.com\/en\/product\/matriz-de-bordado-pacote-religioso-16-matrizes\/","title":{"rendered":"Matriz de Bordado &#8211; Pacote Religioso &#8211; 16 Matrizes"},"content":{"rendered":"<p>Este \u00e9 um produto digital que \u00e9 disponibilizado para DOWNLOAD logo ap\u00f3s a confirma\u00e7\u00e3o do pagamento.<br \/>\nOs arquivos est\u00e3o em pasta compactada(ZIP), sendo necess\u00e1rio descompactar.<br \/>\nOs mesmos s\u00e3o compat\u00edveis com v\u00e1rios tipos e modelos de m\u00e1quinas, com os seguintes formatos :<br \/>\nPES \u2013 JEF \u2013\u00a0 EXP \u2013 DST<\/p>\n<p>Pacote com 16 matrizes.<\/p>\n<p>Tamanhos das Matrizes (AxL) em cm:<br \/>\n(Seguindo a ordem da Imagem)<\/p>\n<p><span style=\"font-weight: 700 !important\">Matriz 01 &#8211; Esp\u00edrito Santo 01<\/span><\/p>\n<p>&#8211; 05 x 03 (1.402 pontos)<br \/>\n&#8211; 06 x 03.4 (1.653 pontos)<br \/>\n&#8211; 08 x 4.5 (2.166 pontos)<br \/>\n4 Trocas de Linhas.<\/p>\n<p><span style=\"font-weight: 700 !important\">Matriz 02 &#8211; Esp\u00edrito Santo 02<\/span><\/p>\n<p>&#8211; 06 x 07 (3.125pontos)<br \/>\n&#8211; 08 x 10 (4.051 pontos)<br \/>\n&#8211; 10 x 12 (4.938 pontos)<br \/>\n&#8211; 12 x 15 (5.803 pontos)<br \/>\n1 Trocas de Linhas.<\/p>\n<p><span style=\"font-weight: 700 !important\">Matriz 03 &#8211; Esp\u00edrito Snto 03<\/span><\/p>\n<p>&#8211; 05 x 07 (2.599 pontos)<br \/>\n&#8211; 06 x 09 (2.949 pontos)<br \/>\n&#8211; 08 x 11 (3.918 pontos)<br \/>\n&#8211; 10 x 15 (4.967 pontos)<br \/>\n3 Trocas de Linhas.<\/p>\n<p><span style=\"font-weight: 700 !important\">Matriz 04 &#8211; Esp\u00edrito Santo 04<\/span><\/p>\n<p>&#8211; 06 x 05 (3.135 pontos)<br \/>\n&#8211; 08 x 07 (4.534 pontos)<br \/>\n&#8211; 10 x 09 (6.280 pontos)<br \/>\n&#8211; 12 x 10 (8.551 pontos)<br \/>\n5 Trocas de Linhas.<\/p>\n<p><span style=\"font-weight: 700 !important\">Matriz 05 &#8211; Esp\u00edrito Santo 5<\/span><\/p>\n<p>&#8211; 06 x 06 (5.951 pontos)<br \/>\n&#8211; 08 x 08 (7.621 pontos)<br \/>\n&#8211; 10 x 10 (9.527 pontos)<br \/>\n&#8211; 12 x 12 (11.169 pontos)<br \/>\n1 Trocas de Linhas.<\/p>\n<p><span style=\"font-weight: 700 !important\">Matriz 06 &#8211; Esp\u00edrito Santo 6<\/span><\/p>\n<p>&#8211; 06 x 06 (6.599 pontos)<br \/>\n&#8211; 08 x 08 (8.735 pontos)<br \/>\n&#8211; 10 x 10 (11.175 pontos)<br \/>\n&#8211; 12 x 12 (13.713 pontos)<br \/>\n1 Trocas de Linhas.<\/p>\n<p><span style=\"font-weight: 700 !important\">Matriz 07 &#8211; Arco Flor com Cruz<\/span><\/p>\n<p>&#8211; 08 x 08 (12.395 pontos)<br \/>\n&#8211; 10 x 10 (15.507 pontos)<br \/>\n&#8211; 12 x 12 (18.731 pontos)<br \/>\n9 Trocas de Linhas.<\/p>\n<p><span style=\"font-weight: 700 !important\">Matriz 08 &#8211; Arco com Cruz<\/span><\/p>\n<p>&#8211; 06 x 07 (4.187 pontos)<br \/>\n&#8211; 08 x 09 (5.605\u00a0 pontos)<br \/>\n&#8211; 10 x 11 (7.023 pontos)<br \/>\n&#8211; 12 x 14 (8.564 pontos)<br \/>\n2 Trocas de Linhas.<\/p>\n<p><span style=\"font-weight: 700 !important\">Matriz 09 &#8211; Anjo 01<\/span><\/p>\n<p>&#8211; 06 x 06 (5.022 pontos)<br \/>\n&#8211; 08 x 08 (7.206 pontos)<br \/>\n&#8211; 10 x 10 (9.796 pontos)<br \/>\n&#8211; 12 x 12 (12.768 pontos)<br \/>\n10 Trocas de Linhas.<\/p>\n<p><span style=\"font-weight: 700 !important\">Matriz 10 &#8211; Anjo 02<\/span><\/p>\n<p>&#8211; 06 x 05 (5.083 pontos)<br \/>\n&#8211; 08 x 06.5 (7.166 pontos)<br \/>\n&#8211; 10 x 08 (9.601 pontos)<br \/>\n&#8211; 12 x 10 (12.001 pontos)<br \/>\n9 Trocas de Linhas.<\/p>\n<p><span style=\"font-weight: 700 !important\">Matriz 11 &#8211; Anjo 03<\/span><\/p>\n<p>&#8211; 06 x 07 (7482 pontos)<br \/>\n&#8211; 08 x 10 (10907 pontos)<br \/>\n&#8211; 10 x 12 (14837 pontos)<br \/>\n&#8211; 12 x 15 (19514 pontos)<br \/>\n7 Trocas de Linhas.<\/p>\n<p><span style=\"font-weight: 700 !important\">Matriz 12 &#8211; Anjo 04<\/span><\/p>\n<p>&#8211; 06 x 04.5 (7.725 pontos)<br \/>\n&#8211; 08 x 06 (10.404 pontos)<br \/>\n&#8211; 10 x 07.5 (13.528 pontos)<br \/>\n&#8211; 12 x 09 (16.640 pontos)<br \/>\n13 Trocas de Linhas.<\/p>\n<p><span style=\"font-weight: 700 !important\">Matriz 13 &#8211; Santa 01<\/span><\/p>\n<p>&#8211; 08 x 05.5 (10.692 pontos)<br \/>\n&#8211; 10 x 07 (14.195 pontos)<br \/>\n&#8211; 12 x 08 (17.847 pontos)<br \/>\n11 Trocas de Linhas.<\/p>\n<p><span style=\"font-weight: 700 !important\">Matriz 14 &#8211; Santa 02<\/span><\/p>\n<p>&#8211; 08 x 05.5 (9.937 pontos)<br \/>\n&#8211; 10 x 07 (12.711 pontos)<br \/>\n&#8211; 12 x 08 (15.624 pontos)<br \/>\n12 Trocas de Linhas.<\/p>\n<p><span style=\"font-weight: 700 !important\">Matriz 15 &#8211; Santa 03<\/span><\/p>\n<p>&#8211; 08 x 04 (7.584 pontos)<br \/>\n&#8211; 10 x 05.5 (10.027 pontos)<br \/>\n&#8211; 12 x 06.5 (12.660 pontos)<br \/>\n9 Trocas de Linhas.<\/p>\n<p><span style=\"font-weight: 700 !important\">Matriz 16 &#8211; Santa 04<\/span><\/p>\n<p>&#8211; 09 x 09.5 (13.541 pontos)<br \/>\n&#8211; 10 x 10 (15.321 pontos)<br \/>\n&#8211; 12 x 12.5 (19.193 pontos)<br \/>\n18 Trocas de Linhas.<\/p>\n<p>Aten\u00e7\u00e3o! Confira os tamanhos antes de efetuar a compra.<\/p>","protected":false},"excerpt":{"rendered":"<p>Matriz de Bordado &#8211; Pacote Religioso &#8211; 16 Matrizes<\/p>","protected":false},"featured_media":150259,"comment_status":"closed","ping_status":"closed","template":"","meta":{"_acf_changed":false,"_joinchat":[]},"product_brand":[],"product_cat":[84,1066,296,306,311,1772],"product_tag":[],"class_list":{"0":"post-150286","1":"product","2":"type-product","3":"status-publish","4":"has-post-thumbnail","6":"product_cat-matrizes-de-bordado","7":"product_cat-colecoes-matrizes-de-bordado","8":"product_cat-florais","9":"product_cat-pacotinhos-de-matrizes","10":"product_cat-religiosos","11":"product_cat-santinhos","13":"first","14":"instock","15":"downloadable","16":"virtual","17":"sold-individually","18":"purchasable","19":"product-type-simple"},"acf":[],"yoast_head":"<!-- This site is optimized with the Yoast SEO plugin v27.2 - https:\/\/yoast.com\/product\/yoast-seo-wordpress\/ -->\n<title>Matriz de Bordado - Pacote Religioso - 16 Matrizes<\/title>\n<meta name=\"description\" content=\"para todos os tipos de m\u00e1quinas\" \/>\n<meta name=\"robots\" content=\"index, follow, max-snippet:-1, max-image-preview:large, max-video-preview:-1\" \/>\n<link rel=\"canonical\" href=\"https:\/\/shop.bazarcia.com\/en\/product\/matriz-de-bordado-pacote-religioso-16-matrizes\/\" \/>\n<meta property=\"og:locale\" content=\"en_US\" \/>\n<meta property=\"og:type\" content=\"article\" \/>\n<meta property=\"og:title\" content=\"Matriz de Bordado - Pacote Religioso - 16 Matrizes\" \/>\n<meta property=\"og:description\" content=\"para todos os tipos de m\u00e1quinas\" \/>\n<meta property=\"og:url\" content=\"https:\/\/shop.bazarcia.com\/en\/product\/matriz-de-bordado-pacote-religioso-16-matrizes\/\" \/>\n<meta property=\"og:site_name\" content=\"\ud835\udc1b\ud835\udc1a\ud835\udc33\ud835\udc1a\ud835\udc2b &amp; \ud835\udc1c\ud835\udc22\ud835\udc1a\" \/>\n<meta property=\"article:publisher\" content=\"https:\/\/www.facebook.com\/shopbazarcia\" \/>\n<meta property=\"article:modified_time\" content=\"2025-05-18T04:47:40+00:00\" \/>\n<meta property=\"og:image\" content=\"https:\/\/shop.bazarcia.com\/wp-content\/uploads\/2022\/02\/Colecao-Religioso.png\" \/>\n\t<meta property=\"og:image:width\" content=\"1080\" \/>\n\t<meta property=\"og:image:height\" content=\"1080\" \/>\n\t<meta property=\"og:image:type\" content=\"image\/png\" \/>\n<meta name=\"twitter:card\" content=\"summary_large_image\" \/>\n<meta name=\"twitter:label1\" content=\"Est. reading time\" \/>\n\t<meta name=\"twitter:data1\" content=\"2 minutes\" \/>\n<script type=\"application\/ld+json\" class=\"yoast-schema-graph\">{\"@context\":\"https:\/\/schema.org\",\"@graph\":[{\"@type\":\"WebPage\",\"@id\":\"https:\/\/shop.bazarcia.com\/produto\/matriz-de-bordado-pacote-religioso-16-matrizes\/\",\"url\":\"https:\/\/shop.bazarcia.com\/produto\/matriz-de-bordado-pacote-religioso-16-matrizes\/\",\"name\":\"Matriz de Bordado - Pacote Religioso - 16 Matrizes\",\"isPartOf\":{\"@id\":\"https:\/\/shop.bazarcia.com\/#website\"},\"primaryImageOfPage\":{\"@id\":\"https:\/\/shop.bazarcia.com\/produto\/matriz-de-bordado-pacote-religioso-16-matrizes\/#primaryimage\"},\"image\":{\"@id\":\"https:\/\/shop.bazarcia.com\/produto\/matriz-de-bordado-pacote-religioso-16-matrizes\/#primaryimage\"},\"thumbnailUrl\":\"https:\/\/shop.bazarcia.com\/wp-content\/uploads\/2022\/02\/Colecao-Religioso.png\",\"datePublished\":\"2022-02-10T02:37:21+00:00\",\"dateModified\":\"2025-05-18T04:47:40+00:00\",\"description\":\"para todos os tipos de m\u00e1quinas\",\"breadcrumb\":{\"@id\":\"https:\/\/shop.bazarcia.com\/produto\/matriz-de-bordado-pacote-religioso-16-matrizes\/#breadcrumb\"},\"inLanguage\":\"en-US\",\"potentialAction\":[{\"@type\":\"ReadAction\",\"target\":[\"https:\/\/shop.bazarcia.com\/produto\/matriz-de-bordado-pacote-religioso-16-matrizes\/\"]}]},{\"@type\":\"ImageObject\",\"inLanguage\":\"en-US\",\"@id\":\"https:\/\/shop.bazarcia.com\/produto\/matriz-de-bordado-pacote-religioso-16-matrizes\/#primaryimage\",\"url\":\"https:\/\/shop.bazarcia.com\/wp-content\/uploads\/2022\/02\/Colecao-Religioso.png\",\"contentUrl\":\"https:\/\/shop.bazarcia.com\/wp-content\/uploads\/2022\/02\/Colecao-Religioso.png\",\"width\":1080,\"height\":1080},{\"@type\":\"BreadcrumbList\",\"@id\":\"https:\/\/shop.bazarcia.com\/produto\/matriz-de-bordado-pacote-religioso-16-matrizes\/#breadcrumb\",\"itemListElement\":[{\"@type\":\"ListItem\",\"position\":1,\"name\":\"In\u00edcio\",\"item\":\"https:\/\/shop.bazarcia.com\/\"},{\"@type\":\"ListItem\",\"position\":2,\"name\":\"Loja\",\"item\":\"https:\/\/shop.bazarcia.com\/loja\/\"},{\"@type\":\"ListItem\",\"position\":3,\"name\":\"Matriz de Bordado &#8211; Pacote Religioso &#8211; 16 Matrizes\"}]},{\"@type\":\"WebSite\",\"@id\":\"https:\/\/shop.bazarcia.com\/#website\",\"url\":\"https:\/\/shop.bazarcia.com\/\",\"name\":\"Bazar & Cia\",\"description\":\"criatividade ponto a ponto\",\"publisher\":{\"@id\":\"https:\/\/shop.bazarcia.com\/#organization\"},\"potentialAction\":[{\"@type\":\"SearchAction\",\"target\":{\"@type\":\"EntryPoint\",\"urlTemplate\":\"https:\/\/shop.bazarcia.com\/?s={search_term_string}\"},\"query-input\":{\"@type\":\"PropertyValueSpecification\",\"valueRequired\":true,\"valueName\":\"search_term_string\"}}],\"inLanguage\":\"en-US\"},{\"@type\":\"Organization\",\"@id\":\"https:\/\/shop.bazarcia.com\/#organization\",\"name\":\"Bazar & Cia\",\"url\":\"https:\/\/shop.bazarcia.com\/\",\"logo\":{\"@type\":\"ImageObject\",\"inLanguage\":\"en-US\",\"@id\":\"https:\/\/shop.bazarcia.com\/#\/schema\/logo\/image\/\",\"url\":\"https:\/\/shop.bazarcia.com\/wp-content\/uploads\/2024\/02\/cropped-logo_bazarcia.png\",\"contentUrl\":\"https:\/\/shop.bazarcia.com\/wp-content\/uploads\/2024\/02\/cropped-logo_bazarcia.png\",\"width\":150,\"height\":150,\"caption\":\"Bazar & Cia\"},\"image\":{\"@id\":\"https:\/\/shop.bazarcia.com\/#\/schema\/logo\/image\/\"},\"sameAs\":[\"https:\/\/www.facebook.com\/shopbazarcia\",\"https:\/\/www.instagram.com\/shopbazarcia\",\"https:\/\/br.pinterest.com\/suzane_eloise\/\",\"https:\/\/www.youtube.com\/c\/BazardoBordadoMatrizeseProjetos\"]}]}<\/script>\n<!-- \/ Yoast SEO plugin. -->","yoast_head_json":{"title":"Matriz de Bordado - Pacote Religioso - 16 Matrizes","description":"para todos os tipos de m\u00e1quinas","robots":{"index":"index","follow":"follow","max-snippet":"max-snippet:-1","max-image-preview":"max-image-preview:large","max-video-preview":"max-video-preview:-1"},"canonical":"https:\/\/shop.bazarcia.com\/en\/product\/matriz-de-bordado-pacote-religioso-16-matrizes\/","og_locale":"en_US","og_type":"article","og_title":"Matriz de Bordado - Pacote Religioso - 16 Matrizes","og_description":"para todos os tipos de m\u00e1quinas","og_url":"https:\/\/shop.bazarcia.com\/en\/product\/matriz-de-bordado-pacote-religioso-16-matrizes\/","og_site_name":"\ud835\udc1b\ud835\udc1a\ud835\udc33\ud835\udc1a\ud835\udc2b &amp; \ud835\udc1c\ud835\udc22\ud835\udc1a","article_publisher":"https:\/\/www.facebook.com\/shopbazarcia","article_modified_time":"2025-05-18T04:47:40+00:00","og_image":[{"width":1080,"height":1080,"url":"https:\/\/shop.bazarcia.com\/wp-content\/uploads\/2022\/02\/Colecao-Religioso.png","type":"image\/png"}],"twitter_card":"summary_large_image","twitter_misc":{"Est. reading time":"2 minutes"},"schema":{"@context":"https:\/\/schema.org","@graph":[{"@type":"WebPage","@id":"https:\/\/shop.bazarcia.com\/produto\/matriz-de-bordado-pacote-religioso-16-matrizes\/","url":"https:\/\/shop.bazarcia.com\/produto\/matriz-de-bordado-pacote-religioso-16-matrizes\/","name":"Matriz de Bordado - Pacote Religioso - 16 Matrizes","isPartOf":{"@id":"https:\/\/shop.bazarcia.com\/#website"},"primaryImageOfPage":{"@id":"https:\/\/shop.bazarcia.com\/produto\/matriz-de-bordado-pacote-religioso-16-matrizes\/#primaryimage"},"image":{"@id":"https:\/\/shop.bazarcia.com\/produto\/matriz-de-bordado-pacote-religioso-16-matrizes\/#primaryimage"},"thumbnailUrl":"https:\/\/shop.bazarcia.com\/wp-content\/uploads\/2022\/02\/Colecao-Religioso.png","datePublished":"2022-02-10T02:37:21+00:00","dateModified":"2025-05-18T04:47:40+00:00","description":"para todos os tipos de m\u00e1quinas","breadcrumb":{"@id":"https:\/\/shop.bazarcia.com\/produto\/matriz-de-bordado-pacote-religioso-16-matrizes\/#breadcrumb"},"inLanguage":"en-US","potentialAction":[{"@type":"ReadAction","target":["https:\/\/shop.bazarcia.com\/produto\/matriz-de-bordado-pacote-religioso-16-matrizes\/"]}]},{"@type":"ImageObject","inLanguage":"en-US","@id":"https:\/\/shop.bazarcia.com\/produto\/matriz-de-bordado-pacote-religioso-16-matrizes\/#primaryimage","url":"https:\/\/shop.bazarcia.com\/wp-content\/uploads\/2022\/02\/Colecao-Religioso.png","contentUrl":"https:\/\/shop.bazarcia.com\/wp-content\/uploads\/2022\/02\/Colecao-Religioso.png","width":1080,"height":1080},{"@type":"BreadcrumbList","@id":"https:\/\/shop.bazarcia.com\/produto\/matriz-de-bordado-pacote-religioso-16-matrizes\/#breadcrumb","itemListElement":[{"@type":"ListItem","position":1,"name":"In\u00edcio","item":"https:\/\/shop.bazarcia.com\/"},{"@type":"ListItem","position":2,"name":"Loja","item":"https:\/\/shop.bazarcia.com\/loja\/"},{"@type":"ListItem","position":3,"name":"Matriz de Bordado &#8211; Pacote Religioso &#8211; 16 Matrizes"}]},{"@type":"WebSite","@id":"https:\/\/shop.bazarcia.com\/#website","url":"https:\/\/shop.bazarcia.com\/","name":"Bazar & Cia","description":"criatividade ponto a ponto","publisher":{"@id":"https:\/\/shop.bazarcia.com\/#organization"},"potentialAction":[{"@type":"SearchAction","target":{"@type":"EntryPoint","urlTemplate":"https:\/\/shop.bazarcia.com\/?s={search_term_string}"},"query-input":{"@type":"PropertyValueSpecification","valueRequired":true,"valueName":"search_term_string"}}],"inLanguage":"en-US"},{"@type":"Organization","@id":"https:\/\/shop.bazarcia.com\/#organization","name":"Bazar & Cia","url":"https:\/\/shop.bazarcia.com\/","logo":{"@type":"ImageObject","inLanguage":"en-US","@id":"https:\/\/shop.bazarcia.com\/#\/schema\/logo\/image\/","url":"https:\/\/shop.bazarcia.com\/wp-content\/uploads\/2024\/02\/cropped-logo_bazarcia.png","contentUrl":"https:\/\/shop.bazarcia.com\/wp-content\/uploads\/2024\/02\/cropped-logo_bazarcia.png","width":150,"height":150,"caption":"Bazar & Cia"},"image":{"@id":"https:\/\/shop.bazarcia.com\/#\/schema\/logo\/image\/"},"sameAs":["https:\/\/www.facebook.com\/shopbazarcia","https:\/\/www.instagram.com\/shopbazarcia","https:\/\/br.pinterest.com\/suzane_eloise\/","https:\/\/www.youtube.com\/c\/BazardoBordadoMatrizeseProjetos"]}]}},"_links":{"self":[{"href":"https:\/\/shop.bazarcia.com\/en\/wp-json\/wp\/v2\/product\/150286","targetHints":{"allow":["GET"]}}],"collection":[{"href":"https:\/\/shop.bazarcia.com\/en\/wp-json\/wp\/v2\/product"}],"about":[{"href":"https:\/\/shop.bazarcia.com\/en\/wp-json\/wp\/v2\/types\/product"}],"replies":[{"embeddable":true,"href":"https:\/\/shop.bazarcia.com\/en\/wp-json\/wp\/v2\/comments?post=150286"}],"version-history":[{"count":1,"href":"https:\/\/shop.bazarcia.com\/en\/wp-json\/wp\/v2\/product\/150286\/revisions"}],"predecessor-version":[{"id":325850,"href":"https:\/\/shop.bazarcia.com\/en\/wp-json\/wp\/v2\/product\/150286\/revisions\/325850"}],"wp:featuredmedia":[{"embeddable":true,"href":"https:\/\/shop.bazarcia.com\/en\/wp-json\/wp\/v2\/media\/150259"}],"wp:attachment":[{"href":"https:\/\/shop.bazarcia.com\/en\/wp-json\/wp\/v2\/media?parent=150286"}],"wp:term":[{"taxonomy":"product_brand","embeddable":true,"href":"https:\/\/shop.bazarcia.com\/en\/wp-json\/wp\/v2\/product_brand?post=150286"},{"taxonomy":"product_cat","embeddable":true,"href":"https:\/\/shop.bazarcia.com\/en\/wp-json\/wp\/v2\/product_cat?post=150286"},{"taxonomy":"product_tag","embeddable":true,"href":"https:\/\/shop.bazarcia.com\/en\/wp-json\/wp\/v2\/product_tag?post=150286"}],"curies":[{"name":"wp","href":"https:\/\/api.w.org\/{rel}","templated":true}]}}