{"id":150455,"date":"2022-02-10T17:47:38","date_gmt":"2022-02-10T20:47:38","guid":{"rendered":"https:\/\/shop.bazarcia.com\/produto\/projeto-chaveiro-wc-chaveiro-04-2\/"},"modified":"2022-02-11T09:12:01","modified_gmt":"2022-02-11T12:12:01","slug":"projeto-chaveiro-wc-chaveiro-04-2","status":"publish","type":"product","link":"https:\/\/shop.bazarcia.com\/en\/product\/projeto-chaveiro-wc-chaveiro-04-2\/","title":{"rendered":"PROJETO CHAVEIRO &#8211; WC CHAVEIRO 04"},"content":{"rendered":"<p style=\"margin: 0px;padding: 0px;border: 0px;vertical-align: baseline;background: transparent;font: inherit\">Este produto \u00e9 uma pasta compactada (ZIP) com uma matriz para m\u00e1quinas de bordar computadorizadas.<\/p>\n<p style=\"margin: 0px;padding: 0px;border: 0px;vertical-align: baseline;background: transparent;font: inherit\">A matriz \u00e9 compat\u00edvel com v\u00e1rios tipos e modelos de m\u00e1quinas, disponibilizadas nos seguintes formatos :<\/p>\n<p style=\"margin: 0px;padding: 0px;border: 0px;vertical-align: baseline;background: transparent;font: inherit\">PES \u2013 JEF \u2013 DST<\/p>\n<p style=\"margin: 0px;padding: 0px;border: 0px;vertical-align: baseline;background: transparent;font: inherit\">Vers\u00e3o Masculina e Feminina em 1 tamanho, para bastidor 10&#215;10.<\/p>\n<p style=\"margin: 0px;padding: 0px;border: 0px;vertical-align: baseline;background: transparent;font: inherit\">Este produto ser\u00e1 disponibilizado para DOWNLOAD logo ap\u00f3s a comprova\u00e7\u00e3o de pagamento.<\/p>","protected":false},"excerpt":{"rendered":"<p><strong>Projeto chaveiro com pontos FRINGE.<\/strong><br \/>\n<strong>Tamanho 10&#215;10.<\/strong><\/p>","protected":false},"featured_media":150449,"comment_status":"open","ping_status":"closed","template":"","meta":{"_acf_changed":false,"_joinchat":[]},"product_brand":[],"product_cat":[84,1081,316,106],"product_tag":[1431,1432,1435],"class_list":{"0":"post-150455","1":"product","2":"type-product","3":"status-publish","4":"has-post-thumbnail","6":"product_cat-matrizes-de-bordado","7":"product_cat-cachorrinhos","8":"product_cat-tecnica-fringe","9":"product_cat-projeto-chaveiros-e-tags-na-bordadeira","10":"product_tag-bordado-computadorizado","11":"product_tag-matrizes-de-bordado","12":"product_tag-projeto-na-bordadeira-ith","14":"first","15":"instock","16":"downloadable","17":"virtual","18":"purchasable","19":"product-type-simple"},"acf":[],"yoast_head":"<!-- This site is optimized with the Yoast SEO plugin v27.2 - https:\/\/yoast.com\/product\/yoast-seo-wordpress\/ -->\n<title>PROJETO CHAVEIRO - WC CHAVEIRO 04 - \ud835\udc1b\ud835\udc1a\ud835\udc33\ud835\udc1a\ud835\udc2b &amp; \ud835\udc1c\ud835\udc22\ud835\udc1a<\/title>\n<meta name=\"robots\" content=\"index, follow, max-snippet:-1, max-image-preview:large, max-video-preview:-1\" \/>\n<link rel=\"canonical\" href=\"https:\/\/shop.bazarcia.com\/en\/product\/projeto-chaveiro-wc-chaveiro-04-2\/\" \/>\n<meta property=\"og:locale\" content=\"en_US\" \/>\n<meta property=\"og:type\" content=\"article\" \/>\n<meta property=\"og:title\" content=\"PROJETO CHAVEIRO - WC CHAVEIRO 04 - \ud835\udc1b\ud835\udc1a\ud835\udc33\ud835\udc1a\ud835\udc2b &amp; \ud835\udc1c\ud835\udc22\ud835\udc1a\" \/>\n<meta property=\"og:description\" content=\"Projeto chaveiro com pontos FRINGE. Tamanho 10x10.\" \/>\n<meta property=\"og:url\" content=\"https:\/\/shop.bazarcia.com\/en\/product\/projeto-chaveiro-wc-chaveiro-04-2\/\" \/>\n<meta property=\"og:site_name\" content=\"\ud835\udc1b\ud835\udc1a\ud835\udc33\ud835\udc1a\ud835\udc2b &amp; \ud835\udc1c\ud835\udc22\ud835\udc1a\" \/>\n<meta property=\"article:publisher\" content=\"https:\/\/www.facebook.com\/shopbazarcia\" \/>\n<meta property=\"article:modified_time\" content=\"2022-02-11T12:12:01+00:00\" \/>\n<meta property=\"og:image\" content=\"https:\/\/shop.bazarcia.com\/wp-content\/uploads\/2022\/02\/WC_086-MOLDURA-BAZAR-01.png\" \/>\n\t<meta property=\"og:image:width\" content=\"1084\" \/>\n\t<meta property=\"og:image:height\" content=\"1084\" \/>\n\t<meta property=\"og:image:type\" content=\"image\/png\" \/>\n<meta name=\"twitter:card\" content=\"summary_large_image\" \/>\n<script type=\"application\/ld+json\" class=\"yoast-schema-graph\">{\"@context\":\"https:\/\/schema.org\",\"@graph\":[{\"@type\":\"WebPage\",\"@id\":\"https:\/\/shop.bazarcia.com\/produto\/projeto-chaveiro-wc-chaveiro-04-2\/\",\"url\":\"https:\/\/shop.bazarcia.com\/produto\/projeto-chaveiro-wc-chaveiro-04-2\/\",\"name\":\"PROJETO CHAVEIRO - WC CHAVEIRO 04 - \ud835\udc1b\ud835\udc1a\ud835\udc33\ud835\udc1a\ud835\udc2b &amp; \ud835\udc1c\ud835\udc22\ud835\udc1a\",\"isPartOf\":{\"@id\":\"https:\/\/shop.bazarcia.com\/#website\"},\"primaryImageOfPage\":{\"@id\":\"https:\/\/shop.bazarcia.com\/produto\/projeto-chaveiro-wc-chaveiro-04-2\/#primaryimage\"},\"image\":{\"@id\":\"https:\/\/shop.bazarcia.com\/produto\/projeto-chaveiro-wc-chaveiro-04-2\/#primaryimage\"},\"thumbnailUrl\":\"https:\/\/shop.bazarcia.com\/wp-content\/uploads\/2022\/02\/WC_086-MOLDURA-BAZAR-01.png\",\"datePublished\":\"2022-02-10T20:47:38+00:00\",\"dateModified\":\"2022-02-11T12:12:01+00:00\",\"breadcrumb\":{\"@id\":\"https:\/\/shop.bazarcia.com\/produto\/projeto-chaveiro-wc-chaveiro-04-2\/#breadcrumb\"},\"inLanguage\":\"en-US\",\"potentialAction\":[{\"@type\":\"ReadAction\",\"target\":[\"https:\/\/shop.bazarcia.com\/produto\/projeto-chaveiro-wc-chaveiro-04-2\/\"]}]},{\"@type\":\"ImageObject\",\"inLanguage\":\"en-US\",\"@id\":\"https:\/\/shop.bazarcia.com\/produto\/projeto-chaveiro-wc-chaveiro-04-2\/#primaryimage\",\"url\":\"https:\/\/shop.bazarcia.com\/wp-content\/uploads\/2022\/02\/WC_086-MOLDURA-BAZAR-01.png\",\"contentUrl\":\"https:\/\/shop.bazarcia.com\/wp-content\/uploads\/2022\/02\/WC_086-MOLDURA-BAZAR-01.png\",\"width\":1084,\"height\":1084},{\"@type\":\"BreadcrumbList\",\"@id\":\"https:\/\/shop.bazarcia.com\/produto\/projeto-chaveiro-wc-chaveiro-04-2\/#breadcrumb\",\"itemListElement\":[{\"@type\":\"ListItem\",\"position\":1,\"name\":\"In\u00edcio\",\"item\":\"https:\/\/shop.bazarcia.com\/\"},{\"@type\":\"ListItem\",\"position\":2,\"name\":\"Loja\",\"item\":\"https:\/\/shop.bazarcia.com\/loja\/\"},{\"@type\":\"ListItem\",\"position\":3,\"name\":\"PROJETO CHAVEIRO &#8211; WC CHAVEIRO 04\"}]},{\"@type\":\"WebSite\",\"@id\":\"https:\/\/shop.bazarcia.com\/#website\",\"url\":\"https:\/\/shop.bazarcia.com\/\",\"name\":\"Bazar & Cia\",\"description\":\"criatividade ponto a ponto\",\"publisher\":{\"@id\":\"https:\/\/shop.bazarcia.com\/#organization\"},\"potentialAction\":[{\"@type\":\"SearchAction\",\"target\":{\"@type\":\"EntryPoint\",\"urlTemplate\":\"https:\/\/shop.bazarcia.com\/?s={search_term_string}\"},\"query-input\":{\"@type\":\"PropertyValueSpecification\",\"valueRequired\":true,\"valueName\":\"search_term_string\"}}],\"inLanguage\":\"en-US\"},{\"@type\":\"Organization\",\"@id\":\"https:\/\/shop.bazarcia.com\/#organization\",\"name\":\"Bazar & Cia\",\"url\":\"https:\/\/shop.bazarcia.com\/\",\"logo\":{\"@type\":\"ImageObject\",\"inLanguage\":\"en-US\",\"@id\":\"https:\/\/shop.bazarcia.com\/#\/schema\/logo\/image\/\",\"url\":\"https:\/\/shop.bazarcia.com\/wp-content\/uploads\/2024\/02\/cropped-logo_bazarcia.png\",\"contentUrl\":\"https:\/\/shop.bazarcia.com\/wp-content\/uploads\/2024\/02\/cropped-logo_bazarcia.png\",\"width\":150,\"height\":150,\"caption\":\"Bazar & Cia\"},\"image\":{\"@id\":\"https:\/\/shop.bazarcia.com\/#\/schema\/logo\/image\/\"},\"sameAs\":[\"https:\/\/www.facebook.com\/shopbazarcia\",\"https:\/\/www.instagram.com\/shopbazarcia\",\"https:\/\/br.pinterest.com\/suzane_eloise\/\",\"https:\/\/www.youtube.com\/c\/BazardoBordadoMatrizeseProjetos\"]}]}<\/script>\n<!-- \/ Yoast SEO plugin. -->","yoast_head_json":{"title":"PROJETO CHAVEIRO - WC CHAVEIRO 04 - \ud835\udc1b\ud835\udc1a\ud835\udc33\ud835\udc1a\ud835\udc2b &amp; \ud835\udc1c\ud835\udc22\ud835\udc1a","robots":{"index":"index","follow":"follow","max-snippet":"max-snippet:-1","max-image-preview":"max-image-preview:large","max-video-preview":"max-video-preview:-1"},"canonical":"https:\/\/shop.bazarcia.com\/en\/product\/projeto-chaveiro-wc-chaveiro-04-2\/","og_locale":"en_US","og_type":"article","og_title":"PROJETO CHAVEIRO - WC CHAVEIRO 04 - \ud835\udc1b\ud835\udc1a\ud835\udc33\ud835\udc1a\ud835\udc2b &amp; \ud835\udc1c\ud835\udc22\ud835\udc1a","og_description":"Projeto chaveiro com pontos FRINGE. Tamanho 10x10.","og_url":"https:\/\/shop.bazarcia.com\/en\/product\/projeto-chaveiro-wc-chaveiro-04-2\/","og_site_name":"\ud835\udc1b\ud835\udc1a\ud835\udc33\ud835\udc1a\ud835\udc2b &amp; \ud835\udc1c\ud835\udc22\ud835\udc1a","article_publisher":"https:\/\/www.facebook.com\/shopbazarcia","article_modified_time":"2022-02-11T12:12:01+00:00","og_image":[{"width":1084,"height":1084,"url":"https:\/\/shop.bazarcia.com\/wp-content\/uploads\/2022\/02\/WC_086-MOLDURA-BAZAR-01.png","type":"image\/png"}],"twitter_card":"summary_large_image","schema":{"@context":"https:\/\/schema.org","@graph":[{"@type":"WebPage","@id":"https:\/\/shop.bazarcia.com\/produto\/projeto-chaveiro-wc-chaveiro-04-2\/","url":"https:\/\/shop.bazarcia.com\/produto\/projeto-chaveiro-wc-chaveiro-04-2\/","name":"PROJETO CHAVEIRO - WC CHAVEIRO 04 - \ud835\udc1b\ud835\udc1a\ud835\udc33\ud835\udc1a\ud835\udc2b &amp; \ud835\udc1c\ud835\udc22\ud835\udc1a","isPartOf":{"@id":"https:\/\/shop.bazarcia.com\/#website"},"primaryImageOfPage":{"@id":"https:\/\/shop.bazarcia.com\/produto\/projeto-chaveiro-wc-chaveiro-04-2\/#primaryimage"},"image":{"@id":"https:\/\/shop.bazarcia.com\/produto\/projeto-chaveiro-wc-chaveiro-04-2\/#primaryimage"},"thumbnailUrl":"https:\/\/shop.bazarcia.com\/wp-content\/uploads\/2022\/02\/WC_086-MOLDURA-BAZAR-01.png","datePublished":"2022-02-10T20:47:38+00:00","dateModified":"2022-02-11T12:12:01+00:00","breadcrumb":{"@id":"https:\/\/shop.bazarcia.com\/produto\/projeto-chaveiro-wc-chaveiro-04-2\/#breadcrumb"},"inLanguage":"en-US","potentialAction":[{"@type":"ReadAction","target":["https:\/\/shop.bazarcia.com\/produto\/projeto-chaveiro-wc-chaveiro-04-2\/"]}]},{"@type":"ImageObject","inLanguage":"en-US","@id":"https:\/\/shop.bazarcia.com\/produto\/projeto-chaveiro-wc-chaveiro-04-2\/#primaryimage","url":"https:\/\/shop.bazarcia.com\/wp-content\/uploads\/2022\/02\/WC_086-MOLDURA-BAZAR-01.png","contentUrl":"https:\/\/shop.bazarcia.com\/wp-content\/uploads\/2022\/02\/WC_086-MOLDURA-BAZAR-01.png","width":1084,"height":1084},{"@type":"BreadcrumbList","@id":"https:\/\/shop.bazarcia.com\/produto\/projeto-chaveiro-wc-chaveiro-04-2\/#breadcrumb","itemListElement":[{"@type":"ListItem","position":1,"name":"In\u00edcio","item":"https:\/\/shop.bazarcia.com\/"},{"@type":"ListItem","position":2,"name":"Loja","item":"https:\/\/shop.bazarcia.com\/loja\/"},{"@type":"ListItem","position":3,"name":"PROJETO CHAVEIRO &#8211; WC CHAVEIRO 04"}]},{"@type":"WebSite","@id":"https:\/\/shop.bazarcia.com\/#website","url":"https:\/\/shop.bazarcia.com\/","name":"Bazar & Cia","description":"criatividade ponto a ponto","publisher":{"@id":"https:\/\/shop.bazarcia.com\/#organization"},"potentialAction":[{"@type":"SearchAction","target":{"@type":"EntryPoint","urlTemplate":"https:\/\/shop.bazarcia.com\/?s={search_term_string}"},"query-input":{"@type":"PropertyValueSpecification","valueRequired":true,"valueName":"search_term_string"}}],"inLanguage":"en-US"},{"@type":"Organization","@id":"https:\/\/shop.bazarcia.com\/#organization","name":"Bazar & Cia","url":"https:\/\/shop.bazarcia.com\/","logo":{"@type":"ImageObject","inLanguage":"en-US","@id":"https:\/\/shop.bazarcia.com\/#\/schema\/logo\/image\/","url":"https:\/\/shop.bazarcia.com\/wp-content\/uploads\/2024\/02\/cropped-logo_bazarcia.png","contentUrl":"https:\/\/shop.bazarcia.com\/wp-content\/uploads\/2024\/02\/cropped-logo_bazarcia.png","width":150,"height":150,"caption":"Bazar & Cia"},"image":{"@id":"https:\/\/shop.bazarcia.com\/#\/schema\/logo\/image\/"},"sameAs":["https:\/\/www.facebook.com\/shopbazarcia","https:\/\/www.instagram.com\/shopbazarcia","https:\/\/br.pinterest.com\/suzane_eloise\/","https:\/\/www.youtube.com\/c\/BazardoBordadoMatrizeseProjetos"]}]}},"_links":{"self":[{"href":"https:\/\/shop.bazarcia.com\/en\/wp-json\/wp\/v2\/product\/150455","targetHints":{"allow":["GET"]}}],"collection":[{"href":"https:\/\/shop.bazarcia.com\/en\/wp-json\/wp\/v2\/product"}],"about":[{"href":"https:\/\/shop.bazarcia.com\/en\/wp-json\/wp\/v2\/types\/product"}],"replies":[{"embeddable":true,"href":"https:\/\/shop.bazarcia.com\/en\/wp-json\/wp\/v2\/comments?post=150455"}],"version-history":[{"count":0,"href":"https:\/\/shop.bazarcia.com\/en\/wp-json\/wp\/v2\/product\/150455\/revisions"}],"wp:featuredmedia":[{"embeddable":true,"href":"https:\/\/shop.bazarcia.com\/en\/wp-json\/wp\/v2\/media\/150449"}],"wp:attachment":[{"href":"https:\/\/shop.bazarcia.com\/en\/wp-json\/wp\/v2\/media?parent=150455"}],"wp:term":[{"taxonomy":"product_brand","embeddable":true,"href":"https:\/\/shop.bazarcia.com\/en\/wp-json\/wp\/v2\/product_brand?post=150455"},{"taxonomy":"product_cat","embeddable":true,"href":"https:\/\/shop.bazarcia.com\/en\/wp-json\/wp\/v2\/product_cat?post=150455"},{"taxonomy":"product_tag","embeddable":true,"href":"https:\/\/shop.bazarcia.com\/en\/wp-json\/wp\/v2\/product_tag?post=150455"}],"curies":[{"name":"wp","href":"https:\/\/api.w.org\/{rel}","templated":true}]}}