{"id":150867,"date":"2022-02-13T13:21:39","date_gmt":"2022-02-13T16:21:39","guid":{"rendered":"https:\/\/shop.bazarcia.com\/produto\/matriz-de-bordado-moldura-aplique3\/"},"modified":"2024-10-25T19:10:19","modified_gmt":"2024-10-25T22:10:19","slug":"matriz-de-bordado-moldura-aplique3","status":"publish","type":"product","link":"https:\/\/shop.bazarcia.com\/en\/product\/matriz-de-bordado-moldura-aplique3\/","title":{"rendered":"Matriz de Bordado-Moldura (APLIQUE)3"},"content":{"rendered":"<p><strong>Matriz de Bordado para fazer\u00a0 identifica\u00e7\u00f5es,\u00a0 em aplique para adicionar o nome desejado ou imagem, em pe\u00e7as delicadas, leves para bordar.<\/strong><br \/>\n<strong>Ideal para bordar e agregar na capa de vacina\u00e7\u00e3o, bolsinha de m\u00e1scara limpa e suja, mochilas escolar, estojo escolar, bolsas maternidade e\u00a0 artigos infantis, etc.<\/strong><br \/>\n<strong>Matriz de Moldura em\u00a0 aplique, com 31 modelos diferentes e leves de bordar, para nome ou imagem para ser bordada.<\/strong><br \/>\n<strong>Descri\u00e7\u00e3o das marca\u00e7\u00f5es da Matriz de Moldura de Aplique<\/strong><br \/>\n<strong>1 marca\u00e7\u00e3o da entretela e orif\u00edcio para furar para colocar o tecido<\/strong><br \/>\n<strong>2 prender o tecido (E CORTA O EXCESSO DO TECIDO DE APLIQUE).<\/strong><br \/>\n<strong>3 adicionar a arte que\u00a0 deseja bordar, nome, desenho etc.<\/strong><br \/>\n<strong>4\u00a0 finaliza o ponto cheio na Moldura de Aplique.<\/strong><\/p>\n<p><strong>Libera\u00e7\u00e3o das Matrizes ocorre automaticamente ap\u00f3s a confirma\u00e7\u00e3o do pagamento, basta acessar a \u00e1rea de CLIENTE, aqui no SITE e ir na aba de DOWNLOADS.<\/strong><\/p>\n<p><strong>No tamanho de 60 a 12 altura e\u00a0 7 a 14 cm de comprimento compat\u00edveis com v\u00e1rios tipos e modelos de maquinas.<\/strong><br \/>\n<strong>Dispon\u00edveis nos bastidores 10x 10 e 13 x 18. (caso necess\u00e1rio outro bastidor entrar em contato no chat).<\/strong><br \/>\n<strong>Com os seguintes formatos:<\/strong><br \/>\n<strong>PES, JEF, EXP, XXX, DST, HUS.<\/strong><br \/>\n<strong>Os mesmo s\u00e3o disponibilizados em pastas compactadas(zipadas), sendo necess\u00e1rio descompactar ap\u00f3s a compra.<\/strong><br \/>\n<strong>Fico a Disposi\u00e7\u00e3o p\u00f3s venda.<\/strong><br \/>\n<strong>Obrigada.<\/strong><\/p>","protected":false},"excerpt":{"rendered":"<p><strong>Matriz de Bordado Moldura para fazer de identifica\u00e7\u00f5es,\u00a0 em aplique para adicionar o nome desejado ou imagem, em pe\u00e7as delicadas, leves para bordar. Ideal para bordar e agregar na capa de vacina\u00e7\u00e3o, estojo escolar, bolsas maternidade e\u00a0 artigos.<\/strong><br \/>\n<strong>infantis, etc.<\/strong><\/p>\n<p><strong> No tamanho de 6 a 12 altura e\u00a0 7 a 14 cm de comprimento compat\u00edveis com v\u00e1rios tipos e modelos de maquinas.<\/strong><br \/>\n<strong>Bastidores 10 x 10 e 13 x 18cm.<\/strong><\/p>","protected":false},"featured_media":152339,"comment_status":"open","ping_status":"closed","template":"","meta":{"_acf_changed":false,"_joinchat":[]},"product_brand":[],"product_cat":[84],"product_tag":[1170,1431,1430],"class_list":{"0":"post-150867","1":"product","2":"type-product","3":"status-publish","4":"has-post-thumbnail","6":"product_cat-matrizes-de-bordado","7":"product_tag-bordado","8":"product_tag-bordado-computadorizado","9":"product_tag-matriz-de-bordado","11":"first","12":"instock","13":"downloadable","14":"virtual","15":"purchasable","16":"product-type-simple"},"acf":[],"yoast_head":"<!-- This site is optimized with the Yoast SEO plugin v27.2 - https:\/\/yoast.com\/product\/yoast-seo-wordpress\/ -->\n<title>Matriz de Bordado-Moldura (APLIQUE)3 - \ud835\udc1b\ud835\udc1a\ud835\udc33\ud835\udc1a\ud835\udc2b &amp; \ud835\udc1c\ud835\udc22\ud835\udc1a<\/title>\n<meta name=\"robots\" content=\"index, follow, max-snippet:-1, max-image-preview:large, max-video-preview:-1\" \/>\n<link rel=\"canonical\" href=\"https:\/\/shop.bazarcia.com\/en\/product\/matriz-de-bordado-moldura-aplique3\/\" \/>\n<meta property=\"og:locale\" content=\"en_US\" \/>\n<meta property=\"og:type\" content=\"article\" \/>\n<meta property=\"og:title\" content=\"Matriz de Bordado-Moldura (APLIQUE)3 - \ud835\udc1b\ud835\udc1a\ud835\udc33\ud835\udc1a\ud835\udc2b &amp; \ud835\udc1c\ud835\udc22\ud835\udc1a\" \/>\n<meta property=\"og:description\" content=\"Matriz de Bordado Moldura para fazer de identifica\u00e7\u00f5es,\u00a0 em aplique para adicionar o nome desejado ou imagem, em pe\u00e7as delicadas, leves para bordar. Ideal para bordar e agregar na capa de vacina\u00e7\u00e3o, estojo escolar, bolsas maternidade e\u00a0 artigos. infantis, etc.   No tamanho de 6 a 12 altura e\u00a0 7 a 14 cm de comprimento compat\u00edveis com v\u00e1rios tipos e modelos de maquinas. Bastidores 10 x 10 e 13 x 18cm.\" \/>\n<meta property=\"og:url\" content=\"https:\/\/shop.bazarcia.com\/en\/product\/matriz-de-bordado-moldura-aplique3\/\" \/>\n<meta property=\"og:site_name\" content=\"\ud835\udc1b\ud835\udc1a\ud835\udc33\ud835\udc1a\ud835\udc2b &amp; \ud835\udc1c\ud835\udc22\ud835\udc1a\" \/>\n<meta property=\"article:publisher\" content=\"https:\/\/www.facebook.com\/shopbazarcia\" \/>\n<meta property=\"article:modified_time\" content=\"2024-10-25T22:10:19+00:00\" \/>\n<meta property=\"og:image\" content=\"https:\/\/shop.bazarcia.com\/wp-content\/uploads\/2022\/02\/3-Matriz-de-Bordado-10x10-Moldura-2.jpg\" \/>\n\t<meta property=\"og:image:width\" content=\"352\" \/>\n\t<meta property=\"og:image:height\" content=\"342\" \/>\n\t<meta property=\"og:image:type\" content=\"image\/jpeg\" \/>\n<meta name=\"twitter:card\" content=\"summary_large_image\" \/>\n<meta name=\"twitter:label1\" content=\"Est. reading time\" \/>\n\t<meta name=\"twitter:data1\" content=\"1 minute\" \/>\n<script type=\"application\/ld+json\" class=\"yoast-schema-graph\">{\"@context\":\"https:\/\/schema.org\",\"@graph\":[{\"@type\":\"WebPage\",\"@id\":\"https:\/\/shop.bazarcia.com\/produto\/matriz-de-bordado-moldura-aplique3\/\",\"url\":\"https:\/\/shop.bazarcia.com\/produto\/matriz-de-bordado-moldura-aplique3\/\",\"name\":\"Matriz de Bordado-Moldura (APLIQUE)3 - \ud835\udc1b\ud835\udc1a\ud835\udc33\ud835\udc1a\ud835\udc2b &amp; \ud835\udc1c\ud835\udc22\ud835\udc1a\",\"isPartOf\":{\"@id\":\"https:\/\/shop.bazarcia.com\/#website\"},\"primaryImageOfPage\":{\"@id\":\"https:\/\/shop.bazarcia.com\/produto\/matriz-de-bordado-moldura-aplique3\/#primaryimage\"},\"image\":{\"@id\":\"https:\/\/shop.bazarcia.com\/produto\/matriz-de-bordado-moldura-aplique3\/#primaryimage\"},\"thumbnailUrl\":\"https:\/\/shop.bazarcia.com\/wp-content\/uploads\/2022\/02\/3-Matriz-de-Bordado-10x10-Moldura-2.jpg\",\"datePublished\":\"2022-02-13T16:21:39+00:00\",\"dateModified\":\"2024-10-25T22:10:19+00:00\",\"breadcrumb\":{\"@id\":\"https:\/\/shop.bazarcia.com\/produto\/matriz-de-bordado-moldura-aplique3\/#breadcrumb\"},\"inLanguage\":\"en-US\",\"potentialAction\":[{\"@type\":\"ReadAction\",\"target\":[\"https:\/\/shop.bazarcia.com\/produto\/matriz-de-bordado-moldura-aplique3\/\"]}]},{\"@type\":\"ImageObject\",\"inLanguage\":\"en-US\",\"@id\":\"https:\/\/shop.bazarcia.com\/produto\/matriz-de-bordado-moldura-aplique3\/#primaryimage\",\"url\":\"https:\/\/shop.bazarcia.com\/wp-content\/uploads\/2022\/02\/3-Matriz-de-Bordado-10x10-Moldura-2.jpg\",\"contentUrl\":\"https:\/\/shop.bazarcia.com\/wp-content\/uploads\/2022\/02\/3-Matriz-de-Bordado-10x10-Moldura-2.jpg\",\"width\":352,\"height\":342},{\"@type\":\"BreadcrumbList\",\"@id\":\"https:\/\/shop.bazarcia.com\/produto\/matriz-de-bordado-moldura-aplique3\/#breadcrumb\",\"itemListElement\":[{\"@type\":\"ListItem\",\"position\":1,\"name\":\"In\u00edcio\",\"item\":\"https:\/\/shop.bazarcia.com\/\"},{\"@type\":\"ListItem\",\"position\":2,\"name\":\"Loja\",\"item\":\"https:\/\/shop.bazarcia.com\/loja\/\"},{\"@type\":\"ListItem\",\"position\":3,\"name\":\"Matriz de Bordado-Moldura (APLIQUE)3\"}]},{\"@type\":\"WebSite\",\"@id\":\"https:\/\/shop.bazarcia.com\/#website\",\"url\":\"https:\/\/shop.bazarcia.com\/\",\"name\":\"Bazar & Cia\",\"description\":\"criatividade ponto a ponto\",\"publisher\":{\"@id\":\"https:\/\/shop.bazarcia.com\/#organization\"},\"potentialAction\":[{\"@type\":\"SearchAction\",\"target\":{\"@type\":\"EntryPoint\",\"urlTemplate\":\"https:\/\/shop.bazarcia.com\/?s={search_term_string}\"},\"query-input\":{\"@type\":\"PropertyValueSpecification\",\"valueRequired\":true,\"valueName\":\"search_term_string\"}}],\"inLanguage\":\"en-US\"},{\"@type\":\"Organization\",\"@id\":\"https:\/\/shop.bazarcia.com\/#organization\",\"name\":\"Bazar & Cia\",\"url\":\"https:\/\/shop.bazarcia.com\/\",\"logo\":{\"@type\":\"ImageObject\",\"inLanguage\":\"en-US\",\"@id\":\"https:\/\/shop.bazarcia.com\/#\/schema\/logo\/image\/\",\"url\":\"https:\/\/shop.bazarcia.com\/wp-content\/uploads\/2024\/02\/cropped-logo_bazarcia.png\",\"contentUrl\":\"https:\/\/shop.bazarcia.com\/wp-content\/uploads\/2024\/02\/cropped-logo_bazarcia.png\",\"width\":150,\"height\":150,\"caption\":\"Bazar & Cia\"},\"image\":{\"@id\":\"https:\/\/shop.bazarcia.com\/#\/schema\/logo\/image\/\"},\"sameAs\":[\"https:\/\/www.facebook.com\/shopbazarcia\",\"https:\/\/www.instagram.com\/shopbazarcia\",\"https:\/\/br.pinterest.com\/suzane_eloise\/\",\"https:\/\/www.youtube.com\/c\/BazardoBordadoMatrizeseProjetos\"]}]}<\/script>\n<!-- \/ Yoast SEO plugin. -->","yoast_head_json":{"title":"Matriz de Bordado-Moldura (APLIQUE)3 - \ud835\udc1b\ud835\udc1a\ud835\udc33\ud835\udc1a\ud835\udc2b &amp; \ud835\udc1c\ud835\udc22\ud835\udc1a","robots":{"index":"index","follow":"follow","max-snippet":"max-snippet:-1","max-image-preview":"max-image-preview:large","max-video-preview":"max-video-preview:-1"},"canonical":"https:\/\/shop.bazarcia.com\/en\/product\/matriz-de-bordado-moldura-aplique3\/","og_locale":"en_US","og_type":"article","og_title":"Matriz de Bordado-Moldura (APLIQUE)3 - \ud835\udc1b\ud835\udc1a\ud835\udc33\ud835\udc1a\ud835\udc2b &amp; \ud835\udc1c\ud835\udc22\ud835\udc1a","og_description":"Matriz de Bordado Moldura para fazer de identifica\u00e7\u00f5es,\u00a0 em aplique para adicionar o nome desejado ou imagem, em pe\u00e7as delicadas, leves para bordar. Ideal para bordar e agregar na capa de vacina\u00e7\u00e3o, estojo escolar, bolsas maternidade e\u00a0 artigos. infantis, etc.   No tamanho de 6 a 12 altura e\u00a0 7 a 14 cm de comprimento compat\u00edveis com v\u00e1rios tipos e modelos de maquinas. Bastidores 10 x 10 e 13 x 18cm.","og_url":"https:\/\/shop.bazarcia.com\/en\/product\/matriz-de-bordado-moldura-aplique3\/","og_site_name":"\ud835\udc1b\ud835\udc1a\ud835\udc33\ud835\udc1a\ud835\udc2b &amp; \ud835\udc1c\ud835\udc22\ud835\udc1a","article_publisher":"https:\/\/www.facebook.com\/shopbazarcia","article_modified_time":"2024-10-25T22:10:19+00:00","og_image":[{"width":352,"height":342,"url":"https:\/\/shop.bazarcia.com\/wp-content\/uploads\/2022\/02\/3-Matriz-de-Bordado-10x10-Moldura-2.jpg","type":"image\/jpeg"}],"twitter_card":"summary_large_image","twitter_misc":{"Est. reading time":"1 minute"},"schema":{"@context":"https:\/\/schema.org","@graph":[{"@type":"WebPage","@id":"https:\/\/shop.bazarcia.com\/produto\/matriz-de-bordado-moldura-aplique3\/","url":"https:\/\/shop.bazarcia.com\/produto\/matriz-de-bordado-moldura-aplique3\/","name":"Matriz de Bordado-Moldura (APLIQUE)3 - \ud835\udc1b\ud835\udc1a\ud835\udc33\ud835\udc1a\ud835\udc2b &amp; \ud835\udc1c\ud835\udc22\ud835\udc1a","isPartOf":{"@id":"https:\/\/shop.bazarcia.com\/#website"},"primaryImageOfPage":{"@id":"https:\/\/shop.bazarcia.com\/produto\/matriz-de-bordado-moldura-aplique3\/#primaryimage"},"image":{"@id":"https:\/\/shop.bazarcia.com\/produto\/matriz-de-bordado-moldura-aplique3\/#primaryimage"},"thumbnailUrl":"https:\/\/shop.bazarcia.com\/wp-content\/uploads\/2022\/02\/3-Matriz-de-Bordado-10x10-Moldura-2.jpg","datePublished":"2022-02-13T16:21:39+00:00","dateModified":"2024-10-25T22:10:19+00:00","breadcrumb":{"@id":"https:\/\/shop.bazarcia.com\/produto\/matriz-de-bordado-moldura-aplique3\/#breadcrumb"},"inLanguage":"en-US","potentialAction":[{"@type":"ReadAction","target":["https:\/\/shop.bazarcia.com\/produto\/matriz-de-bordado-moldura-aplique3\/"]}]},{"@type":"ImageObject","inLanguage":"en-US","@id":"https:\/\/shop.bazarcia.com\/produto\/matriz-de-bordado-moldura-aplique3\/#primaryimage","url":"https:\/\/shop.bazarcia.com\/wp-content\/uploads\/2022\/02\/3-Matriz-de-Bordado-10x10-Moldura-2.jpg","contentUrl":"https:\/\/shop.bazarcia.com\/wp-content\/uploads\/2022\/02\/3-Matriz-de-Bordado-10x10-Moldura-2.jpg","width":352,"height":342},{"@type":"BreadcrumbList","@id":"https:\/\/shop.bazarcia.com\/produto\/matriz-de-bordado-moldura-aplique3\/#breadcrumb","itemListElement":[{"@type":"ListItem","position":1,"name":"In\u00edcio","item":"https:\/\/shop.bazarcia.com\/"},{"@type":"ListItem","position":2,"name":"Loja","item":"https:\/\/shop.bazarcia.com\/loja\/"},{"@type":"ListItem","position":3,"name":"Matriz de Bordado-Moldura (APLIQUE)3"}]},{"@type":"WebSite","@id":"https:\/\/shop.bazarcia.com\/#website","url":"https:\/\/shop.bazarcia.com\/","name":"Bazar & Cia","description":"criatividade ponto a ponto","publisher":{"@id":"https:\/\/shop.bazarcia.com\/#organization"},"potentialAction":[{"@type":"SearchAction","target":{"@type":"EntryPoint","urlTemplate":"https:\/\/shop.bazarcia.com\/?s={search_term_string}"},"query-input":{"@type":"PropertyValueSpecification","valueRequired":true,"valueName":"search_term_string"}}],"inLanguage":"en-US"},{"@type":"Organization","@id":"https:\/\/shop.bazarcia.com\/#organization","name":"Bazar & Cia","url":"https:\/\/shop.bazarcia.com\/","logo":{"@type":"ImageObject","inLanguage":"en-US","@id":"https:\/\/shop.bazarcia.com\/#\/schema\/logo\/image\/","url":"https:\/\/shop.bazarcia.com\/wp-content\/uploads\/2024\/02\/cropped-logo_bazarcia.png","contentUrl":"https:\/\/shop.bazarcia.com\/wp-content\/uploads\/2024\/02\/cropped-logo_bazarcia.png","width":150,"height":150,"caption":"Bazar & Cia"},"image":{"@id":"https:\/\/shop.bazarcia.com\/#\/schema\/logo\/image\/"},"sameAs":["https:\/\/www.facebook.com\/shopbazarcia","https:\/\/www.instagram.com\/shopbazarcia","https:\/\/br.pinterest.com\/suzane_eloise\/","https:\/\/www.youtube.com\/c\/BazardoBordadoMatrizeseProjetos"]}]}},"_links":{"self":[{"href":"https:\/\/shop.bazarcia.com\/en\/wp-json\/wp\/v2\/product\/150867","targetHints":{"allow":["GET"]}}],"collection":[{"href":"https:\/\/shop.bazarcia.com\/en\/wp-json\/wp\/v2\/product"}],"about":[{"href":"https:\/\/shop.bazarcia.com\/en\/wp-json\/wp\/v2\/types\/product"}],"replies":[{"embeddable":true,"href":"https:\/\/shop.bazarcia.com\/en\/wp-json\/wp\/v2\/comments?post=150867"}],"version-history":[{"count":0,"href":"https:\/\/shop.bazarcia.com\/en\/wp-json\/wp\/v2\/product\/150867\/revisions"}],"wp:featuredmedia":[{"embeddable":true,"href":"https:\/\/shop.bazarcia.com\/en\/wp-json\/wp\/v2\/media\/152339"}],"wp:attachment":[{"href":"https:\/\/shop.bazarcia.com\/en\/wp-json\/wp\/v2\/media?parent=150867"}],"wp:term":[{"taxonomy":"product_brand","embeddable":true,"href":"https:\/\/shop.bazarcia.com\/en\/wp-json\/wp\/v2\/product_brand?post=150867"},{"taxonomy":"product_cat","embeddable":true,"href":"https:\/\/shop.bazarcia.com\/en\/wp-json\/wp\/v2\/product_cat?post=150867"},{"taxonomy":"product_tag","embeddable":true,"href":"https:\/\/shop.bazarcia.com\/en\/wp-json\/wp\/v2\/product_tag?post=150867"}],"curies":[{"name":"wp","href":"https:\/\/api.w.org\/{rel}","templated":true}]}}