{"id":151649,"date":"2022-02-16T08:06:27","date_gmt":"2022-02-16T11:06:27","guid":{"rendered":"https:\/\/shop.bazarcia.com\/?post_type=product&#038;p=151649"},"modified":"2025-10-17T13:59:07","modified_gmt":"2025-10-17T16:59:07","slug":"bastidor-de-bone-suporte-agb-pra-brother-bp2150","status":"publish","type":"product","link":"https:\/\/shop.bazarcia.com\/en\/product\/bastidor-de-bone-suporte-agb-pra-brother-bp2150\/","title":{"rendered":"Bastidor de Bon\u00e9 | Suporte Agb Pra Brother Bp2100\/2150 FRETE GRATIS PRA TODO BRASIL!"},"content":{"rendered":"<p><em><b>!!! FRETE GRATIS PRA TODO BRASIL\u00a0!!!<\/b><\/em><\/p>\n<p>\u27a6 PRAZO PARA POSTAGEM: 7 a 10 dias \u00fateis + o prazo de entrega do sistema de envios!<\/p>\n<p>M\u00e1quinas Compat\u00edveis:<\/p>\n<p><strong>Brother BP2100 \/ BP2150L \/ BP3600 \/ BP3700<\/strong><\/p>\n<p><strong>Brother NQ1400 \/ NV4000 e NV1500<\/strong><\/p>\n<p>&nbsp;<\/p>\n<p>Personalizar bon\u00e9s s\u00f3 era poss\u00edvel em m\u00e1quinas industriais, mas agora com o Suporte AGB voc\u00ea vai bordar bon\u00e9s com a m\u00e1quina que voc\u00ea j\u00e1 tem!<\/p>\n<p>Isso mesmo!<\/p>\n<p>&nbsp;<\/p>\n<p>Bon\u00e9 \u00e9 um item lucrativo e que n\u00e3o sai de moda. Est\u00e1 sempre em tend\u00eancia.<\/p>\n<p>Comece ganhar dinheiro bordando bon\u00e9s voc\u00ea tamb\u00e9m!<\/p>\n<p>&nbsp;<\/p>\n<p>&nbsp;<\/p>\n<p>&nbsp;<\/p>\n<p><strong>Parcele no Cart\u00e3o de Cr\u00e9dito!<\/strong><\/p>\n<p><strong>Aqui Sua Compra \u00e9 100% Segura e Garantida!<\/strong><\/p>\n<p><strong>ADQUIRA J\u00c1!<\/strong><\/p>","protected":false},"excerpt":{"rendered":"<p>Com o Suporte AGB voc\u00ea vai bordar bon\u00e9s com a m\u00e1quina que voc\u00ea j\u00e1 tem!<\/p>\n<p>\u27a6 PRAZO PARA POSTAGEM: 7 a 10 dias \u00fateis + o prazo de entrega do sistema de envios!<\/p>\n<p>V\u00eddeo passo a passo:<\/p>\n<p>https:\/\/www.youtube.com\/watch?v=M3Fwki1GJOA&amp;t=205s<\/p>","protected":false},"featured_media":277535,"comment_status":"open","ping_status":"closed","template":"","meta":{"_acf_changed":false,"_joinchat":[]},"product_brand":[],"product_cat":[1844,1842],"product_tag":[1170,1431,1433,1280,1091],"class_list":{"0":"post-151649","1":"product","2":"type-product","3":"status-publish","4":"has-post-thumbnail","6":"product_cat-bastidores-para-bones-brother","7":"product_cat-bastidores-para-bones","8":"product_tag-bordado","9":"product_tag-bordado-computadorizado","10":"product_tag-bordado-eletronico","11":"product_tag-bordar","12":"product_tag-brother","13":"product_shipping_class-frete-gratis","15":"first","16":"instock","17":"sale","18":"virtual","19":"purchasable","20":"product-type-simple"},"acf":[],"yoast_head":"<!-- This site is optimized with the Yoast SEO plugin v27.2 - https:\/\/yoast.com\/product\/yoast-seo-wordpress\/ -->\n<title>Bastidor de Bon\u00e9 | Suporte Agb Pra Brother Bp2100\/2150 FRETE GRATIS PRA TODO BRASIL! - \ud835\udc1b\ud835\udc1a\ud835\udc33\ud835\udc1a\ud835\udc2b &amp; \ud835\udc1c\ud835\udc22\ud835\udc1a<\/title>\n<meta name=\"robots\" content=\"index, follow, max-snippet:-1, max-image-preview:large, max-video-preview:-1\" \/>\n<link rel=\"canonical\" href=\"https:\/\/shop.bazarcia.com\/en\/product\/bastidor-de-bone-suporte-agb-pra-brother-bp2150\/\" \/>\n<meta property=\"og:locale\" content=\"en_US\" \/>\n<meta property=\"og:type\" content=\"article\" \/>\n<meta property=\"og:title\" content=\"Bastidor de Bon\u00e9 | Suporte Agb Pra Brother Bp2100\/2150 FRETE GRATIS PRA TODO BRASIL! - \ud835\udc1b\ud835\udc1a\ud835\udc33\ud835\udc1a\ud835\udc2b &amp; \ud835\udc1c\ud835\udc22\ud835\udc1a\" \/>\n<meta property=\"og:description\" content=\"Com o Suporte AGB voc\u00ea vai bordar bon\u00e9s com a m\u00e1quina que voc\u00ea j\u00e1 tem!  \u27a6 PRAZO PARA POSTAGEM: 7 a 10 dias \u00fateis + o prazo de entrega do sistema de envios!  V\u00eddeo passo a passo:  https:\/\/www.youtube.com\/watch?v=M3Fwki1GJOA&amp;t=205s\" \/>\n<meta property=\"og:url\" content=\"https:\/\/shop.bazarcia.com\/en\/product\/bastidor-de-bone-suporte-agb-pra-brother-bp2150\/\" \/>\n<meta property=\"og:site_name\" content=\"\ud835\udc1b\ud835\udc1a\ud835\udc33\ud835\udc1a\ud835\udc2b &amp; \ud835\udc1c\ud835\udc22\ud835\udc1a\" \/>\n<meta property=\"article:publisher\" content=\"https:\/\/www.facebook.com\/shopbazarcia\" \/>\n<meta property=\"article:modified_time\" content=\"2025-10-17T16:59:07+00:00\" \/>\n<meta property=\"og:image\" content=\"https:\/\/shop.bazarcia.com\/wp-content\/uploads\/2022\/02\/bastidor-2100-1.png\" \/>\n\t<meta property=\"og:image:width\" content=\"1080\" \/>\n\t<meta property=\"og:image:height\" content=\"1080\" \/>\n\t<meta property=\"og:image:type\" content=\"image\/png\" \/>\n<meta name=\"twitter:card\" content=\"summary_large_image\" \/>\n<meta name=\"twitter:label1\" content=\"Est. reading time\" \/>\n\t<meta name=\"twitter:data1\" content=\"1 minute\" \/>\n<script type=\"application\/ld+json\" class=\"yoast-schema-graph\">{\"@context\":\"https:\/\/schema.org\",\"@graph\":[{\"@type\":\"WebPage\",\"@id\":\"https:\/\/shop.bazarcia.com\/produto\/bastidor-de-bone-suporte-agb-pra-brother-bp2150\/\",\"url\":\"https:\/\/shop.bazarcia.com\/produto\/bastidor-de-bone-suporte-agb-pra-brother-bp2150\/\",\"name\":\"Bastidor de Bon\u00e9 | Suporte Agb Pra Brother Bp2100\/2150 FRETE GRATIS PRA TODO BRASIL! - \ud835\udc1b\ud835\udc1a\ud835\udc33\ud835\udc1a\ud835\udc2b &amp; \ud835\udc1c\ud835\udc22\ud835\udc1a\",\"isPartOf\":{\"@id\":\"https:\/\/shop.bazarcia.com\/#website\"},\"primaryImageOfPage\":{\"@id\":\"https:\/\/shop.bazarcia.com\/produto\/bastidor-de-bone-suporte-agb-pra-brother-bp2150\/#primaryimage\"},\"image\":{\"@id\":\"https:\/\/shop.bazarcia.com\/produto\/bastidor-de-bone-suporte-agb-pra-brother-bp2150\/#primaryimage\"},\"thumbnailUrl\":\"https:\/\/shop.bazarcia.com\/wp-content\/uploads\/2022\/02\/bastidor-2100-1.png\",\"datePublished\":\"2022-02-16T11:06:27+00:00\",\"dateModified\":\"2025-10-17T16:59:07+00:00\",\"breadcrumb\":{\"@id\":\"https:\/\/shop.bazarcia.com\/produto\/bastidor-de-bone-suporte-agb-pra-brother-bp2150\/#breadcrumb\"},\"inLanguage\":\"en-US\",\"potentialAction\":[{\"@type\":\"ReadAction\",\"target\":[\"https:\/\/shop.bazarcia.com\/produto\/bastidor-de-bone-suporte-agb-pra-brother-bp2150\/\"]}]},{\"@type\":\"ImageObject\",\"inLanguage\":\"en-US\",\"@id\":\"https:\/\/shop.bazarcia.com\/produto\/bastidor-de-bone-suporte-agb-pra-brother-bp2150\/#primaryimage\",\"url\":\"https:\/\/shop.bazarcia.com\/wp-content\/uploads\/2022\/02\/bastidor-2100-1.png\",\"contentUrl\":\"https:\/\/shop.bazarcia.com\/wp-content\/uploads\/2022\/02\/bastidor-2100-1.png\",\"width\":1080,\"height\":1080},{\"@type\":\"BreadcrumbList\",\"@id\":\"https:\/\/shop.bazarcia.com\/produto\/bastidor-de-bone-suporte-agb-pra-brother-bp2150\/#breadcrumb\",\"itemListElement\":[{\"@type\":\"ListItem\",\"position\":1,\"name\":\"In\u00edcio\",\"item\":\"https:\/\/shop.bazarcia.com\/\"},{\"@type\":\"ListItem\",\"position\":2,\"name\":\"Loja\",\"item\":\"https:\/\/shop.bazarcia.com\/loja\/\"},{\"@type\":\"ListItem\",\"position\":3,\"name\":\"Bastidor de Bon\u00e9 | Suporte Agb Pra Brother Bp2100\/2150 FRETE GRATIS PRA TODO BRASIL!\"}]},{\"@type\":\"WebSite\",\"@id\":\"https:\/\/shop.bazarcia.com\/#website\",\"url\":\"https:\/\/shop.bazarcia.com\/\",\"name\":\"Bazar & Cia\",\"description\":\"criatividade ponto a ponto\",\"publisher\":{\"@id\":\"https:\/\/shop.bazarcia.com\/#organization\"},\"potentialAction\":[{\"@type\":\"SearchAction\",\"target\":{\"@type\":\"EntryPoint\",\"urlTemplate\":\"https:\/\/shop.bazarcia.com\/?s={search_term_string}\"},\"query-input\":{\"@type\":\"PropertyValueSpecification\",\"valueRequired\":true,\"valueName\":\"search_term_string\"}}],\"inLanguage\":\"en-US\"},{\"@type\":\"Organization\",\"@id\":\"https:\/\/shop.bazarcia.com\/#organization\",\"name\":\"Bazar & Cia\",\"url\":\"https:\/\/shop.bazarcia.com\/\",\"logo\":{\"@type\":\"ImageObject\",\"inLanguage\":\"en-US\",\"@id\":\"https:\/\/shop.bazarcia.com\/#\/schema\/logo\/image\/\",\"url\":\"https:\/\/shop.bazarcia.com\/wp-content\/uploads\/2024\/02\/cropped-logo_bazarcia.png\",\"contentUrl\":\"https:\/\/shop.bazarcia.com\/wp-content\/uploads\/2024\/02\/cropped-logo_bazarcia.png\",\"width\":150,\"height\":150,\"caption\":\"Bazar & Cia\"},\"image\":{\"@id\":\"https:\/\/shop.bazarcia.com\/#\/schema\/logo\/image\/\"},\"sameAs\":[\"https:\/\/www.facebook.com\/shopbazarcia\",\"https:\/\/www.instagram.com\/shopbazarcia\",\"https:\/\/br.pinterest.com\/suzane_eloise\/\",\"https:\/\/www.youtube.com\/c\/BazardoBordadoMatrizeseProjetos\"]}]}<\/script>\n<!-- \/ Yoast SEO plugin. -->","yoast_head_json":{"title":"Bastidor de Bon\u00e9 | Suporte Agb Pra Brother Bp2100\/2150 FRETE GRATIS PRA TODO BRASIL! - \ud835\udc1b\ud835\udc1a\ud835\udc33\ud835\udc1a\ud835\udc2b &amp; \ud835\udc1c\ud835\udc22\ud835\udc1a","robots":{"index":"index","follow":"follow","max-snippet":"max-snippet:-1","max-image-preview":"max-image-preview:large","max-video-preview":"max-video-preview:-1"},"canonical":"https:\/\/shop.bazarcia.com\/en\/product\/bastidor-de-bone-suporte-agb-pra-brother-bp2150\/","og_locale":"en_US","og_type":"article","og_title":"Bastidor de Bon\u00e9 | Suporte Agb Pra Brother Bp2100\/2150 FRETE GRATIS PRA TODO BRASIL! - \ud835\udc1b\ud835\udc1a\ud835\udc33\ud835\udc1a\ud835\udc2b &amp; \ud835\udc1c\ud835\udc22\ud835\udc1a","og_description":"Com o Suporte AGB voc\u00ea vai bordar bon\u00e9s com a m\u00e1quina que voc\u00ea j\u00e1 tem!  \u27a6 PRAZO PARA POSTAGEM: 7 a 10 dias \u00fateis + o prazo de entrega do sistema de envios!  V\u00eddeo passo a passo:  https:\/\/www.youtube.com\/watch?v=M3Fwki1GJOA&amp;t=205s","og_url":"https:\/\/shop.bazarcia.com\/en\/product\/bastidor-de-bone-suporte-agb-pra-brother-bp2150\/","og_site_name":"\ud835\udc1b\ud835\udc1a\ud835\udc33\ud835\udc1a\ud835\udc2b &amp; \ud835\udc1c\ud835\udc22\ud835\udc1a","article_publisher":"https:\/\/www.facebook.com\/shopbazarcia","article_modified_time":"2025-10-17T16:59:07+00:00","og_image":[{"width":1080,"height":1080,"url":"https:\/\/shop.bazarcia.com\/wp-content\/uploads\/2022\/02\/bastidor-2100-1.png","type":"image\/png"}],"twitter_card":"summary_large_image","twitter_misc":{"Est. reading time":"1 minute"},"schema":{"@context":"https:\/\/schema.org","@graph":[{"@type":"WebPage","@id":"https:\/\/shop.bazarcia.com\/produto\/bastidor-de-bone-suporte-agb-pra-brother-bp2150\/","url":"https:\/\/shop.bazarcia.com\/produto\/bastidor-de-bone-suporte-agb-pra-brother-bp2150\/","name":"Bastidor de Bon\u00e9 | Suporte Agb Pra Brother Bp2100\/2150 FRETE GRATIS PRA TODO BRASIL! - \ud835\udc1b\ud835\udc1a\ud835\udc33\ud835\udc1a\ud835\udc2b &amp; \ud835\udc1c\ud835\udc22\ud835\udc1a","isPartOf":{"@id":"https:\/\/shop.bazarcia.com\/#website"},"primaryImageOfPage":{"@id":"https:\/\/shop.bazarcia.com\/produto\/bastidor-de-bone-suporte-agb-pra-brother-bp2150\/#primaryimage"},"image":{"@id":"https:\/\/shop.bazarcia.com\/produto\/bastidor-de-bone-suporte-agb-pra-brother-bp2150\/#primaryimage"},"thumbnailUrl":"https:\/\/shop.bazarcia.com\/wp-content\/uploads\/2022\/02\/bastidor-2100-1.png","datePublished":"2022-02-16T11:06:27+00:00","dateModified":"2025-10-17T16:59:07+00:00","breadcrumb":{"@id":"https:\/\/shop.bazarcia.com\/produto\/bastidor-de-bone-suporte-agb-pra-brother-bp2150\/#breadcrumb"},"inLanguage":"en-US","potentialAction":[{"@type":"ReadAction","target":["https:\/\/shop.bazarcia.com\/produto\/bastidor-de-bone-suporte-agb-pra-brother-bp2150\/"]}]},{"@type":"ImageObject","inLanguage":"en-US","@id":"https:\/\/shop.bazarcia.com\/produto\/bastidor-de-bone-suporte-agb-pra-brother-bp2150\/#primaryimage","url":"https:\/\/shop.bazarcia.com\/wp-content\/uploads\/2022\/02\/bastidor-2100-1.png","contentUrl":"https:\/\/shop.bazarcia.com\/wp-content\/uploads\/2022\/02\/bastidor-2100-1.png","width":1080,"height":1080},{"@type":"BreadcrumbList","@id":"https:\/\/shop.bazarcia.com\/produto\/bastidor-de-bone-suporte-agb-pra-brother-bp2150\/#breadcrumb","itemListElement":[{"@type":"ListItem","position":1,"name":"In\u00edcio","item":"https:\/\/shop.bazarcia.com\/"},{"@type":"ListItem","position":2,"name":"Loja","item":"https:\/\/shop.bazarcia.com\/loja\/"},{"@type":"ListItem","position":3,"name":"Bastidor de Bon\u00e9 | Suporte Agb Pra Brother Bp2100\/2150 FRETE GRATIS PRA TODO BRASIL!"}]},{"@type":"WebSite","@id":"https:\/\/shop.bazarcia.com\/#website","url":"https:\/\/shop.bazarcia.com\/","name":"Bazar & Cia","description":"criatividade ponto a ponto","publisher":{"@id":"https:\/\/shop.bazarcia.com\/#organization"},"potentialAction":[{"@type":"SearchAction","target":{"@type":"EntryPoint","urlTemplate":"https:\/\/shop.bazarcia.com\/?s={search_term_string}"},"query-input":{"@type":"PropertyValueSpecification","valueRequired":true,"valueName":"search_term_string"}}],"inLanguage":"en-US"},{"@type":"Organization","@id":"https:\/\/shop.bazarcia.com\/#organization","name":"Bazar & Cia","url":"https:\/\/shop.bazarcia.com\/","logo":{"@type":"ImageObject","inLanguage":"en-US","@id":"https:\/\/shop.bazarcia.com\/#\/schema\/logo\/image\/","url":"https:\/\/shop.bazarcia.com\/wp-content\/uploads\/2024\/02\/cropped-logo_bazarcia.png","contentUrl":"https:\/\/shop.bazarcia.com\/wp-content\/uploads\/2024\/02\/cropped-logo_bazarcia.png","width":150,"height":150,"caption":"Bazar & Cia"},"image":{"@id":"https:\/\/shop.bazarcia.com\/#\/schema\/logo\/image\/"},"sameAs":["https:\/\/www.facebook.com\/shopbazarcia","https:\/\/www.instagram.com\/shopbazarcia","https:\/\/br.pinterest.com\/suzane_eloise\/","https:\/\/www.youtube.com\/c\/BazardoBordadoMatrizeseProjetos"]}]}},"_links":{"self":[{"href":"https:\/\/shop.bazarcia.com\/en\/wp-json\/wp\/v2\/product\/151649","targetHints":{"allow":["GET"]}}],"collection":[{"href":"https:\/\/shop.bazarcia.com\/en\/wp-json\/wp\/v2\/product"}],"about":[{"href":"https:\/\/shop.bazarcia.com\/en\/wp-json\/wp\/v2\/types\/product"}],"replies":[{"embeddable":true,"href":"https:\/\/shop.bazarcia.com\/en\/wp-json\/wp\/v2\/comments?post=151649"}],"version-history":[{"count":3,"href":"https:\/\/shop.bazarcia.com\/en\/wp-json\/wp\/v2\/product\/151649\/revisions"}],"predecessor-version":[{"id":349685,"href":"https:\/\/shop.bazarcia.com\/en\/wp-json\/wp\/v2\/product\/151649\/revisions\/349685"}],"wp:featuredmedia":[{"embeddable":true,"href":"https:\/\/shop.bazarcia.com\/en\/wp-json\/wp\/v2\/media\/277535"}],"wp:attachment":[{"href":"https:\/\/shop.bazarcia.com\/en\/wp-json\/wp\/v2\/media?parent=151649"}],"wp:term":[{"taxonomy":"product_brand","embeddable":true,"href":"https:\/\/shop.bazarcia.com\/en\/wp-json\/wp\/v2\/product_brand?post=151649"},{"taxonomy":"product_cat","embeddable":true,"href":"https:\/\/shop.bazarcia.com\/en\/wp-json\/wp\/v2\/product_cat?post=151649"},{"taxonomy":"product_tag","embeddable":true,"href":"https:\/\/shop.bazarcia.com\/en\/wp-json\/wp\/v2\/product_tag?post=151649"}],"curies":[{"name":"wp","href":"https:\/\/api.w.org\/{rel}","templated":true}]}}