{"id":151662,"date":"2022-02-16T08:28:39","date_gmt":"2022-02-16T11:28:39","guid":{"rendered":"https:\/\/shop.bazarcia.com\/?post_type=product&#038;p=151662"},"modified":"2025-07-01T19:51:37","modified_gmt":"2025-07-01T22:51:37","slug":"bastidor-de-bone-suporte-agb-pra-brother-be815-pronta-entrega-envio-em-24hrs","status":"publish","type":"product","link":"https:\/\/shop.bazarcia.com\/en\/product\/bastidor-de-bone-suporte-agb-pra-brother-be815-pronta-entrega-envio-em-24hrs\/","title":{"rendered":"BASTIDOR DE BON\u00c9 | SUPORTE AGB PRA BROTHER Be815L\/915L FRETE GR\u00c1TIS PRA TODO BRASIL!"},"content":{"rendered":"<p style=\"margin-top: 0px;margin-bottom: 1rem;color: #666666;font-family: Montserrat, sans-serif;font-size: 18px\"><em style=\"color: #333333;font-family: Georgia, 'Times New Roman', 'Bitstream Charter', Times, serif;font-size: 16px\"><b style=\"color: #333333;font-family: Georgia, 'Times New Roman', 'Bitstream Charter', Times, serif;font-size: 16px\">!!! <\/b><b>FRETE GR\u00c1TIS PRA TODO BRASIL!<\/b><b style=\"color: #333333;font-family: Georgia, 'Times New Roman', 'Bitstream Charter', Times, serif;font-size: 16px\"> !!!<\/b><\/em><\/p>\n<p>M\u00e1quinas Compat\u00edveis:<\/p>\n<p style=\"margin-top: 0px;margin-bottom: 1rem;color: #666666;font-family: Montserrat, sans-serif;font-size: 18px\"><strong style=\"color: #333333;font-family: Georgia, 'Times New Roman', 'Bitstream Charter', Times, serif;font-size: 16px\"><span style=\"font-family: Roboto, 'Helvetica Neue', Helvetica, Arial, \u6587\u6cc9\u9a5b\u6b63\u9ed1, 'WenQuanYi Zen Hei', 'Hiragino Sans GB', '\u5137\u9ed1 Pro', 'LiHei Pro', 'Heiti TC', \u5fae\u8edf\u6b63\u9ed1\u9ad4, 'Microsoft JhengHei UI', 'Microsoft JhengHei', sans-serif;font-size: 14px\">Brother PE 770 \/ PE 810L \/ PE 910L \/ BE 815L \/ BE 915L \/ PE 700 \/ PE 700 II \/ PE 780D \/ PE 750D \/<\/span><\/strong><\/p>\n<p style=\"margin-top: 0px;margin-bottom: 1rem;color: #666666;font-family: Montserrat, sans-serif;font-size: 18px\"><strong style=\"color: #333333;font-family: Georgia, 'Times New Roman', 'Bitstream Charter', Times, serif;font-size: 16px\"><span style=\"font-family: Roboto, 'Helvetica Neue', Helvetica, Arial, \u6587\u6cc9\u9a5b\u6b63\u9ed1, 'WenQuanYi Zen Hei', 'Hiragino Sans GB', '\u5137\u9ed1 Pro', 'LiHei Pro', 'Heiti TC', \u5fae\u8edf\u6b63\u9ed1\u9ad4, 'Microsoft JhengHei UI', 'Microsoft JhengHei', sans-serif;font-size: 14px\">PC 6500 \/ PC 8200 \/ PC 8200D \/ PC 8500 \/ PC 8500D \/<\/span><\/strong><\/p>\n<p><strong><span style=\"font-family: Roboto, 'Helvetica Neue', Helvetica, Arial, \u6587\u6cc9\u9a5b\u6b63\u9ed1, 'WenQuanYi Zen Hei', 'Hiragino Sans GB', '\u5137\u9ed1 Pro', 'LiHei Pro', 'Heiti TC', \u5fae\u8edf\u6b63\u9ed1\u9ad4, 'Microsoft JhengHei UI', 'Microsoft JhengHei', sans-serif;font-size: 14px\">Innovis 1000 \/ Innovis 1200 e Innovis 1250D<\/span><\/strong><\/p>\n<p>&nbsp;<\/p>\n<p>Personalizar bon\u00e9s s\u00f3 era poss\u00edvel em m\u00e1quinas industriais, mas agora com o Suporte AGB voc\u00ea vai bordar bon\u00e9s com a m\u00e1quina que voc\u00ea j\u00e1 tem!<\/p>\n<p>Isso mesmo!<\/p>\n<p>&nbsp;<\/p>\n<p>Bon\u00e9 \u00e9 um item lucrativo e que n\u00e3o sai de moda. Est\u00e1 sempre em tend\u00eancia.<\/p>\n<p>Comece ganhar dinheiro bordando bon\u00e9s voc\u00ea tamb\u00e9m!<\/p>\n<p><b>\u27a6 PRAZO PARA POSTAGEM: 7 a 10 dias \u00fateis + o prazo de entrega do sistema de envios!<\/b><\/p>\n<p>Voc\u00ea receber\u00e1 o c\u00f3digo de rastreio em seu email assim que efetuarmos a postagem!<\/p>\n<p>&nbsp;<\/p>\n<p><strong>Parcele no Cart\u00e3o de Cr\u00e9dito!<\/strong><\/p>\n<p><strong>Aqui Sua Compra \u00e9 100% Segura e Garantida!<\/strong><\/p>\n<p><strong>ADQUIRA J\u00c1!<\/strong><\/p>","protected":false},"excerpt":{"rendered":"<p>Com o Suporte AGB voc\u00ea vai bordar bon\u00e9s com a m\u00e1quina que voc\u00ea j\u00e1 tem!<\/p>\n<p>\u27a6 PRAZO PARA POSTAGEM: 7 a 10 dias \u00fateis + o prazo de entrega do sistema de envios!<\/p>\n<p>Voc\u00ea receber\u00e1 o c\u00f3digo de rastreio em seu email assim que efetuarmos a postagem!<\/p>\n<p>V\u00eddeo passo a passo:<\/p>\n<p>https:\/\/www.youtube.com\/watch?v=M3Fwki1GJOA&amp;t=205s<\/p>","protected":false},"featured_media":277522,"comment_status":"open","ping_status":"closed","template":"","meta":{"_acf_changed":false,"_joinchat":[]},"product_brand":[],"product_cat":[266,1844,1842,86],"product_tag":[1170,1433,1280,1091,1090,1348],"class_list":{"0":"post-151662","1":"product","2":"type-product","3":"status-publish","4":"has-post-thumbnail","6":"product_cat-bastidores","7":"product_cat-bastidores-para-bones-brother","8":"product_cat-bastidores-para-bones","9":"product_cat-materiais-para-bordado-computadorizado","10":"product_tag-bordado","11":"product_tag-bordado-eletronico","12":"product_tag-bordar","13":"product_tag-brother","14":"product_tag-maquina-de-bordar","15":"product_tag-maquina-domestica","17":"first","18":"instock","19":"sale","20":"virtual","21":"purchasable","22":"product-type-simple"},"acf":[],"yoast_head":"<!-- This site is optimized with the Yoast SEO plugin v27.2 - https:\/\/yoast.com\/product\/yoast-seo-wordpress\/ -->\n<title>BASTIDOR DE BON\u00c9 | SUPORTE AGB PRA BROTHER Be815L\/915L FRETE GR\u00c1TIS PRA TODO BRASIL! - \ud835\udc1b\ud835\udc1a\ud835\udc33\ud835\udc1a\ud835\udc2b &amp; \ud835\udc1c\ud835\udc22\ud835\udc1a<\/title>\n<meta name=\"robots\" content=\"index, follow, max-snippet:-1, max-image-preview:large, max-video-preview:-1\" \/>\n<link rel=\"canonical\" href=\"https:\/\/shop.bazarcia.com\/en\/product\/bastidor-de-bone-suporte-agb-pra-brother-be815-pronta-entrega-envio-em-24hrs\/\" \/>\n<meta property=\"og:locale\" content=\"en_US\" \/>\n<meta property=\"og:type\" content=\"article\" \/>\n<meta property=\"og:title\" content=\"BASTIDOR DE BON\u00c9 | SUPORTE AGB PRA BROTHER Be815L\/915L FRETE GR\u00c1TIS PRA TODO BRASIL! - \ud835\udc1b\ud835\udc1a\ud835\udc33\ud835\udc1a\ud835\udc2b &amp; \ud835\udc1c\ud835\udc22\ud835\udc1a\" \/>\n<meta property=\"og:description\" content=\"Com o Suporte AGB voc\u00ea vai bordar bon\u00e9s com a m\u00e1quina que voc\u00ea j\u00e1 tem!  \u27a6 PRAZO PARA POSTAGEM: 7 a 10 dias \u00fateis + o prazo de entrega do sistema de envios!  Voc\u00ea receber\u00e1 o c\u00f3digo de rastreio em seu email assim que efetuarmos a postagem!  V\u00eddeo passo a passo:  https:\/\/www.youtube.com\/watch?v=M3Fwki1GJOA&amp;t=205s\" \/>\n<meta property=\"og:url\" content=\"https:\/\/shop.bazarcia.com\/en\/product\/bastidor-de-bone-suporte-agb-pra-brother-be815-pronta-entrega-envio-em-24hrs\/\" \/>\n<meta property=\"og:site_name\" content=\"\ud835\udc1b\ud835\udc1a\ud835\udc33\ud835\udc1a\ud835\udc2b &amp; \ud835\udc1c\ud835\udc22\ud835\udc1a\" \/>\n<meta property=\"article:publisher\" content=\"https:\/\/www.facebook.com\/shopbazarcia\" \/>\n<meta property=\"article:modified_time\" content=\"2025-07-01T22:51:37+00:00\" \/>\n<meta property=\"og:image\" content=\"https:\/\/shop.bazarcia.com\/wp-content\/uploads\/2022\/02\/bastidor-815.png\" \/>\n\t<meta property=\"og:image:width\" content=\"1080\" \/>\n\t<meta property=\"og:image:height\" content=\"1080\" \/>\n\t<meta property=\"og:image:type\" content=\"image\/png\" \/>\n<meta name=\"twitter:card\" content=\"summary_large_image\" \/>\n<meta name=\"twitter:label1\" content=\"Est. reading time\" \/>\n\t<meta name=\"twitter:data1\" content=\"1 minute\" \/>\n<script type=\"application\/ld+json\" class=\"yoast-schema-graph\">{\"@context\":\"https:\/\/schema.org\",\"@graph\":[{\"@type\":\"WebPage\",\"@id\":\"https:\/\/shop.bazarcia.com\/produto\/bastidor-de-bone-suporte-agb-pra-brother-be815-pronta-entrega-envio-em-24hrs\/\",\"url\":\"https:\/\/shop.bazarcia.com\/produto\/bastidor-de-bone-suporte-agb-pra-brother-be815-pronta-entrega-envio-em-24hrs\/\",\"name\":\"BASTIDOR DE BON\u00c9 | SUPORTE AGB PRA BROTHER Be815L\/915L FRETE GR\u00c1TIS PRA TODO BRASIL! - \ud835\udc1b\ud835\udc1a\ud835\udc33\ud835\udc1a\ud835\udc2b &amp; \ud835\udc1c\ud835\udc22\ud835\udc1a\",\"isPartOf\":{\"@id\":\"https:\/\/shop.bazarcia.com\/#website\"},\"primaryImageOfPage\":{\"@id\":\"https:\/\/shop.bazarcia.com\/produto\/bastidor-de-bone-suporte-agb-pra-brother-be815-pronta-entrega-envio-em-24hrs\/#primaryimage\"},\"image\":{\"@id\":\"https:\/\/shop.bazarcia.com\/produto\/bastidor-de-bone-suporte-agb-pra-brother-be815-pronta-entrega-envio-em-24hrs\/#primaryimage\"},\"thumbnailUrl\":\"https:\/\/shop.bazarcia.com\/wp-content\/uploads\/2022\/02\/bastidor-815.png\",\"datePublished\":\"2022-02-16T11:28:39+00:00\",\"dateModified\":\"2025-07-01T22:51:37+00:00\",\"breadcrumb\":{\"@id\":\"https:\/\/shop.bazarcia.com\/produto\/bastidor-de-bone-suporte-agb-pra-brother-be815-pronta-entrega-envio-em-24hrs\/#breadcrumb\"},\"inLanguage\":\"en-US\",\"potentialAction\":[{\"@type\":\"ReadAction\",\"target\":[\"https:\/\/shop.bazarcia.com\/produto\/bastidor-de-bone-suporte-agb-pra-brother-be815-pronta-entrega-envio-em-24hrs\/\"]}]},{\"@type\":\"ImageObject\",\"inLanguage\":\"en-US\",\"@id\":\"https:\/\/shop.bazarcia.com\/produto\/bastidor-de-bone-suporte-agb-pra-brother-be815-pronta-entrega-envio-em-24hrs\/#primaryimage\",\"url\":\"https:\/\/shop.bazarcia.com\/wp-content\/uploads\/2022\/02\/bastidor-815.png\",\"contentUrl\":\"https:\/\/shop.bazarcia.com\/wp-content\/uploads\/2022\/02\/bastidor-815.png\",\"width\":1080,\"height\":1080},{\"@type\":\"BreadcrumbList\",\"@id\":\"https:\/\/shop.bazarcia.com\/produto\/bastidor-de-bone-suporte-agb-pra-brother-be815-pronta-entrega-envio-em-24hrs\/#breadcrumb\",\"itemListElement\":[{\"@type\":\"ListItem\",\"position\":1,\"name\":\"In\u00edcio\",\"item\":\"https:\/\/shop.bazarcia.com\/\"},{\"@type\":\"ListItem\",\"position\":2,\"name\":\"Loja\",\"item\":\"https:\/\/shop.bazarcia.com\/loja\/\"},{\"@type\":\"ListItem\",\"position\":3,\"name\":\"BASTIDOR DE BON\u00c9 | SUPORTE AGB PRA BROTHER Be815L\/915L FRETE GR\u00c1TIS PRA TODO BRASIL!\"}]},{\"@type\":\"WebSite\",\"@id\":\"https:\/\/shop.bazarcia.com\/#website\",\"url\":\"https:\/\/shop.bazarcia.com\/\",\"name\":\"Bazar & Cia\",\"description\":\"criatividade ponto a ponto\",\"publisher\":{\"@id\":\"https:\/\/shop.bazarcia.com\/#organization\"},\"potentialAction\":[{\"@type\":\"SearchAction\",\"target\":{\"@type\":\"EntryPoint\",\"urlTemplate\":\"https:\/\/shop.bazarcia.com\/?s={search_term_string}\"},\"query-input\":{\"@type\":\"PropertyValueSpecification\",\"valueRequired\":true,\"valueName\":\"search_term_string\"}}],\"inLanguage\":\"en-US\"},{\"@type\":\"Organization\",\"@id\":\"https:\/\/shop.bazarcia.com\/#organization\",\"name\":\"Bazar & Cia\",\"url\":\"https:\/\/shop.bazarcia.com\/\",\"logo\":{\"@type\":\"ImageObject\",\"inLanguage\":\"en-US\",\"@id\":\"https:\/\/shop.bazarcia.com\/#\/schema\/logo\/image\/\",\"url\":\"https:\/\/shop.bazarcia.com\/wp-content\/uploads\/2024\/02\/cropped-logo_bazarcia.png\",\"contentUrl\":\"https:\/\/shop.bazarcia.com\/wp-content\/uploads\/2024\/02\/cropped-logo_bazarcia.png\",\"width\":150,\"height\":150,\"caption\":\"Bazar & Cia\"},\"image\":{\"@id\":\"https:\/\/shop.bazarcia.com\/#\/schema\/logo\/image\/\"},\"sameAs\":[\"https:\/\/www.facebook.com\/shopbazarcia\",\"https:\/\/www.instagram.com\/shopbazarcia\",\"https:\/\/br.pinterest.com\/suzane_eloise\/\",\"https:\/\/www.youtube.com\/c\/BazardoBordadoMatrizeseProjetos\"]}]}<\/script>\n<!-- \/ Yoast SEO plugin. -->","yoast_head_json":{"title":"BASTIDOR DE BON\u00c9 | SUPORTE AGB PRA BROTHER Be815L\/915L FRETE GR\u00c1TIS PRA TODO BRASIL! - \ud835\udc1b\ud835\udc1a\ud835\udc33\ud835\udc1a\ud835\udc2b &amp; \ud835\udc1c\ud835\udc22\ud835\udc1a","robots":{"index":"index","follow":"follow","max-snippet":"max-snippet:-1","max-image-preview":"max-image-preview:large","max-video-preview":"max-video-preview:-1"},"canonical":"https:\/\/shop.bazarcia.com\/en\/product\/bastidor-de-bone-suporte-agb-pra-brother-be815-pronta-entrega-envio-em-24hrs\/","og_locale":"en_US","og_type":"article","og_title":"BASTIDOR DE BON\u00c9 | SUPORTE AGB PRA BROTHER Be815L\/915L FRETE GR\u00c1TIS PRA TODO BRASIL! - \ud835\udc1b\ud835\udc1a\ud835\udc33\ud835\udc1a\ud835\udc2b &amp; \ud835\udc1c\ud835\udc22\ud835\udc1a","og_description":"Com o Suporte AGB voc\u00ea vai bordar bon\u00e9s com a m\u00e1quina que voc\u00ea j\u00e1 tem!  \u27a6 PRAZO PARA POSTAGEM: 7 a 10 dias \u00fateis + o prazo de entrega do sistema de envios!  Voc\u00ea receber\u00e1 o c\u00f3digo de rastreio em seu email assim que efetuarmos a postagem!  V\u00eddeo passo a passo:  https:\/\/www.youtube.com\/watch?v=M3Fwki1GJOA&amp;t=205s","og_url":"https:\/\/shop.bazarcia.com\/en\/product\/bastidor-de-bone-suporte-agb-pra-brother-be815-pronta-entrega-envio-em-24hrs\/","og_site_name":"\ud835\udc1b\ud835\udc1a\ud835\udc33\ud835\udc1a\ud835\udc2b &amp; \ud835\udc1c\ud835\udc22\ud835\udc1a","article_publisher":"https:\/\/www.facebook.com\/shopbazarcia","article_modified_time":"2025-07-01T22:51:37+00:00","og_image":[{"width":1080,"height":1080,"url":"https:\/\/shop.bazarcia.com\/wp-content\/uploads\/2022\/02\/bastidor-815.png","type":"image\/png"}],"twitter_card":"summary_large_image","twitter_misc":{"Est. reading time":"1 minute"},"schema":{"@context":"https:\/\/schema.org","@graph":[{"@type":"WebPage","@id":"https:\/\/shop.bazarcia.com\/produto\/bastidor-de-bone-suporte-agb-pra-brother-be815-pronta-entrega-envio-em-24hrs\/","url":"https:\/\/shop.bazarcia.com\/produto\/bastidor-de-bone-suporte-agb-pra-brother-be815-pronta-entrega-envio-em-24hrs\/","name":"BASTIDOR DE BON\u00c9 | SUPORTE AGB PRA BROTHER Be815L\/915L FRETE GR\u00c1TIS PRA TODO BRASIL! - \ud835\udc1b\ud835\udc1a\ud835\udc33\ud835\udc1a\ud835\udc2b &amp; \ud835\udc1c\ud835\udc22\ud835\udc1a","isPartOf":{"@id":"https:\/\/shop.bazarcia.com\/#website"},"primaryImageOfPage":{"@id":"https:\/\/shop.bazarcia.com\/produto\/bastidor-de-bone-suporte-agb-pra-brother-be815-pronta-entrega-envio-em-24hrs\/#primaryimage"},"image":{"@id":"https:\/\/shop.bazarcia.com\/produto\/bastidor-de-bone-suporte-agb-pra-brother-be815-pronta-entrega-envio-em-24hrs\/#primaryimage"},"thumbnailUrl":"https:\/\/shop.bazarcia.com\/wp-content\/uploads\/2022\/02\/bastidor-815.png","datePublished":"2022-02-16T11:28:39+00:00","dateModified":"2025-07-01T22:51:37+00:00","breadcrumb":{"@id":"https:\/\/shop.bazarcia.com\/produto\/bastidor-de-bone-suporte-agb-pra-brother-be815-pronta-entrega-envio-em-24hrs\/#breadcrumb"},"inLanguage":"en-US","potentialAction":[{"@type":"ReadAction","target":["https:\/\/shop.bazarcia.com\/produto\/bastidor-de-bone-suporte-agb-pra-brother-be815-pronta-entrega-envio-em-24hrs\/"]}]},{"@type":"ImageObject","inLanguage":"en-US","@id":"https:\/\/shop.bazarcia.com\/produto\/bastidor-de-bone-suporte-agb-pra-brother-be815-pronta-entrega-envio-em-24hrs\/#primaryimage","url":"https:\/\/shop.bazarcia.com\/wp-content\/uploads\/2022\/02\/bastidor-815.png","contentUrl":"https:\/\/shop.bazarcia.com\/wp-content\/uploads\/2022\/02\/bastidor-815.png","width":1080,"height":1080},{"@type":"BreadcrumbList","@id":"https:\/\/shop.bazarcia.com\/produto\/bastidor-de-bone-suporte-agb-pra-brother-be815-pronta-entrega-envio-em-24hrs\/#breadcrumb","itemListElement":[{"@type":"ListItem","position":1,"name":"In\u00edcio","item":"https:\/\/shop.bazarcia.com\/"},{"@type":"ListItem","position":2,"name":"Loja","item":"https:\/\/shop.bazarcia.com\/loja\/"},{"@type":"ListItem","position":3,"name":"BASTIDOR DE BON\u00c9 | SUPORTE AGB PRA BROTHER Be815L\/915L FRETE GR\u00c1TIS PRA TODO BRASIL!"}]},{"@type":"WebSite","@id":"https:\/\/shop.bazarcia.com\/#website","url":"https:\/\/shop.bazarcia.com\/","name":"Bazar & Cia","description":"criatividade ponto a ponto","publisher":{"@id":"https:\/\/shop.bazarcia.com\/#organization"},"potentialAction":[{"@type":"SearchAction","target":{"@type":"EntryPoint","urlTemplate":"https:\/\/shop.bazarcia.com\/?s={search_term_string}"},"query-input":{"@type":"PropertyValueSpecification","valueRequired":true,"valueName":"search_term_string"}}],"inLanguage":"en-US"},{"@type":"Organization","@id":"https:\/\/shop.bazarcia.com\/#organization","name":"Bazar & Cia","url":"https:\/\/shop.bazarcia.com\/","logo":{"@type":"ImageObject","inLanguage":"en-US","@id":"https:\/\/shop.bazarcia.com\/#\/schema\/logo\/image\/","url":"https:\/\/shop.bazarcia.com\/wp-content\/uploads\/2024\/02\/cropped-logo_bazarcia.png","contentUrl":"https:\/\/shop.bazarcia.com\/wp-content\/uploads\/2024\/02\/cropped-logo_bazarcia.png","width":150,"height":150,"caption":"Bazar & Cia"},"image":{"@id":"https:\/\/shop.bazarcia.com\/#\/schema\/logo\/image\/"},"sameAs":["https:\/\/www.facebook.com\/shopbazarcia","https:\/\/www.instagram.com\/shopbazarcia","https:\/\/br.pinterest.com\/suzane_eloise\/","https:\/\/www.youtube.com\/c\/BazardoBordadoMatrizeseProjetos"]}]}},"_links":{"self":[{"href":"https:\/\/shop.bazarcia.com\/en\/wp-json\/wp\/v2\/product\/151662","targetHints":{"allow":["GET"]}}],"collection":[{"href":"https:\/\/shop.bazarcia.com\/en\/wp-json\/wp\/v2\/product"}],"about":[{"href":"https:\/\/shop.bazarcia.com\/en\/wp-json\/wp\/v2\/types\/product"}],"replies":[{"embeddable":true,"href":"https:\/\/shop.bazarcia.com\/en\/wp-json\/wp\/v2\/comments?post=151662"}],"version-history":[{"count":8,"href":"https:\/\/shop.bazarcia.com\/en\/wp-json\/wp\/v2\/product\/151662\/revisions"}],"predecessor-version":[{"id":295772,"href":"https:\/\/shop.bazarcia.com\/en\/wp-json\/wp\/v2\/product\/151662\/revisions\/295772"}],"wp:featuredmedia":[{"embeddable":true,"href":"https:\/\/shop.bazarcia.com\/en\/wp-json\/wp\/v2\/media\/277522"}],"wp:attachment":[{"href":"https:\/\/shop.bazarcia.com\/en\/wp-json\/wp\/v2\/media?parent=151662"}],"wp:term":[{"taxonomy":"product_brand","embeddable":true,"href":"https:\/\/shop.bazarcia.com\/en\/wp-json\/wp\/v2\/product_brand?post=151662"},{"taxonomy":"product_cat","embeddable":true,"href":"https:\/\/shop.bazarcia.com\/en\/wp-json\/wp\/v2\/product_cat?post=151662"},{"taxonomy":"product_tag","embeddable":true,"href":"https:\/\/shop.bazarcia.com\/en\/wp-json\/wp\/v2\/product_tag?post=151662"}],"curies":[{"name":"wp","href":"https:\/\/api.w.org\/{rel}","templated":true}]}}