{"id":155596,"date":"2022-03-08T12:01:00","date_gmt":"2022-03-08T15:01:00","guid":{"rendered":"https:\/\/shop.bazarcia.com\/produto\/projeto-pascoa-tapete-de-caneca-feito-100-na-bordadeira\/"},"modified":"2025-03-12T12:53:23","modified_gmt":"2025-03-12T15:53:23","slug":"projeto-pascoa-tapete-de-caneca-feito-100-na-bordadeira","status":"publish","type":"product","link":"https:\/\/shop.bazarcia.com\/en\/product\/projeto-pascoa-tapete-de-caneca-feito-100-na-bordadeira\/","title":{"rendered":"Projeto P\u00e1scoa Tapete de Caneca (Feito 100% na Bordadeira)"},"content":{"rendered":"<p>Os arquivos s\u00e3o compat\u00edveis com v\u00e1rios tipos de m\u00e1quina, com os seguintes formatos:<\/p>\n<p>PES-JEF-XXX-DST-EXP,os mesmos s\u00e3o disponibilizados em pasta compactada[ZIP].sendo necess\u00e1rio descompactar.<\/p>\n","protected":false},"excerpt":{"rendered":"<p>Pr\u00e9-Venda<\/p>\n<p>Tapetinho de Caneca Muito Fofa, Todo Feito na Bordadeira, pra vc Presentear quem vc mais Ama nessa p\u00e1scoa.<\/p>\n<p>Um Tamanho:<br \/>\n-Tapete Caneca Fica aproximadamente 12,5 cm de Altura e 12,5 cm de largura.<\/p>\n<p>Feito Nos Bastidores : 13&#215;18, 14&#215;20, 15&#215;26, 16&#215;26, 18&#215;30, 20&#215;30, 20&#215;20, 20&#215;28.<br \/>\nAcompanha PAP (Passo a passo em V\u00eddeo).<\/p>\n<p>Entrega dia 21\/03\/2022 no Site A partir das 08 Hs da Manh\u00e3.<br \/>\nAp\u00f3s a compra voc\u00ea confere aqui mesmo no Bazar os v\u00eddeos para fazer os trabalhos.<\/p>\n<p>Para acessar a aula, basta estar logado em sua conta no site, acessar a aba &gt; Pedidos &gt; Material Auxiliar.Em caso de d\u00favidas clique aqui!<\/p>\n<p>Moldes em PDF<br \/>\nApostila<br \/>\nOs arquivos ser\u00e3o disponibilizados para DOWNLOAD em sua conta no site.(N\u00c3O SER\u00c3O ENVIADOS NO EMAIL).<\/p>\n<p>-Incluso TODAS as Matrizes<\/p>\n<p>Ap\u00f3s a confirma\u00e7\u00e3o do pagamento o Bazar do Bordado envia um email com as informa\u00e7\u00f5es sobre o pedido.<\/p>","protected":false},"featured_media":155589,"comment_status":"open","ping_status":"closed","template":"","meta":{"_acf_changed":false,"_joinchat":[]},"product_brand":[],"product_cat":[84,165,98,1644],"product_tag":[],"class_list":{"0":"post-155596","1":"product","2":"type-product","3":"status-publish","4":"has-post-thumbnail","6":"product_cat-matrizes-de-bordado","7":"product_cat-matriz-de-bordado-pascoa","8":"product_cat-projetos-na-bordadeira-in-the-hoop-embroidery","9":"product_cat-tapete-de-caneca-na-bordadeira-ith","11":"first","12":"instock","13":"sale","14":"downloadable","15":"virtual","16":"purchasable","17":"product-type-simple"},"acf":[],"yoast_head":"<!-- This site is optimized with the Yoast SEO plugin v27.2 - https:\/\/yoast.com\/product\/yoast-seo-wordpress\/ -->\n<title>Projeto P\u00e1scoa Tapete de Caneca (Feito 100% na Bordadeira) - \ud835\udc1b\ud835\udc1a\ud835\udc33\ud835\udc1a\ud835\udc2b &amp; \ud835\udc1c\ud835\udc22\ud835\udc1a<\/title>\n<meta name=\"robots\" content=\"index, follow, max-snippet:-1, max-image-preview:large, max-video-preview:-1\" \/>\n<link rel=\"canonical\" href=\"https:\/\/shop.bazarcia.com\/en\/product\/projeto-pascoa-tapete-de-caneca-feito-100-na-bordadeira\/\" \/>\n<meta property=\"og:locale\" content=\"en_US\" \/>\n<meta property=\"og:type\" content=\"article\" \/>\n<meta property=\"og:title\" content=\"Projeto P\u00e1scoa Tapete de Caneca (Feito 100% na Bordadeira) - \ud835\udc1b\ud835\udc1a\ud835\udc33\ud835\udc1a\ud835\udc2b &amp; \ud835\udc1c\ud835\udc22\ud835\udc1a\" \/>\n<meta property=\"og:description\" content=\"Pr\u00e9-Venda  Tapetinho de Caneca Muito Fofa, Todo Feito na Bordadeira, pra vc Presentear quem vc mais Ama nessa p\u00e1scoa.  Um Tamanho: -Tapete Caneca Fica aproximadamente 12,5 cm de Altura e 12,5 cm de largura.  Feito Nos Bastidores : 13x18, 14x20, 15x26, 16x26, 18x30, 20x30, 20x20, 20x28. Acompanha PAP (Passo a passo em V\u00eddeo).  Entrega dia 21\/03\/2022 no Site A partir das 08 Hs da Manh\u00e3. Ap\u00f3s a compra voc\u00ea confere aqui mesmo no Bazar os v\u00eddeos para fazer os trabalhos.  Para acessar a aula, basta estar logado em sua conta no site, acessar a aba &gt; Pedidos &gt; Material Auxiliar.Em caso de d\u00favidas clique aqui!  Moldes em PDF Apostila Os arquivos ser\u00e3o disponibilizados para DOWNLOAD em sua conta no site.(N\u00c3O SER\u00c3O ENVIADOS NO EMAIL).  -Incluso TODAS as Matrizes  Ap\u00f3s a confirma\u00e7\u00e3o do pagamento o Bazar do Bordado envia um email com as informa\u00e7\u00f5es sobre o pedido.\" \/>\n<meta property=\"og:url\" content=\"https:\/\/shop.bazarcia.com\/en\/product\/projeto-pascoa-tapete-de-caneca-feito-100-na-bordadeira\/\" \/>\n<meta property=\"og:site_name\" content=\"\ud835\udc1b\ud835\udc1a\ud835\udc33\ud835\udc1a\ud835\udc2b &amp; \ud835\udc1c\ud835\udc22\ud835\udc1a\" \/>\n<meta property=\"article:publisher\" content=\"https:\/\/www.facebook.com\/shopbazarcia\" \/>\n<meta property=\"article:modified_time\" content=\"2025-03-12T15:53:23+00:00\" \/>\n<meta property=\"og:image\" content=\"https:\/\/shop.bazarcia.com\/wp-content\/uploads\/2022\/03\/WhatsApp-Image-2022-03-08-at-10.57.56.jpeg\" \/>\n\t<meta property=\"og:image:width\" content=\"1599\" \/>\n\t<meta property=\"og:image:height\" content=\"1599\" \/>\n\t<meta property=\"og:image:type\" content=\"image\/jpeg\" \/>\n<meta name=\"twitter:card\" content=\"summary_large_image\" \/>\n<script type=\"application\/ld+json\" class=\"yoast-schema-graph\">{\"@context\":\"https:\/\/schema.org\",\"@graph\":[{\"@type\":\"WebPage\",\"@id\":\"https:\/\/shop.bazarcia.com\/produto\/projeto-pascoa-tapete-de-caneca-feito-100-na-bordadeira\/\",\"url\":\"https:\/\/shop.bazarcia.com\/produto\/projeto-pascoa-tapete-de-caneca-feito-100-na-bordadeira\/\",\"name\":\"Projeto P\u00e1scoa Tapete de Caneca (Feito 100% na Bordadeira) - \ud835\udc1b\ud835\udc1a\ud835\udc33\ud835\udc1a\ud835\udc2b &amp; \ud835\udc1c\ud835\udc22\ud835\udc1a\",\"isPartOf\":{\"@id\":\"https:\/\/shop.bazarcia.com\/#website\"},\"primaryImageOfPage\":{\"@id\":\"https:\/\/shop.bazarcia.com\/produto\/projeto-pascoa-tapete-de-caneca-feito-100-na-bordadeira\/#primaryimage\"},\"image\":{\"@id\":\"https:\/\/shop.bazarcia.com\/produto\/projeto-pascoa-tapete-de-caneca-feito-100-na-bordadeira\/#primaryimage\"},\"thumbnailUrl\":\"https:\/\/shop.bazarcia.com\/wp-content\/uploads\/2022\/03\/WhatsApp-Image-2022-03-08-at-10.57.56.jpeg\",\"datePublished\":\"2022-03-08T15:01:00+00:00\",\"dateModified\":\"2025-03-12T15:53:23+00:00\",\"breadcrumb\":{\"@id\":\"https:\/\/shop.bazarcia.com\/produto\/projeto-pascoa-tapete-de-caneca-feito-100-na-bordadeira\/#breadcrumb\"},\"inLanguage\":\"en-US\",\"potentialAction\":[{\"@type\":\"ReadAction\",\"target\":[\"https:\/\/shop.bazarcia.com\/produto\/projeto-pascoa-tapete-de-caneca-feito-100-na-bordadeira\/\"]}]},{\"@type\":\"ImageObject\",\"inLanguage\":\"en-US\",\"@id\":\"https:\/\/shop.bazarcia.com\/produto\/projeto-pascoa-tapete-de-caneca-feito-100-na-bordadeira\/#primaryimage\",\"url\":\"https:\/\/shop.bazarcia.com\/wp-content\/uploads\/2022\/03\/WhatsApp-Image-2022-03-08-at-10.57.56.jpeg\",\"contentUrl\":\"https:\/\/shop.bazarcia.com\/wp-content\/uploads\/2022\/03\/WhatsApp-Image-2022-03-08-at-10.57.56.jpeg\",\"width\":1599,\"height\":1599},{\"@type\":\"BreadcrumbList\",\"@id\":\"https:\/\/shop.bazarcia.com\/produto\/projeto-pascoa-tapete-de-caneca-feito-100-na-bordadeira\/#breadcrumb\",\"itemListElement\":[{\"@type\":\"ListItem\",\"position\":1,\"name\":\"In\u00edcio\",\"item\":\"https:\/\/shop.bazarcia.com\/\"},{\"@type\":\"ListItem\",\"position\":2,\"name\":\"Loja\",\"item\":\"https:\/\/shop.bazarcia.com\/loja\/\"},{\"@type\":\"ListItem\",\"position\":3,\"name\":\"Projeto P\u00e1scoa Tapete de Caneca (Feito 100% na Bordadeira)\"}]},{\"@type\":\"WebSite\",\"@id\":\"https:\/\/shop.bazarcia.com\/#website\",\"url\":\"https:\/\/shop.bazarcia.com\/\",\"name\":\"Bazar & Cia\",\"description\":\"criatividade ponto a ponto\",\"publisher\":{\"@id\":\"https:\/\/shop.bazarcia.com\/#organization\"},\"potentialAction\":[{\"@type\":\"SearchAction\",\"target\":{\"@type\":\"EntryPoint\",\"urlTemplate\":\"https:\/\/shop.bazarcia.com\/?s={search_term_string}\"},\"query-input\":{\"@type\":\"PropertyValueSpecification\",\"valueRequired\":true,\"valueName\":\"search_term_string\"}}],\"inLanguage\":\"en-US\"},{\"@type\":\"Organization\",\"@id\":\"https:\/\/shop.bazarcia.com\/#organization\",\"name\":\"Bazar & Cia\",\"url\":\"https:\/\/shop.bazarcia.com\/\",\"logo\":{\"@type\":\"ImageObject\",\"inLanguage\":\"en-US\",\"@id\":\"https:\/\/shop.bazarcia.com\/#\/schema\/logo\/image\/\",\"url\":\"https:\/\/shop.bazarcia.com\/wp-content\/uploads\/2024\/02\/cropped-logo_bazarcia.png\",\"contentUrl\":\"https:\/\/shop.bazarcia.com\/wp-content\/uploads\/2024\/02\/cropped-logo_bazarcia.png\",\"width\":150,\"height\":150,\"caption\":\"Bazar & Cia\"},\"image\":{\"@id\":\"https:\/\/shop.bazarcia.com\/#\/schema\/logo\/image\/\"},\"sameAs\":[\"https:\/\/www.facebook.com\/shopbazarcia\",\"https:\/\/www.instagram.com\/shopbazarcia\",\"https:\/\/br.pinterest.com\/suzane_eloise\/\",\"https:\/\/www.youtube.com\/c\/BazardoBordadoMatrizeseProjetos\"]}]}<\/script>\n<!-- \/ Yoast SEO plugin. -->","yoast_head_json":{"title":"Projeto P\u00e1scoa Tapete de Caneca (Feito 100% na Bordadeira) - \ud835\udc1b\ud835\udc1a\ud835\udc33\ud835\udc1a\ud835\udc2b &amp; \ud835\udc1c\ud835\udc22\ud835\udc1a","robots":{"index":"index","follow":"follow","max-snippet":"max-snippet:-1","max-image-preview":"max-image-preview:large","max-video-preview":"max-video-preview:-1"},"canonical":"https:\/\/shop.bazarcia.com\/en\/product\/projeto-pascoa-tapete-de-caneca-feito-100-na-bordadeira\/","og_locale":"en_US","og_type":"article","og_title":"Projeto P\u00e1scoa Tapete de Caneca (Feito 100% na Bordadeira) - \ud835\udc1b\ud835\udc1a\ud835\udc33\ud835\udc1a\ud835\udc2b &amp; \ud835\udc1c\ud835\udc22\ud835\udc1a","og_description":"Pr\u00e9-Venda  Tapetinho de Caneca Muito Fofa, Todo Feito na Bordadeira, pra vc Presentear quem vc mais Ama nessa p\u00e1scoa.  Um Tamanho: -Tapete Caneca Fica aproximadamente 12,5 cm de Altura e 12,5 cm de largura.  Feito Nos Bastidores : 13x18, 14x20, 15x26, 16x26, 18x30, 20x30, 20x20, 20x28. Acompanha PAP (Passo a passo em V\u00eddeo).  Entrega dia 21\/03\/2022 no Site A partir das 08 Hs da Manh\u00e3. Ap\u00f3s a compra voc\u00ea confere aqui mesmo no Bazar os v\u00eddeos para fazer os trabalhos.  Para acessar a aula, basta estar logado em sua conta no site, acessar a aba &gt; Pedidos &gt; Material Auxiliar.Em caso de d\u00favidas clique aqui!  Moldes em PDF Apostila Os arquivos ser\u00e3o disponibilizados para DOWNLOAD em sua conta no site.(N\u00c3O SER\u00c3O ENVIADOS NO EMAIL).  -Incluso TODAS as Matrizes  Ap\u00f3s a confirma\u00e7\u00e3o do pagamento o Bazar do Bordado envia um email com as informa\u00e7\u00f5es sobre o pedido.","og_url":"https:\/\/shop.bazarcia.com\/en\/product\/projeto-pascoa-tapete-de-caneca-feito-100-na-bordadeira\/","og_site_name":"\ud835\udc1b\ud835\udc1a\ud835\udc33\ud835\udc1a\ud835\udc2b &amp; \ud835\udc1c\ud835\udc22\ud835\udc1a","article_publisher":"https:\/\/www.facebook.com\/shopbazarcia","article_modified_time":"2025-03-12T15:53:23+00:00","og_image":[{"width":1599,"height":1599,"url":"https:\/\/shop.bazarcia.com\/wp-content\/uploads\/2022\/03\/WhatsApp-Image-2022-03-08-at-10.57.56.jpeg","type":"image\/jpeg"}],"twitter_card":"summary_large_image","schema":{"@context":"https:\/\/schema.org","@graph":[{"@type":"WebPage","@id":"https:\/\/shop.bazarcia.com\/produto\/projeto-pascoa-tapete-de-caneca-feito-100-na-bordadeira\/","url":"https:\/\/shop.bazarcia.com\/produto\/projeto-pascoa-tapete-de-caneca-feito-100-na-bordadeira\/","name":"Projeto P\u00e1scoa Tapete de Caneca (Feito 100% na Bordadeira) - \ud835\udc1b\ud835\udc1a\ud835\udc33\ud835\udc1a\ud835\udc2b &amp; \ud835\udc1c\ud835\udc22\ud835\udc1a","isPartOf":{"@id":"https:\/\/shop.bazarcia.com\/#website"},"primaryImageOfPage":{"@id":"https:\/\/shop.bazarcia.com\/produto\/projeto-pascoa-tapete-de-caneca-feito-100-na-bordadeira\/#primaryimage"},"image":{"@id":"https:\/\/shop.bazarcia.com\/produto\/projeto-pascoa-tapete-de-caneca-feito-100-na-bordadeira\/#primaryimage"},"thumbnailUrl":"https:\/\/shop.bazarcia.com\/wp-content\/uploads\/2022\/03\/WhatsApp-Image-2022-03-08-at-10.57.56.jpeg","datePublished":"2022-03-08T15:01:00+00:00","dateModified":"2025-03-12T15:53:23+00:00","breadcrumb":{"@id":"https:\/\/shop.bazarcia.com\/produto\/projeto-pascoa-tapete-de-caneca-feito-100-na-bordadeira\/#breadcrumb"},"inLanguage":"en-US","potentialAction":[{"@type":"ReadAction","target":["https:\/\/shop.bazarcia.com\/produto\/projeto-pascoa-tapete-de-caneca-feito-100-na-bordadeira\/"]}]},{"@type":"ImageObject","inLanguage":"en-US","@id":"https:\/\/shop.bazarcia.com\/produto\/projeto-pascoa-tapete-de-caneca-feito-100-na-bordadeira\/#primaryimage","url":"https:\/\/shop.bazarcia.com\/wp-content\/uploads\/2022\/03\/WhatsApp-Image-2022-03-08-at-10.57.56.jpeg","contentUrl":"https:\/\/shop.bazarcia.com\/wp-content\/uploads\/2022\/03\/WhatsApp-Image-2022-03-08-at-10.57.56.jpeg","width":1599,"height":1599},{"@type":"BreadcrumbList","@id":"https:\/\/shop.bazarcia.com\/produto\/projeto-pascoa-tapete-de-caneca-feito-100-na-bordadeira\/#breadcrumb","itemListElement":[{"@type":"ListItem","position":1,"name":"In\u00edcio","item":"https:\/\/shop.bazarcia.com\/"},{"@type":"ListItem","position":2,"name":"Loja","item":"https:\/\/shop.bazarcia.com\/loja\/"},{"@type":"ListItem","position":3,"name":"Projeto P\u00e1scoa Tapete de Caneca (Feito 100% na Bordadeira)"}]},{"@type":"WebSite","@id":"https:\/\/shop.bazarcia.com\/#website","url":"https:\/\/shop.bazarcia.com\/","name":"Bazar & Cia","description":"criatividade ponto a ponto","publisher":{"@id":"https:\/\/shop.bazarcia.com\/#organization"},"potentialAction":[{"@type":"SearchAction","target":{"@type":"EntryPoint","urlTemplate":"https:\/\/shop.bazarcia.com\/?s={search_term_string}"},"query-input":{"@type":"PropertyValueSpecification","valueRequired":true,"valueName":"search_term_string"}}],"inLanguage":"en-US"},{"@type":"Organization","@id":"https:\/\/shop.bazarcia.com\/#organization","name":"Bazar & Cia","url":"https:\/\/shop.bazarcia.com\/","logo":{"@type":"ImageObject","inLanguage":"en-US","@id":"https:\/\/shop.bazarcia.com\/#\/schema\/logo\/image\/","url":"https:\/\/shop.bazarcia.com\/wp-content\/uploads\/2024\/02\/cropped-logo_bazarcia.png","contentUrl":"https:\/\/shop.bazarcia.com\/wp-content\/uploads\/2024\/02\/cropped-logo_bazarcia.png","width":150,"height":150,"caption":"Bazar & Cia"},"image":{"@id":"https:\/\/shop.bazarcia.com\/#\/schema\/logo\/image\/"},"sameAs":["https:\/\/www.facebook.com\/shopbazarcia","https:\/\/www.instagram.com\/shopbazarcia","https:\/\/br.pinterest.com\/suzane_eloise\/","https:\/\/www.youtube.com\/c\/BazardoBordadoMatrizeseProjetos"]}]}},"_links":{"self":[{"href":"https:\/\/shop.bazarcia.com\/en\/wp-json\/wp\/v2\/product\/155596","targetHints":{"allow":["GET"]}}],"collection":[{"href":"https:\/\/shop.bazarcia.com\/en\/wp-json\/wp\/v2\/product"}],"about":[{"href":"https:\/\/shop.bazarcia.com\/en\/wp-json\/wp\/v2\/types\/product"}],"replies":[{"embeddable":true,"href":"https:\/\/shop.bazarcia.com\/en\/wp-json\/wp\/v2\/comments?post=155596"}],"version-history":[{"count":0,"href":"https:\/\/shop.bazarcia.com\/en\/wp-json\/wp\/v2\/product\/155596\/revisions"}],"wp:featuredmedia":[{"embeddable":true,"href":"https:\/\/shop.bazarcia.com\/en\/wp-json\/wp\/v2\/media\/155589"}],"wp:attachment":[{"href":"https:\/\/shop.bazarcia.com\/en\/wp-json\/wp\/v2\/media?parent=155596"}],"wp:term":[{"taxonomy":"product_brand","embeddable":true,"href":"https:\/\/shop.bazarcia.com\/en\/wp-json\/wp\/v2\/product_brand?post=155596"},{"taxonomy":"product_cat","embeddable":true,"href":"https:\/\/shop.bazarcia.com\/en\/wp-json\/wp\/v2\/product_cat?post=155596"},{"taxonomy":"product_tag","embeddable":true,"href":"https:\/\/shop.bazarcia.com\/en\/wp-json\/wp\/v2\/product_tag?post=155596"}],"curies":[{"name":"wp","href":"https:\/\/api.w.org\/{rel}","templated":true}]}}