{"id":156334,"date":"2022-03-11T13:02:12","date_gmt":"2022-03-11T16:02:12","guid":{"rendered":"https:\/\/shop.bazarcia.com\/produto\/matrizes-e-projetos-de-bordado-cisnes\/"},"modified":"2024-02-28T09:43:37","modified_gmt":"2024-02-28T12:43:37","slug":"matrizes-e-projetos-de-bordado-cisnes","status":"publish","type":"product","link":"https:\/\/shop.bazarcia.com\/en\/product\/matrizes-e-projetos-de-bordado-cisnes\/","title":{"rendered":"Matrizes e Projetos de Bordado Cisnes"},"content":{"rendered":"<p style=\"margin-top: 0px;margin-bottom: 1rem;color: #6c737b;font-family: roboto, sans-serif\"><span style=\"font-weight: bolder\">ESTE PRODUTO EST\u00c1 NA PR\u00c9-VENDA E SER\u00c1 LIBERADO EM 18\/03\/2022<\/span><\/p>\n<p style=\"margin-top: 0px;margin-bottom: 1rem;color: #6c737b;font-family: roboto, sans-serif\"><span style=\"font-weight: bolder\"><span style=\"font-weight: bolder\"><span style=\"font-weight: bolder\">Matrizes de Bordado Cisnes Aplique Pontos Leves 3D Fringe Tag<\/span><\/span><\/span><\/p>\n<p><i style=\"vertical-align: middle\"><span style=\"font-weight: bolder\">Descri\u00e7\u00e3o das Matrizes:<br \/>\n<\/span><\/i><i style=\"vertical-align: middle\"><\/i><i style=\"vertical-align: middle\"><\/i>(tamanhos aproximados)<span style=\"font-weight: bolder\"><i style=\"vertical-align: middle\"><span style=\"font-weight: bolder\"><br \/>\n<\/span><\/i><\/span><span style=\"font-weight: bolder\">&#8211; Matriz Fringe:\u00a0<\/span>8,5 x 10 cm (vers\u00e3o menina)<span style=\"font-weight: bolder\"><br \/>\n<\/span><span style=\"font-weight: bolder\">&#8211; Casal Cisnes Pontos Leves:\u00a0<\/span>7,5&#215;15,5 cm<br \/>\n<span style=\"font-weight: bolder\">&#8211; Chaveiros Chapados:\u00a0<\/span>6&#215;6 cm (vers\u00e3o menino e menina)<span style=\"font-weight: bolder\"><br \/>\n&#8211; Apliques Simples:\u00a0<\/span>10&#215;10 &#8211; 12&#215;12 &#8211; 14&#215;14 &#8211; 16&#215;16 cm (vers\u00e3o menino e menina)<span style=\"font-weight: bolder\"><br \/>\n&#8211; Apliques 3D:\u00a0<\/span>10 &#8211; 12 &#8211; 14 &#8211; 16 cm (vers\u00e3o menino e menina)<span style=\"font-weight: bolder\"><br \/>\n<span style=\"font-weight: bolder\">&#8211; Apliques com Lago Pontos Leves:\u00a0<i style=\"vertical-align: middle\"><\/i><\/span>10&#215;12 &#8211;\u00a0<i style=\"vertical-align: middle\"><\/i><\/span>13&#215;14,5 cm (vers\u00e3o menino e menina)<i style=\"vertical-align: middle\"><\/i><i style=\"vertical-align: middle\"><\/i><i style=\"vertical-align: middle\"><\/i><i style=\"vertical-align: middle\"><\/i><span style=\"font-weight: bolder\"><br \/>\n&#8211; Pontos Leves:\u00a0<\/span>10 &#8211; 12 cm (vers\u00e3o menino e menina)<span style=\"font-weight: bolder\"><br \/>\n&#8211; Moldura Cisnes:\u00a0<\/span>13&#215;13 e 15&#215;15 cm<span style=\"font-weight: bolder\"><br \/>\n&#8211; Moldura Quadrada:\u00a0<\/span>10&#215;10 &#8211; 13&#215;13 &#8211; 14&#215;14 &#8211; 15&#215;15 &#8211; 16&#215;16 &#8211; 20&#215;20 cm<span style=\"font-weight: bolder\"><br \/>\n&#8211; Moldura Retangular:\u00a0<\/span>13&#215;18 &#8211; 15&#215;25 &#8211; 17&#215;30 cm<br \/>\n<span style=\"font-weight: bolder\">&#8211; Naninha Chapada<\/span>: 12&#215;12 (vers\u00e3o menino e menina)<br \/>\n<span style=\"font-weight: bolder\">&#8211; Segura Chuperta:<\/span>\u00a06&#215;6 cm (vers\u00e3o menino e menina)<br \/>\n<span style=\"font-weight: bolder\">&#8211; Tag para Nome:\u00a0<\/span>4,5&#215;13 &#8211; 5,5&#215;15 &#8211; 6,5&#215;18 &#8211; 7&#215;20 &#8211; 9&#215;25 &#8211; 10,5&#215;30 cm<\/p>\n<p style=\"margin-top: 0px;margin-bottom: 1rem;color: #6c737b;font-family: roboto, sans-serif\"><span style=\"font-weight: bolder\"><br \/>\n<span style=\"font-weight: bolder\">Brinde:\u00a0<\/span>Matrizes Decorativas Surpresa<br \/>\n<\/span><\/p>\n<p style=\"margin-top: 0px;margin-bottom: 1rem;color: #6c737b;font-family: roboto, sans-serif\"><span style=\"font-weight: bolder\"><span style=\"font-weight: bolder\"><span style=\"font-weight: bolder\">\u2661 Este \u00e9 um produto DIGITAL e os arquivos estar\u00e3o dispon\u00edveis para download aqui mesmo, na sua conta, ap\u00f3s confirma\u00e7\u00e3o do pagamento. Para produtos em pr\u00e9-venda, atente-se \u00e0 data de entrega.<\/span><\/span><br \/>\n<\/span><\/p>\n<p style=\"margin-top: 0px;margin-bottom: 1rem;color: #6c737b;font-family: roboto, sans-serif\"><span style=\"font-weight: bolder\"><span style=\"font-weight: bolder\">\u2661 Os arquivos est\u00e3o em pasta compactada (ZIP), sendo necess\u00e1rio descompact\u00e1-la.<\/span><\/span><\/p>\n<p style=\"margin-top: 0px;margin-bottom: 1rem;color: #6c737b\">\u2661 Os mesmos s\u00e3o compat\u00edveis com v\u00e1rios tipos e modelos de m\u00e1quinas, com os seguintes formatos:<br \/>\nDST &#8211; EXP &#8211; HUS &#8211; JEF &#8211; PES &#8211; XXX<\/p>\n<p style=\"margin-top: 0px;margin-bottom: 1rem;color: #6c737b\">\u2661 Adquirindo nossas matrizes e projetos voc\u00ea se declara de acordo com nossos\u00a0<span style=\"font-weight: bolder\"><span style=\"font-weight: bolder\"><span style=\"font-weight: bolder\"><a style=\"color: #95663c;background-color: transparent\" href=\"https:\/\/shop.bazarcia.com\/en\/store\/atelie-mamae-coruja\/toc\/\" target=\"_blank\" rel=\"nofollow noopener\">TERMOS E CONDI\u00c7\u00d5ES<\/a><\/span>.<\/span><\/span><\/p>\n<p>&nbsp;<\/p>\n<p style=\"margin-top: 0px;margin-bottom: 1rem;color: #6c737b\">Designer: Freepik (com Licen\u00e7a de Uso)<br \/>\nAdapta\u00e7\u00e3o: Ateli\u00ea Mam\u00e3e Coruja<\/p>","protected":false},"excerpt":{"rendered":"<p>Este \u00e9 um PRODUTO DIGITAL destinado a artes\u00e3s e artes\u00e3os \u2665<\/p>\n<p>\u2665 Chegamos com mais um tema lindo e muito amado pelas mam\u00e3es, seja para o enxoval do beb\u00ea, para decora\u00e7\u00e3o do quarto, tudo com esse bichinho fica lindo!<\/p>\n<p>\u2665 Os cisnes simbolizam luz, pureza, gra\u00e7a e harmonia, e al\u00e9m de ser um animal magn\u00edfico e elegante. Quando falamos em enxovais e decora\u00e7\u00f5es para beb\u00eas neste tema, nossa proposta n\u00e3o \u00e9 apenas incluir este bichinho fofo, mas tamb\u00e9m tudo isso que ele representa em cada pe\u00e7a.<\/p>\n<p>\u2665 Este kit cont\u00e9m matrizes em APLIQUE, PONTOS LEVES, 3D, MOLDURAS, TAG, CHAVEIROS, NANINHAS PLANAS, SEGURA CHUPETA e ainda uma matriz em fringe, tudo muito lindo para compor pe\u00e7as como fraldinhas, toalhinhas, mantinhas, capas de caderneta, bolsas, n\u00e9cessaires&#8230; enfim, um leque enorme de possibilidades.<\/p>\n<p>Mais informa\u00e7\u00f5es abaixo!<\/p>","protected":false},"featured_media":156312,"comment_status":"open","ping_status":"closed","template":"","meta":{"_acf_changed":false,"_joinchat":[]},"product_brand":[],"product_cat":[84,122,242,85,302,336,1549,316,98,106,213,1547,1755],"product_tag":[1435],"class_list":{"0":"post-156334","1":"product","2":"type-product","3":"status-publish","4":"has-post-thumbnail","6":"product_cat-matrizes-de-bordado","7":"product_cat-matrizes-de-bordado-animais","8":"product_cat-cisnes","9":"product_cat-apliques","10":"product_cat-matrizes-de-bordado-3d","11":"product_cat-molduras","12":"product_cat-molduras-em-aplique","13":"product_cat-tecnica-fringe","14":"product_cat-projetos-na-bordadeira-in-the-hoop-embroidery","15":"product_cat-projeto-chaveiros-e-tags-na-bordadeira","16":"product_cat-projeto-naninhas-na-bordadeira","17":"product_cat-naninhas-na-bordadeira-modelo-plano-ith","18":"product_cat-porta-chupeta","19":"product_tag-projeto-na-bordadeira-ith","21":"first","22":"instock","23":"downloadable","24":"virtual","25":"purchasable","26":"product-type-simple"},"acf":[],"yoast_head":"<!-- This site is optimized with the Yoast SEO plugin v27.2 - https:\/\/yoast.com\/product\/yoast-seo-wordpress\/ -->\n<title>Matrizes e Projetos de Bordado Cisnes - \ud835\udc1b\ud835\udc1a\ud835\udc33\ud835\udc1a\ud835\udc2b &amp; \ud835\udc1c\ud835\udc22\ud835\udc1a<\/title>\n<meta name=\"robots\" content=\"index, follow, max-snippet:-1, max-image-preview:large, max-video-preview:-1\" \/>\n<link rel=\"canonical\" href=\"https:\/\/shop.bazarcia.com\/en\/product\/matrizes-e-projetos-de-bordado-cisnes\/\" \/>\n<meta property=\"og:locale\" content=\"en_US\" \/>\n<meta property=\"og:type\" content=\"article\" \/>\n<meta property=\"og:title\" content=\"Matrizes e Projetos de Bordado Cisnes - \ud835\udc1b\ud835\udc1a\ud835\udc33\ud835\udc1a\ud835\udc2b &amp; \ud835\udc1c\ud835\udc22\ud835\udc1a\" \/>\n<meta property=\"og:description\" content=\"Este \u00e9 um PRODUTO DIGITAL destinado a artes\u00e3s e artes\u00e3os \u2665  \u2665 Chegamos com mais um tema lindo e muito amado pelas mam\u00e3es, seja para o enxoval do beb\u00ea, para decora\u00e7\u00e3o do quarto, tudo com esse bichinho fica lindo!  \u2665 Os cisnes simbolizam luz, pureza, gra\u00e7a e harmonia, e al\u00e9m de ser um animal magn\u00edfico e elegante. Quando falamos em enxovais e decora\u00e7\u00f5es para beb\u00eas neste tema, nossa proposta n\u00e3o \u00e9 apenas incluir este bichinho fofo, mas tamb\u00e9m tudo isso que ele representa em cada pe\u00e7a.  \u2665 Este kit cont\u00e9m matrizes em APLIQUE, PONTOS LEVES, 3D, MOLDURAS, TAG, CHAVEIROS, NANINHAS PLANAS, SEGURA CHUPETA e ainda uma matriz em fringe, tudo muito lindo para compor pe\u00e7as como fraldinhas, toalhinhas, mantinhas, capas de caderneta, bolsas, n\u00e9cessaires... enfim, um leque enorme de possibilidades.  Mais informa\u00e7\u00f5es abaixo!\" \/>\n<meta property=\"og:url\" content=\"https:\/\/shop.bazarcia.com\/en\/product\/matrizes-e-projetos-de-bordado-cisnes\/\" \/>\n<meta property=\"og:site_name\" content=\"\ud835\udc1b\ud835\udc1a\ud835\udc33\ud835\udc1a\ud835\udc2b &amp; \ud835\udc1c\ud835\udc22\ud835\udc1a\" \/>\n<meta property=\"article:publisher\" content=\"https:\/\/www.facebook.com\/shopbazarcia\" \/>\n<meta property=\"article:modified_time\" content=\"2024-02-28T12:43:37+00:00\" \/>\n<meta property=\"og:image\" content=\"https:\/\/shop.bazarcia.com\/wp-content\/uploads\/2022\/03\/Matrizes-de-Bordado-Cisnes-1.png\" \/>\n\t<meta property=\"og:image:width\" content=\"1080\" \/>\n\t<meta property=\"og:image:height\" content=\"1080\" \/>\n\t<meta property=\"og:image:type\" content=\"image\/png\" \/>\n<meta name=\"twitter:card\" content=\"summary_large_image\" \/>\n<meta name=\"twitter:label1\" content=\"Est. reading time\" \/>\n\t<meta name=\"twitter:data1\" content=\"1 minute\" \/>\n<script type=\"application\/ld+json\" class=\"yoast-schema-graph\">{\"@context\":\"https:\/\/schema.org\",\"@graph\":[{\"@type\":\"WebPage\",\"@id\":\"https:\/\/shop.bazarcia.com\/produto\/matrizes-e-projetos-de-bordado-cisnes\/\",\"url\":\"https:\/\/shop.bazarcia.com\/produto\/matrizes-e-projetos-de-bordado-cisnes\/\",\"name\":\"Matrizes e Projetos de Bordado Cisnes - \ud835\udc1b\ud835\udc1a\ud835\udc33\ud835\udc1a\ud835\udc2b &amp; \ud835\udc1c\ud835\udc22\ud835\udc1a\",\"isPartOf\":{\"@id\":\"https:\/\/shop.bazarcia.com\/#website\"},\"primaryImageOfPage\":{\"@id\":\"https:\/\/shop.bazarcia.com\/produto\/matrizes-e-projetos-de-bordado-cisnes\/#primaryimage\"},\"image\":{\"@id\":\"https:\/\/shop.bazarcia.com\/produto\/matrizes-e-projetos-de-bordado-cisnes\/#primaryimage\"},\"thumbnailUrl\":\"https:\/\/shop.bazarcia.com\/wp-content\/uploads\/2022\/03\/Matrizes-de-Bordado-Cisnes-1.png\",\"datePublished\":\"2022-03-11T16:02:12+00:00\",\"dateModified\":\"2024-02-28T12:43:37+00:00\",\"breadcrumb\":{\"@id\":\"https:\/\/shop.bazarcia.com\/produto\/matrizes-e-projetos-de-bordado-cisnes\/#breadcrumb\"},\"inLanguage\":\"en-US\",\"potentialAction\":[{\"@type\":\"ReadAction\",\"target\":[\"https:\/\/shop.bazarcia.com\/produto\/matrizes-e-projetos-de-bordado-cisnes\/\"]}]},{\"@type\":\"ImageObject\",\"inLanguage\":\"en-US\",\"@id\":\"https:\/\/shop.bazarcia.com\/produto\/matrizes-e-projetos-de-bordado-cisnes\/#primaryimage\",\"url\":\"https:\/\/shop.bazarcia.com\/wp-content\/uploads\/2022\/03\/Matrizes-de-Bordado-Cisnes-1.png\",\"contentUrl\":\"https:\/\/shop.bazarcia.com\/wp-content\/uploads\/2022\/03\/Matrizes-de-Bordado-Cisnes-1.png\",\"width\":1080,\"height\":1080},{\"@type\":\"BreadcrumbList\",\"@id\":\"https:\/\/shop.bazarcia.com\/produto\/matrizes-e-projetos-de-bordado-cisnes\/#breadcrumb\",\"itemListElement\":[{\"@type\":\"ListItem\",\"position\":1,\"name\":\"In\u00edcio\",\"item\":\"https:\/\/shop.bazarcia.com\/\"},{\"@type\":\"ListItem\",\"position\":2,\"name\":\"Loja\",\"item\":\"https:\/\/shop.bazarcia.com\/loja\/\"},{\"@type\":\"ListItem\",\"position\":3,\"name\":\"Matrizes e Projetos de Bordado Cisnes\"}]},{\"@type\":\"WebSite\",\"@id\":\"https:\/\/shop.bazarcia.com\/#website\",\"url\":\"https:\/\/shop.bazarcia.com\/\",\"name\":\"Bazar & Cia\",\"description\":\"criatividade ponto a ponto\",\"publisher\":{\"@id\":\"https:\/\/shop.bazarcia.com\/#organization\"},\"potentialAction\":[{\"@type\":\"SearchAction\",\"target\":{\"@type\":\"EntryPoint\",\"urlTemplate\":\"https:\/\/shop.bazarcia.com\/?s={search_term_string}\"},\"query-input\":{\"@type\":\"PropertyValueSpecification\",\"valueRequired\":true,\"valueName\":\"search_term_string\"}}],\"inLanguage\":\"en-US\"},{\"@type\":\"Organization\",\"@id\":\"https:\/\/shop.bazarcia.com\/#organization\",\"name\":\"Bazar & Cia\",\"url\":\"https:\/\/shop.bazarcia.com\/\",\"logo\":{\"@type\":\"ImageObject\",\"inLanguage\":\"en-US\",\"@id\":\"https:\/\/shop.bazarcia.com\/#\/schema\/logo\/image\/\",\"url\":\"https:\/\/shop.bazarcia.com\/wp-content\/uploads\/2024\/02\/cropped-logo_bazarcia.png\",\"contentUrl\":\"https:\/\/shop.bazarcia.com\/wp-content\/uploads\/2024\/02\/cropped-logo_bazarcia.png\",\"width\":150,\"height\":150,\"caption\":\"Bazar & Cia\"},\"image\":{\"@id\":\"https:\/\/shop.bazarcia.com\/#\/schema\/logo\/image\/\"},\"sameAs\":[\"https:\/\/www.facebook.com\/shopbazarcia\",\"https:\/\/www.instagram.com\/shopbazarcia\",\"https:\/\/br.pinterest.com\/suzane_eloise\/\",\"https:\/\/www.youtube.com\/c\/BazardoBordadoMatrizeseProjetos\"]}]}<\/script>\n<!-- \/ Yoast SEO plugin. -->","yoast_head_json":{"title":"Matrizes e Projetos de Bordado Cisnes - \ud835\udc1b\ud835\udc1a\ud835\udc33\ud835\udc1a\ud835\udc2b &amp; \ud835\udc1c\ud835\udc22\ud835\udc1a","robots":{"index":"index","follow":"follow","max-snippet":"max-snippet:-1","max-image-preview":"max-image-preview:large","max-video-preview":"max-video-preview:-1"},"canonical":"https:\/\/shop.bazarcia.com\/en\/product\/matrizes-e-projetos-de-bordado-cisnes\/","og_locale":"en_US","og_type":"article","og_title":"Matrizes e Projetos de Bordado Cisnes - \ud835\udc1b\ud835\udc1a\ud835\udc33\ud835\udc1a\ud835\udc2b &amp; \ud835\udc1c\ud835\udc22\ud835\udc1a","og_description":"Este \u00e9 um PRODUTO DIGITAL destinado a artes\u00e3s e artes\u00e3os \u2665  \u2665 Chegamos com mais um tema lindo e muito amado pelas mam\u00e3es, seja para o enxoval do beb\u00ea, para decora\u00e7\u00e3o do quarto, tudo com esse bichinho fica lindo!  \u2665 Os cisnes simbolizam luz, pureza, gra\u00e7a e harmonia, e al\u00e9m de ser um animal magn\u00edfico e elegante. Quando falamos em enxovais e decora\u00e7\u00f5es para beb\u00eas neste tema, nossa proposta n\u00e3o \u00e9 apenas incluir este bichinho fofo, mas tamb\u00e9m tudo isso que ele representa em cada pe\u00e7a.  \u2665 Este kit cont\u00e9m matrizes em APLIQUE, PONTOS LEVES, 3D, MOLDURAS, TAG, CHAVEIROS, NANINHAS PLANAS, SEGURA CHUPETA e ainda uma matriz em fringe, tudo muito lindo para compor pe\u00e7as como fraldinhas, toalhinhas, mantinhas, capas de caderneta, bolsas, n\u00e9cessaires... enfim, um leque enorme de possibilidades.  Mais informa\u00e7\u00f5es abaixo!","og_url":"https:\/\/shop.bazarcia.com\/en\/product\/matrizes-e-projetos-de-bordado-cisnes\/","og_site_name":"\ud835\udc1b\ud835\udc1a\ud835\udc33\ud835\udc1a\ud835\udc2b &amp; \ud835\udc1c\ud835\udc22\ud835\udc1a","article_publisher":"https:\/\/www.facebook.com\/shopbazarcia","article_modified_time":"2024-02-28T12:43:37+00:00","og_image":[{"width":1080,"height":1080,"url":"https:\/\/shop.bazarcia.com\/wp-content\/uploads\/2022\/03\/Matrizes-de-Bordado-Cisnes-1.png","type":"image\/png"}],"twitter_card":"summary_large_image","twitter_misc":{"Est. reading time":"1 minute"},"schema":{"@context":"https:\/\/schema.org","@graph":[{"@type":"WebPage","@id":"https:\/\/shop.bazarcia.com\/produto\/matrizes-e-projetos-de-bordado-cisnes\/","url":"https:\/\/shop.bazarcia.com\/produto\/matrizes-e-projetos-de-bordado-cisnes\/","name":"Matrizes e Projetos de Bordado Cisnes - \ud835\udc1b\ud835\udc1a\ud835\udc33\ud835\udc1a\ud835\udc2b &amp; \ud835\udc1c\ud835\udc22\ud835\udc1a","isPartOf":{"@id":"https:\/\/shop.bazarcia.com\/#website"},"primaryImageOfPage":{"@id":"https:\/\/shop.bazarcia.com\/produto\/matrizes-e-projetos-de-bordado-cisnes\/#primaryimage"},"image":{"@id":"https:\/\/shop.bazarcia.com\/produto\/matrizes-e-projetos-de-bordado-cisnes\/#primaryimage"},"thumbnailUrl":"https:\/\/shop.bazarcia.com\/wp-content\/uploads\/2022\/03\/Matrizes-de-Bordado-Cisnes-1.png","datePublished":"2022-03-11T16:02:12+00:00","dateModified":"2024-02-28T12:43:37+00:00","breadcrumb":{"@id":"https:\/\/shop.bazarcia.com\/produto\/matrizes-e-projetos-de-bordado-cisnes\/#breadcrumb"},"inLanguage":"en-US","potentialAction":[{"@type":"ReadAction","target":["https:\/\/shop.bazarcia.com\/produto\/matrizes-e-projetos-de-bordado-cisnes\/"]}]},{"@type":"ImageObject","inLanguage":"en-US","@id":"https:\/\/shop.bazarcia.com\/produto\/matrizes-e-projetos-de-bordado-cisnes\/#primaryimage","url":"https:\/\/shop.bazarcia.com\/wp-content\/uploads\/2022\/03\/Matrizes-de-Bordado-Cisnes-1.png","contentUrl":"https:\/\/shop.bazarcia.com\/wp-content\/uploads\/2022\/03\/Matrizes-de-Bordado-Cisnes-1.png","width":1080,"height":1080},{"@type":"BreadcrumbList","@id":"https:\/\/shop.bazarcia.com\/produto\/matrizes-e-projetos-de-bordado-cisnes\/#breadcrumb","itemListElement":[{"@type":"ListItem","position":1,"name":"In\u00edcio","item":"https:\/\/shop.bazarcia.com\/"},{"@type":"ListItem","position":2,"name":"Loja","item":"https:\/\/shop.bazarcia.com\/loja\/"},{"@type":"ListItem","position":3,"name":"Matrizes e Projetos de Bordado Cisnes"}]},{"@type":"WebSite","@id":"https:\/\/shop.bazarcia.com\/#website","url":"https:\/\/shop.bazarcia.com\/","name":"Bazar & Cia","description":"criatividade ponto a ponto","publisher":{"@id":"https:\/\/shop.bazarcia.com\/#organization"},"potentialAction":[{"@type":"SearchAction","target":{"@type":"EntryPoint","urlTemplate":"https:\/\/shop.bazarcia.com\/?s={search_term_string}"},"query-input":{"@type":"PropertyValueSpecification","valueRequired":true,"valueName":"search_term_string"}}],"inLanguage":"en-US"},{"@type":"Organization","@id":"https:\/\/shop.bazarcia.com\/#organization","name":"Bazar & Cia","url":"https:\/\/shop.bazarcia.com\/","logo":{"@type":"ImageObject","inLanguage":"en-US","@id":"https:\/\/shop.bazarcia.com\/#\/schema\/logo\/image\/","url":"https:\/\/shop.bazarcia.com\/wp-content\/uploads\/2024\/02\/cropped-logo_bazarcia.png","contentUrl":"https:\/\/shop.bazarcia.com\/wp-content\/uploads\/2024\/02\/cropped-logo_bazarcia.png","width":150,"height":150,"caption":"Bazar & Cia"},"image":{"@id":"https:\/\/shop.bazarcia.com\/#\/schema\/logo\/image\/"},"sameAs":["https:\/\/www.facebook.com\/shopbazarcia","https:\/\/www.instagram.com\/shopbazarcia","https:\/\/br.pinterest.com\/suzane_eloise\/","https:\/\/www.youtube.com\/c\/BazardoBordadoMatrizeseProjetos"]}]}},"_links":{"self":[{"href":"https:\/\/shop.bazarcia.com\/en\/wp-json\/wp\/v2\/product\/156334","targetHints":{"allow":["GET"]}}],"collection":[{"href":"https:\/\/shop.bazarcia.com\/en\/wp-json\/wp\/v2\/product"}],"about":[{"href":"https:\/\/shop.bazarcia.com\/en\/wp-json\/wp\/v2\/types\/product"}],"replies":[{"embeddable":true,"href":"https:\/\/shop.bazarcia.com\/en\/wp-json\/wp\/v2\/comments?post=156334"}],"version-history":[{"count":1,"href":"https:\/\/shop.bazarcia.com\/en\/wp-json\/wp\/v2\/product\/156334\/revisions"}],"predecessor-version":[{"id":264237,"href":"https:\/\/shop.bazarcia.com\/en\/wp-json\/wp\/v2\/product\/156334\/revisions\/264237"}],"wp:featuredmedia":[{"embeddable":true,"href":"https:\/\/shop.bazarcia.com\/en\/wp-json\/wp\/v2\/media\/156312"}],"wp:attachment":[{"href":"https:\/\/shop.bazarcia.com\/en\/wp-json\/wp\/v2\/media?parent=156334"}],"wp:term":[{"taxonomy":"product_brand","embeddable":true,"href":"https:\/\/shop.bazarcia.com\/en\/wp-json\/wp\/v2\/product_brand?post=156334"},{"taxonomy":"product_cat","embeddable":true,"href":"https:\/\/shop.bazarcia.com\/en\/wp-json\/wp\/v2\/product_cat?post=156334"},{"taxonomy":"product_tag","embeddable":true,"href":"https:\/\/shop.bazarcia.com\/en\/wp-json\/wp\/v2\/product_tag?post=156334"}],"curies":[{"name":"wp","href":"https:\/\/api.w.org\/{rel}","templated":true}]}}