{"id":157080,"date":"2022-03-15T00:48:47","date_gmt":"2022-03-15T03:48:47","guid":{"rendered":"https:\/\/shop.bazarcia.com\/produto\/matriz-de-bordado-coelhinhos-da-pascoa\/"},"modified":"2022-03-16T13:34:29","modified_gmt":"2022-03-16T16:34:29","slug":"matriz-de-bordado-coelhinhos-da-pascoa","status":"publish","type":"product","link":"https:\/\/shop.bazarcia.com\/en\/product\/matriz-de-bordado-coelhinhos-da-pascoa\/","title":{"rendered":"Matriz de Bordado &#8211; Coelhinhos da P\u00e1scoa"},"content":{"rendered":"<p>Coelhinhos da P\u00e1scoa s\u00e3o matrizes em pontos leves que podem ser bordados em diversas pe\u00e7as compondo kits lindos para cozinha, enfim voc\u00ea n\u00e3o pode perder pois ser\u00e3o mais de 7\u00a0 matrizes para panos de copa !<\/p>\n<p>Tamanhos<\/p>\n<p>Desenhos a partir de 10 cm<\/p>\n<p>Os tamanhos, cores e trocas de linhas tamb\u00e9m pode ser conferidos nas fotos!<\/p>\n<p>Este \u00e9 um produto DIGITAL e os arquivos estar\u00e3o dispon\u00edveis para download aqui mesmo na sua conta ap\u00f3s confirma\u00e7\u00e3o de pagamento.<\/p>\n<p>N\u00e3o enviamos por email.<\/p>\n<p>Os arquivos est\u00e3o em pasta compactada (zip), sendo necess\u00e1rio descompact\u00e1 \u2013 las. Os mesmos s\u00e3o compat\u00edveis com v\u00e1rios tipos e modelos de m\u00e1quinas, com os seguintes formatos: PES \u2013 DST \u2013 JEF \u2013 XXX<\/p>\n<ul>\n<li><strong>Adquirindo nossas matrizes e projetos voc\u00ea se declara de acordo com nossos TERMOS E CONDI\u00c7\u00d5ES.<\/strong><\/li>\n<\/ul>\n<p>Designers: Freepik<\/p>","protected":false},"excerpt":{"rendered":"<p>Coelhinhos da P\u00e1scoa s\u00e3o matrizes em pontos leves que podem ser bordados em diversas pe\u00e7as compondo kits lindos para cozinha, enfim voc\u00ea n\u00e3o pode perder pois ser\u00e3o mais de 7 matrizes para panos de copa !<\/p>","protected":false},"featured_media":157073,"comment_status":"open","ping_status":"closed","template":"","meta":{"_acf_changed":false,"_joinchat":[]},"product_brand":[],"product_cat":[84,122,208,165],"product_tag":[1090],"class_list":{"0":"post-157080","1":"product","2":"type-product","3":"status-publish","4":"has-post-thumbnail","6":"product_cat-matrizes-de-bordado","7":"product_cat-matrizes-de-bordado-animais","8":"product_cat-coelhinhos","9":"product_cat-matriz-de-bordado-pascoa","10":"product_tag-maquina-de-bordar","12":"first","13":"instock","14":"downloadable","15":"virtual","16":"purchasable","17":"product-type-simple"},"acf":[],"yoast_head":"<!-- This site is optimized with the Yoast SEO plugin v27.2 - https:\/\/yoast.com\/product\/yoast-seo-wordpress\/ -->\n<title>[coelhinho] [pascoa] [body]<\/title>\n<meta name=\"description\" content=\"Coelhinhos da P\u00e1scoa s\u00e3o matrizes em pontos leves que podem ser bordados em diversas pe\u00e7as compondo kits lindos para cozinha, enfim voc\u00ea n\u00e3o pode perder pois ser\u00e3o mais de 7 matrizes para panos de copa !\" \/>\n<meta name=\"robots\" content=\"index, follow, max-snippet:-1, max-image-preview:large, max-video-preview:-1\" \/>\n<link rel=\"canonical\" href=\"https:\/\/shop.bazarcia.com\/en\/product\/matriz-de-bordado-coelhinhos-da-pascoa\/\" \/>\n<meta property=\"og:locale\" content=\"en_US\" \/>\n<meta property=\"og:type\" content=\"article\" \/>\n<meta property=\"og:title\" content=\"[coelhinho] [pascoa] [body]\" \/>\n<meta property=\"og:description\" content=\"Coelhinhos da P\u00e1scoa s\u00e3o matrizes em pontos leves que podem ser bordados em diversas pe\u00e7as compondo kits lindos para cozinha, enfim voc\u00ea n\u00e3o pode perder pois ser\u00e3o mais de 7 matrizes para panos de copa !\" \/>\n<meta property=\"og:url\" content=\"https:\/\/shop.bazarcia.com\/en\/product\/matriz-de-bordado-coelhinhos-da-pascoa\/\" \/>\n<meta property=\"og:site_name\" content=\"\ud835\udc1b\ud835\udc1a\ud835\udc33\ud835\udc1a\ud835\udc2b &amp; \ud835\udc1c\ud835\udc22\ud835\udc1a\" \/>\n<meta property=\"article:publisher\" content=\"https:\/\/www.facebook.com\/shopbazarcia\" \/>\n<meta property=\"article:modified_time\" content=\"2022-03-16T16:34:29+00:00\" \/>\n<meta property=\"og:image\" content=\"https:\/\/shop.bazarcia.com\/wp-content\/uploads\/2022\/03\/EA-1-1.jpeg\" \/>\n\t<meta property=\"og:image:width\" content=\"800\" \/>\n\t<meta property=\"og:image:height\" content=\"779\" \/>\n\t<meta property=\"og:image:type\" content=\"image\/jpeg\" \/>\n<meta name=\"twitter:card\" content=\"summary_large_image\" \/>\n<meta name=\"twitter:label1\" content=\"Est. reading time\" \/>\n\t<meta name=\"twitter:data1\" content=\"1 minute\" \/>\n<script type=\"application\/ld+json\" class=\"yoast-schema-graph\">{\"@context\":\"https:\/\/schema.org\",\"@graph\":[{\"@type\":\"WebPage\",\"@id\":\"https:\/\/shop.bazarcia.com\/produto\/matriz-de-bordado-coelhinhos-da-pascoa\/\",\"url\":\"https:\/\/shop.bazarcia.com\/produto\/matriz-de-bordado-coelhinhos-da-pascoa\/\",\"name\":\"[coelhinho] [pascoa] [body]\",\"isPartOf\":{\"@id\":\"https:\/\/shop.bazarcia.com\/#website\"},\"primaryImageOfPage\":{\"@id\":\"https:\/\/shop.bazarcia.com\/produto\/matriz-de-bordado-coelhinhos-da-pascoa\/#primaryimage\"},\"image\":{\"@id\":\"https:\/\/shop.bazarcia.com\/produto\/matriz-de-bordado-coelhinhos-da-pascoa\/#primaryimage\"},\"thumbnailUrl\":\"https:\/\/shop.bazarcia.com\/wp-content\/uploads\/2022\/03\/EA-1-1.jpeg\",\"datePublished\":\"2022-03-15T03:48:47+00:00\",\"dateModified\":\"2022-03-16T16:34:29+00:00\",\"description\":\"Coelhinhos da P\u00e1scoa s\u00e3o matrizes em pontos leves que podem ser bordados em diversas pe\u00e7as compondo kits lindos para cozinha, enfim voc\u00ea n\u00e3o pode perder pois ser\u00e3o mais de 7 matrizes para panos de copa !\",\"breadcrumb\":{\"@id\":\"https:\/\/shop.bazarcia.com\/produto\/matriz-de-bordado-coelhinhos-da-pascoa\/#breadcrumb\"},\"inLanguage\":\"en-US\",\"potentialAction\":[{\"@type\":\"ReadAction\",\"target\":[\"https:\/\/shop.bazarcia.com\/produto\/matriz-de-bordado-coelhinhos-da-pascoa\/\"]}]},{\"@type\":\"ImageObject\",\"inLanguage\":\"en-US\",\"@id\":\"https:\/\/shop.bazarcia.com\/produto\/matriz-de-bordado-coelhinhos-da-pascoa\/#primaryimage\",\"url\":\"https:\/\/shop.bazarcia.com\/wp-content\/uploads\/2022\/03\/EA-1-1.jpeg\",\"contentUrl\":\"https:\/\/shop.bazarcia.com\/wp-content\/uploads\/2022\/03\/EA-1-1.jpeg\",\"width\":800,\"height\":779},{\"@type\":\"BreadcrumbList\",\"@id\":\"https:\/\/shop.bazarcia.com\/produto\/matriz-de-bordado-coelhinhos-da-pascoa\/#breadcrumb\",\"itemListElement\":[{\"@type\":\"ListItem\",\"position\":1,\"name\":\"In\u00edcio\",\"item\":\"https:\/\/shop.bazarcia.com\/\"},{\"@type\":\"ListItem\",\"position\":2,\"name\":\"Loja\",\"item\":\"https:\/\/shop.bazarcia.com\/loja\/\"},{\"@type\":\"ListItem\",\"position\":3,\"name\":\"Matriz de Bordado &#8211; Coelhinhos da P\u00e1scoa\"}]},{\"@type\":\"WebSite\",\"@id\":\"https:\/\/shop.bazarcia.com\/#website\",\"url\":\"https:\/\/shop.bazarcia.com\/\",\"name\":\"Bazar & Cia\",\"description\":\"criatividade ponto a ponto\",\"publisher\":{\"@id\":\"https:\/\/shop.bazarcia.com\/#organization\"},\"potentialAction\":[{\"@type\":\"SearchAction\",\"target\":{\"@type\":\"EntryPoint\",\"urlTemplate\":\"https:\/\/shop.bazarcia.com\/?s={search_term_string}\"},\"query-input\":{\"@type\":\"PropertyValueSpecification\",\"valueRequired\":true,\"valueName\":\"search_term_string\"}}],\"inLanguage\":\"en-US\"},{\"@type\":\"Organization\",\"@id\":\"https:\/\/shop.bazarcia.com\/#organization\",\"name\":\"Bazar & Cia\",\"url\":\"https:\/\/shop.bazarcia.com\/\",\"logo\":{\"@type\":\"ImageObject\",\"inLanguage\":\"en-US\",\"@id\":\"https:\/\/shop.bazarcia.com\/#\/schema\/logo\/image\/\",\"url\":\"https:\/\/shop.bazarcia.com\/wp-content\/uploads\/2024\/02\/cropped-logo_bazarcia.png\",\"contentUrl\":\"https:\/\/shop.bazarcia.com\/wp-content\/uploads\/2024\/02\/cropped-logo_bazarcia.png\",\"width\":150,\"height\":150,\"caption\":\"Bazar & Cia\"},\"image\":{\"@id\":\"https:\/\/shop.bazarcia.com\/#\/schema\/logo\/image\/\"},\"sameAs\":[\"https:\/\/www.facebook.com\/shopbazarcia\",\"https:\/\/www.instagram.com\/shopbazarcia\",\"https:\/\/br.pinterest.com\/suzane_eloise\/\",\"https:\/\/www.youtube.com\/c\/BazardoBordadoMatrizeseProjetos\"]}]}<\/script>\n<!-- \/ Yoast SEO plugin. -->","yoast_head_json":{"title":"[coelhinho] [pascoa] [body]","description":"Coelhinhos da P\u00e1scoa s\u00e3o matrizes em pontos leves que podem ser bordados em diversas pe\u00e7as compondo kits lindos para cozinha, enfim voc\u00ea n\u00e3o pode perder pois ser\u00e3o mais de 7 matrizes para panos de copa !","robots":{"index":"index","follow":"follow","max-snippet":"max-snippet:-1","max-image-preview":"max-image-preview:large","max-video-preview":"max-video-preview:-1"},"canonical":"https:\/\/shop.bazarcia.com\/en\/product\/matriz-de-bordado-coelhinhos-da-pascoa\/","og_locale":"en_US","og_type":"article","og_title":"[coelhinho] [pascoa] [body]","og_description":"Coelhinhos da P\u00e1scoa s\u00e3o matrizes em pontos leves que podem ser bordados em diversas pe\u00e7as compondo kits lindos para cozinha, enfim voc\u00ea n\u00e3o pode perder pois ser\u00e3o mais de 7 matrizes para panos de copa !","og_url":"https:\/\/shop.bazarcia.com\/en\/product\/matriz-de-bordado-coelhinhos-da-pascoa\/","og_site_name":"\ud835\udc1b\ud835\udc1a\ud835\udc33\ud835\udc1a\ud835\udc2b &amp; \ud835\udc1c\ud835\udc22\ud835\udc1a","article_publisher":"https:\/\/www.facebook.com\/shopbazarcia","article_modified_time":"2022-03-16T16:34:29+00:00","og_image":[{"width":800,"height":779,"url":"https:\/\/shop.bazarcia.com\/wp-content\/uploads\/2022\/03\/EA-1-1.jpeg","type":"image\/jpeg"}],"twitter_card":"summary_large_image","twitter_misc":{"Est. reading time":"1 minute"},"schema":{"@context":"https:\/\/schema.org","@graph":[{"@type":"WebPage","@id":"https:\/\/shop.bazarcia.com\/produto\/matriz-de-bordado-coelhinhos-da-pascoa\/","url":"https:\/\/shop.bazarcia.com\/produto\/matriz-de-bordado-coelhinhos-da-pascoa\/","name":"[coelhinho] [pascoa] [body]","isPartOf":{"@id":"https:\/\/shop.bazarcia.com\/#website"},"primaryImageOfPage":{"@id":"https:\/\/shop.bazarcia.com\/produto\/matriz-de-bordado-coelhinhos-da-pascoa\/#primaryimage"},"image":{"@id":"https:\/\/shop.bazarcia.com\/produto\/matriz-de-bordado-coelhinhos-da-pascoa\/#primaryimage"},"thumbnailUrl":"https:\/\/shop.bazarcia.com\/wp-content\/uploads\/2022\/03\/EA-1-1.jpeg","datePublished":"2022-03-15T03:48:47+00:00","dateModified":"2022-03-16T16:34:29+00:00","description":"Coelhinhos da P\u00e1scoa s\u00e3o matrizes em pontos leves que podem ser bordados em diversas pe\u00e7as compondo kits lindos para cozinha, enfim voc\u00ea n\u00e3o pode perder pois ser\u00e3o mais de 7 matrizes para panos de copa !","breadcrumb":{"@id":"https:\/\/shop.bazarcia.com\/produto\/matriz-de-bordado-coelhinhos-da-pascoa\/#breadcrumb"},"inLanguage":"en-US","potentialAction":[{"@type":"ReadAction","target":["https:\/\/shop.bazarcia.com\/produto\/matriz-de-bordado-coelhinhos-da-pascoa\/"]}]},{"@type":"ImageObject","inLanguage":"en-US","@id":"https:\/\/shop.bazarcia.com\/produto\/matriz-de-bordado-coelhinhos-da-pascoa\/#primaryimage","url":"https:\/\/shop.bazarcia.com\/wp-content\/uploads\/2022\/03\/EA-1-1.jpeg","contentUrl":"https:\/\/shop.bazarcia.com\/wp-content\/uploads\/2022\/03\/EA-1-1.jpeg","width":800,"height":779},{"@type":"BreadcrumbList","@id":"https:\/\/shop.bazarcia.com\/produto\/matriz-de-bordado-coelhinhos-da-pascoa\/#breadcrumb","itemListElement":[{"@type":"ListItem","position":1,"name":"In\u00edcio","item":"https:\/\/shop.bazarcia.com\/"},{"@type":"ListItem","position":2,"name":"Loja","item":"https:\/\/shop.bazarcia.com\/loja\/"},{"@type":"ListItem","position":3,"name":"Matriz de Bordado &#8211; Coelhinhos da P\u00e1scoa"}]},{"@type":"WebSite","@id":"https:\/\/shop.bazarcia.com\/#website","url":"https:\/\/shop.bazarcia.com\/","name":"Bazar & Cia","description":"criatividade ponto a ponto","publisher":{"@id":"https:\/\/shop.bazarcia.com\/#organization"},"potentialAction":[{"@type":"SearchAction","target":{"@type":"EntryPoint","urlTemplate":"https:\/\/shop.bazarcia.com\/?s={search_term_string}"},"query-input":{"@type":"PropertyValueSpecification","valueRequired":true,"valueName":"search_term_string"}}],"inLanguage":"en-US"},{"@type":"Organization","@id":"https:\/\/shop.bazarcia.com\/#organization","name":"Bazar & Cia","url":"https:\/\/shop.bazarcia.com\/","logo":{"@type":"ImageObject","inLanguage":"en-US","@id":"https:\/\/shop.bazarcia.com\/#\/schema\/logo\/image\/","url":"https:\/\/shop.bazarcia.com\/wp-content\/uploads\/2024\/02\/cropped-logo_bazarcia.png","contentUrl":"https:\/\/shop.bazarcia.com\/wp-content\/uploads\/2024\/02\/cropped-logo_bazarcia.png","width":150,"height":150,"caption":"Bazar & Cia"},"image":{"@id":"https:\/\/shop.bazarcia.com\/#\/schema\/logo\/image\/"},"sameAs":["https:\/\/www.facebook.com\/shopbazarcia","https:\/\/www.instagram.com\/shopbazarcia","https:\/\/br.pinterest.com\/suzane_eloise\/","https:\/\/www.youtube.com\/c\/BazardoBordadoMatrizeseProjetos"]}]}},"_links":{"self":[{"href":"https:\/\/shop.bazarcia.com\/en\/wp-json\/wp\/v2\/product\/157080","targetHints":{"allow":["GET"]}}],"collection":[{"href":"https:\/\/shop.bazarcia.com\/en\/wp-json\/wp\/v2\/product"}],"about":[{"href":"https:\/\/shop.bazarcia.com\/en\/wp-json\/wp\/v2\/types\/product"}],"replies":[{"embeddable":true,"href":"https:\/\/shop.bazarcia.com\/en\/wp-json\/wp\/v2\/comments?post=157080"}],"version-history":[{"count":0,"href":"https:\/\/shop.bazarcia.com\/en\/wp-json\/wp\/v2\/product\/157080\/revisions"}],"wp:featuredmedia":[{"embeddable":true,"href":"https:\/\/shop.bazarcia.com\/en\/wp-json\/wp\/v2\/media\/157073"}],"wp:attachment":[{"href":"https:\/\/shop.bazarcia.com\/en\/wp-json\/wp\/v2\/media?parent=157080"}],"wp:term":[{"taxonomy":"product_brand","embeddable":true,"href":"https:\/\/shop.bazarcia.com\/en\/wp-json\/wp\/v2\/product_brand?post=157080"},{"taxonomy":"product_cat","embeddable":true,"href":"https:\/\/shop.bazarcia.com\/en\/wp-json\/wp\/v2\/product_cat?post=157080"},{"taxonomy":"product_tag","embeddable":true,"href":"https:\/\/shop.bazarcia.com\/en\/wp-json\/wp\/v2\/product_tag?post=157080"}],"curies":[{"name":"wp","href":"https:\/\/api.w.org\/{rel}","templated":true}]}}