{"id":162387,"date":"2022-04-15T17:12:26","date_gmt":"2022-04-15T20:12:26","guid":{"rendered":"https:\/\/shop.bazarcia.com\/produto\/projetos-na-bordadeira-cavalinhos-minis\/"},"modified":"2022-06-20T00:00:03","modified_gmt":"2022-06-20T03:00:03","slug":"projetos-na-bordadeira-cavalinhos-minis","status":"publish","type":"product","link":"https:\/\/shop.bazarcia.com\/en\/product\/projetos-na-bordadeira-cavalinhos-minis\/","title":{"rendered":"Projetos na Bordadeira Cavalinhos Minis"},"content":{"rendered":"<p style=\"margin-top: 0px;margin-bottom: 1rem;color: #6c737b;font-family: roboto, sans-serif\"><span style=\"font-weight: bolder\">ESTE PRODUTO EST\u00c1 NA PR\u00c9-VENDA E SER\u00c1 LIBERADO EM 25\/04\/2022<\/span><\/p>\n<p style=\"margin-top: 0px;margin-bottom: 1rem;color: #6c737b;font-family: roboto, sans-serif\"><span style=\"font-weight: bolder\"><span style=\"font-weight: bolder\"><span style=\"font-weight: bolder\"><span style=\"font-weight: bolder\"><span style=\"font-weight: bolder\"><span style=\"font-weight: bolder\"><span style=\"font-weight: bolder\"><span style=\"font-weight: bolder\"><span style=\"font-weight: bolder\">Projetos na Bordadeira Cavalinhos Minis<\/span><\/span><\/span><\/span><\/span><\/span><\/span><\/span><br \/>\n<\/span><\/p>\n<p style=\"margin-top: 0px;margin-bottom: 1rem;color: #6c737b;font-family: roboto, sans-serif\"><span style=\"font-weight: bolder\"><span style=\"font-weight: bolder\"><span style=\"font-weight: bolder\"><span style=\"font-weight: bolder\"><span style=\"font-weight: bolder\"><span style=\"font-weight: bolder\"><span style=\"font-weight: bolder\"><span style=\"font-weight: bolder\"><span style=\"font-weight: bolder\"><span style=\"font-weight: bolder\"><span style=\"font-weight: bolder\"><span style=\"font-weight: bolder\"><span style=\"font-weight: bolder\"><span style=\"font-weight: bolder\"><span style=\"font-weight: bolder\"><i style=\"vertical-align: middle\"><em><span style=\"font-weight: bolder\"><br \/>\nDescri\u00e7\u00e3o das Matrizes:<br \/>\n<\/span><\/em><\/i><\/span><\/span><\/span><\/span><\/span><\/span><\/span><\/span><\/span><\/span><\/span><\/span>Naninhas e Bonecos: Bastidores 10&#215;10<br \/>\nChocalhos: Bastidores 10&#215;10 (em 2 etapas) e 13&#215;18 (em 1 etapa apenas)<br \/>\n<\/span><\/span><span style=\"font-weight: bolder\"><br \/>\n\u2661<\/span>\u00a0Os tutoriais estar\u00e3o dispon\u00edveis aqui mesmo em seu pedido at\u00e9 o dia da entrega.<span style=\"font-weight: bolder\"><span style=\"font-weight: bolder\"><br \/>\n<\/span><\/span><\/span><\/p>\n<p style=\"margin-top: 0px;margin-bottom: 1rem;color: #6c737b;font-family: roboto, sans-serif\"><span style=\"font-weight: bolder\">\u2661<\/span>\u00a0Este \u00e9 um produto DIGITAL e os arquivos estar\u00e3o dispon\u00edveis para download aqui mesmo em sua conta ap\u00f3s confirma\u00e7\u00e3o do pagamento. Para produtos em pr\u00e9-venda atente-se ao dia da entrega.<\/p>\n<p style=\"margin-top: 0px;margin-bottom: 1rem;color: #6c737b;font-family: roboto, sans-serif\"><span style=\"font-weight: bolder\">\u2661\u00a0<\/span>Os arquivos est\u00e3o em pasta compactada (ZIP), sendo necess\u00e1rio descompact\u00e1-la.<\/p>\n<p><span style=\"font-weight: bolder\">\u2661<\/span>\u00a0Os mesmos s\u00e3o compat\u00edveis com v\u00e1rios tipos e modelos de m\u00e1quinas, com os seguintes formatos :<br \/>\nPES \u2013 JEF \u2013 EXP \u2013 HUS \u2013 XXX &#8211; DST.<\/p>\n<p style=\"margin-top: 0px;margin-bottom: 1rem;color: #6c737b;font-family: roboto, sans-serif\"><span style=\"font-weight: bolder\">\u2661\u00a0<\/span>Adquirindo nossas matrizes e projetos voc\u00ea se declara de acordo com nossos\u00a0<a style=\"color: #95663c;background-color: transparent\" href=\"https:\/\/shop.bazarcia.com\/en\/store\/atelie-mamae-coruja\/toc\/\" target=\"_blank\" rel=\"nofollow noopener\">TERMOS E CONDI\u00c7\u00d5ES<\/a><\/p>\n<p style=\"margin-top: 0px;margin-bottom: 1rem;color: #6c737b;font-family: roboto, sans-serif\">\u2665 Designer: Val\u00e9ria (Ateli\u00ea Mam\u00e3e Coruja)<\/p>","protected":false},"excerpt":{"rendered":"<p>Este \u00e9 um PRODUTO DIGITAL destinado a artes\u00e3s e artes\u00e3os \u2665<\/p>\n<p>\u2665 Esse cavalinho pra gente \u00e9 como nosso amuletinho da sorte, nossa ferradura da sorte \u2665<br \/>\nCom ele ingressamos na programa\u00e7\u00e3o de matrizes de bordado e no desenvolvimento de projetos criativos mais audaciosos na bordadeira.<\/p>\n<p>\u2665 Hoje, finalmente, ele ganha sua vers\u00e3o mini, depois de muito solicitado por diversas arteiras.<\/p>\n<p>\u2665 O projeto acompanha matrizes para confec\u00e7\u00e3o n\u00e3o s\u00f3 da naninha, mas tamb\u00e9m da pel\u00facia e do chocalho. Tamb\u00e9m podem ser utilizadas para confec\u00e7\u00e3o de diversas outras pe\u00e7as como segura chupeta, m\u00f3biles e prendedores.<br \/>\nComo um mimo, esse projeto acompanha um molde para confec\u00e7\u00e3o de um segura chupeta muito lindo e tamb\u00e9m uma matriz base para que seja bordado o nome da crian\u00e7a nele.<\/p>\n<p>\u2665 Com certeza ser\u00e3o campe\u00f5es de vendas em seu ateli\u00ea!<\/p>\n<p>Mais informa\u00e7\u00f5es abaixo!<\/p>","protected":false},"featured_media":162370,"comment_status":"open","ping_status":"closed","template":"","meta":{"_acf_changed":false,"_joinchat":[]},"product_brand":[],"product_cat":[122,212,247,1730,84,213,1548,1755,98,1383],"product_tag":[],"class_list":{"0":"post-162387","1":"product","2":"type-product","3":"status-publish","4":"has-post-thumbnail","6":"product_cat-matrizes-de-bordado-animais","7":"product_cat-projeto-carinhas-de-animais-na-bordadeira","8":"product_cat-cavalinhos","9":"product_cat-chocalho-na-bordadeira","10":"product_cat-matrizes-de-bordado","11":"product_cat-projeto-naninhas-na-bordadeira","12":"product_cat-naninhas-na-bordadeira-modelo-enchimento-ith","13":"product_cat-porta-chupeta","14":"product_cat-projetos-na-bordadeira-in-the-hoop-embroidery","15":"product_cat-projetos-para-bastidor-10x10","17":"first","18":"instock","19":"downloadable","20":"virtual","21":"purchasable","22":"product-type-simple"},"acf":[],"yoast_head":"<!-- This site is optimized with the Yoast SEO plugin v27.2 - https:\/\/yoast.com\/product\/yoast-seo-wordpress\/ -->\n<title>Projetos na Bordadeira Cavalinhos Minis - \ud835\udc1b\ud835\udc1a\ud835\udc33\ud835\udc1a\ud835\udc2b &amp; \ud835\udc1c\ud835\udc22\ud835\udc1a<\/title>\n<meta name=\"robots\" content=\"index, follow, max-snippet:-1, max-image-preview:large, max-video-preview:-1\" \/>\n<link rel=\"canonical\" href=\"https:\/\/shop.bazarcia.com\/en\/product\/projetos-na-bordadeira-cavalinhos-minis\/\" \/>\n<meta property=\"og:locale\" content=\"en_US\" \/>\n<meta property=\"og:type\" content=\"article\" \/>\n<meta property=\"og:title\" content=\"Projetos na Bordadeira Cavalinhos Minis - \ud835\udc1b\ud835\udc1a\ud835\udc33\ud835\udc1a\ud835\udc2b &amp; \ud835\udc1c\ud835\udc22\ud835\udc1a\" \/>\n<meta property=\"og:description\" content=\"Este \u00e9 um PRODUTO DIGITAL destinado a artes\u00e3s e artes\u00e3os \u2665  \u2665 Esse cavalinho pra gente \u00e9 como nosso amuletinho da sorte, nossa ferradura da sorte \u2665 Com ele ingressamos na programa\u00e7\u00e3o de matrizes de bordado e no desenvolvimento de projetos criativos mais audaciosos na bordadeira.  \u2665 Hoje, finalmente, ele ganha sua vers\u00e3o mini, depois de muito solicitado por diversas arteiras.  \u2665 O projeto acompanha matrizes para confec\u00e7\u00e3o n\u00e3o s\u00f3 da naninha, mas tamb\u00e9m da pel\u00facia e do chocalho. Tamb\u00e9m podem ser utilizadas para confec\u00e7\u00e3o de diversas outras pe\u00e7as como segura chupeta, m\u00f3biles e prendedores. Como um mimo, esse projeto acompanha um molde para confec\u00e7\u00e3o de um segura chupeta muito lindo e tamb\u00e9m uma matriz base para que seja bordado o nome da crian\u00e7a nele.  \u2665 Com certeza ser\u00e3o campe\u00f5es de vendas em seu ateli\u00ea!  Mais informa\u00e7\u00f5es abaixo!\" \/>\n<meta property=\"og:url\" content=\"https:\/\/shop.bazarcia.com\/en\/product\/projetos-na-bordadeira-cavalinhos-minis\/\" \/>\n<meta property=\"og:site_name\" content=\"\ud835\udc1b\ud835\udc1a\ud835\udc33\ud835\udc1a\ud835\udc2b &amp; \ud835\udc1c\ud835\udc22\ud835\udc1a\" \/>\n<meta property=\"article:publisher\" content=\"https:\/\/www.facebook.com\/shopbazarcia\" \/>\n<meta property=\"article:modified_time\" content=\"2022-06-20T03:00:03+00:00\" \/>\n<meta property=\"og:image\" content=\"https:\/\/shop.bazarcia.com\/wp-content\/uploads\/2022\/04\/Naninhas-Cavalinhos-Projetos-na-Bordadeira-chocalho-segura-chupera-naninha-e-bichinho-matrizes-de-bordado-3.png\" \/>\n\t<meta property=\"og:image:width\" content=\"1080\" \/>\n\t<meta property=\"og:image:height\" content=\"1080\" \/>\n\t<meta property=\"og:image:type\" content=\"image\/png\" \/>\n<meta name=\"twitter:card\" content=\"summary_large_image\" \/>\n<meta name=\"twitter:label1\" content=\"Est. reading time\" \/>\n\t<meta name=\"twitter:data1\" content=\"1 minute\" \/>\n<script type=\"application\/ld+json\" class=\"yoast-schema-graph\">{\"@context\":\"https:\/\/schema.org\",\"@graph\":[{\"@type\":\"WebPage\",\"@id\":\"https:\/\/shop.bazarcia.com\/produto\/projetos-na-bordadeira-cavalinhos-minis\/\",\"url\":\"https:\/\/shop.bazarcia.com\/produto\/projetos-na-bordadeira-cavalinhos-minis\/\",\"name\":\"Projetos na Bordadeira Cavalinhos Minis - \ud835\udc1b\ud835\udc1a\ud835\udc33\ud835\udc1a\ud835\udc2b &amp; \ud835\udc1c\ud835\udc22\ud835\udc1a\",\"isPartOf\":{\"@id\":\"https:\/\/shop.bazarcia.com\/#website\"},\"primaryImageOfPage\":{\"@id\":\"https:\/\/shop.bazarcia.com\/produto\/projetos-na-bordadeira-cavalinhos-minis\/#primaryimage\"},\"image\":{\"@id\":\"https:\/\/shop.bazarcia.com\/produto\/projetos-na-bordadeira-cavalinhos-minis\/#primaryimage\"},\"thumbnailUrl\":\"https:\/\/shop.bazarcia.com\/wp-content\/uploads\/2022\/04\/Naninhas-Cavalinhos-Projetos-na-Bordadeira-chocalho-segura-chupera-naninha-e-bichinho-matrizes-de-bordado-3.png\",\"datePublished\":\"2022-04-15T20:12:26+00:00\",\"dateModified\":\"2022-06-20T03:00:03+00:00\",\"breadcrumb\":{\"@id\":\"https:\/\/shop.bazarcia.com\/produto\/projetos-na-bordadeira-cavalinhos-minis\/#breadcrumb\"},\"inLanguage\":\"en-US\",\"potentialAction\":[{\"@type\":\"ReadAction\",\"target\":[\"https:\/\/shop.bazarcia.com\/produto\/projetos-na-bordadeira-cavalinhos-minis\/\"]}]},{\"@type\":\"ImageObject\",\"inLanguage\":\"en-US\",\"@id\":\"https:\/\/shop.bazarcia.com\/produto\/projetos-na-bordadeira-cavalinhos-minis\/#primaryimage\",\"url\":\"https:\/\/shop.bazarcia.com\/wp-content\/uploads\/2022\/04\/Naninhas-Cavalinhos-Projetos-na-Bordadeira-chocalho-segura-chupera-naninha-e-bichinho-matrizes-de-bordado-3.png\",\"contentUrl\":\"https:\/\/shop.bazarcia.com\/wp-content\/uploads\/2022\/04\/Naninhas-Cavalinhos-Projetos-na-Bordadeira-chocalho-segura-chupera-naninha-e-bichinho-matrizes-de-bordado-3.png\",\"width\":1080,\"height\":1080},{\"@type\":\"BreadcrumbList\",\"@id\":\"https:\/\/shop.bazarcia.com\/produto\/projetos-na-bordadeira-cavalinhos-minis\/#breadcrumb\",\"itemListElement\":[{\"@type\":\"ListItem\",\"position\":1,\"name\":\"In\u00edcio\",\"item\":\"https:\/\/shop.bazarcia.com\/\"},{\"@type\":\"ListItem\",\"position\":2,\"name\":\"Loja\",\"item\":\"https:\/\/shop.bazarcia.com\/loja\/\"},{\"@type\":\"ListItem\",\"position\":3,\"name\":\"Projetos na Bordadeira Cavalinhos Minis\"}]},{\"@type\":\"WebSite\",\"@id\":\"https:\/\/shop.bazarcia.com\/#website\",\"url\":\"https:\/\/shop.bazarcia.com\/\",\"name\":\"Bazar & Cia\",\"description\":\"criatividade ponto a ponto\",\"publisher\":{\"@id\":\"https:\/\/shop.bazarcia.com\/#organization\"},\"potentialAction\":[{\"@type\":\"SearchAction\",\"target\":{\"@type\":\"EntryPoint\",\"urlTemplate\":\"https:\/\/shop.bazarcia.com\/?s={search_term_string}\"},\"query-input\":{\"@type\":\"PropertyValueSpecification\",\"valueRequired\":true,\"valueName\":\"search_term_string\"}}],\"inLanguage\":\"en-US\"},{\"@type\":\"Organization\",\"@id\":\"https:\/\/shop.bazarcia.com\/#organization\",\"name\":\"Bazar & Cia\",\"url\":\"https:\/\/shop.bazarcia.com\/\",\"logo\":{\"@type\":\"ImageObject\",\"inLanguage\":\"en-US\",\"@id\":\"https:\/\/shop.bazarcia.com\/#\/schema\/logo\/image\/\",\"url\":\"https:\/\/shop.bazarcia.com\/wp-content\/uploads\/2024\/02\/cropped-logo_bazarcia.png\",\"contentUrl\":\"https:\/\/shop.bazarcia.com\/wp-content\/uploads\/2024\/02\/cropped-logo_bazarcia.png\",\"width\":150,\"height\":150,\"caption\":\"Bazar & Cia\"},\"image\":{\"@id\":\"https:\/\/shop.bazarcia.com\/#\/schema\/logo\/image\/\"},\"sameAs\":[\"https:\/\/www.facebook.com\/shopbazarcia\",\"https:\/\/www.instagram.com\/shopbazarcia\",\"https:\/\/br.pinterest.com\/suzane_eloise\/\",\"https:\/\/www.youtube.com\/c\/BazardoBordadoMatrizeseProjetos\"]}]}<\/script>\n<!-- \/ Yoast SEO plugin. -->","yoast_head_json":{"title":"Projetos na Bordadeira Cavalinhos Minis - \ud835\udc1b\ud835\udc1a\ud835\udc33\ud835\udc1a\ud835\udc2b &amp; \ud835\udc1c\ud835\udc22\ud835\udc1a","robots":{"index":"index","follow":"follow","max-snippet":"max-snippet:-1","max-image-preview":"max-image-preview:large","max-video-preview":"max-video-preview:-1"},"canonical":"https:\/\/shop.bazarcia.com\/en\/product\/projetos-na-bordadeira-cavalinhos-minis\/","og_locale":"en_US","og_type":"article","og_title":"Projetos na Bordadeira Cavalinhos Minis - \ud835\udc1b\ud835\udc1a\ud835\udc33\ud835\udc1a\ud835\udc2b &amp; \ud835\udc1c\ud835\udc22\ud835\udc1a","og_description":"Este \u00e9 um PRODUTO DIGITAL destinado a artes\u00e3s e artes\u00e3os \u2665  \u2665 Esse cavalinho pra gente \u00e9 como nosso amuletinho da sorte, nossa ferradura da sorte \u2665 Com ele ingressamos na programa\u00e7\u00e3o de matrizes de bordado e no desenvolvimento de projetos criativos mais audaciosos na bordadeira.  \u2665 Hoje, finalmente, ele ganha sua vers\u00e3o mini, depois de muito solicitado por diversas arteiras.  \u2665 O projeto acompanha matrizes para confec\u00e7\u00e3o n\u00e3o s\u00f3 da naninha, mas tamb\u00e9m da pel\u00facia e do chocalho. Tamb\u00e9m podem ser utilizadas para confec\u00e7\u00e3o de diversas outras pe\u00e7as como segura chupeta, m\u00f3biles e prendedores. Como um mimo, esse projeto acompanha um molde para confec\u00e7\u00e3o de um segura chupeta muito lindo e tamb\u00e9m uma matriz base para que seja bordado o nome da crian\u00e7a nele.  \u2665 Com certeza ser\u00e3o campe\u00f5es de vendas em seu ateli\u00ea!  Mais informa\u00e7\u00f5es abaixo!","og_url":"https:\/\/shop.bazarcia.com\/en\/product\/projetos-na-bordadeira-cavalinhos-minis\/","og_site_name":"\ud835\udc1b\ud835\udc1a\ud835\udc33\ud835\udc1a\ud835\udc2b &amp; \ud835\udc1c\ud835\udc22\ud835\udc1a","article_publisher":"https:\/\/www.facebook.com\/shopbazarcia","article_modified_time":"2022-06-20T03:00:03+00:00","og_image":[{"width":1080,"height":1080,"url":"https:\/\/shop.bazarcia.com\/wp-content\/uploads\/2022\/04\/Naninhas-Cavalinhos-Projetos-na-Bordadeira-chocalho-segura-chupera-naninha-e-bichinho-matrizes-de-bordado-3.png","type":"image\/png"}],"twitter_card":"summary_large_image","twitter_misc":{"Est. reading time":"1 minute"},"schema":{"@context":"https:\/\/schema.org","@graph":[{"@type":"WebPage","@id":"https:\/\/shop.bazarcia.com\/produto\/projetos-na-bordadeira-cavalinhos-minis\/","url":"https:\/\/shop.bazarcia.com\/produto\/projetos-na-bordadeira-cavalinhos-minis\/","name":"Projetos na Bordadeira Cavalinhos Minis - \ud835\udc1b\ud835\udc1a\ud835\udc33\ud835\udc1a\ud835\udc2b &amp; \ud835\udc1c\ud835\udc22\ud835\udc1a","isPartOf":{"@id":"https:\/\/shop.bazarcia.com\/#website"},"primaryImageOfPage":{"@id":"https:\/\/shop.bazarcia.com\/produto\/projetos-na-bordadeira-cavalinhos-minis\/#primaryimage"},"image":{"@id":"https:\/\/shop.bazarcia.com\/produto\/projetos-na-bordadeira-cavalinhos-minis\/#primaryimage"},"thumbnailUrl":"https:\/\/shop.bazarcia.com\/wp-content\/uploads\/2022\/04\/Naninhas-Cavalinhos-Projetos-na-Bordadeira-chocalho-segura-chupera-naninha-e-bichinho-matrizes-de-bordado-3.png","datePublished":"2022-04-15T20:12:26+00:00","dateModified":"2022-06-20T03:00:03+00:00","breadcrumb":{"@id":"https:\/\/shop.bazarcia.com\/produto\/projetos-na-bordadeira-cavalinhos-minis\/#breadcrumb"},"inLanguage":"en-US","potentialAction":[{"@type":"ReadAction","target":["https:\/\/shop.bazarcia.com\/produto\/projetos-na-bordadeira-cavalinhos-minis\/"]}]},{"@type":"ImageObject","inLanguage":"en-US","@id":"https:\/\/shop.bazarcia.com\/produto\/projetos-na-bordadeira-cavalinhos-minis\/#primaryimage","url":"https:\/\/shop.bazarcia.com\/wp-content\/uploads\/2022\/04\/Naninhas-Cavalinhos-Projetos-na-Bordadeira-chocalho-segura-chupera-naninha-e-bichinho-matrizes-de-bordado-3.png","contentUrl":"https:\/\/shop.bazarcia.com\/wp-content\/uploads\/2022\/04\/Naninhas-Cavalinhos-Projetos-na-Bordadeira-chocalho-segura-chupera-naninha-e-bichinho-matrizes-de-bordado-3.png","width":1080,"height":1080},{"@type":"BreadcrumbList","@id":"https:\/\/shop.bazarcia.com\/produto\/projetos-na-bordadeira-cavalinhos-minis\/#breadcrumb","itemListElement":[{"@type":"ListItem","position":1,"name":"In\u00edcio","item":"https:\/\/shop.bazarcia.com\/"},{"@type":"ListItem","position":2,"name":"Loja","item":"https:\/\/shop.bazarcia.com\/loja\/"},{"@type":"ListItem","position":3,"name":"Projetos na Bordadeira Cavalinhos Minis"}]},{"@type":"WebSite","@id":"https:\/\/shop.bazarcia.com\/#website","url":"https:\/\/shop.bazarcia.com\/","name":"Bazar & Cia","description":"criatividade ponto a ponto","publisher":{"@id":"https:\/\/shop.bazarcia.com\/#organization"},"potentialAction":[{"@type":"SearchAction","target":{"@type":"EntryPoint","urlTemplate":"https:\/\/shop.bazarcia.com\/?s={search_term_string}"},"query-input":{"@type":"PropertyValueSpecification","valueRequired":true,"valueName":"search_term_string"}}],"inLanguage":"en-US"},{"@type":"Organization","@id":"https:\/\/shop.bazarcia.com\/#organization","name":"Bazar & Cia","url":"https:\/\/shop.bazarcia.com\/","logo":{"@type":"ImageObject","inLanguage":"en-US","@id":"https:\/\/shop.bazarcia.com\/#\/schema\/logo\/image\/","url":"https:\/\/shop.bazarcia.com\/wp-content\/uploads\/2024\/02\/cropped-logo_bazarcia.png","contentUrl":"https:\/\/shop.bazarcia.com\/wp-content\/uploads\/2024\/02\/cropped-logo_bazarcia.png","width":150,"height":150,"caption":"Bazar & Cia"},"image":{"@id":"https:\/\/shop.bazarcia.com\/#\/schema\/logo\/image\/"},"sameAs":["https:\/\/www.facebook.com\/shopbazarcia","https:\/\/www.instagram.com\/shopbazarcia","https:\/\/br.pinterest.com\/suzane_eloise\/","https:\/\/www.youtube.com\/c\/BazardoBordadoMatrizeseProjetos"]}]}},"_links":{"self":[{"href":"https:\/\/shop.bazarcia.com\/en\/wp-json\/wp\/v2\/product\/162387","targetHints":{"allow":["GET"]}}],"collection":[{"href":"https:\/\/shop.bazarcia.com\/en\/wp-json\/wp\/v2\/product"}],"about":[{"href":"https:\/\/shop.bazarcia.com\/en\/wp-json\/wp\/v2\/types\/product"}],"replies":[{"embeddable":true,"href":"https:\/\/shop.bazarcia.com\/en\/wp-json\/wp\/v2\/comments?post=162387"}],"version-history":[{"count":0,"href":"https:\/\/shop.bazarcia.com\/en\/wp-json\/wp\/v2\/product\/162387\/revisions"}],"wp:featuredmedia":[{"embeddable":true,"href":"https:\/\/shop.bazarcia.com\/en\/wp-json\/wp\/v2\/media\/162370"}],"wp:attachment":[{"href":"https:\/\/shop.bazarcia.com\/en\/wp-json\/wp\/v2\/media?parent=162387"}],"wp:term":[{"taxonomy":"product_brand","embeddable":true,"href":"https:\/\/shop.bazarcia.com\/en\/wp-json\/wp\/v2\/product_brand?post=162387"},{"taxonomy":"product_cat","embeddable":true,"href":"https:\/\/shop.bazarcia.com\/en\/wp-json\/wp\/v2\/product_cat?post=162387"},{"taxonomy":"product_tag","embeddable":true,"href":"https:\/\/shop.bazarcia.com\/en\/wp-json\/wp\/v2\/product_tag?post=162387"}],"curies":[{"name":"wp","href":"https:\/\/api.w.org\/{rel}","templated":true}]}}