{"id":162896,"date":"2022-04-18T21:40:32","date_gmt":"2022-04-19T00:40:32","guid":{"rendered":"https:\/\/shop.bazarcia.com\/?post_type=product&#038;p=162896"},"modified":"2023-04-23T20:22:01","modified_gmt":"2023-04-23T23:22:01","slug":"projeto-na-bordadeira-chaveiros-de-letras-2-tamanhos-cada","status":"publish","type":"product","link":"https:\/\/shop.bazarcia.com\/en\/product\/projeto-na-bordadeira-chaveiros-de-letras-2-tamanhos-cada\/","title":{"rendered":"Projeto na Bordadeira &#8211; Chaveiros de Letras | 2 Tamanhos cada"},"content":{"rendered":"<p>Matrizes de Bordado para fazer\u00a0 chaveiros de letras totalmente na bordadeira. Alfabeto completo com 26 letras.<\/p>\n<p>Detalhes florais + ilh\u00f3s na matriz.<\/p>\n<p>\u00c9 poss\u00edvel usar as matrizes como aplique comum e criar nomes sobrepostos ou montagens diversas, tamb\u00e9m \u00e9 poss\u00edvel bordar sem as flores e ilh\u00f3s, com cores e temas a desejar (podendo ser masculino, por exemplo).<\/p>\n<p>Chaveiros Alfabeto em 2 tamanhos cada letra (5 e 7 cm), totalizando 52 arquivos de bordado.<\/p>\n<p>Os arquivos ser\u00e3o disponibilizados em pasta compactada(ZIP), sendo necess\u00e1rio descompactar.<\/p>\n<p>Os mesmos ser\u00e3o compat\u00edveis com v\u00e1rios tipos e modelos de m\u00e1quinas, com os seguintes formatos:<\/p>\n<p>PES \u2013 HUS \u2013 VP3 \u2013 XXX \u2013 JEF \u2013 EXP \u2013 DST .<\/p>","protected":false},"excerpt":{"rendered":"<p>Matrizes de Bordado para fazer\u00a0 chaveiros de letras totalmente na bordadeira. Alfabeto completo com 26 letras.<\/p>\n<p>Detalhes florais + ilh\u00f3s na matriz.<\/p>\n<p>\u00c9 poss\u00edvel usar as matrizes como aplique comum e criar nomes sobrepostos ou montagens diversas, tamb\u00e9m \u00e9 poss\u00edvel bordar sem as flores e ilh\u00f3s, com cores e temas a desejar (podendo ser masculino, por exemplo).<\/p>\n<p>Chaveiros Alfabeto em 2 tamanhos cada letra (5 e 7 cm), totalizando 52 arquivos de bordado.<\/p>\n<p>Bastidores\u00a0 10&#215;10 ou superiores.<\/p>\n<p>&nbsp;<\/p>\n<p>&nbsp;<\/p>","protected":false},"featured_media":162899,"comment_status":"open","ping_status":"closed","template":"","meta":{"_acf_changed":false,"_joinchat":[]},"product_brand":[],"product_cat":[84,277,153,137,154,296,98,106],"product_tag":[],"class_list":{"0":"post-162896","1":"product","2":"type-product","3":"status-publish","4":"has-post-thumbnail","6":"product_cat-matrizes-de-bordado","7":"product_cat-alfabetos","8":"product_cat-dia-da-mulher","9":"product_cat-datas-especiais","10":"product_cat-dia-das-maes","11":"product_cat-florais","12":"product_cat-projetos-na-bordadeira-in-the-hoop-embroidery","13":"product_cat-projeto-chaveiros-e-tags-na-bordadeira","15":"first","16":"instock","17":"sale","18":"downloadable","19":"virtual","20":"purchasable","21":"product-type-simple"},"acf":[],"yoast_head":"<!-- This site is optimized with the Yoast SEO plugin v27.2 - https:\/\/yoast.com\/product\/yoast-seo-wordpress\/ -->\n<title>Projeto na Bordadeira - Chaveiros de Letras | 2 Tamanhos cada - \ud835\udc1b\ud835\udc1a\ud835\udc33\ud835\udc1a\ud835\udc2b &amp; \ud835\udc1c\ud835\udc22\ud835\udc1a<\/title>\n<meta name=\"robots\" content=\"index, follow, max-snippet:-1, max-image-preview:large, max-video-preview:-1\" \/>\n<link rel=\"canonical\" href=\"https:\/\/shop.bazarcia.com\/en\/product\/projeto-na-bordadeira-chaveiros-de-letras-2-tamanhos-cada\/\" \/>\n<meta property=\"og:locale\" content=\"en_US\" \/>\n<meta property=\"og:type\" content=\"article\" \/>\n<meta property=\"og:title\" content=\"Projeto na Bordadeira - Chaveiros de Letras | 2 Tamanhos cada - \ud835\udc1b\ud835\udc1a\ud835\udc33\ud835\udc1a\ud835\udc2b &amp; \ud835\udc1c\ud835\udc22\ud835\udc1a\" \/>\n<meta property=\"og:description\" content=\"Matrizes de Bordado para fazer\u00a0 chaveiros de letras totalmente na bordadeira. Alfabeto completo com 26 letras.  Detalhes florais + ilh\u00f3s na matriz.  \u00c9 poss\u00edvel usar as matrizes como aplique comum e criar nomes sobrepostos ou montagens diversas, tamb\u00e9m \u00e9 poss\u00edvel bordar sem as flores e ilh\u00f3s, com cores e temas a desejar (podendo ser masculino, por exemplo).  Chaveiros Alfabeto em 2 tamanhos cada letra (5 e 7 cm), totalizando 52 arquivos de bordado.  Bastidores\u00a0 10x10 ou superiores.  &nbsp;  &nbsp;\" \/>\n<meta property=\"og:url\" content=\"https:\/\/shop.bazarcia.com\/en\/product\/projeto-na-bordadeira-chaveiros-de-letras-2-tamanhos-cada\/\" \/>\n<meta property=\"og:site_name\" content=\"\ud835\udc1b\ud835\udc1a\ud835\udc33\ud835\udc1a\ud835\udc2b &amp; \ud835\udc1c\ud835\udc22\ud835\udc1a\" \/>\n<meta property=\"article:publisher\" content=\"https:\/\/www.facebook.com\/shopbazarcia\" \/>\n<meta property=\"article:modified_time\" content=\"2023-04-23T23:22:01+00:00\" \/>\n<meta property=\"og:image\" content=\"https:\/\/shop.bazarcia.com\/wp-content\/uploads\/2022\/04\/matrizes-chaveirinhos.png\" \/>\n\t<meta property=\"og:image:width\" content=\"1080\" \/>\n\t<meta property=\"og:image:height\" content=\"1080\" \/>\n\t<meta property=\"og:image:type\" content=\"image\/png\" \/>\n<meta name=\"twitter:card\" content=\"summary_large_image\" \/>\n<meta name=\"twitter:label1\" content=\"Est. reading time\" \/>\n\t<meta name=\"twitter:data1\" content=\"1 minute\" \/>\n<script type=\"application\/ld+json\" class=\"yoast-schema-graph\">{\"@context\":\"https:\/\/schema.org\",\"@graph\":[{\"@type\":\"WebPage\",\"@id\":\"https:\/\/shop.bazarcia.com\/produto\/projeto-na-bordadeira-chaveiros-de-letras-2-tamanhos-cada\/\",\"url\":\"https:\/\/shop.bazarcia.com\/produto\/projeto-na-bordadeira-chaveiros-de-letras-2-tamanhos-cada\/\",\"name\":\"Projeto na Bordadeira - Chaveiros de Letras | 2 Tamanhos cada - \ud835\udc1b\ud835\udc1a\ud835\udc33\ud835\udc1a\ud835\udc2b &amp; \ud835\udc1c\ud835\udc22\ud835\udc1a\",\"isPartOf\":{\"@id\":\"https:\/\/shop.bazarcia.com\/#website\"},\"primaryImageOfPage\":{\"@id\":\"https:\/\/shop.bazarcia.com\/produto\/projeto-na-bordadeira-chaveiros-de-letras-2-tamanhos-cada\/#primaryimage\"},\"image\":{\"@id\":\"https:\/\/shop.bazarcia.com\/produto\/projeto-na-bordadeira-chaveiros-de-letras-2-tamanhos-cada\/#primaryimage\"},\"thumbnailUrl\":\"https:\/\/shop.bazarcia.com\/wp-content\/uploads\/2022\/04\/matrizes-chaveirinhos.png\",\"datePublished\":\"2022-04-19T00:40:32+00:00\",\"dateModified\":\"2023-04-23T23:22:01+00:00\",\"breadcrumb\":{\"@id\":\"https:\/\/shop.bazarcia.com\/produto\/projeto-na-bordadeira-chaveiros-de-letras-2-tamanhos-cada\/#breadcrumb\"},\"inLanguage\":\"en-US\",\"potentialAction\":[{\"@type\":\"ReadAction\",\"target\":[\"https:\/\/shop.bazarcia.com\/produto\/projeto-na-bordadeira-chaveiros-de-letras-2-tamanhos-cada\/\"]}]},{\"@type\":\"ImageObject\",\"inLanguage\":\"en-US\",\"@id\":\"https:\/\/shop.bazarcia.com\/produto\/projeto-na-bordadeira-chaveiros-de-letras-2-tamanhos-cada\/#primaryimage\",\"url\":\"https:\/\/shop.bazarcia.com\/wp-content\/uploads\/2022\/04\/matrizes-chaveirinhos.png\",\"contentUrl\":\"https:\/\/shop.bazarcia.com\/wp-content\/uploads\/2022\/04\/matrizes-chaveirinhos.png\",\"width\":1080,\"height\":1080},{\"@type\":\"BreadcrumbList\",\"@id\":\"https:\/\/shop.bazarcia.com\/produto\/projeto-na-bordadeira-chaveiros-de-letras-2-tamanhos-cada\/#breadcrumb\",\"itemListElement\":[{\"@type\":\"ListItem\",\"position\":1,\"name\":\"In\u00edcio\",\"item\":\"https:\/\/shop.bazarcia.com\/\"},{\"@type\":\"ListItem\",\"position\":2,\"name\":\"Loja\",\"item\":\"https:\/\/shop.bazarcia.com\/loja\/\"},{\"@type\":\"ListItem\",\"position\":3,\"name\":\"Projeto na Bordadeira &#8211; Chaveiros de Letras | 2 Tamanhos cada\"}]},{\"@type\":\"WebSite\",\"@id\":\"https:\/\/shop.bazarcia.com\/#website\",\"url\":\"https:\/\/shop.bazarcia.com\/\",\"name\":\"Bazar & Cia\",\"description\":\"criatividade ponto a ponto\",\"publisher\":{\"@id\":\"https:\/\/shop.bazarcia.com\/#organization\"},\"potentialAction\":[{\"@type\":\"SearchAction\",\"target\":{\"@type\":\"EntryPoint\",\"urlTemplate\":\"https:\/\/shop.bazarcia.com\/?s={search_term_string}\"},\"query-input\":{\"@type\":\"PropertyValueSpecification\",\"valueRequired\":true,\"valueName\":\"search_term_string\"}}],\"inLanguage\":\"en-US\"},{\"@type\":\"Organization\",\"@id\":\"https:\/\/shop.bazarcia.com\/#organization\",\"name\":\"Bazar & Cia\",\"url\":\"https:\/\/shop.bazarcia.com\/\",\"logo\":{\"@type\":\"ImageObject\",\"inLanguage\":\"en-US\",\"@id\":\"https:\/\/shop.bazarcia.com\/#\/schema\/logo\/image\/\",\"url\":\"https:\/\/shop.bazarcia.com\/wp-content\/uploads\/2024\/02\/cropped-logo_bazarcia.png\",\"contentUrl\":\"https:\/\/shop.bazarcia.com\/wp-content\/uploads\/2024\/02\/cropped-logo_bazarcia.png\",\"width\":150,\"height\":150,\"caption\":\"Bazar & Cia\"},\"image\":{\"@id\":\"https:\/\/shop.bazarcia.com\/#\/schema\/logo\/image\/\"},\"sameAs\":[\"https:\/\/www.facebook.com\/shopbazarcia\",\"https:\/\/www.instagram.com\/shopbazarcia\",\"https:\/\/br.pinterest.com\/suzane_eloise\/\",\"https:\/\/www.youtube.com\/c\/BazardoBordadoMatrizeseProjetos\"]}]}<\/script>\n<!-- \/ Yoast SEO plugin. -->","yoast_head_json":{"title":"Projeto na Bordadeira - Chaveiros de Letras | 2 Tamanhos cada - \ud835\udc1b\ud835\udc1a\ud835\udc33\ud835\udc1a\ud835\udc2b &amp; \ud835\udc1c\ud835\udc22\ud835\udc1a","robots":{"index":"index","follow":"follow","max-snippet":"max-snippet:-1","max-image-preview":"max-image-preview:large","max-video-preview":"max-video-preview:-1"},"canonical":"https:\/\/shop.bazarcia.com\/en\/product\/projeto-na-bordadeira-chaveiros-de-letras-2-tamanhos-cada\/","og_locale":"en_US","og_type":"article","og_title":"Projeto na Bordadeira - Chaveiros de Letras | 2 Tamanhos cada - \ud835\udc1b\ud835\udc1a\ud835\udc33\ud835\udc1a\ud835\udc2b &amp; \ud835\udc1c\ud835\udc22\ud835\udc1a","og_description":"Matrizes de Bordado para fazer\u00a0 chaveiros de letras totalmente na bordadeira. Alfabeto completo com 26 letras.  Detalhes florais + ilh\u00f3s na matriz.  \u00c9 poss\u00edvel usar as matrizes como aplique comum e criar nomes sobrepostos ou montagens diversas, tamb\u00e9m \u00e9 poss\u00edvel bordar sem as flores e ilh\u00f3s, com cores e temas a desejar (podendo ser masculino, por exemplo).  Chaveiros Alfabeto em 2 tamanhos cada letra (5 e 7 cm), totalizando 52 arquivos de bordado.  Bastidores\u00a0 10x10 ou superiores.  &nbsp;  &nbsp;","og_url":"https:\/\/shop.bazarcia.com\/en\/product\/projeto-na-bordadeira-chaveiros-de-letras-2-tamanhos-cada\/","og_site_name":"\ud835\udc1b\ud835\udc1a\ud835\udc33\ud835\udc1a\ud835\udc2b &amp; \ud835\udc1c\ud835\udc22\ud835\udc1a","article_publisher":"https:\/\/www.facebook.com\/shopbazarcia","article_modified_time":"2023-04-23T23:22:01+00:00","og_image":[{"width":1080,"height":1080,"url":"https:\/\/shop.bazarcia.com\/wp-content\/uploads\/2022\/04\/matrizes-chaveirinhos.png","type":"image\/png"}],"twitter_card":"summary_large_image","twitter_misc":{"Est. reading time":"1 minute"},"schema":{"@context":"https:\/\/schema.org","@graph":[{"@type":"WebPage","@id":"https:\/\/shop.bazarcia.com\/produto\/projeto-na-bordadeira-chaveiros-de-letras-2-tamanhos-cada\/","url":"https:\/\/shop.bazarcia.com\/produto\/projeto-na-bordadeira-chaveiros-de-letras-2-tamanhos-cada\/","name":"Projeto na Bordadeira - Chaveiros de Letras | 2 Tamanhos cada - \ud835\udc1b\ud835\udc1a\ud835\udc33\ud835\udc1a\ud835\udc2b &amp; \ud835\udc1c\ud835\udc22\ud835\udc1a","isPartOf":{"@id":"https:\/\/shop.bazarcia.com\/#website"},"primaryImageOfPage":{"@id":"https:\/\/shop.bazarcia.com\/produto\/projeto-na-bordadeira-chaveiros-de-letras-2-tamanhos-cada\/#primaryimage"},"image":{"@id":"https:\/\/shop.bazarcia.com\/produto\/projeto-na-bordadeira-chaveiros-de-letras-2-tamanhos-cada\/#primaryimage"},"thumbnailUrl":"https:\/\/shop.bazarcia.com\/wp-content\/uploads\/2022\/04\/matrizes-chaveirinhos.png","datePublished":"2022-04-19T00:40:32+00:00","dateModified":"2023-04-23T23:22:01+00:00","breadcrumb":{"@id":"https:\/\/shop.bazarcia.com\/produto\/projeto-na-bordadeira-chaveiros-de-letras-2-tamanhos-cada\/#breadcrumb"},"inLanguage":"en-US","potentialAction":[{"@type":"ReadAction","target":["https:\/\/shop.bazarcia.com\/produto\/projeto-na-bordadeira-chaveiros-de-letras-2-tamanhos-cada\/"]}]},{"@type":"ImageObject","inLanguage":"en-US","@id":"https:\/\/shop.bazarcia.com\/produto\/projeto-na-bordadeira-chaveiros-de-letras-2-tamanhos-cada\/#primaryimage","url":"https:\/\/shop.bazarcia.com\/wp-content\/uploads\/2022\/04\/matrizes-chaveirinhos.png","contentUrl":"https:\/\/shop.bazarcia.com\/wp-content\/uploads\/2022\/04\/matrizes-chaveirinhos.png","width":1080,"height":1080},{"@type":"BreadcrumbList","@id":"https:\/\/shop.bazarcia.com\/produto\/projeto-na-bordadeira-chaveiros-de-letras-2-tamanhos-cada\/#breadcrumb","itemListElement":[{"@type":"ListItem","position":1,"name":"In\u00edcio","item":"https:\/\/shop.bazarcia.com\/"},{"@type":"ListItem","position":2,"name":"Loja","item":"https:\/\/shop.bazarcia.com\/loja\/"},{"@type":"ListItem","position":3,"name":"Projeto na Bordadeira &#8211; Chaveiros de Letras | 2 Tamanhos cada"}]},{"@type":"WebSite","@id":"https:\/\/shop.bazarcia.com\/#website","url":"https:\/\/shop.bazarcia.com\/","name":"Bazar & Cia","description":"criatividade ponto a ponto","publisher":{"@id":"https:\/\/shop.bazarcia.com\/#organization"},"potentialAction":[{"@type":"SearchAction","target":{"@type":"EntryPoint","urlTemplate":"https:\/\/shop.bazarcia.com\/?s={search_term_string}"},"query-input":{"@type":"PropertyValueSpecification","valueRequired":true,"valueName":"search_term_string"}}],"inLanguage":"en-US"},{"@type":"Organization","@id":"https:\/\/shop.bazarcia.com\/#organization","name":"Bazar & Cia","url":"https:\/\/shop.bazarcia.com\/","logo":{"@type":"ImageObject","inLanguage":"en-US","@id":"https:\/\/shop.bazarcia.com\/#\/schema\/logo\/image\/","url":"https:\/\/shop.bazarcia.com\/wp-content\/uploads\/2024\/02\/cropped-logo_bazarcia.png","contentUrl":"https:\/\/shop.bazarcia.com\/wp-content\/uploads\/2024\/02\/cropped-logo_bazarcia.png","width":150,"height":150,"caption":"Bazar & Cia"},"image":{"@id":"https:\/\/shop.bazarcia.com\/#\/schema\/logo\/image\/"},"sameAs":["https:\/\/www.facebook.com\/shopbazarcia","https:\/\/www.instagram.com\/shopbazarcia","https:\/\/br.pinterest.com\/suzane_eloise\/","https:\/\/www.youtube.com\/c\/BazardoBordadoMatrizeseProjetos"]}]}},"_links":{"self":[{"href":"https:\/\/shop.bazarcia.com\/en\/wp-json\/wp\/v2\/product\/162896","targetHints":{"allow":["GET"]}}],"collection":[{"href":"https:\/\/shop.bazarcia.com\/en\/wp-json\/wp\/v2\/product"}],"about":[{"href":"https:\/\/shop.bazarcia.com\/en\/wp-json\/wp\/v2\/types\/product"}],"replies":[{"embeddable":true,"href":"https:\/\/shop.bazarcia.com\/en\/wp-json\/wp\/v2\/comments?post=162896"}],"version-history":[{"count":1,"href":"https:\/\/shop.bazarcia.com\/en\/wp-json\/wp\/v2\/product\/162896\/revisions"}],"predecessor-version":[{"id":225901,"href":"https:\/\/shop.bazarcia.com\/en\/wp-json\/wp\/v2\/product\/162896\/revisions\/225901"}],"wp:featuredmedia":[{"embeddable":true,"href":"https:\/\/shop.bazarcia.com\/en\/wp-json\/wp\/v2\/media\/162899"}],"wp:attachment":[{"href":"https:\/\/shop.bazarcia.com\/en\/wp-json\/wp\/v2\/media?parent=162896"}],"wp:term":[{"taxonomy":"product_brand","embeddable":true,"href":"https:\/\/shop.bazarcia.com\/en\/wp-json\/wp\/v2\/product_brand?post=162896"},{"taxonomy":"product_cat","embeddable":true,"href":"https:\/\/shop.bazarcia.com\/en\/wp-json\/wp\/v2\/product_cat?post=162896"},{"taxonomy":"product_tag","embeddable":true,"href":"https:\/\/shop.bazarcia.com\/en\/wp-json\/wp\/v2\/product_tag?post=162896"}],"curies":[{"name":"wp","href":"https:\/\/api.w.org\/{rel}","templated":true}]}}