{"id":163243,"date":"2022-04-20T14:04:14","date_gmt":"2022-04-20T17:04:14","guid":{"rendered":"https:\/\/shop.bazarcia.com\/produto\/projeto-jacare-ivo\/"},"modified":"2023-11-08T10:52:26","modified_gmt":"2023-11-08T13:52:26","slug":"projeto-jacare-ivo","status":"publish","type":"product","link":"https:\/\/shop.bazarcia.com\/en\/product\/projeto-jacare-ivo\/","title":{"rendered":"Projeto Jacar\u00e9 Ivo"},"content":{"rendered":"<p>Projetos na bordadeira para confec\u00e7\u00e3o de Pel\u00facias e Naninhas\u00a0 de Jacar\u00e9, dispon\u00edvel em 3 tamanhos, para bastidores a partir do 13&#215;18( nos tamanhos P e M), no tamanho G (bastidor a partir 15&#215;26 ou maior).<\/p>\n<p>Este pacote de matrizes \u00e9 compat\u00edvel com diversos modelos de Bordadeiras, produto de F\u00e1cil confec\u00e7\u00e3o, a maior parte na bordadeira apenas os fechamentos s\u00e3o feitos com costura a m\u00e3o. Cont\u00e9m passo a passo com fotos em pdf para facilitar a execu\u00e7\u00e3o.<\/p>\n<p>Produto vers\u00e1til, e pode compor diversas pe\u00e7as e kits personalizados ou para maternidade, bem como ser usado de diversas formas. Produto super fofo, suas clientes ir\u00e3o amar, excelente valor agregado ao seu portf\u00f3lio.<\/p>\n<p>Produto com libera\u00e7\u00e3o imediata ap\u00f3s pagamento.<\/p>\n<p>PRODUTO DIGITAL<br \/>\nPor se tratar de um PRODUTO DIGITAL, n\u00e3o h\u00e1 devolu\u00e7\u00e3o.<\/p>\n<p>Bastidores a partir do 13&#215;18 (nos tamanhos menores) e no tamanho G (Bastidor 15&#215;26 ou maior)<\/p>\n<p>Dispon\u00edvel nos seguintes formatos: PES,JEF,DST e XXX, os mesmos s\u00e3o disponibilizados em pasta compactada (Zip) sendo necess\u00e1rio descompactar.<\/p>\n<p>&nbsp;<\/p>","protected":false},"excerpt":{"rendered":"<p>Projeto na bordadeira para confec\u00e7\u00e3o de Pel\u00facias e Naninhas. A Barriga tem detalhes em relevo super fofas que parecem gominhos, s\u00e3o para bastidores a partir do 13&#215;18 nos tamanhos P e M e no tamanho G o bastidor \u00e9 15X26 ou maior.<br \/>\nIdeal para presentes e pode compor diversos kits personalizados infantis.<\/p>","protected":false},"featured_media":164023,"comment_status":"open","ping_status":"closed","template":"","meta":{"_acf_changed":false,"_joinchat":[]},"product_brand":[],"product_cat":[212,213,1548,1400,98,1385,1392,1386,1387,1442],"product_tag":[],"class_list":{"0":"post-163243","1":"product","2":"type-product","3":"status-publish","4":"has-post-thumbnail","6":"product_cat-projeto-carinhas-de-animais-na-bordadeira","7":"product_cat-projeto-naninhas-na-bordadeira","8":"product_cat-naninhas-na-bordadeira-modelo-enchimento-ith","9":"product_cat-projetos-bastidor-20x28","10":"product_cat-projetos-na-bordadeira-in-the-hoop-embroidery","11":"product_cat-projetos-para-bastidor-13x18","12":"product_cat-projetos-para-bastidor-14x20","13":"product_cat-projetos-para-bastidor-15x26-ou-16x26","14":"product_cat-projetos-para-bastidores-18x30","15":"product_cat-projetos-para-bastidores-20x30-ith","17":"first","18":"instock","19":"downloadable","20":"virtual","21":"purchasable","22":"product-type-simple"},"acf":[],"yoast_head":"<!-- This site is optimized with the Yoast SEO plugin v27.2 - https:\/\/yoast.com\/product\/yoast-seo-wordpress\/ -->\n<title>Projeto Jacar\u00e9 Ivo - \ud835\udc1b\ud835\udc1a\ud835\udc33\ud835\udc1a\ud835\udc2b &amp; \ud835\udc1c\ud835\udc22\ud835\udc1a - Karinhos e Sonhos<\/title>\n<meta name=\"robots\" content=\"index, follow, max-snippet:-1, max-image-preview:large, max-video-preview:-1\" \/>\n<link rel=\"canonical\" href=\"https:\/\/shop.bazarcia.com\/en\/product\/projeto-jacare-ivo\/\" \/>\n<meta property=\"og:locale\" content=\"en_US\" \/>\n<meta property=\"og:type\" content=\"article\" \/>\n<meta property=\"og:title\" content=\"Projeto Jacar\u00e9 Ivo - \ud835\udc1b\ud835\udc1a\ud835\udc33\ud835\udc1a\ud835\udc2b &amp; \ud835\udc1c\ud835\udc22\ud835\udc1a - Karinhos e Sonhos\" \/>\n<meta property=\"og:description\" content=\"Projeto na bordadeira para confec\u00e7\u00e3o de Pel\u00facias e Naninhas. A Barriga tem detalhes em relevo super fofas que parecem gominhos, s\u00e3o para bastidores a partir do 13x18 nos tamanhos P e M e no tamanho G o bastidor \u00e9 15X26 ou maior. Ideal para presentes e pode compor diversos kits personalizados infantis.\" \/>\n<meta property=\"og:url\" content=\"https:\/\/shop.bazarcia.com\/en\/product\/projeto-jacare-ivo\/\" \/>\n<meta property=\"og:site_name\" content=\"\ud835\udc1b\ud835\udc1a\ud835\udc33\ud835\udc1a\ud835\udc2b &amp; \ud835\udc1c\ud835\udc22\ud835\udc1a\" \/>\n<meta property=\"article:publisher\" content=\"https:\/\/www.facebook.com\/shopbazarcia\" \/>\n<meta property=\"article:modified_time\" content=\"2023-11-08T13:52:26+00:00\" \/>\n<meta property=\"og:image\" content=\"https:\/\/shop.bazarcia.com\/wp-content\/uploads\/2022\/04\/1-scaled.jpg\" \/>\n\t<meta property=\"og:image:width\" content=\"2560\" \/>\n\t<meta property=\"og:image:height\" content=\"2560\" \/>\n\t<meta property=\"og:image:type\" content=\"image\/jpeg\" \/>\n<meta name=\"twitter:card\" content=\"summary_large_image\" \/>\n<meta name=\"twitter:label1\" content=\"Est. reading time\" \/>\n\t<meta name=\"twitter:data1\" content=\"1 minute\" \/>\n<script type=\"application\/ld+json\" class=\"yoast-schema-graph\">{\"@context\":\"https:\/\/schema.org\",\"@graph\":[{\"@type\":\"WebPage\",\"@id\":\"https:\/\/shop.bazarcia.com\/produto\/projeto-jacare-ivo\/\",\"url\":\"https:\/\/shop.bazarcia.com\/produto\/projeto-jacare-ivo\/\",\"name\":\"Projeto Jacar\u00e9 Ivo - \ud835\udc1b\ud835\udc1a\ud835\udc33\ud835\udc1a\ud835\udc2b &amp; \ud835\udc1c\ud835\udc22\ud835\udc1a - Karinhos e Sonhos\",\"isPartOf\":{\"@id\":\"https:\/\/shop.bazarcia.com\/#website\"},\"primaryImageOfPage\":{\"@id\":\"https:\/\/shop.bazarcia.com\/produto\/projeto-jacare-ivo\/#primaryimage\"},\"image\":{\"@id\":\"https:\/\/shop.bazarcia.com\/produto\/projeto-jacare-ivo\/#primaryimage\"},\"thumbnailUrl\":\"https:\/\/shop.bazarcia.com\/wp-content\/uploads\/2022\/04\/1-scaled.jpg\",\"datePublished\":\"2022-04-20T17:04:14+00:00\",\"dateModified\":\"2023-11-08T13:52:26+00:00\",\"breadcrumb\":{\"@id\":\"https:\/\/shop.bazarcia.com\/produto\/projeto-jacare-ivo\/#breadcrumb\"},\"inLanguage\":\"en-US\",\"potentialAction\":[{\"@type\":\"ReadAction\",\"target\":[\"https:\/\/shop.bazarcia.com\/produto\/projeto-jacare-ivo\/\"]}]},{\"@type\":\"ImageObject\",\"inLanguage\":\"en-US\",\"@id\":\"https:\/\/shop.bazarcia.com\/produto\/projeto-jacare-ivo\/#primaryimage\",\"url\":\"https:\/\/shop.bazarcia.com\/wp-content\/uploads\/2022\/04\/1-scaled.jpg\",\"contentUrl\":\"https:\/\/shop.bazarcia.com\/wp-content\/uploads\/2022\/04\/1-scaled.jpg\",\"width\":2560,\"height\":2560},{\"@type\":\"BreadcrumbList\",\"@id\":\"https:\/\/shop.bazarcia.com\/produto\/projeto-jacare-ivo\/#breadcrumb\",\"itemListElement\":[{\"@type\":\"ListItem\",\"position\":1,\"name\":\"In\u00edcio\",\"item\":\"https:\/\/shop.bazarcia.com\/\"},{\"@type\":\"ListItem\",\"position\":2,\"name\":\"Loja\",\"item\":\"https:\/\/shop.bazarcia.com\/loja\/\"},{\"@type\":\"ListItem\",\"position\":3,\"name\":\"Projeto Jacar\u00e9 Ivo\"}]},{\"@type\":\"WebSite\",\"@id\":\"https:\/\/shop.bazarcia.com\/#website\",\"url\":\"https:\/\/shop.bazarcia.com\/\",\"name\":\"Bazar & Cia\",\"description\":\"criatividade ponto a ponto\",\"publisher\":{\"@id\":\"https:\/\/shop.bazarcia.com\/#organization\"},\"potentialAction\":[{\"@type\":\"SearchAction\",\"target\":{\"@type\":\"EntryPoint\",\"urlTemplate\":\"https:\/\/shop.bazarcia.com\/?s={search_term_string}\"},\"query-input\":{\"@type\":\"PropertyValueSpecification\",\"valueRequired\":true,\"valueName\":\"search_term_string\"}}],\"inLanguage\":\"en-US\"},{\"@type\":\"Organization\",\"@id\":\"https:\/\/shop.bazarcia.com\/#organization\",\"name\":\"Bazar & Cia\",\"url\":\"https:\/\/shop.bazarcia.com\/\",\"logo\":{\"@type\":\"ImageObject\",\"inLanguage\":\"en-US\",\"@id\":\"https:\/\/shop.bazarcia.com\/#\/schema\/logo\/image\/\",\"url\":\"https:\/\/shop.bazarcia.com\/wp-content\/uploads\/2024\/02\/cropped-logo_bazarcia.png\",\"contentUrl\":\"https:\/\/shop.bazarcia.com\/wp-content\/uploads\/2024\/02\/cropped-logo_bazarcia.png\",\"width\":150,\"height\":150,\"caption\":\"Bazar & Cia\"},\"image\":{\"@id\":\"https:\/\/shop.bazarcia.com\/#\/schema\/logo\/image\/\"},\"sameAs\":[\"https:\/\/www.facebook.com\/shopbazarcia\",\"https:\/\/www.instagram.com\/shopbazarcia\",\"https:\/\/br.pinterest.com\/suzane_eloise\/\",\"https:\/\/www.youtube.com\/c\/BazardoBordadoMatrizeseProjetos\"]}]}<\/script>\n<!-- \/ Yoast SEO plugin. -->","yoast_head_json":{"title":"Projeto Jacar\u00e9 Ivo - \ud835\udc1b\ud835\udc1a\ud835\udc33\ud835\udc1a\ud835\udc2b &amp; \ud835\udc1c\ud835\udc22\ud835\udc1a - Karinhos e Sonhos","robots":{"index":"index","follow":"follow","max-snippet":"max-snippet:-1","max-image-preview":"max-image-preview:large","max-video-preview":"max-video-preview:-1"},"canonical":"https:\/\/shop.bazarcia.com\/en\/product\/projeto-jacare-ivo\/","og_locale":"en_US","og_type":"article","og_title":"Projeto Jacar\u00e9 Ivo - \ud835\udc1b\ud835\udc1a\ud835\udc33\ud835\udc1a\ud835\udc2b &amp; \ud835\udc1c\ud835\udc22\ud835\udc1a - Karinhos e Sonhos","og_description":"Projeto na bordadeira para confec\u00e7\u00e3o de Pel\u00facias e Naninhas. A Barriga tem detalhes em relevo super fofas que parecem gominhos, s\u00e3o para bastidores a partir do 13x18 nos tamanhos P e M e no tamanho G o bastidor \u00e9 15X26 ou maior. Ideal para presentes e pode compor diversos kits personalizados infantis.","og_url":"https:\/\/shop.bazarcia.com\/en\/product\/projeto-jacare-ivo\/","og_site_name":"\ud835\udc1b\ud835\udc1a\ud835\udc33\ud835\udc1a\ud835\udc2b &amp; \ud835\udc1c\ud835\udc22\ud835\udc1a","article_publisher":"https:\/\/www.facebook.com\/shopbazarcia","article_modified_time":"2023-11-08T13:52:26+00:00","og_image":[{"width":2560,"height":2560,"url":"https:\/\/shop.bazarcia.com\/wp-content\/uploads\/2022\/04\/1-scaled.jpg","type":"image\/jpeg"}],"twitter_card":"summary_large_image","twitter_misc":{"Est. reading time":"1 minute"},"schema":{"@context":"https:\/\/schema.org","@graph":[{"@type":"WebPage","@id":"https:\/\/shop.bazarcia.com\/produto\/projeto-jacare-ivo\/","url":"https:\/\/shop.bazarcia.com\/produto\/projeto-jacare-ivo\/","name":"Projeto Jacar\u00e9 Ivo - \ud835\udc1b\ud835\udc1a\ud835\udc33\ud835\udc1a\ud835\udc2b &amp; \ud835\udc1c\ud835\udc22\ud835\udc1a - Karinhos e Sonhos","isPartOf":{"@id":"https:\/\/shop.bazarcia.com\/#website"},"primaryImageOfPage":{"@id":"https:\/\/shop.bazarcia.com\/produto\/projeto-jacare-ivo\/#primaryimage"},"image":{"@id":"https:\/\/shop.bazarcia.com\/produto\/projeto-jacare-ivo\/#primaryimage"},"thumbnailUrl":"https:\/\/shop.bazarcia.com\/wp-content\/uploads\/2022\/04\/1-scaled.jpg","datePublished":"2022-04-20T17:04:14+00:00","dateModified":"2023-11-08T13:52:26+00:00","breadcrumb":{"@id":"https:\/\/shop.bazarcia.com\/produto\/projeto-jacare-ivo\/#breadcrumb"},"inLanguage":"en-US","potentialAction":[{"@type":"ReadAction","target":["https:\/\/shop.bazarcia.com\/produto\/projeto-jacare-ivo\/"]}]},{"@type":"ImageObject","inLanguage":"en-US","@id":"https:\/\/shop.bazarcia.com\/produto\/projeto-jacare-ivo\/#primaryimage","url":"https:\/\/shop.bazarcia.com\/wp-content\/uploads\/2022\/04\/1-scaled.jpg","contentUrl":"https:\/\/shop.bazarcia.com\/wp-content\/uploads\/2022\/04\/1-scaled.jpg","width":2560,"height":2560},{"@type":"BreadcrumbList","@id":"https:\/\/shop.bazarcia.com\/produto\/projeto-jacare-ivo\/#breadcrumb","itemListElement":[{"@type":"ListItem","position":1,"name":"In\u00edcio","item":"https:\/\/shop.bazarcia.com\/"},{"@type":"ListItem","position":2,"name":"Loja","item":"https:\/\/shop.bazarcia.com\/loja\/"},{"@type":"ListItem","position":3,"name":"Projeto Jacar\u00e9 Ivo"}]},{"@type":"WebSite","@id":"https:\/\/shop.bazarcia.com\/#website","url":"https:\/\/shop.bazarcia.com\/","name":"Bazar & Cia","description":"criatividade ponto a ponto","publisher":{"@id":"https:\/\/shop.bazarcia.com\/#organization"},"potentialAction":[{"@type":"SearchAction","target":{"@type":"EntryPoint","urlTemplate":"https:\/\/shop.bazarcia.com\/?s={search_term_string}"},"query-input":{"@type":"PropertyValueSpecification","valueRequired":true,"valueName":"search_term_string"}}],"inLanguage":"en-US"},{"@type":"Organization","@id":"https:\/\/shop.bazarcia.com\/#organization","name":"Bazar & Cia","url":"https:\/\/shop.bazarcia.com\/","logo":{"@type":"ImageObject","inLanguage":"en-US","@id":"https:\/\/shop.bazarcia.com\/#\/schema\/logo\/image\/","url":"https:\/\/shop.bazarcia.com\/wp-content\/uploads\/2024\/02\/cropped-logo_bazarcia.png","contentUrl":"https:\/\/shop.bazarcia.com\/wp-content\/uploads\/2024\/02\/cropped-logo_bazarcia.png","width":150,"height":150,"caption":"Bazar & Cia"},"image":{"@id":"https:\/\/shop.bazarcia.com\/#\/schema\/logo\/image\/"},"sameAs":["https:\/\/www.facebook.com\/shopbazarcia","https:\/\/www.instagram.com\/shopbazarcia","https:\/\/br.pinterest.com\/suzane_eloise\/","https:\/\/www.youtube.com\/c\/BazardoBordadoMatrizeseProjetos"]}]}},"_links":{"self":[{"href":"https:\/\/shop.bazarcia.com\/en\/wp-json\/wp\/v2\/product\/163243","targetHints":{"allow":["GET"]}}],"collection":[{"href":"https:\/\/shop.bazarcia.com\/en\/wp-json\/wp\/v2\/product"}],"about":[{"href":"https:\/\/shop.bazarcia.com\/en\/wp-json\/wp\/v2\/types\/product"}],"replies":[{"embeddable":true,"href":"https:\/\/shop.bazarcia.com\/en\/wp-json\/wp\/v2\/comments?post=163243"}],"version-history":[{"count":0,"href":"https:\/\/shop.bazarcia.com\/en\/wp-json\/wp\/v2\/product\/163243\/revisions"}],"wp:featuredmedia":[{"embeddable":true,"href":"https:\/\/shop.bazarcia.com\/en\/wp-json\/wp\/v2\/media\/164023"}],"wp:attachment":[{"href":"https:\/\/shop.bazarcia.com\/en\/wp-json\/wp\/v2\/media?parent=163243"}],"wp:term":[{"taxonomy":"product_brand","embeddable":true,"href":"https:\/\/shop.bazarcia.com\/en\/wp-json\/wp\/v2\/product_brand?post=163243"},{"taxonomy":"product_cat","embeddable":true,"href":"https:\/\/shop.bazarcia.com\/en\/wp-json\/wp\/v2\/product_cat?post=163243"},{"taxonomy":"product_tag","embeddable":true,"href":"https:\/\/shop.bazarcia.com\/en\/wp-json\/wp\/v2\/product_tag?post=163243"}],"curies":[{"name":"wp","href":"https:\/\/api.w.org\/{rel}","templated":true}]}}