{"id":165093,"date":"2022-04-29T16:12:35","date_gmt":"2022-04-29T19:12:35","guid":{"rendered":"https:\/\/shop.bazarcia.com\/?post_type=product&#038;p=165093"},"modified":"2022-04-29T16:12:37","modified_gmt":"2022-04-29T19:12:37","slug":"matrizes-de-bordado-colecao-farmacinha","status":"publish","type":"product","link":"https:\/\/shop.bazarcia.com\/en\/product\/matrizes-de-bordado-colecao-farmacinha\/","title":{"rendered":"Matrizes de Bordado &#8211; Cole\u00e7\u00e3o Farmacinha"},"content":{"rendered":"<p>Matrizes Fofas com Tema de Farmacinha<\/p>\n<p>Remedinho, Seringa, Comprimido<\/p>","protected":false},"excerpt":{"rendered":"<p>Os arquivos encontram-se em pasta compactada(ZIP), sendo necess\u00e1rio descompactar.<\/p>\n<p>Os mesmos s\u00e3o compat\u00edveis com v\u00e1rios tipos e modelos de m\u00e1quinas, com os seguintes formatos .<\/p>\n<p>PES \u2013 HUS &#8211; VP3 &#8211; XXX &#8211; JEF \u2013 EXP \u2013 DST .<\/p>","protected":false},"featured_media":165096,"comment_status":"open","ping_status":"closed","template":"","meta":{"_acf_changed":false,"_joinchat":[]},"product_brand":[],"product_cat":[84,1066,1209,1086],"product_tag":[],"class_list":{"0":"post-165093","1":"product","2":"type-product","3":"status-publish","4":"has-post-thumbnail","6":"product_cat-matrizes-de-bordado","7":"product_cat-colecoes-matrizes-de-bordado","8":"product_cat-saude","9":"product_cat-farmacinha","11":"first","12":"instock","13":"downloadable","14":"virtual","15":"purchasable","16":"product-type-simple"},"acf":[],"yoast_head":"<!-- This site is optimized with the Yoast SEO plugin v27.2 - https:\/\/yoast.com\/product\/yoast-seo-wordpress\/ -->\n<title>Matrizes de Bordado - Cole\u00e7\u00e3o Farmacinha - \ud835\udc1b\ud835\udc1a\ud835\udc33\ud835\udc1a\ud835\udc2b &amp; \ud835\udc1c\ud835\udc22\ud835\udc1a<\/title>\n<meta name=\"robots\" content=\"index, follow, max-snippet:-1, max-image-preview:large, max-video-preview:-1\" \/>\n<link rel=\"canonical\" href=\"https:\/\/shop.bazarcia.com\/en\/product\/matrizes-de-bordado-colecao-farmacinha\/\" \/>\n<meta property=\"og:locale\" content=\"en_US\" \/>\n<meta property=\"og:type\" content=\"article\" \/>\n<meta property=\"og:title\" content=\"Matrizes de Bordado - Cole\u00e7\u00e3o Farmacinha - \ud835\udc1b\ud835\udc1a\ud835\udc33\ud835\udc1a\ud835\udc2b &amp; \ud835\udc1c\ud835\udc22\ud835\udc1a\" \/>\n<meta property=\"og:description\" content=\"Os arquivos encontram-se em pasta compactada(ZIP), sendo necess\u00e1rio descompactar.  Os mesmos s\u00e3o compat\u00edveis com v\u00e1rios tipos e modelos de m\u00e1quinas, com os seguintes formatos .  PES \u2013 HUS - VP3 - XXX - JEF \u2013 EXP \u2013 DST .\" \/>\n<meta property=\"og:url\" content=\"https:\/\/shop.bazarcia.com\/en\/product\/matrizes-de-bordado-colecao-farmacinha\/\" \/>\n<meta property=\"og:site_name\" content=\"\ud835\udc1b\ud835\udc1a\ud835\udc33\ud835\udc1a\ud835\udc2b &amp; \ud835\udc1c\ud835\udc22\ud835\udc1a\" \/>\n<meta property=\"article:publisher\" content=\"https:\/\/www.facebook.com\/shopbazarcia\" \/>\n<meta property=\"article:modified_time\" content=\"2022-04-29T19:12:37+00:00\" \/>\n<meta property=\"og:image\" content=\"https:\/\/shop.bazarcia.com\/wp-content\/uploads\/2022\/04\/Design-sem-nome-6-7.png\" \/>\n\t<meta property=\"og:image:width\" content=\"1080\" \/>\n\t<meta property=\"og:image:height\" content=\"1080\" \/>\n\t<meta property=\"og:image:type\" content=\"image\/png\" \/>\n<meta name=\"twitter:card\" content=\"summary_large_image\" \/>\n<script type=\"application\/ld+json\" class=\"yoast-schema-graph\">{\"@context\":\"https:\/\/schema.org\",\"@graph\":[{\"@type\":\"WebPage\",\"@id\":\"https:\/\/shop.bazarcia.com\/produto\/matrizes-de-bordado-colecao-farmacinha\/\",\"url\":\"https:\/\/shop.bazarcia.com\/produto\/matrizes-de-bordado-colecao-farmacinha\/\",\"name\":\"Matrizes de Bordado - Cole\u00e7\u00e3o Farmacinha - \ud835\udc1b\ud835\udc1a\ud835\udc33\ud835\udc1a\ud835\udc2b &amp; \ud835\udc1c\ud835\udc22\ud835\udc1a\",\"isPartOf\":{\"@id\":\"https:\/\/shop.bazarcia.com\/#website\"},\"primaryImageOfPage\":{\"@id\":\"https:\/\/shop.bazarcia.com\/produto\/matrizes-de-bordado-colecao-farmacinha\/#primaryimage\"},\"image\":{\"@id\":\"https:\/\/shop.bazarcia.com\/produto\/matrizes-de-bordado-colecao-farmacinha\/#primaryimage\"},\"thumbnailUrl\":\"https:\/\/shop.bazarcia.com\/wp-content\/uploads\/2022\/04\/Design-sem-nome-6-7.png\",\"datePublished\":\"2022-04-29T19:12:35+00:00\",\"dateModified\":\"2022-04-29T19:12:37+00:00\",\"breadcrumb\":{\"@id\":\"https:\/\/shop.bazarcia.com\/produto\/matrizes-de-bordado-colecao-farmacinha\/#breadcrumb\"},\"inLanguage\":\"en-US\",\"potentialAction\":[{\"@type\":\"ReadAction\",\"target\":[\"https:\/\/shop.bazarcia.com\/produto\/matrizes-de-bordado-colecao-farmacinha\/\"]}]},{\"@type\":\"ImageObject\",\"inLanguage\":\"en-US\",\"@id\":\"https:\/\/shop.bazarcia.com\/produto\/matrizes-de-bordado-colecao-farmacinha\/#primaryimage\",\"url\":\"https:\/\/shop.bazarcia.com\/wp-content\/uploads\/2022\/04\/Design-sem-nome-6-7.png\",\"contentUrl\":\"https:\/\/shop.bazarcia.com\/wp-content\/uploads\/2022\/04\/Design-sem-nome-6-7.png\",\"width\":1080,\"height\":1080},{\"@type\":\"BreadcrumbList\",\"@id\":\"https:\/\/shop.bazarcia.com\/produto\/matrizes-de-bordado-colecao-farmacinha\/#breadcrumb\",\"itemListElement\":[{\"@type\":\"ListItem\",\"position\":1,\"name\":\"In\u00edcio\",\"item\":\"https:\/\/shop.bazarcia.com\/\"},{\"@type\":\"ListItem\",\"position\":2,\"name\":\"Loja\",\"item\":\"https:\/\/shop.bazarcia.com\/loja\/\"},{\"@type\":\"ListItem\",\"position\":3,\"name\":\"Matrizes de Bordado &#8211; Cole\u00e7\u00e3o Farmacinha\"}]},{\"@type\":\"WebSite\",\"@id\":\"https:\/\/shop.bazarcia.com\/#website\",\"url\":\"https:\/\/shop.bazarcia.com\/\",\"name\":\"Bazar & Cia\",\"description\":\"criatividade ponto a ponto\",\"publisher\":{\"@id\":\"https:\/\/shop.bazarcia.com\/#organization\"},\"potentialAction\":[{\"@type\":\"SearchAction\",\"target\":{\"@type\":\"EntryPoint\",\"urlTemplate\":\"https:\/\/shop.bazarcia.com\/?s={search_term_string}\"},\"query-input\":{\"@type\":\"PropertyValueSpecification\",\"valueRequired\":true,\"valueName\":\"search_term_string\"}}],\"inLanguage\":\"en-US\"},{\"@type\":\"Organization\",\"@id\":\"https:\/\/shop.bazarcia.com\/#organization\",\"name\":\"Bazar & Cia\",\"url\":\"https:\/\/shop.bazarcia.com\/\",\"logo\":{\"@type\":\"ImageObject\",\"inLanguage\":\"en-US\",\"@id\":\"https:\/\/shop.bazarcia.com\/#\/schema\/logo\/image\/\",\"url\":\"https:\/\/shop.bazarcia.com\/wp-content\/uploads\/2024\/02\/cropped-logo_bazarcia.png\",\"contentUrl\":\"https:\/\/shop.bazarcia.com\/wp-content\/uploads\/2024\/02\/cropped-logo_bazarcia.png\",\"width\":150,\"height\":150,\"caption\":\"Bazar & Cia\"},\"image\":{\"@id\":\"https:\/\/shop.bazarcia.com\/#\/schema\/logo\/image\/\"},\"sameAs\":[\"https:\/\/www.facebook.com\/shopbazarcia\",\"https:\/\/www.instagram.com\/shopbazarcia\",\"https:\/\/br.pinterest.com\/suzane_eloise\/\",\"https:\/\/www.youtube.com\/c\/BazardoBordadoMatrizeseProjetos\"]}]}<\/script>\n<!-- \/ Yoast SEO plugin. -->","yoast_head_json":{"title":"Matrizes de Bordado - Cole\u00e7\u00e3o Farmacinha - \ud835\udc1b\ud835\udc1a\ud835\udc33\ud835\udc1a\ud835\udc2b &amp; \ud835\udc1c\ud835\udc22\ud835\udc1a","robots":{"index":"index","follow":"follow","max-snippet":"max-snippet:-1","max-image-preview":"max-image-preview:large","max-video-preview":"max-video-preview:-1"},"canonical":"https:\/\/shop.bazarcia.com\/en\/product\/matrizes-de-bordado-colecao-farmacinha\/","og_locale":"en_US","og_type":"article","og_title":"Matrizes de Bordado - Cole\u00e7\u00e3o Farmacinha - \ud835\udc1b\ud835\udc1a\ud835\udc33\ud835\udc1a\ud835\udc2b &amp; \ud835\udc1c\ud835\udc22\ud835\udc1a","og_description":"Os arquivos encontram-se em pasta compactada(ZIP), sendo necess\u00e1rio descompactar.  Os mesmos s\u00e3o compat\u00edveis com v\u00e1rios tipos e modelos de m\u00e1quinas, com os seguintes formatos .  PES \u2013 HUS - VP3 - XXX - JEF \u2013 EXP \u2013 DST .","og_url":"https:\/\/shop.bazarcia.com\/en\/product\/matrizes-de-bordado-colecao-farmacinha\/","og_site_name":"\ud835\udc1b\ud835\udc1a\ud835\udc33\ud835\udc1a\ud835\udc2b &amp; \ud835\udc1c\ud835\udc22\ud835\udc1a","article_publisher":"https:\/\/www.facebook.com\/shopbazarcia","article_modified_time":"2022-04-29T19:12:37+00:00","og_image":[{"width":1080,"height":1080,"url":"https:\/\/shop.bazarcia.com\/wp-content\/uploads\/2022\/04\/Design-sem-nome-6-7.png","type":"image\/png"}],"twitter_card":"summary_large_image","schema":{"@context":"https:\/\/schema.org","@graph":[{"@type":"WebPage","@id":"https:\/\/shop.bazarcia.com\/produto\/matrizes-de-bordado-colecao-farmacinha\/","url":"https:\/\/shop.bazarcia.com\/produto\/matrizes-de-bordado-colecao-farmacinha\/","name":"Matrizes de Bordado - Cole\u00e7\u00e3o Farmacinha - \ud835\udc1b\ud835\udc1a\ud835\udc33\ud835\udc1a\ud835\udc2b &amp; \ud835\udc1c\ud835\udc22\ud835\udc1a","isPartOf":{"@id":"https:\/\/shop.bazarcia.com\/#website"},"primaryImageOfPage":{"@id":"https:\/\/shop.bazarcia.com\/produto\/matrizes-de-bordado-colecao-farmacinha\/#primaryimage"},"image":{"@id":"https:\/\/shop.bazarcia.com\/produto\/matrizes-de-bordado-colecao-farmacinha\/#primaryimage"},"thumbnailUrl":"https:\/\/shop.bazarcia.com\/wp-content\/uploads\/2022\/04\/Design-sem-nome-6-7.png","datePublished":"2022-04-29T19:12:35+00:00","dateModified":"2022-04-29T19:12:37+00:00","breadcrumb":{"@id":"https:\/\/shop.bazarcia.com\/produto\/matrizes-de-bordado-colecao-farmacinha\/#breadcrumb"},"inLanguage":"en-US","potentialAction":[{"@type":"ReadAction","target":["https:\/\/shop.bazarcia.com\/produto\/matrizes-de-bordado-colecao-farmacinha\/"]}]},{"@type":"ImageObject","inLanguage":"en-US","@id":"https:\/\/shop.bazarcia.com\/produto\/matrizes-de-bordado-colecao-farmacinha\/#primaryimage","url":"https:\/\/shop.bazarcia.com\/wp-content\/uploads\/2022\/04\/Design-sem-nome-6-7.png","contentUrl":"https:\/\/shop.bazarcia.com\/wp-content\/uploads\/2022\/04\/Design-sem-nome-6-7.png","width":1080,"height":1080},{"@type":"BreadcrumbList","@id":"https:\/\/shop.bazarcia.com\/produto\/matrizes-de-bordado-colecao-farmacinha\/#breadcrumb","itemListElement":[{"@type":"ListItem","position":1,"name":"In\u00edcio","item":"https:\/\/shop.bazarcia.com\/"},{"@type":"ListItem","position":2,"name":"Loja","item":"https:\/\/shop.bazarcia.com\/loja\/"},{"@type":"ListItem","position":3,"name":"Matrizes de Bordado &#8211; Cole\u00e7\u00e3o Farmacinha"}]},{"@type":"WebSite","@id":"https:\/\/shop.bazarcia.com\/#website","url":"https:\/\/shop.bazarcia.com\/","name":"Bazar & Cia","description":"criatividade ponto a ponto","publisher":{"@id":"https:\/\/shop.bazarcia.com\/#organization"},"potentialAction":[{"@type":"SearchAction","target":{"@type":"EntryPoint","urlTemplate":"https:\/\/shop.bazarcia.com\/?s={search_term_string}"},"query-input":{"@type":"PropertyValueSpecification","valueRequired":true,"valueName":"search_term_string"}}],"inLanguage":"en-US"},{"@type":"Organization","@id":"https:\/\/shop.bazarcia.com\/#organization","name":"Bazar & Cia","url":"https:\/\/shop.bazarcia.com\/","logo":{"@type":"ImageObject","inLanguage":"en-US","@id":"https:\/\/shop.bazarcia.com\/#\/schema\/logo\/image\/","url":"https:\/\/shop.bazarcia.com\/wp-content\/uploads\/2024\/02\/cropped-logo_bazarcia.png","contentUrl":"https:\/\/shop.bazarcia.com\/wp-content\/uploads\/2024\/02\/cropped-logo_bazarcia.png","width":150,"height":150,"caption":"Bazar & Cia"},"image":{"@id":"https:\/\/shop.bazarcia.com\/#\/schema\/logo\/image\/"},"sameAs":["https:\/\/www.facebook.com\/shopbazarcia","https:\/\/www.instagram.com\/shopbazarcia","https:\/\/br.pinterest.com\/suzane_eloise\/","https:\/\/www.youtube.com\/c\/BazardoBordadoMatrizeseProjetos"]}]}},"_links":{"self":[{"href":"https:\/\/shop.bazarcia.com\/en\/wp-json\/wp\/v2\/product\/165093","targetHints":{"allow":["GET"]}}],"collection":[{"href":"https:\/\/shop.bazarcia.com\/en\/wp-json\/wp\/v2\/product"}],"about":[{"href":"https:\/\/shop.bazarcia.com\/en\/wp-json\/wp\/v2\/types\/product"}],"replies":[{"embeddable":true,"href":"https:\/\/shop.bazarcia.com\/en\/wp-json\/wp\/v2\/comments?post=165093"}],"version-history":[{"count":0,"href":"https:\/\/shop.bazarcia.com\/en\/wp-json\/wp\/v2\/product\/165093\/revisions"}],"wp:featuredmedia":[{"embeddable":true,"href":"https:\/\/shop.bazarcia.com\/en\/wp-json\/wp\/v2\/media\/165096"}],"wp:attachment":[{"href":"https:\/\/shop.bazarcia.com\/en\/wp-json\/wp\/v2\/media?parent=165093"}],"wp:term":[{"taxonomy":"product_brand","embeddable":true,"href":"https:\/\/shop.bazarcia.com\/en\/wp-json\/wp\/v2\/product_brand?post=165093"},{"taxonomy":"product_cat","embeddable":true,"href":"https:\/\/shop.bazarcia.com\/en\/wp-json\/wp\/v2\/product_cat?post=165093"},{"taxonomy":"product_tag","embeddable":true,"href":"https:\/\/shop.bazarcia.com\/en\/wp-json\/wp\/v2\/product_tag?post=165093"}],"curies":[{"name":"wp","href":"https:\/\/api.w.org\/{rel}","templated":true}]}}