{"id":165285,"date":"2022-04-30T17:53:23","date_gmt":"2022-04-30T20:53:23","guid":{"rendered":"https:\/\/shop.bazarcia.com\/produto\/projeto-porta-cartao-de-vacina-ith-100-na-bordadeira\/"},"modified":"2024-08-19T10:02:45","modified_gmt":"2024-08-19T13:02:45","slug":"projeto-porta-cartao-de-vacina-ith-100-na-bordadeira","status":"publish","type":"product","link":"https:\/\/shop.bazarcia.com\/en\/product\/projeto-porta-cartao-de-vacina-ith-100-na-bordadeira\/","title":{"rendered":"Projeto Porta Cart\u00e3o de Vacina (ITH) 100% na Bordadeira"},"content":{"rendered":"<p>Nossas\u00a0 matrizes s\u00e3o em pontos leves que podem ser bordados em diversas pe\u00e7as compondo kits lindos para Porta Cart\u00e3o de Vacina, Enxovais de Beb\u00ea, enfim voc\u00ea n\u00e3o pode perder pois ser\u00e3o mais de 10 matrizes na cole\u00e7\u00e3o + Projetos todo Feito na Bordadeira.<\/p>\n<p>Temas das Matrizes Joaninha com molduras tags e chaveiros!<\/p>\n<p>Tamanhos das Matrizes<\/p>\n<p>Desenhos a partir de 10 cm<\/p>\n<p><strong>Projetos:<\/strong><\/p>\n<p><strong>\u00a01 Porta Cart\u00e3o de Vacina e 1 Porta Documentos.<\/strong><\/p>\n<p>Porta Documentos pra bastidor 13 x 18, Capa de Vaciana \u00e9 necess\u00e1rio ter bastidor acima de 16 x 26.<\/p>\n<p>Os tamanhos, cores e trocas de linhas tamb\u00e9m pode ser conferidos nas fotos! Estamos adicionando aos poucos!<\/p>\n<p><strong>Teremos PAP explicativo de como fazer os projetos em nosso canal do you tube!<\/strong><\/p>\n<p>Este \u00e9 um produto DIGITAL e os arquivos estar\u00e3o dispon\u00edveis para download aqui mesmo na sua conta ap\u00f3s confirma\u00e7\u00e3o de pagamento.<\/p>\n<p>N\u00e3o enviamos por email.<\/p>\n<p>Os arquivos est\u00e3o em pasta compactada (zip), sendo necess\u00e1rio descompact\u00e1 \u2013 las.<\/p>\n<p>Os mesmos s\u00e3o compat\u00edveis com v\u00e1rios tipos e modelos de m\u00e1quinas, com os seguintes formatos: PES \u2013 DST \u2013 JEF \u2013 XXX<\/p>\n<ul>\n<li><strong>Adquirindo nossas matrizes e projetos voc\u00ea se declara de acordo com nossos TERMOS E CONDI\u00c7\u00d5ES.<\/strong><\/li>\n<\/ul>\n<p>Designers: Freepik e Etsy.<\/p>\n<p>Projetos desenvolvidos por: Ester Almeida<\/p>","protected":false},"excerpt":{"rendered":"<p>Nossas\u00a0 matrizes s\u00e3o em pontos leves que podem ser bordados em diversas pe\u00e7as compondo kits lindos para Porta Cart\u00e3o de Vacina, Enxovais de Beb\u00ea, enfim voc\u00ea n\u00e3o pode perder pois ser\u00e3o mais de 10 matrizes na cole\u00e7\u00e3o + Projetos todo Feito na Bordadeira.<br \/>\nTemas das Matrizes Joaninha com molduras tags e chaveiros!<br \/>\nMaiores informa\u00e7\u00f5es nas descri\u00e7ao abaixo do produto!<\/p>","protected":false},"featured_media":165282,"comment_status":"open","ping_status":"closed","template":"","meta":{"_acf_changed":false,"_joinchat":[]},"product_brand":[],"product_cat":[1047,84,122,329],"product_tag":[1090],"class_list":{"0":"post-165285","1":"product","2":"type-product","3":"status-publish","4":"has-post-thumbnail","6":"product_cat-cursos","7":"product_cat-matrizes-de-bordado","8":"product_cat-matrizes-de-bordado-animais","9":"product_cat-joaninhas","10":"product_tag-maquina-de-bordar","12":"first","13":"instock","14":"downloadable","15":"virtual","16":"purchasable","17":"product-type-simple"},"acf":[],"yoast_head":"<!-- This site is optimized with the Yoast SEO plugin v27.2 - https:\/\/yoast.com\/product\/yoast-seo-wordpress\/ -->\n<title>Projeto Porta Cart\u00e3o de Vacina (ITH) 100% na Bordadeira - \ud835\udc1b\ud835\udc1a\ud835\udc33\ud835\udc1a\ud835\udc2b &amp; \ud835\udc1c\ud835\udc22\ud835\udc1a<\/title>\n<meta name=\"robots\" content=\"index, follow, max-snippet:-1, max-image-preview:large, max-video-preview:-1\" \/>\n<link rel=\"canonical\" href=\"https:\/\/shop.bazarcia.com\/en\/product\/projeto-porta-cartao-de-vacina-ith-100-na-bordadeira\/\" \/>\n<meta property=\"og:locale\" content=\"en_US\" \/>\n<meta property=\"og:type\" content=\"article\" \/>\n<meta property=\"og:title\" content=\"Projeto Porta Cart\u00e3o de Vacina (ITH) 100% na Bordadeira - \ud835\udc1b\ud835\udc1a\ud835\udc33\ud835\udc1a\ud835\udc2b &amp; \ud835\udc1c\ud835\udc22\ud835\udc1a\" \/>\n<meta property=\"og:description\" content=\"Nossas\u00a0 matrizes s\u00e3o em pontos leves que podem ser bordados em diversas pe\u00e7as compondo kits lindos para Porta Cart\u00e3o de Vacina, Enxovais de Beb\u00ea, enfim voc\u00ea n\u00e3o pode perder pois ser\u00e3o mais de 10 matrizes na cole\u00e7\u00e3o + Projetos todo Feito na Bordadeira. Temas das Matrizes Joaninha com molduras tags e chaveiros! Maiores informa\u00e7\u00f5es nas descri\u00e7ao abaixo do produto!\" \/>\n<meta property=\"og:url\" content=\"https:\/\/shop.bazarcia.com\/en\/product\/projeto-porta-cartao-de-vacina-ith-100-na-bordadeira\/\" \/>\n<meta property=\"og:site_name\" content=\"\ud835\udc1b\ud835\udc1a\ud835\udc33\ud835\udc1a\ud835\udc2b &amp; \ud835\udc1c\ud835\udc22\ud835\udc1a\" \/>\n<meta property=\"article:publisher\" content=\"https:\/\/www.facebook.com\/shopbazarcia\" \/>\n<meta property=\"article:modified_time\" content=\"2024-08-19T13:02:45+00:00\" \/>\n<meta property=\"og:image\" content=\"https:\/\/shop.bazarcia.com\/wp-content\/uploads\/2022\/04\/EA-9.jpeg\" \/>\n\t<meta property=\"og:image:width\" content=\"1280\" \/>\n\t<meta property=\"og:image:height\" content=\"1280\" \/>\n\t<meta property=\"og:image:type\" content=\"image\/jpeg\" \/>\n<meta name=\"twitter:card\" content=\"summary_large_image\" \/>\n<meta name=\"twitter:label1\" content=\"Est. reading time\" \/>\n\t<meta name=\"twitter:data1\" content=\"2 minutes\" \/>\n<script type=\"application\/ld+json\" class=\"yoast-schema-graph\">{\"@context\":\"https:\/\/schema.org\",\"@graph\":[{\"@type\":\"WebPage\",\"@id\":\"https:\/\/shop.bazarcia.com\/produto\/projeto-porta-cartao-de-vacina-ith-100-na-bordadeira\/\",\"url\":\"https:\/\/shop.bazarcia.com\/produto\/projeto-porta-cartao-de-vacina-ith-100-na-bordadeira\/\",\"name\":\"Projeto Porta Cart\u00e3o de Vacina (ITH) 100% na Bordadeira - \ud835\udc1b\ud835\udc1a\ud835\udc33\ud835\udc1a\ud835\udc2b &amp; \ud835\udc1c\ud835\udc22\ud835\udc1a\",\"isPartOf\":{\"@id\":\"https:\/\/shop.bazarcia.com\/#website\"},\"primaryImageOfPage\":{\"@id\":\"https:\/\/shop.bazarcia.com\/produto\/projeto-porta-cartao-de-vacina-ith-100-na-bordadeira\/#primaryimage\"},\"image\":{\"@id\":\"https:\/\/shop.bazarcia.com\/produto\/projeto-porta-cartao-de-vacina-ith-100-na-bordadeira\/#primaryimage\"},\"thumbnailUrl\":\"https:\/\/shop.bazarcia.com\/wp-content\/uploads\/2022\/04\/EA-9.jpeg\",\"datePublished\":\"2022-04-30T20:53:23+00:00\",\"dateModified\":\"2024-08-19T13:02:45+00:00\",\"breadcrumb\":{\"@id\":\"https:\/\/shop.bazarcia.com\/produto\/projeto-porta-cartao-de-vacina-ith-100-na-bordadeira\/#breadcrumb\"},\"inLanguage\":\"en-US\",\"potentialAction\":[{\"@type\":\"ReadAction\",\"target\":[\"https:\/\/shop.bazarcia.com\/produto\/projeto-porta-cartao-de-vacina-ith-100-na-bordadeira\/\"]}]},{\"@type\":\"ImageObject\",\"inLanguage\":\"en-US\",\"@id\":\"https:\/\/shop.bazarcia.com\/produto\/projeto-porta-cartao-de-vacina-ith-100-na-bordadeira\/#primaryimage\",\"url\":\"https:\/\/shop.bazarcia.com\/wp-content\/uploads\/2022\/04\/EA-9.jpeg\",\"contentUrl\":\"https:\/\/shop.bazarcia.com\/wp-content\/uploads\/2022\/04\/EA-9.jpeg\",\"width\":1280,\"height\":1280},{\"@type\":\"BreadcrumbList\",\"@id\":\"https:\/\/shop.bazarcia.com\/produto\/projeto-porta-cartao-de-vacina-ith-100-na-bordadeira\/#breadcrumb\",\"itemListElement\":[{\"@type\":\"ListItem\",\"position\":1,\"name\":\"In\u00edcio\",\"item\":\"https:\/\/shop.bazarcia.com\/\"},{\"@type\":\"ListItem\",\"position\":2,\"name\":\"Loja\",\"item\":\"https:\/\/shop.bazarcia.com\/loja\/\"},{\"@type\":\"ListItem\",\"position\":3,\"name\":\"Projeto Porta Cart\u00e3o de Vacina (ITH) 100% na Bordadeira\"}]},{\"@type\":\"WebSite\",\"@id\":\"https:\/\/shop.bazarcia.com\/#website\",\"url\":\"https:\/\/shop.bazarcia.com\/\",\"name\":\"Bazar & Cia\",\"description\":\"criatividade ponto a ponto\",\"publisher\":{\"@id\":\"https:\/\/shop.bazarcia.com\/#organization\"},\"potentialAction\":[{\"@type\":\"SearchAction\",\"target\":{\"@type\":\"EntryPoint\",\"urlTemplate\":\"https:\/\/shop.bazarcia.com\/?s={search_term_string}\"},\"query-input\":{\"@type\":\"PropertyValueSpecification\",\"valueRequired\":true,\"valueName\":\"search_term_string\"}}],\"inLanguage\":\"en-US\"},{\"@type\":\"Organization\",\"@id\":\"https:\/\/shop.bazarcia.com\/#organization\",\"name\":\"Bazar & Cia\",\"url\":\"https:\/\/shop.bazarcia.com\/\",\"logo\":{\"@type\":\"ImageObject\",\"inLanguage\":\"en-US\",\"@id\":\"https:\/\/shop.bazarcia.com\/#\/schema\/logo\/image\/\",\"url\":\"https:\/\/shop.bazarcia.com\/wp-content\/uploads\/2024\/02\/cropped-logo_bazarcia.png\",\"contentUrl\":\"https:\/\/shop.bazarcia.com\/wp-content\/uploads\/2024\/02\/cropped-logo_bazarcia.png\",\"width\":150,\"height\":150,\"caption\":\"Bazar & Cia\"},\"image\":{\"@id\":\"https:\/\/shop.bazarcia.com\/#\/schema\/logo\/image\/\"},\"sameAs\":[\"https:\/\/www.facebook.com\/shopbazarcia\",\"https:\/\/www.instagram.com\/shopbazarcia\",\"https:\/\/br.pinterest.com\/suzane_eloise\/\",\"https:\/\/www.youtube.com\/c\/BazardoBordadoMatrizeseProjetos\"]}]}<\/script>\n<!-- \/ Yoast SEO plugin. -->","yoast_head_json":{"title":"Projeto Porta Cart\u00e3o de Vacina (ITH) 100% na Bordadeira - \ud835\udc1b\ud835\udc1a\ud835\udc33\ud835\udc1a\ud835\udc2b &amp; \ud835\udc1c\ud835\udc22\ud835\udc1a","robots":{"index":"index","follow":"follow","max-snippet":"max-snippet:-1","max-image-preview":"max-image-preview:large","max-video-preview":"max-video-preview:-1"},"canonical":"https:\/\/shop.bazarcia.com\/en\/product\/projeto-porta-cartao-de-vacina-ith-100-na-bordadeira\/","og_locale":"en_US","og_type":"article","og_title":"Projeto Porta Cart\u00e3o de Vacina (ITH) 100% na Bordadeira - \ud835\udc1b\ud835\udc1a\ud835\udc33\ud835\udc1a\ud835\udc2b &amp; \ud835\udc1c\ud835\udc22\ud835\udc1a","og_description":"Nossas\u00a0 matrizes s\u00e3o em pontos leves que podem ser bordados em diversas pe\u00e7as compondo kits lindos para Porta Cart\u00e3o de Vacina, Enxovais de Beb\u00ea, enfim voc\u00ea n\u00e3o pode perder pois ser\u00e3o mais de 10 matrizes na cole\u00e7\u00e3o + Projetos todo Feito na Bordadeira. Temas das Matrizes Joaninha com molduras tags e chaveiros! Maiores informa\u00e7\u00f5es nas descri\u00e7ao abaixo do produto!","og_url":"https:\/\/shop.bazarcia.com\/en\/product\/projeto-porta-cartao-de-vacina-ith-100-na-bordadeira\/","og_site_name":"\ud835\udc1b\ud835\udc1a\ud835\udc33\ud835\udc1a\ud835\udc2b &amp; \ud835\udc1c\ud835\udc22\ud835\udc1a","article_publisher":"https:\/\/www.facebook.com\/shopbazarcia","article_modified_time":"2024-08-19T13:02:45+00:00","og_image":[{"width":1280,"height":1280,"url":"https:\/\/shop.bazarcia.com\/wp-content\/uploads\/2022\/04\/EA-9.jpeg","type":"image\/jpeg"}],"twitter_card":"summary_large_image","twitter_misc":{"Est. reading time":"2 minutes"},"schema":{"@context":"https:\/\/schema.org","@graph":[{"@type":"WebPage","@id":"https:\/\/shop.bazarcia.com\/produto\/projeto-porta-cartao-de-vacina-ith-100-na-bordadeira\/","url":"https:\/\/shop.bazarcia.com\/produto\/projeto-porta-cartao-de-vacina-ith-100-na-bordadeira\/","name":"Projeto Porta Cart\u00e3o de Vacina (ITH) 100% na Bordadeira - \ud835\udc1b\ud835\udc1a\ud835\udc33\ud835\udc1a\ud835\udc2b &amp; \ud835\udc1c\ud835\udc22\ud835\udc1a","isPartOf":{"@id":"https:\/\/shop.bazarcia.com\/#website"},"primaryImageOfPage":{"@id":"https:\/\/shop.bazarcia.com\/produto\/projeto-porta-cartao-de-vacina-ith-100-na-bordadeira\/#primaryimage"},"image":{"@id":"https:\/\/shop.bazarcia.com\/produto\/projeto-porta-cartao-de-vacina-ith-100-na-bordadeira\/#primaryimage"},"thumbnailUrl":"https:\/\/shop.bazarcia.com\/wp-content\/uploads\/2022\/04\/EA-9.jpeg","datePublished":"2022-04-30T20:53:23+00:00","dateModified":"2024-08-19T13:02:45+00:00","breadcrumb":{"@id":"https:\/\/shop.bazarcia.com\/produto\/projeto-porta-cartao-de-vacina-ith-100-na-bordadeira\/#breadcrumb"},"inLanguage":"en-US","potentialAction":[{"@type":"ReadAction","target":["https:\/\/shop.bazarcia.com\/produto\/projeto-porta-cartao-de-vacina-ith-100-na-bordadeira\/"]}]},{"@type":"ImageObject","inLanguage":"en-US","@id":"https:\/\/shop.bazarcia.com\/produto\/projeto-porta-cartao-de-vacina-ith-100-na-bordadeira\/#primaryimage","url":"https:\/\/shop.bazarcia.com\/wp-content\/uploads\/2022\/04\/EA-9.jpeg","contentUrl":"https:\/\/shop.bazarcia.com\/wp-content\/uploads\/2022\/04\/EA-9.jpeg","width":1280,"height":1280},{"@type":"BreadcrumbList","@id":"https:\/\/shop.bazarcia.com\/produto\/projeto-porta-cartao-de-vacina-ith-100-na-bordadeira\/#breadcrumb","itemListElement":[{"@type":"ListItem","position":1,"name":"In\u00edcio","item":"https:\/\/shop.bazarcia.com\/"},{"@type":"ListItem","position":2,"name":"Loja","item":"https:\/\/shop.bazarcia.com\/loja\/"},{"@type":"ListItem","position":3,"name":"Projeto Porta Cart\u00e3o de Vacina (ITH) 100% na Bordadeira"}]},{"@type":"WebSite","@id":"https:\/\/shop.bazarcia.com\/#website","url":"https:\/\/shop.bazarcia.com\/","name":"Bazar & Cia","description":"criatividade ponto a ponto","publisher":{"@id":"https:\/\/shop.bazarcia.com\/#organization"},"potentialAction":[{"@type":"SearchAction","target":{"@type":"EntryPoint","urlTemplate":"https:\/\/shop.bazarcia.com\/?s={search_term_string}"},"query-input":{"@type":"PropertyValueSpecification","valueRequired":true,"valueName":"search_term_string"}}],"inLanguage":"en-US"},{"@type":"Organization","@id":"https:\/\/shop.bazarcia.com\/#organization","name":"Bazar & Cia","url":"https:\/\/shop.bazarcia.com\/","logo":{"@type":"ImageObject","inLanguage":"en-US","@id":"https:\/\/shop.bazarcia.com\/#\/schema\/logo\/image\/","url":"https:\/\/shop.bazarcia.com\/wp-content\/uploads\/2024\/02\/cropped-logo_bazarcia.png","contentUrl":"https:\/\/shop.bazarcia.com\/wp-content\/uploads\/2024\/02\/cropped-logo_bazarcia.png","width":150,"height":150,"caption":"Bazar & Cia"},"image":{"@id":"https:\/\/shop.bazarcia.com\/#\/schema\/logo\/image\/"},"sameAs":["https:\/\/www.facebook.com\/shopbazarcia","https:\/\/www.instagram.com\/shopbazarcia","https:\/\/br.pinterest.com\/suzane_eloise\/","https:\/\/www.youtube.com\/c\/BazardoBordadoMatrizeseProjetos"]}]}},"_links":{"self":[{"href":"https:\/\/shop.bazarcia.com\/en\/wp-json\/wp\/v2\/product\/165285","targetHints":{"allow":["GET"]}}],"collection":[{"href":"https:\/\/shop.bazarcia.com\/en\/wp-json\/wp\/v2\/product"}],"about":[{"href":"https:\/\/shop.bazarcia.com\/en\/wp-json\/wp\/v2\/types\/product"}],"replies":[{"embeddable":true,"href":"https:\/\/shop.bazarcia.com\/en\/wp-json\/wp\/v2\/comments?post=165285"}],"version-history":[{"count":2,"href":"https:\/\/shop.bazarcia.com\/en\/wp-json\/wp\/v2\/product\/165285\/revisions"}],"predecessor-version":[{"id":287546,"href":"https:\/\/shop.bazarcia.com\/en\/wp-json\/wp\/v2\/product\/165285\/revisions\/287546"}],"wp:featuredmedia":[{"embeddable":true,"href":"https:\/\/shop.bazarcia.com\/en\/wp-json\/wp\/v2\/media\/165282"}],"wp:attachment":[{"href":"https:\/\/shop.bazarcia.com\/en\/wp-json\/wp\/v2\/media?parent=165285"}],"wp:term":[{"taxonomy":"product_brand","embeddable":true,"href":"https:\/\/shop.bazarcia.com\/en\/wp-json\/wp\/v2\/product_brand?post=165285"},{"taxonomy":"product_cat","embeddable":true,"href":"https:\/\/shop.bazarcia.com\/en\/wp-json\/wp\/v2\/product_cat?post=165285"},{"taxonomy":"product_tag","embeddable":true,"href":"https:\/\/shop.bazarcia.com\/en\/wp-json\/wp\/v2\/product_tag?post=165285"}],"curies":[{"name":"wp","href":"https:\/\/api.w.org\/{rel}","templated":true}]}}