{"id":165315,"date":"2022-04-30T19:26:05","date_gmt":"2022-04-30T22:26:05","guid":{"rendered":"https:\/\/shop.bazarcia.com\/produto\/projeto-capa-de-biblia-ith\/"},"modified":"2022-05-05T22:14:34","modified_gmt":"2022-05-06T01:14:34","slug":"projeto-capa-de-biblia-ith","status":"publish","type":"product","link":"https:\/\/shop.bazarcia.com\/en\/product\/projeto-capa-de-biblia-ith\/","title":{"rendered":"PROJETO CAPA DE B\u00cdBLIA (ITH)"},"content":{"rendered":"<p>Nossas\u00a0 matrizes s\u00e3o em pontos leves que podem ser bordados em diversas pe\u00e7as compondo kits lindos para Porta B\u00edblia, Hin\u00e1rios, enfim voc\u00ea n\u00e3o pode perder esse Projeto todo Feito na Bordadeira.<\/p>\n<p>Temas das Matrizes para\u00a0 B\u00edblia<\/p>\n<p><strong>Projetos:<\/strong><\/p>\n<p><strong>Capa da B\u00edblia em 3 tamanhos<\/strong><\/p>\n<p>Tamanho 1 Final\u00a0 18 x 34<\/p>\n<p>Tamanho 2 Final NVI 23 x 34<\/p>\n<p>Tamanho 3 Final Biblia da Mulher 22 x 35<\/p>\n<p>Os tamanhos, cores e trocas de linhas tamb\u00e9m pode ser conferidos nas fotos!<\/p>\n<p><strong>Teremos PAP explicativo de como fazer os projetos em nosso canal do you tube!<\/strong><\/p>\n<p>Este \u00e9 um produto DIGITAL e os arquivos estar\u00e3o dispon\u00edveis para download aqui mesmo na sua conta ap\u00f3s confirma\u00e7\u00e3o de pagamento.<\/p>\n<p>N\u00e3o enviamos por email.<\/p>\n<p>Os arquivos est\u00e3o em pasta compactada (zip), sendo necess\u00e1rio descompact\u00e1 \u2013 las.<\/p>\n<p>Os mesmos s\u00e3o compat\u00edveis com v\u00e1rios tipos e modelos de m\u00e1quinas, com os seguintes formatos: PES \u2013 DST \u2013 JEF \u2013 XXX<\/p>\n<ul>\n<li><strong>Adquirindo nossas matrizes e projetos voc\u00ea se declara de acordo com nossos TERMOS E CONDI\u00c7\u00d5ES.<\/strong><\/li>\n<\/ul>\n<p>Designers: Freepik e Etsy.<\/p>\n<p>Projetos desenvolvidos por: Ester Almeida<\/p>","protected":false},"excerpt":{"rendered":"<p>Nossas\u00a0 matrizes s\u00e3o em pontos leves que podem ser bordados em diversas pe\u00e7as compondo kits lindos para Porta B\u00edblia, Hin\u00e1rios, enfim voc\u00ea n\u00e3o pode perder esse Projeto todo Feito na Bordadeira.<br \/>\nTemas das Matrizes para\u00a0 B\u00edblia<br \/>\nProjetos:<br \/>\nCapa da B\u00edblia em 3 tamanhos<br \/>\nOs tamanhos, cores e trocas de linhas tamb\u00e9m pode ser conferidos nas fotos!<br \/>\nTeremos PAP explicativo de como fazer os projetos em nosso canal do you tube!<br \/>\nMaiores informa\u00e7oes na descri\u00e7\u00e3o abaixo!<\/p>","protected":false},"featured_media":165309,"comment_status":"open","ping_status":"closed","template":"","meta":{"_acf_changed":false,"_joinchat":[]},"product_brand":[],"product_cat":[1047,98,1422],"product_tag":[1435],"class_list":{"0":"post-165315","1":"product","2":"type-product","3":"status-publish","4":"has-post-thumbnail","6":"product_cat-cursos","7":"product_cat-projetos-na-bordadeira-in-the-hoop-embroidery","8":"product_cat-capa-de-caderneta-na-bordadeira-ith","9":"product_tag-projeto-na-bordadeira-ith","11":"first","12":"instock","13":"downloadable","14":"virtual","15":"purchasable","16":"product-type-simple"},"acf":[],"yoast_head":"<!-- This site is optimized with the Yoast SEO plugin v27.2 - https:\/\/yoast.com\/product\/yoast-seo-wordpress\/ -->\n<title>PROJETO CAPA DE B\u00cdBLIA (ITH) - \ud835\udc1b\ud835\udc1a\ud835\udc33\ud835\udc1a\ud835\udc2b &amp; \ud835\udc1c\ud835\udc22\ud835\udc1a<\/title>\n<meta name=\"robots\" content=\"index, follow, max-snippet:-1, max-image-preview:large, max-video-preview:-1\" \/>\n<link rel=\"canonical\" href=\"https:\/\/shop.bazarcia.com\/en\/product\/projeto-capa-de-biblia-ith\/\" \/>\n<meta property=\"og:locale\" content=\"en_US\" \/>\n<meta property=\"og:type\" content=\"article\" \/>\n<meta property=\"og:title\" content=\"PROJETO CAPA DE B\u00cdBLIA (ITH) - \ud835\udc1b\ud835\udc1a\ud835\udc33\ud835\udc1a\ud835\udc2b &amp; \ud835\udc1c\ud835\udc22\ud835\udc1a\" \/>\n<meta property=\"og:description\" content=\"Nossas\u00a0 matrizes s\u00e3o em pontos leves que podem ser bordados em diversas pe\u00e7as compondo kits lindos para Porta B\u00edblia, Hin\u00e1rios, enfim voc\u00ea n\u00e3o pode perder esse Projeto todo Feito na Bordadeira. Temas das Matrizes para\u00a0 B\u00edblia Projetos: Capa da B\u00edblia em 3 tamanhos Os tamanhos, cores e trocas de linhas tamb\u00e9m pode ser conferidos nas fotos! Teremos PAP explicativo de como fazer os projetos em nosso canal do you tube! Maiores informa\u00e7oes na descri\u00e7\u00e3o abaixo!\" \/>\n<meta property=\"og:url\" content=\"https:\/\/shop.bazarcia.com\/en\/product\/projeto-capa-de-biblia-ith\/\" \/>\n<meta property=\"og:site_name\" content=\"\ud835\udc1b\ud835\udc1a\ud835\udc33\ud835\udc1a\ud835\udc2b &amp; \ud835\udc1c\ud835\udc22\ud835\udc1a\" \/>\n<meta property=\"article:publisher\" content=\"https:\/\/www.facebook.com\/shopbazarcia\" \/>\n<meta property=\"article:modified_time\" content=\"2022-05-06T01:14:34+00:00\" \/>\n<meta property=\"og:image\" content=\"https:\/\/shop.bazarcia.com\/wp-content\/uploads\/2022\/04\/EA-2a.jpeg\" \/>\n\t<meta property=\"og:image:width\" content=\"1280\" \/>\n\t<meta property=\"og:image:height\" content=\"1280\" \/>\n\t<meta property=\"og:image:type\" content=\"image\/jpeg\" \/>\n<meta name=\"twitter:card\" content=\"summary_large_image\" \/>\n<meta name=\"twitter:label1\" content=\"Est. reading time\" \/>\n\t<meta name=\"twitter:data1\" content=\"1 minute\" \/>\n<script type=\"application\/ld+json\" class=\"yoast-schema-graph\">{\"@context\":\"https:\/\/schema.org\",\"@graph\":[{\"@type\":\"WebPage\",\"@id\":\"https:\/\/shop.bazarcia.com\/produto\/projeto-capa-de-biblia-ith\/\",\"url\":\"https:\/\/shop.bazarcia.com\/produto\/projeto-capa-de-biblia-ith\/\",\"name\":\"PROJETO CAPA DE B\u00cdBLIA (ITH) - \ud835\udc1b\ud835\udc1a\ud835\udc33\ud835\udc1a\ud835\udc2b &amp; \ud835\udc1c\ud835\udc22\ud835\udc1a\",\"isPartOf\":{\"@id\":\"https:\/\/shop.bazarcia.com\/#website\"},\"primaryImageOfPage\":{\"@id\":\"https:\/\/shop.bazarcia.com\/produto\/projeto-capa-de-biblia-ith\/#primaryimage\"},\"image\":{\"@id\":\"https:\/\/shop.bazarcia.com\/produto\/projeto-capa-de-biblia-ith\/#primaryimage\"},\"thumbnailUrl\":\"https:\/\/shop.bazarcia.com\/wp-content\/uploads\/2022\/04\/EA-2a.jpeg\",\"datePublished\":\"2022-04-30T22:26:05+00:00\",\"dateModified\":\"2022-05-06T01:14:34+00:00\",\"breadcrumb\":{\"@id\":\"https:\/\/shop.bazarcia.com\/produto\/projeto-capa-de-biblia-ith\/#breadcrumb\"},\"inLanguage\":\"en-US\",\"potentialAction\":[{\"@type\":\"ReadAction\",\"target\":[\"https:\/\/shop.bazarcia.com\/produto\/projeto-capa-de-biblia-ith\/\"]}]},{\"@type\":\"ImageObject\",\"inLanguage\":\"en-US\",\"@id\":\"https:\/\/shop.bazarcia.com\/produto\/projeto-capa-de-biblia-ith\/#primaryimage\",\"url\":\"https:\/\/shop.bazarcia.com\/wp-content\/uploads\/2022\/04\/EA-2a.jpeg\",\"contentUrl\":\"https:\/\/shop.bazarcia.com\/wp-content\/uploads\/2022\/04\/EA-2a.jpeg\",\"width\":1280,\"height\":1280},{\"@type\":\"BreadcrumbList\",\"@id\":\"https:\/\/shop.bazarcia.com\/produto\/projeto-capa-de-biblia-ith\/#breadcrumb\",\"itemListElement\":[{\"@type\":\"ListItem\",\"position\":1,\"name\":\"In\u00edcio\",\"item\":\"https:\/\/shop.bazarcia.com\/\"},{\"@type\":\"ListItem\",\"position\":2,\"name\":\"Loja\",\"item\":\"https:\/\/shop.bazarcia.com\/loja\/\"},{\"@type\":\"ListItem\",\"position\":3,\"name\":\"PROJETO CAPA DE B\u00cdBLIA (ITH)\"}]},{\"@type\":\"WebSite\",\"@id\":\"https:\/\/shop.bazarcia.com\/#website\",\"url\":\"https:\/\/shop.bazarcia.com\/\",\"name\":\"Bazar & Cia\",\"description\":\"criatividade ponto a ponto\",\"publisher\":{\"@id\":\"https:\/\/shop.bazarcia.com\/#organization\"},\"potentialAction\":[{\"@type\":\"SearchAction\",\"target\":{\"@type\":\"EntryPoint\",\"urlTemplate\":\"https:\/\/shop.bazarcia.com\/?s={search_term_string}\"},\"query-input\":{\"@type\":\"PropertyValueSpecification\",\"valueRequired\":true,\"valueName\":\"search_term_string\"}}],\"inLanguage\":\"en-US\"},{\"@type\":\"Organization\",\"@id\":\"https:\/\/shop.bazarcia.com\/#organization\",\"name\":\"Bazar & Cia\",\"url\":\"https:\/\/shop.bazarcia.com\/\",\"logo\":{\"@type\":\"ImageObject\",\"inLanguage\":\"en-US\",\"@id\":\"https:\/\/shop.bazarcia.com\/#\/schema\/logo\/image\/\",\"url\":\"https:\/\/shop.bazarcia.com\/wp-content\/uploads\/2024\/02\/cropped-logo_bazarcia.png\",\"contentUrl\":\"https:\/\/shop.bazarcia.com\/wp-content\/uploads\/2024\/02\/cropped-logo_bazarcia.png\",\"width\":150,\"height\":150,\"caption\":\"Bazar & Cia\"},\"image\":{\"@id\":\"https:\/\/shop.bazarcia.com\/#\/schema\/logo\/image\/\"},\"sameAs\":[\"https:\/\/www.facebook.com\/shopbazarcia\",\"https:\/\/www.instagram.com\/shopbazarcia\",\"https:\/\/br.pinterest.com\/suzane_eloise\/\",\"https:\/\/www.youtube.com\/c\/BazardoBordadoMatrizeseProjetos\"]}]}<\/script>\n<!-- \/ Yoast SEO plugin. -->","yoast_head_json":{"title":"PROJETO CAPA DE B\u00cdBLIA (ITH) - \ud835\udc1b\ud835\udc1a\ud835\udc33\ud835\udc1a\ud835\udc2b &amp; \ud835\udc1c\ud835\udc22\ud835\udc1a","robots":{"index":"index","follow":"follow","max-snippet":"max-snippet:-1","max-image-preview":"max-image-preview:large","max-video-preview":"max-video-preview:-1"},"canonical":"https:\/\/shop.bazarcia.com\/en\/product\/projeto-capa-de-biblia-ith\/","og_locale":"en_US","og_type":"article","og_title":"PROJETO CAPA DE B\u00cdBLIA (ITH) - \ud835\udc1b\ud835\udc1a\ud835\udc33\ud835\udc1a\ud835\udc2b &amp; \ud835\udc1c\ud835\udc22\ud835\udc1a","og_description":"Nossas\u00a0 matrizes s\u00e3o em pontos leves que podem ser bordados em diversas pe\u00e7as compondo kits lindos para Porta B\u00edblia, Hin\u00e1rios, enfim voc\u00ea n\u00e3o pode perder esse Projeto todo Feito na Bordadeira. Temas das Matrizes para\u00a0 B\u00edblia Projetos: Capa da B\u00edblia em 3 tamanhos Os tamanhos, cores e trocas de linhas tamb\u00e9m pode ser conferidos nas fotos! Teremos PAP explicativo de como fazer os projetos em nosso canal do you tube! Maiores informa\u00e7oes na descri\u00e7\u00e3o abaixo!","og_url":"https:\/\/shop.bazarcia.com\/en\/product\/projeto-capa-de-biblia-ith\/","og_site_name":"\ud835\udc1b\ud835\udc1a\ud835\udc33\ud835\udc1a\ud835\udc2b &amp; \ud835\udc1c\ud835\udc22\ud835\udc1a","article_publisher":"https:\/\/www.facebook.com\/shopbazarcia","article_modified_time":"2022-05-06T01:14:34+00:00","og_image":[{"width":1280,"height":1280,"url":"https:\/\/shop.bazarcia.com\/wp-content\/uploads\/2022\/04\/EA-2a.jpeg","type":"image\/jpeg"}],"twitter_card":"summary_large_image","twitter_misc":{"Est. reading time":"1 minute"},"schema":{"@context":"https:\/\/schema.org","@graph":[{"@type":"WebPage","@id":"https:\/\/shop.bazarcia.com\/produto\/projeto-capa-de-biblia-ith\/","url":"https:\/\/shop.bazarcia.com\/produto\/projeto-capa-de-biblia-ith\/","name":"PROJETO CAPA DE B\u00cdBLIA (ITH) - \ud835\udc1b\ud835\udc1a\ud835\udc33\ud835\udc1a\ud835\udc2b &amp; \ud835\udc1c\ud835\udc22\ud835\udc1a","isPartOf":{"@id":"https:\/\/shop.bazarcia.com\/#website"},"primaryImageOfPage":{"@id":"https:\/\/shop.bazarcia.com\/produto\/projeto-capa-de-biblia-ith\/#primaryimage"},"image":{"@id":"https:\/\/shop.bazarcia.com\/produto\/projeto-capa-de-biblia-ith\/#primaryimage"},"thumbnailUrl":"https:\/\/shop.bazarcia.com\/wp-content\/uploads\/2022\/04\/EA-2a.jpeg","datePublished":"2022-04-30T22:26:05+00:00","dateModified":"2022-05-06T01:14:34+00:00","breadcrumb":{"@id":"https:\/\/shop.bazarcia.com\/produto\/projeto-capa-de-biblia-ith\/#breadcrumb"},"inLanguage":"en-US","potentialAction":[{"@type":"ReadAction","target":["https:\/\/shop.bazarcia.com\/produto\/projeto-capa-de-biblia-ith\/"]}]},{"@type":"ImageObject","inLanguage":"en-US","@id":"https:\/\/shop.bazarcia.com\/produto\/projeto-capa-de-biblia-ith\/#primaryimage","url":"https:\/\/shop.bazarcia.com\/wp-content\/uploads\/2022\/04\/EA-2a.jpeg","contentUrl":"https:\/\/shop.bazarcia.com\/wp-content\/uploads\/2022\/04\/EA-2a.jpeg","width":1280,"height":1280},{"@type":"BreadcrumbList","@id":"https:\/\/shop.bazarcia.com\/produto\/projeto-capa-de-biblia-ith\/#breadcrumb","itemListElement":[{"@type":"ListItem","position":1,"name":"In\u00edcio","item":"https:\/\/shop.bazarcia.com\/"},{"@type":"ListItem","position":2,"name":"Loja","item":"https:\/\/shop.bazarcia.com\/loja\/"},{"@type":"ListItem","position":3,"name":"PROJETO CAPA DE B\u00cdBLIA (ITH)"}]},{"@type":"WebSite","@id":"https:\/\/shop.bazarcia.com\/#website","url":"https:\/\/shop.bazarcia.com\/","name":"Bazar & Cia","description":"criatividade ponto a ponto","publisher":{"@id":"https:\/\/shop.bazarcia.com\/#organization"},"potentialAction":[{"@type":"SearchAction","target":{"@type":"EntryPoint","urlTemplate":"https:\/\/shop.bazarcia.com\/?s={search_term_string}"},"query-input":{"@type":"PropertyValueSpecification","valueRequired":true,"valueName":"search_term_string"}}],"inLanguage":"en-US"},{"@type":"Organization","@id":"https:\/\/shop.bazarcia.com\/#organization","name":"Bazar & Cia","url":"https:\/\/shop.bazarcia.com\/","logo":{"@type":"ImageObject","inLanguage":"en-US","@id":"https:\/\/shop.bazarcia.com\/#\/schema\/logo\/image\/","url":"https:\/\/shop.bazarcia.com\/wp-content\/uploads\/2024\/02\/cropped-logo_bazarcia.png","contentUrl":"https:\/\/shop.bazarcia.com\/wp-content\/uploads\/2024\/02\/cropped-logo_bazarcia.png","width":150,"height":150,"caption":"Bazar & Cia"},"image":{"@id":"https:\/\/shop.bazarcia.com\/#\/schema\/logo\/image\/"},"sameAs":["https:\/\/www.facebook.com\/shopbazarcia","https:\/\/www.instagram.com\/shopbazarcia","https:\/\/br.pinterest.com\/suzane_eloise\/","https:\/\/www.youtube.com\/c\/BazardoBordadoMatrizeseProjetos"]}]}},"_links":{"self":[{"href":"https:\/\/shop.bazarcia.com\/en\/wp-json\/wp\/v2\/product\/165315","targetHints":{"allow":["GET"]}}],"collection":[{"href":"https:\/\/shop.bazarcia.com\/en\/wp-json\/wp\/v2\/product"}],"about":[{"href":"https:\/\/shop.bazarcia.com\/en\/wp-json\/wp\/v2\/types\/product"}],"replies":[{"embeddable":true,"href":"https:\/\/shop.bazarcia.com\/en\/wp-json\/wp\/v2\/comments?post=165315"}],"version-history":[{"count":0,"href":"https:\/\/shop.bazarcia.com\/en\/wp-json\/wp\/v2\/product\/165315\/revisions"}],"wp:featuredmedia":[{"embeddable":true,"href":"https:\/\/shop.bazarcia.com\/en\/wp-json\/wp\/v2\/media\/165309"}],"wp:attachment":[{"href":"https:\/\/shop.bazarcia.com\/en\/wp-json\/wp\/v2\/media?parent=165315"}],"wp:term":[{"taxonomy":"product_brand","embeddable":true,"href":"https:\/\/shop.bazarcia.com\/en\/wp-json\/wp\/v2\/product_brand?post=165315"},{"taxonomy":"product_cat","embeddable":true,"href":"https:\/\/shop.bazarcia.com\/en\/wp-json\/wp\/v2\/product_cat?post=165315"},{"taxonomy":"product_tag","embeddable":true,"href":"https:\/\/shop.bazarcia.com\/en\/wp-json\/wp\/v2\/product_tag?post=165315"}],"curies":[{"name":"wp","href":"https:\/\/api.w.org\/{rel}","templated":true}]}}