{"id":165735,"date":"2022-05-03T13:16:12","date_gmt":"2022-05-03T16:16:12","guid":{"rendered":"https:\/\/shop.bazarcia.com\/produto\/projetos-na-bordadeira-capas-bastidores-18x30-20x28-e-20x30\/"},"modified":"2022-05-05T10:09:14","modified_gmt":"2022-05-05T13:09:14","slug":"projetos-na-bordadeira-capas-bastidores-18x30-20x28-e-20x30","status":"publish","type":"product","link":"https:\/\/shop.bazarcia.com\/en\/product\/projetos-na-bordadeira-capas-bastidores-18x30-20x28-e-20x30\/","title":{"rendered":"Projetos na Bordadeira Capas Bastidores 18&#215;30 20&#215;28 e 20&#215;30"},"content":{"rendered":"<p style=\"margin-top: 0px;margin-bottom: 1rem;color: #6c737b;font-family: roboto, sans-serif\"><span style=\"font-weight: bolder\"><span style=\"font-weight: bolder\"><span style=\"font-weight: bolder\"><span style=\"font-weight: bolder\"><span style=\"font-weight: bolder\"><span style=\"font-weight: bolder\"><span style=\"font-weight: bolder\"><span style=\"font-weight: bolder\"><span style=\"font-weight: bolder\"><span style=\"font-weight: bolder\"><span style=\"font-weight: bolder\"><span style=\"font-weight: bolder\">Projetos na Bordadeira Capas Bastidores 20&#215;30<\/span><\/span><\/span><\/span><\/span><\/span><\/span><\/span><\/span><\/span><br \/>\n<\/span><\/span><\/p>\n<p style=\"margin-top: 0px;margin-bottom: 1rem;color: #6c737b;font-family: roboto, sans-serif\"><span style=\"font-weight: bolder\"><span style=\"font-weight: bolder\"><span style=\"font-weight: bolder\"><span style=\"font-weight: bolder\"><span style=\"font-weight: bolder\"><span style=\"font-weight: bolder\"><span style=\"font-weight: bolder\"><span style=\"font-weight: bolder\"><span style=\"font-weight: bolder\"><span style=\"font-weight: bolder\"><span style=\"font-weight: bolder\"><span style=\"font-weight: bolder\"><span style=\"font-weight: bolder\"><span style=\"font-weight: bolder\"><span style=\"font-weight: bolder\"><i style=\"vertical-align: middle\"><em><span style=\"font-weight: bolder\"><br \/>\nDescri\u00e7\u00e3o das Matrizes:<br \/>\n<\/span><\/em><\/i><\/span><\/span><\/span><\/span><\/span><\/span><\/span><\/span><\/span><\/span><\/span><\/span>Projeto para bastidores 18,30, 20&#215;28, 20&#215;30 ou maiores.<br \/>\nApenas 3 etapas de bordado (capa frontal, capa traseira e fecho com porta caneta) sem nenhuma emenda.<br \/>\n<\/span><\/span><span style=\"font-weight: bolder\"><br \/>\n\u2661<\/span>\u00a0Os tutoriais estar\u00e3o dispon\u00edveis aqui mesmo em seu pedido at\u00e9 o dia da entrega.<br \/>\n-&gt; Por favor, ao adquirir este projeto, n\u00e3o inclua mais nenhum ao carrinho junto. Por enquanto a plataforma do bazar d\u00e1 acesso a apenas uma v\u00eddeo aula por pedido, e ao adquirir mais um de um projeto que contenha v\u00eddeo aula, voc\u00ea pode ficar sem o acesso de algumas aulas.<\/span><\/p>\n<p style=\"margin-top: 0px;margin-bottom: 1rem;color: #6c737b;font-family: roboto, sans-serif\"><span style=\"font-weight: bolder\">\u2661<\/span>\u00a0Este \u00e9 um produto DIGITAL e os arquivos estar\u00e3o dispon\u00edveis para download aqui mesmo em sua conta ap\u00f3s confirma\u00e7\u00e3o do pagamento. Para produtos em pr\u00e9-venda atente-se ao dia da entrega.<\/p>\n<p style=\"margin-top: 0px;margin-bottom: 1rem;color: #6c737b;font-family: roboto, sans-serif\"><span style=\"font-weight: bolder\">\u2661\u00a0<\/span>Os arquivos est\u00e3o em pasta compactada (ZIP), sendo necess\u00e1rio descompact\u00e1-la.<\/p>\n<p><span style=\"font-weight: bolder\">\u2661<\/span>\u00a0Os mesmos s\u00e3o compat\u00edveis com v\u00e1rios tipos e modelos de m\u00e1quinas, com os seguintes formatos :<br \/>\nPES \u2013 JEF \u2013 EXP \u2013 HUS \u2013 XXX &#8211; DST.<\/p>\n<p style=\"margin-top: 0px;margin-bottom: 1rem;color: #6c737b;font-family: roboto, sans-serif\"><span style=\"font-weight: bolder\">\u2661\u00a0<\/span>Adquirindo nossas matrizes e projetos voc\u00ea se declara de acordo com nossos\u00a0<a style=\"color: #95663c;background-color: transparent\" href=\"https:\/\/shop.bazarcia.com\/en\/store\/atelie-mamae-coruja\/toc\/\" target=\"_blank\" rel=\"nofollow noopener\">TERMOS E CONDI\u00c7\u00d5ES<\/a><\/p>\n<p style=\"margin-top: 0px;margin-bottom: 1rem;color: #6c737b;font-family: roboto, sans-serif\">\u2665 Designer Projeto\/Matrizes: Ateli\u00ea Mam\u00e3e Coruja<br \/>\n\u2665 Kit Digital Mama Bear: Etsy<\/p>","protected":false},"excerpt":{"rendered":"<p>Este \u00e9 um PRODUTO DIGITAL destinado a artes\u00e3s e artes\u00e3os \u2665<\/p>\n<p>\u2665 Um projeto vers\u00e1til cheio de possibilidades.<br \/>\nInicialmente trar\u00edamos esse projeto apenas como uma capa para caderno de receitas, mas ele pode ir bem mais al\u00e9m e ser usado como capa de caderneta de vacina\u00e7\u00e3o, capa para planner, agendas ou simplesmente para um fich\u00e1rio de anota\u00e7\u00f5es.<br \/>\nEste projeto acompanha 4 vers\u00f5es de capas frontais (lisas e onduladas &#8211; 8 vers\u00f5es ao todo), uma vers\u00e3o para capa traseira, uma matriz para fecho e de brinde uma matriz porta caneta ou lapiseira.<br \/>\nVers\u00e3o para confec\u00e7\u00e3o pr\u00e1tica em bastidores 18&#215;30, 20&#215;28 e 20&#215;30. (Caso seu bastidor seja menor, n\u00e3o se preocupe que em breve teremos tamb\u00e9m para outros bastidores)<\/p>\n<p>\u2665 A capa pronta fica com o tamanho de 17,5&#215;24,5 cm, compat\u00edvel com Bloco Fich\u00e1rio Formato Colegial de 160&#215;230 mm Universal de 80 folhas, para quem desejar confeccionar a capa de caderno de receitas ou planners.<br \/>\nPara sua confec\u00e7\u00e3o ser\u00e3o necess\u00e1rias tamb\u00e9m 4 argolas articuladas para caderno de 19 mm.<br \/>\nCaso queira fazer uma capa para comportar duas cadernetas, ou um caderno de receita com mais folhas, opte pelas argolas de 25 mm.<\/p>\n<p>\u2665 O Tutorial ser\u00e1 disponibilizado por v\u00eddeo, aqui mesmo, dentro de seu pedido no dia da entrega dos arquivos.<\/p>\n<p>Mais informa\u00e7\u00f5es abaixo e qualquer d\u00favida j\u00e1 sabem, \u00e9 s\u00f3 chamar a gente!<\/p>","protected":false},"featured_media":165726,"comment_status":"open","ping_status":"closed","template":"","meta":{"_acf_changed":false,"_joinchat":[]},"product_brand":[],"product_cat":[98,1422,1400,1387,1442],"product_tag":[],"class_list":{"0":"post-165735","1":"product","2":"type-product","3":"status-publish","4":"has-post-thumbnail","6":"product_cat-projetos-na-bordadeira-in-the-hoop-embroidery","7":"product_cat-capa-de-caderneta-na-bordadeira-ith","8":"product_cat-projetos-bastidor-20x28","9":"product_cat-projetos-para-bastidores-18x30","10":"product_cat-projetos-para-bastidores-20x30-ith","12":"first","13":"instock","14":"downloadable","15":"virtual","16":"purchasable","17":"product-type-simple"},"acf":[],"yoast_head":"<!-- This site is optimized with the Yoast SEO plugin v27.2 - https:\/\/yoast.com\/product\/yoast-seo-wordpress\/ -->\n<title>Projetos na Bordadeira Capas Bastidores 18x30 20x28 e 20x30 - \ud835\udc1b\ud835\udc1a\ud835\udc33\ud835\udc1a\ud835\udc2b &amp; \ud835\udc1c\ud835\udc22\ud835\udc1a<\/title>\n<meta name=\"robots\" content=\"index, follow, max-snippet:-1, max-image-preview:large, max-video-preview:-1\" \/>\n<link rel=\"canonical\" href=\"https:\/\/shop.bazarcia.com\/en\/product\/projetos-na-bordadeira-capas-bastidores-18x30-20x28-e-20x30\/\" \/>\n<meta property=\"og:locale\" content=\"en_US\" \/>\n<meta property=\"og:type\" content=\"article\" \/>\n<meta property=\"og:title\" content=\"Projetos na Bordadeira Capas Bastidores 18x30 20x28 e 20x30 - \ud835\udc1b\ud835\udc1a\ud835\udc33\ud835\udc1a\ud835\udc2b &amp; \ud835\udc1c\ud835\udc22\ud835\udc1a\" \/>\n<meta property=\"og:description\" content=\"Este \u00e9 um PRODUTO DIGITAL destinado a artes\u00e3s e artes\u00e3os \u2665  \u2665 Um projeto vers\u00e1til cheio de possibilidades. Inicialmente trar\u00edamos esse projeto apenas como uma capa para caderno de receitas, mas ele pode ir bem mais al\u00e9m e ser usado como capa de caderneta de vacina\u00e7\u00e3o, capa para planner, agendas ou simplesmente para um fich\u00e1rio de anota\u00e7\u00f5es. Este projeto acompanha 4 vers\u00f5es de capas frontais (lisas e onduladas - 8 vers\u00f5es ao todo), uma vers\u00e3o para capa traseira, uma matriz para fecho e de brinde uma matriz porta caneta ou lapiseira. Vers\u00e3o para confec\u00e7\u00e3o pr\u00e1tica em bastidores 18x30, 20x28 e 20x30. (Caso seu bastidor seja menor, n\u00e3o se preocupe que em breve teremos tamb\u00e9m para outros bastidores)  \u2665 A capa pronta fica com o tamanho de 17,5x24,5 cm, compat\u00edvel com Bloco Fich\u00e1rio Formato Colegial de 160x230 mm Universal de 80 folhas, para quem desejar confeccionar a capa de caderno de receitas ou planners. Para sua confec\u00e7\u00e3o ser\u00e3o necess\u00e1rias tamb\u00e9m 4 argolas articuladas para caderno de 19 mm. Caso queira fazer uma capa para comportar duas cadernetas, ou um caderno de receita com mais folhas, opte pelas argolas de 25 mm.  \u2665 O Tutorial ser\u00e1 disponibilizado por v\u00eddeo, aqui mesmo, dentro de seu pedido no dia da entrega dos arquivos.  Mais informa\u00e7\u00f5es abaixo e qualquer d\u00favida j\u00e1 sabem, \u00e9 s\u00f3 chamar a gente!\" \/>\n<meta property=\"og:url\" content=\"https:\/\/shop.bazarcia.com\/en\/product\/projetos-na-bordadeira-capas-bastidores-18x30-20x28-e-20x30\/\" \/>\n<meta property=\"og:site_name\" content=\"\ud835\udc1b\ud835\udc1a\ud835\udc33\ud835\udc1a\ud835\udc2b &amp; \ud835\udc1c\ud835\udc22\ud835\udc1a\" \/>\n<meta property=\"article:publisher\" content=\"https:\/\/www.facebook.com\/shopbazarcia\" \/>\n<meta property=\"article:modified_time\" content=\"2022-05-05T13:09:14+00:00\" \/>\n<meta property=\"og:image\" content=\"https:\/\/shop.bazarcia.com\/wp-content\/uploads\/2022\/05\/1-768x768.png\" \/>\n\t<meta property=\"og:image:width\" content=\"768\" \/>\n\t<meta property=\"og:image:height\" content=\"768\" \/>\n\t<meta property=\"og:image:type\" content=\"image\/png\" \/>\n<meta name=\"twitter:card\" content=\"summary_large_image\" \/>\n<meta name=\"twitter:label1\" content=\"Est. reading time\" \/>\n\t<meta name=\"twitter:data1\" content=\"1 minute\" \/>\n<script type=\"application\/ld+json\" class=\"yoast-schema-graph\">{\"@context\":\"https:\/\/schema.org\",\"@graph\":[{\"@type\":\"WebPage\",\"@id\":\"https:\/\/shop.bazarcia.com\/produto\/projetos-na-bordadeira-capas-bastidores-18x30-20x28-e-20x30\/\",\"url\":\"https:\/\/shop.bazarcia.com\/produto\/projetos-na-bordadeira-capas-bastidores-18x30-20x28-e-20x30\/\",\"name\":\"Projetos na Bordadeira Capas Bastidores 18x30 20x28 e 20x30 - \ud835\udc1b\ud835\udc1a\ud835\udc33\ud835\udc1a\ud835\udc2b &amp; \ud835\udc1c\ud835\udc22\ud835\udc1a\",\"isPartOf\":{\"@id\":\"https:\/\/shop.bazarcia.com\/#website\"},\"primaryImageOfPage\":{\"@id\":\"https:\/\/shop.bazarcia.com\/produto\/projetos-na-bordadeira-capas-bastidores-18x30-20x28-e-20x30\/#primaryimage\"},\"image\":{\"@id\":\"https:\/\/shop.bazarcia.com\/produto\/projetos-na-bordadeira-capas-bastidores-18x30-20x28-e-20x30\/#primaryimage\"},\"thumbnailUrl\":\"https:\/\/shop.bazarcia.com\/wp-content\/uploads\/2022\/05\/1.png\",\"datePublished\":\"2022-05-03T16:16:12+00:00\",\"dateModified\":\"2022-05-05T13:09:14+00:00\",\"breadcrumb\":{\"@id\":\"https:\/\/shop.bazarcia.com\/produto\/projetos-na-bordadeira-capas-bastidores-18x30-20x28-e-20x30\/#breadcrumb\"},\"inLanguage\":\"en-US\",\"potentialAction\":[{\"@type\":\"ReadAction\",\"target\":[\"https:\/\/shop.bazarcia.com\/produto\/projetos-na-bordadeira-capas-bastidores-18x30-20x28-e-20x30\/\"]}]},{\"@type\":\"ImageObject\",\"inLanguage\":\"en-US\",\"@id\":\"https:\/\/shop.bazarcia.com\/produto\/projetos-na-bordadeira-capas-bastidores-18x30-20x28-e-20x30\/#primaryimage\",\"url\":\"https:\/\/shop.bazarcia.com\/wp-content\/uploads\/2022\/05\/1.png\",\"contentUrl\":\"https:\/\/shop.bazarcia.com\/wp-content\/uploads\/2022\/05\/1.png\",\"width\":1080,\"height\":1080},{\"@type\":\"BreadcrumbList\",\"@id\":\"https:\/\/shop.bazarcia.com\/produto\/projetos-na-bordadeira-capas-bastidores-18x30-20x28-e-20x30\/#breadcrumb\",\"itemListElement\":[{\"@type\":\"ListItem\",\"position\":1,\"name\":\"In\u00edcio\",\"item\":\"https:\/\/shop.bazarcia.com\/\"},{\"@type\":\"ListItem\",\"position\":2,\"name\":\"Loja\",\"item\":\"https:\/\/shop.bazarcia.com\/loja\/\"},{\"@type\":\"ListItem\",\"position\":3,\"name\":\"Projetos na Bordadeira Capas Bastidores 18&#215;30 20&#215;28 e 20&#215;30\"}]},{\"@type\":\"WebSite\",\"@id\":\"https:\/\/shop.bazarcia.com\/#website\",\"url\":\"https:\/\/shop.bazarcia.com\/\",\"name\":\"Bazar & Cia\",\"description\":\"criatividade ponto a ponto\",\"publisher\":{\"@id\":\"https:\/\/shop.bazarcia.com\/#organization\"},\"potentialAction\":[{\"@type\":\"SearchAction\",\"target\":{\"@type\":\"EntryPoint\",\"urlTemplate\":\"https:\/\/shop.bazarcia.com\/?s={search_term_string}\"},\"query-input\":{\"@type\":\"PropertyValueSpecification\",\"valueRequired\":true,\"valueName\":\"search_term_string\"}}],\"inLanguage\":\"en-US\"},{\"@type\":\"Organization\",\"@id\":\"https:\/\/shop.bazarcia.com\/#organization\",\"name\":\"Bazar & Cia\",\"url\":\"https:\/\/shop.bazarcia.com\/\",\"logo\":{\"@type\":\"ImageObject\",\"inLanguage\":\"en-US\",\"@id\":\"https:\/\/shop.bazarcia.com\/#\/schema\/logo\/image\/\",\"url\":\"https:\/\/shop.bazarcia.com\/wp-content\/uploads\/2024\/02\/cropped-logo_bazarcia.png\",\"contentUrl\":\"https:\/\/shop.bazarcia.com\/wp-content\/uploads\/2024\/02\/cropped-logo_bazarcia.png\",\"width\":150,\"height\":150,\"caption\":\"Bazar & Cia\"},\"image\":{\"@id\":\"https:\/\/shop.bazarcia.com\/#\/schema\/logo\/image\/\"},\"sameAs\":[\"https:\/\/www.facebook.com\/shopbazarcia\",\"https:\/\/www.instagram.com\/shopbazarcia\",\"https:\/\/br.pinterest.com\/suzane_eloise\/\",\"https:\/\/www.youtube.com\/c\/BazardoBordadoMatrizeseProjetos\"]}]}<\/script>\n<!-- \/ Yoast SEO plugin. -->","yoast_head_json":{"title":"Projetos na Bordadeira Capas Bastidores 18x30 20x28 e 20x30 - \ud835\udc1b\ud835\udc1a\ud835\udc33\ud835\udc1a\ud835\udc2b &amp; \ud835\udc1c\ud835\udc22\ud835\udc1a","robots":{"index":"index","follow":"follow","max-snippet":"max-snippet:-1","max-image-preview":"max-image-preview:large","max-video-preview":"max-video-preview:-1"},"canonical":"https:\/\/shop.bazarcia.com\/en\/product\/projetos-na-bordadeira-capas-bastidores-18x30-20x28-e-20x30\/","og_locale":"en_US","og_type":"article","og_title":"Projetos na Bordadeira Capas Bastidores 18x30 20x28 e 20x30 - \ud835\udc1b\ud835\udc1a\ud835\udc33\ud835\udc1a\ud835\udc2b &amp; \ud835\udc1c\ud835\udc22\ud835\udc1a","og_description":"Este \u00e9 um PRODUTO DIGITAL destinado a artes\u00e3s e artes\u00e3os \u2665  \u2665 Um projeto vers\u00e1til cheio de possibilidades. Inicialmente trar\u00edamos esse projeto apenas como uma capa para caderno de receitas, mas ele pode ir bem mais al\u00e9m e ser usado como capa de caderneta de vacina\u00e7\u00e3o, capa para planner, agendas ou simplesmente para um fich\u00e1rio de anota\u00e7\u00f5es. Este projeto acompanha 4 vers\u00f5es de capas frontais (lisas e onduladas - 8 vers\u00f5es ao todo), uma vers\u00e3o para capa traseira, uma matriz para fecho e de brinde uma matriz porta caneta ou lapiseira. Vers\u00e3o para confec\u00e7\u00e3o pr\u00e1tica em bastidores 18x30, 20x28 e 20x30. (Caso seu bastidor seja menor, n\u00e3o se preocupe que em breve teremos tamb\u00e9m para outros bastidores)  \u2665 A capa pronta fica com o tamanho de 17,5x24,5 cm, compat\u00edvel com Bloco Fich\u00e1rio Formato Colegial de 160x230 mm Universal de 80 folhas, para quem desejar confeccionar a capa de caderno de receitas ou planners. Para sua confec\u00e7\u00e3o ser\u00e3o necess\u00e1rias tamb\u00e9m 4 argolas articuladas para caderno de 19 mm. Caso queira fazer uma capa para comportar duas cadernetas, ou um caderno de receita com mais folhas, opte pelas argolas de 25 mm.  \u2665 O Tutorial ser\u00e1 disponibilizado por v\u00eddeo, aqui mesmo, dentro de seu pedido no dia da entrega dos arquivos.  Mais informa\u00e7\u00f5es abaixo e qualquer d\u00favida j\u00e1 sabem, \u00e9 s\u00f3 chamar a gente!","og_url":"https:\/\/shop.bazarcia.com\/en\/product\/projetos-na-bordadeira-capas-bastidores-18x30-20x28-e-20x30\/","og_site_name":"\ud835\udc1b\ud835\udc1a\ud835\udc33\ud835\udc1a\ud835\udc2b &amp; \ud835\udc1c\ud835\udc22\ud835\udc1a","article_publisher":"https:\/\/www.facebook.com\/shopbazarcia","article_modified_time":"2022-05-05T13:09:14+00:00","og_image":[{"width":768,"height":768,"url":"https:\/\/shop.bazarcia.com\/wp-content\/uploads\/2022\/05\/1-768x768.png","type":"image\/png"}],"twitter_card":"summary_large_image","twitter_misc":{"Est. reading time":"1 minute"},"schema":{"@context":"https:\/\/schema.org","@graph":[{"@type":"WebPage","@id":"https:\/\/shop.bazarcia.com\/produto\/projetos-na-bordadeira-capas-bastidores-18x30-20x28-e-20x30\/","url":"https:\/\/shop.bazarcia.com\/produto\/projetos-na-bordadeira-capas-bastidores-18x30-20x28-e-20x30\/","name":"Projetos na Bordadeira Capas Bastidores 18x30 20x28 e 20x30 - \ud835\udc1b\ud835\udc1a\ud835\udc33\ud835\udc1a\ud835\udc2b &amp; \ud835\udc1c\ud835\udc22\ud835\udc1a","isPartOf":{"@id":"https:\/\/shop.bazarcia.com\/#website"},"primaryImageOfPage":{"@id":"https:\/\/shop.bazarcia.com\/produto\/projetos-na-bordadeira-capas-bastidores-18x30-20x28-e-20x30\/#primaryimage"},"image":{"@id":"https:\/\/shop.bazarcia.com\/produto\/projetos-na-bordadeira-capas-bastidores-18x30-20x28-e-20x30\/#primaryimage"},"thumbnailUrl":"https:\/\/shop.bazarcia.com\/wp-content\/uploads\/2022\/05\/1.png","datePublished":"2022-05-03T16:16:12+00:00","dateModified":"2022-05-05T13:09:14+00:00","breadcrumb":{"@id":"https:\/\/shop.bazarcia.com\/produto\/projetos-na-bordadeira-capas-bastidores-18x30-20x28-e-20x30\/#breadcrumb"},"inLanguage":"en-US","potentialAction":[{"@type":"ReadAction","target":["https:\/\/shop.bazarcia.com\/produto\/projetos-na-bordadeira-capas-bastidores-18x30-20x28-e-20x30\/"]}]},{"@type":"ImageObject","inLanguage":"en-US","@id":"https:\/\/shop.bazarcia.com\/produto\/projetos-na-bordadeira-capas-bastidores-18x30-20x28-e-20x30\/#primaryimage","url":"https:\/\/shop.bazarcia.com\/wp-content\/uploads\/2022\/05\/1.png","contentUrl":"https:\/\/shop.bazarcia.com\/wp-content\/uploads\/2022\/05\/1.png","width":1080,"height":1080},{"@type":"BreadcrumbList","@id":"https:\/\/shop.bazarcia.com\/produto\/projetos-na-bordadeira-capas-bastidores-18x30-20x28-e-20x30\/#breadcrumb","itemListElement":[{"@type":"ListItem","position":1,"name":"In\u00edcio","item":"https:\/\/shop.bazarcia.com\/"},{"@type":"ListItem","position":2,"name":"Loja","item":"https:\/\/shop.bazarcia.com\/loja\/"},{"@type":"ListItem","position":3,"name":"Projetos na Bordadeira Capas Bastidores 18&#215;30 20&#215;28 e 20&#215;30"}]},{"@type":"WebSite","@id":"https:\/\/shop.bazarcia.com\/#website","url":"https:\/\/shop.bazarcia.com\/","name":"Bazar & Cia","description":"criatividade ponto a ponto","publisher":{"@id":"https:\/\/shop.bazarcia.com\/#organization"},"potentialAction":[{"@type":"SearchAction","target":{"@type":"EntryPoint","urlTemplate":"https:\/\/shop.bazarcia.com\/?s={search_term_string}"},"query-input":{"@type":"PropertyValueSpecification","valueRequired":true,"valueName":"search_term_string"}}],"inLanguage":"en-US"},{"@type":"Organization","@id":"https:\/\/shop.bazarcia.com\/#organization","name":"Bazar & Cia","url":"https:\/\/shop.bazarcia.com\/","logo":{"@type":"ImageObject","inLanguage":"en-US","@id":"https:\/\/shop.bazarcia.com\/#\/schema\/logo\/image\/","url":"https:\/\/shop.bazarcia.com\/wp-content\/uploads\/2024\/02\/cropped-logo_bazarcia.png","contentUrl":"https:\/\/shop.bazarcia.com\/wp-content\/uploads\/2024\/02\/cropped-logo_bazarcia.png","width":150,"height":150,"caption":"Bazar & Cia"},"image":{"@id":"https:\/\/shop.bazarcia.com\/#\/schema\/logo\/image\/"},"sameAs":["https:\/\/www.facebook.com\/shopbazarcia","https:\/\/www.instagram.com\/shopbazarcia","https:\/\/br.pinterest.com\/suzane_eloise\/","https:\/\/www.youtube.com\/c\/BazardoBordadoMatrizeseProjetos"]}]}},"_links":{"self":[{"href":"https:\/\/shop.bazarcia.com\/en\/wp-json\/wp\/v2\/product\/165735","targetHints":{"allow":["GET"]}}],"collection":[{"href":"https:\/\/shop.bazarcia.com\/en\/wp-json\/wp\/v2\/product"}],"about":[{"href":"https:\/\/shop.bazarcia.com\/en\/wp-json\/wp\/v2\/types\/product"}],"replies":[{"embeddable":true,"href":"https:\/\/shop.bazarcia.com\/en\/wp-json\/wp\/v2\/comments?post=165735"}],"version-history":[{"count":0,"href":"https:\/\/shop.bazarcia.com\/en\/wp-json\/wp\/v2\/product\/165735\/revisions"}],"wp:featuredmedia":[{"embeddable":true,"href":"https:\/\/shop.bazarcia.com\/en\/wp-json\/wp\/v2\/media\/165726"}],"wp:attachment":[{"href":"https:\/\/shop.bazarcia.com\/en\/wp-json\/wp\/v2\/media?parent=165735"}],"wp:term":[{"taxonomy":"product_brand","embeddable":true,"href":"https:\/\/shop.bazarcia.com\/en\/wp-json\/wp\/v2\/product_brand?post=165735"},{"taxonomy":"product_cat","embeddable":true,"href":"https:\/\/shop.bazarcia.com\/en\/wp-json\/wp\/v2\/product_cat?post=165735"},{"taxonomy":"product_tag","embeddable":true,"href":"https:\/\/shop.bazarcia.com\/en\/wp-json\/wp\/v2\/product_tag?post=165735"}],"curies":[{"name":"wp","href":"https:\/\/api.w.org\/{rel}","templated":true}]}}