{"id":167722,"date":"2022-05-16T21:20:09","date_gmt":"2022-05-17T00:20:09","guid":{"rendered":"https:\/\/shop.bazarcia.com\/produto\/matriz-porta-celular-oculos-minha-rainha-13x18-e-16x16\/"},"modified":"2022-05-24T15:48:33","modified_gmt":"2022-05-24T18:48:33","slug":"matriz-porta-celular-oculos-minha-rainha-13x18-e-16x16","status":"publish","type":"product","link":"https:\/\/shop.bazarcia.com\/en\/product\/matriz-porta-celular-oculos-minha-rainha-13x18-e-16x16\/","title":{"rendered":"Matriz Porta Celular\/\u00d3culos Minha Rainha (13&#215;18) e (16&#215;26)"},"content":{"rendered":"<p>https:\/\/fb.watch\/cFfnKe9OKK\/<\/p>","protected":false},"excerpt":{"rendered":"<p>Matriz para Maquina de Bordar Eletr\u00f4nica<\/p>\n<p>Compat\u00edvel com bastidor (13&#215;18) e (16&#215;26) ou maior<\/p>\n<p>Kit composto pela matriz Porta Celular dos 10 modelos das fotos no tamanho final de 11&#215;17 (bastidor 13&#215;18) e 11&#215;19 (bastidor16x26) + matriz para bordar em outras pe\u00e7as para bastidor 10&#215;10 e 13&#215;18<\/p>\n<p>Verifique se a matriz que est\u00e1 adquirindo serve para o seu bastidor, ap\u00f3s a entrega n\u00e3o realizamos troca nem devolu\u00e7\u00e3o, por se tratar de um arquivo eletr\u00f4nico.<\/p>\n<p>Nosso produtos n\u00e3o podem ser copiados, trocados, editados, compartilhados ou revendidos. Eles tem somente a finalidade de uso pessoal, para a produ\u00e7\u00e3o de pe\u00e7as para uso ou venda<\/p>\n<p>V\u00eddeos dispon\u00edveis no canal do Youtube Banca das Artes\u00e3s<\/p>","protected":false},"featured_media":169809,"comment_status":"open","ping_status":"closed","template":"","meta":{"_acf_changed":false,"_joinchat":[]},"product_brand":[],"product_cat":[98],"product_tag":[1090],"class_list":{"0":"post-167722","1":"product","2":"type-product","3":"status-publish","4":"has-post-thumbnail","6":"product_cat-projetos-na-bordadeira-in-the-hoop-embroidery","7":"product_tag-maquina-de-bordar","9":"first","10":"instock","11":"downloadable","12":"virtual","13":"purchasable","14":"product-type-simple"},"acf":[],"yoast_head":"<!-- This site is optimized with the Yoast SEO plugin v27.2 - https:\/\/yoast.com\/product\/yoast-seo-wordpress\/ -->\n<title>Matriz Porta Celular\/\u00d3culos Minha Rainha (13x18) e (16x26) - \ud835\udc1b\ud835\udc1a\ud835\udc33\ud835\udc1a\ud835\udc2b &amp; \ud835\udc1c\ud835\udc22\ud835\udc1a<\/title>\n<meta name=\"robots\" content=\"index, follow, max-snippet:-1, max-image-preview:large, max-video-preview:-1\" \/>\n<link rel=\"canonical\" href=\"https:\/\/shop.bazarcia.com\/en\/product\/matriz-porta-celular-oculos-minha-rainha-13x18-e-16x16\/\" \/>\n<meta property=\"og:locale\" content=\"en_US\" \/>\n<meta property=\"og:type\" content=\"article\" \/>\n<meta property=\"og:title\" content=\"Matriz Porta Celular\/\u00d3culos Minha Rainha (13x18) e (16x26) - \ud835\udc1b\ud835\udc1a\ud835\udc33\ud835\udc1a\ud835\udc2b &amp; \ud835\udc1c\ud835\udc22\ud835\udc1a\" \/>\n<meta property=\"og:description\" content=\"Matriz para Maquina de Bordar Eletr\u00f4nica  Compat\u00edvel com bastidor (13x18) e (16x26) ou maior  Kit composto pela matriz Porta Celular dos 10 modelos das fotos no tamanho final de 11x17 (bastidor 13x18) e 11x19 (bastidor16x26) + matriz para bordar em outras pe\u00e7as para bastidor 10x10 e 13x18  Verifique se a matriz que est\u00e1 adquirindo serve para o seu bastidor, ap\u00f3s a entrega n\u00e3o realizamos troca nem devolu\u00e7\u00e3o, por se tratar de um arquivo eletr\u00f4nico.  Nosso produtos n\u00e3o podem ser copiados, trocados, editados, compartilhados ou revendidos. Eles tem somente a finalidade de uso pessoal, para a produ\u00e7\u00e3o de pe\u00e7as para uso ou venda  V\u00eddeos dispon\u00edveis no canal do Youtube Banca das Artes\u00e3s\" \/>\n<meta property=\"og:url\" content=\"https:\/\/shop.bazarcia.com\/en\/product\/matriz-porta-celular-oculos-minha-rainha-13x18-e-16x16\/\" \/>\n<meta property=\"og:site_name\" content=\"\ud835\udc1b\ud835\udc1a\ud835\udc33\ud835\udc1a\ud835\udc2b &amp; \ud835\udc1c\ud835\udc22\ud835\udc1a\" \/>\n<meta property=\"article:publisher\" content=\"https:\/\/www.facebook.com\/shopbazarcia\" \/>\n<meta property=\"article:modified_time\" content=\"2022-05-24T18:48:33+00:00\" \/>\n<meta property=\"og:image\" content=\"https:\/\/shop.bazarcia.com\/wp-content\/uploads\/2022\/05\/1111.jpg\" \/>\n\t<meta property=\"og:image:width\" content=\"1080\" \/>\n\t<meta property=\"og:image:height\" content=\"1080\" \/>\n\t<meta property=\"og:image:type\" content=\"image\/jpeg\" \/>\n<meta name=\"twitter:card\" content=\"summary_large_image\" \/>\n<script type=\"application\/ld+json\" class=\"yoast-schema-graph\">{\"@context\":\"https:\/\/schema.org\",\"@graph\":[{\"@type\":\"WebPage\",\"@id\":\"https:\/\/shop.bazarcia.com\/produto\/matriz-porta-celular-oculos-minha-rainha-13x18-e-16x16\/\",\"url\":\"https:\/\/shop.bazarcia.com\/produto\/matriz-porta-celular-oculos-minha-rainha-13x18-e-16x16\/\",\"name\":\"Matriz Porta Celular\/\u00d3culos Minha Rainha (13x18) e (16x26) - \ud835\udc1b\ud835\udc1a\ud835\udc33\ud835\udc1a\ud835\udc2b &amp; \ud835\udc1c\ud835\udc22\ud835\udc1a\",\"isPartOf\":{\"@id\":\"https:\/\/shop.bazarcia.com\/#website\"},\"primaryImageOfPage\":{\"@id\":\"https:\/\/shop.bazarcia.com\/produto\/matriz-porta-celular-oculos-minha-rainha-13x18-e-16x16\/#primaryimage\"},\"image\":{\"@id\":\"https:\/\/shop.bazarcia.com\/produto\/matriz-porta-celular-oculos-minha-rainha-13x18-e-16x16\/#primaryimage\"},\"thumbnailUrl\":\"https:\/\/shop.bazarcia.com\/wp-content\/uploads\/2022\/05\/Design-sem-nome-31.jpg\",\"datePublished\":\"2022-05-17T00:20:09+00:00\",\"dateModified\":\"2022-05-24T18:48:33+00:00\",\"breadcrumb\":{\"@id\":\"https:\/\/shop.bazarcia.com\/produto\/matriz-porta-celular-oculos-minha-rainha-13x18-e-16x16\/#breadcrumb\"},\"inLanguage\":\"en-US\",\"potentialAction\":[{\"@type\":\"ReadAction\",\"target\":[\"https:\/\/shop.bazarcia.com\/produto\/matriz-porta-celular-oculos-minha-rainha-13x18-e-16x16\/\"]}]},{\"@type\":\"ImageObject\",\"inLanguage\":\"en-US\",\"@id\":\"https:\/\/shop.bazarcia.com\/produto\/matriz-porta-celular-oculos-minha-rainha-13x18-e-16x16\/#primaryimage\",\"url\":\"https:\/\/shop.bazarcia.com\/wp-content\/uploads\/2022\/05\/Design-sem-nome-31.jpg\",\"contentUrl\":\"https:\/\/shop.bazarcia.com\/wp-content\/uploads\/2022\/05\/Design-sem-nome-31.jpg\",\"width\":1080,\"height\":1080},{\"@type\":\"BreadcrumbList\",\"@id\":\"https:\/\/shop.bazarcia.com\/produto\/matriz-porta-celular-oculos-minha-rainha-13x18-e-16x16\/#breadcrumb\",\"itemListElement\":[{\"@type\":\"ListItem\",\"position\":1,\"name\":\"In\u00edcio\",\"item\":\"https:\/\/shop.bazarcia.com\/\"},{\"@type\":\"ListItem\",\"position\":2,\"name\":\"Loja\",\"item\":\"https:\/\/shop.bazarcia.com\/loja\/\"},{\"@type\":\"ListItem\",\"position\":3,\"name\":\"Matriz Porta Celular\/\u00d3culos Minha Rainha (13&#215;18) e (16&#215;26)\"}]},{\"@type\":\"WebSite\",\"@id\":\"https:\/\/shop.bazarcia.com\/#website\",\"url\":\"https:\/\/shop.bazarcia.com\/\",\"name\":\"Bazar & Cia\",\"description\":\"criatividade ponto a ponto\",\"publisher\":{\"@id\":\"https:\/\/shop.bazarcia.com\/#organization\"},\"potentialAction\":[{\"@type\":\"SearchAction\",\"target\":{\"@type\":\"EntryPoint\",\"urlTemplate\":\"https:\/\/shop.bazarcia.com\/?s={search_term_string}\"},\"query-input\":{\"@type\":\"PropertyValueSpecification\",\"valueRequired\":true,\"valueName\":\"search_term_string\"}}],\"inLanguage\":\"en-US\"},{\"@type\":\"Organization\",\"@id\":\"https:\/\/shop.bazarcia.com\/#organization\",\"name\":\"Bazar & Cia\",\"url\":\"https:\/\/shop.bazarcia.com\/\",\"logo\":{\"@type\":\"ImageObject\",\"inLanguage\":\"en-US\",\"@id\":\"https:\/\/shop.bazarcia.com\/#\/schema\/logo\/image\/\",\"url\":\"https:\/\/shop.bazarcia.com\/wp-content\/uploads\/2024\/02\/cropped-logo_bazarcia.png\",\"contentUrl\":\"https:\/\/shop.bazarcia.com\/wp-content\/uploads\/2024\/02\/cropped-logo_bazarcia.png\",\"width\":150,\"height\":150,\"caption\":\"Bazar & Cia\"},\"image\":{\"@id\":\"https:\/\/shop.bazarcia.com\/#\/schema\/logo\/image\/\"},\"sameAs\":[\"https:\/\/www.facebook.com\/shopbazarcia\",\"https:\/\/www.instagram.com\/shopbazarcia\",\"https:\/\/br.pinterest.com\/suzane_eloise\/\",\"https:\/\/www.youtube.com\/c\/BazardoBordadoMatrizeseProjetos\"]}]}<\/script>\n<!-- \/ Yoast SEO plugin. -->","yoast_head_json":{"title":"Matriz Porta Celular\/\u00d3culos Minha Rainha (13x18) e (16x26) - \ud835\udc1b\ud835\udc1a\ud835\udc33\ud835\udc1a\ud835\udc2b &amp; \ud835\udc1c\ud835\udc22\ud835\udc1a","robots":{"index":"index","follow":"follow","max-snippet":"max-snippet:-1","max-image-preview":"max-image-preview:large","max-video-preview":"max-video-preview:-1"},"canonical":"https:\/\/shop.bazarcia.com\/en\/product\/matriz-porta-celular-oculos-minha-rainha-13x18-e-16x16\/","og_locale":"en_US","og_type":"article","og_title":"Matriz Porta Celular\/\u00d3culos Minha Rainha (13x18) e (16x26) - \ud835\udc1b\ud835\udc1a\ud835\udc33\ud835\udc1a\ud835\udc2b &amp; \ud835\udc1c\ud835\udc22\ud835\udc1a","og_description":"Matriz para Maquina de Bordar Eletr\u00f4nica  Compat\u00edvel com bastidor (13x18) e (16x26) ou maior  Kit composto pela matriz Porta Celular dos 10 modelos das fotos no tamanho final de 11x17 (bastidor 13x18) e 11x19 (bastidor16x26) + matriz para bordar em outras pe\u00e7as para bastidor 10x10 e 13x18  Verifique se a matriz que est\u00e1 adquirindo serve para o seu bastidor, ap\u00f3s a entrega n\u00e3o realizamos troca nem devolu\u00e7\u00e3o, por se tratar de um arquivo eletr\u00f4nico.  Nosso produtos n\u00e3o podem ser copiados, trocados, editados, compartilhados ou revendidos. Eles tem somente a finalidade de uso pessoal, para a produ\u00e7\u00e3o de pe\u00e7as para uso ou venda  V\u00eddeos dispon\u00edveis no canal do Youtube Banca das Artes\u00e3s","og_url":"https:\/\/shop.bazarcia.com\/en\/product\/matriz-porta-celular-oculos-minha-rainha-13x18-e-16x16\/","og_site_name":"\ud835\udc1b\ud835\udc1a\ud835\udc33\ud835\udc1a\ud835\udc2b &amp; \ud835\udc1c\ud835\udc22\ud835\udc1a","article_publisher":"https:\/\/www.facebook.com\/shopbazarcia","article_modified_time":"2022-05-24T18:48:33+00:00","og_image":[{"width":1080,"height":1080,"url":"https:\/\/shop.bazarcia.com\/wp-content\/uploads\/2022\/05\/1111.jpg","type":"image\/jpeg"}],"twitter_card":"summary_large_image","schema":{"@context":"https:\/\/schema.org","@graph":[{"@type":"WebPage","@id":"https:\/\/shop.bazarcia.com\/produto\/matriz-porta-celular-oculos-minha-rainha-13x18-e-16x16\/","url":"https:\/\/shop.bazarcia.com\/produto\/matriz-porta-celular-oculos-minha-rainha-13x18-e-16x16\/","name":"Matriz Porta Celular\/\u00d3culos Minha Rainha (13x18) e (16x26) - \ud835\udc1b\ud835\udc1a\ud835\udc33\ud835\udc1a\ud835\udc2b &amp; \ud835\udc1c\ud835\udc22\ud835\udc1a","isPartOf":{"@id":"https:\/\/shop.bazarcia.com\/#website"},"primaryImageOfPage":{"@id":"https:\/\/shop.bazarcia.com\/produto\/matriz-porta-celular-oculos-minha-rainha-13x18-e-16x16\/#primaryimage"},"image":{"@id":"https:\/\/shop.bazarcia.com\/produto\/matriz-porta-celular-oculos-minha-rainha-13x18-e-16x16\/#primaryimage"},"thumbnailUrl":"https:\/\/shop.bazarcia.com\/wp-content\/uploads\/2022\/05\/Design-sem-nome-31.jpg","datePublished":"2022-05-17T00:20:09+00:00","dateModified":"2022-05-24T18:48:33+00:00","breadcrumb":{"@id":"https:\/\/shop.bazarcia.com\/produto\/matriz-porta-celular-oculos-minha-rainha-13x18-e-16x16\/#breadcrumb"},"inLanguage":"en-US","potentialAction":[{"@type":"ReadAction","target":["https:\/\/shop.bazarcia.com\/produto\/matriz-porta-celular-oculos-minha-rainha-13x18-e-16x16\/"]}]},{"@type":"ImageObject","inLanguage":"en-US","@id":"https:\/\/shop.bazarcia.com\/produto\/matriz-porta-celular-oculos-minha-rainha-13x18-e-16x16\/#primaryimage","url":"https:\/\/shop.bazarcia.com\/wp-content\/uploads\/2022\/05\/Design-sem-nome-31.jpg","contentUrl":"https:\/\/shop.bazarcia.com\/wp-content\/uploads\/2022\/05\/Design-sem-nome-31.jpg","width":1080,"height":1080},{"@type":"BreadcrumbList","@id":"https:\/\/shop.bazarcia.com\/produto\/matriz-porta-celular-oculos-minha-rainha-13x18-e-16x16\/#breadcrumb","itemListElement":[{"@type":"ListItem","position":1,"name":"In\u00edcio","item":"https:\/\/shop.bazarcia.com\/"},{"@type":"ListItem","position":2,"name":"Loja","item":"https:\/\/shop.bazarcia.com\/loja\/"},{"@type":"ListItem","position":3,"name":"Matriz Porta Celular\/\u00d3culos Minha Rainha (13&#215;18) e (16&#215;26)"}]},{"@type":"WebSite","@id":"https:\/\/shop.bazarcia.com\/#website","url":"https:\/\/shop.bazarcia.com\/","name":"Bazar & Cia","description":"criatividade ponto a ponto","publisher":{"@id":"https:\/\/shop.bazarcia.com\/#organization"},"potentialAction":[{"@type":"SearchAction","target":{"@type":"EntryPoint","urlTemplate":"https:\/\/shop.bazarcia.com\/?s={search_term_string}"},"query-input":{"@type":"PropertyValueSpecification","valueRequired":true,"valueName":"search_term_string"}}],"inLanguage":"en-US"},{"@type":"Organization","@id":"https:\/\/shop.bazarcia.com\/#organization","name":"Bazar & Cia","url":"https:\/\/shop.bazarcia.com\/","logo":{"@type":"ImageObject","inLanguage":"en-US","@id":"https:\/\/shop.bazarcia.com\/#\/schema\/logo\/image\/","url":"https:\/\/shop.bazarcia.com\/wp-content\/uploads\/2024\/02\/cropped-logo_bazarcia.png","contentUrl":"https:\/\/shop.bazarcia.com\/wp-content\/uploads\/2024\/02\/cropped-logo_bazarcia.png","width":150,"height":150,"caption":"Bazar & Cia"},"image":{"@id":"https:\/\/shop.bazarcia.com\/#\/schema\/logo\/image\/"},"sameAs":["https:\/\/www.facebook.com\/shopbazarcia","https:\/\/www.instagram.com\/shopbazarcia","https:\/\/br.pinterest.com\/suzane_eloise\/","https:\/\/www.youtube.com\/c\/BazardoBordadoMatrizeseProjetos"]}]}},"_links":{"self":[{"href":"https:\/\/shop.bazarcia.com\/en\/wp-json\/wp\/v2\/product\/167722","targetHints":{"allow":["GET"]}}],"collection":[{"href":"https:\/\/shop.bazarcia.com\/en\/wp-json\/wp\/v2\/product"}],"about":[{"href":"https:\/\/shop.bazarcia.com\/en\/wp-json\/wp\/v2\/types\/product"}],"replies":[{"embeddable":true,"href":"https:\/\/shop.bazarcia.com\/en\/wp-json\/wp\/v2\/comments?post=167722"}],"version-history":[{"count":0,"href":"https:\/\/shop.bazarcia.com\/en\/wp-json\/wp\/v2\/product\/167722\/revisions"}],"wp:featuredmedia":[{"embeddable":true,"href":"https:\/\/shop.bazarcia.com\/en\/wp-json\/wp\/v2\/media\/169809"}],"wp:attachment":[{"href":"https:\/\/shop.bazarcia.com\/en\/wp-json\/wp\/v2\/media?parent=167722"}],"wp:term":[{"taxonomy":"product_brand","embeddable":true,"href":"https:\/\/shop.bazarcia.com\/en\/wp-json\/wp\/v2\/product_brand?post=167722"},{"taxonomy":"product_cat","embeddable":true,"href":"https:\/\/shop.bazarcia.com\/en\/wp-json\/wp\/v2\/product_cat?post=167722"},{"taxonomy":"product_tag","embeddable":true,"href":"https:\/\/shop.bazarcia.com\/en\/wp-json\/wp\/v2\/product_tag?post=167722"}],"curies":[{"name":"wp","href":"https:\/\/api.w.org\/{rel}","templated":true}]}}