{"id":16919,"date":"2020-03-27T13:19:15","date_gmt":"2020-03-27T16:19:15","guid":{"rendered":"https:\/\/shop.bazarcia.com\/produto\/barradinho-abobora\/"},"modified":"2024-11-17T11:12:25","modified_gmt":"2024-11-17T14:12:25","slug":"barradinho-abobora","status":"publish","type":"product","link":"https:\/\/shop.bazarcia.com\/en\/product\/barradinho-abobora\/","title":{"rendered":"Barradinho Ab\u00f3bora"},"content":{"rendered":"<p style=\"margin-top: 0px;margin-bottom: 1rem;color: #7a7a7a;font-family: raleway, sans-serif;font-size: 14px\">Arquivos pes, jef, xxx, dst e exp<\/p>\n<p style=\"margin-top: 0px;margin-bottom: 1rem;color: #7a7a7a;font-size: 14px;font-family: Raleway, sans-serif\">Este \u00e9 um produto digital, que \u00e9 disponibilizado para DOWNLOAD logo ap\u00f3s a comprova\u00e7\u00e3o do pagamento.<\/p>\n<p style=\"margin-top: 0px;margin-bottom: 1rem;color: #7a7a7a;font-size: 14px;font-family: Raleway, sans-serif\">Arquivos encontram-se em pastas compactada (ZIP), sendo necess\u00e1rio descompacta-las.<\/p>\n<p>&nbsp;<\/p>\n<p>\u201cAten\u00e7\u00e3o: este produto \u00e9 vendido de forma digital e n\u00e3o f\u00edsica. Ao concluir a compra, o usu\u00e1rio dever\u00e1 realizar o download do conte\u00fado em seu pr\u00f3prio computador, acessando a aba de Downloads dentro do pr\u00f3prio site Bazar do Bordado, ou atrav\u00e9s de um link disponibilizado e enviado para o e-mail cadastrado.<\/p>\n<p>&nbsp;<\/p>\n<p>&nbsp;<\/p>\n<p>&nbsp;<\/p>\n<p>Esse download poder\u00e1 ser feito por at\u00e9 99 (noventa e nove) vezes diretamente no site do Bazar do Bordado, em um per\u00edodo m\u00e1ximo de 365 (trezentos e sessenta e cinco dias) a ser contado da data da disponibiliza\u00e7\u00e3o do material. Ap\u00f3s este per\u00edodo, o link ser\u00e1 expirado.<\/p>\n<p>&nbsp;<\/p>\n<p>&nbsp;<\/p>\n<p>&nbsp;<\/p>\n<p>Por isso, \u00e9 importante que o usu\u00e1rio comprador fa\u00e7a o download do conte\u00fado o quanto antes, armazenando no seu compartimento de interesse (como: computador, e-mail, drive, hd externo, pendrive, etc.) de forma que possa utilizar o produto mesmo ap\u00f3s o link para download ter expirado em nossa plataforma.<\/p>\n<p>&nbsp;<\/p>\n<p>&nbsp;<\/p>\n<p>&nbsp;<\/p>\n<p>Se for excedido o limite de downloads ou ultrapassado o tempo mencionado acima, o acesso ao produto s\u00f3 poder\u00e1 ser feito mediante a uma nova compra.&#8221;<\/p>","protected":false},"excerpt":{"rendered":"<p>Matriz bastidor 13\u00d718<\/p>\n<p>Verifique se a matriz que est\u00e1 adquirindo serve para o seu bastidor, ap\u00f3s a entrega n\u00e3o realizamos troca nem devolu\u00e7\u00e3o, por se tratar de um arquivo eletr\u00f4nico.<\/p>\n<p>Nosso produtos n\u00e3o podem ser copiados, trocados, editados, compartilhados ou revendidos. Eles tem somente a finalidade de uso pessoal, para a produ\u00e7\u00e3o de pe\u00e7as para uso ou venda<\/p>\n<p>Manga Rosa Bordados Deseja Boas vendas e Muito Sucesso!!!<\/p>\n<p>Assista Pap<\/p>\n<p>https:\/\/www.youtube.com\/watch?v=7bqjgkajTp4<\/p>","protected":false},"featured_media":16918,"comment_status":"closed","ping_status":"closed","template":"","meta":{"_acf_changed":false,"_joinchat":[]},"product_brand":[],"product_cat":[98,368,1385,1192],"product_tag":[1090],"class_list":{"0":"post-16919","1":"product","2":"type-product","3":"status-publish","4":"has-post-thumbnail","6":"product_cat-projetos-na-bordadeira-in-the-hoop-embroidery","7":"product_cat-projeto-barradinhos-na-bordadeira","8":"product_cat-projetos-para-bastidor-13x18","9":"product_cat-cozinha-projetos-na-bordadeira","10":"product_tag-maquina-de-bordar","12":"first","13":"instock","14":"downloadable","15":"virtual","16":"sold-individually","17":"purchasable","18":"product-type-simple"},"acf":[],"yoast_head":"<!-- This site is optimized with the Yoast SEO plugin v27.2 - https:\/\/yoast.com\/product\/yoast-seo-wordpress\/ -->\n<title>Barradinho Ab\u00f3bora - \ud835\udc1b\ud835\udc1a\ud835\udc33\ud835\udc1a\ud835\udc2b &amp; \ud835\udc1c\ud835\udc22\ud835\udc1a<\/title>\n<meta name=\"description\" content=\"Please provide a meta description by editing the snippet below. If you don\u2019t, Google will try to find a relevant part of your post to show in the search results.\" \/>\n<meta name=\"robots\" content=\"index, follow, max-snippet:-1, max-image-preview:large, max-video-preview:-1\" \/>\n<link rel=\"canonical\" href=\"https:\/\/shop.bazarcia.com\/en\/product\/barradinho-abobora\/\" \/>\n<meta property=\"og:locale\" content=\"en_US\" \/>\n<meta property=\"og:type\" content=\"article\" \/>\n<meta property=\"og:title\" content=\"Barradinho Ab\u00f3bora - \ud835\udc1b\ud835\udc1a\ud835\udc33\ud835\udc1a\ud835\udc2b &amp; \ud835\udc1c\ud835\udc22\ud835\udc1a\" \/>\n<meta property=\"og:description\" content=\"Please provide a meta description by editing the snippet below. If you don\u2019t, Google will try to find a relevant part of your post to show in the search results.\" \/>\n<meta property=\"og:url\" content=\"https:\/\/shop.bazarcia.com\/en\/product\/barradinho-abobora\/\" \/>\n<meta property=\"og:site_name\" content=\"\ud835\udc1b\ud835\udc1a\ud835\udc33\ud835\udc1a\ud835\udc2b &amp; \ud835\udc1c\ud835\udc22\ud835\udc1a\" \/>\n<meta property=\"article:publisher\" content=\"https:\/\/www.facebook.com\/shopbazarcia\" \/>\n<meta property=\"article:modified_time\" content=\"2024-11-17T14:12:25+00:00\" \/>\n<meta property=\"og:image\" content=\"https:\/\/shop.bazarcia.com\/wp-content\/uploads\/2020\/03\/22496214_493064461050697_2165038934724017997_o.jpg\" \/>\n\t<meta property=\"og:image:width\" content=\"960\" \/>\n\t<meta property=\"og:image:height\" content=\"697\" \/>\n\t<meta property=\"og:image:type\" content=\"image\/jpeg\" \/>\n<meta name=\"twitter:card\" content=\"summary_large_image\" \/>\n<meta name=\"twitter:label1\" content=\"Est. reading time\" \/>\n\t<meta name=\"twitter:data1\" content=\"1 minute\" \/>\n<script type=\"application\/ld+json\" class=\"yoast-schema-graph\">{\"@context\":\"https:\/\/schema.org\",\"@graph\":[{\"@type\":\"WebPage\",\"@id\":\"https:\/\/shop.bazarcia.com\/produto\/barradinho-abobora\/\",\"url\":\"https:\/\/shop.bazarcia.com\/produto\/barradinho-abobora\/\",\"name\":\"Barradinho Ab\u00f3bora - \ud835\udc1b\ud835\udc1a\ud835\udc33\ud835\udc1a\ud835\udc2b &amp; \ud835\udc1c\ud835\udc22\ud835\udc1a\",\"isPartOf\":{\"@id\":\"https:\/\/shop.bazarcia.com\/#website\"},\"primaryImageOfPage\":{\"@id\":\"https:\/\/shop.bazarcia.com\/produto\/barradinho-abobora\/#primaryimage\"},\"image\":{\"@id\":\"https:\/\/shop.bazarcia.com\/produto\/barradinho-abobora\/#primaryimage\"},\"thumbnailUrl\":\"https:\/\/shop.bazarcia.com\/wp-content\/uploads\/2020\/03\/22496214_493064461050697_2165038934724017997_o.jpg\",\"datePublished\":\"2020-03-27T16:19:15+00:00\",\"dateModified\":\"2024-11-17T14:12:25+00:00\",\"description\":\"Please provide a meta description by editing the snippet below. If you don\u2019t, Google will try to find a relevant part of your post to show in the search results.\",\"breadcrumb\":{\"@id\":\"https:\/\/shop.bazarcia.com\/produto\/barradinho-abobora\/#breadcrumb\"},\"inLanguage\":\"en-US\",\"potentialAction\":[{\"@type\":\"ReadAction\",\"target\":[\"https:\/\/shop.bazarcia.com\/produto\/barradinho-abobora\/\"]}]},{\"@type\":\"ImageObject\",\"inLanguage\":\"en-US\",\"@id\":\"https:\/\/shop.bazarcia.com\/produto\/barradinho-abobora\/#primaryimage\",\"url\":\"https:\/\/shop.bazarcia.com\/wp-content\/uploads\/2020\/03\/22496214_493064461050697_2165038934724017997_o.jpg\",\"contentUrl\":\"https:\/\/shop.bazarcia.com\/wp-content\/uploads\/2020\/03\/22496214_493064461050697_2165038934724017997_o.jpg\",\"width\":960,\"height\":697},{\"@type\":\"BreadcrumbList\",\"@id\":\"https:\/\/shop.bazarcia.com\/produto\/barradinho-abobora\/#breadcrumb\",\"itemListElement\":[{\"@type\":\"ListItem\",\"position\":1,\"name\":\"In\u00edcio\",\"item\":\"https:\/\/shop.bazarcia.com\/\"},{\"@type\":\"ListItem\",\"position\":2,\"name\":\"Loja\",\"item\":\"https:\/\/shop.bazarcia.com\/loja\/\"},{\"@type\":\"ListItem\",\"position\":3,\"name\":\"Barradinho Ab\u00f3bora\"}]},{\"@type\":\"WebSite\",\"@id\":\"https:\/\/shop.bazarcia.com\/#website\",\"url\":\"https:\/\/shop.bazarcia.com\/\",\"name\":\"Bazar & Cia\",\"description\":\"criatividade ponto a ponto\",\"publisher\":{\"@id\":\"https:\/\/shop.bazarcia.com\/#organization\"},\"potentialAction\":[{\"@type\":\"SearchAction\",\"target\":{\"@type\":\"EntryPoint\",\"urlTemplate\":\"https:\/\/shop.bazarcia.com\/?s={search_term_string}\"},\"query-input\":{\"@type\":\"PropertyValueSpecification\",\"valueRequired\":true,\"valueName\":\"search_term_string\"}}],\"inLanguage\":\"en-US\"},{\"@type\":\"Organization\",\"@id\":\"https:\/\/shop.bazarcia.com\/#organization\",\"name\":\"Bazar & Cia\",\"url\":\"https:\/\/shop.bazarcia.com\/\",\"logo\":{\"@type\":\"ImageObject\",\"inLanguage\":\"en-US\",\"@id\":\"https:\/\/shop.bazarcia.com\/#\/schema\/logo\/image\/\",\"url\":\"https:\/\/shop.bazarcia.com\/wp-content\/uploads\/2024\/02\/cropped-logo_bazarcia.png\",\"contentUrl\":\"https:\/\/shop.bazarcia.com\/wp-content\/uploads\/2024\/02\/cropped-logo_bazarcia.png\",\"width\":150,\"height\":150,\"caption\":\"Bazar & Cia\"},\"image\":{\"@id\":\"https:\/\/shop.bazarcia.com\/#\/schema\/logo\/image\/\"},\"sameAs\":[\"https:\/\/www.facebook.com\/shopbazarcia\",\"https:\/\/www.instagram.com\/shopbazarcia\",\"https:\/\/br.pinterest.com\/suzane_eloise\/\",\"https:\/\/www.youtube.com\/c\/BazardoBordadoMatrizeseProjetos\"]}]}<\/script>\n<!-- \/ Yoast SEO plugin. -->","yoast_head_json":{"title":"Barradinho Ab\u00f3bora - \ud835\udc1b\ud835\udc1a\ud835\udc33\ud835\udc1a\ud835\udc2b &amp; \ud835\udc1c\ud835\udc22\ud835\udc1a","description":"Please provide a meta description by editing the snippet below. If you don\u2019t, Google will try to find a relevant part of your post to show in the search results.","robots":{"index":"index","follow":"follow","max-snippet":"max-snippet:-1","max-image-preview":"max-image-preview:large","max-video-preview":"max-video-preview:-1"},"canonical":"https:\/\/shop.bazarcia.com\/en\/product\/barradinho-abobora\/","og_locale":"en_US","og_type":"article","og_title":"Barradinho Ab\u00f3bora - \ud835\udc1b\ud835\udc1a\ud835\udc33\ud835\udc1a\ud835\udc2b &amp; \ud835\udc1c\ud835\udc22\ud835\udc1a","og_description":"Please provide a meta description by editing the snippet below. If you don\u2019t, Google will try to find a relevant part of your post to show in the search results.","og_url":"https:\/\/shop.bazarcia.com\/en\/product\/barradinho-abobora\/","og_site_name":"\ud835\udc1b\ud835\udc1a\ud835\udc33\ud835\udc1a\ud835\udc2b &amp; \ud835\udc1c\ud835\udc22\ud835\udc1a","article_publisher":"https:\/\/www.facebook.com\/shopbazarcia","article_modified_time":"2024-11-17T14:12:25+00:00","og_image":[{"width":960,"height":697,"url":"https:\/\/shop.bazarcia.com\/wp-content\/uploads\/2020\/03\/22496214_493064461050697_2165038934724017997_o.jpg","type":"image\/jpeg"}],"twitter_card":"summary_large_image","twitter_misc":{"Est. reading time":"1 minute"},"schema":{"@context":"https:\/\/schema.org","@graph":[{"@type":"WebPage","@id":"https:\/\/shop.bazarcia.com\/produto\/barradinho-abobora\/","url":"https:\/\/shop.bazarcia.com\/produto\/barradinho-abobora\/","name":"Barradinho Ab\u00f3bora - \ud835\udc1b\ud835\udc1a\ud835\udc33\ud835\udc1a\ud835\udc2b &amp; \ud835\udc1c\ud835\udc22\ud835\udc1a","isPartOf":{"@id":"https:\/\/shop.bazarcia.com\/#website"},"primaryImageOfPage":{"@id":"https:\/\/shop.bazarcia.com\/produto\/barradinho-abobora\/#primaryimage"},"image":{"@id":"https:\/\/shop.bazarcia.com\/produto\/barradinho-abobora\/#primaryimage"},"thumbnailUrl":"https:\/\/shop.bazarcia.com\/wp-content\/uploads\/2020\/03\/22496214_493064461050697_2165038934724017997_o.jpg","datePublished":"2020-03-27T16:19:15+00:00","dateModified":"2024-11-17T14:12:25+00:00","description":"Please provide a meta description by editing the snippet below. If you don\u2019t, Google will try to find a relevant part of your post to show in the search results.","breadcrumb":{"@id":"https:\/\/shop.bazarcia.com\/produto\/barradinho-abobora\/#breadcrumb"},"inLanguage":"en-US","potentialAction":[{"@type":"ReadAction","target":["https:\/\/shop.bazarcia.com\/produto\/barradinho-abobora\/"]}]},{"@type":"ImageObject","inLanguage":"en-US","@id":"https:\/\/shop.bazarcia.com\/produto\/barradinho-abobora\/#primaryimage","url":"https:\/\/shop.bazarcia.com\/wp-content\/uploads\/2020\/03\/22496214_493064461050697_2165038934724017997_o.jpg","contentUrl":"https:\/\/shop.bazarcia.com\/wp-content\/uploads\/2020\/03\/22496214_493064461050697_2165038934724017997_o.jpg","width":960,"height":697},{"@type":"BreadcrumbList","@id":"https:\/\/shop.bazarcia.com\/produto\/barradinho-abobora\/#breadcrumb","itemListElement":[{"@type":"ListItem","position":1,"name":"In\u00edcio","item":"https:\/\/shop.bazarcia.com\/"},{"@type":"ListItem","position":2,"name":"Loja","item":"https:\/\/shop.bazarcia.com\/loja\/"},{"@type":"ListItem","position":3,"name":"Barradinho Ab\u00f3bora"}]},{"@type":"WebSite","@id":"https:\/\/shop.bazarcia.com\/#website","url":"https:\/\/shop.bazarcia.com\/","name":"Bazar & Cia","description":"criatividade ponto a ponto","publisher":{"@id":"https:\/\/shop.bazarcia.com\/#organization"},"potentialAction":[{"@type":"SearchAction","target":{"@type":"EntryPoint","urlTemplate":"https:\/\/shop.bazarcia.com\/?s={search_term_string}"},"query-input":{"@type":"PropertyValueSpecification","valueRequired":true,"valueName":"search_term_string"}}],"inLanguage":"en-US"},{"@type":"Organization","@id":"https:\/\/shop.bazarcia.com\/#organization","name":"Bazar & Cia","url":"https:\/\/shop.bazarcia.com\/","logo":{"@type":"ImageObject","inLanguage":"en-US","@id":"https:\/\/shop.bazarcia.com\/#\/schema\/logo\/image\/","url":"https:\/\/shop.bazarcia.com\/wp-content\/uploads\/2024\/02\/cropped-logo_bazarcia.png","contentUrl":"https:\/\/shop.bazarcia.com\/wp-content\/uploads\/2024\/02\/cropped-logo_bazarcia.png","width":150,"height":150,"caption":"Bazar & Cia"},"image":{"@id":"https:\/\/shop.bazarcia.com\/#\/schema\/logo\/image\/"},"sameAs":["https:\/\/www.facebook.com\/shopbazarcia","https:\/\/www.instagram.com\/shopbazarcia","https:\/\/br.pinterest.com\/suzane_eloise\/","https:\/\/www.youtube.com\/c\/BazardoBordadoMatrizeseProjetos"]}]}},"_links":{"self":[{"href":"https:\/\/shop.bazarcia.com\/en\/wp-json\/wp\/v2\/product\/16919","targetHints":{"allow":["GET"]}}],"collection":[{"href":"https:\/\/shop.bazarcia.com\/en\/wp-json\/wp\/v2\/product"}],"about":[{"href":"https:\/\/shop.bazarcia.com\/en\/wp-json\/wp\/v2\/types\/product"}],"replies":[{"embeddable":true,"href":"https:\/\/shop.bazarcia.com\/en\/wp-json\/wp\/v2\/comments?post=16919"}],"version-history":[{"count":1,"href":"https:\/\/shop.bazarcia.com\/en\/wp-json\/wp\/v2\/product\/16919\/revisions"}],"predecessor-version":[{"id":301028,"href":"https:\/\/shop.bazarcia.com\/en\/wp-json\/wp\/v2\/product\/16919\/revisions\/301028"}],"wp:featuredmedia":[{"embeddable":true,"href":"https:\/\/shop.bazarcia.com\/en\/wp-json\/wp\/v2\/media\/16918"}],"wp:attachment":[{"href":"https:\/\/shop.bazarcia.com\/en\/wp-json\/wp\/v2\/media?parent=16919"}],"wp:term":[{"taxonomy":"product_brand","embeddable":true,"href":"https:\/\/shop.bazarcia.com\/en\/wp-json\/wp\/v2\/product_brand?post=16919"},{"taxonomy":"product_cat","embeddable":true,"href":"https:\/\/shop.bazarcia.com\/en\/wp-json\/wp\/v2\/product_cat?post=16919"},{"taxonomy":"product_tag","embeddable":true,"href":"https:\/\/shop.bazarcia.com\/en\/wp-json\/wp\/v2\/product_tag?post=16919"}],"curies":[{"name":"wp","href":"https:\/\/api.w.org\/{rel}","templated":true}]}}