{"id":174020,"date":"2022-06-23T10:05:31","date_gmt":"2022-06-23T13:05:31","guid":{"rendered":"https:\/\/shop.bazarcia.com\/produto\/matrizes-de-bordado-alfabeto-guirlanda-flores\/"},"modified":"2022-07-03T21:55:49","modified_gmt":"2022-07-04T00:55:49","slug":"matrizes-de-bordado-alfabeto-guirlanda-flores","status":"publish","type":"product","link":"https:\/\/shop.bazarcia.com\/en\/product\/matrizes-de-bordado-alfabeto-guirlanda-flores\/","title":{"rendered":"Matrizes de Bordado Alfabeto Guirlanda Flores [PR\u00c9-VENDA]"},"content":{"rendered":"<p style=\"margin-top: 0px;margin-bottom: 1rem;color: #6c737b;font-family: roboto, sans-serif\"><span style=\"font-weight: bolder\">ESTE PRODUTO EST\u00c1 NA PR\u00c9-VENDA E SER\u00c1 LIBERADO EM 04\/07\/2022<\/span><\/p>\n<p style=\"margin-top: 0px;margin-bottom: 1rem;color: #6c737b;font-family: roboto, sans-serif\"><span style=\"font-weight: bolder\"><span style=\"font-weight: bolder\"><span style=\"font-weight: bolder\"><span style=\"font-weight: bolder\"><span style=\"font-weight: bolder\"><span style=\"font-weight: bolder\">Matrizes de Bordado Alfabeto Guirlanda Flores<\/span><\/span><\/span><\/span><\/span><br \/>\n<\/span><\/p>\n<div style=\"color: #212529;font-family: roboto, sans-serif\">\n<p style=\"margin-top: 0px;margin-bottom: 1rem;color: #6c737b\"><span style=\"font-weight: bolder\"><span style=\"font-weight: bolder\"><span style=\"font-weight: bolder\"><span style=\"font-weight: bolder\"><br \/>\n<i style=\"vertical-align: middle\"><span style=\"font-weight: bolder\">Descri\u00e7\u00e3o das Matrizes:<br \/>\n<\/span><\/i><\/span><span style=\"font-weight: bolder\">&#8211; Matrizes em pontos leves no tamanho aproximado de 9,5&#215;10<\/span><\/span>\u00a0cm<br \/>\n<\/span><span style=\"font-weight: bolder\"><span style=\"font-weight: bolder\"><br \/>\n\u2661 Este \u00e9 um produto DIGITAL e os arquivos estar\u00e3o dispon\u00edveis para download aqui mesmo, na sua conta, ap\u00f3s confirma\u00e7\u00e3o do pagamento. Para produtos em pr\u00e9-venda, atente-se \u00e0 data de entrega.<\/span><\/span><span style=\"font-weight: bolder\"><br \/>\n<\/span><\/span><\/p>\n<p style=\"margin-top: 0px;margin-bottom: 1rem;color: #6c737b\"><span style=\"font-weight: bolder\"><span style=\"font-weight: bolder\">\u2661 Os arquivos est\u00e3o em pasta compactada (ZIP), sendo necess\u00e1rio descompact\u00e1-la.<\/span><\/span><\/p>\n<p style=\"margin-top: 0px;margin-bottom: 1rem;color: #6c737b\">\u2661 Os mesmos s\u00e3o compat\u00edveis com v\u00e1rios tipos e modelos de m\u00e1quinas, com os seguintes formatos:<br \/>\nDST &#8211; EXP &#8211; HUS &#8211; JEF &#8211; PES &#8211; XXX<\/p>\n<p style=\"margin-top: 0px;margin-bottom: 1rem;color: #6c737b\">\u2661 Adquirindo nossas matrizes e projetos voc\u00ea se declara de acordo com nossos\u00a0<a style=\"color: #95663c;background-color: transparent\" href=\"https:\/\/shop.bazarcia.com\/en\/store\/atelie-mamae-coruja\/toc\/\" target=\"_blank\" rel=\"nofollow noopener\">TERMOS E CONDI\u00c7\u00d5ES<\/a><\/p>\n<p style=\"margin-top: 0px;margin-bottom: 1rem;color: #6c737b\">Designer: Ramos Kit Digital Mama Bear &#8211; Etsy<br \/>\nPrograma\u00e7\u00e3o e Adapta\u00e7\u00e3o: Ateli\u00ea Mam\u00e3e Coruja<\/p>\n<\/div>","protected":false},"excerpt":{"rendered":"<p>Este \u00e9 um PRODUTO DIGITAL destinado a artes\u00e3s e artes\u00e3os \u2665<\/p>\n<p>\u2665 Seguindo a tend\u00eancia minimalista e delicada, trouxemos esse alfabeto floral lindo para que possam complementar os enxovais de voc\u00eas.<\/p>\n<p>\u2665 Estamos sempre antenadas nas tend\u00eancias para lhes oferecer o melhor em matrizes e projetos!<\/p>\n<p>\u2665 Esse alfabeto faz parte tamb\u00e9m da Cole\u00e7\u00e3o Mama Bear, caso queira adquirir a cole\u00e7\u00e3o completa clique <a href=\"https:\/\/shop.bazarcia.com\/en\/product\/matrizes-de-bordado-colecao-mama-bear\/\"><span style=\"text-decoration: underline\"><em><strong>AQUI<\/strong><\/em><\/span><\/a>.<\/p>\n<p>Mais informa\u00e7\u00f5es abaixo!<\/p>","protected":false},"featured_media":174012,"comment_status":"open","ping_status":"closed","template":"","meta":{"_acf_changed":false,"_joinchat":[]},"product_brand":[],"product_cat":[84,277,279,296],"product_tag":[],"class_list":{"0":"post-174020","1":"product","2":"type-product","3":"status-publish","4":"has-post-thumbnail","6":"product_cat-matrizes-de-bordado","7":"product_cat-alfabetos","8":"product_cat-arabescos-e-ramos","9":"product_cat-florais","11":"first","12":"instock","13":"sale","14":"downloadable","15":"virtual","16":"purchasable","17":"product-type-simple"},"acf":[],"yoast_head":"<!-- This site is optimized with the Yoast SEO plugin v27.2 - https:\/\/yoast.com\/product\/yoast-seo-wordpress\/ -->\n<title>Matrizes de Bordado Alfabeto Guirlanda Flores [PR\u00c9-VENDA] - \ud835\udc1b\ud835\udc1a\ud835\udc33\ud835\udc1a\ud835\udc2b &amp; \ud835\udc1c\ud835\udc22\ud835\udc1a<\/title>\n<meta name=\"robots\" content=\"index, follow, max-snippet:-1, max-image-preview:large, max-video-preview:-1\" \/>\n<link rel=\"canonical\" href=\"https:\/\/shop.bazarcia.com\/en\/product\/matrizes-de-bordado-alfabeto-guirlanda-flores\/\" \/>\n<meta property=\"og:locale\" content=\"en_US\" \/>\n<meta property=\"og:type\" content=\"article\" \/>\n<meta property=\"og:title\" content=\"Matrizes de Bordado Alfabeto Guirlanda Flores [PR\u00c9-VENDA] - \ud835\udc1b\ud835\udc1a\ud835\udc33\ud835\udc1a\ud835\udc2b &amp; \ud835\udc1c\ud835\udc22\ud835\udc1a\" \/>\n<meta property=\"og:description\" content=\"Este \u00e9 um PRODUTO DIGITAL destinado a artes\u00e3s e artes\u00e3os \u2665  \u2665 Seguindo a tend\u00eancia minimalista e delicada, trouxemos esse alfabeto floral lindo para que possam complementar os enxovais de voc\u00eas.  \u2665 Estamos sempre antenadas nas tend\u00eancias para lhes oferecer o melhor em matrizes e projetos!  \u2665 Esse alfabeto faz parte tamb\u00e9m da Cole\u00e7\u00e3o Mama Bear, caso queira adquirir a cole\u00e7\u00e3o completa clique AQUI.  Mais informa\u00e7\u00f5es abaixo!\" \/>\n<meta property=\"og:url\" content=\"https:\/\/shop.bazarcia.com\/en\/product\/matrizes-de-bordado-alfabeto-guirlanda-flores\/\" \/>\n<meta property=\"og:site_name\" content=\"\ud835\udc1b\ud835\udc1a\ud835\udc33\ud835\udc1a\ud835\udc2b &amp; \ud835\udc1c\ud835\udc22\ud835\udc1a\" \/>\n<meta property=\"article:publisher\" content=\"https:\/\/www.facebook.com\/shopbazarcia\" \/>\n<meta property=\"article:modified_time\" content=\"2022-07-04T00:55:49+00:00\" \/>\n<meta property=\"og:image\" content=\"https:\/\/shop.bazarcia.com\/wp-content\/uploads\/2022\/06\/MC-Alfabeto-Guirlanda-Flores-1-768x768.png\" \/>\n\t<meta property=\"og:image:width\" content=\"768\" \/>\n\t<meta property=\"og:image:height\" content=\"768\" \/>\n\t<meta property=\"og:image:type\" content=\"image\/png\" \/>\n<meta name=\"twitter:card\" content=\"summary_large_image\" \/>\n<meta name=\"twitter:label1\" content=\"Est. reading time\" \/>\n\t<meta name=\"twitter:data1\" content=\"1 minute\" \/>\n<script type=\"application\/ld+json\" class=\"yoast-schema-graph\">{\"@context\":\"https:\/\/schema.org\",\"@graph\":[{\"@type\":\"WebPage\",\"@id\":\"https:\/\/shop.bazarcia.com\/produto\/matrizes-de-bordado-alfabeto-guirlanda-flores\/\",\"url\":\"https:\/\/shop.bazarcia.com\/produto\/matrizes-de-bordado-alfabeto-guirlanda-flores\/\",\"name\":\"Matrizes de Bordado Alfabeto Guirlanda Flores [PR\u00c9-VENDA] - \ud835\udc1b\ud835\udc1a\ud835\udc33\ud835\udc1a\ud835\udc2b &amp; \ud835\udc1c\ud835\udc22\ud835\udc1a\",\"isPartOf\":{\"@id\":\"https:\/\/shop.bazarcia.com\/#website\"},\"primaryImageOfPage\":{\"@id\":\"https:\/\/shop.bazarcia.com\/produto\/matrizes-de-bordado-alfabeto-guirlanda-flores\/#primaryimage\"},\"image\":{\"@id\":\"https:\/\/shop.bazarcia.com\/produto\/matrizes-de-bordado-alfabeto-guirlanda-flores\/#primaryimage\"},\"thumbnailUrl\":\"https:\/\/shop.bazarcia.com\/wp-content\/uploads\/2022\/06\/MC-Alfabeto-Guirlanda-Flores-1.png\",\"datePublished\":\"2022-06-23T13:05:31+00:00\",\"dateModified\":\"2022-07-04T00:55:49+00:00\",\"breadcrumb\":{\"@id\":\"https:\/\/shop.bazarcia.com\/produto\/matrizes-de-bordado-alfabeto-guirlanda-flores\/#breadcrumb\"},\"inLanguage\":\"en-US\",\"potentialAction\":[{\"@type\":\"ReadAction\",\"target\":[\"https:\/\/shop.bazarcia.com\/produto\/matrizes-de-bordado-alfabeto-guirlanda-flores\/\"]}]},{\"@type\":\"ImageObject\",\"inLanguage\":\"en-US\",\"@id\":\"https:\/\/shop.bazarcia.com\/produto\/matrizes-de-bordado-alfabeto-guirlanda-flores\/#primaryimage\",\"url\":\"https:\/\/shop.bazarcia.com\/wp-content\/uploads\/2022\/06\/MC-Alfabeto-Guirlanda-Flores-1.png\",\"contentUrl\":\"https:\/\/shop.bazarcia.com\/wp-content\/uploads\/2022\/06\/MC-Alfabeto-Guirlanda-Flores-1.png\",\"width\":1080,\"height\":1080},{\"@type\":\"BreadcrumbList\",\"@id\":\"https:\/\/shop.bazarcia.com\/produto\/matrizes-de-bordado-alfabeto-guirlanda-flores\/#breadcrumb\",\"itemListElement\":[{\"@type\":\"ListItem\",\"position\":1,\"name\":\"In\u00edcio\",\"item\":\"https:\/\/shop.bazarcia.com\/\"},{\"@type\":\"ListItem\",\"position\":2,\"name\":\"Loja\",\"item\":\"https:\/\/shop.bazarcia.com\/loja\/\"},{\"@type\":\"ListItem\",\"position\":3,\"name\":\"Matrizes de Bordado Alfabeto Guirlanda Flores [PR\u00c9-VENDA]\"}]},{\"@type\":\"WebSite\",\"@id\":\"https:\/\/shop.bazarcia.com\/#website\",\"url\":\"https:\/\/shop.bazarcia.com\/\",\"name\":\"Bazar & Cia\",\"description\":\"criatividade ponto a ponto\",\"publisher\":{\"@id\":\"https:\/\/shop.bazarcia.com\/#organization\"},\"potentialAction\":[{\"@type\":\"SearchAction\",\"target\":{\"@type\":\"EntryPoint\",\"urlTemplate\":\"https:\/\/shop.bazarcia.com\/?s={search_term_string}\"},\"query-input\":{\"@type\":\"PropertyValueSpecification\",\"valueRequired\":true,\"valueName\":\"search_term_string\"}}],\"inLanguage\":\"en-US\"},{\"@type\":\"Organization\",\"@id\":\"https:\/\/shop.bazarcia.com\/#organization\",\"name\":\"Bazar & Cia\",\"url\":\"https:\/\/shop.bazarcia.com\/\",\"logo\":{\"@type\":\"ImageObject\",\"inLanguage\":\"en-US\",\"@id\":\"https:\/\/shop.bazarcia.com\/#\/schema\/logo\/image\/\",\"url\":\"https:\/\/shop.bazarcia.com\/wp-content\/uploads\/2024\/02\/cropped-logo_bazarcia.png\",\"contentUrl\":\"https:\/\/shop.bazarcia.com\/wp-content\/uploads\/2024\/02\/cropped-logo_bazarcia.png\",\"width\":150,\"height\":150,\"caption\":\"Bazar & Cia\"},\"image\":{\"@id\":\"https:\/\/shop.bazarcia.com\/#\/schema\/logo\/image\/\"},\"sameAs\":[\"https:\/\/www.facebook.com\/shopbazarcia\",\"https:\/\/www.instagram.com\/shopbazarcia\",\"https:\/\/br.pinterest.com\/suzane_eloise\/\",\"https:\/\/www.youtube.com\/c\/BazardoBordadoMatrizeseProjetos\"]}]}<\/script>\n<!-- \/ Yoast SEO plugin. -->","yoast_head_json":{"title":"Matrizes de Bordado Alfabeto Guirlanda Flores [PR\u00c9-VENDA] - \ud835\udc1b\ud835\udc1a\ud835\udc33\ud835\udc1a\ud835\udc2b &amp; \ud835\udc1c\ud835\udc22\ud835\udc1a","robots":{"index":"index","follow":"follow","max-snippet":"max-snippet:-1","max-image-preview":"max-image-preview:large","max-video-preview":"max-video-preview:-1"},"canonical":"https:\/\/shop.bazarcia.com\/en\/product\/matrizes-de-bordado-alfabeto-guirlanda-flores\/","og_locale":"en_US","og_type":"article","og_title":"Matrizes de Bordado Alfabeto Guirlanda Flores [PR\u00c9-VENDA] - \ud835\udc1b\ud835\udc1a\ud835\udc33\ud835\udc1a\ud835\udc2b &amp; \ud835\udc1c\ud835\udc22\ud835\udc1a","og_description":"Este \u00e9 um PRODUTO DIGITAL destinado a artes\u00e3s e artes\u00e3os \u2665  \u2665 Seguindo a tend\u00eancia minimalista e delicada, trouxemos esse alfabeto floral lindo para que possam complementar os enxovais de voc\u00eas.  \u2665 Estamos sempre antenadas nas tend\u00eancias para lhes oferecer o melhor em matrizes e projetos!  \u2665 Esse alfabeto faz parte tamb\u00e9m da Cole\u00e7\u00e3o Mama Bear, caso queira adquirir a cole\u00e7\u00e3o completa clique AQUI.  Mais informa\u00e7\u00f5es abaixo!","og_url":"https:\/\/shop.bazarcia.com\/en\/product\/matrizes-de-bordado-alfabeto-guirlanda-flores\/","og_site_name":"\ud835\udc1b\ud835\udc1a\ud835\udc33\ud835\udc1a\ud835\udc2b &amp; \ud835\udc1c\ud835\udc22\ud835\udc1a","article_publisher":"https:\/\/www.facebook.com\/shopbazarcia","article_modified_time":"2022-07-04T00:55:49+00:00","og_image":[{"width":768,"height":768,"url":"https:\/\/shop.bazarcia.com\/wp-content\/uploads\/2022\/06\/MC-Alfabeto-Guirlanda-Flores-1-768x768.png","type":"image\/png"}],"twitter_card":"summary_large_image","twitter_misc":{"Est. reading time":"1 minute"},"schema":{"@context":"https:\/\/schema.org","@graph":[{"@type":"WebPage","@id":"https:\/\/shop.bazarcia.com\/produto\/matrizes-de-bordado-alfabeto-guirlanda-flores\/","url":"https:\/\/shop.bazarcia.com\/produto\/matrizes-de-bordado-alfabeto-guirlanda-flores\/","name":"Matrizes de Bordado Alfabeto Guirlanda Flores [PR\u00c9-VENDA] - \ud835\udc1b\ud835\udc1a\ud835\udc33\ud835\udc1a\ud835\udc2b &amp; \ud835\udc1c\ud835\udc22\ud835\udc1a","isPartOf":{"@id":"https:\/\/shop.bazarcia.com\/#website"},"primaryImageOfPage":{"@id":"https:\/\/shop.bazarcia.com\/produto\/matrizes-de-bordado-alfabeto-guirlanda-flores\/#primaryimage"},"image":{"@id":"https:\/\/shop.bazarcia.com\/produto\/matrizes-de-bordado-alfabeto-guirlanda-flores\/#primaryimage"},"thumbnailUrl":"https:\/\/shop.bazarcia.com\/wp-content\/uploads\/2022\/06\/MC-Alfabeto-Guirlanda-Flores-1.png","datePublished":"2022-06-23T13:05:31+00:00","dateModified":"2022-07-04T00:55:49+00:00","breadcrumb":{"@id":"https:\/\/shop.bazarcia.com\/produto\/matrizes-de-bordado-alfabeto-guirlanda-flores\/#breadcrumb"},"inLanguage":"en-US","potentialAction":[{"@type":"ReadAction","target":["https:\/\/shop.bazarcia.com\/produto\/matrizes-de-bordado-alfabeto-guirlanda-flores\/"]}]},{"@type":"ImageObject","inLanguage":"en-US","@id":"https:\/\/shop.bazarcia.com\/produto\/matrizes-de-bordado-alfabeto-guirlanda-flores\/#primaryimage","url":"https:\/\/shop.bazarcia.com\/wp-content\/uploads\/2022\/06\/MC-Alfabeto-Guirlanda-Flores-1.png","contentUrl":"https:\/\/shop.bazarcia.com\/wp-content\/uploads\/2022\/06\/MC-Alfabeto-Guirlanda-Flores-1.png","width":1080,"height":1080},{"@type":"BreadcrumbList","@id":"https:\/\/shop.bazarcia.com\/produto\/matrizes-de-bordado-alfabeto-guirlanda-flores\/#breadcrumb","itemListElement":[{"@type":"ListItem","position":1,"name":"In\u00edcio","item":"https:\/\/shop.bazarcia.com\/"},{"@type":"ListItem","position":2,"name":"Loja","item":"https:\/\/shop.bazarcia.com\/loja\/"},{"@type":"ListItem","position":3,"name":"Matrizes de Bordado Alfabeto Guirlanda Flores [PR\u00c9-VENDA]"}]},{"@type":"WebSite","@id":"https:\/\/shop.bazarcia.com\/#website","url":"https:\/\/shop.bazarcia.com\/","name":"Bazar & Cia","description":"criatividade ponto a ponto","publisher":{"@id":"https:\/\/shop.bazarcia.com\/#organization"},"potentialAction":[{"@type":"SearchAction","target":{"@type":"EntryPoint","urlTemplate":"https:\/\/shop.bazarcia.com\/?s={search_term_string}"},"query-input":{"@type":"PropertyValueSpecification","valueRequired":true,"valueName":"search_term_string"}}],"inLanguage":"en-US"},{"@type":"Organization","@id":"https:\/\/shop.bazarcia.com\/#organization","name":"Bazar & Cia","url":"https:\/\/shop.bazarcia.com\/","logo":{"@type":"ImageObject","inLanguage":"en-US","@id":"https:\/\/shop.bazarcia.com\/#\/schema\/logo\/image\/","url":"https:\/\/shop.bazarcia.com\/wp-content\/uploads\/2024\/02\/cropped-logo_bazarcia.png","contentUrl":"https:\/\/shop.bazarcia.com\/wp-content\/uploads\/2024\/02\/cropped-logo_bazarcia.png","width":150,"height":150,"caption":"Bazar & Cia"},"image":{"@id":"https:\/\/shop.bazarcia.com\/#\/schema\/logo\/image\/"},"sameAs":["https:\/\/www.facebook.com\/shopbazarcia","https:\/\/www.instagram.com\/shopbazarcia","https:\/\/br.pinterest.com\/suzane_eloise\/","https:\/\/www.youtube.com\/c\/BazardoBordadoMatrizeseProjetos"]}]}},"_links":{"self":[{"href":"https:\/\/shop.bazarcia.com\/en\/wp-json\/wp\/v2\/product\/174020","targetHints":{"allow":["GET"]}}],"collection":[{"href":"https:\/\/shop.bazarcia.com\/en\/wp-json\/wp\/v2\/product"}],"about":[{"href":"https:\/\/shop.bazarcia.com\/en\/wp-json\/wp\/v2\/types\/product"}],"replies":[{"embeddable":true,"href":"https:\/\/shop.bazarcia.com\/en\/wp-json\/wp\/v2\/comments?post=174020"}],"version-history":[{"count":0,"href":"https:\/\/shop.bazarcia.com\/en\/wp-json\/wp\/v2\/product\/174020\/revisions"}],"wp:featuredmedia":[{"embeddable":true,"href":"https:\/\/shop.bazarcia.com\/en\/wp-json\/wp\/v2\/media\/174012"}],"wp:attachment":[{"href":"https:\/\/shop.bazarcia.com\/en\/wp-json\/wp\/v2\/media?parent=174020"}],"wp:term":[{"taxonomy":"product_brand","embeddable":true,"href":"https:\/\/shop.bazarcia.com\/en\/wp-json\/wp\/v2\/product_brand?post=174020"},{"taxonomy":"product_cat","embeddable":true,"href":"https:\/\/shop.bazarcia.com\/en\/wp-json\/wp\/v2\/product_cat?post=174020"},{"taxonomy":"product_tag","embeddable":true,"href":"https:\/\/shop.bazarcia.com\/en\/wp-json\/wp\/v2\/product_tag?post=174020"}],"curies":[{"name":"wp","href":"https:\/\/api.w.org\/{rel}","templated":true}]}}