{"id":17468,"date":"2020-03-28T15:20:11","date_gmt":"2020-03-28T18:20:11","guid":{"rendered":"https:\/\/shop.bazarcia.com\/produto\/coelho-3d-para-porta\/"},"modified":"2020-05-07T12:42:09","modified_gmt":"2020-05-07T15:42:09","slug":"coelho-3d-para-porta","status":"publish","type":"product","link":"https:\/\/shop.bazarcia.com\/en\/product\/coelho-3d-para-porta\/","title":{"rendered":"Coelho 3D para Porta"},"content":{"rendered":"<p>Este projeto \u00e9 uma parceria entre a <a href=\"https:\/\/www.facebook.com\/DoceLembrancaeCia\/\" target=\"_blank\" rel=\"noopener noreferrer\" data-cke-saved-href=\"https:\/\/www.facebook.com\/DoceLembrancaeCia\/\">Doce Lembran\u00e7a e Cia<\/a>\u00a0e a M\u00e3ozinha Digital.<\/p>\n<p>Coelho, coelhos, coelhos, como eles se reproduzem por aqui!<\/p>\n<p>S\u00edmbolo da P\u00e1scoa, representa a esperan\u00e7a na renova\u00e7\u00e3o da vida, t\u00e3o presente nas festividades crist\u00e3s da ressurrei\u00e7\u00e3o de Cristo.<\/p>\n<p>Nosso Coelho 3D para Porta \u00e9 montado usando as 2 faces do bastidor da bordadeira eletr\u00f4nica o que garante um acabamento primoroso.<\/p>\n<p>Feito em etapas e matrizes separadas (aos peda\u00e7os)\u00a0facilita\u00a0a execu\u00e7\u00e3o na bordadeira e garante um produto bem maior que a sua \u00e1rea de bordado.<\/p>\n<p>\u00c9 ideal para decorar a porta do seu apartamento ou o lugar que voc\u00ea tiver em mente e, se descartada as etapas de verso do bastidor, tamb\u00e9m serve para aplica\u00e7\u00e3o em qualquer produto.<\/p>\n<p>&nbsp;<\/p>\n<p>Este projeto cont\u00e9m as matrizes de bordado eletr\u00f4nico de:<\/p>\n<ul>\n<li>Plaquinha &#8220;Feliz P\u00e1scoa&#8221;<\/li>\n<li>Bracinhos 3D<\/li>\n<li>Pezinhos 3D<\/li>\n<li>Orelhas 3D<\/li>\n<li>Florzinhas 3D<\/li>\n<li>Gravata 3D<\/li>\n<li>Peda\u00e7os separados: rosto, barriga e\u00a0geral.<\/li>\n<li>Op\u00e7\u00e3o\u00a0com nariz, e olhos\u00a0feitos no bordado.<\/li>\n<li>Tamanho 1: peda\u00e7o maior com at\u00e9 13 x 18cm<\/li>\n<li>Tamanho 2: peda\u00e7o maior com at\u00e9 16 x 26cm<\/li>\n<li>Dispon\u00edvel nas vers\u00f5es PES, JEF, DST, EXP e XXX<\/li>\n<li>Acompanha PAP com diagrama de corte.<\/li>\n<\/ul>\n<p>&nbsp;<\/p>\n<p>Para sua produ\u00e7\u00e3o sugerimos o uso de manta acrilon 150g pra ficar super fofinho, entretela sol\u00favel (ou pl\u00e1stico) para acomodar as felpas no acabamento e tecidos diferenciados como velboa (veludo alto), plush (fica legal no gorro), Unifloc (ou melton &#8211; para a barba) ou carrapinha (com felpa ainda mais alta).<\/p>\n<p>&nbsp;<\/p>\n<p>Este projeto \u00e9 uma parceria entre a Doce Lembran\u00e7a e Cia e a M\u00e3ozinha Digital e voc\u00ea pode conferir o<strong> V\u00eddeo com o Passo a Passo<a href=\"https:\/\/www.youtube.com\/docelembrancaeciabr\" target=\"_blank\" rel=\"noopener noreferrer\" data-cke-saved-href=\"https:\/\/www.youtube.com\/docelembrancaeciabr\"> aqui<\/a><\/strong><a href=\"https:\/\/www.youtube.com\/docelembrancaeciabr\" target=\"_blank\" rel=\"noopener noreferrer\" data-cke-saved-href=\"https:\/\/www.youtube.com\/docelembrancaeciabr\">.<\/a><\/p>\n<p>Temos dicas dos materias usados na produ\u00e7\u00e3o, confira <a href=\"https:\/\/www.youtube.com\/watch?v=-iLsB13iCEs\" target=\"_blank\" rel=\"noopener noreferrer\" data-cke-saved-href=\"https:\/\/www.youtube.com\/watch?v=-iLsB13iCEs\">neste v\u00eddeo aqui<\/a>.<\/p>","protected":false},"excerpt":{"rendered":"<p>Projetinho pra Montar um coelho 3D para pendurar na porta, todo na bordadeira<\/p>","protected":false},"featured_media":17352,"comment_status":"closed","ping_status":"closed","template":"","meta":{"_acf_changed":false,"_joinchat":[]},"product_brand":[],"product_cat":[208,84,302,165,98],"product_tag":[],"class_list":{"0":"post-17468","1":"product","2":"type-product","3":"status-publish","4":"has-post-thumbnail","6":"product_cat-coelhinhos","7":"product_cat-matrizes-de-bordado","8":"product_cat-matrizes-de-bordado-3d","9":"product_cat-matriz-de-bordado-pascoa","10":"product_cat-projetos-na-bordadeira-in-the-hoop-embroidery","12":"first","13":"instock","14":"downloadable","15":"virtual","16":"sold-individually","17":"purchasable","18":"product-type-simple"},"acf":[],"yoast_head":"<!-- This site is optimized with the Yoast SEO plugin v27.2 - https:\/\/yoast.com\/product\/yoast-seo-wordpress\/ -->\n<title>Coelho 3D para Porta - \ud835\udc1b\ud835\udc1a\ud835\udc33\ud835\udc1a\ud835\udc2b &amp; \ud835\udc1c\ud835\udc22\ud835\udc1a<\/title>\n<meta name=\"robots\" content=\"index, follow, max-snippet:-1, max-image-preview:large, max-video-preview:-1\" \/>\n<link rel=\"canonical\" href=\"https:\/\/shop.bazarcia.com\/en\/product\/coelho-3d-para-porta\/\" \/>\n<meta property=\"og:locale\" content=\"en_US\" \/>\n<meta property=\"og:type\" content=\"article\" \/>\n<meta property=\"og:title\" content=\"Coelho 3D para Porta - \ud835\udc1b\ud835\udc1a\ud835\udc33\ud835\udc1a\ud835\udc2b &amp; \ud835\udc1c\ud835\udc22\ud835\udc1a\" \/>\n<meta property=\"og:description\" content=\"Projetinho pra Montar um coelho 3D para pendurar na porta, todo na bordadeira\" \/>\n<meta property=\"og:url\" content=\"https:\/\/shop.bazarcia.com\/en\/product\/coelho-3d-para-porta\/\" \/>\n<meta property=\"og:site_name\" content=\"\ud835\udc1b\ud835\udc1a\ud835\udc33\ud835\udc1a\ud835\udc2b &amp; \ud835\udc1c\ud835\udc22\ud835\udc1a\" \/>\n<meta property=\"article:publisher\" content=\"https:\/\/www.facebook.com\/shopbazarcia\" \/>\n<meta property=\"article:modified_time\" content=\"2020-05-07T15:42:09+00:00\" \/>\n<meta property=\"og:image\" content=\"https:\/\/shop.bazarcia.com\/wp-content\/uploads\/2020\/03\/Coelho-Porta-01.jpg\" \/>\n\t<meta property=\"og:image:width\" content=\"1200\" \/>\n\t<meta property=\"og:image:height\" content=\"1200\" \/>\n\t<meta property=\"og:image:type\" content=\"image\/jpeg\" \/>\n<meta name=\"twitter:card\" content=\"summary_large_image\" \/>\n<meta name=\"twitter:label1\" content=\"Est. reading time\" \/>\n\t<meta name=\"twitter:data1\" content=\"2 minutes\" \/>\n<script type=\"application\/ld+json\" class=\"yoast-schema-graph\">{\"@context\":\"https:\/\/schema.org\",\"@graph\":[{\"@type\":\"WebPage\",\"@id\":\"https:\/\/shop.bazarcia.com\/produto\/coelho-3d-para-porta\/\",\"url\":\"https:\/\/shop.bazarcia.com\/produto\/coelho-3d-para-porta\/\",\"name\":\"Coelho 3D para Porta - \ud835\udc1b\ud835\udc1a\ud835\udc33\ud835\udc1a\ud835\udc2b &amp; \ud835\udc1c\ud835\udc22\ud835\udc1a\",\"isPartOf\":{\"@id\":\"https:\/\/shop.bazarcia.com\/#website\"},\"primaryImageOfPage\":{\"@id\":\"https:\/\/shop.bazarcia.com\/produto\/coelho-3d-para-porta\/#primaryimage\"},\"image\":{\"@id\":\"https:\/\/shop.bazarcia.com\/produto\/coelho-3d-para-porta\/#primaryimage\"},\"thumbnailUrl\":\"https:\/\/shop.bazarcia.com\/wp-content\/uploads\/2020\/03\/Coelho-Porta-01.jpg\",\"datePublished\":\"2020-03-28T18:20:11+00:00\",\"dateModified\":\"2020-05-07T15:42:09+00:00\",\"breadcrumb\":{\"@id\":\"https:\/\/shop.bazarcia.com\/produto\/coelho-3d-para-porta\/#breadcrumb\"},\"inLanguage\":\"en-US\",\"potentialAction\":[{\"@type\":\"ReadAction\",\"target\":[\"https:\/\/shop.bazarcia.com\/produto\/coelho-3d-para-porta\/\"]}]},{\"@type\":\"ImageObject\",\"inLanguage\":\"en-US\",\"@id\":\"https:\/\/shop.bazarcia.com\/produto\/coelho-3d-para-porta\/#primaryimage\",\"url\":\"https:\/\/shop.bazarcia.com\/wp-content\/uploads\/2020\/03\/Coelho-Porta-01.jpg\",\"contentUrl\":\"https:\/\/shop.bazarcia.com\/wp-content\/uploads\/2020\/03\/Coelho-Porta-01.jpg\",\"width\":1200,\"height\":1200},{\"@type\":\"BreadcrumbList\",\"@id\":\"https:\/\/shop.bazarcia.com\/produto\/coelho-3d-para-porta\/#breadcrumb\",\"itemListElement\":[{\"@type\":\"ListItem\",\"position\":1,\"name\":\"In\u00edcio\",\"item\":\"https:\/\/shop.bazarcia.com\/\"},{\"@type\":\"ListItem\",\"position\":2,\"name\":\"Loja\",\"item\":\"https:\/\/shop.bazarcia.com\/loja\/\"},{\"@type\":\"ListItem\",\"position\":3,\"name\":\"Coelho 3D para Porta\"}]},{\"@type\":\"WebSite\",\"@id\":\"https:\/\/shop.bazarcia.com\/#website\",\"url\":\"https:\/\/shop.bazarcia.com\/\",\"name\":\"Bazar & Cia\",\"description\":\"criatividade ponto a ponto\",\"publisher\":{\"@id\":\"https:\/\/shop.bazarcia.com\/#organization\"},\"potentialAction\":[{\"@type\":\"SearchAction\",\"target\":{\"@type\":\"EntryPoint\",\"urlTemplate\":\"https:\/\/shop.bazarcia.com\/?s={search_term_string}\"},\"query-input\":{\"@type\":\"PropertyValueSpecification\",\"valueRequired\":true,\"valueName\":\"search_term_string\"}}],\"inLanguage\":\"en-US\"},{\"@type\":\"Organization\",\"@id\":\"https:\/\/shop.bazarcia.com\/#organization\",\"name\":\"Bazar & Cia\",\"url\":\"https:\/\/shop.bazarcia.com\/\",\"logo\":{\"@type\":\"ImageObject\",\"inLanguage\":\"en-US\",\"@id\":\"https:\/\/shop.bazarcia.com\/#\/schema\/logo\/image\/\",\"url\":\"https:\/\/shop.bazarcia.com\/wp-content\/uploads\/2024\/02\/cropped-logo_bazarcia.png\",\"contentUrl\":\"https:\/\/shop.bazarcia.com\/wp-content\/uploads\/2024\/02\/cropped-logo_bazarcia.png\",\"width\":150,\"height\":150,\"caption\":\"Bazar & Cia\"},\"image\":{\"@id\":\"https:\/\/shop.bazarcia.com\/#\/schema\/logo\/image\/\"},\"sameAs\":[\"https:\/\/www.facebook.com\/shopbazarcia\",\"https:\/\/www.instagram.com\/shopbazarcia\",\"https:\/\/br.pinterest.com\/suzane_eloise\/\",\"https:\/\/www.youtube.com\/c\/BazardoBordadoMatrizeseProjetos\"]}]}<\/script>\n<!-- \/ Yoast SEO plugin. -->","yoast_head_json":{"title":"Coelho 3D para Porta - \ud835\udc1b\ud835\udc1a\ud835\udc33\ud835\udc1a\ud835\udc2b &amp; \ud835\udc1c\ud835\udc22\ud835\udc1a","robots":{"index":"index","follow":"follow","max-snippet":"max-snippet:-1","max-image-preview":"max-image-preview:large","max-video-preview":"max-video-preview:-1"},"canonical":"https:\/\/shop.bazarcia.com\/en\/product\/coelho-3d-para-porta\/","og_locale":"en_US","og_type":"article","og_title":"Coelho 3D para Porta - \ud835\udc1b\ud835\udc1a\ud835\udc33\ud835\udc1a\ud835\udc2b &amp; \ud835\udc1c\ud835\udc22\ud835\udc1a","og_description":"Projetinho pra Montar um coelho 3D para pendurar na porta, todo na bordadeira","og_url":"https:\/\/shop.bazarcia.com\/en\/product\/coelho-3d-para-porta\/","og_site_name":"\ud835\udc1b\ud835\udc1a\ud835\udc33\ud835\udc1a\ud835\udc2b &amp; \ud835\udc1c\ud835\udc22\ud835\udc1a","article_publisher":"https:\/\/www.facebook.com\/shopbazarcia","article_modified_time":"2020-05-07T15:42:09+00:00","og_image":[{"width":1200,"height":1200,"url":"https:\/\/shop.bazarcia.com\/wp-content\/uploads\/2020\/03\/Coelho-Porta-01.jpg","type":"image\/jpeg"}],"twitter_card":"summary_large_image","twitter_misc":{"Est. reading time":"2 minutes"},"schema":{"@context":"https:\/\/schema.org","@graph":[{"@type":"WebPage","@id":"https:\/\/shop.bazarcia.com\/produto\/coelho-3d-para-porta\/","url":"https:\/\/shop.bazarcia.com\/produto\/coelho-3d-para-porta\/","name":"Coelho 3D para Porta - \ud835\udc1b\ud835\udc1a\ud835\udc33\ud835\udc1a\ud835\udc2b &amp; \ud835\udc1c\ud835\udc22\ud835\udc1a","isPartOf":{"@id":"https:\/\/shop.bazarcia.com\/#website"},"primaryImageOfPage":{"@id":"https:\/\/shop.bazarcia.com\/produto\/coelho-3d-para-porta\/#primaryimage"},"image":{"@id":"https:\/\/shop.bazarcia.com\/produto\/coelho-3d-para-porta\/#primaryimage"},"thumbnailUrl":"https:\/\/shop.bazarcia.com\/wp-content\/uploads\/2020\/03\/Coelho-Porta-01.jpg","datePublished":"2020-03-28T18:20:11+00:00","dateModified":"2020-05-07T15:42:09+00:00","breadcrumb":{"@id":"https:\/\/shop.bazarcia.com\/produto\/coelho-3d-para-porta\/#breadcrumb"},"inLanguage":"en-US","potentialAction":[{"@type":"ReadAction","target":["https:\/\/shop.bazarcia.com\/produto\/coelho-3d-para-porta\/"]}]},{"@type":"ImageObject","inLanguage":"en-US","@id":"https:\/\/shop.bazarcia.com\/produto\/coelho-3d-para-porta\/#primaryimage","url":"https:\/\/shop.bazarcia.com\/wp-content\/uploads\/2020\/03\/Coelho-Porta-01.jpg","contentUrl":"https:\/\/shop.bazarcia.com\/wp-content\/uploads\/2020\/03\/Coelho-Porta-01.jpg","width":1200,"height":1200},{"@type":"BreadcrumbList","@id":"https:\/\/shop.bazarcia.com\/produto\/coelho-3d-para-porta\/#breadcrumb","itemListElement":[{"@type":"ListItem","position":1,"name":"In\u00edcio","item":"https:\/\/shop.bazarcia.com\/"},{"@type":"ListItem","position":2,"name":"Loja","item":"https:\/\/shop.bazarcia.com\/loja\/"},{"@type":"ListItem","position":3,"name":"Coelho 3D para Porta"}]},{"@type":"WebSite","@id":"https:\/\/shop.bazarcia.com\/#website","url":"https:\/\/shop.bazarcia.com\/","name":"Bazar & Cia","description":"criatividade ponto a ponto","publisher":{"@id":"https:\/\/shop.bazarcia.com\/#organization"},"potentialAction":[{"@type":"SearchAction","target":{"@type":"EntryPoint","urlTemplate":"https:\/\/shop.bazarcia.com\/?s={search_term_string}"},"query-input":{"@type":"PropertyValueSpecification","valueRequired":true,"valueName":"search_term_string"}}],"inLanguage":"en-US"},{"@type":"Organization","@id":"https:\/\/shop.bazarcia.com\/#organization","name":"Bazar & Cia","url":"https:\/\/shop.bazarcia.com\/","logo":{"@type":"ImageObject","inLanguage":"en-US","@id":"https:\/\/shop.bazarcia.com\/#\/schema\/logo\/image\/","url":"https:\/\/shop.bazarcia.com\/wp-content\/uploads\/2024\/02\/cropped-logo_bazarcia.png","contentUrl":"https:\/\/shop.bazarcia.com\/wp-content\/uploads\/2024\/02\/cropped-logo_bazarcia.png","width":150,"height":150,"caption":"Bazar & Cia"},"image":{"@id":"https:\/\/shop.bazarcia.com\/#\/schema\/logo\/image\/"},"sameAs":["https:\/\/www.facebook.com\/shopbazarcia","https:\/\/www.instagram.com\/shopbazarcia","https:\/\/br.pinterest.com\/suzane_eloise\/","https:\/\/www.youtube.com\/c\/BazardoBordadoMatrizeseProjetos"]}]}},"_links":{"self":[{"href":"https:\/\/shop.bazarcia.com\/en\/wp-json\/wp\/v2\/product\/17468","targetHints":{"allow":["GET"]}}],"collection":[{"href":"https:\/\/shop.bazarcia.com\/en\/wp-json\/wp\/v2\/product"}],"about":[{"href":"https:\/\/shop.bazarcia.com\/en\/wp-json\/wp\/v2\/types\/product"}],"replies":[{"embeddable":true,"href":"https:\/\/shop.bazarcia.com\/en\/wp-json\/wp\/v2\/comments?post=17468"}],"version-history":[{"count":0,"href":"https:\/\/shop.bazarcia.com\/en\/wp-json\/wp\/v2\/product\/17468\/revisions"}],"wp:featuredmedia":[{"embeddable":true,"href":"https:\/\/shop.bazarcia.com\/en\/wp-json\/wp\/v2\/media\/17352"}],"wp:attachment":[{"href":"https:\/\/shop.bazarcia.com\/en\/wp-json\/wp\/v2\/media?parent=17468"}],"wp:term":[{"taxonomy":"product_brand","embeddable":true,"href":"https:\/\/shop.bazarcia.com\/en\/wp-json\/wp\/v2\/product_brand?post=17468"},{"taxonomy":"product_cat","embeddable":true,"href":"https:\/\/shop.bazarcia.com\/en\/wp-json\/wp\/v2\/product_cat?post=17468"},{"taxonomy":"product_tag","embeddable":true,"href":"https:\/\/shop.bazarcia.com\/en\/wp-json\/wp\/v2\/product_tag?post=17468"}],"curies":[{"name":"wp","href":"https:\/\/api.w.org\/{rel}","templated":true}]}}