{"id":178583,"date":"2022-07-29T14:04:55","date_gmt":"2022-07-29T17:04:55","guid":{"rendered":"https:\/\/shop.bazarcia.com\/produto\/matriz-de-bordado-emoji-silencio-apliquedomonio-publico\/"},"modified":"2024-10-25T19:05:12","modified_gmt":"2024-10-25T22:05:12","slug":"matriz-de-bordado-emoji-silencio-apliquedomonio-publico","status":"publish","type":"product","link":"https:\/\/shop.bazarcia.com\/en\/product\/matriz-de-bordado-emoji-silencio-apliquedomonio-publico\/","title":{"rendered":"Matriz de bordado- Emoji-Silencio Aplique(domonio-publico)"},"content":{"rendered":"<p>Matriz de Bordado do Emoji Silencio Aplique,\u00a0 em aplique com ponto em\u00a0 Tatame, em pe\u00e7as delicadas, leves para bordar. Ideal para bordar em fraldas, capa de vacina\u00e7\u00e3o, toalhas de banhos, toalhinhas de m\u00e3o escolar, bolsas maternidade e\u00a0 artigos infantis, etc.<br \/>\nMedidas:<br \/>\n6.9cm altura x 9.5cm de comprimento,\u00a0 (10&#215;10)<br \/>\n12.5cm altura x 9.1cm de comprimento,\u00a0 (13&#215;18)<br \/>\nCompat\u00edvel com quase todas as maquinas.<br \/>\nLibera\u00e7\u00e3o das Matrizes ocorre automaticamente ap\u00f3s a confirma\u00e7\u00e3o do pagamento, basta acessar a \u00e1rea de CLIENTE, aqui no SITE e ir na aba de DOWNLOADS.<\/p>\n<p>S\u00e3o compat\u00edveis com v\u00e1rios tipos e modelos de maquinas, com os seguintes formatos:<br \/>\nPES, JEF, EXP, XXX, DST, HUS.<br \/>\nOs mesmo s\u00e3o disponibilizados em pastas compactadas (zipadas), sendo necess\u00e1rio descompactar ap\u00f3s a compra.<br \/>\nA matriz pode ser ampliada na m\u00e1quina somente uma vez 20%, ap\u00f3s isso pode mudar a configura\u00e7\u00e3o da mesma e danificar.<\/p>","protected":false},"excerpt":{"rendered":"<p>Matriz de Bordado em ponto cheio e em Tatame, em pe\u00e7as delicadas, leves para bordar. Ideal para bordar em fraldas, capa de vacina\u00e7\u00e3o, toalhas de banhos, toalhinhas de m\u00e3o escolar, bolsas maternidade e artigos infantis, etc. Medidas:<br \/>\n6.9cm altura x 9.5cm de comprimento, (10&#215;10)<br \/>\n12.5cm altura x 9.1cm de comprimento, (13&#215;18)<br \/>\nA matriz pode ser ampliada na m\u00e1quina somente uma vez 20%, ap\u00f3s isso pode mudar a configura\u00e7\u00e3o da mesma e danificar.<br \/>\nCompat\u00edvel com quase todas as maquinas.<\/p>","protected":false},"featured_media":178587,"comment_status":"open","ping_status":"closed","template":"","meta":{"_acf_changed":false,"_joinchat":[]},"product_brand":[],"product_cat":[84],"product_tag":[1430],"class_list":{"0":"post-178583","1":"product","2":"type-product","3":"status-publish","4":"has-post-thumbnail","6":"product_cat-matrizes-de-bordado","7":"product_tag-matriz-de-bordado","9":"first","10":"instock","11":"downloadable","12":"virtual","13":"purchasable","14":"product-type-simple"},"acf":[],"yoast_head":"<!-- This site is optimized with the Yoast SEO plugin v27.2 - https:\/\/yoast.com\/product\/yoast-seo-wordpress\/ -->\n<title>Matriz de bordado- Emoji-Silencio Aplique(domonio-publico) - \ud835\udc1b\ud835\udc1a\ud835\udc33\ud835\udc1a\ud835\udc2b &amp; \ud835\udc1c\ud835\udc22\ud835\udc1a<\/title>\n<meta name=\"robots\" content=\"index, follow, max-snippet:-1, max-image-preview:large, max-video-preview:-1\" \/>\n<link rel=\"canonical\" href=\"https:\/\/shop.bazarcia.com\/en\/product\/matriz-de-bordado-emoji-silencio-apliquedomonio-publico\/\" \/>\n<meta property=\"og:locale\" content=\"en_US\" \/>\n<meta property=\"og:type\" content=\"article\" \/>\n<meta property=\"og:title\" content=\"Matriz de bordado- Emoji-Silencio Aplique(domonio-publico) - \ud835\udc1b\ud835\udc1a\ud835\udc33\ud835\udc1a\ud835\udc2b &amp; \ud835\udc1c\ud835\udc22\ud835\udc1a\" \/>\n<meta property=\"og:description\" content=\"Matriz de Bordado em ponto cheio e em Tatame, em pe\u00e7as delicadas, leves para bordar. Ideal para bordar em fraldas, capa de vacina\u00e7\u00e3o, toalhas de banhos, toalhinhas de m\u00e3o escolar, bolsas maternidade e artigos infantis, etc. Medidas: 6.9cm altura x 9.5cm de comprimento, (10x10) 12.5cm altura x 9.1cm de comprimento, (13x18) A matriz pode ser ampliada na m\u00e1quina somente uma vez 20%, ap\u00f3s isso pode mudar a configura\u00e7\u00e3o da mesma e danificar. Compat\u00edvel com quase todas as maquinas.\" \/>\n<meta property=\"og:url\" content=\"https:\/\/shop.bazarcia.com\/en\/product\/matriz-de-bordado-emoji-silencio-apliquedomonio-publico\/\" \/>\n<meta property=\"og:site_name\" content=\"\ud835\udc1b\ud835\udc1a\ud835\udc33\ud835\udc1a\ud835\udc2b &amp; \ud835\udc1c\ud835\udc22\ud835\udc1a\" \/>\n<meta property=\"article:publisher\" content=\"https:\/\/www.facebook.com\/shopbazarcia\" \/>\n<meta property=\"article:modified_time\" content=\"2024-10-25T22:05:12+00:00\" \/>\n<meta property=\"og:image\" content=\"https:\/\/shop.bazarcia.com\/wp-content\/uploads\/2022\/07\/Matriz-de-Borddo-Mions-2.jpg\" \/>\n\t<meta property=\"og:image:width\" content=\"360\" \/>\n\t<meta property=\"og:image:height\" content=\"361\" \/>\n\t<meta property=\"og:image:type\" content=\"image\/jpeg\" \/>\n<meta name=\"twitter:card\" content=\"summary_large_image\" \/>\n<meta name=\"twitter:label1\" content=\"Est. reading time\" \/>\n\t<meta name=\"twitter:data1\" content=\"1 minute\" \/>\n<script type=\"application\/ld+json\" class=\"yoast-schema-graph\">{\"@context\":\"https:\/\/schema.org\",\"@graph\":[{\"@type\":\"WebPage\",\"@id\":\"https:\/\/shop.bazarcia.com\/produto\/matriz-de-bordado-emoji-silencio-apliquedomonio-publico\/\",\"url\":\"https:\/\/shop.bazarcia.com\/produto\/matriz-de-bordado-emoji-silencio-apliquedomonio-publico\/\",\"name\":\"Matriz de bordado- Emoji-Silencio Aplique(domonio-publico) - \ud835\udc1b\ud835\udc1a\ud835\udc33\ud835\udc1a\ud835\udc2b &amp; \ud835\udc1c\ud835\udc22\ud835\udc1a\",\"isPartOf\":{\"@id\":\"https:\/\/shop.bazarcia.com\/#website\"},\"primaryImageOfPage\":{\"@id\":\"https:\/\/shop.bazarcia.com\/produto\/matriz-de-bordado-emoji-silencio-apliquedomonio-publico\/#primaryimage\"},\"image\":{\"@id\":\"https:\/\/shop.bazarcia.com\/produto\/matriz-de-bordado-emoji-silencio-apliquedomonio-publico\/#primaryimage\"},\"thumbnailUrl\":\"https:\/\/shop.bazarcia.com\/wp-content\/uploads\/2022\/07\/EMOJI-SILENCIO-10-X-10.jpg\",\"datePublished\":\"2022-07-29T17:04:55+00:00\",\"dateModified\":\"2024-10-25T22:05:12+00:00\",\"breadcrumb\":{\"@id\":\"https:\/\/shop.bazarcia.com\/produto\/matriz-de-bordado-emoji-silencio-apliquedomonio-publico\/#breadcrumb\"},\"inLanguage\":\"en-US\",\"potentialAction\":[{\"@type\":\"ReadAction\",\"target\":[\"https:\/\/shop.bazarcia.com\/produto\/matriz-de-bordado-emoji-silencio-apliquedomonio-publico\/\"]}]},{\"@type\":\"ImageObject\",\"inLanguage\":\"en-US\",\"@id\":\"https:\/\/shop.bazarcia.com\/produto\/matriz-de-bordado-emoji-silencio-apliquedomonio-publico\/#primaryimage\",\"url\":\"https:\/\/shop.bazarcia.com\/wp-content\/uploads\/2022\/07\/EMOJI-SILENCIO-10-X-10.jpg\",\"contentUrl\":\"https:\/\/shop.bazarcia.com\/wp-content\/uploads\/2022\/07\/EMOJI-SILENCIO-10-X-10.jpg\",\"width\":376,\"height\":356},{\"@type\":\"BreadcrumbList\",\"@id\":\"https:\/\/shop.bazarcia.com\/produto\/matriz-de-bordado-emoji-silencio-apliquedomonio-publico\/#breadcrumb\",\"itemListElement\":[{\"@type\":\"ListItem\",\"position\":1,\"name\":\"In\u00edcio\",\"item\":\"https:\/\/shop.bazarcia.com\/\"},{\"@type\":\"ListItem\",\"position\":2,\"name\":\"Loja\",\"item\":\"https:\/\/shop.bazarcia.com\/loja\/\"},{\"@type\":\"ListItem\",\"position\":3,\"name\":\"Matriz de bordado- Emoji-Silencio Aplique(domonio-publico)\"}]},{\"@type\":\"WebSite\",\"@id\":\"https:\/\/shop.bazarcia.com\/#website\",\"url\":\"https:\/\/shop.bazarcia.com\/\",\"name\":\"Bazar & Cia\",\"description\":\"criatividade ponto a ponto\",\"publisher\":{\"@id\":\"https:\/\/shop.bazarcia.com\/#organization\"},\"potentialAction\":[{\"@type\":\"SearchAction\",\"target\":{\"@type\":\"EntryPoint\",\"urlTemplate\":\"https:\/\/shop.bazarcia.com\/?s={search_term_string}\"},\"query-input\":{\"@type\":\"PropertyValueSpecification\",\"valueRequired\":true,\"valueName\":\"search_term_string\"}}],\"inLanguage\":\"en-US\"},{\"@type\":\"Organization\",\"@id\":\"https:\/\/shop.bazarcia.com\/#organization\",\"name\":\"Bazar & Cia\",\"url\":\"https:\/\/shop.bazarcia.com\/\",\"logo\":{\"@type\":\"ImageObject\",\"inLanguage\":\"en-US\",\"@id\":\"https:\/\/shop.bazarcia.com\/#\/schema\/logo\/image\/\",\"url\":\"https:\/\/shop.bazarcia.com\/wp-content\/uploads\/2024\/02\/cropped-logo_bazarcia.png\",\"contentUrl\":\"https:\/\/shop.bazarcia.com\/wp-content\/uploads\/2024\/02\/cropped-logo_bazarcia.png\",\"width\":150,\"height\":150,\"caption\":\"Bazar & Cia\"},\"image\":{\"@id\":\"https:\/\/shop.bazarcia.com\/#\/schema\/logo\/image\/\"},\"sameAs\":[\"https:\/\/www.facebook.com\/shopbazarcia\",\"https:\/\/www.instagram.com\/shopbazarcia\",\"https:\/\/br.pinterest.com\/suzane_eloise\/\",\"https:\/\/www.youtube.com\/c\/BazardoBordadoMatrizeseProjetos\"]}]}<\/script>\n<!-- \/ Yoast SEO plugin. -->","yoast_head_json":{"title":"Matriz de bordado- Emoji-Silencio Aplique(domonio-publico) - \ud835\udc1b\ud835\udc1a\ud835\udc33\ud835\udc1a\ud835\udc2b &amp; \ud835\udc1c\ud835\udc22\ud835\udc1a","robots":{"index":"index","follow":"follow","max-snippet":"max-snippet:-1","max-image-preview":"max-image-preview:large","max-video-preview":"max-video-preview:-1"},"canonical":"https:\/\/shop.bazarcia.com\/en\/product\/matriz-de-bordado-emoji-silencio-apliquedomonio-publico\/","og_locale":"en_US","og_type":"article","og_title":"Matriz de bordado- Emoji-Silencio Aplique(domonio-publico) - \ud835\udc1b\ud835\udc1a\ud835\udc33\ud835\udc1a\ud835\udc2b &amp; \ud835\udc1c\ud835\udc22\ud835\udc1a","og_description":"Matriz de Bordado em ponto cheio e em Tatame, em pe\u00e7as delicadas, leves para bordar. Ideal para bordar em fraldas, capa de vacina\u00e7\u00e3o, toalhas de banhos, toalhinhas de m\u00e3o escolar, bolsas maternidade e artigos infantis, etc. Medidas: 6.9cm altura x 9.5cm de comprimento, (10x10) 12.5cm altura x 9.1cm de comprimento, (13x18) A matriz pode ser ampliada na m\u00e1quina somente uma vez 20%, ap\u00f3s isso pode mudar a configura\u00e7\u00e3o da mesma e danificar. Compat\u00edvel com quase todas as maquinas.","og_url":"https:\/\/shop.bazarcia.com\/en\/product\/matriz-de-bordado-emoji-silencio-apliquedomonio-publico\/","og_site_name":"\ud835\udc1b\ud835\udc1a\ud835\udc33\ud835\udc1a\ud835\udc2b &amp; \ud835\udc1c\ud835\udc22\ud835\udc1a","article_publisher":"https:\/\/www.facebook.com\/shopbazarcia","article_modified_time":"2024-10-25T22:05:12+00:00","og_image":[{"width":360,"height":361,"url":"https:\/\/shop.bazarcia.com\/wp-content\/uploads\/2022\/07\/Matriz-de-Borddo-Mions-2.jpg","type":"image\/jpeg"}],"twitter_card":"summary_large_image","twitter_misc":{"Est. reading time":"1 minute"},"schema":{"@context":"https:\/\/schema.org","@graph":[{"@type":"WebPage","@id":"https:\/\/shop.bazarcia.com\/produto\/matriz-de-bordado-emoji-silencio-apliquedomonio-publico\/","url":"https:\/\/shop.bazarcia.com\/produto\/matriz-de-bordado-emoji-silencio-apliquedomonio-publico\/","name":"Matriz de bordado- Emoji-Silencio Aplique(domonio-publico) - \ud835\udc1b\ud835\udc1a\ud835\udc33\ud835\udc1a\ud835\udc2b &amp; \ud835\udc1c\ud835\udc22\ud835\udc1a","isPartOf":{"@id":"https:\/\/shop.bazarcia.com\/#website"},"primaryImageOfPage":{"@id":"https:\/\/shop.bazarcia.com\/produto\/matriz-de-bordado-emoji-silencio-apliquedomonio-publico\/#primaryimage"},"image":{"@id":"https:\/\/shop.bazarcia.com\/produto\/matriz-de-bordado-emoji-silencio-apliquedomonio-publico\/#primaryimage"},"thumbnailUrl":"https:\/\/shop.bazarcia.com\/wp-content\/uploads\/2022\/07\/EMOJI-SILENCIO-10-X-10.jpg","datePublished":"2022-07-29T17:04:55+00:00","dateModified":"2024-10-25T22:05:12+00:00","breadcrumb":{"@id":"https:\/\/shop.bazarcia.com\/produto\/matriz-de-bordado-emoji-silencio-apliquedomonio-publico\/#breadcrumb"},"inLanguage":"en-US","potentialAction":[{"@type":"ReadAction","target":["https:\/\/shop.bazarcia.com\/produto\/matriz-de-bordado-emoji-silencio-apliquedomonio-publico\/"]}]},{"@type":"ImageObject","inLanguage":"en-US","@id":"https:\/\/shop.bazarcia.com\/produto\/matriz-de-bordado-emoji-silencio-apliquedomonio-publico\/#primaryimage","url":"https:\/\/shop.bazarcia.com\/wp-content\/uploads\/2022\/07\/EMOJI-SILENCIO-10-X-10.jpg","contentUrl":"https:\/\/shop.bazarcia.com\/wp-content\/uploads\/2022\/07\/EMOJI-SILENCIO-10-X-10.jpg","width":376,"height":356},{"@type":"BreadcrumbList","@id":"https:\/\/shop.bazarcia.com\/produto\/matriz-de-bordado-emoji-silencio-apliquedomonio-publico\/#breadcrumb","itemListElement":[{"@type":"ListItem","position":1,"name":"In\u00edcio","item":"https:\/\/shop.bazarcia.com\/"},{"@type":"ListItem","position":2,"name":"Loja","item":"https:\/\/shop.bazarcia.com\/loja\/"},{"@type":"ListItem","position":3,"name":"Matriz de bordado- Emoji-Silencio Aplique(domonio-publico)"}]},{"@type":"WebSite","@id":"https:\/\/shop.bazarcia.com\/#website","url":"https:\/\/shop.bazarcia.com\/","name":"Bazar & Cia","description":"criatividade ponto a ponto","publisher":{"@id":"https:\/\/shop.bazarcia.com\/#organization"},"potentialAction":[{"@type":"SearchAction","target":{"@type":"EntryPoint","urlTemplate":"https:\/\/shop.bazarcia.com\/?s={search_term_string}"},"query-input":{"@type":"PropertyValueSpecification","valueRequired":true,"valueName":"search_term_string"}}],"inLanguage":"en-US"},{"@type":"Organization","@id":"https:\/\/shop.bazarcia.com\/#organization","name":"Bazar & Cia","url":"https:\/\/shop.bazarcia.com\/","logo":{"@type":"ImageObject","inLanguage":"en-US","@id":"https:\/\/shop.bazarcia.com\/#\/schema\/logo\/image\/","url":"https:\/\/shop.bazarcia.com\/wp-content\/uploads\/2024\/02\/cropped-logo_bazarcia.png","contentUrl":"https:\/\/shop.bazarcia.com\/wp-content\/uploads\/2024\/02\/cropped-logo_bazarcia.png","width":150,"height":150,"caption":"Bazar & Cia"},"image":{"@id":"https:\/\/shop.bazarcia.com\/#\/schema\/logo\/image\/"},"sameAs":["https:\/\/www.facebook.com\/shopbazarcia","https:\/\/www.instagram.com\/shopbazarcia","https:\/\/br.pinterest.com\/suzane_eloise\/","https:\/\/www.youtube.com\/c\/BazardoBordadoMatrizeseProjetos"]}]}},"_links":{"self":[{"href":"https:\/\/shop.bazarcia.com\/en\/wp-json\/wp\/v2\/product\/178583","targetHints":{"allow":["GET"]}}],"collection":[{"href":"https:\/\/shop.bazarcia.com\/en\/wp-json\/wp\/v2\/product"}],"about":[{"href":"https:\/\/shop.bazarcia.com\/en\/wp-json\/wp\/v2\/types\/product"}],"replies":[{"embeddable":true,"href":"https:\/\/shop.bazarcia.com\/en\/wp-json\/wp\/v2\/comments?post=178583"}],"version-history":[{"count":0,"href":"https:\/\/shop.bazarcia.com\/en\/wp-json\/wp\/v2\/product\/178583\/revisions"}],"wp:featuredmedia":[{"embeddable":true,"href":"https:\/\/shop.bazarcia.com\/en\/wp-json\/wp\/v2\/media\/178587"}],"wp:attachment":[{"href":"https:\/\/shop.bazarcia.com\/en\/wp-json\/wp\/v2\/media?parent=178583"}],"wp:term":[{"taxonomy":"product_brand","embeddable":true,"href":"https:\/\/shop.bazarcia.com\/en\/wp-json\/wp\/v2\/product_brand?post=178583"},{"taxonomy":"product_cat","embeddable":true,"href":"https:\/\/shop.bazarcia.com\/en\/wp-json\/wp\/v2\/product_cat?post=178583"},{"taxonomy":"product_tag","embeddable":true,"href":"https:\/\/shop.bazarcia.com\/en\/wp-json\/wp\/v2\/product_tag?post=178583"}],"curies":[{"name":"wp","href":"https:\/\/api.w.org\/{rel}","templated":true}]}}