{"id":179914,"date":"2022-08-08T19:45:52","date_gmt":"2022-08-08T22:45:52","guid":{"rendered":"https:\/\/shop.bazarcia.com\/produto\/matriz-de-bordado-anjinha-morena-anjinha-morena-chaveirinho\/"},"modified":"2022-08-11T16:29:33","modified_gmt":"2022-08-11T19:29:33","slug":"matriz-de-bordado-anjinha-morena-anjinha-morena-chaveirinho","status":"publish","type":"product","link":"https:\/\/shop.bazarcia.com\/en\/product\/matriz-de-bordado-anjinha-morena-anjinha-morena-chaveirinho\/","title":{"rendered":"MATRIZ DE BORDADO &#8211; ANJINHA MORENA + ANJINHA MORENA CHAVEIRINHO"},"content":{"rendered":"<p><strong>Matriz Anjinha Morena \u2013 Matriz + Chaveirinho &#8211; EXCLUSIVA DANI FAITANIN<\/strong><\/p>\n<p>Matrizes para bordado em pontos leves, f\u00e1ceis de bordar.<\/p>\n<ul>\n<li>A matriz feita para chaveirinho possui 9cm de altura;<\/li>\n<li>Acompanha a matriz em pontos leves, nos tamanhos de 10, 12 e 14cm ideais para bordar em toalhinha, fraldas, etc.<\/li>\n<\/ul>\n<p><strong><em>Matriz exclusiva, com design e imagens criados por Dani Faitanin<\/em><\/strong><\/p>\n<p>Os arquivos s\u00e3o compat\u00edveis com v\u00e1rios tipos e modelos de m\u00e1quinas, com os seguintes formatos: PES \u2013 JEF \u2013 EXP \u2013 DST- XXX \u2013 HUS<\/p>\n<p><em>Aten\u00e7\u00e3o: Produto vendido de forma digital, n\u00e3o f\u00edsica.<\/em><\/p>\n<p>Os arquivos estar\u00e3o dispon\u00edveis para download aqui mesmo na sua conta no site ap\u00f3s confirma\u00e7\u00e3o do pagamento. (N\u00e3o ser\u00e3o enviados por e-mail!)<\/p>\n<p>Os arquivos est\u00e3o em pasta compactada (ZIP), sendo necess\u00e1rio descompact\u00e1-la.<\/p>\n<p>Designs e imagens de cria\u00e7\u00e3o:\u00a0<strong>Dani Faitanin (PRODUTO EXCLUSIVO)<\/strong><\/p>\n<p>Adquirindo nossas matrizes e projetos voc\u00ea se declara de acordo com nossos termos e condi\u00e7\u00f5es.<\/p>","protected":false},"excerpt":{"rendered":"<p>Matriz Anjinha Morena \u2013 Matriz + Chaveirinho &#8211; EXCLUSIVA DANI FAITANIN<\/p>\n<p>Matrizes para bordado em pontos leves, f\u00e1ceis de bordar.<\/p>\n<p>A matriz feita para chaveirinho possui 9cm de altura;<br \/>\nAcompanha a matriz em pontos leves, nos tamanhos de 10, 12 e 14cm ideais para bordar em toalhinha, fraldas, etc.<\/p>\n<p>Matriz exclusiva, com design e imagens criados por Dani Faitanin<\/p>\n<p>Os arquivos s\u00e3o compat\u00edveis com v\u00e1rios tipos e modelos de m\u00e1quinas, com os seguintes formatos: PES \u2013 JEF \u2013 EXP \u2013 DST- XXX \u2013 HUS<\/p>\n<p>Aten\u00e7\u00e3o: Produto vendido de forma digital, n\u00e3o f\u00edsica.<\/p>","protected":false},"featured_media":179912,"comment_status":"open","ping_status":"closed","template":"","meta":{"_acf_changed":false,"_joinchat":[]},"product_brand":[],"product_cat":[84,222],"product_tag":[1430],"class_list":{"0":"post-179914","1":"product","2":"type-product","3":"status-publish","4":"has-post-thumbnail","6":"product_cat-matrizes-de-bordado","7":"product_cat-batizado","8":"product_tag-matriz-de-bordado","10":"first","11":"instock","12":"downloadable","13":"virtual","14":"purchasable","15":"product-type-simple"},"acf":[],"yoast_head":"<!-- This site is optimized with the Yoast SEO plugin v27.2 - https:\/\/yoast.com\/product\/yoast-seo-wordpress\/ -->\n<title>MATRIZ DE BORDADO - ANJINHA MORENA + ANJINHA MORENA CHAVEIRINHO - \ud835\udc1b\ud835\udc1a\ud835\udc33\ud835\udc1a\ud835\udc2b &amp; \ud835\udc1c\ud835\udc22\ud835\udc1a<\/title>\n<meta name=\"robots\" content=\"index, follow, max-snippet:-1, max-image-preview:large, max-video-preview:-1\" \/>\n<link rel=\"canonical\" href=\"https:\/\/shop.bazarcia.com\/en\/product\/matriz-de-bordado-anjinha-morena-anjinha-morena-chaveirinho\/\" \/>\n<meta property=\"og:locale\" content=\"en_US\" \/>\n<meta property=\"og:type\" content=\"article\" \/>\n<meta property=\"og:title\" content=\"MATRIZ DE BORDADO - ANJINHA MORENA + ANJINHA MORENA CHAVEIRINHO - \ud835\udc1b\ud835\udc1a\ud835\udc33\ud835\udc1a\ud835\udc2b &amp; \ud835\udc1c\ud835\udc22\ud835\udc1a\" \/>\n<meta property=\"og:description\" content=\"Matriz Anjinha Morena \u2013 Matriz + Chaveirinho - EXCLUSIVA DANI FAITANIN  Matrizes para bordado em pontos leves, f\u00e1ceis de bordar.  A matriz feita para chaveirinho possui 9cm de altura; Acompanha a matriz em pontos leves, nos tamanhos de 10, 12 e 14cm ideais para bordar em toalhinha, fraldas, etc.  Matriz exclusiva, com design e imagens criados por Dani Faitanin  Os arquivos s\u00e3o compat\u00edveis com v\u00e1rios tipos e modelos de m\u00e1quinas, com os seguintes formatos: PES \u2013 JEF \u2013 EXP \u2013 DST- XXX \u2013 HUS  Aten\u00e7\u00e3o: Produto vendido de forma digital, n\u00e3o f\u00edsica.\" \/>\n<meta property=\"og:url\" content=\"https:\/\/shop.bazarcia.com\/en\/product\/matriz-de-bordado-anjinha-morena-anjinha-morena-chaveirinho\/\" \/>\n<meta property=\"og:site_name\" content=\"\ud835\udc1b\ud835\udc1a\ud835\udc33\ud835\udc1a\ud835\udc2b &amp; \ud835\udc1c\ud835\udc22\ud835\udc1a\" \/>\n<meta property=\"article:publisher\" content=\"https:\/\/www.facebook.com\/shopbazarcia\" \/>\n<meta property=\"article:modified_time\" content=\"2022-08-11T19:29:33+00:00\" \/>\n<meta property=\"og:image\" content=\"https:\/\/shop.bazarcia.com\/wp-content\/uploads\/2022\/08\/2-14.png\" \/>\n\t<meta property=\"og:image:width\" content=\"1080\" \/>\n\t<meta property=\"og:image:height\" content=\"1080\" \/>\n\t<meta property=\"og:image:type\" content=\"image\/png\" \/>\n<meta name=\"twitter:card\" content=\"summary_large_image\" \/>\n<meta name=\"twitter:label1\" content=\"Est. reading time\" \/>\n\t<meta name=\"twitter:data1\" content=\"1 minute\" \/>\n<script type=\"application\/ld+json\" class=\"yoast-schema-graph\">{\"@context\":\"https:\/\/schema.org\",\"@graph\":[{\"@type\":\"WebPage\",\"@id\":\"https:\/\/shop.bazarcia.com\/produto\/matriz-de-bordado-anjinha-morena-anjinha-morena-chaveirinho\/\",\"url\":\"https:\/\/shop.bazarcia.com\/produto\/matriz-de-bordado-anjinha-morena-anjinha-morena-chaveirinho\/\",\"name\":\"MATRIZ DE BORDADO - ANJINHA MORENA + ANJINHA MORENA CHAVEIRINHO - \ud835\udc1b\ud835\udc1a\ud835\udc33\ud835\udc1a\ud835\udc2b &amp; \ud835\udc1c\ud835\udc22\ud835\udc1a\",\"isPartOf\":{\"@id\":\"https:\/\/shop.bazarcia.com\/#website\"},\"primaryImageOfPage\":{\"@id\":\"https:\/\/shop.bazarcia.com\/produto\/matriz-de-bordado-anjinha-morena-anjinha-morena-chaveirinho\/#primaryimage\"},\"image\":{\"@id\":\"https:\/\/shop.bazarcia.com\/produto\/matriz-de-bordado-anjinha-morena-anjinha-morena-chaveirinho\/#primaryimage\"},\"thumbnailUrl\":\"https:\/\/shop.bazarcia.com\/wp-content\/uploads\/2022\/08\/2-14.png\",\"datePublished\":\"2022-08-08T22:45:52+00:00\",\"dateModified\":\"2022-08-11T19:29:33+00:00\",\"breadcrumb\":{\"@id\":\"https:\/\/shop.bazarcia.com\/produto\/matriz-de-bordado-anjinha-morena-anjinha-morena-chaveirinho\/#breadcrumb\"},\"inLanguage\":\"en-US\",\"potentialAction\":[{\"@type\":\"ReadAction\",\"target\":[\"https:\/\/shop.bazarcia.com\/produto\/matriz-de-bordado-anjinha-morena-anjinha-morena-chaveirinho\/\"]}]},{\"@type\":\"ImageObject\",\"inLanguage\":\"en-US\",\"@id\":\"https:\/\/shop.bazarcia.com\/produto\/matriz-de-bordado-anjinha-morena-anjinha-morena-chaveirinho\/#primaryimage\",\"url\":\"https:\/\/shop.bazarcia.com\/wp-content\/uploads\/2022\/08\/2-14.png\",\"contentUrl\":\"https:\/\/shop.bazarcia.com\/wp-content\/uploads\/2022\/08\/2-14.png\",\"width\":1080,\"height\":1080,\"caption\":\"matriz de bordado anjinha morena negra\"},{\"@type\":\"BreadcrumbList\",\"@id\":\"https:\/\/shop.bazarcia.com\/produto\/matriz-de-bordado-anjinha-morena-anjinha-morena-chaveirinho\/#breadcrumb\",\"itemListElement\":[{\"@type\":\"ListItem\",\"position\":1,\"name\":\"In\u00edcio\",\"item\":\"https:\/\/shop.bazarcia.com\/\"},{\"@type\":\"ListItem\",\"position\":2,\"name\":\"Loja\",\"item\":\"https:\/\/shop.bazarcia.com\/loja\/\"},{\"@type\":\"ListItem\",\"position\":3,\"name\":\"MATRIZ DE BORDADO &#8211; ANJINHA MORENA + ANJINHA MORENA CHAVEIRINHO\"}]},{\"@type\":\"WebSite\",\"@id\":\"https:\/\/shop.bazarcia.com\/#website\",\"url\":\"https:\/\/shop.bazarcia.com\/\",\"name\":\"Bazar & Cia\",\"description\":\"criatividade ponto a ponto\",\"publisher\":{\"@id\":\"https:\/\/shop.bazarcia.com\/#organization\"},\"potentialAction\":[{\"@type\":\"SearchAction\",\"target\":{\"@type\":\"EntryPoint\",\"urlTemplate\":\"https:\/\/shop.bazarcia.com\/?s={search_term_string}\"},\"query-input\":{\"@type\":\"PropertyValueSpecification\",\"valueRequired\":true,\"valueName\":\"search_term_string\"}}],\"inLanguage\":\"en-US\"},{\"@type\":\"Organization\",\"@id\":\"https:\/\/shop.bazarcia.com\/#organization\",\"name\":\"Bazar & Cia\",\"url\":\"https:\/\/shop.bazarcia.com\/\",\"logo\":{\"@type\":\"ImageObject\",\"inLanguage\":\"en-US\",\"@id\":\"https:\/\/shop.bazarcia.com\/#\/schema\/logo\/image\/\",\"url\":\"https:\/\/shop.bazarcia.com\/wp-content\/uploads\/2024\/02\/cropped-logo_bazarcia.png\",\"contentUrl\":\"https:\/\/shop.bazarcia.com\/wp-content\/uploads\/2024\/02\/cropped-logo_bazarcia.png\",\"width\":150,\"height\":150,\"caption\":\"Bazar & Cia\"},\"image\":{\"@id\":\"https:\/\/shop.bazarcia.com\/#\/schema\/logo\/image\/\"},\"sameAs\":[\"https:\/\/www.facebook.com\/shopbazarcia\",\"https:\/\/www.instagram.com\/shopbazarcia\",\"https:\/\/br.pinterest.com\/suzane_eloise\/\",\"https:\/\/www.youtube.com\/c\/BazardoBordadoMatrizeseProjetos\"]}]}<\/script>\n<!-- \/ Yoast SEO plugin. -->","yoast_head_json":{"title":"MATRIZ DE BORDADO - ANJINHA MORENA + ANJINHA MORENA CHAVEIRINHO - \ud835\udc1b\ud835\udc1a\ud835\udc33\ud835\udc1a\ud835\udc2b &amp; \ud835\udc1c\ud835\udc22\ud835\udc1a","robots":{"index":"index","follow":"follow","max-snippet":"max-snippet:-1","max-image-preview":"max-image-preview:large","max-video-preview":"max-video-preview:-1"},"canonical":"https:\/\/shop.bazarcia.com\/en\/product\/matriz-de-bordado-anjinha-morena-anjinha-morena-chaveirinho\/","og_locale":"en_US","og_type":"article","og_title":"MATRIZ DE BORDADO - ANJINHA MORENA + ANJINHA MORENA CHAVEIRINHO - \ud835\udc1b\ud835\udc1a\ud835\udc33\ud835\udc1a\ud835\udc2b &amp; \ud835\udc1c\ud835\udc22\ud835\udc1a","og_description":"Matriz Anjinha Morena \u2013 Matriz + Chaveirinho - EXCLUSIVA DANI FAITANIN  Matrizes para bordado em pontos leves, f\u00e1ceis de bordar.  A matriz feita para chaveirinho possui 9cm de altura; Acompanha a matriz em pontos leves, nos tamanhos de 10, 12 e 14cm ideais para bordar em toalhinha, fraldas, etc.  Matriz exclusiva, com design e imagens criados por Dani Faitanin  Os arquivos s\u00e3o compat\u00edveis com v\u00e1rios tipos e modelos de m\u00e1quinas, com os seguintes formatos: PES \u2013 JEF \u2013 EXP \u2013 DST- XXX \u2013 HUS  Aten\u00e7\u00e3o: Produto vendido de forma digital, n\u00e3o f\u00edsica.","og_url":"https:\/\/shop.bazarcia.com\/en\/product\/matriz-de-bordado-anjinha-morena-anjinha-morena-chaveirinho\/","og_site_name":"\ud835\udc1b\ud835\udc1a\ud835\udc33\ud835\udc1a\ud835\udc2b &amp; \ud835\udc1c\ud835\udc22\ud835\udc1a","article_publisher":"https:\/\/www.facebook.com\/shopbazarcia","article_modified_time":"2022-08-11T19:29:33+00:00","og_image":[{"width":1080,"height":1080,"url":"https:\/\/shop.bazarcia.com\/wp-content\/uploads\/2022\/08\/2-14.png","type":"image\/png"}],"twitter_card":"summary_large_image","twitter_misc":{"Est. reading time":"1 minute"},"schema":{"@context":"https:\/\/schema.org","@graph":[{"@type":"WebPage","@id":"https:\/\/shop.bazarcia.com\/produto\/matriz-de-bordado-anjinha-morena-anjinha-morena-chaveirinho\/","url":"https:\/\/shop.bazarcia.com\/produto\/matriz-de-bordado-anjinha-morena-anjinha-morena-chaveirinho\/","name":"MATRIZ DE BORDADO - ANJINHA MORENA + ANJINHA MORENA CHAVEIRINHO - \ud835\udc1b\ud835\udc1a\ud835\udc33\ud835\udc1a\ud835\udc2b &amp; \ud835\udc1c\ud835\udc22\ud835\udc1a","isPartOf":{"@id":"https:\/\/shop.bazarcia.com\/#website"},"primaryImageOfPage":{"@id":"https:\/\/shop.bazarcia.com\/produto\/matriz-de-bordado-anjinha-morena-anjinha-morena-chaveirinho\/#primaryimage"},"image":{"@id":"https:\/\/shop.bazarcia.com\/produto\/matriz-de-bordado-anjinha-morena-anjinha-morena-chaveirinho\/#primaryimage"},"thumbnailUrl":"https:\/\/shop.bazarcia.com\/wp-content\/uploads\/2022\/08\/2-14.png","datePublished":"2022-08-08T22:45:52+00:00","dateModified":"2022-08-11T19:29:33+00:00","breadcrumb":{"@id":"https:\/\/shop.bazarcia.com\/produto\/matriz-de-bordado-anjinha-morena-anjinha-morena-chaveirinho\/#breadcrumb"},"inLanguage":"en-US","potentialAction":[{"@type":"ReadAction","target":["https:\/\/shop.bazarcia.com\/produto\/matriz-de-bordado-anjinha-morena-anjinha-morena-chaveirinho\/"]}]},{"@type":"ImageObject","inLanguage":"en-US","@id":"https:\/\/shop.bazarcia.com\/produto\/matriz-de-bordado-anjinha-morena-anjinha-morena-chaveirinho\/#primaryimage","url":"https:\/\/shop.bazarcia.com\/wp-content\/uploads\/2022\/08\/2-14.png","contentUrl":"https:\/\/shop.bazarcia.com\/wp-content\/uploads\/2022\/08\/2-14.png","width":1080,"height":1080,"caption":"matriz de bordado anjinha morena negra"},{"@type":"BreadcrumbList","@id":"https:\/\/shop.bazarcia.com\/produto\/matriz-de-bordado-anjinha-morena-anjinha-morena-chaveirinho\/#breadcrumb","itemListElement":[{"@type":"ListItem","position":1,"name":"In\u00edcio","item":"https:\/\/shop.bazarcia.com\/"},{"@type":"ListItem","position":2,"name":"Loja","item":"https:\/\/shop.bazarcia.com\/loja\/"},{"@type":"ListItem","position":3,"name":"MATRIZ DE BORDADO &#8211; ANJINHA MORENA + ANJINHA MORENA CHAVEIRINHO"}]},{"@type":"WebSite","@id":"https:\/\/shop.bazarcia.com\/#website","url":"https:\/\/shop.bazarcia.com\/","name":"Bazar & Cia","description":"criatividade ponto a ponto","publisher":{"@id":"https:\/\/shop.bazarcia.com\/#organization"},"potentialAction":[{"@type":"SearchAction","target":{"@type":"EntryPoint","urlTemplate":"https:\/\/shop.bazarcia.com\/?s={search_term_string}"},"query-input":{"@type":"PropertyValueSpecification","valueRequired":true,"valueName":"search_term_string"}}],"inLanguage":"en-US"},{"@type":"Organization","@id":"https:\/\/shop.bazarcia.com\/#organization","name":"Bazar & Cia","url":"https:\/\/shop.bazarcia.com\/","logo":{"@type":"ImageObject","inLanguage":"en-US","@id":"https:\/\/shop.bazarcia.com\/#\/schema\/logo\/image\/","url":"https:\/\/shop.bazarcia.com\/wp-content\/uploads\/2024\/02\/cropped-logo_bazarcia.png","contentUrl":"https:\/\/shop.bazarcia.com\/wp-content\/uploads\/2024\/02\/cropped-logo_bazarcia.png","width":150,"height":150,"caption":"Bazar & Cia"},"image":{"@id":"https:\/\/shop.bazarcia.com\/#\/schema\/logo\/image\/"},"sameAs":["https:\/\/www.facebook.com\/shopbazarcia","https:\/\/www.instagram.com\/shopbazarcia","https:\/\/br.pinterest.com\/suzane_eloise\/","https:\/\/www.youtube.com\/c\/BazardoBordadoMatrizeseProjetos"]}]}},"_links":{"self":[{"href":"https:\/\/shop.bazarcia.com\/en\/wp-json\/wp\/v2\/product\/179914","targetHints":{"allow":["GET"]}}],"collection":[{"href":"https:\/\/shop.bazarcia.com\/en\/wp-json\/wp\/v2\/product"}],"about":[{"href":"https:\/\/shop.bazarcia.com\/en\/wp-json\/wp\/v2\/types\/product"}],"replies":[{"embeddable":true,"href":"https:\/\/shop.bazarcia.com\/en\/wp-json\/wp\/v2\/comments?post=179914"}],"version-history":[{"count":0,"href":"https:\/\/shop.bazarcia.com\/en\/wp-json\/wp\/v2\/product\/179914\/revisions"}],"wp:featuredmedia":[{"embeddable":true,"href":"https:\/\/shop.bazarcia.com\/en\/wp-json\/wp\/v2\/media\/179912"}],"wp:attachment":[{"href":"https:\/\/shop.bazarcia.com\/en\/wp-json\/wp\/v2\/media?parent=179914"}],"wp:term":[{"taxonomy":"product_brand","embeddable":true,"href":"https:\/\/shop.bazarcia.com\/en\/wp-json\/wp\/v2\/product_brand?post=179914"},{"taxonomy":"product_cat","embeddable":true,"href":"https:\/\/shop.bazarcia.com\/en\/wp-json\/wp\/v2\/product_cat?post=179914"},{"taxonomy":"product_tag","embeddable":true,"href":"https:\/\/shop.bazarcia.com\/en\/wp-json\/wp\/v2\/product_tag?post=179914"}],"curies":[{"name":"wp","href":"https:\/\/api.w.org\/{rel}","templated":true}]}}