{"id":181548,"date":"2022-08-21T15:45:54","date_gmt":"2022-08-21T18:45:54","guid":{"rendered":"https:\/\/shop.bazarcia.com\/?post_type=product&#038;p=181548"},"modified":"2022-09-06T10:28:27","modified_gmt":"2022-09-06T13:28:27","slug":"matrizes-de-bordado-safari-novas-versoes-pre-venda","status":"publish","type":"product","link":"https:\/\/shop.bazarcia.com\/en\/product\/matrizes-de-bordado-safari-novas-versoes-pre-venda\/","title":{"rendered":"Matrizes de Bordado &#8211; Saf\u00e1ri (Novas Vers\u00f5es)"},"content":{"rendered":"<p>Os arquivos ser\u00e3o disponibilizados em pasta compactada(ZIP), sendo necess\u00e1rio descompactar.<\/p>\n<p>Aproveite agora o valor promocional da pr\u00e9 venda ou associe-se ao <a href=\"https:\/\/clubedasbordadeiras.com\/\" target=\"_blank\" rel=\"noopener\">Clube das Bordadeiras<\/a> para ter todas as vers\u00f5es gratuitamente!<\/p>\n<p>Os mesmos ser\u00e3o compat\u00edveis com v\u00e1rios tipos e modelos de m\u00e1quinas, com os seguintes formatos:<\/p>\n<p>PES \u2013 HUS \u2013 VP3 \u2013 XXX \u2013 JEF \u2013 EXP \u2013 DST .<\/p>","protected":false},"excerpt":{"rendered":"<p>A turminha mais bordada do Brasil, agora numa vers\u00e3o nova para voc\u00ea continuar bordando esse tema e vender ainda mais!<\/p>\n<p>Aproveite agora ou associe-se ao <a href=\"https:\/\/clubedasbordadeiras.com\/\" target=\"_blank\" rel=\"noopener\">Clube das Bordadeiras<\/a> para ter todas as vers\u00f5es gratuitamente!<\/p>\n<p>Ser\u00e3o desenhos com montagens variadas dessa Turminha (somente bastidores acima de 13\u00d718 nas montagens maiores).<\/p>\n<p><strong>*LIBERA\u00c7\u00c3O ap\u00f3s a compra aqui na aba Downloads<\/strong><\/p>\n<p>Matrizes em Pontos Leves e r\u00e1pidos de bordar! Ideal para criar montagens usando pl\u00e1stico nacarado e dar o efeito de bordado brilhoso.<\/p>\n<p>Certeza de sucesso no seu Ateli\u00ea!<\/p>\n<p>Os arquivos ser\u00e3o disponibilizados em pasta compactada(ZIP), sendo necess\u00e1rio descompactar.<\/p>\n<p>Os mesmos ser\u00e3o compat\u00edveis com v\u00e1rios tipos e modelos de m\u00e1quinas, com os seguintes formatos:<\/p>\n<p>PES \u2013 HUS \u2013 VP3 \u2013 XXX \u2013 JEF \u2013 EXP \u2013 DST .<\/p>","protected":false},"featured_media":184065,"comment_status":"open","ping_status":"closed","template":"","meta":{"_acf_changed":false,"_joinchat":[]},"product_brand":[],"product_cat":[84,122,234],"product_tag":[],"class_list":{"0":"post-181548","1":"product","2":"type-product","3":"status-publish","4":"has-post-thumbnail","6":"product_cat-matrizes-de-bordado","7":"product_cat-matrizes-de-bordado-animais","8":"product_cat-safari","10":"first","11":"instock","12":"sale","13":"downloadable","14":"virtual","15":"purchasable","16":"product-type-simple"},"acf":[],"yoast_head":"<!-- This site is optimized with the Yoast SEO plugin v27.2 - https:\/\/yoast.com\/product\/yoast-seo-wordpress\/ -->\n<title>Matrizes de Bordado - Saf\u00e1ri (Novas Vers\u00f5es) - \ud835\udc1b\ud835\udc1a\ud835\udc33\ud835\udc1a\ud835\udc2b &amp; \ud835\udc1c\ud835\udc22\ud835\udc1a<\/title>\n<meta name=\"robots\" content=\"index, follow, max-snippet:-1, max-image-preview:large, max-video-preview:-1\" \/>\n<link rel=\"canonical\" href=\"https:\/\/shop.bazarcia.com\/en\/product\/matrizes-de-bordado-safari-novas-versoes-pre-venda\/\" \/>\n<meta property=\"og:locale\" content=\"en_US\" \/>\n<meta property=\"og:type\" content=\"article\" \/>\n<meta property=\"og:title\" content=\"Matrizes de Bordado - Saf\u00e1ri (Novas Vers\u00f5es) - \ud835\udc1b\ud835\udc1a\ud835\udc33\ud835\udc1a\ud835\udc2b &amp; \ud835\udc1c\ud835\udc22\ud835\udc1a\" \/>\n<meta property=\"og:description\" content=\"A turminha mais bordada do Brasil, agora numa vers\u00e3o nova para voc\u00ea continuar bordando esse tema e vender ainda mais!  Aproveite agora ou associe-se ao Clube das Bordadeiras para ter todas as vers\u00f5es gratuitamente!  Ser\u00e3o desenhos com montagens variadas dessa Turminha (somente bastidores acima de 13\u00d718 nas montagens maiores).  *LIBERA\u00c7\u00c3O ap\u00f3s a compra aqui na aba Downloads  Matrizes em Pontos Leves e r\u00e1pidos de bordar! Ideal para criar montagens usando pl\u00e1stico nacarado e dar o efeito de bordado brilhoso.  Certeza de sucesso no seu Ateli\u00ea!  Os arquivos ser\u00e3o disponibilizados em pasta compactada(ZIP), sendo necess\u00e1rio descompactar.  Os mesmos ser\u00e3o compat\u00edveis com v\u00e1rios tipos e modelos de m\u00e1quinas, com os seguintes formatos:  PES \u2013 HUS \u2013 VP3 \u2013 XXX \u2013 JEF \u2013 EXP \u2013 DST .\" \/>\n<meta property=\"og:url\" content=\"https:\/\/shop.bazarcia.com\/en\/product\/matrizes-de-bordado-safari-novas-versoes-pre-venda\/\" \/>\n<meta property=\"og:site_name\" content=\"\ud835\udc1b\ud835\udc1a\ud835\udc33\ud835\udc1a\ud835\udc2b &amp; \ud835\udc1c\ud835\udc22\ud835\udc1a\" \/>\n<meta property=\"article:publisher\" content=\"https:\/\/www.facebook.com\/shopbazarcia\" \/>\n<meta property=\"article:modified_time\" content=\"2022-09-06T13:28:27+00:00\" \/>\n<meta property=\"og:image\" content=\"https:\/\/shop.bazarcia.com\/wp-content\/uploads\/2022\/08\/matrizes-safari-1.jpg\" \/>\n\t<meta property=\"og:image:width\" content=\"1080\" \/>\n\t<meta property=\"og:image:height\" content=\"1080\" \/>\n\t<meta property=\"og:image:type\" content=\"image\/jpeg\" \/>\n<meta name=\"twitter:card\" content=\"summary_large_image\" \/>\n<script type=\"application\/ld+json\" class=\"yoast-schema-graph\">{\"@context\":\"https:\/\/schema.org\",\"@graph\":[{\"@type\":\"WebPage\",\"@id\":\"https:\/\/shop.bazarcia.com\/produto\/matrizes-de-bordado-safari-novas-versoes-pre-venda\/\",\"url\":\"https:\/\/shop.bazarcia.com\/produto\/matrizes-de-bordado-safari-novas-versoes-pre-venda\/\",\"name\":\"Matrizes de Bordado - Saf\u00e1ri (Novas Vers\u00f5es) - \ud835\udc1b\ud835\udc1a\ud835\udc33\ud835\udc1a\ud835\udc2b &amp; \ud835\udc1c\ud835\udc22\ud835\udc1a\",\"isPartOf\":{\"@id\":\"https:\/\/shop.bazarcia.com\/#website\"},\"primaryImageOfPage\":{\"@id\":\"https:\/\/shop.bazarcia.com\/produto\/matrizes-de-bordado-safari-novas-versoes-pre-venda\/#primaryimage\"},\"image\":{\"@id\":\"https:\/\/shop.bazarcia.com\/produto\/matrizes-de-bordado-safari-novas-versoes-pre-venda\/#primaryimage\"},\"thumbnailUrl\":\"https:\/\/shop.bazarcia.com\/wp-content\/uploads\/2022\/08\/matrizes-safari-1.jpg\",\"datePublished\":\"2022-08-21T18:45:54+00:00\",\"dateModified\":\"2022-09-06T13:28:27+00:00\",\"breadcrumb\":{\"@id\":\"https:\/\/shop.bazarcia.com\/produto\/matrizes-de-bordado-safari-novas-versoes-pre-venda\/#breadcrumb\"},\"inLanguage\":\"en-US\",\"potentialAction\":[{\"@type\":\"ReadAction\",\"target\":[\"https:\/\/shop.bazarcia.com\/produto\/matrizes-de-bordado-safari-novas-versoes-pre-venda\/\"]}]},{\"@type\":\"ImageObject\",\"inLanguage\":\"en-US\",\"@id\":\"https:\/\/shop.bazarcia.com\/produto\/matrizes-de-bordado-safari-novas-versoes-pre-venda\/#primaryimage\",\"url\":\"https:\/\/shop.bazarcia.com\/wp-content\/uploads\/2022\/08\/matrizes-safari-1.jpg\",\"contentUrl\":\"https:\/\/shop.bazarcia.com\/wp-content\/uploads\/2022\/08\/matrizes-safari-1.jpg\",\"width\":1080,\"height\":1080},{\"@type\":\"BreadcrumbList\",\"@id\":\"https:\/\/shop.bazarcia.com\/produto\/matrizes-de-bordado-safari-novas-versoes-pre-venda\/#breadcrumb\",\"itemListElement\":[{\"@type\":\"ListItem\",\"position\":1,\"name\":\"In\u00edcio\",\"item\":\"https:\/\/shop.bazarcia.com\/\"},{\"@type\":\"ListItem\",\"position\":2,\"name\":\"Loja\",\"item\":\"https:\/\/shop.bazarcia.com\/loja\/\"},{\"@type\":\"ListItem\",\"position\":3,\"name\":\"Matrizes de Bordado &#8211; Saf\u00e1ri (Novas Vers\u00f5es)\"}]},{\"@type\":\"WebSite\",\"@id\":\"https:\/\/shop.bazarcia.com\/#website\",\"url\":\"https:\/\/shop.bazarcia.com\/\",\"name\":\"Bazar & Cia\",\"description\":\"criatividade ponto a ponto\",\"publisher\":{\"@id\":\"https:\/\/shop.bazarcia.com\/#organization\"},\"potentialAction\":[{\"@type\":\"SearchAction\",\"target\":{\"@type\":\"EntryPoint\",\"urlTemplate\":\"https:\/\/shop.bazarcia.com\/?s={search_term_string}\"},\"query-input\":{\"@type\":\"PropertyValueSpecification\",\"valueRequired\":true,\"valueName\":\"search_term_string\"}}],\"inLanguage\":\"en-US\"},{\"@type\":\"Organization\",\"@id\":\"https:\/\/shop.bazarcia.com\/#organization\",\"name\":\"Bazar & Cia\",\"url\":\"https:\/\/shop.bazarcia.com\/\",\"logo\":{\"@type\":\"ImageObject\",\"inLanguage\":\"en-US\",\"@id\":\"https:\/\/shop.bazarcia.com\/#\/schema\/logo\/image\/\",\"url\":\"https:\/\/shop.bazarcia.com\/wp-content\/uploads\/2024\/02\/cropped-logo_bazarcia.png\",\"contentUrl\":\"https:\/\/shop.bazarcia.com\/wp-content\/uploads\/2024\/02\/cropped-logo_bazarcia.png\",\"width\":150,\"height\":150,\"caption\":\"Bazar & Cia\"},\"image\":{\"@id\":\"https:\/\/shop.bazarcia.com\/#\/schema\/logo\/image\/\"},\"sameAs\":[\"https:\/\/www.facebook.com\/shopbazarcia\",\"https:\/\/www.instagram.com\/shopbazarcia\",\"https:\/\/br.pinterest.com\/suzane_eloise\/\",\"https:\/\/www.youtube.com\/c\/BazardoBordadoMatrizeseProjetos\"]}]}<\/script>\n<!-- \/ Yoast SEO plugin. -->","yoast_head_json":{"title":"Matrizes de Bordado - Saf\u00e1ri (Novas Vers\u00f5es) - \ud835\udc1b\ud835\udc1a\ud835\udc33\ud835\udc1a\ud835\udc2b &amp; \ud835\udc1c\ud835\udc22\ud835\udc1a","robots":{"index":"index","follow":"follow","max-snippet":"max-snippet:-1","max-image-preview":"max-image-preview:large","max-video-preview":"max-video-preview:-1"},"canonical":"https:\/\/shop.bazarcia.com\/en\/product\/matrizes-de-bordado-safari-novas-versoes-pre-venda\/","og_locale":"en_US","og_type":"article","og_title":"Matrizes de Bordado - Saf\u00e1ri (Novas Vers\u00f5es) - \ud835\udc1b\ud835\udc1a\ud835\udc33\ud835\udc1a\ud835\udc2b &amp; \ud835\udc1c\ud835\udc22\ud835\udc1a","og_description":"A turminha mais bordada do Brasil, agora numa vers\u00e3o nova para voc\u00ea continuar bordando esse tema e vender ainda mais!  Aproveite agora ou associe-se ao Clube das Bordadeiras para ter todas as vers\u00f5es gratuitamente!  Ser\u00e3o desenhos com montagens variadas dessa Turminha (somente bastidores acima de 13\u00d718 nas montagens maiores).  *LIBERA\u00c7\u00c3O ap\u00f3s a compra aqui na aba Downloads  Matrizes em Pontos Leves e r\u00e1pidos de bordar! Ideal para criar montagens usando pl\u00e1stico nacarado e dar o efeito de bordado brilhoso.  Certeza de sucesso no seu Ateli\u00ea!  Os arquivos ser\u00e3o disponibilizados em pasta compactada(ZIP), sendo necess\u00e1rio descompactar.  Os mesmos ser\u00e3o compat\u00edveis com v\u00e1rios tipos e modelos de m\u00e1quinas, com os seguintes formatos:  PES \u2013 HUS \u2013 VP3 \u2013 XXX \u2013 JEF \u2013 EXP \u2013 DST .","og_url":"https:\/\/shop.bazarcia.com\/en\/product\/matrizes-de-bordado-safari-novas-versoes-pre-venda\/","og_site_name":"\ud835\udc1b\ud835\udc1a\ud835\udc33\ud835\udc1a\ud835\udc2b &amp; \ud835\udc1c\ud835\udc22\ud835\udc1a","article_publisher":"https:\/\/www.facebook.com\/shopbazarcia","article_modified_time":"2022-09-06T13:28:27+00:00","og_image":[{"width":1080,"height":1080,"url":"https:\/\/shop.bazarcia.com\/wp-content\/uploads\/2022\/08\/matrizes-safari-1.jpg","type":"image\/jpeg"}],"twitter_card":"summary_large_image","schema":{"@context":"https:\/\/schema.org","@graph":[{"@type":"WebPage","@id":"https:\/\/shop.bazarcia.com\/produto\/matrizes-de-bordado-safari-novas-versoes-pre-venda\/","url":"https:\/\/shop.bazarcia.com\/produto\/matrizes-de-bordado-safari-novas-versoes-pre-venda\/","name":"Matrizes de Bordado - Saf\u00e1ri (Novas Vers\u00f5es) - \ud835\udc1b\ud835\udc1a\ud835\udc33\ud835\udc1a\ud835\udc2b &amp; \ud835\udc1c\ud835\udc22\ud835\udc1a","isPartOf":{"@id":"https:\/\/shop.bazarcia.com\/#website"},"primaryImageOfPage":{"@id":"https:\/\/shop.bazarcia.com\/produto\/matrizes-de-bordado-safari-novas-versoes-pre-venda\/#primaryimage"},"image":{"@id":"https:\/\/shop.bazarcia.com\/produto\/matrizes-de-bordado-safari-novas-versoes-pre-venda\/#primaryimage"},"thumbnailUrl":"https:\/\/shop.bazarcia.com\/wp-content\/uploads\/2022\/08\/matrizes-safari-1.jpg","datePublished":"2022-08-21T18:45:54+00:00","dateModified":"2022-09-06T13:28:27+00:00","breadcrumb":{"@id":"https:\/\/shop.bazarcia.com\/produto\/matrizes-de-bordado-safari-novas-versoes-pre-venda\/#breadcrumb"},"inLanguage":"en-US","potentialAction":[{"@type":"ReadAction","target":["https:\/\/shop.bazarcia.com\/produto\/matrizes-de-bordado-safari-novas-versoes-pre-venda\/"]}]},{"@type":"ImageObject","inLanguage":"en-US","@id":"https:\/\/shop.bazarcia.com\/produto\/matrizes-de-bordado-safari-novas-versoes-pre-venda\/#primaryimage","url":"https:\/\/shop.bazarcia.com\/wp-content\/uploads\/2022\/08\/matrizes-safari-1.jpg","contentUrl":"https:\/\/shop.bazarcia.com\/wp-content\/uploads\/2022\/08\/matrizes-safari-1.jpg","width":1080,"height":1080},{"@type":"BreadcrumbList","@id":"https:\/\/shop.bazarcia.com\/produto\/matrizes-de-bordado-safari-novas-versoes-pre-venda\/#breadcrumb","itemListElement":[{"@type":"ListItem","position":1,"name":"In\u00edcio","item":"https:\/\/shop.bazarcia.com\/"},{"@type":"ListItem","position":2,"name":"Loja","item":"https:\/\/shop.bazarcia.com\/loja\/"},{"@type":"ListItem","position":3,"name":"Matrizes de Bordado &#8211; Saf\u00e1ri (Novas Vers\u00f5es)"}]},{"@type":"WebSite","@id":"https:\/\/shop.bazarcia.com\/#website","url":"https:\/\/shop.bazarcia.com\/","name":"Bazar & Cia","description":"criatividade ponto a ponto","publisher":{"@id":"https:\/\/shop.bazarcia.com\/#organization"},"potentialAction":[{"@type":"SearchAction","target":{"@type":"EntryPoint","urlTemplate":"https:\/\/shop.bazarcia.com\/?s={search_term_string}"},"query-input":{"@type":"PropertyValueSpecification","valueRequired":true,"valueName":"search_term_string"}}],"inLanguage":"en-US"},{"@type":"Organization","@id":"https:\/\/shop.bazarcia.com\/#organization","name":"Bazar & Cia","url":"https:\/\/shop.bazarcia.com\/","logo":{"@type":"ImageObject","inLanguage":"en-US","@id":"https:\/\/shop.bazarcia.com\/#\/schema\/logo\/image\/","url":"https:\/\/shop.bazarcia.com\/wp-content\/uploads\/2024\/02\/cropped-logo_bazarcia.png","contentUrl":"https:\/\/shop.bazarcia.com\/wp-content\/uploads\/2024\/02\/cropped-logo_bazarcia.png","width":150,"height":150,"caption":"Bazar & Cia"},"image":{"@id":"https:\/\/shop.bazarcia.com\/#\/schema\/logo\/image\/"},"sameAs":["https:\/\/www.facebook.com\/shopbazarcia","https:\/\/www.instagram.com\/shopbazarcia","https:\/\/br.pinterest.com\/suzane_eloise\/","https:\/\/www.youtube.com\/c\/BazardoBordadoMatrizeseProjetos"]}]}},"_links":{"self":[{"href":"https:\/\/shop.bazarcia.com\/en\/wp-json\/wp\/v2\/product\/181548","targetHints":{"allow":["GET"]}}],"collection":[{"href":"https:\/\/shop.bazarcia.com\/en\/wp-json\/wp\/v2\/product"}],"about":[{"href":"https:\/\/shop.bazarcia.com\/en\/wp-json\/wp\/v2\/types\/product"}],"replies":[{"embeddable":true,"href":"https:\/\/shop.bazarcia.com\/en\/wp-json\/wp\/v2\/comments?post=181548"}],"version-history":[{"count":0,"href":"https:\/\/shop.bazarcia.com\/en\/wp-json\/wp\/v2\/product\/181548\/revisions"}],"wp:featuredmedia":[{"embeddable":true,"href":"https:\/\/shop.bazarcia.com\/en\/wp-json\/wp\/v2\/media\/184065"}],"wp:attachment":[{"href":"https:\/\/shop.bazarcia.com\/en\/wp-json\/wp\/v2\/media?parent=181548"}],"wp:term":[{"taxonomy":"product_brand","embeddable":true,"href":"https:\/\/shop.bazarcia.com\/en\/wp-json\/wp\/v2\/product_brand?post=181548"},{"taxonomy":"product_cat","embeddable":true,"href":"https:\/\/shop.bazarcia.com\/en\/wp-json\/wp\/v2\/product_cat?post=181548"},{"taxonomy":"product_tag","embeddable":true,"href":"https:\/\/shop.bazarcia.com\/en\/wp-json\/wp\/v2\/product_tag?post=181548"}],"curies":[{"name":"wp","href":"https:\/\/api.w.org\/{rel}","templated":true}]}}