{"id":182367,"date":"2022-08-26T14:46:00","date_gmt":"2022-08-26T17:46:00","guid":{"rendered":"https:\/\/shop.bazarcia.com\/produto\/colecao-pontos-de-luz-matriz-bordado-religioso\/"},"modified":"2022-08-26T14:49:19","modified_gmt":"2022-08-26T17:49:19","slug":"colecao-pontos-de-luz-matriz-bordado-religioso","status":"publish","type":"product","link":"https:\/\/shop.bazarcia.com\/en\/product\/colecao-pontos-de-luz-matriz-bordado-religioso\/","title":{"rendered":"Cole\u00e7\u00e3o Pontos de Luz &#8211; Matriz Bordado Religioso"},"content":{"rendered":"<p style=\"margin: 0px;padding: 0px;border: 0px;vertical-align: baseline;background: transparent;font: inherit\"><span style=\"margin: 0px;padding: 0px;border: 0px;vertical-align: baseline;background: transparent;font: inherit\">A Cole\u00e7\u00e3o Pontos de Luz foi planejada inicialmente pensando-se no Jubileu de 300 anos da apari\u00e7\u00e3o da imagem de Nossa Senhora Aparecida no Brasil e na como\u00e7\u00e3o que tomou os crist\u00e3os da na\u00e7\u00e3o que tem a santa como padroeira. Escolhemos a data para celebrar a uni\u00e3o em fam\u00edlia, a paz e dar aos produtinhos das artes\u00e3s um tom de esperan\u00e7a, algo no tema religioso que ofere\u00e7a conforto, paz de esp\u00edrito e f\u00e9.<\/span><\/p>\n<p style=\"margin: 0px;padding: 0px;border: 0px;vertical-align: baseline;background: transparent;font: inherit\"><span style=\"margin: 0px;padding: 0px;border: 0px;vertical-align: baseline;background: transparent;font: inherit\">Montada somente com matrizes de bordado eletr\u00f4nico, a cole\u00e7\u00e3o conta com\u00a0<span style=\"margin: 0px;padding: 0px;border: 0px;vertical-align: baseline;background: transparent;font: inherit\">27 modelos em tamanhos variados, que somam 39 matrizes,\u00a0<\/span>onde encontram-se:<\/span><\/p>\n<ul style=\"margin: 0px 0px 0px 1em;padding: 0px 0px 0px 40px;border: 0px;vertical-align: baseline;background: transparent;font: inherit\">\n<li style=\"margin: 0px;padding: 0px;border: 0px;vertical-align: baseline;background: transparent;font: inherit\"><span style=\"margin: 0px;padding: 0px;border: 0px;vertical-align: baseline;background: transparent;font: inherit\">Matrizes da ora\u00e7\u00e3o Pai Nosso<\/span><\/li>\n<li style=\"margin: 0px;padding: 0px;border: 0px;vertical-align: baseline;background: transparent;font: inherit\"><span style=\"margin: 0px;padding: 0px;border: 0px;vertical-align: baseline;background: transparent;font: inherit\">Matrizes da ora\u00e7\u00e3o Ave Maria<\/span><\/li>\n<li style=\"margin: 0px;padding: 0px;border: 0px;vertical-align: baseline;background: transparent;font: inherit\"><span style=\"margin: 0px;padding: 0px;border: 0px;vertical-align: baseline;background: transparent;font: inherit\">Matriz da ora\u00e7\u00e3o Salve Rainha<\/span><\/li>\n<li style=\"margin: 0px;padding: 0px;border: 0px;vertical-align: baseline;background: transparent;font: inherit\"><span style=\"margin: 0px;padding: 0px;border: 0px;vertical-align: baseline;background: transparent;font: inherit\">Matrizes da ora\u00e7\u00e3o ao Santo Anjo<\/span><\/li>\n<li style=\"margin: 0px;padding: 0px;border: 0px;vertical-align: baseline;background: transparent;font: inherit\"><span style=\"margin: 0px;padding: 0px;border: 0px;vertical-align: baseline;background: transparent;font: inherit\">Imagens estilizadas de Nossa Senhora Aparecida, anjos, rosto de Jesus e Crucifixo com Jesus<\/span><\/li>\n<\/ul>\n<p style=\"margin: 0px;padding: 0px;border: 0px;vertical-align: baseline;background: transparent;font: inherit\"><span style=\"margin: 0px;padding: 0px;border: 0px;vertical-align: baseline;background: transparent;font: inherit\">S\u00e3o matrizes diferenciadas, testadas e finalizadas com os pitacos de artes\u00e3s experientes e parceiras da M\u00e3ozinha Digital.<\/span><\/p>\n<p style=\"margin: 0px;padding: 0px;border: 0px;vertical-align: baseline;background: transparent;font: inherit\"><span style=\"margin: 0px;padding: 0px;border: 0px;vertical-align: baseline;background: transparent;font: inherit\"><span style=\"margin: 0px;padding: 0px;border: 0px;vertical-align: baseline;background: transparent;font: inherit\"><span style=\"margin: 0px;padding: 0px;border: 0px;vertical-align: baseline;background: transparent;font: inherit\"><span style=\"margin: 0px;padding: 0px;border: 0px;vertical-align: baseline;background: transparent;font: inherit\">IMPORTANTE:<\/span>\u00a0<\/span><\/span><span style=\"margin: 0px;padding: 0px;border: 0px;vertical-align: baseline;background: transparent;font: inherit\"><span style=\"margin: 0px;padding: 0px;border: 0px;vertical-align: baseline;background: transparent;font: inherit\">\u00c9 preciso salientar que a venda da cole\u00e7\u00e3o est\u00e1 condicionada ao ACEITE por parte da artes\u00e3 de que ela \u00e9 pra USO PESSOAL. A artes\u00e3 pode usar de sua criatividade usando as matrizes para bordar seus produtos, mas n\u00e3o d\u00e1 a artes\u00e3 o direito de distribuir as matrizes ou mesmo ceder ou revender estes arquivos.<\/span><\/span><\/span><\/p>\n<p style=\"margin: 0px;padding: 0px;border: 0px;vertical-align: baseline;background: transparent;font: inherit\"><span style=\"margin: 0px;padding: 0px 1px 0px 0px;border: 0px;vertical-align: baseline;background: transparent;font: inherit\"><span style=\"margin: 0px;padding: 0px;border: 0px;vertical-align: baseline;background: transparent;font: inherit\">Fotos ilustrativas com sugest\u00f5es de uso.<\/span><\/span><\/p>","protected":false},"excerpt":{"rendered":"<p>A Cole\u00e7\u00e3o Pontos de Luz foi planejada inicialmente pensando-se no Jubileu de 300 anos da apari\u00e7\u00e3o da imagem de Nossa Senhora Aparecida no Brasil e na como\u00e7\u00e3o que tomou os crist\u00e3os da na\u00e7\u00e3o que tem a santa como padroeira.<\/p>","protected":false},"featured_media":182366,"comment_status":"open","ping_status":"closed","template":"","meta":{"_acf_changed":false,"_joinchat":[]},"product_brand":[],"product_cat":[1066,84,311],"product_tag":[1432],"class_list":{"0":"post-182367","1":"product","2":"type-product","3":"status-publish","4":"has-post-thumbnail","6":"product_cat-colecoes-matrizes-de-bordado","7":"product_cat-matrizes-de-bordado","8":"product_cat-religiosos","9":"product_tag-matrizes-de-bordado","11":"first","12":"instock","13":"downloadable","14":"virtual","15":"purchasable","16":"product-type-simple"},"acf":[],"yoast_head":"<!-- This site is optimized with the Yoast SEO plugin v27.2 - https:\/\/yoast.com\/product\/yoast-seo-wordpress\/ -->\n<title>Cole\u00e7\u00e3o Pontos de Luz - Matriz Bordado Religioso - \ud835\udc1b\ud835\udc1a\ud835\udc33\ud835\udc1a\ud835\udc2b &amp; \ud835\udc1c\ud835\udc22\ud835\udc1a<\/title>\n<meta name=\"robots\" content=\"index, follow, max-snippet:-1, max-image-preview:large, max-video-preview:-1\" \/>\n<link rel=\"canonical\" href=\"https:\/\/shop.bazarcia.com\/en\/product\/colecao-pontos-de-luz-matriz-bordado-religioso\/\" \/>\n<meta property=\"og:locale\" content=\"en_US\" \/>\n<meta property=\"og:type\" content=\"article\" \/>\n<meta property=\"og:title\" content=\"Cole\u00e7\u00e3o Pontos de Luz - Matriz Bordado Religioso - \ud835\udc1b\ud835\udc1a\ud835\udc33\ud835\udc1a\ud835\udc2b &amp; \ud835\udc1c\ud835\udc22\ud835\udc1a\" \/>\n<meta property=\"og:description\" content=\"A Cole\u00e7\u00e3o Pontos de Luz foi planejada inicialmente pensando-se no Jubileu de 300 anos da apari\u00e7\u00e3o da imagem de Nossa Senhora Aparecida no Brasil e na como\u00e7\u00e3o que tomou os crist\u00e3os da na\u00e7\u00e3o que tem a santa como padroeira.\" \/>\n<meta property=\"og:url\" content=\"https:\/\/shop.bazarcia.com\/en\/product\/colecao-pontos-de-luz-matriz-bordado-religioso\/\" \/>\n<meta property=\"og:site_name\" content=\"\ud835\udc1b\ud835\udc1a\ud835\udc33\ud835\udc1a\ud835\udc2b &amp; \ud835\udc1c\ud835\udc22\ud835\udc1a\" \/>\n<meta property=\"article:publisher\" content=\"https:\/\/www.facebook.com\/shopbazarcia\" \/>\n<meta property=\"article:modified_time\" content=\"2022-08-26T17:49:19+00:00\" \/>\n<meta property=\"og:image\" content=\"https:\/\/shop.bazarcia.com\/wp-content\/uploads\/2022\/08\/Nayara.jpg\" \/>\n\t<meta property=\"og:image:width\" content=\"546\" \/>\n\t<meta property=\"og:image:height\" content=\"561\" \/>\n\t<meta property=\"og:image:type\" content=\"image\/jpeg\" \/>\n<meta name=\"twitter:card\" content=\"summary_large_image\" \/>\n<meta name=\"twitter:label1\" content=\"Est. reading time\" \/>\n\t<meta name=\"twitter:data1\" content=\"1 minute\" \/>\n<script type=\"application\/ld+json\" class=\"yoast-schema-graph\">{\"@context\":\"https:\/\/schema.org\",\"@graph\":[{\"@type\":\"WebPage\",\"@id\":\"https:\/\/shop.bazarcia.com\/produto\/colecao-pontos-de-luz-matriz-bordado-religioso\/\",\"url\":\"https:\/\/shop.bazarcia.com\/produto\/colecao-pontos-de-luz-matriz-bordado-religioso\/\",\"name\":\"Cole\u00e7\u00e3o Pontos de Luz - Matriz Bordado Religioso - \ud835\udc1b\ud835\udc1a\ud835\udc33\ud835\udc1a\ud835\udc2b &amp; \ud835\udc1c\ud835\udc22\ud835\udc1a\",\"isPartOf\":{\"@id\":\"https:\/\/shop.bazarcia.com\/#website\"},\"primaryImageOfPage\":{\"@id\":\"https:\/\/shop.bazarcia.com\/produto\/colecao-pontos-de-luz-matriz-bordado-religioso\/#primaryimage\"},\"image\":{\"@id\":\"https:\/\/shop.bazarcia.com\/produto\/colecao-pontos-de-luz-matriz-bordado-religioso\/#primaryimage\"},\"thumbnailUrl\":\"https:\/\/shop.bazarcia.com\/wp-content\/uploads\/2022\/08\/Nayara.jpg\",\"datePublished\":\"2022-08-26T17:46:00+00:00\",\"dateModified\":\"2022-08-26T17:49:19+00:00\",\"breadcrumb\":{\"@id\":\"https:\/\/shop.bazarcia.com\/produto\/colecao-pontos-de-luz-matriz-bordado-religioso\/#breadcrumb\"},\"inLanguage\":\"en-US\",\"potentialAction\":[{\"@type\":\"ReadAction\",\"target\":[\"https:\/\/shop.bazarcia.com\/produto\/colecao-pontos-de-luz-matriz-bordado-religioso\/\"]}]},{\"@type\":\"ImageObject\",\"inLanguage\":\"en-US\",\"@id\":\"https:\/\/shop.bazarcia.com\/produto\/colecao-pontos-de-luz-matriz-bordado-religioso\/#primaryimage\",\"url\":\"https:\/\/shop.bazarcia.com\/wp-content\/uploads\/2022\/08\/Nayara.jpg\",\"contentUrl\":\"https:\/\/shop.bazarcia.com\/wp-content\/uploads\/2022\/08\/Nayara.jpg\",\"width\":546,\"height\":561},{\"@type\":\"BreadcrumbList\",\"@id\":\"https:\/\/shop.bazarcia.com\/produto\/colecao-pontos-de-luz-matriz-bordado-religioso\/#breadcrumb\",\"itemListElement\":[{\"@type\":\"ListItem\",\"position\":1,\"name\":\"In\u00edcio\",\"item\":\"https:\/\/shop.bazarcia.com\/\"},{\"@type\":\"ListItem\",\"position\":2,\"name\":\"Loja\",\"item\":\"https:\/\/shop.bazarcia.com\/loja\/\"},{\"@type\":\"ListItem\",\"position\":3,\"name\":\"Cole\u00e7\u00e3o Pontos de Luz &#8211; Matriz Bordado Religioso\"}]},{\"@type\":\"WebSite\",\"@id\":\"https:\/\/shop.bazarcia.com\/#website\",\"url\":\"https:\/\/shop.bazarcia.com\/\",\"name\":\"Bazar & Cia\",\"description\":\"criatividade ponto a ponto\",\"publisher\":{\"@id\":\"https:\/\/shop.bazarcia.com\/#organization\"},\"potentialAction\":[{\"@type\":\"SearchAction\",\"target\":{\"@type\":\"EntryPoint\",\"urlTemplate\":\"https:\/\/shop.bazarcia.com\/?s={search_term_string}\"},\"query-input\":{\"@type\":\"PropertyValueSpecification\",\"valueRequired\":true,\"valueName\":\"search_term_string\"}}],\"inLanguage\":\"en-US\"},{\"@type\":\"Organization\",\"@id\":\"https:\/\/shop.bazarcia.com\/#organization\",\"name\":\"Bazar & Cia\",\"url\":\"https:\/\/shop.bazarcia.com\/\",\"logo\":{\"@type\":\"ImageObject\",\"inLanguage\":\"en-US\",\"@id\":\"https:\/\/shop.bazarcia.com\/#\/schema\/logo\/image\/\",\"url\":\"https:\/\/shop.bazarcia.com\/wp-content\/uploads\/2024\/02\/cropped-logo_bazarcia.png\",\"contentUrl\":\"https:\/\/shop.bazarcia.com\/wp-content\/uploads\/2024\/02\/cropped-logo_bazarcia.png\",\"width\":150,\"height\":150,\"caption\":\"Bazar & Cia\"},\"image\":{\"@id\":\"https:\/\/shop.bazarcia.com\/#\/schema\/logo\/image\/\"},\"sameAs\":[\"https:\/\/www.facebook.com\/shopbazarcia\",\"https:\/\/www.instagram.com\/shopbazarcia\",\"https:\/\/br.pinterest.com\/suzane_eloise\/\",\"https:\/\/www.youtube.com\/c\/BazardoBordadoMatrizeseProjetos\"]}]}<\/script>\n<!-- \/ Yoast SEO plugin. -->","yoast_head_json":{"title":"Cole\u00e7\u00e3o Pontos de Luz - Matriz Bordado Religioso - \ud835\udc1b\ud835\udc1a\ud835\udc33\ud835\udc1a\ud835\udc2b &amp; \ud835\udc1c\ud835\udc22\ud835\udc1a","robots":{"index":"index","follow":"follow","max-snippet":"max-snippet:-1","max-image-preview":"max-image-preview:large","max-video-preview":"max-video-preview:-1"},"canonical":"https:\/\/shop.bazarcia.com\/en\/product\/colecao-pontos-de-luz-matriz-bordado-religioso\/","og_locale":"en_US","og_type":"article","og_title":"Cole\u00e7\u00e3o Pontos de Luz - Matriz Bordado Religioso - \ud835\udc1b\ud835\udc1a\ud835\udc33\ud835\udc1a\ud835\udc2b &amp; \ud835\udc1c\ud835\udc22\ud835\udc1a","og_description":"A Cole\u00e7\u00e3o Pontos de Luz foi planejada inicialmente pensando-se no Jubileu de 300 anos da apari\u00e7\u00e3o da imagem de Nossa Senhora Aparecida no Brasil e na como\u00e7\u00e3o que tomou os crist\u00e3os da na\u00e7\u00e3o que tem a santa como padroeira.","og_url":"https:\/\/shop.bazarcia.com\/en\/product\/colecao-pontos-de-luz-matriz-bordado-religioso\/","og_site_name":"\ud835\udc1b\ud835\udc1a\ud835\udc33\ud835\udc1a\ud835\udc2b &amp; \ud835\udc1c\ud835\udc22\ud835\udc1a","article_publisher":"https:\/\/www.facebook.com\/shopbazarcia","article_modified_time":"2022-08-26T17:49:19+00:00","og_image":[{"width":546,"height":561,"url":"https:\/\/shop.bazarcia.com\/wp-content\/uploads\/2022\/08\/Nayara.jpg","type":"image\/jpeg"}],"twitter_card":"summary_large_image","twitter_misc":{"Est. reading time":"1 minute"},"schema":{"@context":"https:\/\/schema.org","@graph":[{"@type":"WebPage","@id":"https:\/\/shop.bazarcia.com\/produto\/colecao-pontos-de-luz-matriz-bordado-religioso\/","url":"https:\/\/shop.bazarcia.com\/produto\/colecao-pontos-de-luz-matriz-bordado-religioso\/","name":"Cole\u00e7\u00e3o Pontos de Luz - Matriz Bordado Religioso - \ud835\udc1b\ud835\udc1a\ud835\udc33\ud835\udc1a\ud835\udc2b &amp; \ud835\udc1c\ud835\udc22\ud835\udc1a","isPartOf":{"@id":"https:\/\/shop.bazarcia.com\/#website"},"primaryImageOfPage":{"@id":"https:\/\/shop.bazarcia.com\/produto\/colecao-pontos-de-luz-matriz-bordado-religioso\/#primaryimage"},"image":{"@id":"https:\/\/shop.bazarcia.com\/produto\/colecao-pontos-de-luz-matriz-bordado-religioso\/#primaryimage"},"thumbnailUrl":"https:\/\/shop.bazarcia.com\/wp-content\/uploads\/2022\/08\/Nayara.jpg","datePublished":"2022-08-26T17:46:00+00:00","dateModified":"2022-08-26T17:49:19+00:00","breadcrumb":{"@id":"https:\/\/shop.bazarcia.com\/produto\/colecao-pontos-de-luz-matriz-bordado-religioso\/#breadcrumb"},"inLanguage":"en-US","potentialAction":[{"@type":"ReadAction","target":["https:\/\/shop.bazarcia.com\/produto\/colecao-pontos-de-luz-matriz-bordado-religioso\/"]}]},{"@type":"ImageObject","inLanguage":"en-US","@id":"https:\/\/shop.bazarcia.com\/produto\/colecao-pontos-de-luz-matriz-bordado-religioso\/#primaryimage","url":"https:\/\/shop.bazarcia.com\/wp-content\/uploads\/2022\/08\/Nayara.jpg","contentUrl":"https:\/\/shop.bazarcia.com\/wp-content\/uploads\/2022\/08\/Nayara.jpg","width":546,"height":561},{"@type":"BreadcrumbList","@id":"https:\/\/shop.bazarcia.com\/produto\/colecao-pontos-de-luz-matriz-bordado-religioso\/#breadcrumb","itemListElement":[{"@type":"ListItem","position":1,"name":"In\u00edcio","item":"https:\/\/shop.bazarcia.com\/"},{"@type":"ListItem","position":2,"name":"Loja","item":"https:\/\/shop.bazarcia.com\/loja\/"},{"@type":"ListItem","position":3,"name":"Cole\u00e7\u00e3o Pontos de Luz &#8211; Matriz Bordado Religioso"}]},{"@type":"WebSite","@id":"https:\/\/shop.bazarcia.com\/#website","url":"https:\/\/shop.bazarcia.com\/","name":"Bazar & Cia","description":"criatividade ponto a ponto","publisher":{"@id":"https:\/\/shop.bazarcia.com\/#organization"},"potentialAction":[{"@type":"SearchAction","target":{"@type":"EntryPoint","urlTemplate":"https:\/\/shop.bazarcia.com\/?s={search_term_string}"},"query-input":{"@type":"PropertyValueSpecification","valueRequired":true,"valueName":"search_term_string"}}],"inLanguage":"en-US"},{"@type":"Organization","@id":"https:\/\/shop.bazarcia.com\/#organization","name":"Bazar & Cia","url":"https:\/\/shop.bazarcia.com\/","logo":{"@type":"ImageObject","inLanguage":"en-US","@id":"https:\/\/shop.bazarcia.com\/#\/schema\/logo\/image\/","url":"https:\/\/shop.bazarcia.com\/wp-content\/uploads\/2024\/02\/cropped-logo_bazarcia.png","contentUrl":"https:\/\/shop.bazarcia.com\/wp-content\/uploads\/2024\/02\/cropped-logo_bazarcia.png","width":150,"height":150,"caption":"Bazar & Cia"},"image":{"@id":"https:\/\/shop.bazarcia.com\/#\/schema\/logo\/image\/"},"sameAs":["https:\/\/www.facebook.com\/shopbazarcia","https:\/\/www.instagram.com\/shopbazarcia","https:\/\/br.pinterest.com\/suzane_eloise\/","https:\/\/www.youtube.com\/c\/BazardoBordadoMatrizeseProjetos"]}]}},"_links":{"self":[{"href":"https:\/\/shop.bazarcia.com\/en\/wp-json\/wp\/v2\/product\/182367","targetHints":{"allow":["GET"]}}],"collection":[{"href":"https:\/\/shop.bazarcia.com\/en\/wp-json\/wp\/v2\/product"}],"about":[{"href":"https:\/\/shop.bazarcia.com\/en\/wp-json\/wp\/v2\/types\/product"}],"replies":[{"embeddable":true,"href":"https:\/\/shop.bazarcia.com\/en\/wp-json\/wp\/v2\/comments?post=182367"}],"version-history":[{"count":0,"href":"https:\/\/shop.bazarcia.com\/en\/wp-json\/wp\/v2\/product\/182367\/revisions"}],"wp:featuredmedia":[{"embeddable":true,"href":"https:\/\/shop.bazarcia.com\/en\/wp-json\/wp\/v2\/media\/182366"}],"wp:attachment":[{"href":"https:\/\/shop.bazarcia.com\/en\/wp-json\/wp\/v2\/media?parent=182367"}],"wp:term":[{"taxonomy":"product_brand","embeddable":true,"href":"https:\/\/shop.bazarcia.com\/en\/wp-json\/wp\/v2\/product_brand?post=182367"},{"taxonomy":"product_cat","embeddable":true,"href":"https:\/\/shop.bazarcia.com\/en\/wp-json\/wp\/v2\/product_cat?post=182367"},{"taxonomy":"product_tag","embeddable":true,"href":"https:\/\/shop.bazarcia.com\/en\/wp-json\/wp\/v2\/product_tag?post=182367"}],"curies":[{"name":"wp","href":"https:\/\/api.w.org\/{rel}","templated":true}]}}