{"id":182397,"date":"2022-08-26T14:52:50","date_gmt":"2022-08-26T17:52:50","guid":{"rendered":"https:\/\/shop.bazarcia.com\/produto\/semaninha-mimosa-colecao-matrizes-em-ponto-cruz\/"},"modified":"2022-08-26T14:55:35","modified_gmt":"2022-08-26T17:55:35","slug":"semaninha-mimosa-colecao-matrizes-em-ponto-cruz","status":"publish","type":"product","link":"https:\/\/shop.bazarcia.com\/en\/product\/semaninha-mimosa-colecao-matrizes-em-ponto-cruz\/","title":{"rendered":"Semaninha Mimosa &#8211; Cole\u00e7\u00e3o Matrizes em Ponto Cruz"},"content":{"rendered":"<p style=\"margin: 0px;padding: 0px;border: 0px;vertical-align: baseline;background: transparent;font: inherit\">Seja bem vindo ao mundo dos bordados mimosos para cozinha MUUUUUUUUUUU<\/p>\n<p style=\"margin: 0px;padding: 0px;border: 0px;vertical-align: baseline;background: transparent;font: inherit\">Apresentamos a SEMANINHA MIMOSA com\u00a0<span style=\"margin: 0px;padding: 0px;border: 0px;vertical-align: baseline;background: transparent;font: inherit\">35 matrizes de bordado eletr\u00f4nico<\/span>\u00a0em PONTO CRUZ.<\/p>\n<p style=\"margin: 0px;padding: 0px;border: 0px;vertical-align: baseline;background: transparent;font: inherit\">Garantia de sucesso com as apaixonadas pelo artesanato.<\/p>\n<p style=\"margin: 0px;padding: 0px;border: 0px;vertical-align: baseline;background: transparent;font: inherit\">Cozinha = Semaninha = Vaquinha S2<\/p>\n<p style=\"margin: 0px;padding: 0px;border: 0px;vertical-align: baseline;background: transparent;font: inherit\">A cole\u00e7\u00e3o foi toda montada em PONTO CRUZ, conta com:<\/p>\n<ul style=\"margin: 0px 0px 0px 1em;padding: 0px 0px 0px 40px;border: 0px;vertical-align: baseline;background: transparent;font: inherit\">\n<li style=\"margin: 0px;padding: 0px;border: 0px;vertical-align: baseline;background: transparent;font: inherit\">7 modelos de vaquinhas &#8211; at\u00e9 10cm<\/li>\n<li style=\"margin: 0px;padding: 0px;border: 0px;vertical-align: baseline;background: transparent;font: inherit\">7 Dias da Semana Modelo 1 &#8211; at\u00e9 18cm<\/li>\n<li style=\"margin: 0px;padding: 0px;border: 0px;vertical-align: baseline;background: transparent;font: inherit\">7 Dias da Semana Modelo 2 &#8211; at\u00e9 15cm<\/li>\n<li style=\"margin: 0px;padding: 0px;border: 0px;vertical-align: baseline;background: transparent;font: inherit\">Semaninha montada &#8211; Modelo 1 &#8211; at\u00e9 18cm<\/li>\n<li style=\"margin: 0px;padding: 0px;border: 0px;vertical-align: baseline;background: transparent;font: inherit\">Semaninha montada &#8211; Modelo 2 &#8211; at\u00e9 14cm<\/li>\n<li style=\"margin: 0px;padding: 0px;border: 0px;vertical-align: baseline;background: transparent;font: inherit\">Total de 35 Matrizes no total<\/li>\n<\/ul>\n<p style=\"margin: 0px;padding: 0px;border: 0px;vertical-align: baseline;background: transparent;font: inherit\">Semaninha \u00e9 o nome dado ao conjunto de 7 panos de prato, cada qual personalizado com o nome do dia da semana.<\/p>\n<p style=\"margin: 0px;padding: 0px;border: 0px;vertical-align: baseline;background: transparent;font: inherit\"><span style=\"margin: 0px;padding: 0px;border: 0px;vertical-align: baseline;background: transparent;font: inherit\">S\u00e3o matrizes diferenciadas, testadas e finalizadas com os pitacos de artes\u00e3s experientes e parceiras da M\u00e3ozinha Digital.<\/span><\/p>\n<p style=\"margin: 0px;padding: 0px;border: 0px;vertical-align: baseline;background: transparent;font: inherit\"><span style=\"margin: 0px;padding: 0px;border: 0px;vertical-align: baseline;background: transparent;font: inherit\"><span style=\"margin: 0px;padding: 0px;border: 0px;vertical-align: baseline;background: transparent;font: inherit\"><span style=\"margin: 0px;padding: 0px;border: 0px;vertical-align: baseline;background: transparent;font: inherit\"><span style=\"margin: 0px;padding: 0px;border: 0px;vertical-align: baseline;background: transparent;font: inherit\">IMPORTANTE:\u00a0<\/span><\/span><\/span><span style=\"margin: 0px;padding: 0px 1px 0px 0px;border: 0px;vertical-align: baseline;background: transparent;font: inherit\"><span style=\"margin: 0px;padding: 0px;border: 0px;vertical-align: baseline;background: transparent;font: inherit\"><span style=\"margin: 0px;padding: 0px;border: 0px;vertical-align: baseline;background: transparent;font: inherit\">\u00c9 preciso salientar que a venda da cole\u00e7\u00e3o est\u00e1 condicionada ao ACEITE por parte da artes\u00e3 de que ela \u00e9 pra USO PESSOAL. A artes\u00e3 pode usar de sua criatividade usando as matrizes para bordar seus produtos, mas n\u00e3o d\u00e1 a artes\u00e3 o direito de distribuir as matrizes ou mesmo ceder ou revender estes arquivos.<\/span><\/span><\/span><\/span><\/p>\n<p style=\"margin: 0px;padding: 0px;border: 0px;vertical-align: baseline;background: transparent;font: inherit\"><span style=\"margin: 0px;padding: 0px;border: 0px;vertical-align: baseline;background: transparent;font: inherit\">Fotos ilustrativas com sugest\u00f5es de uso.<\/span><\/p>","protected":false},"excerpt":{"rendered":"<p>Seja bem vindo ao mundo dos bordados mimosos para cozinha MUUUUUUUUUUU<br \/>\nApresentamos a SEMANINHA MIMOSA com 35 matrizes de bordado eletr\u00f4nico em PONTO CRUZ.<\/p>","protected":false},"featured_media":182391,"comment_status":"open","ping_status":"closed","template":"","meta":{"_acf_changed":false,"_joinchat":[]},"product_brand":[],"product_cat":[1066,84,1188],"product_tag":[],"class_list":{"0":"post-182397","1":"product","2":"type-product","3":"status-publish","4":"has-post-thumbnail","6":"product_cat-colecoes-matrizes-de-bordado","7":"product_cat-matrizes-de-bordado","8":"product_cat-semaninha","10":"first","11":"instock","12":"downloadable","13":"virtual","14":"purchasable","15":"product-type-simple"},"acf":[],"yoast_head":"<!-- This site is optimized with the Yoast SEO plugin v27.2 - https:\/\/yoast.com\/product\/yoast-seo-wordpress\/ -->\n<title>Semaninha Mimosa - Cole\u00e7\u00e3o Matrizes em Ponto Cruz - \ud835\udc1b\ud835\udc1a\ud835\udc33\ud835\udc1a\ud835\udc2b &amp; \ud835\udc1c\ud835\udc22\ud835\udc1a<\/title>\n<meta name=\"robots\" content=\"index, follow, max-snippet:-1, max-image-preview:large, max-video-preview:-1\" \/>\n<link rel=\"canonical\" href=\"https:\/\/shop.bazarcia.com\/en\/product\/semaninha-mimosa-colecao-matrizes-em-ponto-cruz\/\" \/>\n<meta property=\"og:locale\" content=\"en_US\" \/>\n<meta property=\"og:type\" content=\"article\" \/>\n<meta property=\"og:title\" content=\"Semaninha Mimosa - Cole\u00e7\u00e3o Matrizes em Ponto Cruz - \ud835\udc1b\ud835\udc1a\ud835\udc33\ud835\udc1a\ud835\udc2b &amp; \ud835\udc1c\ud835\udc22\ud835\udc1a\" \/>\n<meta property=\"og:description\" content=\"Seja bem vindo ao mundo dos bordados mimosos para cozinha MUUUUUUUUUUU Apresentamos a SEMANINHA MIMOSA com 35 matrizes de bordado eletr\u00f4nico em PONTO CRUZ.\" \/>\n<meta property=\"og:url\" content=\"https:\/\/shop.bazarcia.com\/en\/product\/semaninha-mimosa-colecao-matrizes-em-ponto-cruz\/\" \/>\n<meta property=\"og:site_name\" content=\"\ud835\udc1b\ud835\udc1a\ud835\udc33\ud835\udc1a\ud835\udc2b &amp; \ud835\udc1c\ud835\udc22\ud835\udc1a\" \/>\n<meta property=\"article:publisher\" content=\"https:\/\/www.facebook.com\/shopbazarcia\" \/>\n<meta property=\"article:modified_time\" content=\"2022-08-26T17:55:35+00:00\" \/>\n<meta property=\"og:image\" content=\"https:\/\/shop.bazarcia.com\/wp-content\/uploads\/2022\/08\/Semaninha-Mimosa-MaozinhaDigital-1.jpg\" \/>\n\t<meta property=\"og:image:width\" content=\"960\" \/>\n\t<meta property=\"og:image:height\" content=\"563\" \/>\n\t<meta property=\"og:image:type\" content=\"image\/jpeg\" \/>\n<meta name=\"twitter:card\" content=\"summary_large_image\" \/>\n<meta name=\"twitter:label1\" content=\"Est. reading time\" \/>\n\t<meta name=\"twitter:data1\" content=\"1 minute\" \/>\n<script type=\"application\/ld+json\" class=\"yoast-schema-graph\">{\"@context\":\"https:\/\/schema.org\",\"@graph\":[{\"@type\":\"WebPage\",\"@id\":\"https:\/\/shop.bazarcia.com\/produto\/semaninha-mimosa-colecao-matrizes-em-ponto-cruz\/\",\"url\":\"https:\/\/shop.bazarcia.com\/produto\/semaninha-mimosa-colecao-matrizes-em-ponto-cruz\/\",\"name\":\"Semaninha Mimosa - Cole\u00e7\u00e3o Matrizes em Ponto Cruz - \ud835\udc1b\ud835\udc1a\ud835\udc33\ud835\udc1a\ud835\udc2b &amp; \ud835\udc1c\ud835\udc22\ud835\udc1a\",\"isPartOf\":{\"@id\":\"https:\/\/shop.bazarcia.com\/#website\"},\"primaryImageOfPage\":{\"@id\":\"https:\/\/shop.bazarcia.com\/produto\/semaninha-mimosa-colecao-matrizes-em-ponto-cruz\/#primaryimage\"},\"image\":{\"@id\":\"https:\/\/shop.bazarcia.com\/produto\/semaninha-mimosa-colecao-matrizes-em-ponto-cruz\/#primaryimage\"},\"thumbnailUrl\":\"https:\/\/shop.bazarcia.com\/wp-content\/uploads\/2022\/08\/Semaninha-Mimosa-MaozinhaDigital-1.jpg\",\"datePublished\":\"2022-08-26T17:52:50+00:00\",\"dateModified\":\"2022-08-26T17:55:35+00:00\",\"breadcrumb\":{\"@id\":\"https:\/\/shop.bazarcia.com\/produto\/semaninha-mimosa-colecao-matrizes-em-ponto-cruz\/#breadcrumb\"},\"inLanguage\":\"en-US\",\"potentialAction\":[{\"@type\":\"ReadAction\",\"target\":[\"https:\/\/shop.bazarcia.com\/produto\/semaninha-mimosa-colecao-matrizes-em-ponto-cruz\/\"]}]},{\"@type\":\"ImageObject\",\"inLanguage\":\"en-US\",\"@id\":\"https:\/\/shop.bazarcia.com\/produto\/semaninha-mimosa-colecao-matrizes-em-ponto-cruz\/#primaryimage\",\"url\":\"https:\/\/shop.bazarcia.com\/wp-content\/uploads\/2022\/08\/Semaninha-Mimosa-MaozinhaDigital-1.jpg\",\"contentUrl\":\"https:\/\/shop.bazarcia.com\/wp-content\/uploads\/2022\/08\/Semaninha-Mimosa-MaozinhaDigital-1.jpg\",\"width\":960,\"height\":563},{\"@type\":\"BreadcrumbList\",\"@id\":\"https:\/\/shop.bazarcia.com\/produto\/semaninha-mimosa-colecao-matrizes-em-ponto-cruz\/#breadcrumb\",\"itemListElement\":[{\"@type\":\"ListItem\",\"position\":1,\"name\":\"In\u00edcio\",\"item\":\"https:\/\/shop.bazarcia.com\/\"},{\"@type\":\"ListItem\",\"position\":2,\"name\":\"Loja\",\"item\":\"https:\/\/shop.bazarcia.com\/loja\/\"},{\"@type\":\"ListItem\",\"position\":3,\"name\":\"Semaninha Mimosa &#8211; Cole\u00e7\u00e3o Matrizes em Ponto Cruz\"}]},{\"@type\":\"WebSite\",\"@id\":\"https:\/\/shop.bazarcia.com\/#website\",\"url\":\"https:\/\/shop.bazarcia.com\/\",\"name\":\"Bazar & Cia\",\"description\":\"criatividade ponto a ponto\",\"publisher\":{\"@id\":\"https:\/\/shop.bazarcia.com\/#organization\"},\"potentialAction\":[{\"@type\":\"SearchAction\",\"target\":{\"@type\":\"EntryPoint\",\"urlTemplate\":\"https:\/\/shop.bazarcia.com\/?s={search_term_string}\"},\"query-input\":{\"@type\":\"PropertyValueSpecification\",\"valueRequired\":true,\"valueName\":\"search_term_string\"}}],\"inLanguage\":\"en-US\"},{\"@type\":\"Organization\",\"@id\":\"https:\/\/shop.bazarcia.com\/#organization\",\"name\":\"Bazar & Cia\",\"url\":\"https:\/\/shop.bazarcia.com\/\",\"logo\":{\"@type\":\"ImageObject\",\"inLanguage\":\"en-US\",\"@id\":\"https:\/\/shop.bazarcia.com\/#\/schema\/logo\/image\/\",\"url\":\"https:\/\/shop.bazarcia.com\/wp-content\/uploads\/2024\/02\/cropped-logo_bazarcia.png\",\"contentUrl\":\"https:\/\/shop.bazarcia.com\/wp-content\/uploads\/2024\/02\/cropped-logo_bazarcia.png\",\"width\":150,\"height\":150,\"caption\":\"Bazar & Cia\"},\"image\":{\"@id\":\"https:\/\/shop.bazarcia.com\/#\/schema\/logo\/image\/\"},\"sameAs\":[\"https:\/\/www.facebook.com\/shopbazarcia\",\"https:\/\/www.instagram.com\/shopbazarcia\",\"https:\/\/br.pinterest.com\/suzane_eloise\/\",\"https:\/\/www.youtube.com\/c\/BazardoBordadoMatrizeseProjetos\"]}]}<\/script>\n<!-- \/ Yoast SEO plugin. -->","yoast_head_json":{"title":"Semaninha Mimosa - Cole\u00e7\u00e3o Matrizes em Ponto Cruz - \ud835\udc1b\ud835\udc1a\ud835\udc33\ud835\udc1a\ud835\udc2b &amp; \ud835\udc1c\ud835\udc22\ud835\udc1a","robots":{"index":"index","follow":"follow","max-snippet":"max-snippet:-1","max-image-preview":"max-image-preview:large","max-video-preview":"max-video-preview:-1"},"canonical":"https:\/\/shop.bazarcia.com\/en\/product\/semaninha-mimosa-colecao-matrizes-em-ponto-cruz\/","og_locale":"en_US","og_type":"article","og_title":"Semaninha Mimosa - Cole\u00e7\u00e3o Matrizes em Ponto Cruz - \ud835\udc1b\ud835\udc1a\ud835\udc33\ud835\udc1a\ud835\udc2b &amp; \ud835\udc1c\ud835\udc22\ud835\udc1a","og_description":"Seja bem vindo ao mundo dos bordados mimosos para cozinha MUUUUUUUUUUU Apresentamos a SEMANINHA MIMOSA com 35 matrizes de bordado eletr\u00f4nico em PONTO CRUZ.","og_url":"https:\/\/shop.bazarcia.com\/en\/product\/semaninha-mimosa-colecao-matrizes-em-ponto-cruz\/","og_site_name":"\ud835\udc1b\ud835\udc1a\ud835\udc33\ud835\udc1a\ud835\udc2b &amp; \ud835\udc1c\ud835\udc22\ud835\udc1a","article_publisher":"https:\/\/www.facebook.com\/shopbazarcia","article_modified_time":"2022-08-26T17:55:35+00:00","og_image":[{"width":960,"height":563,"url":"https:\/\/shop.bazarcia.com\/wp-content\/uploads\/2022\/08\/Semaninha-Mimosa-MaozinhaDigital-1.jpg","type":"image\/jpeg"}],"twitter_card":"summary_large_image","twitter_misc":{"Est. reading time":"1 minute"},"schema":{"@context":"https:\/\/schema.org","@graph":[{"@type":"WebPage","@id":"https:\/\/shop.bazarcia.com\/produto\/semaninha-mimosa-colecao-matrizes-em-ponto-cruz\/","url":"https:\/\/shop.bazarcia.com\/produto\/semaninha-mimosa-colecao-matrizes-em-ponto-cruz\/","name":"Semaninha Mimosa - Cole\u00e7\u00e3o Matrizes em Ponto Cruz - \ud835\udc1b\ud835\udc1a\ud835\udc33\ud835\udc1a\ud835\udc2b &amp; \ud835\udc1c\ud835\udc22\ud835\udc1a","isPartOf":{"@id":"https:\/\/shop.bazarcia.com\/#website"},"primaryImageOfPage":{"@id":"https:\/\/shop.bazarcia.com\/produto\/semaninha-mimosa-colecao-matrizes-em-ponto-cruz\/#primaryimage"},"image":{"@id":"https:\/\/shop.bazarcia.com\/produto\/semaninha-mimosa-colecao-matrizes-em-ponto-cruz\/#primaryimage"},"thumbnailUrl":"https:\/\/shop.bazarcia.com\/wp-content\/uploads\/2022\/08\/Semaninha-Mimosa-MaozinhaDigital-1.jpg","datePublished":"2022-08-26T17:52:50+00:00","dateModified":"2022-08-26T17:55:35+00:00","breadcrumb":{"@id":"https:\/\/shop.bazarcia.com\/produto\/semaninha-mimosa-colecao-matrizes-em-ponto-cruz\/#breadcrumb"},"inLanguage":"en-US","potentialAction":[{"@type":"ReadAction","target":["https:\/\/shop.bazarcia.com\/produto\/semaninha-mimosa-colecao-matrizes-em-ponto-cruz\/"]}]},{"@type":"ImageObject","inLanguage":"en-US","@id":"https:\/\/shop.bazarcia.com\/produto\/semaninha-mimosa-colecao-matrizes-em-ponto-cruz\/#primaryimage","url":"https:\/\/shop.bazarcia.com\/wp-content\/uploads\/2022\/08\/Semaninha-Mimosa-MaozinhaDigital-1.jpg","contentUrl":"https:\/\/shop.bazarcia.com\/wp-content\/uploads\/2022\/08\/Semaninha-Mimosa-MaozinhaDigital-1.jpg","width":960,"height":563},{"@type":"BreadcrumbList","@id":"https:\/\/shop.bazarcia.com\/produto\/semaninha-mimosa-colecao-matrizes-em-ponto-cruz\/#breadcrumb","itemListElement":[{"@type":"ListItem","position":1,"name":"In\u00edcio","item":"https:\/\/shop.bazarcia.com\/"},{"@type":"ListItem","position":2,"name":"Loja","item":"https:\/\/shop.bazarcia.com\/loja\/"},{"@type":"ListItem","position":3,"name":"Semaninha Mimosa &#8211; Cole\u00e7\u00e3o Matrizes em Ponto Cruz"}]},{"@type":"WebSite","@id":"https:\/\/shop.bazarcia.com\/#website","url":"https:\/\/shop.bazarcia.com\/","name":"Bazar & Cia","description":"criatividade ponto a ponto","publisher":{"@id":"https:\/\/shop.bazarcia.com\/#organization"},"potentialAction":[{"@type":"SearchAction","target":{"@type":"EntryPoint","urlTemplate":"https:\/\/shop.bazarcia.com\/?s={search_term_string}"},"query-input":{"@type":"PropertyValueSpecification","valueRequired":true,"valueName":"search_term_string"}}],"inLanguage":"en-US"},{"@type":"Organization","@id":"https:\/\/shop.bazarcia.com\/#organization","name":"Bazar & Cia","url":"https:\/\/shop.bazarcia.com\/","logo":{"@type":"ImageObject","inLanguage":"en-US","@id":"https:\/\/shop.bazarcia.com\/#\/schema\/logo\/image\/","url":"https:\/\/shop.bazarcia.com\/wp-content\/uploads\/2024\/02\/cropped-logo_bazarcia.png","contentUrl":"https:\/\/shop.bazarcia.com\/wp-content\/uploads\/2024\/02\/cropped-logo_bazarcia.png","width":150,"height":150,"caption":"Bazar & Cia"},"image":{"@id":"https:\/\/shop.bazarcia.com\/#\/schema\/logo\/image\/"},"sameAs":["https:\/\/www.facebook.com\/shopbazarcia","https:\/\/www.instagram.com\/shopbazarcia","https:\/\/br.pinterest.com\/suzane_eloise\/","https:\/\/www.youtube.com\/c\/BazardoBordadoMatrizeseProjetos"]}]}},"_links":{"self":[{"href":"https:\/\/shop.bazarcia.com\/en\/wp-json\/wp\/v2\/product\/182397","targetHints":{"allow":["GET"]}}],"collection":[{"href":"https:\/\/shop.bazarcia.com\/en\/wp-json\/wp\/v2\/product"}],"about":[{"href":"https:\/\/shop.bazarcia.com\/en\/wp-json\/wp\/v2\/types\/product"}],"replies":[{"embeddable":true,"href":"https:\/\/shop.bazarcia.com\/en\/wp-json\/wp\/v2\/comments?post=182397"}],"version-history":[{"count":0,"href":"https:\/\/shop.bazarcia.com\/en\/wp-json\/wp\/v2\/product\/182397\/revisions"}],"wp:featuredmedia":[{"embeddable":true,"href":"https:\/\/shop.bazarcia.com\/en\/wp-json\/wp\/v2\/media\/182391"}],"wp:attachment":[{"href":"https:\/\/shop.bazarcia.com\/en\/wp-json\/wp\/v2\/media?parent=182397"}],"wp:term":[{"taxonomy":"product_brand","embeddable":true,"href":"https:\/\/shop.bazarcia.com\/en\/wp-json\/wp\/v2\/product_brand?post=182397"},{"taxonomy":"product_cat","embeddable":true,"href":"https:\/\/shop.bazarcia.com\/en\/wp-json\/wp\/v2\/product_cat?post=182397"},{"taxonomy":"product_tag","embeddable":true,"href":"https:\/\/shop.bazarcia.com\/en\/wp-json\/wp\/v2\/product_tag?post=182397"}],"curies":[{"name":"wp","href":"https:\/\/api.w.org\/{rel}","templated":true}]}}