{"id":187006,"date":"2022-09-27T19:11:09","date_gmt":"2022-09-27T22:11:09","guid":{"rendered":"https:\/\/shop.bazarcia.com\/produto\/matriz-de-bordado-raminho-flores\/"},"modified":"2024-08-26T08:26:53","modified_gmt":"2024-08-26T11:26:53","slug":"matriz-de-bordado-raminho-flores","status":"publish","type":"product","link":"https:\/\/shop.bazarcia.com\/en\/product\/matriz-de-bordado-raminho-flores\/","title":{"rendered":"Matriz de bordado \u2013 Raminho Flores"},"content":{"rendered":"<p style=\"margin-top: 0px;margin-bottom: 1rem;color: #666666;font-family: Montserrat, sans-serif;font-size: 18px\">Matriz de bordado \u2013 Sagrada Familia<\/p>\n<p style=\"margin-top: 0px;margin-bottom: 1rem;color: #666666;font-family: Montserrat, sans-serif;font-size: 18px\">\u00a0<span style=\"font-weight: bolder;color: #000000;font-family: Lato, sans-serif;font-size: 16px\">3 TAMANHO<\/span><\/p>\n<p style=\"margin-bottom: 1.3em;margin-top: 0px;color: #000000;font-family: Lato, sans-serif;font-weight: 900\"><span style=\"font-weight: bolder\">\u00a0<span style=\"color: #e14d43\">Largura<\/span>\u00a0(cm ) 9 x 3\u00a0<span style=\"color: #e14d43\">Altura<\/span>\u00a0(cm) Pontos: 1917<\/span><\/p>\n<p style=\"margin-bottom: 1.3em;margin-top: 0px;color: #000000;font-family: Lato, sans-serif;font-weight: 900\"><span style=\"font-weight: bolder\"><span style=\"color: #e14d43\">Largura<\/span>\u00a0(cm ) 12 x 4\u00a0<span style=\"color: #e14d43\">Altura<\/span>\u00a0(cm) Pontos: 2596<\/span><\/p>\n<p style=\"margin-bottom: 1.3em;margin-top: 0px;color: #000000;font-family: Lato, sans-serif;font-weight: 900\"><span style=\"font-weight: bolder\"><span style=\"color: #e14d43\">Largura<\/span>\u00a0(cm ) 13 x 4,5\u00a0<span style=\"color: #e14d43\">Altura<\/span>\u00a0(cm) Pontos: 2772<\/span><\/p>\n<p style=\"margin-bottom: 1.3em;margin-top: 0px;color: #000000;font-family: Lato, sans-serif;font-weight: 900\"><span style=\"font-weight: bolder\">\u00a0Quantidade de Cores: 4<\/span><\/p>\n<p style=\"margin: 0px 0px 20px;padding: 0px;border: 0px;vertical-align: baseline;line-height: inherit;font-family: lato, Arial, Helvetica, sans-serif;font-size: 14px;color: #777777\">Este \u00e9 um produto digital, o download ser\u00e1 liberado imediatamente ap\u00f3s a confirma\u00e7\u00e3o do pagamento.<\/p>\n<p style=\"margin: 0px 0px 20px;padding: 0px;border: 0px;vertical-align: baseline;line-height: inherit;font-family: lato, Arial, Helvetica, sans-serif;font-size: 14px;color: #777777\">Os arquivos est\u00e3o em uma pasta zipada(ZIP), ser\u00e1 necess\u00e1rio descompact\u00e1-la para acess\u00e1-los.<\/p>\n<p style=\"margin: 0px 0px 20px;padding: 0px;border: 0px;vertical-align: baseline;line-height: inherit;font-family: lato, Arial, Helvetica, sans-serif;font-size: 14px;color: #777777\">Disponibilizamos as matrizes nos seguintes formatos:<\/p>\n<p style=\"margin: 0px 0px 20px;padding: 0px;border: 0px;vertical-align: baseline;line-height: inherit;font-family: lato, Arial, Helvetica, sans-serif;font-size: 14px;color: #777777\">.PES, .JEF, .EXP, .DST, .HUS, .XXX<\/p>\n<p style=\"margin-top: 0px;margin-bottom: 1rem;color: #666666;font-family: Montserrat, sans-serif;font-size: 18px\">Matriz desenvolvida pela Designer e Programadora: Mirna<\/p>","protected":false},"excerpt":{"rendered":"<p>3 TAMANHO<\/p>\n<p>Largura (cm ) 9 x 3 Altura (cm) Pontos: 1917<\/p>\n<p>Largura (cm ) 12 x 4 Altura (cm) Pontos: 2596<\/p>\n<p>Largura (cm ) 13 x 4,5 Altura (cm) Pontos: 2772<\/p>\n<p>Quantidade de Cores: 4<\/p>","protected":false},"featured_media":187005,"comment_status":"closed","ping_status":"closed","template":"","meta":{"_acf_changed":false,"_joinchat":[]},"product_brand":[],"product_cat":[279,296,84],"product_tag":[1280,1091,1430,1432],"class_list":{"0":"post-187006","1":"product","2":"type-product","3":"status-publish","4":"has-post-thumbnail","6":"product_cat-arabescos-e-ramos","7":"product_cat-florais","8":"product_cat-matrizes-de-bordado","9":"product_tag-bordar","10":"product_tag-brother","11":"product_tag-matriz-de-bordado","12":"product_tag-matrizes-de-bordado","14":"first","15":"instock","16":"downloadable","17":"virtual","18":"purchasable","19":"product-type-simple"},"acf":[],"yoast_head":"<!-- This site is optimized with the Yoast SEO plugin v27.2 - https:\/\/yoast.com\/product\/yoast-seo-wordpress\/ -->\n<title>Matriz de bordado \u2013 Raminho Flores - \ud835\udc1b\ud835\udc1a\ud835\udc33\ud835\udc1a\ud835\udc2b &amp; \ud835\udc1c\ud835\udc22\ud835\udc1a<\/title>\n<meta name=\"robots\" content=\"index, follow, max-snippet:-1, max-image-preview:large, max-video-preview:-1\" \/>\n<link rel=\"canonical\" href=\"https:\/\/shop.bazarcia.com\/en\/product\/matriz-de-bordado-raminho-flores\/\" \/>\n<meta property=\"og:locale\" content=\"en_US\" \/>\n<meta property=\"og:type\" content=\"article\" \/>\n<meta property=\"og:title\" content=\"Matriz de bordado \u2013 Raminho Flores - \ud835\udc1b\ud835\udc1a\ud835\udc33\ud835\udc1a\ud835\udc2b &amp; \ud835\udc1c\ud835\udc22\ud835\udc1a\" \/>\n<meta property=\"og:description\" content=\"3 TAMANHO  Largura (cm ) 9 x 3 Altura (cm) Pontos: 1917  Largura (cm ) 12 x 4 Altura (cm) Pontos: 2596  Largura (cm ) 13 x 4,5 Altura (cm) Pontos: 2772  Quantidade de Cores: 4\" \/>\n<meta property=\"og:url\" content=\"https:\/\/shop.bazarcia.com\/en\/product\/matriz-de-bordado-raminho-flores\/\" \/>\n<meta property=\"og:site_name\" content=\"\ud835\udc1b\ud835\udc1a\ud835\udc33\ud835\udc1a\ud835\udc2b &amp; \ud835\udc1c\ud835\udc22\ud835\udc1a\" \/>\n<meta property=\"article:publisher\" content=\"https:\/\/www.facebook.com\/shopbazarcia\" \/>\n<meta property=\"article:modified_time\" content=\"2024-08-26T11:26:53+00:00\" \/>\n<meta property=\"og:image\" content=\"https:\/\/shop.bazarcia.com\/wp-content\/uploads\/2022\/09\/matriz-de-bordado-raminho-flores-bdb.jpg\" \/>\n\t<meta property=\"og:image:width\" content=\"1084\" \/>\n\t<meta property=\"og:image:height\" content=\"1082\" \/>\n\t<meta property=\"og:image:type\" content=\"image\/jpeg\" \/>\n<meta name=\"twitter:card\" content=\"summary_large_image\" \/>\n<script type=\"application\/ld+json\" class=\"yoast-schema-graph\">{\"@context\":\"https:\/\/schema.org\",\"@graph\":[{\"@type\":\"WebPage\",\"@id\":\"https:\/\/shop.bazarcia.com\/produto\/matriz-de-bordado-raminho-flores\/\",\"url\":\"https:\/\/shop.bazarcia.com\/produto\/matriz-de-bordado-raminho-flores\/\",\"name\":\"Matriz de bordado \u2013 Raminho Flores - \ud835\udc1b\ud835\udc1a\ud835\udc33\ud835\udc1a\ud835\udc2b &amp; \ud835\udc1c\ud835\udc22\ud835\udc1a\",\"isPartOf\":{\"@id\":\"https:\/\/shop.bazarcia.com\/#website\"},\"primaryImageOfPage\":{\"@id\":\"https:\/\/shop.bazarcia.com\/produto\/matriz-de-bordado-raminho-flores\/#primaryimage\"},\"image\":{\"@id\":\"https:\/\/shop.bazarcia.com\/produto\/matriz-de-bordado-raminho-flores\/#primaryimage\"},\"thumbnailUrl\":\"https:\/\/shop.bazarcia.com\/wp-content\/uploads\/2022\/09\/matriz-de-bordado-raminho-flores-bdb.jpg\",\"datePublished\":\"2022-09-27T22:11:09+00:00\",\"dateModified\":\"2024-08-26T11:26:53+00:00\",\"breadcrumb\":{\"@id\":\"https:\/\/shop.bazarcia.com\/produto\/matriz-de-bordado-raminho-flores\/#breadcrumb\"},\"inLanguage\":\"en-US\",\"potentialAction\":[{\"@type\":\"ReadAction\",\"target\":[\"https:\/\/shop.bazarcia.com\/produto\/matriz-de-bordado-raminho-flores\/\"]}]},{\"@type\":\"ImageObject\",\"inLanguage\":\"en-US\",\"@id\":\"https:\/\/shop.bazarcia.com\/produto\/matriz-de-bordado-raminho-flores\/#primaryimage\",\"url\":\"https:\/\/shop.bazarcia.com\/wp-content\/uploads\/2022\/09\/matriz-de-bordado-raminho-flores-bdb.jpg\",\"contentUrl\":\"https:\/\/shop.bazarcia.com\/wp-content\/uploads\/2022\/09\/matriz-de-bordado-raminho-flores-bdb.jpg\",\"width\":1084,\"height\":1082,\"caption\":\"matriz-de-bordado-raminho-flores-bdb\"},{\"@type\":\"BreadcrumbList\",\"@id\":\"https:\/\/shop.bazarcia.com\/produto\/matriz-de-bordado-raminho-flores\/#breadcrumb\",\"itemListElement\":[{\"@type\":\"ListItem\",\"position\":1,\"name\":\"In\u00edcio\",\"item\":\"https:\/\/shop.bazarcia.com\/\"},{\"@type\":\"ListItem\",\"position\":2,\"name\":\"Loja\",\"item\":\"https:\/\/shop.bazarcia.com\/loja\/\"},{\"@type\":\"ListItem\",\"position\":3,\"name\":\"Matriz de bordado \u2013 Raminho Flores\"}]},{\"@type\":\"WebSite\",\"@id\":\"https:\/\/shop.bazarcia.com\/#website\",\"url\":\"https:\/\/shop.bazarcia.com\/\",\"name\":\"Bazar & Cia\",\"description\":\"criatividade ponto a ponto\",\"publisher\":{\"@id\":\"https:\/\/shop.bazarcia.com\/#organization\"},\"potentialAction\":[{\"@type\":\"SearchAction\",\"target\":{\"@type\":\"EntryPoint\",\"urlTemplate\":\"https:\/\/shop.bazarcia.com\/?s={search_term_string}\"},\"query-input\":{\"@type\":\"PropertyValueSpecification\",\"valueRequired\":true,\"valueName\":\"search_term_string\"}}],\"inLanguage\":\"en-US\"},{\"@type\":\"Organization\",\"@id\":\"https:\/\/shop.bazarcia.com\/#organization\",\"name\":\"Bazar & Cia\",\"url\":\"https:\/\/shop.bazarcia.com\/\",\"logo\":{\"@type\":\"ImageObject\",\"inLanguage\":\"en-US\",\"@id\":\"https:\/\/shop.bazarcia.com\/#\/schema\/logo\/image\/\",\"url\":\"https:\/\/shop.bazarcia.com\/wp-content\/uploads\/2024\/02\/cropped-logo_bazarcia.png\",\"contentUrl\":\"https:\/\/shop.bazarcia.com\/wp-content\/uploads\/2024\/02\/cropped-logo_bazarcia.png\",\"width\":150,\"height\":150,\"caption\":\"Bazar & Cia\"},\"image\":{\"@id\":\"https:\/\/shop.bazarcia.com\/#\/schema\/logo\/image\/\"},\"sameAs\":[\"https:\/\/www.facebook.com\/shopbazarcia\",\"https:\/\/www.instagram.com\/shopbazarcia\",\"https:\/\/br.pinterest.com\/suzane_eloise\/\",\"https:\/\/www.youtube.com\/c\/BazardoBordadoMatrizeseProjetos\"]}]}<\/script>\n<!-- \/ Yoast SEO plugin. -->","yoast_head_json":{"title":"Matriz de bordado \u2013 Raminho Flores - \ud835\udc1b\ud835\udc1a\ud835\udc33\ud835\udc1a\ud835\udc2b &amp; \ud835\udc1c\ud835\udc22\ud835\udc1a","robots":{"index":"index","follow":"follow","max-snippet":"max-snippet:-1","max-image-preview":"max-image-preview:large","max-video-preview":"max-video-preview:-1"},"canonical":"https:\/\/shop.bazarcia.com\/en\/product\/matriz-de-bordado-raminho-flores\/","og_locale":"en_US","og_type":"article","og_title":"Matriz de bordado \u2013 Raminho Flores - \ud835\udc1b\ud835\udc1a\ud835\udc33\ud835\udc1a\ud835\udc2b &amp; \ud835\udc1c\ud835\udc22\ud835\udc1a","og_description":"3 TAMANHO  Largura (cm ) 9 x 3 Altura (cm) Pontos: 1917  Largura (cm ) 12 x 4 Altura (cm) Pontos: 2596  Largura (cm ) 13 x 4,5 Altura (cm) Pontos: 2772  Quantidade de Cores: 4","og_url":"https:\/\/shop.bazarcia.com\/en\/product\/matriz-de-bordado-raminho-flores\/","og_site_name":"\ud835\udc1b\ud835\udc1a\ud835\udc33\ud835\udc1a\ud835\udc2b &amp; \ud835\udc1c\ud835\udc22\ud835\udc1a","article_publisher":"https:\/\/www.facebook.com\/shopbazarcia","article_modified_time":"2024-08-26T11:26:53+00:00","og_image":[{"width":1084,"height":1082,"url":"https:\/\/shop.bazarcia.com\/wp-content\/uploads\/2022\/09\/matriz-de-bordado-raminho-flores-bdb.jpg","type":"image\/jpeg"}],"twitter_card":"summary_large_image","schema":{"@context":"https:\/\/schema.org","@graph":[{"@type":"WebPage","@id":"https:\/\/shop.bazarcia.com\/produto\/matriz-de-bordado-raminho-flores\/","url":"https:\/\/shop.bazarcia.com\/produto\/matriz-de-bordado-raminho-flores\/","name":"Matriz de bordado \u2013 Raminho Flores - \ud835\udc1b\ud835\udc1a\ud835\udc33\ud835\udc1a\ud835\udc2b &amp; \ud835\udc1c\ud835\udc22\ud835\udc1a","isPartOf":{"@id":"https:\/\/shop.bazarcia.com\/#website"},"primaryImageOfPage":{"@id":"https:\/\/shop.bazarcia.com\/produto\/matriz-de-bordado-raminho-flores\/#primaryimage"},"image":{"@id":"https:\/\/shop.bazarcia.com\/produto\/matriz-de-bordado-raminho-flores\/#primaryimage"},"thumbnailUrl":"https:\/\/shop.bazarcia.com\/wp-content\/uploads\/2022\/09\/matriz-de-bordado-raminho-flores-bdb.jpg","datePublished":"2022-09-27T22:11:09+00:00","dateModified":"2024-08-26T11:26:53+00:00","breadcrumb":{"@id":"https:\/\/shop.bazarcia.com\/produto\/matriz-de-bordado-raminho-flores\/#breadcrumb"},"inLanguage":"en-US","potentialAction":[{"@type":"ReadAction","target":["https:\/\/shop.bazarcia.com\/produto\/matriz-de-bordado-raminho-flores\/"]}]},{"@type":"ImageObject","inLanguage":"en-US","@id":"https:\/\/shop.bazarcia.com\/produto\/matriz-de-bordado-raminho-flores\/#primaryimage","url":"https:\/\/shop.bazarcia.com\/wp-content\/uploads\/2022\/09\/matriz-de-bordado-raminho-flores-bdb.jpg","contentUrl":"https:\/\/shop.bazarcia.com\/wp-content\/uploads\/2022\/09\/matriz-de-bordado-raminho-flores-bdb.jpg","width":1084,"height":1082,"caption":"matriz-de-bordado-raminho-flores-bdb"},{"@type":"BreadcrumbList","@id":"https:\/\/shop.bazarcia.com\/produto\/matriz-de-bordado-raminho-flores\/#breadcrumb","itemListElement":[{"@type":"ListItem","position":1,"name":"In\u00edcio","item":"https:\/\/shop.bazarcia.com\/"},{"@type":"ListItem","position":2,"name":"Loja","item":"https:\/\/shop.bazarcia.com\/loja\/"},{"@type":"ListItem","position":3,"name":"Matriz de bordado \u2013 Raminho Flores"}]},{"@type":"WebSite","@id":"https:\/\/shop.bazarcia.com\/#website","url":"https:\/\/shop.bazarcia.com\/","name":"Bazar & Cia","description":"criatividade ponto a ponto","publisher":{"@id":"https:\/\/shop.bazarcia.com\/#organization"},"potentialAction":[{"@type":"SearchAction","target":{"@type":"EntryPoint","urlTemplate":"https:\/\/shop.bazarcia.com\/?s={search_term_string}"},"query-input":{"@type":"PropertyValueSpecification","valueRequired":true,"valueName":"search_term_string"}}],"inLanguage":"en-US"},{"@type":"Organization","@id":"https:\/\/shop.bazarcia.com\/#organization","name":"Bazar & Cia","url":"https:\/\/shop.bazarcia.com\/","logo":{"@type":"ImageObject","inLanguage":"en-US","@id":"https:\/\/shop.bazarcia.com\/#\/schema\/logo\/image\/","url":"https:\/\/shop.bazarcia.com\/wp-content\/uploads\/2024\/02\/cropped-logo_bazarcia.png","contentUrl":"https:\/\/shop.bazarcia.com\/wp-content\/uploads\/2024\/02\/cropped-logo_bazarcia.png","width":150,"height":150,"caption":"Bazar & Cia"},"image":{"@id":"https:\/\/shop.bazarcia.com\/#\/schema\/logo\/image\/"},"sameAs":["https:\/\/www.facebook.com\/shopbazarcia","https:\/\/www.instagram.com\/shopbazarcia","https:\/\/br.pinterest.com\/suzane_eloise\/","https:\/\/www.youtube.com\/c\/BazardoBordadoMatrizeseProjetos"]}]}},"_links":{"self":[{"href":"https:\/\/shop.bazarcia.com\/en\/wp-json\/wp\/v2\/product\/187006","targetHints":{"allow":["GET"]}}],"collection":[{"href":"https:\/\/shop.bazarcia.com\/en\/wp-json\/wp\/v2\/product"}],"about":[{"href":"https:\/\/shop.bazarcia.com\/en\/wp-json\/wp\/v2\/types\/product"}],"replies":[{"embeddable":true,"href":"https:\/\/shop.bazarcia.com\/en\/wp-json\/wp\/v2\/comments?post=187006"}],"version-history":[{"count":0,"href":"https:\/\/shop.bazarcia.com\/en\/wp-json\/wp\/v2\/product\/187006\/revisions"}],"wp:featuredmedia":[{"embeddable":true,"href":"https:\/\/shop.bazarcia.com\/en\/wp-json\/wp\/v2\/media\/187005"}],"wp:attachment":[{"href":"https:\/\/shop.bazarcia.com\/en\/wp-json\/wp\/v2\/media?parent=187006"}],"wp:term":[{"taxonomy":"product_brand","embeddable":true,"href":"https:\/\/shop.bazarcia.com\/en\/wp-json\/wp\/v2\/product_brand?post=187006"},{"taxonomy":"product_cat","embeddable":true,"href":"https:\/\/shop.bazarcia.com\/en\/wp-json\/wp\/v2\/product_cat?post=187006"},{"taxonomy":"product_tag","embeddable":true,"href":"https:\/\/shop.bazarcia.com\/en\/wp-json\/wp\/v2\/product_tag?post=187006"}],"curies":[{"name":"wp","href":"https:\/\/api.w.org\/{rel}","templated":true}]}}