{"id":188299,"date":"2022-10-08T13:41:59","date_gmt":"2022-10-08T16:41:59","guid":{"rendered":"https:\/\/shop.bazarcia.com\/?post_type=product&#038;p=188299"},"modified":"2022-10-09T21:32:16","modified_gmt":"2022-10-10T00:32:16","slug":"brinde-collab-bazar-passarinho-copia","status":"publish","type":"product","link":"https:\/\/shop.bazarcia.com\/en\/product\/brinde-collab-bazar-passarinho-copia\/","title":{"rendered":"Brinde Collab Bazar Passarinho"},"content":{"rendered":"<p style=\"text-align: center\">Em comemora\u00e7\u00e3o a 10Quilt Craft Show , a parceria com Bazar e Cia e tamb\u00e9m a primeira Grande exposi\u00e7\u00e3o da nossa marca, desenvolvemos com muito carinho um brinde pra l\u00e1 de especial e fofurento, nosso passarinho veio voando encantando nossos olhos e arrasando cora\u00e7\u00f5es.<\/p>\n<p style=\"text-align: center\"><a href=\"https:\/\/shop.bazarcia.com\/wp-content\/uploads\/2022\/10\/Collab-Passarinho-Bazar.zip\">CLIQUE AQUI PARA BAIXAR\u00a0<\/a><\/p>\n<p style=\"text-align: center\"><a href=\"https:\/\/www.instagram.com\/tv\/CjdvOYXDRZS\/?utm_source=ig_web_copy_link\">VEJA A AULA AQUI<\/a><\/p>","protected":false},"excerpt":{"rendered":"<p>Em comemora\u00e7\u00e3o a 10Quilt Craft Show , a parceria com Bazar e Cia e tamb\u00e9m a primeira Grande exposi\u00e7\u00e3o da nossa marca, desenvolvemos com muito carinho um brinde pra l\u00e1 de especial e fofurento, nosso passarinho veio voando encantando nossos olhos e arrasando cora\u00e7\u00f5es.<\/p>\n<p style=\"text-align: center\"><a href=\"https:\/\/shop.bazarcia.com\/wp-content\/uploads\/2022\/10\/Collab-Passarinho-Bazar.zip\"><strong>CLIQUE AQUI E BAIXE J\u00c1\u00a0<\/strong><\/a><\/p>\n<p style=\"text-align: center\"><a href=\"https:\/\/www.instagram.com\/tv\/CjdvOYXDRZS\/?utm_source=ig_web_copy_link\">VEJA A AULA AQUI<\/a><\/p>","protected":false},"featured_media":188272,"comment_status":"open","ping_status":"closed","template":"","meta":{"_acf_changed":false,"_joinchat":[]},"product_brand":[],"product_cat":[122,84,97,213,1548,201,1400,98,1383,1385,1384,1386],"product_tag":[],"class_list":{"0":"post-188299","1":"product","2":"type-product","3":"status-publish","4":"has-post-thumbnail","6":"product_cat-matrizes-de-bordado-animais","7":"product_cat-matrizes-de-bordado","8":"product_cat-matrizes-de-bordado-gratis","9":"product_cat-projeto-naninhas-na-bordadeira","10":"product_cat-naninhas-na-bordadeira-modelo-enchimento-ith","11":"product_cat-passarinhos","12":"product_cat-projetos-bastidor-20x28","13":"product_cat-projetos-na-bordadeira-in-the-hoop-embroidery","14":"product_cat-projetos-para-bastidor-10x10","15":"product_cat-projetos-para-bastidor-13x18","16":"product_cat-projetos-para-bastidor-14x14","17":"product_cat-projetos-para-bastidor-15x26-ou-16x26","19":"first","20":"instock","21":"downloadable","22":"virtual","23":"product-type-simple"},"acf":[],"yoast_head":"<!-- This site is optimized with the Yoast SEO plugin v27.2 - https:\/\/yoast.com\/product\/yoast-seo-wordpress\/ -->\n<title>Brinde Collab Bazar Passarinho - Karinhos e Sonhos \ud835\udc1b\ud835\udc1a\ud835\udc33\ud835\udc1a\ud835\udc2b &amp; \ud835\udc1c\ud835\udc22\ud835\udc1a<\/title>\n<meta name=\"description\" content=\"Um projeto incr\u00edvel e fofurento para bastidor a partir do 10x10, totalmente na bordadeira.\" \/>\n<meta name=\"robots\" content=\"index, follow, max-snippet:-1, max-image-preview:large, max-video-preview:-1\" \/>\n<link rel=\"canonical\" href=\"https:\/\/shop.bazarcia.com\/en\/product\/brinde-collab-bazar-passarinho-copia\/\" \/>\n<meta property=\"og:locale\" content=\"en_US\" \/>\n<meta property=\"og:type\" content=\"article\" \/>\n<meta property=\"og:title\" content=\"Brinde Collab Bazar Passarinho - Karinhos e Sonhos \ud835\udc1b\ud835\udc1a\ud835\udc33\ud835\udc1a\ud835\udc2b &amp; \ud835\udc1c\ud835\udc22\ud835\udc1a\" \/>\n<meta property=\"og:description\" content=\"Um projeto incr\u00edvel e fofurento para bastidor a partir do 10x10, totalmente na bordadeira.\" \/>\n<meta property=\"og:url\" content=\"https:\/\/shop.bazarcia.com\/en\/product\/brinde-collab-bazar-passarinho-copia\/\" \/>\n<meta property=\"og:site_name\" content=\"\ud835\udc1b\ud835\udc1a\ud835\udc33\ud835\udc1a\ud835\udc2b &amp; \ud835\udc1c\ud835\udc22\ud835\udc1a\" \/>\n<meta property=\"article:publisher\" content=\"https:\/\/www.facebook.com\/shopbazarcia\" \/>\n<meta property=\"article:modified_time\" content=\"2022-10-10T00:32:16+00:00\" \/>\n<meta property=\"og:image\" content=\"https:\/\/shop.bazarcia.com\/wp-content\/uploads\/2022\/10\/7.png\" \/>\n\t<meta property=\"og:image:width\" content=\"1080\" \/>\n\t<meta property=\"og:image:height\" content=\"1080\" \/>\n\t<meta property=\"og:image:type\" content=\"image\/png\" \/>\n<meta name=\"twitter:card\" content=\"summary_large_image\" \/>\n<script type=\"application\/ld+json\" class=\"yoast-schema-graph\">{\"@context\":\"https:\/\/schema.org\",\"@graph\":[{\"@type\":\"WebPage\",\"@id\":\"https:\/\/shop.bazarcia.com\/produto\/brinde-collab-bazar-passarinho-copia\/\",\"url\":\"https:\/\/shop.bazarcia.com\/produto\/brinde-collab-bazar-passarinho-copia\/\",\"name\":\"Brinde Collab Bazar Passarinho - Karinhos e Sonhos \ud835\udc1b\ud835\udc1a\ud835\udc33\ud835\udc1a\ud835\udc2b &amp; \ud835\udc1c\ud835\udc22\ud835\udc1a\",\"isPartOf\":{\"@id\":\"https:\/\/shop.bazarcia.com\/#website\"},\"primaryImageOfPage\":{\"@id\":\"https:\/\/shop.bazarcia.com\/produto\/brinde-collab-bazar-passarinho-copia\/#primaryimage\"},\"image\":{\"@id\":\"https:\/\/shop.bazarcia.com\/produto\/brinde-collab-bazar-passarinho-copia\/#primaryimage\"},\"thumbnailUrl\":\"https:\/\/shop.bazarcia.com\/wp-content\/uploads\/2022\/10\/7.png\",\"datePublished\":\"2022-10-08T16:41:59+00:00\",\"dateModified\":\"2022-10-10T00:32:16+00:00\",\"description\":\"Um projeto incr\u00edvel e fofurento para bastidor a partir do 10x10, totalmente na bordadeira.\",\"breadcrumb\":{\"@id\":\"https:\/\/shop.bazarcia.com\/produto\/brinde-collab-bazar-passarinho-copia\/#breadcrumb\"},\"inLanguage\":\"en-US\",\"potentialAction\":[{\"@type\":\"ReadAction\",\"target\":[\"https:\/\/shop.bazarcia.com\/produto\/brinde-collab-bazar-passarinho-copia\/\"]}]},{\"@type\":\"ImageObject\",\"inLanguage\":\"en-US\",\"@id\":\"https:\/\/shop.bazarcia.com\/produto\/brinde-collab-bazar-passarinho-copia\/#primaryimage\",\"url\":\"https:\/\/shop.bazarcia.com\/wp-content\/uploads\/2022\/10\/7.png\",\"contentUrl\":\"https:\/\/shop.bazarcia.com\/wp-content\/uploads\/2022\/10\/7.png\",\"width\":1080,\"height\":1080},{\"@type\":\"BreadcrumbList\",\"@id\":\"https:\/\/shop.bazarcia.com\/produto\/brinde-collab-bazar-passarinho-copia\/#breadcrumb\",\"itemListElement\":[{\"@type\":\"ListItem\",\"position\":1,\"name\":\"In\u00edcio\",\"item\":\"https:\/\/shop.bazarcia.com\/\"},{\"@type\":\"ListItem\",\"position\":2,\"name\":\"Loja\",\"item\":\"https:\/\/shop.bazarcia.com\/loja\/\"},{\"@type\":\"ListItem\",\"position\":3,\"name\":\"Brinde Collab Bazar Passarinho\"}]},{\"@type\":\"WebSite\",\"@id\":\"https:\/\/shop.bazarcia.com\/#website\",\"url\":\"https:\/\/shop.bazarcia.com\/\",\"name\":\"Bazar & Cia\",\"description\":\"criatividade ponto a ponto\",\"publisher\":{\"@id\":\"https:\/\/shop.bazarcia.com\/#organization\"},\"potentialAction\":[{\"@type\":\"SearchAction\",\"target\":{\"@type\":\"EntryPoint\",\"urlTemplate\":\"https:\/\/shop.bazarcia.com\/?s={search_term_string}\"},\"query-input\":{\"@type\":\"PropertyValueSpecification\",\"valueRequired\":true,\"valueName\":\"search_term_string\"}}],\"inLanguage\":\"en-US\"},{\"@type\":\"Organization\",\"@id\":\"https:\/\/shop.bazarcia.com\/#organization\",\"name\":\"Bazar & Cia\",\"url\":\"https:\/\/shop.bazarcia.com\/\",\"logo\":{\"@type\":\"ImageObject\",\"inLanguage\":\"en-US\",\"@id\":\"https:\/\/shop.bazarcia.com\/#\/schema\/logo\/image\/\",\"url\":\"https:\/\/shop.bazarcia.com\/wp-content\/uploads\/2024\/02\/cropped-logo_bazarcia.png\",\"contentUrl\":\"https:\/\/shop.bazarcia.com\/wp-content\/uploads\/2024\/02\/cropped-logo_bazarcia.png\",\"width\":150,\"height\":150,\"caption\":\"Bazar & Cia\"},\"image\":{\"@id\":\"https:\/\/shop.bazarcia.com\/#\/schema\/logo\/image\/\"},\"sameAs\":[\"https:\/\/www.facebook.com\/shopbazarcia\",\"https:\/\/www.instagram.com\/shopbazarcia\",\"https:\/\/br.pinterest.com\/suzane_eloise\/\",\"https:\/\/www.youtube.com\/c\/BazardoBordadoMatrizeseProjetos\"]}]}<\/script>\n<!-- \/ Yoast SEO plugin. -->","yoast_head_json":{"title":"Brinde Collab Bazar Passarinho - Karinhos e Sonhos \ud835\udc1b\ud835\udc1a\ud835\udc33\ud835\udc1a\ud835\udc2b &amp; \ud835\udc1c\ud835\udc22\ud835\udc1a","description":"Um projeto incr\u00edvel e fofurento para bastidor a partir do 10x10, totalmente na bordadeira.","robots":{"index":"index","follow":"follow","max-snippet":"max-snippet:-1","max-image-preview":"max-image-preview:large","max-video-preview":"max-video-preview:-1"},"canonical":"https:\/\/shop.bazarcia.com\/en\/product\/brinde-collab-bazar-passarinho-copia\/","og_locale":"en_US","og_type":"article","og_title":"Brinde Collab Bazar Passarinho - Karinhos e Sonhos \ud835\udc1b\ud835\udc1a\ud835\udc33\ud835\udc1a\ud835\udc2b &amp; \ud835\udc1c\ud835\udc22\ud835\udc1a","og_description":"Um projeto incr\u00edvel e fofurento para bastidor a partir do 10x10, totalmente na bordadeira.","og_url":"https:\/\/shop.bazarcia.com\/en\/product\/brinde-collab-bazar-passarinho-copia\/","og_site_name":"\ud835\udc1b\ud835\udc1a\ud835\udc33\ud835\udc1a\ud835\udc2b &amp; \ud835\udc1c\ud835\udc22\ud835\udc1a","article_publisher":"https:\/\/www.facebook.com\/shopbazarcia","article_modified_time":"2022-10-10T00:32:16+00:00","og_image":[{"width":1080,"height":1080,"url":"https:\/\/shop.bazarcia.com\/wp-content\/uploads\/2022\/10\/7.png","type":"image\/png"}],"twitter_card":"summary_large_image","schema":{"@context":"https:\/\/schema.org","@graph":[{"@type":"WebPage","@id":"https:\/\/shop.bazarcia.com\/produto\/brinde-collab-bazar-passarinho-copia\/","url":"https:\/\/shop.bazarcia.com\/produto\/brinde-collab-bazar-passarinho-copia\/","name":"Brinde Collab Bazar Passarinho - Karinhos e Sonhos \ud835\udc1b\ud835\udc1a\ud835\udc33\ud835\udc1a\ud835\udc2b &amp; \ud835\udc1c\ud835\udc22\ud835\udc1a","isPartOf":{"@id":"https:\/\/shop.bazarcia.com\/#website"},"primaryImageOfPage":{"@id":"https:\/\/shop.bazarcia.com\/produto\/brinde-collab-bazar-passarinho-copia\/#primaryimage"},"image":{"@id":"https:\/\/shop.bazarcia.com\/produto\/brinde-collab-bazar-passarinho-copia\/#primaryimage"},"thumbnailUrl":"https:\/\/shop.bazarcia.com\/wp-content\/uploads\/2022\/10\/7.png","datePublished":"2022-10-08T16:41:59+00:00","dateModified":"2022-10-10T00:32:16+00:00","description":"Um projeto incr\u00edvel e fofurento para bastidor a partir do 10x10, totalmente na bordadeira.","breadcrumb":{"@id":"https:\/\/shop.bazarcia.com\/produto\/brinde-collab-bazar-passarinho-copia\/#breadcrumb"},"inLanguage":"en-US","potentialAction":[{"@type":"ReadAction","target":["https:\/\/shop.bazarcia.com\/produto\/brinde-collab-bazar-passarinho-copia\/"]}]},{"@type":"ImageObject","inLanguage":"en-US","@id":"https:\/\/shop.bazarcia.com\/produto\/brinde-collab-bazar-passarinho-copia\/#primaryimage","url":"https:\/\/shop.bazarcia.com\/wp-content\/uploads\/2022\/10\/7.png","contentUrl":"https:\/\/shop.bazarcia.com\/wp-content\/uploads\/2022\/10\/7.png","width":1080,"height":1080},{"@type":"BreadcrumbList","@id":"https:\/\/shop.bazarcia.com\/produto\/brinde-collab-bazar-passarinho-copia\/#breadcrumb","itemListElement":[{"@type":"ListItem","position":1,"name":"In\u00edcio","item":"https:\/\/shop.bazarcia.com\/"},{"@type":"ListItem","position":2,"name":"Loja","item":"https:\/\/shop.bazarcia.com\/loja\/"},{"@type":"ListItem","position":3,"name":"Brinde Collab Bazar Passarinho"}]},{"@type":"WebSite","@id":"https:\/\/shop.bazarcia.com\/#website","url":"https:\/\/shop.bazarcia.com\/","name":"Bazar & Cia","description":"criatividade ponto a ponto","publisher":{"@id":"https:\/\/shop.bazarcia.com\/#organization"},"potentialAction":[{"@type":"SearchAction","target":{"@type":"EntryPoint","urlTemplate":"https:\/\/shop.bazarcia.com\/?s={search_term_string}"},"query-input":{"@type":"PropertyValueSpecification","valueRequired":true,"valueName":"search_term_string"}}],"inLanguage":"en-US"},{"@type":"Organization","@id":"https:\/\/shop.bazarcia.com\/#organization","name":"Bazar & Cia","url":"https:\/\/shop.bazarcia.com\/","logo":{"@type":"ImageObject","inLanguage":"en-US","@id":"https:\/\/shop.bazarcia.com\/#\/schema\/logo\/image\/","url":"https:\/\/shop.bazarcia.com\/wp-content\/uploads\/2024\/02\/cropped-logo_bazarcia.png","contentUrl":"https:\/\/shop.bazarcia.com\/wp-content\/uploads\/2024\/02\/cropped-logo_bazarcia.png","width":150,"height":150,"caption":"Bazar & Cia"},"image":{"@id":"https:\/\/shop.bazarcia.com\/#\/schema\/logo\/image\/"},"sameAs":["https:\/\/www.facebook.com\/shopbazarcia","https:\/\/www.instagram.com\/shopbazarcia","https:\/\/br.pinterest.com\/suzane_eloise\/","https:\/\/www.youtube.com\/c\/BazardoBordadoMatrizeseProjetos"]}]}},"_links":{"self":[{"href":"https:\/\/shop.bazarcia.com\/en\/wp-json\/wp\/v2\/product\/188299","targetHints":{"allow":["GET"]}}],"collection":[{"href":"https:\/\/shop.bazarcia.com\/en\/wp-json\/wp\/v2\/product"}],"about":[{"href":"https:\/\/shop.bazarcia.com\/en\/wp-json\/wp\/v2\/types\/product"}],"replies":[{"embeddable":true,"href":"https:\/\/shop.bazarcia.com\/en\/wp-json\/wp\/v2\/comments?post=188299"}],"version-history":[{"count":0,"href":"https:\/\/shop.bazarcia.com\/en\/wp-json\/wp\/v2\/product\/188299\/revisions"}],"wp:featuredmedia":[{"embeddable":true,"href":"https:\/\/shop.bazarcia.com\/en\/wp-json\/wp\/v2\/media\/188272"}],"wp:attachment":[{"href":"https:\/\/shop.bazarcia.com\/en\/wp-json\/wp\/v2\/media?parent=188299"}],"wp:term":[{"taxonomy":"product_brand","embeddable":true,"href":"https:\/\/shop.bazarcia.com\/en\/wp-json\/wp\/v2\/product_brand?post=188299"},{"taxonomy":"product_cat","embeddable":true,"href":"https:\/\/shop.bazarcia.com\/en\/wp-json\/wp\/v2\/product_cat?post=188299"},{"taxonomy":"product_tag","embeddable":true,"href":"https:\/\/shop.bazarcia.com\/en\/wp-json\/wp\/v2\/product_tag?post=188299"}],"curies":[{"name":"wp","href":"https:\/\/api.w.org\/{rel}","templated":true}]}}