{"id":188665,"date":"2022-10-12T15:15:53","date_gmt":"2022-10-12T18:15:53","guid":{"rendered":"https:\/\/shop.bazarcia.com\/produto\/matriz-de-bordado-ursinho-gratis\/"},"modified":"2022-10-12T15:17:52","modified_gmt":"2022-10-12T18:17:52","slug":"matriz-de-bordado-ursinho-gratis","status":"publish","type":"product","link":"https:\/\/shop.bazarcia.com\/en\/product\/matriz-de-bordado-ursinho-gratis\/","title":{"rendered":"Matriz de Bordado &#8211; Ursinho &#8211; Gr\u00e1tis"},"content":{"rendered":"<p>Matriz de bordado em aplique com pontos leves.<\/p>\n<p>Tamanho \u00fanico : 129&#215;165<\/p>\n<p>Dispon\u00edvel para download gratuito imediatamente ap\u00f3s a compra.<\/p>\n<p>Formatos:<\/p>\n<p>DST<\/p>\n<p>EXP<\/p>\n<p>HUS<\/p>\n<p>JEF<\/p>\n<p>PES<\/p>\n<p>XXX<\/p>\n<p style=\"margin-top: 0px;margin-bottom: 1rem;color: #666666;font-family: Montserrat, sans-serif;font-size: 18px\">Tamanhos sugerido: Bastidor 13\u00d718 ou maior.<\/p>\n<div class=\"card\" style=\"flex-direction: column;min-width: 0px;border: 0px none;border-radius: 0.25rem 0.25rem 0px 0px;font-family: Montserrat, sans-serif;overflow: hidden;color: #2b2b2b\">\n<div id=\"tab-description\" class=\"collapse collapse show\" data-parent=\"#productPanels\">\n<div class=\"card-body\" style=\"flex: 1 1 auto;padding: 1.25rem;border-bottom: 1px solid #eceeef;font-size: 18px;color: #666666;line-height: 26px\">\n<p style=\"margin-top: 0px;margin-bottom: 1rem\">Atribui\u00e7\u00f5es ao Designer: Shelly Paz de Hora \u2013 Mimos de Lili<\/p>\n<p style=\"margin-top: 0px;margin-bottom: 1rem\">Ref: MDL0708112<\/p>\n<p style=\"margin: 0px 0px 1rem;padding: 0px;border: 0px;vertical-align: baseline;line-height: inherit;font-family: Raleway;font-size: 14px;color: #7a7a7a\">Esse download poder\u00e1 ser feito por at\u00e9 99 (noventa e nove) vezes diretamente no site do Bazar do Bordado, em um per\u00edodo m\u00e1ximo de 365 (trezentos e sessenta e cinco dias) a ser contado da data da disponibiliza\u00e7\u00e3o do material. Ap\u00f3s este per\u00edodo, o link ser\u00e1 expirado.<\/p>\n<p style=\"margin: 0px 0px 1rem;padding: 0px;border: 0px;vertical-align: baseline;line-height: inherit;font-family: Raleway;font-size: 14px;color: #7a7a7a\">Por isso, \u00e9 importante que\u00a0 fa\u00e7a o download do conte\u00fado o quanto antes, armazenando no seu compartimento de interesse.<\/p>\n<p style=\"margin: 0px 0px 1rem;padding: 0px;border: 0px;vertical-align: baseline;line-height: inherit;font-family: Raleway;font-size: 14px;color: #7a7a7a\">Compras realizadas atrav\u00e9s de boleto banc\u00e1rio poder\u00e1 levar at\u00e9 dois dias \u00fateis para libera\u00e7\u00e3o das matrizes.<\/p>\n<p style=\"margin-top: 0px;margin-bottom: 1rem;padding: 0px;border: 0px;vertical-align: baseline;line-height: inherit;font-family: Lato, Arial, Helvetica, sans-serif;font-size: 14px;color: #777777\"><span style=\"margin: 0px;padding: 0px;border: 0px;vertical-align: baseline;font-style: inherit;font-variant: inherit;font-weight: inherit;line-height: inherit;font-family: lato, Arial, Helvetica, sans-serif\">Voc\u00ea pode conhecer nosso canal no youtube Mimos de Lili Ateli\u00ea Alice Paz de Hora\u00a0<\/span><span style=\"margin: 0px;padding: 0px;border: 0px;vertical-align: baseline;font-style: inherit;font-variant: inherit;font-weight: inherit;line-height: inherit;font-family: lato, Arial, Helvetica, sans-serif\">ou acessando nosso link:\u00a0<a style=\"color: #0056b3;background-color: transparent;margin: 0px;padding: 0px;border: 0px;vertical-align: baseline;font-style: inherit;font-variant: inherit;font-weight: inherit;line-height: inherit;font-family: inherit\" href=\"https:\/\/www.youtube.com\/channel\/UCoGsFX_hesf1oGUWVPYSv8g\">https:\/\/www.youtube.com\/channel\/UCoGsFX_hesf1oGUWVPYSv8g<\/a><\/span><\/p>\n<\/div>\n<\/div>\n<\/div>","protected":false},"excerpt":{"rendered":"<p>Matriz de bordado em aplique com pontos leves.<br \/>\nTamanho \u00fanico : 129&#215;165<br \/>\nDispon\u00edvel para download gratuito atrav\u00e9s do link :\u00a0<a href=\"https:\/\/shop.bazarcia.com\/wp-content\/uploads\/woocommerce_uploads\/2022\/10\/MATRIZ-DE-BORDADO-URSINHO-APLIQUE-jce3ss.zip\">https:\/\/shop.bazarcia.com\/wp-content\/uploads\/woocommerce_uploads\/2022\/10\/MATRIZ-DE-BORDADO-URSINHO-APLIQUE-jce3ss.zip<\/a><br \/>\nFormatos:<br \/>\nDST<br \/>\nEXP<br \/>\nHUS<br \/>\nJEF<br \/>\nPES<br \/>\nXXX<\/p>","protected":false},"featured_media":188664,"comment_status":"open","ping_status":"closed","template":"","meta":{"_acf_changed":false,"_joinchat":[]},"product_brand":[],"product_cat":[123,97],"product_tag":[],"class_list":{"0":"post-188665","1":"product","2":"type-product","3":"status-publish","4":"has-post-thumbnail","6":"product_cat-ursinhos","7":"product_cat-matrizes-de-bordado-gratis","9":"first","10":"instock","11":"downloadable","12":"virtual","13":"product-type-simple"},"acf":[],"yoast_head":"<!-- This site is optimized with the Yoast SEO plugin v27.2 - https:\/\/yoast.com\/product\/yoast-seo-wordpress\/ -->\n<title>Matriz de Bordado - Ursinho - Gr\u00e1tis - \ud835\udc1b\ud835\udc1a\ud835\udc33\ud835\udc1a\ud835\udc2b &amp; \ud835\udc1c\ud835\udc22\ud835\udc1a<\/title>\n<meta name=\"robots\" content=\"index, follow, max-snippet:-1, max-image-preview:large, max-video-preview:-1\" \/>\n<link rel=\"canonical\" href=\"https:\/\/shop.bazarcia.com\/en\/product\/matriz-de-bordado-ursinho-gratis\/\" \/>\n<meta property=\"og:locale\" content=\"en_US\" \/>\n<meta property=\"og:type\" content=\"article\" \/>\n<meta property=\"og:title\" content=\"Matriz de Bordado - Ursinho - Gr\u00e1tis - \ud835\udc1b\ud835\udc1a\ud835\udc33\ud835\udc1a\ud835\udc2b &amp; \ud835\udc1c\ud835\udc22\ud835\udc1a\" \/>\n<meta property=\"og:description\" content=\"Matriz de bordado em aplique com pontos leves. Tamanho \u00fanico : 129x165 Dispon\u00edvel para download gratuito atrav\u00e9s do link :\u00a0https:\/\/shop.bazarcia.com\/wp-content\/uploads\/woocommerce_uploads\/2022\/10\/MATRIZ-DE-BORDADO-URSINHO-APLIQUE-jce3ss.zip Formatos: DST EXP HUS JEF PES XXX\" \/>\n<meta property=\"og:url\" content=\"https:\/\/shop.bazarcia.com\/en\/product\/matriz-de-bordado-ursinho-gratis\/\" \/>\n<meta property=\"og:site_name\" content=\"\ud835\udc1b\ud835\udc1a\ud835\udc33\ud835\udc1a\ud835\udc2b &amp; \ud835\udc1c\ud835\udc22\ud835\udc1a\" \/>\n<meta property=\"article:publisher\" content=\"https:\/\/www.facebook.com\/shopbazarcia\" \/>\n<meta property=\"article:modified_time\" content=\"2022-10-12T18:17:52+00:00\" \/>\n<meta property=\"og:image\" content=\"https:\/\/shop.bazarcia.com\/wp-content\/uploads\/2022\/10\/Design-sem-nome-30-2.png\" \/>\n\t<meta property=\"og:image:width\" content=\"800\" \/>\n\t<meta property=\"og:image:height\" content=\"800\" \/>\n\t<meta property=\"og:image:type\" content=\"image\/png\" \/>\n<meta name=\"twitter:card\" content=\"summary_large_image\" \/>\n<meta name=\"twitter:label1\" content=\"Est. reading time\" \/>\n\t<meta name=\"twitter:data1\" content=\"1 minute\" \/>\n<script type=\"application\/ld+json\" class=\"yoast-schema-graph\">{\"@context\":\"https:\/\/schema.org\",\"@graph\":[{\"@type\":\"WebPage\",\"@id\":\"https:\/\/shop.bazarcia.com\/produto\/matriz-de-bordado-ursinho-gratis\/\",\"url\":\"https:\/\/shop.bazarcia.com\/produto\/matriz-de-bordado-ursinho-gratis\/\",\"name\":\"Matriz de Bordado - Ursinho - Gr\u00e1tis - \ud835\udc1b\ud835\udc1a\ud835\udc33\ud835\udc1a\ud835\udc2b &amp; \ud835\udc1c\ud835\udc22\ud835\udc1a\",\"isPartOf\":{\"@id\":\"https:\/\/shop.bazarcia.com\/#website\"},\"primaryImageOfPage\":{\"@id\":\"https:\/\/shop.bazarcia.com\/produto\/matriz-de-bordado-ursinho-gratis\/#primaryimage\"},\"image\":{\"@id\":\"https:\/\/shop.bazarcia.com\/produto\/matriz-de-bordado-ursinho-gratis\/#primaryimage\"},\"thumbnailUrl\":\"https:\/\/shop.bazarcia.com\/wp-content\/uploads\/2022\/10\/Design-sem-nome-30-2.png\",\"datePublished\":\"2022-10-12T18:15:53+00:00\",\"dateModified\":\"2022-10-12T18:17:52+00:00\",\"breadcrumb\":{\"@id\":\"https:\/\/shop.bazarcia.com\/produto\/matriz-de-bordado-ursinho-gratis\/#breadcrumb\"},\"inLanguage\":\"en-US\",\"potentialAction\":[{\"@type\":\"ReadAction\",\"target\":[\"https:\/\/shop.bazarcia.com\/produto\/matriz-de-bordado-ursinho-gratis\/\"]}]},{\"@type\":\"ImageObject\",\"inLanguage\":\"en-US\",\"@id\":\"https:\/\/shop.bazarcia.com\/produto\/matriz-de-bordado-ursinho-gratis\/#primaryimage\",\"url\":\"https:\/\/shop.bazarcia.com\/wp-content\/uploads\/2022\/10\/Design-sem-nome-30-2.png\",\"contentUrl\":\"https:\/\/shop.bazarcia.com\/wp-content\/uploads\/2022\/10\/Design-sem-nome-30-2.png\",\"width\":800,\"height\":800},{\"@type\":\"BreadcrumbList\",\"@id\":\"https:\/\/shop.bazarcia.com\/produto\/matriz-de-bordado-ursinho-gratis\/#breadcrumb\",\"itemListElement\":[{\"@type\":\"ListItem\",\"position\":1,\"name\":\"In\u00edcio\",\"item\":\"https:\/\/shop.bazarcia.com\/\"},{\"@type\":\"ListItem\",\"position\":2,\"name\":\"Loja\",\"item\":\"https:\/\/shop.bazarcia.com\/loja\/\"},{\"@type\":\"ListItem\",\"position\":3,\"name\":\"Matriz de Bordado &#8211; Ursinho &#8211; Gr\u00e1tis\"}]},{\"@type\":\"WebSite\",\"@id\":\"https:\/\/shop.bazarcia.com\/#website\",\"url\":\"https:\/\/shop.bazarcia.com\/\",\"name\":\"Bazar & Cia\",\"description\":\"criatividade ponto a ponto\",\"publisher\":{\"@id\":\"https:\/\/shop.bazarcia.com\/#organization\"},\"potentialAction\":[{\"@type\":\"SearchAction\",\"target\":{\"@type\":\"EntryPoint\",\"urlTemplate\":\"https:\/\/shop.bazarcia.com\/?s={search_term_string}\"},\"query-input\":{\"@type\":\"PropertyValueSpecification\",\"valueRequired\":true,\"valueName\":\"search_term_string\"}}],\"inLanguage\":\"en-US\"},{\"@type\":\"Organization\",\"@id\":\"https:\/\/shop.bazarcia.com\/#organization\",\"name\":\"Bazar & Cia\",\"url\":\"https:\/\/shop.bazarcia.com\/\",\"logo\":{\"@type\":\"ImageObject\",\"inLanguage\":\"en-US\",\"@id\":\"https:\/\/shop.bazarcia.com\/#\/schema\/logo\/image\/\",\"url\":\"https:\/\/shop.bazarcia.com\/wp-content\/uploads\/2024\/02\/cropped-logo_bazarcia.png\",\"contentUrl\":\"https:\/\/shop.bazarcia.com\/wp-content\/uploads\/2024\/02\/cropped-logo_bazarcia.png\",\"width\":150,\"height\":150,\"caption\":\"Bazar & Cia\"},\"image\":{\"@id\":\"https:\/\/shop.bazarcia.com\/#\/schema\/logo\/image\/\"},\"sameAs\":[\"https:\/\/www.facebook.com\/shopbazarcia\",\"https:\/\/www.instagram.com\/shopbazarcia\",\"https:\/\/br.pinterest.com\/suzane_eloise\/\",\"https:\/\/www.youtube.com\/c\/BazardoBordadoMatrizeseProjetos\"]}]}<\/script>\n<!-- \/ Yoast SEO plugin. -->","yoast_head_json":{"title":"Matriz de Bordado - Ursinho - Gr\u00e1tis - \ud835\udc1b\ud835\udc1a\ud835\udc33\ud835\udc1a\ud835\udc2b &amp; \ud835\udc1c\ud835\udc22\ud835\udc1a","robots":{"index":"index","follow":"follow","max-snippet":"max-snippet:-1","max-image-preview":"max-image-preview:large","max-video-preview":"max-video-preview:-1"},"canonical":"https:\/\/shop.bazarcia.com\/en\/product\/matriz-de-bordado-ursinho-gratis\/","og_locale":"en_US","og_type":"article","og_title":"Matriz de Bordado - Ursinho - Gr\u00e1tis - \ud835\udc1b\ud835\udc1a\ud835\udc33\ud835\udc1a\ud835\udc2b &amp; \ud835\udc1c\ud835\udc22\ud835\udc1a","og_description":"Matriz de bordado em aplique com pontos leves. Tamanho \u00fanico : 129x165 Dispon\u00edvel para download gratuito atrav\u00e9s do link :\u00a0https:\/\/shop.bazarcia.com\/wp-content\/uploads\/woocommerce_uploads\/2022\/10\/MATRIZ-DE-BORDADO-URSINHO-APLIQUE-jce3ss.zip Formatos: DST EXP HUS JEF PES XXX","og_url":"https:\/\/shop.bazarcia.com\/en\/product\/matriz-de-bordado-ursinho-gratis\/","og_site_name":"\ud835\udc1b\ud835\udc1a\ud835\udc33\ud835\udc1a\ud835\udc2b &amp; \ud835\udc1c\ud835\udc22\ud835\udc1a","article_publisher":"https:\/\/www.facebook.com\/shopbazarcia","article_modified_time":"2022-10-12T18:17:52+00:00","og_image":[{"width":800,"height":800,"url":"https:\/\/shop.bazarcia.com\/wp-content\/uploads\/2022\/10\/Design-sem-nome-30-2.png","type":"image\/png"}],"twitter_card":"summary_large_image","twitter_misc":{"Est. reading time":"1 minute"},"schema":{"@context":"https:\/\/schema.org","@graph":[{"@type":"WebPage","@id":"https:\/\/shop.bazarcia.com\/produto\/matriz-de-bordado-ursinho-gratis\/","url":"https:\/\/shop.bazarcia.com\/produto\/matriz-de-bordado-ursinho-gratis\/","name":"Matriz de Bordado - Ursinho - Gr\u00e1tis - \ud835\udc1b\ud835\udc1a\ud835\udc33\ud835\udc1a\ud835\udc2b &amp; \ud835\udc1c\ud835\udc22\ud835\udc1a","isPartOf":{"@id":"https:\/\/shop.bazarcia.com\/#website"},"primaryImageOfPage":{"@id":"https:\/\/shop.bazarcia.com\/produto\/matriz-de-bordado-ursinho-gratis\/#primaryimage"},"image":{"@id":"https:\/\/shop.bazarcia.com\/produto\/matriz-de-bordado-ursinho-gratis\/#primaryimage"},"thumbnailUrl":"https:\/\/shop.bazarcia.com\/wp-content\/uploads\/2022\/10\/Design-sem-nome-30-2.png","datePublished":"2022-10-12T18:15:53+00:00","dateModified":"2022-10-12T18:17:52+00:00","breadcrumb":{"@id":"https:\/\/shop.bazarcia.com\/produto\/matriz-de-bordado-ursinho-gratis\/#breadcrumb"},"inLanguage":"en-US","potentialAction":[{"@type":"ReadAction","target":["https:\/\/shop.bazarcia.com\/produto\/matriz-de-bordado-ursinho-gratis\/"]}]},{"@type":"ImageObject","inLanguage":"en-US","@id":"https:\/\/shop.bazarcia.com\/produto\/matriz-de-bordado-ursinho-gratis\/#primaryimage","url":"https:\/\/shop.bazarcia.com\/wp-content\/uploads\/2022\/10\/Design-sem-nome-30-2.png","contentUrl":"https:\/\/shop.bazarcia.com\/wp-content\/uploads\/2022\/10\/Design-sem-nome-30-2.png","width":800,"height":800},{"@type":"BreadcrumbList","@id":"https:\/\/shop.bazarcia.com\/produto\/matriz-de-bordado-ursinho-gratis\/#breadcrumb","itemListElement":[{"@type":"ListItem","position":1,"name":"In\u00edcio","item":"https:\/\/shop.bazarcia.com\/"},{"@type":"ListItem","position":2,"name":"Loja","item":"https:\/\/shop.bazarcia.com\/loja\/"},{"@type":"ListItem","position":3,"name":"Matriz de Bordado &#8211; Ursinho &#8211; Gr\u00e1tis"}]},{"@type":"WebSite","@id":"https:\/\/shop.bazarcia.com\/#website","url":"https:\/\/shop.bazarcia.com\/","name":"Bazar & Cia","description":"criatividade ponto a ponto","publisher":{"@id":"https:\/\/shop.bazarcia.com\/#organization"},"potentialAction":[{"@type":"SearchAction","target":{"@type":"EntryPoint","urlTemplate":"https:\/\/shop.bazarcia.com\/?s={search_term_string}"},"query-input":{"@type":"PropertyValueSpecification","valueRequired":true,"valueName":"search_term_string"}}],"inLanguage":"en-US"},{"@type":"Organization","@id":"https:\/\/shop.bazarcia.com\/#organization","name":"Bazar & Cia","url":"https:\/\/shop.bazarcia.com\/","logo":{"@type":"ImageObject","inLanguage":"en-US","@id":"https:\/\/shop.bazarcia.com\/#\/schema\/logo\/image\/","url":"https:\/\/shop.bazarcia.com\/wp-content\/uploads\/2024\/02\/cropped-logo_bazarcia.png","contentUrl":"https:\/\/shop.bazarcia.com\/wp-content\/uploads\/2024\/02\/cropped-logo_bazarcia.png","width":150,"height":150,"caption":"Bazar & Cia"},"image":{"@id":"https:\/\/shop.bazarcia.com\/#\/schema\/logo\/image\/"},"sameAs":["https:\/\/www.facebook.com\/shopbazarcia","https:\/\/www.instagram.com\/shopbazarcia","https:\/\/br.pinterest.com\/suzane_eloise\/","https:\/\/www.youtube.com\/c\/BazardoBordadoMatrizeseProjetos"]}]}},"_links":{"self":[{"href":"https:\/\/shop.bazarcia.com\/en\/wp-json\/wp\/v2\/product\/188665","targetHints":{"allow":["GET"]}}],"collection":[{"href":"https:\/\/shop.bazarcia.com\/en\/wp-json\/wp\/v2\/product"}],"about":[{"href":"https:\/\/shop.bazarcia.com\/en\/wp-json\/wp\/v2\/types\/product"}],"replies":[{"embeddable":true,"href":"https:\/\/shop.bazarcia.com\/en\/wp-json\/wp\/v2\/comments?post=188665"}],"version-history":[{"count":0,"href":"https:\/\/shop.bazarcia.com\/en\/wp-json\/wp\/v2\/product\/188665\/revisions"}],"wp:featuredmedia":[{"embeddable":true,"href":"https:\/\/shop.bazarcia.com\/en\/wp-json\/wp\/v2\/media\/188664"}],"wp:attachment":[{"href":"https:\/\/shop.bazarcia.com\/en\/wp-json\/wp\/v2\/media?parent=188665"}],"wp:term":[{"taxonomy":"product_brand","embeddable":true,"href":"https:\/\/shop.bazarcia.com\/en\/wp-json\/wp\/v2\/product_brand?post=188665"},{"taxonomy":"product_cat","embeddable":true,"href":"https:\/\/shop.bazarcia.com\/en\/wp-json\/wp\/v2\/product_cat?post=188665"},{"taxonomy":"product_tag","embeddable":true,"href":"https:\/\/shop.bazarcia.com\/en\/wp-json\/wp\/v2\/product_tag?post=188665"}],"curies":[{"name":"wp","href":"https:\/\/api.w.org\/{rel}","templated":true}]}}